{"id":16649,"date":"2016-04-02T18:53:14","date_gmt":"2016-04-02T18:53:14","guid":{"rendered":"https:\/\/keys-for-auto.eu\/product\/do-samochodow-audi-nadaje-sie-pilot-klucza-2-3-przyciski\/"},"modified":"2016-04-02T18:53:14","modified_gmt":"2016-04-02T18:53:14","slug":"dla-audi-cars-suitable-key-remote-control-2-3-buttons","status":"publish","type":"product","link":"https:\/\/keys-for-auto.eu\/pl\/product\/dla-audi-cars-suitable-key-remote-control-2-3-buttons\/","title":{"rendered":"Do samochod\u00f3w Audi nadaje si\u0119 &#8211; Pilot klucza 2\/3 przyciski"},"content":{"rendered":"<p><strong>Do samochod\u00f3w Audi nadaje si\u0119 , &#8211; system zdalnego sterowania kluczykiem (pilotem) 2\/3 przyciski<\/strong><\/p>\n<p>Programujemy klucze do wielu marek samochod\u00f3w. Odwiedzaj\u0105c nasz sklep internetowy, b\u0119dziesz m\u00f3g\u0142 nie tylko zam\u00f3wi\u0107 programowanie kluczy do swojego Audi lub innego samochodu, ale tak\u017ce wybra\u0107 klucze zdalnego sterowania lub etui na klucze samochodowe, je\u015bli Tw\u00f3j dotychczasowy jest uszkodzony, p\u0119kni\u0119ty lub z innych powod\u00f3w chcesz go wymieni\u0107 na nowy.<\/p>\n<p>Dzia\u0142amy w my\u015bl zasady, \u017ce bezpiecze\u0144stwo samochod\u00f3w naszych klient\u00f3w jest najwa\u017cniejsze i dbamy o nie szybko, sprawnie i w przyst\u0119pnej cenie. Dlatego zatrudniamy tylko do\u015bwiadczonych technik\u00f3w i programist\u00f3w, a cz\u0119\u015bci zamawiamy tylko u zaufanych dostawc\u00f3w. Powierz nam bezpiecze\u0144stwo swojego samochodu, a my Ci\u0119 nie zawiedziemy. Skontaktuj si\u0119 z nami, aby zaprogramowa\u0107 swoje klucze, kupi\u0107 etui na klucze samochodowe lub systemy zdalnego sterowania.<\/p>\n<p><strong>Opis<\/strong><\/p>\n<p>Oferujemy Pa\u0144stwu system zdalnego sterowania kluczykiem (pilotem) do samochod\u00f3w marki Audi, z 2, 3 lub 3 1 przyciskami (w zestawie przycisk Panic). Te systemy zdalnego sterowania pracuj\u0105 na cz\u0119stotliwo\u015bci 315, 433, 434 MHz.<\/p>\n<p>Programowanie kluczy samochodowych nie stoi w miejscu. Technologia jest coraz lepsza. A my nad\u0105\u017camy. Staramy si\u0119 nad\u0105\u017ca\u0107 za najnowszymi trendami w produkcji kluczy i poszerza\u0107 nasz\u0105 ofert\u0119. Nasi klienci, kt\u00f3rzy zamawiaj\u0105 system zdalnego sterowania kluczykiem Audi nie maj\u0105 problem\u00f3w z jego u\u017cytkowaniem i dzi\u0119kuj\u0105 nam za jako\u015b\u0107 naszego produktu. Pozytywne opinie to ambicja ka\u017cdego przedsi\u0119biorcy. Cel ten osi\u0105gamy poprzez uwa\u017cno\u015b\u0107, sumienno\u015b\u0107 i profesjonalizm.<\/p>\n<p>Produkcja kluczy to coraz bardziej popularny obszar us\u0142ug, a w tej dziedzinie s\u0105 w stanie przetrwa\u0107 tylko solidni producenci. Jeste\u015bmy dumni, \u017ce grono naszych klient\u00f3w stale si\u0119 powi\u0119ksza, a kierowcy, kt\u00f3rzy skorzystali z naszych us\u0142ug i produkt\u00f3w, polecaj\u0105 nas swoim przyjacio\u0142om i znajomym.<\/p>\n<p>Klucze samochodowe teraz w jednym sklepie: http:\/\/raktai-automobiliams.lt. Odwied\u017a nas, je\u015bli potrzebujesz nowego pilota do swojego Audi lub innego samochodu, chcesz zaprogramowa\u0107 swoje klucze lub wymieni\u0107 etui na klucze samochodowe. Bez wzgl\u0119du na to, czy zgubi\u0142e\u015b sw\u00f3j stary, czy te\u017c uleg\u0142 on uszkodzeniu, wymienimy go szybko i profesjonalnie.<\/p>\n","protected":false},"excerpt":{"rendered":"<p><strong>System zdalnego sterowania kluczykiem odpowiedni (pilot) do samochod\u00f3w marki Audi.<\/strong><\/p>\n<p><strong>Audi TT A3 3 przyciski 433MHz<\/strong><br \/>\n<strong>PN:4DO 837 231 D<\/strong><\/p>\n<p><strong>Audi 3 1 przyciski z funkcj\u0105 Panic 315MHz<\/strong><br \/>\n<strong>PN:4TO 837 231G<\/strong><\/p>\n<p><strong>Audi 3 1 przyciski z Panic 4DO 837 231 M<\/strong><br \/>\n<strong>315MHz<\/strong><\/p>\n<p><strong>Audi 3 przyciski 4DO 837 231 N 434MHz<\/strong><\/p>\n<p><strong>Audi 3 1 przyciski z Panic<\/strong><br \/>\n<strong>4DO 837 231 P<\/strong><\/p>\n<p><strong>Audi 2 przyciski 433MHz<\/strong><br \/>\n<strong>4DO 837 231 R<\/strong><\/p>\n<p><strong>Audi 3 przyciski 434MHz<\/strong><br \/>\n<strong>4D0 837 231 A<\/strong><\/p>\n<p><strong>Audi 3 przyciski 434MHZ<\/strong><br \/>\n<strong>4D0 837 231 K<\/strong><\/p>\n<h3><strong>Produkcja kluczy samochodowych<\/strong><\/h3>\n<ul>\n<li><strong>Produkcja nowych kluczy samochodowych, programowanie kluczy (&#8222;wi\u0105zanie&#8221; z samochodem)<\/strong><\/li>\n<li><strong>Usuwanie z pami\u0119ci samochodu wcze\u015bniej zgubionych kluczyk\u00f3w<\/strong><\/li>\n<li><strong>Produkcja klucza zap\u0142onowego wed\u0142ug zamka<\/strong><\/li>\n<li><strong>Naprawa kluczy samochodowych (wymiana przycisk\u00f3w, muszli, mechanizm\u00f3w)<\/strong><\/li>\n<li><strong>Awaryjne odblokowanie samochodu<\/strong><\/li>\n<li><strong>Wymiana kluczy, etui na klucze<\/strong><\/li>\n<li><strong>Wy\u0142\u0105czenie oprogramowania DPF \/ FAP<\/strong><\/li>\n<li><strong>Programowe usuni\u0119cie EGR<\/strong><\/li>\n<li><strong>Wy\u0142\u0105czenie oprogramowania immobilizera (immo Off)<\/strong><\/li>\n<li><strong>Jednostka steruj\u0105ca silnika (ECU) naprawa, klonowanie, programowanie<\/strong><\/li>\n<li><strong>SRS (programowanie jednostki steruj\u0105cej poduszk\u0105 powietrzn\u0105)<\/strong><\/li>\n<\/ul>\n<h4><strong>  przedmioty wysy\u0142ane w ci\u0105gu 3 dni roboczych.*<\/strong><\/h4>\n<p>&nbsp;<\/p>\n<p>&nbsp;<\/p>\n<p>&nbsp;<\/p>\n","protected":false},"featured_media":12593,"comment_status":"open","ping_status":"closed","template":"","meta":[],"product_brand":[],"product_cat":[2928,2779],"product_tag":[3115,3186],"class_list":{"0":"post-16649","1":"product","2":"type-product","3":"status-publish","4":"has-post-thumbnail","6":"product_cat-audi-pl","7":"product_cat-przyciski-zdalnego-sterowania","8":"product_tag-klucz-do-audi","9":"product_tag-pilot-do-kluczy-audi","11":"first","12":"instock","13":"shipping-taxable","14":"purchasable","15":"product-type-simple"},"yoast_head":"<!-- This site is optimized with the Yoast SEO plugin v27.3 - https:\/\/yoast.com\/product\/yoast-seo-wordpress\/ -->\n<title>Do samochod\u00f3w Audi nadaje si\u0119 - Pilot klucza 2\/3 przyciski - Keys for auto<\/title>\n<meta name=\"robots\" content=\"index, follow, max-snippet:-1, max-image-preview:large, max-video-preview:-1\" \/>\n<link rel=\"canonical\" href=\"https:\/\/keys-for-auto.eu\/pl\/product\/dla-audi-cars-suitable-key-remote-control-2-3-buttons\/\" \/>\n<meta property=\"og:locale\" content=\"pl_PL\" \/>\n<meta property=\"og:type\" content=\"article\" \/>\n<meta property=\"og:title\" content=\"Do samochod\u00f3w Audi nadaje si\u0119 - Pilot klucza 2\/3 przyciski - Keys for auto\" \/>\n<meta property=\"og:description\" content=\"System zdalnego sterowania kluczykiem odpowiedni (pilot) do samochod\u00f3w marki Audi. Audi TT A3 3 przyciski 433MHz PN:4DO 837 231 D Audi 3 1 przyciski z funkcj\u0105 Panic 315MHz PN:4TO 837 231G Audi 3 1 przyciski z Panic 4DO 837 231 M 315MHz Audi 3 przyciski 4DO 837 231 N 434MHz Audi 3 1 przyciski z Panic 4DO 837 231 P Audi 2 przyciski 433MHz 4DO 837 231 R Audi 3 przyciski 434MHz 4D0 837 231 A Audi 3 przyciski 434MHZ 4D0 837 231 K Produkcja kluczy samochodowych  Produkcja nowych kluczy samochodowych, programowanie kluczy (&quot;wi\u0105zanie&quot; z samochodem)  Usuwanie z pami\u0119ci samochodu wcze\u015bniej zgubionych kluczyk\u00f3w  Produkcja klucza zap\u0142onowego wed\u0142ug zamka  Naprawa kluczy samochodowych (wymiana przycisk\u00f3w, muszli, mechanizm\u00f3w)  Awaryjne odblokowanie samochodu  Wymiana kluczy, etui na klucze  Wy\u0142\u0105czenie oprogramowania DPF \/ FAP  Programowe usuni\u0119cie EGR  Wy\u0142\u0105czenie oprogramowania immobilizera (immo Off)  Jednostka steruj\u0105ca silnika (ECU) naprawa, klonowanie, programowanie  SRS (programowanie jednostki steruj\u0105cej poduszk\u0105 powietrzn\u0105)  przedmioty wysy\u0142ane w ci\u0105gu 3 dni roboczych.* &nbsp; &nbsp; &nbsp;\" \/>\n<meta property=\"og:url\" content=\"https:\/\/keys-for-auto.eu\/pl\/product\/dla-audi-cars-suitable-key-remote-control-2-3-buttons\/\" \/>\n<meta property=\"og:site_name\" content=\"Keys for auto\" \/>\n<meta property=\"article:publisher\" content=\"https:\/\/www.facebook.com\/KeysForAutoEU\" \/>\n<meta property=\"og:image\" content=\"https:\/\/keys-for-auto.eu\/wp-content\/uploads\/2022\/12\/Audi-pultelis-500x5001-removebg-preview.png\" \/>\n\t<meta property=\"og:image:width\" content=\"500\" \/>\n\t<meta property=\"og:image:height\" content=\"500\" \/>\n\t<meta property=\"og:image:type\" content=\"image\/png\" \/>\n<meta name=\"twitter:card\" content=\"summary_large_image\" \/>\n<meta name=\"twitter:label1\" content=\"Szacowany czas czytania\" \/>\n\t<meta name=\"twitter:data1\" content=\"2 minuty\" \/>\n<script type=\"application\/ld+json\" class=\"yoast-schema-graph\">{\"@context\":\"https:\\\/\\\/schema.org\",\"@graph\":[{\"@type\":[\"WebPage\",\"ItemPage\"],\"@id\":\"https:\\\/\\\/keys-for-auto.eu\\\/pl\\\/product\\\/dla-audi-cars-suitable-key-remote-control-2-3-buttons\\\/\",\"url\":\"https:\\\/\\\/keys-for-auto.eu\\\/pl\\\/product\\\/dla-audi-cars-suitable-key-remote-control-2-3-buttons\\\/\",\"name\":\"Do samochod\u00f3w Audi nadaje si\u0119 - Pilot klucza 2\\\/3 przyciski - Keys for auto\",\"isPartOf\":{\"@id\":\"https:\\\/\\\/keys-for-auto.eu\\\/pl\\\/#website\"},\"primaryImageOfPage\":{\"@id\":\"https:\\\/\\\/keys-for-auto.eu\\\/pl\\\/product\\\/dla-audi-cars-suitable-key-remote-control-2-3-buttons\\\/#primaryimage\"},\"image\":{\"@id\":\"https:\\\/\\\/keys-for-auto.eu\\\/pl\\\/product\\\/dla-audi-cars-suitable-key-remote-control-2-3-buttons\\\/#primaryimage\"},\"thumbnailUrl\":\"https:\\\/\\\/keys-for-auto.eu\\\/wp-content\\\/uploads\\\/2022\\\/12\\\/Audi-pultelis-500x5001-removebg-preview.png\",\"datePublished\":\"2016-04-02T18:53:14+00:00\",\"breadcrumb\":{\"@id\":\"https:\\\/\\\/keys-for-auto.eu\\\/pl\\\/product\\\/dla-audi-cars-suitable-key-remote-control-2-3-buttons\\\/#breadcrumb\"},\"inLanguage\":\"pl-PL\",\"potentialAction\":[{\"@type\":\"ReadAction\",\"target\":[\"https:\\\/\\\/keys-for-auto.eu\\\/pl\\\/product\\\/dla-audi-cars-suitable-key-remote-control-2-3-buttons\\\/\"]}]},{\"@type\":\"ImageObject\",\"inLanguage\":\"pl-PL\",\"@id\":\"https:\\\/\\\/keys-for-auto.eu\\\/pl\\\/product\\\/dla-audi-cars-suitable-key-remote-control-2-3-buttons\\\/#primaryimage\",\"url\":\"https:\\\/\\\/keys-for-auto.eu\\\/wp-content\\\/uploads\\\/2022\\\/12\\\/Audi-pultelis-500x5001-removebg-preview.png\",\"contentUrl\":\"https:\\\/\\\/keys-for-auto.eu\\\/wp-content\\\/uploads\\\/2022\\\/12\\\/Audi-pultelis-500x5001-removebg-preview.png\",\"width\":500,\"height\":500},{\"@type\":\"BreadcrumbList\",\"@id\":\"https:\\\/\\\/keys-for-auto.eu\\\/pl\\\/product\\\/dla-audi-cars-suitable-key-remote-control-2-3-buttons\\\/#breadcrumb\",\"itemListElement\":[{\"@type\":\"ListItem\",\"position\":1,\"name\":\"Strona g\u0142\u00f3wna\",\"item\":\"https:\\\/\\\/keys-for-auto.eu\\\/pl\\\/\"},{\"@type\":\"ListItem\",\"position\":2,\"name\":\"Shop\",\"item\":\"https:\\\/\\\/keys-for-auto.eu\\\/\"},{\"@type\":\"ListItem\",\"position\":3,\"name\":\"Do samochod\u00f3w Audi nadaje si\u0119 &#8211; Pilot klucza 2\\\/3 przyciski\"}]},{\"@type\":\"WebSite\",\"@id\":\"https:\\\/\\\/keys-for-auto.eu\\\/pl\\\/#website\",\"url\":\"https:\\\/\\\/keys-for-auto.eu\\\/pl\\\/\",\"name\":\"Keys for auto\",\"description\":\"Car keys,  key shells, key programming\",\"publisher\":{\"@id\":\"https:\\\/\\\/keys-for-auto.eu\\\/pl\\\/#organization\"},\"potentialAction\":[{\"@type\":\"SearchAction\",\"target\":{\"@type\":\"EntryPoint\",\"urlTemplate\":\"https:\\\/\\\/keys-for-auto.eu\\\/pl\\\/?s={search_term_string}\"},\"query-input\":{\"@type\":\"PropertyValueSpecification\",\"valueRequired\":true,\"valueName\":\"search_term_string\"}}],\"inLanguage\":\"pl-PL\"},{\"@type\":\"Organization\",\"@id\":\"https:\\\/\\\/keys-for-auto.eu\\\/pl\\\/#organization\",\"name\":\"Klucze do samochodu\",\"url\":\"https:\\\/\\\/keys-for-auto.eu\\\/pl\\\/\",\"logo\":{\"@type\":\"ImageObject\",\"inLanguage\":\"pl-PL\",\"@id\":\"https:\\\/\\\/keys-for-auto.eu\\\/pl\\\/#\\\/schema\\\/logo\\\/image\\\/\",\"url\":\"https:\\\/\\\/keys-for-auto.eu\\\/wp-content\\\/uploads\\\/2022\\\/11\\\/cropped-png1.png\",\"contentUrl\":\"https:\\\/\\\/keys-for-auto.eu\\\/wp-content\\\/uploads\\\/2022\\\/11\\\/cropped-png1.png\",\"width\":1000,\"height\":342,\"caption\":\"Klucze do samochodu\"},\"image\":{\"@id\":\"https:\\\/\\\/keys-for-auto.eu\\\/pl\\\/#\\\/schema\\\/logo\\\/image\\\/\"},\"sameAs\":[\"https:\\\/\\\/www.facebook.com\\\/KeysForAutoEU\"]}]}<\/script>\n<!-- \/ Yoast SEO plugin. -->","yoast_head_json":{"title":"Do samochod\u00f3w Audi nadaje si\u0119 - Pilot klucza 2\/3 przyciski - Keys for auto","robots":{"index":"index","follow":"follow","max-snippet":"max-snippet:-1","max-image-preview":"max-image-preview:large","max-video-preview":"max-video-preview:-1"},"canonical":"https:\/\/keys-for-auto.eu\/pl\/product\/dla-audi-cars-suitable-key-remote-control-2-3-buttons\/","og_locale":"pl_PL","og_type":"article","og_title":"Do samochod\u00f3w Audi nadaje si\u0119 - Pilot klucza 2\/3 przyciski - Keys for auto","og_description":"System zdalnego sterowania kluczykiem odpowiedni (pilot) do samochod\u00f3w marki Audi. Audi TT A3 3 przyciski 433MHz PN:4DO 837 231 D Audi 3 1 przyciski z funkcj\u0105 Panic 315MHz PN:4TO 837 231G Audi 3 1 przyciski z Panic 4DO 837 231 M 315MHz Audi 3 przyciski 4DO 837 231 N 434MHz Audi 3 1 przyciski z Panic 4DO 837 231 P Audi 2 przyciski 433MHz 4DO 837 231 R Audi 3 przyciski 434MHz 4D0 837 231 A Audi 3 przyciski 434MHZ 4D0 837 231 K Produkcja kluczy samochodowych  Produkcja nowych kluczy samochodowych, programowanie kluczy (\"wi\u0105zanie\" z samochodem)  Usuwanie z pami\u0119ci samochodu wcze\u015bniej zgubionych kluczyk\u00f3w  Produkcja klucza zap\u0142onowego wed\u0142ug zamka  Naprawa kluczy samochodowych (wymiana przycisk\u00f3w, muszli, mechanizm\u00f3w)  Awaryjne odblokowanie samochodu  Wymiana kluczy, etui na klucze  Wy\u0142\u0105czenie oprogramowania DPF \/ FAP  Programowe usuni\u0119cie EGR  Wy\u0142\u0105czenie oprogramowania immobilizera (immo Off)  Jednostka steruj\u0105ca silnika (ECU) naprawa, klonowanie, programowanie  SRS (programowanie jednostki steruj\u0105cej poduszk\u0105 powietrzn\u0105)  przedmioty wysy\u0142ane w ci\u0105gu 3 dni roboczych.* &nbsp; &nbsp; &nbsp;","og_url":"https:\/\/keys-for-auto.eu\/pl\/product\/dla-audi-cars-suitable-key-remote-control-2-3-buttons\/","og_site_name":"Keys for auto","article_publisher":"https:\/\/www.facebook.com\/KeysForAutoEU","og_image":[{"width":500,"height":500,"url":"https:\/\/keys-for-auto.eu\/wp-content\/uploads\/2022\/12\/Audi-pultelis-500x5001-removebg-preview.png","type":"image\/png"}],"twitter_card":"summary_large_image","twitter_misc":{"Szacowany czas czytania":"2 minuty"},"schema":{"@context":"https:\/\/schema.org","@graph":[{"@type":["WebPage","ItemPage"],"@id":"https:\/\/keys-for-auto.eu\/pl\/product\/dla-audi-cars-suitable-key-remote-control-2-3-buttons\/","url":"https:\/\/keys-for-auto.eu\/pl\/product\/dla-audi-cars-suitable-key-remote-control-2-3-buttons\/","name":"Do samochod\u00f3w Audi nadaje si\u0119 - Pilot klucza 2\/3 przyciski - Keys for auto","isPartOf":{"@id":"https:\/\/keys-for-auto.eu\/pl\/#website"},"primaryImageOfPage":{"@id":"https:\/\/keys-for-auto.eu\/pl\/product\/dla-audi-cars-suitable-key-remote-control-2-3-buttons\/#primaryimage"},"image":{"@id":"https:\/\/keys-for-auto.eu\/pl\/product\/dla-audi-cars-suitable-key-remote-control-2-3-buttons\/#primaryimage"},"thumbnailUrl":"https:\/\/keys-for-auto.eu\/wp-content\/uploads\/2022\/12\/Audi-pultelis-500x5001-removebg-preview.png","datePublished":"2016-04-02T18:53:14+00:00","breadcrumb":{"@id":"https:\/\/keys-for-auto.eu\/pl\/product\/dla-audi-cars-suitable-key-remote-control-2-3-buttons\/#breadcrumb"},"inLanguage":"pl-PL","potentialAction":[{"@type":"ReadAction","target":["https:\/\/keys-for-auto.eu\/pl\/product\/dla-audi-cars-suitable-key-remote-control-2-3-buttons\/"]}]},{"@type":"ImageObject","inLanguage":"pl-PL","@id":"https:\/\/keys-for-auto.eu\/pl\/product\/dla-audi-cars-suitable-key-remote-control-2-3-buttons\/#primaryimage","url":"https:\/\/keys-for-auto.eu\/wp-content\/uploads\/2022\/12\/Audi-pultelis-500x5001-removebg-preview.png","contentUrl":"https:\/\/keys-for-auto.eu\/wp-content\/uploads\/2022\/12\/Audi-pultelis-500x5001-removebg-preview.png","width":500,"height":500},{"@type":"BreadcrumbList","@id":"https:\/\/keys-for-auto.eu\/pl\/product\/dla-audi-cars-suitable-key-remote-control-2-3-buttons\/#breadcrumb","itemListElement":[{"@type":"ListItem","position":1,"name":"Strona g\u0142\u00f3wna","item":"https:\/\/keys-for-auto.eu\/pl\/"},{"@type":"ListItem","position":2,"name":"Shop","item":"https:\/\/keys-for-auto.eu\/"},{"@type":"ListItem","position":3,"name":"Do samochod\u00f3w Audi nadaje si\u0119 &#8211; Pilot klucza 2\/3 przyciski"}]},{"@type":"WebSite","@id":"https:\/\/keys-for-auto.eu\/pl\/#website","url":"https:\/\/keys-for-auto.eu\/pl\/","name":"Keys for auto","description":"Car keys,  key shells, key programming","publisher":{"@id":"https:\/\/keys-for-auto.eu\/pl\/#organization"},"potentialAction":[{"@type":"SearchAction","target":{"@type":"EntryPoint","urlTemplate":"https:\/\/keys-for-auto.eu\/pl\/?s={search_term_string}"},"query-input":{"@type":"PropertyValueSpecification","valueRequired":true,"valueName":"search_term_string"}}],"inLanguage":"pl-PL"},{"@type":"Organization","@id":"https:\/\/keys-for-auto.eu\/pl\/#organization","name":"Klucze do samochodu","url":"https:\/\/keys-for-auto.eu\/pl\/","logo":{"@type":"ImageObject","inLanguage":"pl-PL","@id":"https:\/\/keys-for-auto.eu\/pl\/#\/schema\/logo\/image\/","url":"https:\/\/keys-for-auto.eu\/wp-content\/uploads\/2022\/11\/cropped-png1.png","contentUrl":"https:\/\/keys-for-auto.eu\/wp-content\/uploads\/2022\/11\/cropped-png1.png","width":1000,"height":342,"caption":"Klucze do samochodu"},"image":{"@id":"https:\/\/keys-for-auto.eu\/pl\/#\/schema\/logo\/image\/"},"sameAs":["https:\/\/www.facebook.com\/KeysForAutoEU"]}]}},"_links":{"self":[{"href":"https:\/\/keys-for-auto.eu\/pl\/wp-json\/wp\/v2\/product\/16649","targetHints":{"allow":["GET"]}}],"collection":[{"href":"https:\/\/keys-for-auto.eu\/pl\/wp-json\/wp\/v2\/product"}],"about":[{"href":"https:\/\/keys-for-auto.eu\/pl\/wp-json\/wp\/v2\/types\/product"}],"replies":[{"embeddable":true,"href":"https:\/\/keys-for-auto.eu\/pl\/wp-json\/wp\/v2\/comments?post=16649"}],"wp:featuredmedia":[{"embeddable":true,"href":"https:\/\/keys-for-auto.eu\/pl\/wp-json\/wp\/v2\/media\/12593"}],"wp:attachment":[{"href":"https:\/\/keys-for-auto.eu\/pl\/wp-json\/wp\/v2\/media?parent=16649"}],"wp:term":[{"taxonomy":"product_brand","embeddable":true,"href":"https:\/\/keys-for-auto.eu\/pl\/wp-json\/wp\/v2\/product_brand?post=16649"},{"taxonomy":"product_cat","embeddable":true,"href":"https:\/\/keys-for-auto.eu\/pl\/wp-json\/wp\/v2\/product_cat?post=16649"},{"taxonomy":"product_tag","embeddable":true,"href":"https:\/\/keys-for-auto.eu\/pl\/wp-json\/wp\/v2\/product_tag?post=16649"}],"curies":[{"name":"wp","href":"https:\/\/api.w.org\/{rel}","templated":true}]}}