{"id":16647,"date":"2016-04-02T20:03:28","date_gmt":"2016-04-02T20:03:28","guid":{"rendered":"https:\/\/keys-for-auto.eu\/product\/inteligentny-klucz-z-pilotem-pasuje-do-bmw-3-5-7-klasa\/"},"modified":"2016-04-02T20:03:28","modified_gmt":"2016-04-02T20:03:28","slug":"smart-key-with-remote-control-suitable-for-bmw-3-5-7-class","status":"publish","type":"product","link":"https:\/\/keys-for-auto.eu\/pl\/product\/smart-key-with-remote-control-suitable-for-bmw-3-5-7-class\/","title":{"rendered":"Inteligentny klucz z pilotem &#8211; pasuje do BMW (3 | 5 | 7 klasa)"},"content":{"rendered":"<h2>Inteligentny klucz z pilotem &#8211; pasuje do BMW (3 | 5 | 7 klasa)<\/h2>\n<p>Inteligentny kluczyk z pilotem i transponderem (system CAS) &#8211; do BMW (klasa 3 | 5 | 7). System CAS ma za zadanie chroni\u0107 pojazdy BMW przed najechaniem. Wyr\u00f3\u017cnia go obecno\u015b\u0107 transpondera w ka\u017cdym kluczu samochodowym. Na zamku zap\u0142onowym umieszczona jest cewka toroidalna. Transponder jest zasilany przez t\u0119 cewk\u0119. Nie ma wi\u0119c ju\u017c potrzeby umieszczania w kluczu ogniwa energetycznego. Mi\u0119dzy cewk\u0105 toroidaln\u0105 w zamku zap\u0142onowym a transponderem nast\u0119puje wymiana informacji i pr\u0105du. W ten spos\u00f3b maszyna zostanie uruchomiona.<\/p>\n<h2>Programowanie przycisk\u00f3w<\/h2>\n<p>Programujemy klucze nie tylko do BMW, ale tak\u017ce do innych marek i modeli. Skontaktuj si\u0119 z nami, aby uzyska\u0107 pe\u0142n\u0105 gam\u0119 us\u0142ug i produkt\u00f3w &#8211; programowanie kluczy, klucze zdalne i etui na klucze do samochod\u00f3w. Wierzymy, \u017ce to nie cel podr\u00f3\u017cy daje nam rado\u015b\u0107 w drodze, ale sama podr\u00f3\u017c. \u017byczymy Wam tylko dobrych dr\u00f3g i najlepszych do\u015bwiadcze\u0144 podr\u00f3\u017cniczych! A \u017caden wyjazd nie zostanie uznany za udany, je\u015bli Tw\u00f3j samoch\u00f3d nie b\u0119dzie wystarczaj\u0105co zabezpieczony. B\u0119dziesz musia\u0142 stale martwi\u0107 si\u0119 o jego bezpiecze\u0144stwo, co mo\u017ce st\u0142umi\u0107 rado\u015b\u0107 z podr\u00f3\u017cy, dlatego proponujemy zadba\u0107 o bezpiecze\u0144stwo Twojego BMW poprzez zakup kluczyka BMW z pilotem i transponderem (system CAS). System ten jest niezawodny i ceniony przez kierowc\u00f3w BMW. Korzystaj te\u017c z jego dobrodziejstw! Programujemy klucze. Programowanie kluczy samochodowych to precyzyjna i profesjonalna dziedzina, dlatego stale podnosimy kwalifikacje naszych pracownik\u00f3w i wyposa\u017camy si\u0119 w najnowsze technologie produkcji i programowania kluczy.<\/p>\n<h2>Produkcja kluczowa<\/h2>\n<p>Produkcja kluczy to obszar specjalizacji, w kt\u00f3rym czujemy si\u0119 pewnie, zapewniaj\u0105c naszym klientom wysok\u0105 jako\u015b\u0107 i mi\u0142\u0105 obs\u0142ug\u0119. Klucze do wszystkich marek i modeli &#8211; dla Twoich udanych podr\u00f3\u017cy i niezapomnianych wspomnie\u0144, bez obaw o bezpiecze\u0144stwo Twojego BMW.<\/p>\n","protected":false},"excerpt":{"rendered":"<p>Inteligentny kluczyk z pilotem i transponderem (system CAS) do samochod\u00f3w BMW. Odpowiednie dla:<\/p>\n<p><strong>1 Seria<\/strong><br \/>\n<strong>Seria 3 (2005 &#8211; 2011)<\/strong><br \/>\n<strong>Seria 5 (2003 &#8211; 2010)<\/strong><br \/>\n<strong>Seria 6 (2004 &#8211; 2010)<\/strong><br \/>\n<strong>X5 (2006 &#8211; 2010)<\/strong><\/p>\n<p><em><strong>Programowanie produkcji kluczy BMW Przy zam\u00f3wieniu prosz\u0119 poda\u0107 samoch\u00f3d europejski lub ameryka\u0144ski.<\/strong><\/em><\/p>\n<h3><strong>Produkcja kluczy samochodowych<\/strong><\/h3>\n<ul>\n<li><strong>Produkcja nowych kluczy samochodowych, programowanie kluczy (&#8222;wi\u0105zanie&#8221; z samochodem)<\/strong><\/li>\n<li><strong>Usuwanie z pami\u0119ci samochodu wcze\u015bniej zgubionych kluczyk\u00f3w<\/strong><\/li>\n<li><strong>Produkcja klucza zap\u0142onowego wed\u0142ug zamka<\/strong><\/li>\n<li><strong>Naprawa kluczy samochodowych (wymiana przycisk\u00f3w, muszli, mechanizm\u00f3w)<\/strong><\/li>\n<li><strong>Awaryjne odblokowanie samochodu<\/strong><\/li>\n<li><strong>Wymiana kluczy, etui na klucze<\/strong><\/li>\n<li><strong>Wy\u0142\u0105czenie oprogramowania DPF \/ FAP<\/strong><\/li>\n<li><strong>Programowe usuni\u0119cie EGR<\/strong><\/li>\n<li><strong>Wy\u0142\u0105czenie oprogramowania immobilizera (immo Off)<\/strong><\/li>\n<li><strong>Jednostka steruj\u0105ca silnika (ECU) naprawa, klonowanie, programowanie<\/strong><\/li>\n<li><strong>SRS (programowanie jednostki steruj\u0105cej poduszk\u0105 powietrzn\u0105)<\/strong><\/li>\n<\/ul>\n<h4><strong>  przedmioty wysy\u0142ane w ci\u0105gu 3 dni roboczych.*<\/strong><\/h4>\n<p>&nbsp;<\/p>\n","protected":false},"featured_media":12738,"comment_status":"open","ping_status":"closed","template":"","meta":[],"product_brand":[],"product_cat":[2783,2779],"product_tag":[3180,3183,3185,3110],"class_list":{"0":"post-16647","1":"product","2":"type-product","3":"status-publish","4":"has-post-thumbnail","6":"product_cat-bmw-pl","7":"product_cat-przyciski-zdalnego-sterowania","8":"product_tag-bmw-3-kluczyk","9":"product_tag-bmw-5-kluczyk","10":"product_tag-bmw-7-kluczyk","11":"product_tag-klucz-bmw","13":"first","14":"instock","15":"shipping-taxable","16":"purchasable","17":"product-type-simple"},"yoast_head":"<!-- This site is optimized with the Yoast SEO plugin v27.3 - https:\/\/yoast.com\/product\/yoast-seo-wordpress\/ -->\n<title>Inteligentny klucz z pilotem - pasuje do BMW (3 | 5 | 7 klasa) - Keys for auto<\/title>\n<meta name=\"robots\" content=\"index, follow, max-snippet:-1, max-image-preview:large, max-video-preview:-1\" \/>\n<link rel=\"canonical\" href=\"https:\/\/keys-for-auto.eu\/pl\/product\/smart-key-with-remote-control-suitable-for-bmw-3-5-7-class\/\" \/>\n<meta property=\"og:locale\" content=\"pl_PL\" \/>\n<meta property=\"og:type\" content=\"article\" \/>\n<meta property=\"og:title\" content=\"Inteligentny klucz z pilotem - pasuje do BMW (3 | 5 | 7 klasa) - Keys for auto\" \/>\n<meta property=\"og:description\" content=\"Inteligentny kluczyk z pilotem i transponderem (system CAS) do samochod\u00f3w BMW. Odpowiednie dla: 1 Seria Seria 3 (2005 - 2011) Seria 5 (2003 - 2010) Seria 6 (2004 - 2010) X5 (2006 - 2010) Programowanie produkcji kluczy BMW Przy zam\u00f3wieniu prosz\u0119 poda\u0107 samoch\u00f3d europejski lub ameryka\u0144ski. Produkcja kluczy samochodowych  Produkcja nowych kluczy samochodowych, programowanie kluczy (&quot;wi\u0105zanie&quot; z samochodem)  Usuwanie z pami\u0119ci samochodu wcze\u015bniej zgubionych kluczyk\u00f3w  Produkcja klucza zap\u0142onowego wed\u0142ug zamka  Naprawa kluczy samochodowych (wymiana przycisk\u00f3w, muszli, mechanizm\u00f3w)  Awaryjne odblokowanie samochodu  Wymiana kluczy, etui na klucze  Wy\u0142\u0105czenie oprogramowania DPF \/ FAP  Programowe usuni\u0119cie EGR  Wy\u0142\u0105czenie oprogramowania immobilizera (immo Off)  Jednostka steruj\u0105ca silnika (ECU) naprawa, klonowanie, programowanie  SRS (programowanie jednostki steruj\u0105cej poduszk\u0105 powietrzn\u0105)  przedmioty wysy\u0142ane w ci\u0105gu 3 dni roboczych.* &nbsp;\" \/>\n<meta property=\"og:url\" content=\"https:\/\/keys-for-auto.eu\/pl\/product\/smart-key-with-remote-control-suitable-for-bmw-3-5-7-class\/\" \/>\n<meta property=\"og:site_name\" content=\"Keys for auto\" \/>\n<meta property=\"article:publisher\" content=\"https:\/\/www.facebook.com\/KeysForAutoEU\" \/>\n<meta property=\"og:image\" content=\"https:\/\/i0.wp.com\/keys-for-auto.eu\/wp-content\/uploads\/2022\/12\/BMW-smart-raktas-su-nuotolinio-valdymo-mechanizmu-500x5001-wpp1665131656618-removebg-preview.png?fit=500%2C500&ssl=1\" \/>\n\t<meta property=\"og:image:width\" content=\"500\" \/>\n\t<meta property=\"og:image:height\" content=\"500\" \/>\n\t<meta property=\"og:image:type\" content=\"image\/png\" \/>\n<meta name=\"twitter:card\" content=\"summary_large_image\" \/>\n<meta name=\"twitter:label1\" content=\"Szacowany czas czytania\" \/>\n\t<meta name=\"twitter:data1\" content=\"2 minuty\" \/>\n<script type=\"application\/ld+json\" class=\"yoast-schema-graph\">{\"@context\":\"https:\\\/\\\/schema.org\",\"@graph\":[{\"@type\":[\"WebPage\",\"ItemPage\"],\"@id\":\"https:\\\/\\\/keys-for-auto.eu\\\/pl\\\/product\\\/smart-key-with-remote-control-suitable-for-bmw-3-5-7-class\\\/\",\"url\":\"https:\\\/\\\/keys-for-auto.eu\\\/pl\\\/product\\\/smart-key-with-remote-control-suitable-for-bmw-3-5-7-class\\\/\",\"name\":\"Inteligentny klucz z pilotem - pasuje do BMW (3 | 5 | 7 klasa) - Keys for auto\",\"isPartOf\":{\"@id\":\"https:\\\/\\\/keys-for-auto.eu\\\/pl\\\/#website\"},\"primaryImageOfPage\":{\"@id\":\"https:\\\/\\\/keys-for-auto.eu\\\/pl\\\/product\\\/smart-key-with-remote-control-suitable-for-bmw-3-5-7-class\\\/#primaryimage\"},\"image\":{\"@id\":\"https:\\\/\\\/keys-for-auto.eu\\\/pl\\\/product\\\/smart-key-with-remote-control-suitable-for-bmw-3-5-7-class\\\/#primaryimage\"},\"thumbnailUrl\":\"https:\\\/\\\/keys-for-auto.eu\\\/wp-content\\\/uploads\\\/2022\\\/12\\\/BMW-smart-raktas-su-nuotolinio-valdymo-mechanizmu-500x5001-wpp1665131656618-removebg-preview.png\",\"datePublished\":\"2016-04-02T20:03:28+00:00\",\"breadcrumb\":{\"@id\":\"https:\\\/\\\/keys-for-auto.eu\\\/pl\\\/product\\\/smart-key-with-remote-control-suitable-for-bmw-3-5-7-class\\\/#breadcrumb\"},\"inLanguage\":\"pl-PL\",\"potentialAction\":[{\"@type\":\"ReadAction\",\"target\":[\"https:\\\/\\\/keys-for-auto.eu\\\/pl\\\/product\\\/smart-key-with-remote-control-suitable-for-bmw-3-5-7-class\\\/\"]}]},{\"@type\":\"ImageObject\",\"inLanguage\":\"pl-PL\",\"@id\":\"https:\\\/\\\/keys-for-auto.eu\\\/pl\\\/product\\\/smart-key-with-remote-control-suitable-for-bmw-3-5-7-class\\\/#primaryimage\",\"url\":\"https:\\\/\\\/keys-for-auto.eu\\\/wp-content\\\/uploads\\\/2022\\\/12\\\/BMW-smart-raktas-su-nuotolinio-valdymo-mechanizmu-500x5001-wpp1665131656618-removebg-preview.png\",\"contentUrl\":\"https:\\\/\\\/keys-for-auto.eu\\\/wp-content\\\/uploads\\\/2022\\\/12\\\/BMW-smart-raktas-su-nuotolinio-valdymo-mechanizmu-500x5001-wpp1665131656618-removebg-preview.png\",\"width\":500,\"height\":500},{\"@type\":\"BreadcrumbList\",\"@id\":\"https:\\\/\\\/keys-for-auto.eu\\\/pl\\\/product\\\/smart-key-with-remote-control-suitable-for-bmw-3-5-7-class\\\/#breadcrumb\",\"itemListElement\":[{\"@type\":\"ListItem\",\"position\":1,\"name\":\"Strona g\u0142\u00f3wna\",\"item\":\"https:\\\/\\\/keys-for-auto.eu\\\/pl\\\/\"},{\"@type\":\"ListItem\",\"position\":2,\"name\":\"Shop\",\"item\":\"https:\\\/\\\/keys-for-auto.eu\\\/\"},{\"@type\":\"ListItem\",\"position\":3,\"name\":\"Inteligentny klucz z pilotem &#8211; pasuje do BMW (3 | 5 | 7 klasa)\"}]},{\"@type\":\"WebSite\",\"@id\":\"https:\\\/\\\/keys-for-auto.eu\\\/pl\\\/#website\",\"url\":\"https:\\\/\\\/keys-for-auto.eu\\\/pl\\\/\",\"name\":\"Keys for auto\",\"description\":\"Car keys,  key shells, key programming\",\"publisher\":{\"@id\":\"https:\\\/\\\/keys-for-auto.eu\\\/pl\\\/#organization\"},\"potentialAction\":[{\"@type\":\"SearchAction\",\"target\":{\"@type\":\"EntryPoint\",\"urlTemplate\":\"https:\\\/\\\/keys-for-auto.eu\\\/pl\\\/?s={search_term_string}\"},\"query-input\":{\"@type\":\"PropertyValueSpecification\",\"valueRequired\":true,\"valueName\":\"search_term_string\"}}],\"inLanguage\":\"pl-PL\"},{\"@type\":\"Organization\",\"@id\":\"https:\\\/\\\/keys-for-auto.eu\\\/pl\\\/#organization\",\"name\":\"Klucze do samochodu\",\"url\":\"https:\\\/\\\/keys-for-auto.eu\\\/pl\\\/\",\"logo\":{\"@type\":\"ImageObject\",\"inLanguage\":\"pl-PL\",\"@id\":\"https:\\\/\\\/keys-for-auto.eu\\\/pl\\\/#\\\/schema\\\/logo\\\/image\\\/\",\"url\":\"https:\\\/\\\/keys-for-auto.eu\\\/wp-content\\\/uploads\\\/2022\\\/11\\\/cropped-png1.png\",\"contentUrl\":\"https:\\\/\\\/keys-for-auto.eu\\\/wp-content\\\/uploads\\\/2022\\\/11\\\/cropped-png1.png\",\"width\":1000,\"height\":342,\"caption\":\"Klucze do samochodu\"},\"image\":{\"@id\":\"https:\\\/\\\/keys-for-auto.eu\\\/pl\\\/#\\\/schema\\\/logo\\\/image\\\/\"},\"sameAs\":[\"https:\\\/\\\/www.facebook.com\\\/KeysForAutoEU\"]}]}<\/script>\n<!-- \/ Yoast SEO plugin. -->","yoast_head_json":{"title":"Inteligentny klucz z pilotem - pasuje do BMW (3 | 5 | 7 klasa) - Keys for auto","robots":{"index":"index","follow":"follow","max-snippet":"max-snippet:-1","max-image-preview":"max-image-preview:large","max-video-preview":"max-video-preview:-1"},"canonical":"https:\/\/keys-for-auto.eu\/pl\/product\/smart-key-with-remote-control-suitable-for-bmw-3-5-7-class\/","og_locale":"pl_PL","og_type":"article","og_title":"Inteligentny klucz z pilotem - pasuje do BMW (3 | 5 | 7 klasa) - Keys for auto","og_description":"Inteligentny kluczyk z pilotem i transponderem (system CAS) do samochod\u00f3w BMW. Odpowiednie dla: 1 Seria Seria 3 (2005 - 2011) Seria 5 (2003 - 2010) Seria 6 (2004 - 2010) X5 (2006 - 2010) Programowanie produkcji kluczy BMW Przy zam\u00f3wieniu prosz\u0119 poda\u0107 samoch\u00f3d europejski lub ameryka\u0144ski. Produkcja kluczy samochodowych  Produkcja nowych kluczy samochodowych, programowanie kluczy (\"wi\u0105zanie\" z samochodem)  Usuwanie z pami\u0119ci samochodu wcze\u015bniej zgubionych kluczyk\u00f3w  Produkcja klucza zap\u0142onowego wed\u0142ug zamka  Naprawa kluczy samochodowych (wymiana przycisk\u00f3w, muszli, mechanizm\u00f3w)  Awaryjne odblokowanie samochodu  Wymiana kluczy, etui na klucze  Wy\u0142\u0105czenie oprogramowania DPF \/ FAP  Programowe usuni\u0119cie EGR  Wy\u0142\u0105czenie oprogramowania immobilizera (immo Off)  Jednostka steruj\u0105ca silnika (ECU) naprawa, klonowanie, programowanie  SRS (programowanie jednostki steruj\u0105cej poduszk\u0105 powietrzn\u0105)  przedmioty wysy\u0142ane w ci\u0105gu 3 dni roboczych.* &nbsp;","og_url":"https:\/\/keys-for-auto.eu\/pl\/product\/smart-key-with-remote-control-suitable-for-bmw-3-5-7-class\/","og_site_name":"Keys for auto","article_publisher":"https:\/\/www.facebook.com\/KeysForAutoEU","og_image":[{"width":500,"height":500,"url":"https:\/\/i0.wp.com\/keys-for-auto.eu\/wp-content\/uploads\/2022\/12\/BMW-smart-raktas-su-nuotolinio-valdymo-mechanizmu-500x5001-wpp1665131656618-removebg-preview.png?fit=500%2C500&ssl=1","type":"image\/png"}],"twitter_card":"summary_large_image","twitter_misc":{"Szacowany czas czytania":"2 minuty"},"schema":{"@context":"https:\/\/schema.org","@graph":[{"@type":["WebPage","ItemPage"],"@id":"https:\/\/keys-for-auto.eu\/pl\/product\/smart-key-with-remote-control-suitable-for-bmw-3-5-7-class\/","url":"https:\/\/keys-for-auto.eu\/pl\/product\/smart-key-with-remote-control-suitable-for-bmw-3-5-7-class\/","name":"Inteligentny klucz z pilotem - pasuje do BMW (3 | 5 | 7 klasa) - Keys for auto","isPartOf":{"@id":"https:\/\/keys-for-auto.eu\/pl\/#website"},"primaryImageOfPage":{"@id":"https:\/\/keys-for-auto.eu\/pl\/product\/smart-key-with-remote-control-suitable-for-bmw-3-5-7-class\/#primaryimage"},"image":{"@id":"https:\/\/keys-for-auto.eu\/pl\/product\/smart-key-with-remote-control-suitable-for-bmw-3-5-7-class\/#primaryimage"},"thumbnailUrl":"https:\/\/keys-for-auto.eu\/wp-content\/uploads\/2022\/12\/BMW-smart-raktas-su-nuotolinio-valdymo-mechanizmu-500x5001-wpp1665131656618-removebg-preview.png","datePublished":"2016-04-02T20:03:28+00:00","breadcrumb":{"@id":"https:\/\/keys-for-auto.eu\/pl\/product\/smart-key-with-remote-control-suitable-for-bmw-3-5-7-class\/#breadcrumb"},"inLanguage":"pl-PL","potentialAction":[{"@type":"ReadAction","target":["https:\/\/keys-for-auto.eu\/pl\/product\/smart-key-with-remote-control-suitable-for-bmw-3-5-7-class\/"]}]},{"@type":"ImageObject","inLanguage":"pl-PL","@id":"https:\/\/keys-for-auto.eu\/pl\/product\/smart-key-with-remote-control-suitable-for-bmw-3-5-7-class\/#primaryimage","url":"https:\/\/keys-for-auto.eu\/wp-content\/uploads\/2022\/12\/BMW-smart-raktas-su-nuotolinio-valdymo-mechanizmu-500x5001-wpp1665131656618-removebg-preview.png","contentUrl":"https:\/\/keys-for-auto.eu\/wp-content\/uploads\/2022\/12\/BMW-smart-raktas-su-nuotolinio-valdymo-mechanizmu-500x5001-wpp1665131656618-removebg-preview.png","width":500,"height":500},{"@type":"BreadcrumbList","@id":"https:\/\/keys-for-auto.eu\/pl\/product\/smart-key-with-remote-control-suitable-for-bmw-3-5-7-class\/#breadcrumb","itemListElement":[{"@type":"ListItem","position":1,"name":"Strona g\u0142\u00f3wna","item":"https:\/\/keys-for-auto.eu\/pl\/"},{"@type":"ListItem","position":2,"name":"Shop","item":"https:\/\/keys-for-auto.eu\/"},{"@type":"ListItem","position":3,"name":"Inteligentny klucz z pilotem &#8211; pasuje do BMW (3 | 5 | 7 klasa)"}]},{"@type":"WebSite","@id":"https:\/\/keys-for-auto.eu\/pl\/#website","url":"https:\/\/keys-for-auto.eu\/pl\/","name":"Keys for auto","description":"Car keys,  key shells, key programming","publisher":{"@id":"https:\/\/keys-for-auto.eu\/pl\/#organization"},"potentialAction":[{"@type":"SearchAction","target":{"@type":"EntryPoint","urlTemplate":"https:\/\/keys-for-auto.eu\/pl\/?s={search_term_string}"},"query-input":{"@type":"PropertyValueSpecification","valueRequired":true,"valueName":"search_term_string"}}],"inLanguage":"pl-PL"},{"@type":"Organization","@id":"https:\/\/keys-for-auto.eu\/pl\/#organization","name":"Klucze do samochodu","url":"https:\/\/keys-for-auto.eu\/pl\/","logo":{"@type":"ImageObject","inLanguage":"pl-PL","@id":"https:\/\/keys-for-auto.eu\/pl\/#\/schema\/logo\/image\/","url":"https:\/\/keys-for-auto.eu\/wp-content\/uploads\/2022\/11\/cropped-png1.png","contentUrl":"https:\/\/keys-for-auto.eu\/wp-content\/uploads\/2022\/11\/cropped-png1.png","width":1000,"height":342,"caption":"Klucze do samochodu"},"image":{"@id":"https:\/\/keys-for-auto.eu\/pl\/#\/schema\/logo\/image\/"},"sameAs":["https:\/\/www.facebook.com\/KeysForAutoEU"]}]}},"_links":{"self":[{"href":"https:\/\/keys-for-auto.eu\/pl\/wp-json\/wp\/v2\/product\/16647","targetHints":{"allow":["GET"]}}],"collection":[{"href":"https:\/\/keys-for-auto.eu\/pl\/wp-json\/wp\/v2\/product"}],"about":[{"href":"https:\/\/keys-for-auto.eu\/pl\/wp-json\/wp\/v2\/types\/product"}],"replies":[{"embeddable":true,"href":"https:\/\/keys-for-auto.eu\/pl\/wp-json\/wp\/v2\/comments?post=16647"}],"wp:featuredmedia":[{"embeddable":true,"href":"https:\/\/keys-for-auto.eu\/pl\/wp-json\/wp\/v2\/media\/12738"}],"wp:attachment":[{"href":"https:\/\/keys-for-auto.eu\/pl\/wp-json\/wp\/v2\/media?parent=16647"}],"wp:term":[{"taxonomy":"product_brand","embeddable":true,"href":"https:\/\/keys-for-auto.eu\/pl\/wp-json\/wp\/v2\/product_brand?post=16647"},{"taxonomy":"product_cat","embeddable":true,"href":"https:\/\/keys-for-auto.eu\/pl\/wp-json\/wp\/v2\/product_cat?post=16647"},{"taxonomy":"product_tag","embeddable":true,"href":"https:\/\/keys-for-auto.eu\/pl\/wp-json\/wp\/v2\/product_tag?post=16647"}],"curies":[{"name":"wp","href":"https:\/\/api.w.org\/{rel}","templated":true}]}}