{"id":16641,"date":"2016-04-02T19:18:20","date_gmt":"2016-04-02T19:18:20","guid":{"rendered":"https:\/\/keys-for-auto.eu\/product\/klucz-zdalnego-sterowania-pasuje-do-ford-focus-mondeo-fiesta\/"},"modified":"2016-04-02T19:18:20","modified_gmt":"2016-04-02T19:18:20","slug":"zdalnie-sterowane-kluczyki-pasujace-do-forda-focusa-mondeo-fiesta","status":"publish","type":"product","link":"https:\/\/keys-for-auto.eu\/pl\/product\/zdalnie-sterowane-kluczyki-pasujace-do-forda-focusa-mondeo-fiesta\/","title":{"rendered":"Klucz zdalnego sterowania &#8211; pasuje do Ford Focus | Mondeo | Fiesta"},"content":{"rendered":"<h2><strong>Klucz zdalnego sterowania &#8211; pasuje do Ford Focus | Mondeo | Fiesta<\/strong><\/h2>\n<p>Przedstawiamy klucz zdalnego sterowania 433 MHz do Forda Focus, Mondeo, Fiesta.<\/p>\n<p>By\u0107 mo\u017ce potrzebujesz nie tylko klucza zdalnego do Forda, ale tak\u017ce programowania kluczy? W takim razie trafi\u0142e\u015b we w\u0142a\u015bciwe miejsce! Programujemy klucze nie tylko do Forda, ale tak\u017ce do wielu innych marek. Na uwag\u0119 zas\u0142uguj\u0105 jednak klucze do Forda. To pewnie dlatego, \u017ce marka Ford jest bardzo popularna w naszym kraju. Wynika to z faktu, \u017ce samoch\u00f3d ten jest idealnym po\u0142\u0105czeniem funkcjonalno\u015bci, niezawodno\u015bci i ekonomii. Je\u015bli i Ty jeste\u015b pod wra\u017ceniem tych cech Forda i chcesz zadba\u0107 o jego bezpiecze\u0144stwo, skontaktuj si\u0119 z nami! Poniewa\u017c jednym z najpewniejszych sposob\u00f3w zapewnienia bezpiecze\u0144stwa Twojemu pojazdowi jest upewnienie si\u0119, \u017ce jest on zaprogramowany do Twoich kluczy.<\/p>\n<h3>Zaprogramujemy klucze<\/h3>\n<p>Kluczowe programowanie. Tw\u00f3j wyjazd na 100 procent si\u0119 op\u0142aci, poniewa\u017c nasze us\u0142ugi s\u0105 najwy\u017cszej jako\u015bci! Potwierdza to stale rosn\u0105ce grono zadowolonych klient\u00f3w. Cieszymy si\u0119 z Pa\u0144stwa opinii. Ka\u017cde szczere podzi\u0119kowanie jest dla nas bod\u017acem do poprawy.<\/p>\n<p>Programowanie kluczy samochodowych nie stoi w miejscu. Technologia jest coraz lepsza. I my te\u017c. Unowocze\u015bniamy stosowane przez nas technologie i podnosimy kwalifikacje naszych rzemie\u015blnik\u00f3w. Je\u015bli wi\u0119c potrzebujesz programowania kluczy samochodowych, zaufaj nam! Wiele firm zajmuje si\u0119 produkcj\u0105 kluczy. Jednak naszymi atutami konkurencyjnymi s\u0105: terminowo\u015b\u0107, jako\u015b\u0107 i korzystne ceny. Do ka\u017cdego klienta podchodzimy indywidualnie.<\/p>\n<p>Klucze samochodowe to co\u015b wi\u0119cej ni\u017c tylko narz\u0119dzie. To co\u015b wi\u0119cej ni\u017c klucz, to mo\u017cliwo\u015b\u0107 p\u00f3j\u015bcia do przodu i podr\u00f3\u017cowania. A ka\u017cda podr\u00f3\u017c jest troch\u0119 jak bajka. Nie musi to by\u0107 podr\u00f3\u017c dooko\u0142a \u015bwiata. Nawet je\u015bli po prostu jedziesz z domu do pracy. Oczywi\u015bcie sprawny start jest niezb\u0119dny do udanej podr\u00f3\u017cy. A kiedy zostawiasz samoch\u00f3d na parkingu, chcesz go tam znale\u017a\u0107. M\u00f3wi\u0105c wprost, bezpiecze\u0144stwo Twojego samochodu jest kluczowe. Profesjonalne programowanie kluczy samochodowych mo\u017ce zagwarantowa\u0107 te aspekty. Nie kr\u0119puj si\u0119 wi\u0119c i skontaktuj si\u0119 z nami!<\/p>\n","protected":false},"excerpt":{"rendered":"<p><em><strong>Klucz zdalnego sterowania (433MHz) pasuj\u0105cy do samochod\u00f3w marki Ford.<\/strong><\/em><\/p>\n<h3><strong>Produkcja kluczy samochodowych<\/strong><\/h3>\n<ul>\n<li><strong>Produkcja nowych kluczy samochodowych, programowanie kluczy (&#8222;wi\u0105zanie&#8221; z samochodem)<\/strong><\/li>\n<li><strong>Usuwanie z pami\u0119ci samochodu wcze\u015bniej zgubionych kluczyk\u00f3w<\/strong><\/li>\n<li><strong>Produkcja klucza zap\u0142onowego wed\u0142ug zamka<\/strong><\/li>\n<li><strong>Naprawa kluczy samochodowych (wymiana przycisk\u00f3w, muszli, mechanizm\u00f3w)<\/strong><\/li>\n<li><strong>Awaryjne odblokowanie samochodu<\/strong><\/li>\n<li><strong>Wymiana kluczy, etui na klucze<\/strong><\/li>\n<li><strong>Wy\u0142\u0105czenie oprogramowania DPF \/ FAP<\/strong><\/li>\n<li><strong>Programowe usuni\u0119cie EGR<\/strong><\/li>\n<li><strong>Wy\u0142\u0105czenie oprogramowania immobilizera (immo Off)<\/strong><\/li>\n<li><strong>Jednostka steruj\u0105ca silnika (ECU) naprawa, klonowanie, programowanie<\/strong><\/li>\n<li><strong>SRS (programowanie jednostki steruj\u0105cej poduszk\u0105 powietrzn\u0105)<\/strong><\/li>\n<\/ul>\n<h4><strong>  przedmioty wysy\u0142ane w ci\u0105gu 3 dni roboczych.*<\/strong><\/h4>\n","protected":false},"featured_media":13208,"comment_status":"open","ping_status":"closed","template":"","meta":[],"product_brand":[],"product_cat":[2872,2779],"product_tag":[3170,3176,3181],"class_list":{"0":"post-16641","1":"product","2":"type-product","3":"status-publish","4":"has-post-thumbnail","6":"product_cat-ford-pl","7":"product_cat-przyciski-zdalnego-sterowania","8":"product_tag-klucz-do-forda-fiesta","9":"product_tag-klucz-do-forda-focusa","10":"product_tag-klucz-do-forda-mondeo","12":"first","13":"instock","14":"shipping-taxable","15":"purchasable","16":"product-type-simple"},"yoast_head":"<!-- This site is optimized with the Yoast SEO plugin v27.3 - https:\/\/yoast.com\/product\/yoast-seo-wordpress\/ -->\n<title>Klucz zdalnego sterowania - pasuje do Ford Focus | Mondeo | Fiesta - Keys for auto<\/title>\n<meta name=\"robots\" content=\"index, follow, max-snippet:-1, max-image-preview:large, max-video-preview:-1\" \/>\n<link rel=\"canonical\" href=\"https:\/\/keys-for-auto.eu\/pl\/product\/zdalnie-sterowane-kluczyki-pasujace-do-forda-focusa-mondeo-fiesta\/\" \/>\n<meta property=\"og:locale\" content=\"pl_PL\" \/>\n<meta property=\"og:type\" content=\"article\" \/>\n<meta property=\"og:title\" content=\"Klucz zdalnego sterowania - pasuje do Ford Focus | Mondeo | Fiesta - Keys for auto\" \/>\n<meta property=\"og:description\" content=\"Klucz zdalnego sterowania (433MHz) pasuj\u0105cy do samochod\u00f3w marki Ford. Produkcja kluczy samochodowych  Produkcja nowych kluczy samochodowych, programowanie kluczy (&quot;wi\u0105zanie&quot; z samochodem)  Usuwanie z pami\u0119ci samochodu wcze\u015bniej zgubionych kluczyk\u00f3w  Produkcja klucza zap\u0142onowego wed\u0142ug zamka  Naprawa kluczy samochodowych (wymiana przycisk\u00f3w, muszli, mechanizm\u00f3w)  Awaryjne odblokowanie samochodu  Wymiana kluczy, etui na klucze  Wy\u0142\u0105czenie oprogramowania DPF \/ FAP  Programowe usuni\u0119cie EGR  Wy\u0142\u0105czenie oprogramowania immobilizera (immo Off)  Jednostka steruj\u0105ca silnika (ECU) naprawa, klonowanie, programowanie  SRS (programowanie jednostki steruj\u0105cej poduszk\u0105 powietrzn\u0105)  przedmioty wysy\u0142ane w ci\u0105gu 3 dni roboczych.*\" \/>\n<meta property=\"og:url\" content=\"https:\/\/keys-for-auto.eu\/pl\/product\/zdalnie-sterowane-kluczyki-pasujace-do-forda-focusa-mondeo-fiesta\/\" \/>\n<meta property=\"og:site_name\" content=\"Keys for auto\" \/>\n<meta property=\"article:publisher\" content=\"https:\/\/www.facebook.com\/KeysForAutoEU\" \/>\n<meta property=\"og:image\" content=\"https:\/\/i0.wp.com\/keys-for-auto.eu\/wp-content\/uploads\/2022\/12\/Ford-Focus-Mondeo-Fiesta-3-mygtuku-smart-raktas-500x5001-removebg-preview.png?fit=500%2C500&ssl=1\" \/>\n\t<meta property=\"og:image:width\" content=\"500\" \/>\n\t<meta property=\"og:image:height\" content=\"500\" \/>\n\t<meta property=\"og:image:type\" content=\"image\/png\" \/>\n<meta name=\"twitter:card\" content=\"summary_large_image\" \/>\n<meta name=\"twitter:label1\" content=\"Szacowany czas czytania\" \/>\n\t<meta name=\"twitter:data1\" content=\"2 minuty\" \/>\n<script type=\"application\/ld+json\" class=\"yoast-schema-graph\">{\"@context\":\"https:\\\/\\\/schema.org\",\"@graph\":[{\"@type\":[\"WebPage\",\"ItemPage\"],\"@id\":\"https:\\\/\\\/keys-for-auto.eu\\\/pl\\\/product\\\/zdalnie-sterowane-kluczyki-pasujace-do-forda-focusa-mondeo-fiesta\\\/\",\"url\":\"https:\\\/\\\/keys-for-auto.eu\\\/pl\\\/product\\\/zdalnie-sterowane-kluczyki-pasujace-do-forda-focusa-mondeo-fiesta\\\/\",\"name\":\"Klucz zdalnego sterowania - pasuje do Ford Focus | Mondeo | Fiesta - Keys for auto\",\"isPartOf\":{\"@id\":\"https:\\\/\\\/keys-for-auto.eu\\\/pl\\\/#website\"},\"primaryImageOfPage\":{\"@id\":\"https:\\\/\\\/keys-for-auto.eu\\\/pl\\\/product\\\/zdalnie-sterowane-kluczyki-pasujace-do-forda-focusa-mondeo-fiesta\\\/#primaryimage\"},\"image\":{\"@id\":\"https:\\\/\\\/keys-for-auto.eu\\\/pl\\\/product\\\/zdalnie-sterowane-kluczyki-pasujace-do-forda-focusa-mondeo-fiesta\\\/#primaryimage\"},\"thumbnailUrl\":\"https:\\\/\\\/keys-for-auto.eu\\\/wp-content\\\/uploads\\\/2022\\\/12\\\/Ford-Focus-Mondeo-Fiesta-3-mygtuku-smart-raktas-500x5001-removebg-preview.png\",\"datePublished\":\"2016-04-02T19:18:20+00:00\",\"breadcrumb\":{\"@id\":\"https:\\\/\\\/keys-for-auto.eu\\\/pl\\\/product\\\/zdalnie-sterowane-kluczyki-pasujace-do-forda-focusa-mondeo-fiesta\\\/#breadcrumb\"},\"inLanguage\":\"pl-PL\",\"potentialAction\":[{\"@type\":\"ReadAction\",\"target\":[\"https:\\\/\\\/keys-for-auto.eu\\\/pl\\\/product\\\/zdalnie-sterowane-kluczyki-pasujace-do-forda-focusa-mondeo-fiesta\\\/\"]}]},{\"@type\":\"ImageObject\",\"inLanguage\":\"pl-PL\",\"@id\":\"https:\\\/\\\/keys-for-auto.eu\\\/pl\\\/product\\\/zdalnie-sterowane-kluczyki-pasujace-do-forda-focusa-mondeo-fiesta\\\/#primaryimage\",\"url\":\"https:\\\/\\\/keys-for-auto.eu\\\/wp-content\\\/uploads\\\/2022\\\/12\\\/Ford-Focus-Mondeo-Fiesta-3-mygtuku-smart-raktas-500x5001-removebg-preview.png\",\"contentUrl\":\"https:\\\/\\\/keys-for-auto.eu\\\/wp-content\\\/uploads\\\/2022\\\/12\\\/Ford-Focus-Mondeo-Fiesta-3-mygtuku-smart-raktas-500x5001-removebg-preview.png\",\"width\":500,\"height\":500},{\"@type\":\"BreadcrumbList\",\"@id\":\"https:\\\/\\\/keys-for-auto.eu\\\/pl\\\/product\\\/zdalnie-sterowane-kluczyki-pasujace-do-forda-focusa-mondeo-fiesta\\\/#breadcrumb\",\"itemListElement\":[{\"@type\":\"ListItem\",\"position\":1,\"name\":\"Strona g\u0142\u00f3wna\",\"item\":\"https:\\\/\\\/keys-for-auto.eu\\\/pl\\\/\"},{\"@type\":\"ListItem\",\"position\":2,\"name\":\"Shop\",\"item\":\"https:\\\/\\\/keys-for-auto.eu\\\/\"},{\"@type\":\"ListItem\",\"position\":3,\"name\":\"Klucz zdalnego sterowania &#8211; pasuje do Ford Focus | Mondeo | Fiesta\"}]},{\"@type\":\"WebSite\",\"@id\":\"https:\\\/\\\/keys-for-auto.eu\\\/pl\\\/#website\",\"url\":\"https:\\\/\\\/keys-for-auto.eu\\\/pl\\\/\",\"name\":\"Keys for auto\",\"description\":\"Car keys,  key shells, key programming\",\"publisher\":{\"@id\":\"https:\\\/\\\/keys-for-auto.eu\\\/pl\\\/#organization\"},\"potentialAction\":[{\"@type\":\"SearchAction\",\"target\":{\"@type\":\"EntryPoint\",\"urlTemplate\":\"https:\\\/\\\/keys-for-auto.eu\\\/pl\\\/?s={search_term_string}\"},\"query-input\":{\"@type\":\"PropertyValueSpecification\",\"valueRequired\":true,\"valueName\":\"search_term_string\"}}],\"inLanguage\":\"pl-PL\"},{\"@type\":\"Organization\",\"@id\":\"https:\\\/\\\/keys-for-auto.eu\\\/pl\\\/#organization\",\"name\":\"Klucze do samochodu\",\"url\":\"https:\\\/\\\/keys-for-auto.eu\\\/pl\\\/\",\"logo\":{\"@type\":\"ImageObject\",\"inLanguage\":\"pl-PL\",\"@id\":\"https:\\\/\\\/keys-for-auto.eu\\\/pl\\\/#\\\/schema\\\/logo\\\/image\\\/\",\"url\":\"https:\\\/\\\/keys-for-auto.eu\\\/wp-content\\\/uploads\\\/2022\\\/11\\\/cropped-png1.png\",\"contentUrl\":\"https:\\\/\\\/keys-for-auto.eu\\\/wp-content\\\/uploads\\\/2022\\\/11\\\/cropped-png1.png\",\"width\":1000,\"height\":342,\"caption\":\"Klucze do samochodu\"},\"image\":{\"@id\":\"https:\\\/\\\/keys-for-auto.eu\\\/pl\\\/#\\\/schema\\\/logo\\\/image\\\/\"},\"sameAs\":[\"https:\\\/\\\/www.facebook.com\\\/KeysForAutoEU\"]}]}<\/script>\n<!-- \/ Yoast SEO plugin. -->","yoast_head_json":{"title":"Klucz zdalnego sterowania - pasuje do Ford Focus | Mondeo | Fiesta - Keys for auto","robots":{"index":"index","follow":"follow","max-snippet":"max-snippet:-1","max-image-preview":"max-image-preview:large","max-video-preview":"max-video-preview:-1"},"canonical":"https:\/\/keys-for-auto.eu\/pl\/product\/zdalnie-sterowane-kluczyki-pasujace-do-forda-focusa-mondeo-fiesta\/","og_locale":"pl_PL","og_type":"article","og_title":"Klucz zdalnego sterowania - pasuje do Ford Focus | Mondeo | Fiesta - Keys for auto","og_description":"Klucz zdalnego sterowania (433MHz) pasuj\u0105cy do samochod\u00f3w marki Ford. Produkcja kluczy samochodowych  Produkcja nowych kluczy samochodowych, programowanie kluczy (\"wi\u0105zanie\" z samochodem)  Usuwanie z pami\u0119ci samochodu wcze\u015bniej zgubionych kluczyk\u00f3w  Produkcja klucza zap\u0142onowego wed\u0142ug zamka  Naprawa kluczy samochodowych (wymiana przycisk\u00f3w, muszli, mechanizm\u00f3w)  Awaryjne odblokowanie samochodu  Wymiana kluczy, etui na klucze  Wy\u0142\u0105czenie oprogramowania DPF \/ FAP  Programowe usuni\u0119cie EGR  Wy\u0142\u0105czenie oprogramowania immobilizera (immo Off)  Jednostka steruj\u0105ca silnika (ECU) naprawa, klonowanie, programowanie  SRS (programowanie jednostki steruj\u0105cej poduszk\u0105 powietrzn\u0105)  przedmioty wysy\u0142ane w ci\u0105gu 3 dni roboczych.*","og_url":"https:\/\/keys-for-auto.eu\/pl\/product\/zdalnie-sterowane-kluczyki-pasujace-do-forda-focusa-mondeo-fiesta\/","og_site_name":"Keys for auto","article_publisher":"https:\/\/www.facebook.com\/KeysForAutoEU","og_image":[{"width":500,"height":500,"url":"https:\/\/i0.wp.com\/keys-for-auto.eu\/wp-content\/uploads\/2022\/12\/Ford-Focus-Mondeo-Fiesta-3-mygtuku-smart-raktas-500x5001-removebg-preview.png?fit=500%2C500&ssl=1","type":"image\/png"}],"twitter_card":"summary_large_image","twitter_misc":{"Szacowany czas czytania":"2 minuty"},"schema":{"@context":"https:\/\/schema.org","@graph":[{"@type":["WebPage","ItemPage"],"@id":"https:\/\/keys-for-auto.eu\/pl\/product\/zdalnie-sterowane-kluczyki-pasujace-do-forda-focusa-mondeo-fiesta\/","url":"https:\/\/keys-for-auto.eu\/pl\/product\/zdalnie-sterowane-kluczyki-pasujace-do-forda-focusa-mondeo-fiesta\/","name":"Klucz zdalnego sterowania - pasuje do Ford Focus | Mondeo | Fiesta - Keys for auto","isPartOf":{"@id":"https:\/\/keys-for-auto.eu\/pl\/#website"},"primaryImageOfPage":{"@id":"https:\/\/keys-for-auto.eu\/pl\/product\/zdalnie-sterowane-kluczyki-pasujace-do-forda-focusa-mondeo-fiesta\/#primaryimage"},"image":{"@id":"https:\/\/keys-for-auto.eu\/pl\/product\/zdalnie-sterowane-kluczyki-pasujace-do-forda-focusa-mondeo-fiesta\/#primaryimage"},"thumbnailUrl":"https:\/\/keys-for-auto.eu\/wp-content\/uploads\/2022\/12\/Ford-Focus-Mondeo-Fiesta-3-mygtuku-smart-raktas-500x5001-removebg-preview.png","datePublished":"2016-04-02T19:18:20+00:00","breadcrumb":{"@id":"https:\/\/keys-for-auto.eu\/pl\/product\/zdalnie-sterowane-kluczyki-pasujace-do-forda-focusa-mondeo-fiesta\/#breadcrumb"},"inLanguage":"pl-PL","potentialAction":[{"@type":"ReadAction","target":["https:\/\/keys-for-auto.eu\/pl\/product\/zdalnie-sterowane-kluczyki-pasujace-do-forda-focusa-mondeo-fiesta\/"]}]},{"@type":"ImageObject","inLanguage":"pl-PL","@id":"https:\/\/keys-for-auto.eu\/pl\/product\/zdalnie-sterowane-kluczyki-pasujace-do-forda-focusa-mondeo-fiesta\/#primaryimage","url":"https:\/\/keys-for-auto.eu\/wp-content\/uploads\/2022\/12\/Ford-Focus-Mondeo-Fiesta-3-mygtuku-smart-raktas-500x5001-removebg-preview.png","contentUrl":"https:\/\/keys-for-auto.eu\/wp-content\/uploads\/2022\/12\/Ford-Focus-Mondeo-Fiesta-3-mygtuku-smart-raktas-500x5001-removebg-preview.png","width":500,"height":500},{"@type":"BreadcrumbList","@id":"https:\/\/keys-for-auto.eu\/pl\/product\/zdalnie-sterowane-kluczyki-pasujace-do-forda-focusa-mondeo-fiesta\/#breadcrumb","itemListElement":[{"@type":"ListItem","position":1,"name":"Strona g\u0142\u00f3wna","item":"https:\/\/keys-for-auto.eu\/pl\/"},{"@type":"ListItem","position":2,"name":"Shop","item":"https:\/\/keys-for-auto.eu\/"},{"@type":"ListItem","position":3,"name":"Klucz zdalnego sterowania &#8211; pasuje do Ford Focus | Mondeo | Fiesta"}]},{"@type":"WebSite","@id":"https:\/\/keys-for-auto.eu\/pl\/#website","url":"https:\/\/keys-for-auto.eu\/pl\/","name":"Keys for auto","description":"Car keys,  key shells, key programming","publisher":{"@id":"https:\/\/keys-for-auto.eu\/pl\/#organization"},"potentialAction":[{"@type":"SearchAction","target":{"@type":"EntryPoint","urlTemplate":"https:\/\/keys-for-auto.eu\/pl\/?s={search_term_string}"},"query-input":{"@type":"PropertyValueSpecification","valueRequired":true,"valueName":"search_term_string"}}],"inLanguage":"pl-PL"},{"@type":"Organization","@id":"https:\/\/keys-for-auto.eu\/pl\/#organization","name":"Klucze do samochodu","url":"https:\/\/keys-for-auto.eu\/pl\/","logo":{"@type":"ImageObject","inLanguage":"pl-PL","@id":"https:\/\/keys-for-auto.eu\/pl\/#\/schema\/logo\/image\/","url":"https:\/\/keys-for-auto.eu\/wp-content\/uploads\/2022\/11\/cropped-png1.png","contentUrl":"https:\/\/keys-for-auto.eu\/wp-content\/uploads\/2022\/11\/cropped-png1.png","width":1000,"height":342,"caption":"Klucze do samochodu"},"image":{"@id":"https:\/\/keys-for-auto.eu\/pl\/#\/schema\/logo\/image\/"},"sameAs":["https:\/\/www.facebook.com\/KeysForAutoEU"]}]}},"_links":{"self":[{"href":"https:\/\/keys-for-auto.eu\/pl\/wp-json\/wp\/v2\/product\/16641","targetHints":{"allow":["GET"]}}],"collection":[{"href":"https:\/\/keys-for-auto.eu\/pl\/wp-json\/wp\/v2\/product"}],"about":[{"href":"https:\/\/keys-for-auto.eu\/pl\/wp-json\/wp\/v2\/types\/product"}],"replies":[{"embeddable":true,"href":"https:\/\/keys-for-auto.eu\/pl\/wp-json\/wp\/v2\/comments?post=16641"}],"wp:featuredmedia":[{"embeddable":true,"href":"https:\/\/keys-for-auto.eu\/pl\/wp-json\/wp\/v2\/media\/13208"}],"wp:attachment":[{"href":"https:\/\/keys-for-auto.eu\/pl\/wp-json\/wp\/v2\/media?parent=16641"}],"wp:term":[{"taxonomy":"product_brand","embeddable":true,"href":"https:\/\/keys-for-auto.eu\/pl\/wp-json\/wp\/v2\/product_brand?post=16641"},{"taxonomy":"product_cat","embeddable":true,"href":"https:\/\/keys-for-auto.eu\/pl\/wp-json\/wp\/v2\/product_cat?post=16641"},{"taxonomy":"product_tag","embeddable":true,"href":"https:\/\/keys-for-auto.eu\/pl\/wp-json\/wp\/v2\/product_tag?post=16641"}],"curies":[{"name":"wp","href":"https:\/\/api.w.org\/{rel}","templated":true}]}}