{"id":16640,"date":"2016-04-02T19:08:46","date_gmt":"2016-04-02T19:08:46","guid":{"rendered":"https:\/\/keys-for-auto.eu\/product\/klucz-zdalnego-sterowania-pasujacy-do-chrysler-jeep-dodge\/"},"modified":"2016-04-02T19:08:46","modified_gmt":"2016-04-02T19:08:46","slug":"remote-control-key-suitable-for-chrysler-jeep-dodge","status":"publish","type":"product","link":"https:\/\/keys-for-auto.eu\/pl\/product\/remote-control-key-suitable-for-chrysler-jeep-dodge\/","title":{"rendered":"Klucz zdalnego sterowania &#8211; pasuj\u0105cy do Chrysler JEEP Dodge"},"content":{"rendered":"<h1><strong>Klucz zdalnego sterowania &#8211; pasuj\u0105cy do Chrysler JEEP Dodge<\/strong><\/h1>\n<p>Przedstawiamy kluczyk zdalnego sterowania pasuj\u0105cy do samochod\u00f3w Chrysler, Jeep, Dodge.<\/p>\n<h3>Programowanie kluczowe<\/h3>\n<p>Zainteresowany tym produktem? A mo\u017ce potrzebujesz nie tylko klucza na pilota, ale tak\u017ce programowania kluczy? Programujemy klucze do wielu marek samochod\u00f3w. W naszym sklepie znajdziesz r\u00f3wnie\u017c szeroki wyb\u00f3r etui na klucze. Klucze samochodowe to dziedzina specjalizacji, w kt\u00f3rej czujemy si\u0119 pewnie, a mimo to nie stoimy w miejscu i ka\u017cdego dnia doskonalimy si\u0119, inwestuj\u0105c w kwalifikacje naszych pracownik\u00f3w i najnowsze technologie.<\/p>\n<p>Programowanie kluczy samochodowych to co\u015b wi\u0119cej ni\u017c tylko nasza praca. To nasza pasja. Uwa\u017camy, \u017ce ka\u017cdy powinien robi\u0107 w \u017cyciu to, co robi najlepiej. Dorabianie kluczy to to, co robimy najlepiej, dlatego mo\u017cesz na nas liczy\u0107. Gwarantujemy nasze us\u0142ugi i sprzedawane przez nas towary.<\/p>\n<h3>Produkcja kluczy<\/h3>\n<p>Produkcja kluczy to stale rozwijaj\u0105cy si\u0119 biznes. Firmy zajmuj\u0105ce si\u0119 kluczami i ich programowaniem musz\u0105 si\u0119 rozwija\u0107 i doskonali\u0107. Aby sprosta\u0107 potrzebom naszych klient\u00f3w i pozosta\u0107 liderem w produkcji kluczy, nasz\u0105 firm\u0119 cechuje indywidualne podej\u015bcie do ka\u017cdego klienta, dostosowywanie si\u0119 do jego potrzeb.<\/p>\n<p>W naszej pracy kierujemy si\u0119 \u0142aci\u0144skim mottem: &#8222;Via est vita&#8221; &#8211; \u017cycie jest podr\u00f3\u017c\u0105. Naszym celem jest umo\u017cliwienie Pa\u0144stwu przekonania si\u0119 na w\u0142asnej sk\u00f3rze o prawdziwo\u015bci tego has\u0142a. W ko\u0144cu czym jest \u017cycie bez podr\u00f3\u017cy? A klucze samochodowe to co\u015b, bez czego \u017cadna podr\u00f3\u017c nie jest kompletna. Wybierz wi\u0119c klucze na pilota, zmie\u0144 obudow\u0119 klucza lub zaprogramuj swoje klucze (wszystko to mo\u017cesz zrobi\u0107 odwiedzaj\u0105c nas) i wybierz si\u0119 w niezapomnian\u0105 podr\u00f3\u017c!<\/p>\n","protected":false},"excerpt":{"rendered":"<p><em><strong>  Klucze zdalnego sterowania pasuj\u0105ce do samochod\u00f3w Chrysler, JEEP, Dodge. Mo\u017cliwo\u015b\u0107 zam\u00f3wienia z guzikami 2-3-4-5-6.<\/strong><\/em><\/p>\n<h3><strong>Produkcja kluczy samochodowych<\/strong><\/h3>\n<ul>\n<li><strong>Produkcja nowych kluczy samochodowych, programowanie kluczy (&#8222;wi\u0105zanie&#8221; z samochodem)<\/strong><\/li>\n<li><strong>Usuwanie z pami\u0119ci samochodu wcze\u015bniej zgubionych kluczyk\u00f3w<\/strong><\/li>\n<li><strong>Produkcja klucza zap\u0142onowego wed\u0142ug zamka<\/strong><\/li>\n<li><strong>Naprawa kluczy samochodowych (wymiana przycisk\u00f3w, muszli, mechanizm\u00f3w)<\/strong><\/li>\n<li><strong>Awaryjne odblokowanie samochodu<\/strong><\/li>\n<li><strong>Wymiana kluczy, etui na klucze<\/strong><\/li>\n<li><strong>Wy\u0142\u0105czenie oprogramowania DPF \/ FAP<\/strong><\/li>\n<li><strong>Programowe usuni\u0119cie EGR<\/strong><\/li>\n<li><strong>Wy\u0142\u0105czenie oprogramowania immobilizera (immo Off)<\/strong><\/li>\n<li><strong>Jednostka steruj\u0105ca silnika (ECU) naprawa, klonowanie, programowanie<\/strong><\/li>\n<li><strong>SRS (programowanie jednostki steruj\u0105cej poduszk\u0105 powietrzn\u0105)<\/strong><\/li>\n<\/ul>\n<h4><strong>przedmioty wysy\u0142ane w ci\u0105gu 3 dni roboczych.*<\/strong><\/h4>\n<p>&nbsp;<\/p>\n<p>&nbsp;<\/p>\n<p>&nbsp;<\/p>\n","protected":false},"featured_media":12958,"comment_status":"open","ping_status":"closed","template":"","meta":[],"product_brand":[],"product_cat":[2873,2887,2779],"product_tag":[3168,3173,3177],"class_list":{"0":"post-16640","1":"product","2":"type-product","3":"status-publish","4":"has-post-thumbnail","6":"product_cat-chrysler-pl","7":"product_cat-jeep-pl","8":"product_cat-przyciski-zdalnego-sterowania","9":"product_tag-klucz-chryslera","10":"product_tag-klucz-do-dodgea","11":"product_tag-klucz-jeep","13":"first","14":"instock","15":"shipping-taxable","16":"purchasable","17":"product-type-simple"},"yoast_head":"<!-- This site is optimized with the Yoast SEO plugin v27.3 - https:\/\/yoast.com\/product\/yoast-seo-wordpress\/ -->\n<title>Klucz zdalnego sterowania - pasuj\u0105cy do Chrysler JEEP Dodge - Keys for auto<\/title>\n<meta name=\"robots\" content=\"index, follow, max-snippet:-1, max-image-preview:large, max-video-preview:-1\" \/>\n<link rel=\"canonical\" href=\"https:\/\/keys-for-auto.eu\/pl\/product\/remote-control-key-suitable-for-chrysler-jeep-dodge\/\" \/>\n<meta property=\"og:locale\" content=\"pl_PL\" \/>\n<meta property=\"og:type\" content=\"article\" \/>\n<meta property=\"og:title\" content=\"Klucz zdalnego sterowania - pasuj\u0105cy do Chrysler JEEP Dodge - Keys for auto\" \/>\n<meta property=\"og:description\" content=\"Klucze zdalnego sterowania pasuj\u0105ce do samochod\u00f3w Chrysler, JEEP, Dodge. Mo\u017cliwo\u015b\u0107 zam\u00f3wienia z guzikami 2-3-4-5-6. Produkcja kluczy samochodowych  Produkcja nowych kluczy samochodowych, programowanie kluczy (&quot;wi\u0105zanie&quot; z samochodem)  Usuwanie z pami\u0119ci samochodu wcze\u015bniej zgubionych kluczyk\u00f3w  Produkcja klucza zap\u0142onowego wed\u0142ug zamka  Naprawa kluczy samochodowych (wymiana przycisk\u00f3w, muszli, mechanizm\u00f3w)  Awaryjne odblokowanie samochodu  Wymiana kluczy, etui na klucze  Wy\u0142\u0105czenie oprogramowania DPF \/ FAP  Programowe usuni\u0119cie EGR  Wy\u0142\u0105czenie oprogramowania immobilizera (immo Off)  Jednostka steruj\u0105ca silnika (ECU) naprawa, klonowanie, programowanie  SRS (programowanie jednostki steruj\u0105cej poduszk\u0105 powietrzn\u0105) przedmioty wysy\u0142ane w ci\u0105gu 3 dni roboczych.* &nbsp; &nbsp; &nbsp;\" \/>\n<meta property=\"og:url\" content=\"https:\/\/keys-for-auto.eu\/pl\/product\/remote-control-key-suitable-for-chrysler-jeep-dodge\/\" \/>\n<meta property=\"og:site_name\" content=\"Keys for auto\" \/>\n<meta property=\"article:publisher\" content=\"https:\/\/www.facebook.com\/KeysForAutoEU\" \/>\n<meta property=\"og:image\" content=\"https:\/\/i0.wp.com\/keys-for-auto.eu\/wp-content\/uploads\/2022\/12\/Chrysler-2-3-4-mygtuku-raktai-su-nuotoliniu-valdymu-500x5001-removebg-preview.png?fit=500%2C500&ssl=1\" \/>\n\t<meta property=\"og:image:width\" content=\"500\" \/>\n\t<meta property=\"og:image:height\" content=\"500\" \/>\n\t<meta property=\"og:image:type\" content=\"image\/png\" \/>\n<meta name=\"twitter:card\" content=\"summary_large_image\" \/>\n<meta name=\"twitter:label1\" content=\"Szacowany czas czytania\" \/>\n\t<meta name=\"twitter:data1\" content=\"1 minuta\" \/>\n<script type=\"application\/ld+json\" class=\"yoast-schema-graph\">{\"@context\":\"https:\\\/\\\/schema.org\",\"@graph\":[{\"@type\":[\"WebPage\",\"ItemPage\"],\"@id\":\"https:\\\/\\\/keys-for-auto.eu\\\/pl\\\/product\\\/remote-control-key-suitable-for-chrysler-jeep-dodge\\\/\",\"url\":\"https:\\\/\\\/keys-for-auto.eu\\\/pl\\\/product\\\/remote-control-key-suitable-for-chrysler-jeep-dodge\\\/\",\"name\":\"Klucz zdalnego sterowania - pasuj\u0105cy do Chrysler JEEP Dodge - Keys for auto\",\"isPartOf\":{\"@id\":\"https:\\\/\\\/keys-for-auto.eu\\\/pl\\\/#website\"},\"primaryImageOfPage\":{\"@id\":\"https:\\\/\\\/keys-for-auto.eu\\\/pl\\\/product\\\/remote-control-key-suitable-for-chrysler-jeep-dodge\\\/#primaryimage\"},\"image\":{\"@id\":\"https:\\\/\\\/keys-for-auto.eu\\\/pl\\\/product\\\/remote-control-key-suitable-for-chrysler-jeep-dodge\\\/#primaryimage\"},\"thumbnailUrl\":\"https:\\\/\\\/keys-for-auto.eu\\\/wp-content\\\/uploads\\\/2022\\\/12\\\/Chrysler-2-3-4-mygtuku-raktai-su-nuotoliniu-valdymu-500x5001-removebg-preview.png\",\"datePublished\":\"2016-04-02T19:08:46+00:00\",\"breadcrumb\":{\"@id\":\"https:\\\/\\\/keys-for-auto.eu\\\/pl\\\/product\\\/remote-control-key-suitable-for-chrysler-jeep-dodge\\\/#breadcrumb\"},\"inLanguage\":\"pl-PL\",\"potentialAction\":[{\"@type\":\"ReadAction\",\"target\":[\"https:\\\/\\\/keys-for-auto.eu\\\/pl\\\/product\\\/remote-control-key-suitable-for-chrysler-jeep-dodge\\\/\"]}]},{\"@type\":\"ImageObject\",\"inLanguage\":\"pl-PL\",\"@id\":\"https:\\\/\\\/keys-for-auto.eu\\\/pl\\\/product\\\/remote-control-key-suitable-for-chrysler-jeep-dodge\\\/#primaryimage\",\"url\":\"https:\\\/\\\/keys-for-auto.eu\\\/wp-content\\\/uploads\\\/2022\\\/12\\\/Chrysler-2-3-4-mygtuku-raktai-su-nuotoliniu-valdymu-500x5001-removebg-preview.png\",\"contentUrl\":\"https:\\\/\\\/keys-for-auto.eu\\\/wp-content\\\/uploads\\\/2022\\\/12\\\/Chrysler-2-3-4-mygtuku-raktai-su-nuotoliniu-valdymu-500x5001-removebg-preview.png\",\"width\":500,\"height\":500},{\"@type\":\"BreadcrumbList\",\"@id\":\"https:\\\/\\\/keys-for-auto.eu\\\/pl\\\/product\\\/remote-control-key-suitable-for-chrysler-jeep-dodge\\\/#breadcrumb\",\"itemListElement\":[{\"@type\":\"ListItem\",\"position\":1,\"name\":\"Strona g\u0142\u00f3wna\",\"item\":\"https:\\\/\\\/keys-for-auto.eu\\\/pl\\\/\"},{\"@type\":\"ListItem\",\"position\":2,\"name\":\"Shop\",\"item\":\"https:\\\/\\\/keys-for-auto.eu\\\/\"},{\"@type\":\"ListItem\",\"position\":3,\"name\":\"Klucz zdalnego sterowania &#8211; pasuj\u0105cy do Chrysler JEEP Dodge\"}]},{\"@type\":\"WebSite\",\"@id\":\"https:\\\/\\\/keys-for-auto.eu\\\/pl\\\/#website\",\"url\":\"https:\\\/\\\/keys-for-auto.eu\\\/pl\\\/\",\"name\":\"Keys for auto\",\"description\":\"Car keys,  key shells, key programming\",\"publisher\":{\"@id\":\"https:\\\/\\\/keys-for-auto.eu\\\/pl\\\/#organization\"},\"potentialAction\":[{\"@type\":\"SearchAction\",\"target\":{\"@type\":\"EntryPoint\",\"urlTemplate\":\"https:\\\/\\\/keys-for-auto.eu\\\/pl\\\/?s={search_term_string}\"},\"query-input\":{\"@type\":\"PropertyValueSpecification\",\"valueRequired\":true,\"valueName\":\"search_term_string\"}}],\"inLanguage\":\"pl-PL\"},{\"@type\":\"Organization\",\"@id\":\"https:\\\/\\\/keys-for-auto.eu\\\/pl\\\/#organization\",\"name\":\"Klucze do samochodu\",\"url\":\"https:\\\/\\\/keys-for-auto.eu\\\/pl\\\/\",\"logo\":{\"@type\":\"ImageObject\",\"inLanguage\":\"pl-PL\",\"@id\":\"https:\\\/\\\/keys-for-auto.eu\\\/pl\\\/#\\\/schema\\\/logo\\\/image\\\/\",\"url\":\"https:\\\/\\\/keys-for-auto.eu\\\/wp-content\\\/uploads\\\/2022\\\/11\\\/cropped-png1.png\",\"contentUrl\":\"https:\\\/\\\/keys-for-auto.eu\\\/wp-content\\\/uploads\\\/2022\\\/11\\\/cropped-png1.png\",\"width\":1000,\"height\":342,\"caption\":\"Klucze do samochodu\"},\"image\":{\"@id\":\"https:\\\/\\\/keys-for-auto.eu\\\/pl\\\/#\\\/schema\\\/logo\\\/image\\\/\"},\"sameAs\":[\"https:\\\/\\\/www.facebook.com\\\/KeysForAutoEU\"]}]}<\/script>\n<!-- \/ Yoast SEO plugin. -->","yoast_head_json":{"title":"Klucz zdalnego sterowania - pasuj\u0105cy do Chrysler JEEP Dodge - Keys for auto","robots":{"index":"index","follow":"follow","max-snippet":"max-snippet:-1","max-image-preview":"max-image-preview:large","max-video-preview":"max-video-preview:-1"},"canonical":"https:\/\/keys-for-auto.eu\/pl\/product\/remote-control-key-suitable-for-chrysler-jeep-dodge\/","og_locale":"pl_PL","og_type":"article","og_title":"Klucz zdalnego sterowania - pasuj\u0105cy do Chrysler JEEP Dodge - Keys for auto","og_description":"Klucze zdalnego sterowania pasuj\u0105ce do samochod\u00f3w Chrysler, JEEP, Dodge. Mo\u017cliwo\u015b\u0107 zam\u00f3wienia z guzikami 2-3-4-5-6. Produkcja kluczy samochodowych  Produkcja nowych kluczy samochodowych, programowanie kluczy (\"wi\u0105zanie\" z samochodem)  Usuwanie z pami\u0119ci samochodu wcze\u015bniej zgubionych kluczyk\u00f3w  Produkcja klucza zap\u0142onowego wed\u0142ug zamka  Naprawa kluczy samochodowych (wymiana przycisk\u00f3w, muszli, mechanizm\u00f3w)  Awaryjne odblokowanie samochodu  Wymiana kluczy, etui na klucze  Wy\u0142\u0105czenie oprogramowania DPF \/ FAP  Programowe usuni\u0119cie EGR  Wy\u0142\u0105czenie oprogramowania immobilizera (immo Off)  Jednostka steruj\u0105ca silnika (ECU) naprawa, klonowanie, programowanie  SRS (programowanie jednostki steruj\u0105cej poduszk\u0105 powietrzn\u0105) przedmioty wysy\u0142ane w ci\u0105gu 3 dni roboczych.* &nbsp; &nbsp; &nbsp;","og_url":"https:\/\/keys-for-auto.eu\/pl\/product\/remote-control-key-suitable-for-chrysler-jeep-dodge\/","og_site_name":"Keys for auto","article_publisher":"https:\/\/www.facebook.com\/KeysForAutoEU","og_image":[{"width":500,"height":500,"url":"https:\/\/i0.wp.com\/keys-for-auto.eu\/wp-content\/uploads\/2022\/12\/Chrysler-2-3-4-mygtuku-raktai-su-nuotoliniu-valdymu-500x5001-removebg-preview.png?fit=500%2C500&ssl=1","type":"image\/png"}],"twitter_card":"summary_large_image","twitter_misc":{"Szacowany czas czytania":"1 minuta"},"schema":{"@context":"https:\/\/schema.org","@graph":[{"@type":["WebPage","ItemPage"],"@id":"https:\/\/keys-for-auto.eu\/pl\/product\/remote-control-key-suitable-for-chrysler-jeep-dodge\/","url":"https:\/\/keys-for-auto.eu\/pl\/product\/remote-control-key-suitable-for-chrysler-jeep-dodge\/","name":"Klucz zdalnego sterowania - pasuj\u0105cy do Chrysler JEEP Dodge - Keys for auto","isPartOf":{"@id":"https:\/\/keys-for-auto.eu\/pl\/#website"},"primaryImageOfPage":{"@id":"https:\/\/keys-for-auto.eu\/pl\/product\/remote-control-key-suitable-for-chrysler-jeep-dodge\/#primaryimage"},"image":{"@id":"https:\/\/keys-for-auto.eu\/pl\/product\/remote-control-key-suitable-for-chrysler-jeep-dodge\/#primaryimage"},"thumbnailUrl":"https:\/\/keys-for-auto.eu\/wp-content\/uploads\/2022\/12\/Chrysler-2-3-4-mygtuku-raktai-su-nuotoliniu-valdymu-500x5001-removebg-preview.png","datePublished":"2016-04-02T19:08:46+00:00","breadcrumb":{"@id":"https:\/\/keys-for-auto.eu\/pl\/product\/remote-control-key-suitable-for-chrysler-jeep-dodge\/#breadcrumb"},"inLanguage":"pl-PL","potentialAction":[{"@type":"ReadAction","target":["https:\/\/keys-for-auto.eu\/pl\/product\/remote-control-key-suitable-for-chrysler-jeep-dodge\/"]}]},{"@type":"ImageObject","inLanguage":"pl-PL","@id":"https:\/\/keys-for-auto.eu\/pl\/product\/remote-control-key-suitable-for-chrysler-jeep-dodge\/#primaryimage","url":"https:\/\/keys-for-auto.eu\/wp-content\/uploads\/2022\/12\/Chrysler-2-3-4-mygtuku-raktai-su-nuotoliniu-valdymu-500x5001-removebg-preview.png","contentUrl":"https:\/\/keys-for-auto.eu\/wp-content\/uploads\/2022\/12\/Chrysler-2-3-4-mygtuku-raktai-su-nuotoliniu-valdymu-500x5001-removebg-preview.png","width":500,"height":500},{"@type":"BreadcrumbList","@id":"https:\/\/keys-for-auto.eu\/pl\/product\/remote-control-key-suitable-for-chrysler-jeep-dodge\/#breadcrumb","itemListElement":[{"@type":"ListItem","position":1,"name":"Strona g\u0142\u00f3wna","item":"https:\/\/keys-for-auto.eu\/pl\/"},{"@type":"ListItem","position":2,"name":"Shop","item":"https:\/\/keys-for-auto.eu\/"},{"@type":"ListItem","position":3,"name":"Klucz zdalnego sterowania &#8211; pasuj\u0105cy do Chrysler JEEP Dodge"}]},{"@type":"WebSite","@id":"https:\/\/keys-for-auto.eu\/pl\/#website","url":"https:\/\/keys-for-auto.eu\/pl\/","name":"Keys for auto","description":"Car keys,  key shells, key programming","publisher":{"@id":"https:\/\/keys-for-auto.eu\/pl\/#organization"},"potentialAction":[{"@type":"SearchAction","target":{"@type":"EntryPoint","urlTemplate":"https:\/\/keys-for-auto.eu\/pl\/?s={search_term_string}"},"query-input":{"@type":"PropertyValueSpecification","valueRequired":true,"valueName":"search_term_string"}}],"inLanguage":"pl-PL"},{"@type":"Organization","@id":"https:\/\/keys-for-auto.eu\/pl\/#organization","name":"Klucze do samochodu","url":"https:\/\/keys-for-auto.eu\/pl\/","logo":{"@type":"ImageObject","inLanguage":"pl-PL","@id":"https:\/\/keys-for-auto.eu\/pl\/#\/schema\/logo\/image\/","url":"https:\/\/keys-for-auto.eu\/wp-content\/uploads\/2022\/11\/cropped-png1.png","contentUrl":"https:\/\/keys-for-auto.eu\/wp-content\/uploads\/2022\/11\/cropped-png1.png","width":1000,"height":342,"caption":"Klucze do samochodu"},"image":{"@id":"https:\/\/keys-for-auto.eu\/pl\/#\/schema\/logo\/image\/"},"sameAs":["https:\/\/www.facebook.com\/KeysForAutoEU"]}]}},"_links":{"self":[{"href":"https:\/\/keys-for-auto.eu\/pl\/wp-json\/wp\/v2\/product\/16640","targetHints":{"allow":["GET"]}}],"collection":[{"href":"https:\/\/keys-for-auto.eu\/pl\/wp-json\/wp\/v2\/product"}],"about":[{"href":"https:\/\/keys-for-auto.eu\/pl\/wp-json\/wp\/v2\/types\/product"}],"replies":[{"embeddable":true,"href":"https:\/\/keys-for-auto.eu\/pl\/wp-json\/wp\/v2\/comments?post=16640"}],"wp:featuredmedia":[{"embeddable":true,"href":"https:\/\/keys-for-auto.eu\/pl\/wp-json\/wp\/v2\/media\/12958"}],"wp:attachment":[{"href":"https:\/\/keys-for-auto.eu\/pl\/wp-json\/wp\/v2\/media?parent=16640"}],"wp:term":[{"taxonomy":"product_brand","embeddable":true,"href":"https:\/\/keys-for-auto.eu\/pl\/wp-json\/wp\/v2\/product_brand?post=16640"},{"taxonomy":"product_cat","embeddable":true,"href":"https:\/\/keys-for-auto.eu\/pl\/wp-json\/wp\/v2\/product_cat?post=16640"},{"taxonomy":"product_tag","embeddable":true,"href":"https:\/\/keys-for-auto.eu\/pl\/wp-json\/wp\/v2\/product_tag?post=16640"}],"curies":[{"name":"wp","href":"https:\/\/api.w.org\/{rel}","templated":true}]}}