{"id":16636,"date":"2016-04-02T19:13:24","date_gmt":"2016-04-02T19:13:24","guid":{"rendered":"https:\/\/keys-for-auto.eu\/product\/klucz-zdalnego-sterowania-pasuje-do-citroen-ds3-ds4-ds5\/"},"modified":"2016-04-02T19:13:24","modified_gmt":"2016-04-02T19:13:24","slug":"zdalne-sterowanie-klawiszem-odpowiednie-dla-citroena-ds3-ds4-ds5","status":"publish","type":"product","link":"https:\/\/keys-for-auto.eu\/pl\/product\/zdalne-sterowanie-klawiszem-odpowiednie-dla-citroena-ds3-ds4-ds5\/","title":{"rendered":"Klucz zdalnego sterowania &#8211; pasuje do Citroen DS3 | DS4 | DS5"},"content":{"rendered":"<h2>Przedstawiamy kluczyk zdalnego sterowania do Citroena DS3, DS4, DS5, pasuj\u0105cy do samochod\u00f3w serii DS.<\/h2>\n<p>Je\u015bli interesuje Ci\u0119 nie tylko zakup kluczy do Twojego Citroena, ale tak\u017ce ich programowanie, jeste\u015bmy firm\u0105<img loading=\"lazy\" decoding=\"async\" class=\"alignright\" src=\"http:\/\/raktai-automobiliams.lt\/wp-content\/uploads\/2016\/04\/logoimage_85.png\" alt=\"Citroen\" width=\"203\" height=\"247\">, kt\u00f3ra wykona t\u0119 us\u0142ug\u0119 szybko, jako\u015bciowo i w przyst\u0119pnej cenie. Coraz wi\u0119cej klient\u00f3w zwraca si\u0119 do nas w sprawie programowania kluczy. \u015awiadczy to o naszej rzetelno\u015bci i profesjonalizmie w zakresie produkcji i programowania kluczy. Programujemy klucze nie tylko do Citroena, ale tak\u017ce do wszystkich innych marek samochod\u00f3w.<\/p>\n<p>&nbsp;<\/p>\n<h2>Programowanie kluczy do Citroena<\/h2>\n<p>Je\u015bli chcesz zadba\u0107 o bezpiecze\u0144stwo swojego samochodu, zam\u00f3w programowanie i produkcj\u0119 kluczy ju\u017c teraz, bo produkcja kluczy jeszcze nigdy nie by\u0142a tak wygodna i szybka! Gwarantujemy jako\u015b\u0107 naszej pracy, dlatego na ka\u017cd\u0105 us\u0142ug\u0119 udzielamy pisemnej gwarancji.<\/p>\n<p>Klucze samochodowe to nasza pasja, kt\u00f3ra nap\u0119dza nas do dzia\u0142ania i pomaga w podejmowaniu nowych wyzwa\u0144, ci\u0105g\u0142ej aktualizacji technologii, z kt\u00f3r\u0105 pracujemy w imi\u0119 jako\u015bci oraz odpowiedzialnego i troskliwego podej\u015bcia do ka\u017cdego klienta i jego samochodu. W ko\u0144cu nie na darmo m\u00f3wi si\u0119, \u017ce pocz\u0105tek jest najwa\u017cniejsz\u0105 cz\u0119\u015bci\u0105 ka\u017cdej podr\u00f3\u017cy. M\u00f3wimy, \u017ce wa\u017cne jest, aby ka\u017cd\u0105 podr\u00f3\u017c rozpocz\u0105\u0107 sprawnie i zako\u0144czy\u0107 j\u0105 bezpiecznie. A sprawny start oznacza odblokowanie i uruchomienie samochodu. Bezpiecznym zako\u0144czeniem jest zamkni\u0119cie samochodu bez obawy, \u017ce mo\u017ce on nie by\u0107 wystarczaj\u0105co zabezpieczony. To w\u0142a\u015bnie wtedy zwracasz si\u0119 do nas &#8211; profesjonalist\u00f3w od kluczy samochodowych!<\/p>\n","protected":false},"excerpt":{"rendered":"<p><em><strong>Klucz pasuj\u0105cy do samochod\u00f3w marki Citroen, &#8211; klucz z pilotem, pasuj\u0105cy do samochod\u00f3w serii DS.<\/strong><\/em><\/p>\n<h3><strong>Produkcja kluczy samochodowych<\/strong><\/h3>\n<ul>\n<li><strong>Produkcja nowych kluczy samochodowych, programowanie kluczy (&#8222;wi\u0105zanie&#8221; z samochodem)<\/strong><\/li>\n<li><strong>Usuwanie z pami\u0119ci samochodu wcze\u015bniej zgubionych kluczyk\u00f3w<\/strong><\/li>\n<li><strong>Produkcja klucza zap\u0142onowego wed\u0142ug zamka<\/strong><\/li>\n<li><strong>Naprawa kluczy samochodowych (wymiana przycisk\u00f3w, muszli, mechanizm\u00f3w)<\/strong><\/li>\n<li><strong>Awaryjne odblokowanie samochodu<\/strong><\/li>\n<li><strong>Wymiana kluczy, etui na klucze<\/strong><\/li>\n<li><strong>Wy\u0142\u0105czenie oprogramowania DPF \/ FAP<\/strong><\/li>\n<li><strong>Programowe usuni\u0119cie EGR<\/strong><\/li>\n<li><strong>Wy\u0142\u0105czenie oprogramowania immobilizera (immo Off)<\/strong><\/li>\n<li><strong>Jednostka steruj\u0105ca silnika (ECU) naprawa, klonowanie, programowanie<\/strong><\/li>\n<li><strong>SRS (programowanie jednostki steruj\u0105cej poduszk\u0105 powietrzn\u0105)<\/strong><\/li>\n<\/ul>\n<h4><strong>przedmioty wysy\u0142ane w ci\u0105gu 3 dni roboczych.*<\/strong><\/h4>\n<p>&nbsp;<\/p>\n<p>&nbsp;<\/p>\n","protected":false},"featured_media":12978,"comment_status":"open","ping_status":"closed","template":"","meta":[],"product_brand":[],"product_cat":[2799,2779],"product_tag":[3159,3163,3108,3166],"class_list":{"0":"post-16636","1":"product","2":"type-product","3":"status-publish","4":"has-post-thumbnail","6":"product_cat-citroen-pl","7":"product_cat-przyciski-zdalnego-sterowania","8":"product_tag-citroen-ds3-klucz","9":"product_tag-citroen-ds4-klucz","10":"product_tag-klucz-do-citroena","11":"product_tag-klucz-do-citroena-ds5","13":"first","14":"instock","15":"shipping-taxable","16":"purchasable","17":"product-type-simple"},"yoast_head":"<!-- This site is optimized with the Yoast SEO plugin v27.6 - https:\/\/yoast.com\/product\/yoast-seo-wordpress\/ -->\n<title>Klucz zdalnego sterowania - pasuje do Citroen DS3 | DS4 | DS5 - Keys for auto<\/title>\n<meta name=\"robots\" content=\"index, follow, max-snippet:-1, max-image-preview:large, max-video-preview:-1\" \/>\n<link rel=\"canonical\" href=\"https:\/\/keys-for-auto.eu\/pl\/product\/zdalne-sterowanie-klawiszem-odpowiednie-dla-citroena-ds3-ds4-ds5\/\" \/>\n<meta property=\"og:locale\" content=\"pl_PL\" \/>\n<meta property=\"og:type\" content=\"article\" \/>\n<meta property=\"og:title\" content=\"Klucz zdalnego sterowania - pasuje do Citroen DS3 | DS4 | DS5 - Keys for auto\" \/>\n<meta property=\"og:description\" content=\"Klucz pasuj\u0105cy do samochod\u00f3w marki Citroen, - klucz z pilotem, pasuj\u0105cy do samochod\u00f3w serii DS. Produkcja kluczy samochodowych  Produkcja nowych kluczy samochodowych, programowanie kluczy (&quot;wi\u0105zanie&quot; z samochodem)  Usuwanie z pami\u0119ci samochodu wcze\u015bniej zgubionych kluczyk\u00f3w  Produkcja klucza zap\u0142onowego wed\u0142ug zamka  Naprawa kluczy samochodowych (wymiana przycisk\u00f3w, muszli, mechanizm\u00f3w)  Awaryjne odblokowanie samochodu  Wymiana kluczy, etui na klucze  Wy\u0142\u0105czenie oprogramowania DPF \/ FAP  Programowe usuni\u0119cie EGR  Wy\u0142\u0105czenie oprogramowania immobilizera (immo Off)  Jednostka steruj\u0105ca silnika (ECU) naprawa, klonowanie, programowanie  SRS (programowanie jednostki steruj\u0105cej poduszk\u0105 powietrzn\u0105) przedmioty wysy\u0142ane w ci\u0105gu 3 dni roboczych.* &nbsp; &nbsp;\" \/>\n<meta property=\"og:url\" content=\"https:\/\/keys-for-auto.eu\/pl\/product\/zdalne-sterowanie-klawiszem-odpowiednie-dla-citroena-ds3-ds4-ds5\/\" \/>\n<meta property=\"og:site_name\" content=\"Keys for auto\" \/>\n<meta property=\"article:publisher\" content=\"https:\/\/www.facebook.com\/KeysForAutoEU\" \/>\n<meta property=\"og:image\" content=\"https:\/\/i0.wp.com\/keys-for-auto.eu\/wp-content\/uploads\/2022\/12\/Citroen-naujas-raktas-500x5001-removebg-preview-wpp1669044449743.png?fit=500%2C500&ssl=1\" \/>\n\t<meta property=\"og:image:width\" content=\"500\" \/>\n\t<meta property=\"og:image:height\" content=\"500\" \/>\n\t<meta property=\"og:image:type\" content=\"image\/png\" \/>\n<meta name=\"twitter:card\" content=\"summary_large_image\" \/>\n<meta name=\"twitter:label1\" content=\"Szacowany czas czytania\" \/>\n\t<meta name=\"twitter:data1\" content=\"1 minuta\" \/>\n<script type=\"application\/ld+json\" class=\"yoast-schema-graph\">{\"@context\":\"https:\\\/\\\/schema.org\",\"@graph\":[{\"@type\":[\"WebPage\",\"ItemPage\"],\"@id\":\"https:\\\/\\\/keys-for-auto.eu\\\/pl\\\/product\\\/zdalne-sterowanie-klawiszem-odpowiednie-dla-citroena-ds3-ds4-ds5\\\/\",\"url\":\"https:\\\/\\\/keys-for-auto.eu\\\/pl\\\/product\\\/zdalne-sterowanie-klawiszem-odpowiednie-dla-citroena-ds3-ds4-ds5\\\/\",\"name\":\"Klucz zdalnego sterowania - pasuje do Citroen DS3 | DS4 | DS5 - Keys for auto\",\"isPartOf\":{\"@id\":\"https:\\\/\\\/keys-for-auto.eu\\\/pl\\\/#website\"},\"primaryImageOfPage\":{\"@id\":\"https:\\\/\\\/keys-for-auto.eu\\\/pl\\\/product\\\/zdalne-sterowanie-klawiszem-odpowiednie-dla-citroena-ds3-ds4-ds5\\\/#primaryimage\"},\"image\":{\"@id\":\"https:\\\/\\\/keys-for-auto.eu\\\/pl\\\/product\\\/zdalne-sterowanie-klawiszem-odpowiednie-dla-citroena-ds3-ds4-ds5\\\/#primaryimage\"},\"thumbnailUrl\":\"https:\\\/\\\/keys-for-auto.eu\\\/wp-content\\\/uploads\\\/2022\\\/12\\\/Citroen-naujas-raktas-500x5001-removebg-preview-wpp1669044449743.png\",\"datePublished\":\"2016-04-02T19:13:24+00:00\",\"breadcrumb\":{\"@id\":\"https:\\\/\\\/keys-for-auto.eu\\\/pl\\\/product\\\/zdalne-sterowanie-klawiszem-odpowiednie-dla-citroena-ds3-ds4-ds5\\\/#breadcrumb\"},\"inLanguage\":\"pl-PL\",\"potentialAction\":[{\"@type\":\"ReadAction\",\"target\":[\"https:\\\/\\\/keys-for-auto.eu\\\/pl\\\/product\\\/zdalne-sterowanie-klawiszem-odpowiednie-dla-citroena-ds3-ds4-ds5\\\/\"]}]},{\"@type\":\"ImageObject\",\"inLanguage\":\"pl-PL\",\"@id\":\"https:\\\/\\\/keys-for-auto.eu\\\/pl\\\/product\\\/zdalne-sterowanie-klawiszem-odpowiednie-dla-citroena-ds3-ds4-ds5\\\/#primaryimage\",\"url\":\"https:\\\/\\\/keys-for-auto.eu\\\/wp-content\\\/uploads\\\/2022\\\/12\\\/Citroen-naujas-raktas-500x5001-removebg-preview-wpp1669044449743.png\",\"contentUrl\":\"https:\\\/\\\/keys-for-auto.eu\\\/wp-content\\\/uploads\\\/2022\\\/12\\\/Citroen-naujas-raktas-500x5001-removebg-preview-wpp1669044449743.png\",\"width\":500,\"height\":500},{\"@type\":\"BreadcrumbList\",\"@id\":\"https:\\\/\\\/keys-for-auto.eu\\\/pl\\\/product\\\/zdalne-sterowanie-klawiszem-odpowiednie-dla-citroena-ds3-ds4-ds5\\\/#breadcrumb\",\"itemListElement\":[{\"@type\":\"ListItem\",\"position\":1,\"name\":\"Strona g\u0142\u00f3wna\",\"item\":\"https:\\\/\\\/keys-for-auto.eu\\\/pl\\\/\"},{\"@type\":\"ListItem\",\"position\":2,\"name\":\"Shop\",\"item\":\"https:\\\/\\\/keys-for-auto.eu\\\/\"},{\"@type\":\"ListItem\",\"position\":3,\"name\":\"Klucz zdalnego sterowania &#8211; pasuje do Citroen DS3 | DS4 | DS5\"}]},{\"@type\":\"WebSite\",\"@id\":\"https:\\\/\\\/keys-for-auto.eu\\\/pl\\\/#website\",\"url\":\"https:\\\/\\\/keys-for-auto.eu\\\/pl\\\/\",\"name\":\"Keys for auto\",\"description\":\"Car keys,  key shells, key programming\",\"publisher\":{\"@id\":\"https:\\\/\\\/keys-for-auto.eu\\\/pl\\\/#organization\"},\"potentialAction\":[{\"@type\":\"SearchAction\",\"target\":{\"@type\":\"EntryPoint\",\"urlTemplate\":\"https:\\\/\\\/keys-for-auto.eu\\\/pl\\\/?s={search_term_string}\"},\"query-input\":{\"@type\":\"PropertyValueSpecification\",\"valueRequired\":true,\"valueName\":\"search_term_string\"}}],\"inLanguage\":\"pl-PL\"},{\"@type\":\"Organization\",\"@id\":\"https:\\\/\\\/keys-for-auto.eu\\\/pl\\\/#organization\",\"name\":\"Klucze do samochodu\",\"url\":\"https:\\\/\\\/keys-for-auto.eu\\\/pl\\\/\",\"logo\":{\"@type\":\"ImageObject\",\"inLanguage\":\"pl-PL\",\"@id\":\"https:\\\/\\\/keys-for-auto.eu\\\/pl\\\/#\\\/schema\\\/logo\\\/image\\\/\",\"url\":\"https:\\\/\\\/keys-for-auto.eu\\\/wp-content\\\/uploads\\\/2022\\\/11\\\/cropped-png1.png\",\"contentUrl\":\"https:\\\/\\\/keys-for-auto.eu\\\/wp-content\\\/uploads\\\/2022\\\/11\\\/cropped-png1.png\",\"width\":1000,\"height\":342,\"caption\":\"Klucze do samochodu\"},\"image\":{\"@id\":\"https:\\\/\\\/keys-for-auto.eu\\\/pl\\\/#\\\/schema\\\/logo\\\/image\\\/\"},\"sameAs\":[\"https:\\\/\\\/www.facebook.com\\\/KeysForAutoEU\"]}]}<\/script>\n<!-- \/ Yoast SEO plugin. -->","yoast_head_json":{"title":"Klucz zdalnego sterowania - pasuje do Citroen DS3 | DS4 | DS5 - Keys for auto","robots":{"index":"index","follow":"follow","max-snippet":"max-snippet:-1","max-image-preview":"max-image-preview:large","max-video-preview":"max-video-preview:-1"},"canonical":"https:\/\/keys-for-auto.eu\/pl\/product\/zdalne-sterowanie-klawiszem-odpowiednie-dla-citroena-ds3-ds4-ds5\/","og_locale":"pl_PL","og_type":"article","og_title":"Klucz zdalnego sterowania - pasuje do Citroen DS3 | DS4 | DS5 - Keys for auto","og_description":"Klucz pasuj\u0105cy do samochod\u00f3w marki Citroen, - klucz z pilotem, pasuj\u0105cy do samochod\u00f3w serii DS. Produkcja kluczy samochodowych  Produkcja nowych kluczy samochodowych, programowanie kluczy (\"wi\u0105zanie\" z samochodem)  Usuwanie z pami\u0119ci samochodu wcze\u015bniej zgubionych kluczyk\u00f3w  Produkcja klucza zap\u0142onowego wed\u0142ug zamka  Naprawa kluczy samochodowych (wymiana przycisk\u00f3w, muszli, mechanizm\u00f3w)  Awaryjne odblokowanie samochodu  Wymiana kluczy, etui na klucze  Wy\u0142\u0105czenie oprogramowania DPF \/ FAP  Programowe usuni\u0119cie EGR  Wy\u0142\u0105czenie oprogramowania immobilizera (immo Off)  Jednostka steruj\u0105ca silnika (ECU) naprawa, klonowanie, programowanie  SRS (programowanie jednostki steruj\u0105cej poduszk\u0105 powietrzn\u0105) przedmioty wysy\u0142ane w ci\u0105gu 3 dni roboczych.* &nbsp; &nbsp;","og_url":"https:\/\/keys-for-auto.eu\/pl\/product\/zdalne-sterowanie-klawiszem-odpowiednie-dla-citroena-ds3-ds4-ds5\/","og_site_name":"Keys for auto","article_publisher":"https:\/\/www.facebook.com\/KeysForAutoEU","og_image":[{"width":500,"height":500,"url":"https:\/\/i0.wp.com\/keys-for-auto.eu\/wp-content\/uploads\/2022\/12\/Citroen-naujas-raktas-500x5001-removebg-preview-wpp1669044449743.png?fit=500%2C500&ssl=1","type":"image\/png"}],"twitter_card":"summary_large_image","twitter_misc":{"Szacowany czas czytania":"1 minuta"},"schema":{"@context":"https:\/\/schema.org","@graph":[{"@type":["WebPage","ItemPage"],"@id":"https:\/\/keys-for-auto.eu\/pl\/product\/zdalne-sterowanie-klawiszem-odpowiednie-dla-citroena-ds3-ds4-ds5\/","url":"https:\/\/keys-for-auto.eu\/pl\/product\/zdalne-sterowanie-klawiszem-odpowiednie-dla-citroena-ds3-ds4-ds5\/","name":"Klucz zdalnego sterowania - pasuje do Citroen DS3 | DS4 | DS5 - Keys for auto","isPartOf":{"@id":"https:\/\/keys-for-auto.eu\/pl\/#website"},"primaryImageOfPage":{"@id":"https:\/\/keys-for-auto.eu\/pl\/product\/zdalne-sterowanie-klawiszem-odpowiednie-dla-citroena-ds3-ds4-ds5\/#primaryimage"},"image":{"@id":"https:\/\/keys-for-auto.eu\/pl\/product\/zdalne-sterowanie-klawiszem-odpowiednie-dla-citroena-ds3-ds4-ds5\/#primaryimage"},"thumbnailUrl":"https:\/\/keys-for-auto.eu\/wp-content\/uploads\/2022\/12\/Citroen-naujas-raktas-500x5001-removebg-preview-wpp1669044449743.png","datePublished":"2016-04-02T19:13:24+00:00","breadcrumb":{"@id":"https:\/\/keys-for-auto.eu\/pl\/product\/zdalne-sterowanie-klawiszem-odpowiednie-dla-citroena-ds3-ds4-ds5\/#breadcrumb"},"inLanguage":"pl-PL","potentialAction":[{"@type":"ReadAction","target":["https:\/\/keys-for-auto.eu\/pl\/product\/zdalne-sterowanie-klawiszem-odpowiednie-dla-citroena-ds3-ds4-ds5\/"]}]},{"@type":"ImageObject","inLanguage":"pl-PL","@id":"https:\/\/keys-for-auto.eu\/pl\/product\/zdalne-sterowanie-klawiszem-odpowiednie-dla-citroena-ds3-ds4-ds5\/#primaryimage","url":"https:\/\/keys-for-auto.eu\/wp-content\/uploads\/2022\/12\/Citroen-naujas-raktas-500x5001-removebg-preview-wpp1669044449743.png","contentUrl":"https:\/\/keys-for-auto.eu\/wp-content\/uploads\/2022\/12\/Citroen-naujas-raktas-500x5001-removebg-preview-wpp1669044449743.png","width":500,"height":500},{"@type":"BreadcrumbList","@id":"https:\/\/keys-for-auto.eu\/pl\/product\/zdalne-sterowanie-klawiszem-odpowiednie-dla-citroena-ds3-ds4-ds5\/#breadcrumb","itemListElement":[{"@type":"ListItem","position":1,"name":"Strona g\u0142\u00f3wna","item":"https:\/\/keys-for-auto.eu\/pl\/"},{"@type":"ListItem","position":2,"name":"Shop","item":"https:\/\/keys-for-auto.eu\/"},{"@type":"ListItem","position":3,"name":"Klucz zdalnego sterowania &#8211; pasuje do Citroen DS3 | DS4 | DS5"}]},{"@type":"WebSite","@id":"https:\/\/keys-for-auto.eu\/pl\/#website","url":"https:\/\/keys-for-auto.eu\/pl\/","name":"Keys for auto","description":"Car keys,  key shells, key programming","publisher":{"@id":"https:\/\/keys-for-auto.eu\/pl\/#organization"},"potentialAction":[{"@type":"SearchAction","target":{"@type":"EntryPoint","urlTemplate":"https:\/\/keys-for-auto.eu\/pl\/?s={search_term_string}"},"query-input":{"@type":"PropertyValueSpecification","valueRequired":true,"valueName":"search_term_string"}}],"inLanguage":"pl-PL"},{"@type":"Organization","@id":"https:\/\/keys-for-auto.eu\/pl\/#organization","name":"Klucze do samochodu","url":"https:\/\/keys-for-auto.eu\/pl\/","logo":{"@type":"ImageObject","inLanguage":"pl-PL","@id":"https:\/\/keys-for-auto.eu\/pl\/#\/schema\/logo\/image\/","url":"https:\/\/keys-for-auto.eu\/wp-content\/uploads\/2022\/11\/cropped-png1.png","contentUrl":"https:\/\/keys-for-auto.eu\/wp-content\/uploads\/2022\/11\/cropped-png1.png","width":1000,"height":342,"caption":"Klucze do samochodu"},"image":{"@id":"https:\/\/keys-for-auto.eu\/pl\/#\/schema\/logo\/image\/"},"sameAs":["https:\/\/www.facebook.com\/KeysForAutoEU"]}]}},"_links":{"self":[{"href":"https:\/\/keys-for-auto.eu\/pl\/wp-json\/wp\/v2\/product\/16636","targetHints":{"allow":["GET"]}}],"collection":[{"href":"https:\/\/keys-for-auto.eu\/pl\/wp-json\/wp\/v2\/product"}],"about":[{"href":"https:\/\/keys-for-auto.eu\/pl\/wp-json\/wp\/v2\/types\/product"}],"replies":[{"embeddable":true,"href":"https:\/\/keys-for-auto.eu\/pl\/wp-json\/wp\/v2\/comments?post=16636"}],"wp:featuredmedia":[{"embeddable":true,"href":"https:\/\/keys-for-auto.eu\/pl\/wp-json\/wp\/v2\/media\/12978"}],"wp:attachment":[{"href":"https:\/\/keys-for-auto.eu\/pl\/wp-json\/wp\/v2\/media?parent=16636"}],"wp:term":[{"taxonomy":"product_brand","embeddable":true,"href":"https:\/\/keys-for-auto.eu\/pl\/wp-json\/wp\/v2\/product_brand?post=16636"},{"taxonomy":"product_cat","embeddable":true,"href":"https:\/\/keys-for-auto.eu\/pl\/wp-json\/wp\/v2\/product_cat?post=16636"},{"taxonomy":"product_tag","embeddable":true,"href":"https:\/\/keys-for-auto.eu\/pl\/wp-json\/wp\/v2\/product_tag?post=16636"}],"curies":[{"name":"wp","href":"https:\/\/api.w.org\/{rel}","templated":true}]}}