{"id":16632,"date":"2016-04-02T19:17:22","date_gmt":"2016-04-02T19:17:22","guid":{"rendered":"https:\/\/keys-for-auto.eu\/product\/pilot-zdalnego-sterowania-odpowiedni-dla-forda-falcon\/"},"modified":"2016-04-02T19:17:22","modified_gmt":"2016-04-02T19:17:22","slug":"remote-control-suitable-ford-falcon","status":"publish","type":"product","link":"https:\/\/keys-for-auto.eu\/pl\/product\/remote-control-suitable-ford-falcon\/","title":{"rendered":"Pilot zdalnego sterowania &#8211; odpowiedni dla Forda Falcon"},"content":{"rendered":"<h2><strong>Pilot zdalnego sterowania &#8211; odpowiedni dla Forda Falcon<\/strong><\/h2>\n<p>Przedstawiamy pilot zdalnego sterowania do Forda Falkonu. Nadaje si\u0119 do modeli produkowanych od 2002 do 2007 roku. Pracuje on z cz\u0119stotliwo\u015bci\u0105 304 MHz.<\/p>\n<p>Nie tylko sprzedajemy piloty i etui na klucze. Nasz\u0105 g\u0142\u00f3wn\u0105 us\u0142ug\u0105 jest programowanie kluczy. Programujemy klucze do wszystkich marek i modeli samochod\u00f3w. Programowanie kluczy to bardzo odpowiedzialna praca. Od tego zale\u017cy bezpiecze\u0144stwo Twojego samochodu. Dlatego nie pozwalamy sobie na zaniedbania w naszej pracy. Wszystko robimy z precyzj\u0105, wykorzystuj\u0105c najnowsze technologie. Programujemy klucze w Wilnie, ale z naszych us\u0142ug korzystaj\u0105 r\u00f3wnie\u017c mieszka\u0144cy innych miast. Doceniaj\u0105 jako\u015b\u0107 naszej pracy. Daj sobie szans\u0119 na docenienie r\u00f3wnie\u017c naszej pracy!<\/p>\n<p>Programowanie kluczy samochodowych ma znaczenie dla wielu wsp\u00f3\u0142czesnych w\u0142a\u015bcicieli samochod\u00f3w. Nowoczesne pojazdy nie ograniczaj\u0105 si\u0119 do blokady mechanicznej. Nowoczesne klucze samochodowe s\u0105 zabezpieczone kodem elektronicznym. Taki spos\u00f3b zabezpieczenia samochodu sprawia, \u017ce odblokowanie auta jest dost\u0119pne tylko dla w\u0142a\u015bciciela. Wi\u0119cej o technologiach zaanga\u017cowanych w ten proces i kluczowym programowaniu mo\u017cna przeczyta\u0107 tutaj.<\/p>\n<h3>Kluczowa produkcja<\/h3>\n<p>Dorabianie kluczy w Wilnie staje si\u0119 coraz bardziej popularn\u0105 us\u0142ug\u0105. Pojawia si\u0119 coraz wi\u0119cej dostawc\u00f3w. Dlatego wa\u017cne jest, aby nie pope\u0142ni\u0107 b\u0142\u0119du w wyborze. Je\u015bli potrzebujesz programowania kluczy do swojego Forda &#8211; licz na nas! Nie zwlekaj i zam\u00f3w programowanie kluczy. Niewielka inwestycja przyniesie Ci znacz\u0105ce korzy\u015bci. Gwarancj\u0105 bezpiecze\u0144stwa b\u0119dzie klucz dopasowany do Twojego samochodu i zaprogramowany zgodnie z jego mark\u0105.<\/p>\n<p>M\u00f3wi si\u0119, \u017ce niebezpieczne jest poczucie ca\u0142kowitego bezpiecze\u0144stwa. Kradzie\u017c samochod\u00f3w ro\u015bnie i ignorowanie tego faktu jest irracjonalne. Ju\u017c dzi\u015b zadbaj o programowanie kluczy! Nasze programowanie kluczy samochodowych odbywa si\u0119 zgodnie ze wszystkimi najwy\u017cszymi wymogami jako\u015bciowymi. Du\u017c\u0105 uwag\u0119 zwracamy r\u00f3wnie\u017c na czynnik ludzki. Dbamy o kompetencje naszych pracownik\u00f3w. Stale aktualizuj\u0105 swoj\u0105 wiedz\u0119 na kursach i seminariach dla kluczowych w\u0142a\u015bcicieli.<\/p>\n<h3>Klucze samochodowe<\/h3>\n<p>Klucze samochodowe to nasza dziedzina pracy i wsp\u00f3lna wi\u0119\u017a, kt\u00f3ra \u0142\u0105czy nas z Pa\u0144stwem. Poniewa\u017c interesy s\u0105 wsp\u00f3lne, wyniki mog\u0105 by\u0107 tylko satysfakcjonuj\u0105ce! Zwracasz si\u0119 do nas, a my dbamy o bezpiecze\u0144stwo Twojego samochodu.<\/p>\n","protected":false},"excerpt":{"rendered":"<h1 class=\"product-name\" style=\"box-sizing: content-box; margin: 0px 0px 8px; padding: 0px 0px 0px 15px; border: 0px; font-stretch: inherit; font-size: 18px; line-height: 22px; font-family: Arial, Helvetica, sans-senif, SimSun, \u5b8b\u4f53; vertical-align: baseline;\">Pilot zdalnego sterowania odpowiedni dla FORD Falcon (2002-2007) &#8211; 304MHZ<\/h1>\n<h3><\/h3>\n<h3><strong>Produkcja kluczy samochodowych<\/strong><\/h3>\n<ul>\n<li><strong>Produkcja nowych kluczy samochodowych, programowanie kluczy (&#8222;wi\u0105zanie&#8221; z samochodem)<\/strong><\/li>\n<li><strong>Usuwanie z pami\u0119ci samochodu wcze\u015bniej zgubionych kluczyk\u00f3w<\/strong><\/li>\n<li><strong>Produkcja klucza zap\u0142onowego wed\u0142ug zamka<\/strong><\/li>\n<li><strong>Naprawa kluczy samochodowych (wymiana przycisk\u00f3w, muszli, mechanizm\u00f3w)<\/strong><\/li>\n<li><strong>Awaryjne odblokowanie samochodu<\/strong><\/li>\n<li><strong>Wymiana kluczy, etui na klucze<\/strong><\/li>\n<li><strong>Wy\u0142\u0105czenie oprogramowania DPF \/ FAP<\/strong><\/li>\n<li><strong>Programowe usuni\u0119cie EGR<\/strong><\/li>\n<li><strong>Wy\u0142\u0105czenie oprogramowania immobilizera (immo Off)<\/strong><\/li>\n<li><strong>Jednostka steruj\u0105ca silnika (ECU) naprawa, klonowanie, programowanie<\/strong><\/li>\n<li><strong>SRS (programowanie jednostki steruj\u0105cej poduszk\u0105 powietrzn\u0105)<\/strong><\/li>\n<\/ul>\n<h4><strong>  przedmioty wysy\u0142ane w ci\u0105gu 3 dni roboczych.*<\/strong><\/h4>\n","protected":false},"featured_media":13203,"comment_status":"open","ping_status":"closed","template":"","meta":[],"product_brand":[],"product_cat":[2872,2779],"product_tag":[3143,3155,3134],"class_list":{"0":"post-16632","1":"product","2":"type-product","3":"status-publish","4":"has-post-thumbnail","6":"product_cat-ford-pl","7":"product_cat-przyciski-zdalnego-sterowania","8":"product_tag-klucz-do-forda","9":"product_tag-klucz-do-forda-falcon","10":"product_tag-pilot-zdalnego-sterowania-forda","12":"first","13":"instock","14":"shipping-taxable","15":"purchasable","16":"product-type-simple"},"yoast_head":"<!-- This site is optimized with the Yoast SEO plugin v27.6 - https:\/\/yoast.com\/product\/yoast-seo-wordpress\/ -->\n<title>Pilot zdalnego sterowania - odpowiedni dla Forda Falcon - Keys for auto<\/title>\n<meta name=\"robots\" content=\"index, follow, max-snippet:-1, max-image-preview:large, max-video-preview:-1\" \/>\n<link rel=\"canonical\" href=\"https:\/\/keys-for-auto.eu\/pl\/product\/remote-control-suitable-ford-falcon\/\" \/>\n<meta property=\"og:locale\" content=\"pl_PL\" \/>\n<meta property=\"og:type\" content=\"article\" \/>\n<meta property=\"og:title\" content=\"Pilot zdalnego sterowania - odpowiedni dla Forda Falcon - Keys for auto\" \/>\n<meta property=\"og:description\" content=\"Pilot zdalnego sterowania odpowiedni dla FORD Falcon (2002-2007) - 304MHZ Produkcja kluczy samochodowych  Produkcja nowych kluczy samochodowych, programowanie kluczy (&quot;wi\u0105zanie&quot; z samochodem)  Usuwanie z pami\u0119ci samochodu wcze\u015bniej zgubionych kluczyk\u00f3w  Produkcja klucza zap\u0142onowego wed\u0142ug zamka  Naprawa kluczy samochodowych (wymiana przycisk\u00f3w, muszli, mechanizm\u00f3w)  Awaryjne odblokowanie samochodu  Wymiana kluczy, etui na klucze  Wy\u0142\u0105czenie oprogramowania DPF \/ FAP  Programowe usuni\u0119cie EGR  Wy\u0142\u0105czenie oprogramowania immobilizera (immo Off)  Jednostka steruj\u0105ca silnika (ECU) naprawa, klonowanie, programowanie  SRS (programowanie jednostki steruj\u0105cej poduszk\u0105 powietrzn\u0105)  przedmioty wysy\u0142ane w ci\u0105gu 3 dni roboczych.*\" \/>\n<meta property=\"og:url\" content=\"https:\/\/keys-for-auto.eu\/pl\/product\/remote-control-suitable-ford-falcon\/\" \/>\n<meta property=\"og:site_name\" content=\"Keys for auto\" \/>\n<meta property=\"article:publisher\" content=\"https:\/\/www.facebook.com\/KeysForAutoEU\" \/>\n<meta property=\"og:image\" content=\"https:\/\/keys-for-auto.eu\/wp-content\/uploads\/2022\/12\/Ford-4-mygtuku-304mhz-nuotolinio-valdymo-pultas-500x5001-removebg-preview.png\" \/>\n\t<meta property=\"og:image:width\" content=\"500\" \/>\n\t<meta property=\"og:image:height\" content=\"500\" \/>\n\t<meta property=\"og:image:type\" content=\"image\/png\" \/>\n<meta name=\"twitter:card\" content=\"summary_large_image\" \/>\n<meta name=\"twitter:label1\" content=\"Szacowany czas czytania\" \/>\n\t<meta name=\"twitter:data1\" content=\"2 minuty\" \/>\n<script type=\"application\/ld+json\" class=\"yoast-schema-graph\">{\"@context\":\"https:\\\/\\\/schema.org\",\"@graph\":[{\"@type\":[\"WebPage\",\"ItemPage\"],\"@id\":\"https:\\\/\\\/keys-for-auto.eu\\\/pl\\\/product\\\/remote-control-suitable-ford-falcon\\\/\",\"url\":\"https:\\\/\\\/keys-for-auto.eu\\\/pl\\\/product\\\/remote-control-suitable-ford-falcon\\\/\",\"name\":\"Pilot zdalnego sterowania - odpowiedni dla Forda Falcon - Keys for auto\",\"isPartOf\":{\"@id\":\"https:\\\/\\\/keys-for-auto.eu\\\/pl\\\/#website\"},\"primaryImageOfPage\":{\"@id\":\"https:\\\/\\\/keys-for-auto.eu\\\/pl\\\/product\\\/remote-control-suitable-ford-falcon\\\/#primaryimage\"},\"image\":{\"@id\":\"https:\\\/\\\/keys-for-auto.eu\\\/pl\\\/product\\\/remote-control-suitable-ford-falcon\\\/#primaryimage\"},\"thumbnailUrl\":\"https:\\\/\\\/keys-for-auto.eu\\\/wp-content\\\/uploads\\\/2022\\\/12\\\/Ford-4-mygtuku-304mhz-nuotolinio-valdymo-pultas-500x5001-removebg-preview.png\",\"datePublished\":\"2016-04-02T19:17:22+00:00\",\"breadcrumb\":{\"@id\":\"https:\\\/\\\/keys-for-auto.eu\\\/pl\\\/product\\\/remote-control-suitable-ford-falcon\\\/#breadcrumb\"},\"inLanguage\":\"pl-PL\",\"potentialAction\":[{\"@type\":\"ReadAction\",\"target\":[\"https:\\\/\\\/keys-for-auto.eu\\\/pl\\\/product\\\/remote-control-suitable-ford-falcon\\\/\"]}]},{\"@type\":\"ImageObject\",\"inLanguage\":\"pl-PL\",\"@id\":\"https:\\\/\\\/keys-for-auto.eu\\\/pl\\\/product\\\/remote-control-suitable-ford-falcon\\\/#primaryimage\",\"url\":\"https:\\\/\\\/keys-for-auto.eu\\\/wp-content\\\/uploads\\\/2022\\\/12\\\/Ford-4-mygtuku-304mhz-nuotolinio-valdymo-pultas-500x5001-removebg-preview.png\",\"contentUrl\":\"https:\\\/\\\/keys-for-auto.eu\\\/wp-content\\\/uploads\\\/2022\\\/12\\\/Ford-4-mygtuku-304mhz-nuotolinio-valdymo-pultas-500x5001-removebg-preview.png\",\"width\":500,\"height\":500},{\"@type\":\"BreadcrumbList\",\"@id\":\"https:\\\/\\\/keys-for-auto.eu\\\/pl\\\/product\\\/remote-control-suitable-ford-falcon\\\/#breadcrumb\",\"itemListElement\":[{\"@type\":\"ListItem\",\"position\":1,\"name\":\"Strona g\u0142\u00f3wna\",\"item\":\"https:\\\/\\\/keys-for-auto.eu\\\/pl\\\/\"},{\"@type\":\"ListItem\",\"position\":2,\"name\":\"Shop\",\"item\":\"https:\\\/\\\/keys-for-auto.eu\\\/\"},{\"@type\":\"ListItem\",\"position\":3,\"name\":\"Pilot zdalnego sterowania &#8211; odpowiedni dla Forda Falcon\"}]},{\"@type\":\"WebSite\",\"@id\":\"https:\\\/\\\/keys-for-auto.eu\\\/pl\\\/#website\",\"url\":\"https:\\\/\\\/keys-for-auto.eu\\\/pl\\\/\",\"name\":\"Keys for auto\",\"description\":\"Car keys,  key shells, key programming\",\"publisher\":{\"@id\":\"https:\\\/\\\/keys-for-auto.eu\\\/pl\\\/#organization\"},\"potentialAction\":[{\"@type\":\"SearchAction\",\"target\":{\"@type\":\"EntryPoint\",\"urlTemplate\":\"https:\\\/\\\/keys-for-auto.eu\\\/pl\\\/?s={search_term_string}\"},\"query-input\":{\"@type\":\"PropertyValueSpecification\",\"valueRequired\":true,\"valueName\":\"search_term_string\"}}],\"inLanguage\":\"pl-PL\"},{\"@type\":\"Organization\",\"@id\":\"https:\\\/\\\/keys-for-auto.eu\\\/pl\\\/#organization\",\"name\":\"Klucze do samochodu\",\"url\":\"https:\\\/\\\/keys-for-auto.eu\\\/pl\\\/\",\"logo\":{\"@type\":\"ImageObject\",\"inLanguage\":\"pl-PL\",\"@id\":\"https:\\\/\\\/keys-for-auto.eu\\\/pl\\\/#\\\/schema\\\/logo\\\/image\\\/\",\"url\":\"https:\\\/\\\/keys-for-auto.eu\\\/wp-content\\\/uploads\\\/2022\\\/11\\\/cropped-png1.png\",\"contentUrl\":\"https:\\\/\\\/keys-for-auto.eu\\\/wp-content\\\/uploads\\\/2022\\\/11\\\/cropped-png1.png\",\"width\":1000,\"height\":342,\"caption\":\"Klucze do samochodu\"},\"image\":{\"@id\":\"https:\\\/\\\/keys-for-auto.eu\\\/pl\\\/#\\\/schema\\\/logo\\\/image\\\/\"},\"sameAs\":[\"https:\\\/\\\/www.facebook.com\\\/KeysForAutoEU\"]}]}<\/script>\n<!-- \/ Yoast SEO plugin. -->","yoast_head_json":{"title":"Pilot zdalnego sterowania - odpowiedni dla Forda Falcon - Keys for auto","robots":{"index":"index","follow":"follow","max-snippet":"max-snippet:-1","max-image-preview":"max-image-preview:large","max-video-preview":"max-video-preview:-1"},"canonical":"https:\/\/keys-for-auto.eu\/pl\/product\/remote-control-suitable-ford-falcon\/","og_locale":"pl_PL","og_type":"article","og_title":"Pilot zdalnego sterowania - odpowiedni dla Forda Falcon - Keys for auto","og_description":"Pilot zdalnego sterowania odpowiedni dla FORD Falcon (2002-2007) - 304MHZ Produkcja kluczy samochodowych  Produkcja nowych kluczy samochodowych, programowanie kluczy (\"wi\u0105zanie\" z samochodem)  Usuwanie z pami\u0119ci samochodu wcze\u015bniej zgubionych kluczyk\u00f3w  Produkcja klucza zap\u0142onowego wed\u0142ug zamka  Naprawa kluczy samochodowych (wymiana przycisk\u00f3w, muszli, mechanizm\u00f3w)  Awaryjne odblokowanie samochodu  Wymiana kluczy, etui na klucze  Wy\u0142\u0105czenie oprogramowania DPF \/ FAP  Programowe usuni\u0119cie EGR  Wy\u0142\u0105czenie oprogramowania immobilizera (immo Off)  Jednostka steruj\u0105ca silnika (ECU) naprawa, klonowanie, programowanie  SRS (programowanie jednostki steruj\u0105cej poduszk\u0105 powietrzn\u0105)  przedmioty wysy\u0142ane w ci\u0105gu 3 dni roboczych.*","og_url":"https:\/\/keys-for-auto.eu\/pl\/product\/remote-control-suitable-ford-falcon\/","og_site_name":"Keys for auto","article_publisher":"https:\/\/www.facebook.com\/KeysForAutoEU","og_image":[{"width":500,"height":500,"url":"https:\/\/keys-for-auto.eu\/wp-content\/uploads\/2022\/12\/Ford-4-mygtuku-304mhz-nuotolinio-valdymo-pultas-500x5001-removebg-preview.png","type":"image\/png"}],"twitter_card":"summary_large_image","twitter_misc":{"Szacowany czas czytania":"2 minuty"},"schema":{"@context":"https:\/\/schema.org","@graph":[{"@type":["WebPage","ItemPage"],"@id":"https:\/\/keys-for-auto.eu\/pl\/product\/remote-control-suitable-ford-falcon\/","url":"https:\/\/keys-for-auto.eu\/pl\/product\/remote-control-suitable-ford-falcon\/","name":"Pilot zdalnego sterowania - odpowiedni dla Forda Falcon - Keys for auto","isPartOf":{"@id":"https:\/\/keys-for-auto.eu\/pl\/#website"},"primaryImageOfPage":{"@id":"https:\/\/keys-for-auto.eu\/pl\/product\/remote-control-suitable-ford-falcon\/#primaryimage"},"image":{"@id":"https:\/\/keys-for-auto.eu\/pl\/product\/remote-control-suitable-ford-falcon\/#primaryimage"},"thumbnailUrl":"https:\/\/keys-for-auto.eu\/wp-content\/uploads\/2022\/12\/Ford-4-mygtuku-304mhz-nuotolinio-valdymo-pultas-500x5001-removebg-preview.png","datePublished":"2016-04-02T19:17:22+00:00","breadcrumb":{"@id":"https:\/\/keys-for-auto.eu\/pl\/product\/remote-control-suitable-ford-falcon\/#breadcrumb"},"inLanguage":"pl-PL","potentialAction":[{"@type":"ReadAction","target":["https:\/\/keys-for-auto.eu\/pl\/product\/remote-control-suitable-ford-falcon\/"]}]},{"@type":"ImageObject","inLanguage":"pl-PL","@id":"https:\/\/keys-for-auto.eu\/pl\/product\/remote-control-suitable-ford-falcon\/#primaryimage","url":"https:\/\/keys-for-auto.eu\/wp-content\/uploads\/2022\/12\/Ford-4-mygtuku-304mhz-nuotolinio-valdymo-pultas-500x5001-removebg-preview.png","contentUrl":"https:\/\/keys-for-auto.eu\/wp-content\/uploads\/2022\/12\/Ford-4-mygtuku-304mhz-nuotolinio-valdymo-pultas-500x5001-removebg-preview.png","width":500,"height":500},{"@type":"BreadcrumbList","@id":"https:\/\/keys-for-auto.eu\/pl\/product\/remote-control-suitable-ford-falcon\/#breadcrumb","itemListElement":[{"@type":"ListItem","position":1,"name":"Strona g\u0142\u00f3wna","item":"https:\/\/keys-for-auto.eu\/pl\/"},{"@type":"ListItem","position":2,"name":"Shop","item":"https:\/\/keys-for-auto.eu\/"},{"@type":"ListItem","position":3,"name":"Pilot zdalnego sterowania &#8211; odpowiedni dla Forda Falcon"}]},{"@type":"WebSite","@id":"https:\/\/keys-for-auto.eu\/pl\/#website","url":"https:\/\/keys-for-auto.eu\/pl\/","name":"Keys for auto","description":"Car keys,  key shells, key programming","publisher":{"@id":"https:\/\/keys-for-auto.eu\/pl\/#organization"},"potentialAction":[{"@type":"SearchAction","target":{"@type":"EntryPoint","urlTemplate":"https:\/\/keys-for-auto.eu\/pl\/?s={search_term_string}"},"query-input":{"@type":"PropertyValueSpecification","valueRequired":true,"valueName":"search_term_string"}}],"inLanguage":"pl-PL"},{"@type":"Organization","@id":"https:\/\/keys-for-auto.eu\/pl\/#organization","name":"Klucze do samochodu","url":"https:\/\/keys-for-auto.eu\/pl\/","logo":{"@type":"ImageObject","inLanguage":"pl-PL","@id":"https:\/\/keys-for-auto.eu\/pl\/#\/schema\/logo\/image\/","url":"https:\/\/keys-for-auto.eu\/wp-content\/uploads\/2022\/11\/cropped-png1.png","contentUrl":"https:\/\/keys-for-auto.eu\/wp-content\/uploads\/2022\/11\/cropped-png1.png","width":1000,"height":342,"caption":"Klucze do samochodu"},"image":{"@id":"https:\/\/keys-for-auto.eu\/pl\/#\/schema\/logo\/image\/"},"sameAs":["https:\/\/www.facebook.com\/KeysForAutoEU"]}]}},"_links":{"self":[{"href":"https:\/\/keys-for-auto.eu\/pl\/wp-json\/wp\/v2\/product\/16632","targetHints":{"allow":["GET"]}}],"collection":[{"href":"https:\/\/keys-for-auto.eu\/pl\/wp-json\/wp\/v2\/product"}],"about":[{"href":"https:\/\/keys-for-auto.eu\/pl\/wp-json\/wp\/v2\/types\/product"}],"replies":[{"embeddable":true,"href":"https:\/\/keys-for-auto.eu\/pl\/wp-json\/wp\/v2\/comments?post=16632"}],"wp:featuredmedia":[{"embeddable":true,"href":"https:\/\/keys-for-auto.eu\/pl\/wp-json\/wp\/v2\/media\/13203"}],"wp:attachment":[{"href":"https:\/\/keys-for-auto.eu\/pl\/wp-json\/wp\/v2\/media?parent=16632"}],"wp:term":[{"taxonomy":"product_brand","embeddable":true,"href":"https:\/\/keys-for-auto.eu\/pl\/wp-json\/wp\/v2\/product_brand?post=16632"},{"taxonomy":"product_cat","embeddable":true,"href":"https:\/\/keys-for-auto.eu\/pl\/wp-json\/wp\/v2\/product_cat?post=16632"},{"taxonomy":"product_tag","embeddable":true,"href":"https:\/\/keys-for-auto.eu\/pl\/wp-json\/wp\/v2\/product_tag?post=16632"}],"curies":[{"name":"wp","href":"https:\/\/api.w.org\/{rel}","templated":true}]}}