{"id":16621,"date":"2016-04-02T19:16:21","date_gmt":"2016-04-02T19:16:21","guid":{"rendered":"https:\/\/keys-for-auto.eu\/product\/pilot-zdalnego-sterowania-pasuje-do-forda-fairmont-falcon-fairlane\/"},"modified":"2016-04-02T19:16:21","modified_gmt":"2016-04-02T19:16:21","slug":"remote-control-suitable-for-fairmont-falcon-fairlane","status":"publish","type":"product","link":"https:\/\/keys-for-auto.eu\/pl\/product\/remote-control-suitable-for-fairmont-falcon-fairlane\/","title":{"rendered":"Pilot zdalnego sterowania &#8211; pasuje do Forda Fairmont | Falcon | Fairlane"},"content":{"rendered":"<h2><strong>Pilot zdalnego sterowania &#8211; pasuje do Forda Fairmont | Falcon | Fairlane<\/strong><\/h2>\n<p>Przedstawiamy pilota do Forda. Przeznaczony jest do modeli Fairmont, Falcon, Fairlane. Przy zam\u00f3wieniu prosz\u0119 poda\u0107 ilo\u015b\u0107 przycisk\u00f3w i cz\u0119stotliwo\u015b\u0107.<\/p>\n<p>Prowadzimy sprzeda\u017c kluczy zdalnego sterowania oraz etui na klucze do samochod\u00f3w. Zajmujemy si\u0119 r\u00f3wnie\u017c programowaniem kluczy. Programowanie kluczy jest polecane wszystkim kierowcom, kt\u00f3rzy dbaj\u0105 o bezpiecze\u0144stwo swojego samochodu. Wzrasta liczba kradzie\u017cy samochod\u00f3w. Dlatego wa\u017cne jest, aby wyposa\u017cy\u0107 sw\u00f3j pojazd w co\u015b wi\u0119cej ni\u017c tylko system alarmowy. Potrzebne s\u0105 r\u00f3wnie\u017c klucze, kt\u00f3re s\u0105 zwi\u0105zane z samochodem, czyli zaprogramowane.<\/p>\n<p>Monta\u017c odpowiednich system\u00f3w eliminuje mo\u017cliwo\u015b\u0107 jawnej kradzie\u017cy. Tak\u0105 kradzie\u017c okre\u015bla si\u0119 jako pr\u00f3b\u0119 kradzie\u017cy samochodu poprzez zabranie kluczyk\u00f3w. Dzi\u0119ki mechanizmom zainstalowanym podczas programowania, tylko w\u0142a\u015bciciel samochodu mo\u017ce go odblokowa\u0107. Je\u015bli klucze zostan\u0105 zabrane, niedosz\u0142y z\u0142odziej nie b\u0119dzie m\u00f3g\u0142 tego zrobi\u0107. Dlatego programowanie kluczy samochodowych jest tak wa\u017cne. Dobrym pomys\u0142em jest r\u00f3wnie\u017c wykonanie duplikatu zaprogramowanego klucza. W przeciwnym razie, je\u015bli zgubisz kluczyki, nie b\u0119dziesz m\u00f3g\u0142 dosta\u0107 si\u0119 do \u015brodka samochodu. Trzeba b\u0119dzie wezwa\u0107 technik\u00f3w. Posiadanie duplikatu mo\u017ce pom\u00f3c Ci tego unikn\u0105\u0107.<\/p>\n<p>Klawisze programowania . Nasza firma zatrudnia tylko do\u015bwiadczonych technik\u00f3w. Wykonaj\u0105 oni wszystkie us\u0142ugi potrzebne do sprawnego uruchomienia samochodu. Skontaktuj si\u0119 z nami, a my Ci pomo\u017cemy! Tw\u00f3j Ford zas\u0142uguje na odpowiednie podej\u015bcie do kwestii bezpiecze\u0144stwa. Podnie\u015b poziom bezpiecze\u0144stwa zamawiaj\u0105c programowanie kluczy.<\/p>\n<h2>Programowanie kluczy samochodowych<\/h2>\n<p>Programowanie kluczyk\u00f3w samochodowych to odpowiedzialny i skomplikowany proces. Dlatego warto powierzy\u0107 t\u0119 prac\u0119 profesjonalistom. Nasza firma dzia\u0142a w tej dziedzinie od wielu lat. Jeste\u015bmy dumni z naszego do\u015bwiadczenia, ale nie przestajemy si\u0119 doskonali\u0107. Stale wprowadzamy innowacje technologiczne i podnosimy kwalifikacje naszych rzemie\u015blnik\u00f3w.<\/p>\n<p>M\u00f3wi si\u0119, \u017ce podr\u00f3\u017c tysi\u0105ca krok\u00f3w zaczyna si\u0119 od pierwszego kroku. Twoja podr\u00f3\u017c samochodem zaczyna si\u0119 od odblokowania i uruchomienia samochodu. Zadbaj o to, aby ka\u017cda podr\u00f3\u017c przebiega\u0142a bezproblemowo. Produkcja kluczy to konkurencyjna dziedzina. Ale czujemy si\u0119 w tym pewnie, dzi\u0119ki naszej stale rosn\u0105cej bazie klient\u00f3w. To dla nas dow\u00f3d na to, \u017ce zmierzamy w dobrym kierunku. Klucze do samochod\u00f3w s\u0105 coraz lepsze. A my nie stoimy w miejscu. Skontaktuj si\u0119 z nami ju\u017c teraz!<\/p>\n","protected":false},"excerpt":{"rendered":"<p><em><strong>Nadaje si\u0119 do Forda, &#8211; pilot, przy zam\u00f3wieniu prosz\u0119 poda\u0107 ilo\u015b\u0107 przycisk\u00f3w i cz\u0119stotliwo\u015b\u0107.  <\/strong><\/em><\/p>\n<h3><strong>Produkcja kluczy samochodowych<\/strong><\/h3>\n<ul>\n<li><strong>Produkcja nowych kluczy samochodowych, programowanie kluczy (&#8222;wi\u0105zanie&#8221; z samochodem)<\/strong><\/li>\n<li><strong>Usuwanie z pami\u0119ci samochodu wcze\u015bniej zgubionych kluczyk\u00f3w<\/strong><\/li>\n<li><strong>Produkcja klucza zap\u0142onowego wed\u0142ug zamka<\/strong><\/li>\n<li><strong>Naprawa kluczy samochodowych (wymiana przycisk\u00f3w, muszli, mechanizm\u00f3w)<\/strong><\/li>\n<li><strong>Awaryjne odblokowanie samochodu<\/strong><\/li>\n<li><strong>Wymiana kluczy, etui na klucze<\/strong><\/li>\n<li><strong>Wy\u0142\u0105czenie oprogramowania DPF \/ FAP<\/strong><\/li>\n<li><strong>Programowe usuni\u0119cie EGR<\/strong><\/li>\n<li><strong>Wy\u0142\u0105czenie oprogramowania immobilizera (immo Off)<\/strong><\/li>\n<li><strong>Jednostka steruj\u0105ca silnika (ECU) naprawa, klonowanie, programowanie<\/strong><\/li>\n<li><strong>SRS (programowanie jednostki steruj\u0105cej poduszk\u0105 powietrzn\u0105)<\/strong><\/li>\n<\/ul>\n<h4><strong>  przedmioty wysy\u0142ane w ci\u0105gu 3 dni roboczych.*<\/strong><\/h4>\n","protected":false},"featured_media":13198,"comment_status":"open","ping_status":"closed","template":"","meta":[],"product_brand":[],"product_cat":[2872,2779],"product_tag":[3111,3143,3119,3127,3134],"class_list":{"0":"post-16621","1":"product","2":"type-product","3":"status-publish","4":"has-post-thumbnail","6":"product_cat-ford-pl","7":"product_cat-przyciski-zdalnego-sterowania","8":"product_tag-ford-fairlane-pilot-zdalnego-sterowania","9":"product_tag-klucz-do-forda","10":"product_tag-pilot-zdalnego-sterowania-ford-fairmont","11":"product_tag-pilot-zdalnego-sterowania-ford-falcon","12":"product_tag-pilot-zdalnego-sterowania-forda","14":"first","15":"instock","16":"shipping-taxable","17":"purchasable","18":"product-type-simple"},"yoast_head":"<!-- This site is optimized with the Yoast SEO plugin v27.3 - https:\/\/yoast.com\/product\/yoast-seo-wordpress\/ -->\n<title>Pilot zdalnego sterowania - pasuje do Forda Fairmont | Falcon | Fairlane - Keys for auto<\/title>\n<meta name=\"robots\" content=\"index, follow, max-snippet:-1, max-image-preview:large, max-video-preview:-1\" \/>\n<link rel=\"canonical\" href=\"https:\/\/keys-for-auto.eu\/pl\/product\/remote-control-suitable-for-fairmont-falcon-fairlane\/\" \/>\n<meta property=\"og:locale\" content=\"pl_PL\" \/>\n<meta property=\"og:type\" content=\"article\" \/>\n<meta property=\"og:title\" content=\"Pilot zdalnego sterowania - pasuje do Forda Fairmont | Falcon | Fairlane - Keys for auto\" \/>\n<meta property=\"og:description\" content=\"Nadaje si\u0119 do Forda, - pilot, przy zam\u00f3wieniu prosz\u0119 poda\u0107 ilo\u015b\u0107 przycisk\u00f3w i cz\u0119stotliwo\u015b\u0107.  Produkcja kluczy samochodowych  Produkcja nowych kluczy samochodowych, programowanie kluczy (&quot;wi\u0105zanie&quot; z samochodem)  Usuwanie z pami\u0119ci samochodu wcze\u015bniej zgubionych kluczyk\u00f3w  Produkcja klucza zap\u0142onowego wed\u0142ug zamka  Naprawa kluczy samochodowych (wymiana przycisk\u00f3w, muszli, mechanizm\u00f3w)  Awaryjne odblokowanie samochodu  Wymiana kluczy, etui na klucze  Wy\u0142\u0105czenie oprogramowania DPF \/ FAP  Programowe usuni\u0119cie EGR  Wy\u0142\u0105czenie oprogramowania immobilizera (immo Off)  Jednostka steruj\u0105ca silnika (ECU) naprawa, klonowanie, programowanie  SRS (programowanie jednostki steruj\u0105cej poduszk\u0105 powietrzn\u0105)  przedmioty wysy\u0142ane w ci\u0105gu 3 dni roboczych.*\" \/>\n<meta property=\"og:url\" content=\"https:\/\/keys-for-auto.eu\/pl\/product\/remote-control-suitable-for-fairmont-falcon-fairlane\/\" \/>\n<meta property=\"og:site_name\" content=\"Keys for auto\" \/>\n<meta property=\"article:publisher\" content=\"https:\/\/www.facebook.com\/KeysForAutoEU\" \/>\n<meta property=\"og:image\" content=\"https:\/\/keys-for-auto.eu\/wp-content\/uploads\/2022\/12\/Ford-pultas-500x5001-removebg-preview.png\" \/>\n\t<meta property=\"og:image:width\" content=\"500\" \/>\n\t<meta property=\"og:image:height\" content=\"500\" \/>\n\t<meta property=\"og:image:type\" content=\"image\/png\" \/>\n<meta name=\"twitter:card\" content=\"summary_large_image\" \/>\n<meta name=\"twitter:label1\" content=\"Szacowany czas czytania\" \/>\n\t<meta name=\"twitter:data1\" content=\"2 minuty\" \/>\n<script type=\"application\/ld+json\" class=\"yoast-schema-graph\">{\"@context\":\"https:\\\/\\\/schema.org\",\"@graph\":[{\"@type\":[\"WebPage\",\"ItemPage\"],\"@id\":\"https:\\\/\\\/keys-for-auto.eu\\\/pl\\\/product\\\/remote-control-suitable-for-fairmont-falcon-fairlane\\\/\",\"url\":\"https:\\\/\\\/keys-for-auto.eu\\\/pl\\\/product\\\/remote-control-suitable-for-fairmont-falcon-fairlane\\\/\",\"name\":\"Pilot zdalnego sterowania - pasuje do Forda Fairmont | Falcon | Fairlane - Keys for auto\",\"isPartOf\":{\"@id\":\"https:\\\/\\\/keys-for-auto.eu\\\/pl\\\/#website\"},\"primaryImageOfPage\":{\"@id\":\"https:\\\/\\\/keys-for-auto.eu\\\/pl\\\/product\\\/remote-control-suitable-for-fairmont-falcon-fairlane\\\/#primaryimage\"},\"image\":{\"@id\":\"https:\\\/\\\/keys-for-auto.eu\\\/pl\\\/product\\\/remote-control-suitable-for-fairmont-falcon-fairlane\\\/#primaryimage\"},\"thumbnailUrl\":\"https:\\\/\\\/keys-for-auto.eu\\\/wp-content\\\/uploads\\\/2022\\\/12\\\/Ford-pultas-500x5001-removebg-preview.png\",\"datePublished\":\"2016-04-02T19:16:21+00:00\",\"breadcrumb\":{\"@id\":\"https:\\\/\\\/keys-for-auto.eu\\\/pl\\\/product\\\/remote-control-suitable-for-fairmont-falcon-fairlane\\\/#breadcrumb\"},\"inLanguage\":\"pl-PL\",\"potentialAction\":[{\"@type\":\"ReadAction\",\"target\":[\"https:\\\/\\\/keys-for-auto.eu\\\/pl\\\/product\\\/remote-control-suitable-for-fairmont-falcon-fairlane\\\/\"]}]},{\"@type\":\"ImageObject\",\"inLanguage\":\"pl-PL\",\"@id\":\"https:\\\/\\\/keys-for-auto.eu\\\/pl\\\/product\\\/remote-control-suitable-for-fairmont-falcon-fairlane\\\/#primaryimage\",\"url\":\"https:\\\/\\\/keys-for-auto.eu\\\/wp-content\\\/uploads\\\/2022\\\/12\\\/Ford-pultas-500x5001-removebg-preview.png\",\"contentUrl\":\"https:\\\/\\\/keys-for-auto.eu\\\/wp-content\\\/uploads\\\/2022\\\/12\\\/Ford-pultas-500x5001-removebg-preview.png\",\"width\":500,\"height\":500},{\"@type\":\"BreadcrumbList\",\"@id\":\"https:\\\/\\\/keys-for-auto.eu\\\/pl\\\/product\\\/remote-control-suitable-for-fairmont-falcon-fairlane\\\/#breadcrumb\",\"itemListElement\":[{\"@type\":\"ListItem\",\"position\":1,\"name\":\"Strona g\u0142\u00f3wna\",\"item\":\"https:\\\/\\\/keys-for-auto.eu\\\/pl\\\/\"},{\"@type\":\"ListItem\",\"position\":2,\"name\":\"Shop\",\"item\":\"https:\\\/\\\/keys-for-auto.eu\\\/\"},{\"@type\":\"ListItem\",\"position\":3,\"name\":\"Pilot zdalnego sterowania &#8211; pasuje do Forda Fairmont | Falcon | Fairlane\"}]},{\"@type\":\"WebSite\",\"@id\":\"https:\\\/\\\/keys-for-auto.eu\\\/pl\\\/#website\",\"url\":\"https:\\\/\\\/keys-for-auto.eu\\\/pl\\\/\",\"name\":\"Keys for auto\",\"description\":\"Car keys,  key shells, key programming\",\"publisher\":{\"@id\":\"https:\\\/\\\/keys-for-auto.eu\\\/pl\\\/#organization\"},\"potentialAction\":[{\"@type\":\"SearchAction\",\"target\":{\"@type\":\"EntryPoint\",\"urlTemplate\":\"https:\\\/\\\/keys-for-auto.eu\\\/pl\\\/?s={search_term_string}\"},\"query-input\":{\"@type\":\"PropertyValueSpecification\",\"valueRequired\":true,\"valueName\":\"search_term_string\"}}],\"inLanguage\":\"pl-PL\"},{\"@type\":\"Organization\",\"@id\":\"https:\\\/\\\/keys-for-auto.eu\\\/pl\\\/#organization\",\"name\":\"Klucze do samochodu\",\"url\":\"https:\\\/\\\/keys-for-auto.eu\\\/pl\\\/\",\"logo\":{\"@type\":\"ImageObject\",\"inLanguage\":\"pl-PL\",\"@id\":\"https:\\\/\\\/keys-for-auto.eu\\\/pl\\\/#\\\/schema\\\/logo\\\/image\\\/\",\"url\":\"https:\\\/\\\/keys-for-auto.eu\\\/wp-content\\\/uploads\\\/2022\\\/11\\\/cropped-png1.png\",\"contentUrl\":\"https:\\\/\\\/keys-for-auto.eu\\\/wp-content\\\/uploads\\\/2022\\\/11\\\/cropped-png1.png\",\"width\":1000,\"height\":342,\"caption\":\"Klucze do samochodu\"},\"image\":{\"@id\":\"https:\\\/\\\/keys-for-auto.eu\\\/pl\\\/#\\\/schema\\\/logo\\\/image\\\/\"},\"sameAs\":[\"https:\\\/\\\/www.facebook.com\\\/KeysForAutoEU\"]}]}<\/script>\n<!-- \/ Yoast SEO plugin. -->","yoast_head_json":{"title":"Pilot zdalnego sterowania - pasuje do Forda Fairmont | Falcon | Fairlane - Keys for auto","robots":{"index":"index","follow":"follow","max-snippet":"max-snippet:-1","max-image-preview":"max-image-preview:large","max-video-preview":"max-video-preview:-1"},"canonical":"https:\/\/keys-for-auto.eu\/pl\/product\/remote-control-suitable-for-fairmont-falcon-fairlane\/","og_locale":"pl_PL","og_type":"article","og_title":"Pilot zdalnego sterowania - pasuje do Forda Fairmont | Falcon | Fairlane - Keys for auto","og_description":"Nadaje si\u0119 do Forda, - pilot, przy zam\u00f3wieniu prosz\u0119 poda\u0107 ilo\u015b\u0107 przycisk\u00f3w i cz\u0119stotliwo\u015b\u0107.  Produkcja kluczy samochodowych  Produkcja nowych kluczy samochodowych, programowanie kluczy (\"wi\u0105zanie\" z samochodem)  Usuwanie z pami\u0119ci samochodu wcze\u015bniej zgubionych kluczyk\u00f3w  Produkcja klucza zap\u0142onowego wed\u0142ug zamka  Naprawa kluczy samochodowych (wymiana przycisk\u00f3w, muszli, mechanizm\u00f3w)  Awaryjne odblokowanie samochodu  Wymiana kluczy, etui na klucze  Wy\u0142\u0105czenie oprogramowania DPF \/ FAP  Programowe usuni\u0119cie EGR  Wy\u0142\u0105czenie oprogramowania immobilizera (immo Off)  Jednostka steruj\u0105ca silnika (ECU) naprawa, klonowanie, programowanie  SRS (programowanie jednostki steruj\u0105cej poduszk\u0105 powietrzn\u0105)  przedmioty wysy\u0142ane w ci\u0105gu 3 dni roboczych.*","og_url":"https:\/\/keys-for-auto.eu\/pl\/product\/remote-control-suitable-for-fairmont-falcon-fairlane\/","og_site_name":"Keys for auto","article_publisher":"https:\/\/www.facebook.com\/KeysForAutoEU","og_image":[{"width":500,"height":500,"url":"https:\/\/keys-for-auto.eu\/wp-content\/uploads\/2022\/12\/Ford-pultas-500x5001-removebg-preview.png","type":"image\/png"}],"twitter_card":"summary_large_image","twitter_misc":{"Szacowany czas czytania":"2 minuty"},"schema":{"@context":"https:\/\/schema.org","@graph":[{"@type":["WebPage","ItemPage"],"@id":"https:\/\/keys-for-auto.eu\/pl\/product\/remote-control-suitable-for-fairmont-falcon-fairlane\/","url":"https:\/\/keys-for-auto.eu\/pl\/product\/remote-control-suitable-for-fairmont-falcon-fairlane\/","name":"Pilot zdalnego sterowania - pasuje do Forda Fairmont | Falcon | Fairlane - Keys for auto","isPartOf":{"@id":"https:\/\/keys-for-auto.eu\/pl\/#website"},"primaryImageOfPage":{"@id":"https:\/\/keys-for-auto.eu\/pl\/product\/remote-control-suitable-for-fairmont-falcon-fairlane\/#primaryimage"},"image":{"@id":"https:\/\/keys-for-auto.eu\/pl\/product\/remote-control-suitable-for-fairmont-falcon-fairlane\/#primaryimage"},"thumbnailUrl":"https:\/\/keys-for-auto.eu\/wp-content\/uploads\/2022\/12\/Ford-pultas-500x5001-removebg-preview.png","datePublished":"2016-04-02T19:16:21+00:00","breadcrumb":{"@id":"https:\/\/keys-for-auto.eu\/pl\/product\/remote-control-suitable-for-fairmont-falcon-fairlane\/#breadcrumb"},"inLanguage":"pl-PL","potentialAction":[{"@type":"ReadAction","target":["https:\/\/keys-for-auto.eu\/pl\/product\/remote-control-suitable-for-fairmont-falcon-fairlane\/"]}]},{"@type":"ImageObject","inLanguage":"pl-PL","@id":"https:\/\/keys-for-auto.eu\/pl\/product\/remote-control-suitable-for-fairmont-falcon-fairlane\/#primaryimage","url":"https:\/\/keys-for-auto.eu\/wp-content\/uploads\/2022\/12\/Ford-pultas-500x5001-removebg-preview.png","contentUrl":"https:\/\/keys-for-auto.eu\/wp-content\/uploads\/2022\/12\/Ford-pultas-500x5001-removebg-preview.png","width":500,"height":500},{"@type":"BreadcrumbList","@id":"https:\/\/keys-for-auto.eu\/pl\/product\/remote-control-suitable-for-fairmont-falcon-fairlane\/#breadcrumb","itemListElement":[{"@type":"ListItem","position":1,"name":"Strona g\u0142\u00f3wna","item":"https:\/\/keys-for-auto.eu\/pl\/"},{"@type":"ListItem","position":2,"name":"Shop","item":"https:\/\/keys-for-auto.eu\/"},{"@type":"ListItem","position":3,"name":"Pilot zdalnego sterowania &#8211; pasuje do Forda Fairmont | Falcon | Fairlane"}]},{"@type":"WebSite","@id":"https:\/\/keys-for-auto.eu\/pl\/#website","url":"https:\/\/keys-for-auto.eu\/pl\/","name":"Keys for auto","description":"Car keys,  key shells, key programming","publisher":{"@id":"https:\/\/keys-for-auto.eu\/pl\/#organization"},"potentialAction":[{"@type":"SearchAction","target":{"@type":"EntryPoint","urlTemplate":"https:\/\/keys-for-auto.eu\/pl\/?s={search_term_string}"},"query-input":{"@type":"PropertyValueSpecification","valueRequired":true,"valueName":"search_term_string"}}],"inLanguage":"pl-PL"},{"@type":"Organization","@id":"https:\/\/keys-for-auto.eu\/pl\/#organization","name":"Klucze do samochodu","url":"https:\/\/keys-for-auto.eu\/pl\/","logo":{"@type":"ImageObject","inLanguage":"pl-PL","@id":"https:\/\/keys-for-auto.eu\/pl\/#\/schema\/logo\/image\/","url":"https:\/\/keys-for-auto.eu\/wp-content\/uploads\/2022\/11\/cropped-png1.png","contentUrl":"https:\/\/keys-for-auto.eu\/wp-content\/uploads\/2022\/11\/cropped-png1.png","width":1000,"height":342,"caption":"Klucze do samochodu"},"image":{"@id":"https:\/\/keys-for-auto.eu\/pl\/#\/schema\/logo\/image\/"},"sameAs":["https:\/\/www.facebook.com\/KeysForAutoEU"]}]}},"_links":{"self":[{"href":"https:\/\/keys-for-auto.eu\/pl\/wp-json\/wp\/v2\/product\/16621","targetHints":{"allow":["GET"]}}],"collection":[{"href":"https:\/\/keys-for-auto.eu\/pl\/wp-json\/wp\/v2\/product"}],"about":[{"href":"https:\/\/keys-for-auto.eu\/pl\/wp-json\/wp\/v2\/types\/product"}],"replies":[{"embeddable":true,"href":"https:\/\/keys-for-auto.eu\/pl\/wp-json\/wp\/v2\/comments?post=16621"}],"wp:featuredmedia":[{"embeddable":true,"href":"https:\/\/keys-for-auto.eu\/pl\/wp-json\/wp\/v2\/media\/13198"}],"wp:attachment":[{"href":"https:\/\/keys-for-auto.eu\/pl\/wp-json\/wp\/v2\/media?parent=16621"}],"wp:term":[{"taxonomy":"product_brand","embeddable":true,"href":"https:\/\/keys-for-auto.eu\/pl\/wp-json\/wp\/v2\/product_brand?post=16621"},{"taxonomy":"product_cat","embeddable":true,"href":"https:\/\/keys-for-auto.eu\/pl\/wp-json\/wp\/v2\/product_cat?post=16621"},{"taxonomy":"product_tag","embeddable":true,"href":"https:\/\/keys-for-auto.eu\/pl\/wp-json\/wp\/v2\/product_tag?post=16621"}],"curies":[{"name":"wp","href":"https:\/\/api.w.org\/{rel}","templated":true}]}}