{"id":16615,"date":"2016-04-02T11:25:37","date_gmt":"2016-04-02T11:25:37","guid":{"rendered":"https:\/\/keys-for-auto.eu\/product\/dwuprzyciskowa-obudowa-klucza-pasuje-do-toyota-corolla-rav4-yaris-camry\/"},"modified":"2016-04-02T11:25:37","modified_gmt":"2016-04-02T11:25:37","slug":"dwuprzyciskowa-skorupa-klucza-pasujaca-do-toyoty-corolla-rav4-yaris-camry","status":"publish","type":"product","link":"https:\/\/keys-for-auto.eu\/pl\/product\/dwuprzyciskowa-skorupa-klucza-pasujaca-do-toyoty-corolla-rav4-yaris-camry\/","title":{"rendered":"Dwuprzyciskowa obudowa klucza &#8211; pasuje do Toyota Corolla | RAV4 | Yaris | Camry"},"content":{"rendered":"<h2>Dwuprzyciskowa obudowa klucza &#8211; pasuje do Toyota Corolla | RAV4 | Yaris | Camry<\/h2>\n<p>Przedstawiamy dwuprzyciskow\u0105 obudow\u0119 kluczyka pasuj\u0105c\u0105 do modeli Toyota Avalon, Corolla, Echo, RAV4, Yaris, Camry, Avensis, Hilux, Tarago i Prado. Sprzedajemy obudowy kluczy do wielu marek i modeli. W naszym sklepie znajdziesz r\u00f3wnie\u017c klucze zdalnego sterowania. Sprawd\u017acie je tutaj.<\/p>\n<p>Klucze to delikatne rzeczy. Wystarczy\u0142o upu\u015bci\u0107 na ziemi\u0119 i ju\u017c jest pop\u0119kana. Je\u015bli Twoje etui na klucze jest pop\u0119kane lub zu\u017cyte, w naszym sklepie jest w czym wybiera\u0107. W ko\u0144cu ka\u017cdy, nawet najmniejszy szczeg\u00f3\u0142 ma znaczenie dla wizerunku nowoczesnego cz\u0142owieka. Nie pozw\u00f3l wi\u0119c, aby \u017ale wygl\u0105daj\u0105ce klucze samochodowe popsu\u0142y Tw\u00f3j wizerunek.<\/p>\n<h3><strong>Programowanie kluczowe<\/strong><\/h3>\n<p>Opr\u00f3cz wymiany zu\u017cytego korpusu klucza, nasza firma mo\u017ce r\u00f3wnie\u017c zaprogramowa\u0107 Pa\u0144stwa klucze. Zajmujemy si\u0119 programowaniem kluczy do wielu samochod\u00f3w. Specjalizujemy si\u0119 r\u00f3wnie\u017c w programowaniu, naprawie i zak\u0142adaniu kart zap\u0142onowych Ranault do samochodu. Je\u015bli potrzebujesz jakichkolwiek us\u0142ug zwi\u0105zanych z kartami zap\u0142onowymi, skontaktuj si\u0119 z nami! Mo\u017cna r\u00f3wnie\u017c skontaktowa\u0107 si\u0119 dzwoni\u0105c pod numer znajduj\u0105cy si\u0119 na dole strony.<\/p>\n<p>Klawisze programowania . Programowanie kluczy samochodowych to dziedzina, w kt\u00f3rej mamy bogate do\u015bwiadczenie. A my z przyjemno\u015bci\u0105 wykorzystamy go do zaspokojenia Twoich potrzeb. Je\u015bli wi\u0119c potrzebujesz us\u0142ugi produkcji kluczy, nie rozpraszaj si\u0119 i skontaktuj si\u0119 z nami! Nasza produkcja i programowanie kluczy samochodowych nie zawiedzie Ci\u0119!<\/p>\n<h3><strong>Awaryjne odblokowanie samochodu<\/strong><\/h3>\n<p>Je\u015bli masz k\u0142opoty i potrzebujesz awaryjnego odblokowania samochodu, zadzwo\u0144 do nas pod numer znajduj\u0105cy si\u0119 na dole strony. Odpowiemy niezw\u0142ocznie na Twoje zg\u0142oszenie. Przyjedziemy ze specjalnym, certyfikowanym sprz\u0119tem, kt\u00f3ry pomo\u017ce Ci odblokowa\u0107 Tw\u00f3j samoch\u00f3d. Awaryjne odblokowanie samochodu przez naszych technik\u00f3w jest dost\u0119pne 24 godziny na dob\u0119.<\/p>\n<p>Co by si\u0119 wi\u0119c sta\u0142o, gdyby\u015b zamkn\u0105\u0142 kluczyki w samochodzie? Czy zabrak\u0142oby Ci baterii i nie m\u00f3g\u0142by\u015b wsi\u0105\u015b\u0107 do swojego samochodu? A mo\u017ce po prostu nie dzia\u0142a\u0142by zamek w drzwiach? &#8211; We wszystkich tych przypadkach pomo\u017cemy Ci i odblokujemy Tw\u00f3j samoch\u00f3d szybko i bezpiecznie. Co najwa\u017cniejsze, nie wpadaj w panik\u0119, je\u015bli nie mo\u017cesz dosta\u0107 si\u0119 do swojego samochodu. Nie pr\u00f3buj otwiera\u0107 go samodzielnie, gdy\u017c mo\u017cesz go uszkodzi\u0107. Zamiast tego zadzwo\u0144 do nas!<\/p>\n","protected":false},"excerpt":{"rendered":"<p><em><strong>Muszla klucza, pasuj\u0105ca do modeli Toyoty:<\/strong><\/em><\/p>\n<p><em><strong>Toyota Avalon 2000-2005<br \/>\nToyota Camry 1997-2005<br \/>\nToyota Corolla 1997-2005<br \/>\nToyota Echo 2002-2005<br \/>\nToyota RAV4 1996-2005 r.<br \/>\nToyota Yaris<br \/>\nToyota Avensis<br \/>\nToyota Hilux<br \/>\nToyota Tarago<br \/>\nToyota Prado  <\/strong><\/em><\/p>\n<h3><strong>Produkcja kluczy samochodowych<\/strong><\/h3>\n<ul>\n<li><strong>Produkcja nowych kluczy samochodowych, programowanie kluczy (&#8222;wi\u0105zanie&#8221; z samochodem)<\/strong><\/li>\n<li><strong>Usuwanie z pami\u0119ci samochodu wcze\u015bniej zgubionych kluczyk\u00f3w<\/strong><\/li>\n<li><strong>Produkcja klucza zap\u0142onowego wed\u0142ug zamka<\/strong><\/li>\n<li><strong>Naprawa kluczy samochodowych (wymiana przycisk\u00f3w, muszli, mechanizm\u00f3w)<\/strong><\/li>\n<li><strong>Awaryjne odblokowanie samochodu<\/strong><\/li>\n<li><strong>Wymiana kluczy, etui na klucze<\/strong><\/li>\n<li><strong>Wy\u0142\u0105czenie oprogramowania DPF \/ FAP<\/strong><\/li>\n<li><strong>Programowe usuni\u0119cie EGR<\/strong><\/li>\n<li><strong>Wy\u0142\u0105czenie oprogramowania immobilizera (immo Off)<\/strong><\/li>\n<li><strong>Jednostka steruj\u0105ca silnika (ECU) naprawa, klonowanie, programowanie<\/strong><\/li>\n<li><strong>SRS (programowanie jednostki steruj\u0105cej poduszk\u0105 powietrzn\u0105)<\/strong><\/li>\n<\/ul>\n<h4><strong>  przedmioty wysy\u0142ane w ci\u0105gu 3 dni roboczych.*<\/strong><\/h4>\n","protected":false},"featured_media":13988,"comment_status":"open","ping_status":"closed","template":"","meta":[],"product_brand":[],"product_cat":[2781,3050],"product_tag":[3053,3065,3103,3090,3073],"class_list":{"0":"post-16615","1":"product","2":"type-product","3":"status-publish","4":"has-post-thumbnail","6":"product_cat-kluczowe-muszle-pl","7":"product_cat-toyota-pl","8":"product_tag-muszla-klucza-toyota","9":"product_tag-toyota-camry-obudowa-klucza","10":"product_tag-toyota-corola-obudowa-klucza","11":"product_tag-toyota-rav4-obudowa-klucza","12":"product_tag-toyota-yaris-obudowa-klucza","14":"first","15":"instock","16":"sale","17":"shipping-taxable","18":"purchasable","19":"product-type-simple"},"yoast_head":"<!-- This site is optimized with the Yoast SEO plugin v27.3 - https:\/\/yoast.com\/product\/yoast-seo-wordpress\/ -->\n<title>Dwuprzyciskowa obudowa klucza - pasuje do Toyota Corolla | RAV4 | Yaris | Camry - Keys for auto<\/title>\n<meta name=\"robots\" content=\"index, follow, max-snippet:-1, max-image-preview:large, max-video-preview:-1\" \/>\n<link rel=\"canonical\" href=\"https:\/\/keys-for-auto.eu\/pl\/product\/dwuprzyciskowa-skorupa-klucza-pasujaca-do-toyoty-corolla-rav4-yaris-camry\/\" \/>\n<meta property=\"og:locale\" content=\"pl_PL\" \/>\n<meta property=\"og:type\" content=\"article\" \/>\n<meta property=\"og:title\" content=\"Dwuprzyciskowa obudowa klucza - pasuje do Toyota Corolla | RAV4 | Yaris | Camry - Keys for auto\" \/>\n<meta property=\"og:description\" content=\"Muszla klucza, pasuj\u0105ca do modeli Toyoty: Toyota Avalon 2000-2005 Toyota Camry 1997-2005 Toyota Corolla 1997-2005 Toyota Echo 2002-2005 Toyota RAV4 1996-2005 r. Toyota Yaris Toyota Avensis Toyota Hilux Toyota Tarago Toyota Prado  Produkcja kluczy samochodowych  Produkcja nowych kluczy samochodowych, programowanie kluczy (&quot;wi\u0105zanie&quot; z samochodem)  Usuwanie z pami\u0119ci samochodu wcze\u015bniej zgubionych kluczyk\u00f3w  Produkcja klucza zap\u0142onowego wed\u0142ug zamka  Naprawa kluczy samochodowych (wymiana przycisk\u00f3w, muszli, mechanizm\u00f3w)  Awaryjne odblokowanie samochodu  Wymiana kluczy, etui na klucze  Wy\u0142\u0105czenie oprogramowania DPF \/ FAP  Programowe usuni\u0119cie EGR  Wy\u0142\u0105czenie oprogramowania immobilizera (immo Off)  Jednostka steruj\u0105ca silnika (ECU) naprawa, klonowanie, programowanie  SRS (programowanie jednostki steruj\u0105cej poduszk\u0105 powietrzn\u0105)  przedmioty wysy\u0142ane w ci\u0105gu 3 dni roboczych.*\" \/>\n<meta property=\"og:url\" content=\"https:\/\/keys-for-auto.eu\/pl\/product\/dwuprzyciskowa-skorupa-klucza-pasujaca-do-toyoty-corolla-rav4-yaris-camry\/\" \/>\n<meta property=\"og:site_name\" content=\"Keys for auto\" \/>\n<meta property=\"article:publisher\" content=\"https:\/\/www.facebook.com\/KeysForAutoEU\" \/>\n<meta property=\"og:image\" content=\"https:\/\/keys-for-auto.eu\/wp-content\/uploads\/2022\/12\/toyota-corolla-2-mygtukai-500x5001-removebg-preview.png\" \/>\n\t<meta property=\"og:image:width\" content=\"500\" \/>\n\t<meta property=\"og:image:height\" content=\"500\" \/>\n\t<meta property=\"og:image:type\" content=\"image\/png\" \/>\n<meta name=\"twitter:card\" content=\"summary_large_image\" \/>\n<meta name=\"twitter:label1\" content=\"Szacowany czas czytania\" \/>\n\t<meta name=\"twitter:data1\" content=\"2 minuty\" \/>\n<script type=\"application\/ld+json\" class=\"yoast-schema-graph\">{\"@context\":\"https:\\\/\\\/schema.org\",\"@graph\":[{\"@type\":[\"WebPage\",\"ItemPage\"],\"@id\":\"https:\\\/\\\/keys-for-auto.eu\\\/pl\\\/product\\\/dwuprzyciskowa-skorupa-klucza-pasujaca-do-toyoty-corolla-rav4-yaris-camry\\\/\",\"url\":\"https:\\\/\\\/keys-for-auto.eu\\\/pl\\\/product\\\/dwuprzyciskowa-skorupa-klucza-pasujaca-do-toyoty-corolla-rav4-yaris-camry\\\/\",\"name\":\"Dwuprzyciskowa obudowa klucza - pasuje do Toyota Corolla | RAV4 | Yaris | Camry - Keys for auto\",\"isPartOf\":{\"@id\":\"https:\\\/\\\/keys-for-auto.eu\\\/pl\\\/#website\"},\"primaryImageOfPage\":{\"@id\":\"https:\\\/\\\/keys-for-auto.eu\\\/pl\\\/product\\\/dwuprzyciskowa-skorupa-klucza-pasujaca-do-toyoty-corolla-rav4-yaris-camry\\\/#primaryimage\"},\"image\":{\"@id\":\"https:\\\/\\\/keys-for-auto.eu\\\/pl\\\/product\\\/dwuprzyciskowa-skorupa-klucza-pasujaca-do-toyoty-corolla-rav4-yaris-camry\\\/#primaryimage\"},\"thumbnailUrl\":\"https:\\\/\\\/keys-for-auto.eu\\\/wp-content\\\/uploads\\\/2022\\\/12\\\/toyota-corolla-2-mygtukai-500x5001-removebg-preview.png\",\"datePublished\":\"2016-04-02T11:25:37+00:00\",\"breadcrumb\":{\"@id\":\"https:\\\/\\\/keys-for-auto.eu\\\/pl\\\/product\\\/dwuprzyciskowa-skorupa-klucza-pasujaca-do-toyoty-corolla-rav4-yaris-camry\\\/#breadcrumb\"},\"inLanguage\":\"pl-PL\",\"potentialAction\":[{\"@type\":\"ReadAction\",\"target\":[\"https:\\\/\\\/keys-for-auto.eu\\\/pl\\\/product\\\/dwuprzyciskowa-skorupa-klucza-pasujaca-do-toyoty-corolla-rav4-yaris-camry\\\/\"]}]},{\"@type\":\"ImageObject\",\"inLanguage\":\"pl-PL\",\"@id\":\"https:\\\/\\\/keys-for-auto.eu\\\/pl\\\/product\\\/dwuprzyciskowa-skorupa-klucza-pasujaca-do-toyoty-corolla-rav4-yaris-camry\\\/#primaryimage\",\"url\":\"https:\\\/\\\/keys-for-auto.eu\\\/wp-content\\\/uploads\\\/2022\\\/12\\\/toyota-corolla-2-mygtukai-500x5001-removebg-preview.png\",\"contentUrl\":\"https:\\\/\\\/keys-for-auto.eu\\\/wp-content\\\/uploads\\\/2022\\\/12\\\/toyota-corolla-2-mygtukai-500x5001-removebg-preview.png\",\"width\":500,\"height\":500},{\"@type\":\"BreadcrumbList\",\"@id\":\"https:\\\/\\\/keys-for-auto.eu\\\/pl\\\/product\\\/dwuprzyciskowa-skorupa-klucza-pasujaca-do-toyoty-corolla-rav4-yaris-camry\\\/#breadcrumb\",\"itemListElement\":[{\"@type\":\"ListItem\",\"position\":1,\"name\":\"Strona g\u0142\u00f3wna\",\"item\":\"https:\\\/\\\/keys-for-auto.eu\\\/pl\\\/\"},{\"@type\":\"ListItem\",\"position\":2,\"name\":\"Shop\",\"item\":\"https:\\\/\\\/keys-for-auto.eu\\\/\"},{\"@type\":\"ListItem\",\"position\":3,\"name\":\"Dwuprzyciskowa obudowa klucza &#8211; pasuje do Toyota Corolla | RAV4 | Yaris | Camry\"}]},{\"@type\":\"WebSite\",\"@id\":\"https:\\\/\\\/keys-for-auto.eu\\\/pl\\\/#website\",\"url\":\"https:\\\/\\\/keys-for-auto.eu\\\/pl\\\/\",\"name\":\"Keys for auto\",\"description\":\"Car keys,  key shells, key programming\",\"publisher\":{\"@id\":\"https:\\\/\\\/keys-for-auto.eu\\\/pl\\\/#organization\"},\"potentialAction\":[{\"@type\":\"SearchAction\",\"target\":{\"@type\":\"EntryPoint\",\"urlTemplate\":\"https:\\\/\\\/keys-for-auto.eu\\\/pl\\\/?s={search_term_string}\"},\"query-input\":{\"@type\":\"PropertyValueSpecification\",\"valueRequired\":true,\"valueName\":\"search_term_string\"}}],\"inLanguage\":\"pl-PL\"},{\"@type\":\"Organization\",\"@id\":\"https:\\\/\\\/keys-for-auto.eu\\\/pl\\\/#organization\",\"name\":\"Klucze do samochodu\",\"url\":\"https:\\\/\\\/keys-for-auto.eu\\\/pl\\\/\",\"logo\":{\"@type\":\"ImageObject\",\"inLanguage\":\"pl-PL\",\"@id\":\"https:\\\/\\\/keys-for-auto.eu\\\/pl\\\/#\\\/schema\\\/logo\\\/image\\\/\",\"url\":\"https:\\\/\\\/keys-for-auto.eu\\\/wp-content\\\/uploads\\\/2022\\\/11\\\/cropped-png1.png\",\"contentUrl\":\"https:\\\/\\\/keys-for-auto.eu\\\/wp-content\\\/uploads\\\/2022\\\/11\\\/cropped-png1.png\",\"width\":1000,\"height\":342,\"caption\":\"Klucze do samochodu\"},\"image\":{\"@id\":\"https:\\\/\\\/keys-for-auto.eu\\\/pl\\\/#\\\/schema\\\/logo\\\/image\\\/\"},\"sameAs\":[\"https:\\\/\\\/www.facebook.com\\\/KeysForAutoEU\"]}]}<\/script>\n<!-- \/ Yoast SEO plugin. -->","yoast_head_json":{"title":"Dwuprzyciskowa obudowa klucza - pasuje do Toyota Corolla | RAV4 | Yaris | Camry - Keys for auto","robots":{"index":"index","follow":"follow","max-snippet":"max-snippet:-1","max-image-preview":"max-image-preview:large","max-video-preview":"max-video-preview:-1"},"canonical":"https:\/\/keys-for-auto.eu\/pl\/product\/dwuprzyciskowa-skorupa-klucza-pasujaca-do-toyoty-corolla-rav4-yaris-camry\/","og_locale":"pl_PL","og_type":"article","og_title":"Dwuprzyciskowa obudowa klucza - pasuje do Toyota Corolla | RAV4 | Yaris | Camry - Keys for auto","og_description":"Muszla klucza, pasuj\u0105ca do modeli Toyoty: Toyota Avalon 2000-2005 Toyota Camry 1997-2005 Toyota Corolla 1997-2005 Toyota Echo 2002-2005 Toyota RAV4 1996-2005 r. Toyota Yaris Toyota Avensis Toyota Hilux Toyota Tarago Toyota Prado  Produkcja kluczy samochodowych  Produkcja nowych kluczy samochodowych, programowanie kluczy (\"wi\u0105zanie\" z samochodem)  Usuwanie z pami\u0119ci samochodu wcze\u015bniej zgubionych kluczyk\u00f3w  Produkcja klucza zap\u0142onowego wed\u0142ug zamka  Naprawa kluczy samochodowych (wymiana przycisk\u00f3w, muszli, mechanizm\u00f3w)  Awaryjne odblokowanie samochodu  Wymiana kluczy, etui na klucze  Wy\u0142\u0105czenie oprogramowania DPF \/ FAP  Programowe usuni\u0119cie EGR  Wy\u0142\u0105czenie oprogramowania immobilizera (immo Off)  Jednostka steruj\u0105ca silnika (ECU) naprawa, klonowanie, programowanie  SRS (programowanie jednostki steruj\u0105cej poduszk\u0105 powietrzn\u0105)  przedmioty wysy\u0142ane w ci\u0105gu 3 dni roboczych.*","og_url":"https:\/\/keys-for-auto.eu\/pl\/product\/dwuprzyciskowa-skorupa-klucza-pasujaca-do-toyoty-corolla-rav4-yaris-camry\/","og_site_name":"Keys for auto","article_publisher":"https:\/\/www.facebook.com\/KeysForAutoEU","og_image":[{"width":500,"height":500,"url":"https:\/\/keys-for-auto.eu\/wp-content\/uploads\/2022\/12\/toyota-corolla-2-mygtukai-500x5001-removebg-preview.png","type":"image\/png"}],"twitter_card":"summary_large_image","twitter_misc":{"Szacowany czas czytania":"2 minuty"},"schema":{"@context":"https:\/\/schema.org","@graph":[{"@type":["WebPage","ItemPage"],"@id":"https:\/\/keys-for-auto.eu\/pl\/product\/dwuprzyciskowa-skorupa-klucza-pasujaca-do-toyoty-corolla-rav4-yaris-camry\/","url":"https:\/\/keys-for-auto.eu\/pl\/product\/dwuprzyciskowa-skorupa-klucza-pasujaca-do-toyoty-corolla-rav4-yaris-camry\/","name":"Dwuprzyciskowa obudowa klucza - pasuje do Toyota Corolla | RAV4 | Yaris | Camry - Keys for auto","isPartOf":{"@id":"https:\/\/keys-for-auto.eu\/pl\/#website"},"primaryImageOfPage":{"@id":"https:\/\/keys-for-auto.eu\/pl\/product\/dwuprzyciskowa-skorupa-klucza-pasujaca-do-toyoty-corolla-rav4-yaris-camry\/#primaryimage"},"image":{"@id":"https:\/\/keys-for-auto.eu\/pl\/product\/dwuprzyciskowa-skorupa-klucza-pasujaca-do-toyoty-corolla-rav4-yaris-camry\/#primaryimage"},"thumbnailUrl":"https:\/\/keys-for-auto.eu\/wp-content\/uploads\/2022\/12\/toyota-corolla-2-mygtukai-500x5001-removebg-preview.png","datePublished":"2016-04-02T11:25:37+00:00","breadcrumb":{"@id":"https:\/\/keys-for-auto.eu\/pl\/product\/dwuprzyciskowa-skorupa-klucza-pasujaca-do-toyoty-corolla-rav4-yaris-camry\/#breadcrumb"},"inLanguage":"pl-PL","potentialAction":[{"@type":"ReadAction","target":["https:\/\/keys-for-auto.eu\/pl\/product\/dwuprzyciskowa-skorupa-klucza-pasujaca-do-toyoty-corolla-rav4-yaris-camry\/"]}]},{"@type":"ImageObject","inLanguage":"pl-PL","@id":"https:\/\/keys-for-auto.eu\/pl\/product\/dwuprzyciskowa-skorupa-klucza-pasujaca-do-toyoty-corolla-rav4-yaris-camry\/#primaryimage","url":"https:\/\/keys-for-auto.eu\/wp-content\/uploads\/2022\/12\/toyota-corolla-2-mygtukai-500x5001-removebg-preview.png","contentUrl":"https:\/\/keys-for-auto.eu\/wp-content\/uploads\/2022\/12\/toyota-corolla-2-mygtukai-500x5001-removebg-preview.png","width":500,"height":500},{"@type":"BreadcrumbList","@id":"https:\/\/keys-for-auto.eu\/pl\/product\/dwuprzyciskowa-skorupa-klucza-pasujaca-do-toyoty-corolla-rav4-yaris-camry\/#breadcrumb","itemListElement":[{"@type":"ListItem","position":1,"name":"Strona g\u0142\u00f3wna","item":"https:\/\/keys-for-auto.eu\/pl\/"},{"@type":"ListItem","position":2,"name":"Shop","item":"https:\/\/keys-for-auto.eu\/"},{"@type":"ListItem","position":3,"name":"Dwuprzyciskowa obudowa klucza &#8211; pasuje do Toyota Corolla | RAV4 | Yaris | Camry"}]},{"@type":"WebSite","@id":"https:\/\/keys-for-auto.eu\/pl\/#website","url":"https:\/\/keys-for-auto.eu\/pl\/","name":"Keys for auto","description":"Car keys,  key shells, key programming","publisher":{"@id":"https:\/\/keys-for-auto.eu\/pl\/#organization"},"potentialAction":[{"@type":"SearchAction","target":{"@type":"EntryPoint","urlTemplate":"https:\/\/keys-for-auto.eu\/pl\/?s={search_term_string}"},"query-input":{"@type":"PropertyValueSpecification","valueRequired":true,"valueName":"search_term_string"}}],"inLanguage":"pl-PL"},{"@type":"Organization","@id":"https:\/\/keys-for-auto.eu\/pl\/#organization","name":"Klucze do samochodu","url":"https:\/\/keys-for-auto.eu\/pl\/","logo":{"@type":"ImageObject","inLanguage":"pl-PL","@id":"https:\/\/keys-for-auto.eu\/pl\/#\/schema\/logo\/image\/","url":"https:\/\/keys-for-auto.eu\/wp-content\/uploads\/2022\/11\/cropped-png1.png","contentUrl":"https:\/\/keys-for-auto.eu\/wp-content\/uploads\/2022\/11\/cropped-png1.png","width":1000,"height":342,"caption":"Klucze do samochodu"},"image":{"@id":"https:\/\/keys-for-auto.eu\/pl\/#\/schema\/logo\/image\/"},"sameAs":["https:\/\/www.facebook.com\/KeysForAutoEU"]}]}},"_links":{"self":[{"href":"https:\/\/keys-for-auto.eu\/pl\/wp-json\/wp\/v2\/product\/16615","targetHints":{"allow":["GET"]}}],"collection":[{"href":"https:\/\/keys-for-auto.eu\/pl\/wp-json\/wp\/v2\/product"}],"about":[{"href":"https:\/\/keys-for-auto.eu\/pl\/wp-json\/wp\/v2\/types\/product"}],"replies":[{"embeddable":true,"href":"https:\/\/keys-for-auto.eu\/pl\/wp-json\/wp\/v2\/comments?post=16615"}],"wp:featuredmedia":[{"embeddable":true,"href":"https:\/\/keys-for-auto.eu\/pl\/wp-json\/wp\/v2\/media\/13988"}],"wp:attachment":[{"href":"https:\/\/keys-for-auto.eu\/pl\/wp-json\/wp\/v2\/media?parent=16615"}],"wp:term":[{"taxonomy":"product_brand","embeddable":true,"href":"https:\/\/keys-for-auto.eu\/pl\/wp-json\/wp\/v2\/product_brand?post=16615"},{"taxonomy":"product_cat","embeddable":true,"href":"https:\/\/keys-for-auto.eu\/pl\/wp-json\/wp\/v2\/product_cat?post=16615"},{"taxonomy":"product_tag","embeddable":true,"href":"https:\/\/keys-for-auto.eu\/pl\/wp-json\/wp\/v2\/product_tag?post=16615"}],"curies":[{"name":"wp","href":"https:\/\/api.w.org\/{rel}","templated":true}]}}