{"id":16569,"date":"2016-04-02T09:50:48","date_gmt":"2016-04-02T09:50:48","guid":{"rendered":"https:\/\/keys-for-auto.eu\/product\/muszla-klucza-pasuje-do-lexus-is200-gs300-ls400-rx300-rx400-trzy-przyciski\/"},"modified":"2016-04-02T09:50:48","modified_gmt":"2016-04-02T09:50:48","slug":"key-shell-suitable-for-lexus-is200-gs300-ls400-rx300-rx400-three-buttons","status":"publish","type":"product","link":"https:\/\/keys-for-auto.eu\/pl\/product\/key-shell-suitable-for-lexus-is200-gs300-ls400-rx300-rx400-three-buttons\/","title":{"rendered":"Muszla klucza &#8211; pasuje do Lexus IS200 | GS300 | LS400 | RX300 | RX400, trzy przyciski"},"content":{"rendered":"<h2><strong>Muszla klucza &#8211; pasuje do Lexus IS200 | GS300 | LS400 | RX300 | RX400, trzy przyciski<\/strong><\/h2>\n<p>Przedstawiamy obudow\u0119 kluczyka z trzema przyciskami pasuj\u0105c\u0105 do modeli Lexus IS200, GS300, LS400, RX300, RX400. Nie jest tajemnic\u0105, \u017ce breloczki nie s\u0105 trwa\u0142e. Ale nawet je\u015bli Twoje etui na klucze z\u0142amie si\u0119, p\u0119knie lub ulegnie innemu uszkodzeniu, nie musisz si\u0119 martwi\u0107! Poniewa\u017c na naszej stronie znajdziesz kluczyki do wielu marek i modeli samochod\u00f3w.<\/p>\n<p>Opr\u00f3cz brelok\u00f3w, w naszym sklepie internetowym znajdziesz r\u00f3wnie\u017c klucze do pilot\u00f3w. Mo\u017cecie je zobaczy\u0107 tutaj. Naszym klientom oferujemy r\u00f3wnie\u017c us\u0142ug\u0119 programowania kluczy samochodowych. Programujemy klucze do wielu marek i modeli samochod\u00f3w.<\/p>\n<p>Prowadzimy r\u00f3wnie\u017c sprzeda\u017c kart kluczy do samochod\u00f3w Renault. Do Twojego samochodu mo\u017cemy przywi\u0105za\u0107 karty Renault Scenic, Megane, Laguna, Espace, Vel Satis. Wymieniamy zu\u017cyte obudowy kart i naprawiamy uszkodzone karty. Kolejn\u0105 \u015bwiadczon\u0105 przez nas us\u0142ug\u0105 jest awaryjne odblokowywanie samochod\u00f3w. Prosz\u0119 zobaczy\u0107 na ko\u0144cu tego opisu.<\/p>\n<h3><strong>Produkcja kluczowa<\/strong><\/h3>\n<p>Kluczowa produkcja. Przyjd\u017a do naszej siedziby, a my szybko i profesjonalnie wyprodukujemy i zaprogramujemy Twoje klucze. Uprzejmie prosimy o wcze\u015bniejsze ustalenie godziny przed przyjazdem. Mo\u017cna to zrobi\u0107 dzwoni\u0105c pod numer telefonu znajduj\u0105cy si\u0119 na dole strony lub pod tym linkiem. Programowanie kluczy samochodowych w naszej firmie odbywa si\u0119 przy u\u017cyciu specjalnych, zaawansowanych technologii. Dlatego coraz wi\u0119cej kierowc\u00f3w powierza nam produkcj\u0119 swoich kluczy. Klucze samochodowe to wa\u017cny element codziennej rutyny ka\u017cdego kierowcy. Niech profesjonalne programowanie kluczy ubarwi t\u0119 codzienn\u0105 rutyn\u0119.<\/p>\n<h3><strong>Awaryjne odblokowanie samochodu<\/strong><\/h3>\n<p>Awaryjne odblokowanie samochodu jest czasem konieczne z r\u00f3\u017cnych powod\u00f3w. Mo\u017ce przypadkowo zatrzasn\u0105\u0142e\u015b klucze w samochodzie? Czy z\u0142ama\u0142e\u015b klucz w zamku stacyjki lub w drzwiach? A mo\u017ce z innych powod\u00f3w nie mo\u017cesz wsi\u0105\u015b\u0107 do swojego samochodu? Niezale\u017cnie od problemu, pomo\u017cemy Ci odblokowa\u0107 i uruchomi\u0107 Tw\u00f3j samoch\u00f3d.<\/p>\n<p>Je\u015bli wi\u0119c nie mo\u017cesz odblokowa\u0107 swojego samochodu, nie martw si\u0119 i zadzwo\u0144 do naszego zespo\u0142u! Zadzwo\u0144 do kontakt\u00f3w wymienionych na dole strony. Awaryjne odblokowywanie samochod\u00f3w przez naszych technik\u00f3w odbywa si\u0119 przy u\u017cyciu specjalistycznego, certyfikowanego sprz\u0119tu. Przede wszystkim nie pr\u00f3buj otwiera\u0107 samochodu samodzielnie, gdy\u017c mo\u017cesz go uszkodzi\u0107. Zostaw to profesjonalistom. Jeste\u015bmy w gotowo\u015bci o ka\u017cdej porze dnia. Awaryjne odblokowanie samochodu jest dost\u0119pne w ka\u017cdej cz\u0119\u015bci miasta lub dzielnicy Wilna. Zaufaj profesjonalistom, a wkr\u00f3tce zn\u00f3w b\u0119dziesz cieszy\u0107 si\u0119 swoim samochodem!<\/p>\n","protected":false},"excerpt":{"rendered":"<p><strong>Pasuje:<br \/>\nLexus IS200<br \/>\nLexus GS300<br \/>\nLexus LS400<br \/>\nLexus RX300<br \/>\n<\/strong><strong>Lexus RX400<\/strong><\/p>\n<h3><strong>Produkcja kluczy samochodowych<\/strong><\/h3>\n<ul>\n<li><strong>Produkcja nowych kluczy samochodowych, programowanie kluczy (&#8222;wi\u0105zanie&#8221; z samochodem)<\/strong><\/li>\n<li><strong>Usuwanie z pami\u0119ci samochodu wcze\u015bniej zgubionych kluczyk\u00f3w<\/strong><\/li>\n<li><strong>Produkcja klucza zap\u0142onowego wed\u0142ug zamka<\/strong><\/li>\n<li><strong>Naprawa kluczy samochodowych (wymiana przycisk\u00f3w, muszli, mechanizm\u00f3w)<\/strong><\/li>\n<li><strong>Awaryjne odblokowanie samochodu<\/strong><\/li>\n<li><strong>Wymiana kluczy, etui na klucze<\/strong><\/li>\n<li><strong>Wy\u0142\u0105czenie oprogramowania DPF \/ FAP<\/strong><\/li>\n<li><strong>Programowe usuni\u0119cie EGR<\/strong><\/li>\n<li><strong>Wy\u0142\u0105czenie oprogramowania immobilizera (immo Off)<\/strong><\/li>\n<li><strong>Jednostka steruj\u0105ca silnika (ECU) naprawa, klonowanie, programowanie<\/strong><\/li>\n<li><strong>SRS (programowanie jednostki steruj\u0105cej poduszk\u0105 powietrzn\u0105)<\/strong><\/li>\n<\/ul>\n<h4><strong>  przedmioty wysy\u0142ane w ci\u0105gu 3 dni roboczych.*<\/strong><\/h4>\n","protected":false},"featured_media":13578,"comment_status":"open","ping_status":"closed","template":"","meta":[],"product_brand":[],"product_cat":[2781,2797],"product_tag":[2809,2815,2820,2825,2804],"class_list":{"0":"post-16569","1":"product","2":"type-product","3":"status-publish","4":"has-post-thumbnail","6":"product_cat-kluczowe-muszle-pl","7":"product_cat-lexus-pl","8":"product_tag-lexus-gs300-skorupa-klucza","9":"product_tag-lexus-is200-skorupa-klucza","10":"product_tag-lexus-ls400-obudowa-klucza","11":"product_tag-lexus-rx300-skorupa-klucza","12":"product_tag-muszla-klucza-lexus","14":"first","15":"instock","16":"sale","17":"shipping-taxable","18":"purchasable","19":"product-type-simple"},"yoast_head":"<!-- This site is optimized with the Yoast SEO plugin v27.6 - https:\/\/yoast.com\/product\/yoast-seo-wordpress\/ -->\n<title>Muszla klucza - pasuje do Lexus IS200 | GS300 | LS400 | RX300 | RX400, trzy przyciski - Keys for auto<\/title>\n<meta name=\"robots\" content=\"index, follow, max-snippet:-1, max-image-preview:large, max-video-preview:-1\" \/>\n<link rel=\"canonical\" href=\"https:\/\/keys-for-auto.eu\/pl\/product\/key-shell-suitable-for-lexus-is200-gs300-ls400-rx300-rx400-three-buttons\/\" \/>\n<meta property=\"og:locale\" content=\"pl_PL\" \/>\n<meta property=\"og:type\" content=\"article\" \/>\n<meta property=\"og:title\" content=\"Muszla klucza - pasuje do Lexus IS200 | GS300 | LS400 | RX300 | RX400, trzy przyciski - Keys for auto\" \/>\n<meta property=\"og:description\" content=\"Pasuje: Lexus IS200 Lexus GS300 Lexus LS400 Lexus RX300 Lexus RX400 Produkcja kluczy samochodowych  Produkcja nowych kluczy samochodowych, programowanie kluczy (&quot;wi\u0105zanie&quot; z samochodem)  Usuwanie z pami\u0119ci samochodu wcze\u015bniej zgubionych kluczyk\u00f3w  Produkcja klucza zap\u0142onowego wed\u0142ug zamka  Naprawa kluczy samochodowych (wymiana przycisk\u00f3w, muszli, mechanizm\u00f3w)  Awaryjne odblokowanie samochodu  Wymiana kluczy, etui na klucze  Wy\u0142\u0105czenie oprogramowania DPF \/ FAP  Programowe usuni\u0119cie EGR  Wy\u0142\u0105czenie oprogramowania immobilizera (immo Off)  Jednostka steruj\u0105ca silnika (ECU) naprawa, klonowanie, programowanie  SRS (programowanie jednostki steruj\u0105cej poduszk\u0105 powietrzn\u0105)  przedmioty wysy\u0142ane w ci\u0105gu 3 dni roboczych.*\" \/>\n<meta property=\"og:url\" content=\"https:\/\/keys-for-auto.eu\/pl\/product\/key-shell-suitable-for-lexus-is200-gs300-ls400-rx300-rx400-three-buttons\/\" \/>\n<meta property=\"og:site_name\" content=\"Keys for auto\" \/>\n<meta property=\"article:publisher\" content=\"https:\/\/www.facebook.com\/KeysForAutoEU\" \/>\n<meta property=\"og:image\" content=\"https:\/\/i0.wp.com\/keys-for-auto.eu\/wp-content\/uploads\/2022\/12\/Lexus-IS200-GS300-LS400-RX300-3-mygtuku-500x5001-removebg-preview.png?fit=500%2C500&ssl=1\" \/>\n\t<meta property=\"og:image:width\" content=\"500\" \/>\n\t<meta property=\"og:image:height\" content=\"500\" \/>\n\t<meta property=\"og:image:type\" content=\"image\/png\" \/>\n<meta name=\"twitter:card\" content=\"summary_large_image\" \/>\n<meta name=\"twitter:label1\" content=\"Szacowany czas czytania\" \/>\n\t<meta name=\"twitter:data1\" content=\"2 minuty\" \/>\n<script type=\"application\/ld+json\" class=\"yoast-schema-graph\">{\"@context\":\"https:\\\/\\\/schema.org\",\"@graph\":[{\"@type\":[\"WebPage\",\"ItemPage\"],\"@id\":\"https:\\\/\\\/keys-for-auto.eu\\\/pl\\\/product\\\/key-shell-suitable-for-lexus-is200-gs300-ls400-rx300-rx400-three-buttons\\\/\",\"url\":\"https:\\\/\\\/keys-for-auto.eu\\\/pl\\\/product\\\/key-shell-suitable-for-lexus-is200-gs300-ls400-rx300-rx400-three-buttons\\\/\",\"name\":\"Muszla klucza - pasuje do Lexus IS200 | GS300 | LS400 | RX300 | RX400, trzy przyciski - Keys for auto\",\"isPartOf\":{\"@id\":\"https:\\\/\\\/keys-for-auto.eu\\\/pl\\\/#website\"},\"primaryImageOfPage\":{\"@id\":\"https:\\\/\\\/keys-for-auto.eu\\\/pl\\\/product\\\/key-shell-suitable-for-lexus-is200-gs300-ls400-rx300-rx400-three-buttons\\\/#primaryimage\"},\"image\":{\"@id\":\"https:\\\/\\\/keys-for-auto.eu\\\/pl\\\/product\\\/key-shell-suitable-for-lexus-is200-gs300-ls400-rx300-rx400-three-buttons\\\/#primaryimage\"},\"thumbnailUrl\":\"https:\\\/\\\/keys-for-auto.eu\\\/wp-content\\\/uploads\\\/2022\\\/12\\\/Lexus-IS200-GS300-LS400-RX300-3-mygtuku-500x5001-removebg-preview.png\",\"datePublished\":\"2016-04-02T09:50:48+00:00\",\"breadcrumb\":{\"@id\":\"https:\\\/\\\/keys-for-auto.eu\\\/pl\\\/product\\\/key-shell-suitable-for-lexus-is200-gs300-ls400-rx300-rx400-three-buttons\\\/#breadcrumb\"},\"inLanguage\":\"pl-PL\",\"potentialAction\":[{\"@type\":\"ReadAction\",\"target\":[\"https:\\\/\\\/keys-for-auto.eu\\\/pl\\\/product\\\/key-shell-suitable-for-lexus-is200-gs300-ls400-rx300-rx400-three-buttons\\\/\"]}]},{\"@type\":\"ImageObject\",\"inLanguage\":\"pl-PL\",\"@id\":\"https:\\\/\\\/keys-for-auto.eu\\\/pl\\\/product\\\/key-shell-suitable-for-lexus-is200-gs300-ls400-rx300-rx400-three-buttons\\\/#primaryimage\",\"url\":\"https:\\\/\\\/keys-for-auto.eu\\\/wp-content\\\/uploads\\\/2022\\\/12\\\/Lexus-IS200-GS300-LS400-RX300-3-mygtuku-500x5001-removebg-preview.png\",\"contentUrl\":\"https:\\\/\\\/keys-for-auto.eu\\\/wp-content\\\/uploads\\\/2022\\\/12\\\/Lexus-IS200-GS300-LS400-RX300-3-mygtuku-500x5001-removebg-preview.png\",\"width\":500,\"height\":500},{\"@type\":\"BreadcrumbList\",\"@id\":\"https:\\\/\\\/keys-for-auto.eu\\\/pl\\\/product\\\/key-shell-suitable-for-lexus-is200-gs300-ls400-rx300-rx400-three-buttons\\\/#breadcrumb\",\"itemListElement\":[{\"@type\":\"ListItem\",\"position\":1,\"name\":\"Strona g\u0142\u00f3wna\",\"item\":\"https:\\\/\\\/keys-for-auto.eu\\\/pl\\\/\"},{\"@type\":\"ListItem\",\"position\":2,\"name\":\"Shop\",\"item\":\"https:\\\/\\\/keys-for-auto.eu\\\/\"},{\"@type\":\"ListItem\",\"position\":3,\"name\":\"Muszla klucza &#8211; pasuje do Lexus IS200 | GS300 | LS400 | RX300 | RX400, trzy przyciski\"}]},{\"@type\":\"WebSite\",\"@id\":\"https:\\\/\\\/keys-for-auto.eu\\\/pl\\\/#website\",\"url\":\"https:\\\/\\\/keys-for-auto.eu\\\/pl\\\/\",\"name\":\"Keys for auto\",\"description\":\"Car keys,  key shells, key programming\",\"publisher\":{\"@id\":\"https:\\\/\\\/keys-for-auto.eu\\\/pl\\\/#organization\"},\"potentialAction\":[{\"@type\":\"SearchAction\",\"target\":{\"@type\":\"EntryPoint\",\"urlTemplate\":\"https:\\\/\\\/keys-for-auto.eu\\\/pl\\\/?s={search_term_string}\"},\"query-input\":{\"@type\":\"PropertyValueSpecification\",\"valueRequired\":true,\"valueName\":\"search_term_string\"}}],\"inLanguage\":\"pl-PL\"},{\"@type\":\"Organization\",\"@id\":\"https:\\\/\\\/keys-for-auto.eu\\\/pl\\\/#organization\",\"name\":\"Klucze do samochodu\",\"url\":\"https:\\\/\\\/keys-for-auto.eu\\\/pl\\\/\",\"logo\":{\"@type\":\"ImageObject\",\"inLanguage\":\"pl-PL\",\"@id\":\"https:\\\/\\\/keys-for-auto.eu\\\/pl\\\/#\\\/schema\\\/logo\\\/image\\\/\",\"url\":\"https:\\\/\\\/keys-for-auto.eu\\\/wp-content\\\/uploads\\\/2022\\\/11\\\/cropped-png1.png\",\"contentUrl\":\"https:\\\/\\\/keys-for-auto.eu\\\/wp-content\\\/uploads\\\/2022\\\/11\\\/cropped-png1.png\",\"width\":1000,\"height\":342,\"caption\":\"Klucze do samochodu\"},\"image\":{\"@id\":\"https:\\\/\\\/keys-for-auto.eu\\\/pl\\\/#\\\/schema\\\/logo\\\/image\\\/\"},\"sameAs\":[\"https:\\\/\\\/www.facebook.com\\\/KeysForAutoEU\"]}]}<\/script>\n<!-- \/ Yoast SEO plugin. -->","yoast_head_json":{"title":"Muszla klucza - pasuje do Lexus IS200 | GS300 | LS400 | RX300 | RX400, trzy przyciski - Keys for auto","robots":{"index":"index","follow":"follow","max-snippet":"max-snippet:-1","max-image-preview":"max-image-preview:large","max-video-preview":"max-video-preview:-1"},"canonical":"https:\/\/keys-for-auto.eu\/pl\/product\/key-shell-suitable-for-lexus-is200-gs300-ls400-rx300-rx400-three-buttons\/","og_locale":"pl_PL","og_type":"article","og_title":"Muszla klucza - pasuje do Lexus IS200 | GS300 | LS400 | RX300 | RX400, trzy przyciski - Keys for auto","og_description":"Pasuje: Lexus IS200 Lexus GS300 Lexus LS400 Lexus RX300 Lexus RX400 Produkcja kluczy samochodowych  Produkcja nowych kluczy samochodowych, programowanie kluczy (\"wi\u0105zanie\" z samochodem)  Usuwanie z pami\u0119ci samochodu wcze\u015bniej zgubionych kluczyk\u00f3w  Produkcja klucza zap\u0142onowego wed\u0142ug zamka  Naprawa kluczy samochodowych (wymiana przycisk\u00f3w, muszli, mechanizm\u00f3w)  Awaryjne odblokowanie samochodu  Wymiana kluczy, etui na klucze  Wy\u0142\u0105czenie oprogramowania DPF \/ FAP  Programowe usuni\u0119cie EGR  Wy\u0142\u0105czenie oprogramowania immobilizera (immo Off)  Jednostka steruj\u0105ca silnika (ECU) naprawa, klonowanie, programowanie  SRS (programowanie jednostki steruj\u0105cej poduszk\u0105 powietrzn\u0105)  przedmioty wysy\u0142ane w ci\u0105gu 3 dni roboczych.*","og_url":"https:\/\/keys-for-auto.eu\/pl\/product\/key-shell-suitable-for-lexus-is200-gs300-ls400-rx300-rx400-three-buttons\/","og_site_name":"Keys for auto","article_publisher":"https:\/\/www.facebook.com\/KeysForAutoEU","og_image":[{"width":500,"height":500,"url":"https:\/\/i0.wp.com\/keys-for-auto.eu\/wp-content\/uploads\/2022\/12\/Lexus-IS200-GS300-LS400-RX300-3-mygtuku-500x5001-removebg-preview.png?fit=500%2C500&ssl=1","type":"image\/png"}],"twitter_card":"summary_large_image","twitter_misc":{"Szacowany czas czytania":"2 minuty"},"schema":{"@context":"https:\/\/schema.org","@graph":[{"@type":["WebPage","ItemPage"],"@id":"https:\/\/keys-for-auto.eu\/pl\/product\/key-shell-suitable-for-lexus-is200-gs300-ls400-rx300-rx400-three-buttons\/","url":"https:\/\/keys-for-auto.eu\/pl\/product\/key-shell-suitable-for-lexus-is200-gs300-ls400-rx300-rx400-three-buttons\/","name":"Muszla klucza - pasuje do Lexus IS200 | GS300 | LS400 | RX300 | RX400, trzy przyciski - Keys for auto","isPartOf":{"@id":"https:\/\/keys-for-auto.eu\/pl\/#website"},"primaryImageOfPage":{"@id":"https:\/\/keys-for-auto.eu\/pl\/product\/key-shell-suitable-for-lexus-is200-gs300-ls400-rx300-rx400-three-buttons\/#primaryimage"},"image":{"@id":"https:\/\/keys-for-auto.eu\/pl\/product\/key-shell-suitable-for-lexus-is200-gs300-ls400-rx300-rx400-three-buttons\/#primaryimage"},"thumbnailUrl":"https:\/\/keys-for-auto.eu\/wp-content\/uploads\/2022\/12\/Lexus-IS200-GS300-LS400-RX300-3-mygtuku-500x5001-removebg-preview.png","datePublished":"2016-04-02T09:50:48+00:00","breadcrumb":{"@id":"https:\/\/keys-for-auto.eu\/pl\/product\/key-shell-suitable-for-lexus-is200-gs300-ls400-rx300-rx400-three-buttons\/#breadcrumb"},"inLanguage":"pl-PL","potentialAction":[{"@type":"ReadAction","target":["https:\/\/keys-for-auto.eu\/pl\/product\/key-shell-suitable-for-lexus-is200-gs300-ls400-rx300-rx400-three-buttons\/"]}]},{"@type":"ImageObject","inLanguage":"pl-PL","@id":"https:\/\/keys-for-auto.eu\/pl\/product\/key-shell-suitable-for-lexus-is200-gs300-ls400-rx300-rx400-three-buttons\/#primaryimage","url":"https:\/\/keys-for-auto.eu\/wp-content\/uploads\/2022\/12\/Lexus-IS200-GS300-LS400-RX300-3-mygtuku-500x5001-removebg-preview.png","contentUrl":"https:\/\/keys-for-auto.eu\/wp-content\/uploads\/2022\/12\/Lexus-IS200-GS300-LS400-RX300-3-mygtuku-500x5001-removebg-preview.png","width":500,"height":500},{"@type":"BreadcrumbList","@id":"https:\/\/keys-for-auto.eu\/pl\/product\/key-shell-suitable-for-lexus-is200-gs300-ls400-rx300-rx400-three-buttons\/#breadcrumb","itemListElement":[{"@type":"ListItem","position":1,"name":"Strona g\u0142\u00f3wna","item":"https:\/\/keys-for-auto.eu\/pl\/"},{"@type":"ListItem","position":2,"name":"Shop","item":"https:\/\/keys-for-auto.eu\/"},{"@type":"ListItem","position":3,"name":"Muszla klucza &#8211; pasuje do Lexus IS200 | GS300 | LS400 | RX300 | RX400, trzy przyciski"}]},{"@type":"WebSite","@id":"https:\/\/keys-for-auto.eu\/pl\/#website","url":"https:\/\/keys-for-auto.eu\/pl\/","name":"Keys for auto","description":"Car keys,  key shells, key programming","publisher":{"@id":"https:\/\/keys-for-auto.eu\/pl\/#organization"},"potentialAction":[{"@type":"SearchAction","target":{"@type":"EntryPoint","urlTemplate":"https:\/\/keys-for-auto.eu\/pl\/?s={search_term_string}"},"query-input":{"@type":"PropertyValueSpecification","valueRequired":true,"valueName":"search_term_string"}}],"inLanguage":"pl-PL"},{"@type":"Organization","@id":"https:\/\/keys-for-auto.eu\/pl\/#organization","name":"Klucze do samochodu","url":"https:\/\/keys-for-auto.eu\/pl\/","logo":{"@type":"ImageObject","inLanguage":"pl-PL","@id":"https:\/\/keys-for-auto.eu\/pl\/#\/schema\/logo\/image\/","url":"https:\/\/keys-for-auto.eu\/wp-content\/uploads\/2022\/11\/cropped-png1.png","contentUrl":"https:\/\/keys-for-auto.eu\/wp-content\/uploads\/2022\/11\/cropped-png1.png","width":1000,"height":342,"caption":"Klucze do samochodu"},"image":{"@id":"https:\/\/keys-for-auto.eu\/pl\/#\/schema\/logo\/image\/"},"sameAs":["https:\/\/www.facebook.com\/KeysForAutoEU"]}]}},"_links":{"self":[{"href":"https:\/\/keys-for-auto.eu\/pl\/wp-json\/wp\/v2\/product\/16569","targetHints":{"allow":["GET"]}}],"collection":[{"href":"https:\/\/keys-for-auto.eu\/pl\/wp-json\/wp\/v2\/product"}],"about":[{"href":"https:\/\/keys-for-auto.eu\/pl\/wp-json\/wp\/v2\/types\/product"}],"replies":[{"embeddable":true,"href":"https:\/\/keys-for-auto.eu\/pl\/wp-json\/wp\/v2\/comments?post=16569"}],"wp:featuredmedia":[{"embeddable":true,"href":"https:\/\/keys-for-auto.eu\/pl\/wp-json\/wp\/v2\/media\/13578"}],"wp:attachment":[{"href":"https:\/\/keys-for-auto.eu\/pl\/wp-json\/wp\/v2\/media?parent=16569"}],"wp:term":[{"taxonomy":"product_brand","embeddable":true,"href":"https:\/\/keys-for-auto.eu\/pl\/wp-json\/wp\/v2\/product_brand?post=16569"},{"taxonomy":"product_cat","embeddable":true,"href":"https:\/\/keys-for-auto.eu\/pl\/wp-json\/wp\/v2\/product_cat?post=16569"},{"taxonomy":"product_tag","embeddable":true,"href":"https:\/\/keys-for-auto.eu\/pl\/wp-json\/wp\/v2\/product_tag?post=16569"}],"curies":[{"name":"wp","href":"https:\/\/api.w.org\/{rel}","templated":true}]}}