{"id":16558,"date":"2016-04-02T10:13:10","date_gmt":"2016-04-02T10:13:10","guid":{"rendered":"https:\/\/keys-for-auto.eu\/product\/pilot-zdalnego-sterowania-odpowiedni-dla-mitsubishi-z-3-przyciskami\/"},"modified":"2016-04-02T10:13:10","modified_gmt":"2016-04-02T10:13:10","slug":"zdalne-sterowanie-odpowiednie-dlaitsubishi-z-3-przyciskami","status":"publish","type":"product","link":"https:\/\/keys-for-auto.eu\/pl\/product\/zdalne-sterowanie-odpowiednie-dlaitsubishi-z-3-przyciskami\/","title":{"rendered":"Pilot zdalnego sterowania &#8211; odpowiedni dla Mitsubishi, z 3 przyciskami"},"content":{"rendered":"<h2><strong>Pilot zdalnego sterowania do samochod\u00f3w marki Mitsubishi<\/strong><\/h2>\n<p>Przedstawiamy trzyprzyciskowy pilot do samochod\u00f3w marki Mitsubishi. Wykonany z wysokiej jako\u015bci materia\u0142\u00f3w pilot b\u0119dzie s\u0142u\u017cy\u0142 Ci przez d\u0142ugie i wierne \u017cycie. Zapraszamy do zapoznania si\u0119 z innymi naszymi wysokiej jako\u015bci produktami. Prowadzimy sprzeda\u017c kluczy zdalnego sterowania. Mo\u017cna je obejrze\u0107 tutaj. Prowadzimy r\u00f3wnie\u017c sprzeda\u017c kart zap\u0142onowych Renault. Przywi\u0105zujemy je do samochodu. Wymieniamy uszkodzone lub zu\u017cyte etui na karty. Naprawiamy karty.<\/p>\n<p>Je\u015bli wi\u0119c potrzebujesz karty zap\u0142onowej Renault, programowania lub naprawy, skontaktuj si\u0119 z nami! Zadzwo\u0144 do nas pod numer znajduj\u0105cy si\u0119 na dole strony. Lub odwied\u017a nas w naszej siedzibie. Prosimy o wcze\u015bniejsze ustalenie godziny. Mo\u017cna to zrobi\u0107 dzwoni\u0105c pod numer znajduj\u0105cy si\u0119 na dole strony lub korzystaj\u0105c z tego linku. Opr\u00f3cz powy\u017cszych us\u0142ug \u015bwiadczymy r\u00f3wnie\u017c us\u0142ug\u0119 awaryjnego odblokowania samochodu. Prosz\u0119 zapozna\u0107 si\u0119 z zako\u0144czeniem tego artyku\u0142u.<\/p>\n<h2><strong>Programowanie kluczowe<\/strong><\/h2>\n<p>Programujemy klucze nie tylko do Renault, ale tak\u017ce do wielu innych marek samochod\u00f3w. Kluczowe programowanie. Wysokiej jako\u015bci us\u0142uga, kt\u00f3ra sprawi, \u017ce koszty podr\u00f3\u017cy b\u0119d\u0105 op\u0142acalne. Programowanie kluczy samochodowych odbywa si\u0119 przy u\u017cyciu wy\u0142\u0105cznie najnowszego sprz\u0119tu. A nasi kluczowi specjali\u015bci od programowania stale podnosz\u0105 swoje kwalifikacje.<\/p>\n<p>Je\u015bli masz w\u0105tpliwo\u015bci, komu powierzy\u0107 programowanie kluczy samochodowych, powierz to po prostu profesjonalistom &#8211; naszym specjalistom! Od wielu lat zajmujemy si\u0119 produkcj\u0105 kluczy. Ch\u0119tnie zastosujemy zdobyte do\u015bwiadczenie, aby przed\u0142u\u017cy\u0107 Pa\u0144stwa przyjemno\u015b\u0107 z jazdy. Kluczyki samochodowe &#8211; tylko z naszych r\u0105k!<\/p>\n<h2><strong>Awaryjne odblokowanie samochodu<\/strong><\/h2>\n<p>Awaryjne odblokowanie samochodu staje si\u0119 konieczne, gdy nie mo\u017cesz dosta\u0107 si\u0119 do swojego auta w normalny spos\u00f3b. Poniewa\u017c system zamk\u00f3w w Twoim samochodzie czasami &#8222;szwankuje&#8221;, potrzebujesz profesjonalnej pomocy, aby odblokowa\u0107 samoch\u00f3d, kt\u00f3ry si\u0119 &#8222;zaci\u0105\u0142&#8221;. Zdarza si\u0119 jednak, \u017ce sami kierowcy przypadkowo zamykaj\u0105 kluczyki w samochodzie. Jest jeszcze wiele innych sytuacji, kiedy nie mo\u017cemy wsi\u0105\u015b\u0107 do w\u0142asnego samochodu. Na przyk\u0142ad padni\u0119ta bateria i nie reaguj\u0105ca konsola itp.<\/p>\n<p>Niezale\u017cnie od tego, z kt\u00f3r\u0105 z tych sytuacji masz do czynienia, nie wpadaj w panik\u0119 i nie spiesz si\u0119 z samodzielnym otwieraniem samochodu. Zostaw to profesjonalistom. Zadbamy o to, aby Tw\u00f3j samoch\u00f3d zosta\u0142 otwarty bezpiecznie i szybko. U\u017cywamy specjalnego, certyfikowanego sprz\u0119tu, kt\u00f3ry pomo\u017ce Ci otworzy\u0107 Tw\u00f3j samoch\u00f3d bez uszkodze\u0144.<\/p>\n","protected":false},"excerpt":{"rendered":"<p>Pilot przystosowany do samochod\u00f3w marki Mitsubishi, wyposa\u017cony w trzy przyciski.<\/p>\n<h3><strong>Produkcja kluczy samochodowych<\/strong><\/h3>\n<ul>\n<li><strong>Produkcja nowych kluczy samochodowych, programowanie kluczy (&#8222;wi\u0105zanie&#8221; z samochodem)<\/strong><\/li>\n<li><strong>Usuwanie z pami\u0119ci samochodu wcze\u015bniej zgubionych kluczyk\u00f3w<\/strong><\/li>\n<li><strong>Produkcja klucza zap\u0142onowego wed\u0142ug zamka<\/strong><\/li>\n<li><strong>Naprawa kluczy samochodowych (wymiana przycisk\u00f3w, muszli, mechanizm\u00f3w)<\/strong><\/li>\n<li><strong>Awaryjne odblokowanie samochodu<\/strong><\/li>\n<li><strong>Wymiana kluczy, etui na klucze<\/strong><\/li>\n<li><strong>Wy\u0142\u0105czenie oprogramowania DPF \/ FAP<\/strong><\/li>\n<li><strong>Programowe usuni\u0119cie EGR<\/strong><\/li>\n<li><strong>Wy\u0142\u0105czenie oprogramowania immobilizera (immo Off)<\/strong><\/li>\n<li><strong>Jednostka steruj\u0105ca silnika (ECU) naprawa, klonowanie, programowanie<\/strong><\/li>\n<li><strong>SRS (programowanie jednostki steruj\u0105cej poduszk\u0105 powietrzn\u0105)<\/strong><\/li>\n<\/ul>\n<h4><strong>  przedmioty wysy\u0142ane w ci\u0105gu 3 dni roboczych.*<\/strong><\/h4>\n","protected":false},"featured_media":13673,"comment_status":"open","ping_status":"closed","template":"","meta":[],"product_brand":[],"product_cat":[2781,2959],"product_tag":[2962,3021],"class_list":{"0":"post-16558","1":"product","2":"type-product","3":"status-publish","4":"has-post-thumbnail","6":"product_cat-kluczowe-muszle-pl","7":"product_cat-mitsubishi-pl","8":"product_tag-muszla-klucza-mitsubishi","9":"product_tag-pilot-zdalnego-sterowania-mitsubishi","11":"first","12":"instock","13":"sale","14":"shipping-taxable","15":"purchasable","16":"product-type-simple"},"yoast_head":"<!-- This site is optimized with the Yoast SEO plugin v27.4 - https:\/\/yoast.com\/product\/yoast-seo-wordpress\/ -->\n<title>Pilot zdalnego sterowania - odpowiedni dla Mitsubishi, z 3 przyciskami - Keys for auto<\/title>\n<meta name=\"robots\" content=\"index, follow, max-snippet:-1, max-image-preview:large, max-video-preview:-1\" \/>\n<link rel=\"canonical\" href=\"https:\/\/keys-for-auto.eu\/pl\/product\/zdalne-sterowanie-odpowiednie-dlaitsubishi-z-3-przyciskami\/\" \/>\n<meta property=\"og:locale\" content=\"pl_PL\" \/>\n<meta property=\"og:type\" content=\"article\" \/>\n<meta property=\"og:title\" content=\"Pilot zdalnego sterowania - odpowiedni dla Mitsubishi, z 3 przyciskami - Keys for auto\" \/>\n<meta property=\"og:description\" content=\"Pilot przystosowany do samochod\u00f3w marki Mitsubishi, wyposa\u017cony w trzy przyciski. Produkcja kluczy samochodowych  Produkcja nowych kluczy samochodowych, programowanie kluczy (&quot;wi\u0105zanie&quot; z samochodem)  Usuwanie z pami\u0119ci samochodu wcze\u015bniej zgubionych kluczyk\u00f3w  Produkcja klucza zap\u0142onowego wed\u0142ug zamka  Naprawa kluczy samochodowych (wymiana przycisk\u00f3w, muszli, mechanizm\u00f3w)  Awaryjne odblokowanie samochodu  Wymiana kluczy, etui na klucze  Wy\u0142\u0105czenie oprogramowania DPF \/ FAP  Programowe usuni\u0119cie EGR  Wy\u0142\u0105czenie oprogramowania immobilizera (immo Off)  Jednostka steruj\u0105ca silnika (ECU) naprawa, klonowanie, programowanie  SRS (programowanie jednostki steruj\u0105cej poduszk\u0105 powietrzn\u0105)  przedmioty wysy\u0142ane w ci\u0105gu 3 dni roboczych.*\" \/>\n<meta property=\"og:url\" content=\"https:\/\/keys-for-auto.eu\/pl\/product\/zdalne-sterowanie-odpowiednie-dlaitsubishi-z-3-przyciskami\/\" \/>\n<meta property=\"og:site_name\" content=\"Keys for auto\" \/>\n<meta property=\"article:publisher\" content=\"https:\/\/www.facebook.com\/KeysForAutoEU\" \/>\n<meta property=\"og:image\" content=\"https:\/\/i0.wp.com\/keys-for-auto.eu\/wp-content\/uploads\/2022\/12\/Mitsubishi-3-mygtukai-pultelis-500x5001-removebg-preview.png?fit=500%2C500&ssl=1\" \/>\n\t<meta property=\"og:image:width\" content=\"500\" \/>\n\t<meta property=\"og:image:height\" content=\"500\" \/>\n\t<meta property=\"og:image:type\" content=\"image\/png\" \/>\n<meta name=\"twitter:card\" content=\"summary_large_image\" \/>\n<meta name=\"twitter:label1\" content=\"Szacowany czas czytania\" \/>\n\t<meta name=\"twitter:data1\" content=\"2 minuty\" \/>\n<script type=\"application\/ld+json\" class=\"yoast-schema-graph\">{\"@context\":\"https:\\\/\\\/schema.org\",\"@graph\":[{\"@type\":[\"WebPage\",\"ItemPage\"],\"@id\":\"https:\\\/\\\/keys-for-auto.eu\\\/pl\\\/product\\\/zdalne-sterowanie-odpowiednie-dlaitsubishi-z-3-przyciskami\\\/\",\"url\":\"https:\\\/\\\/keys-for-auto.eu\\\/pl\\\/product\\\/zdalne-sterowanie-odpowiednie-dlaitsubishi-z-3-przyciskami\\\/\",\"name\":\"Pilot zdalnego sterowania - odpowiedni dla Mitsubishi, z 3 przyciskami - Keys for auto\",\"isPartOf\":{\"@id\":\"https:\\\/\\\/keys-for-auto.eu\\\/pl\\\/#website\"},\"primaryImageOfPage\":{\"@id\":\"https:\\\/\\\/keys-for-auto.eu\\\/pl\\\/product\\\/zdalne-sterowanie-odpowiednie-dlaitsubishi-z-3-przyciskami\\\/#primaryimage\"},\"image\":{\"@id\":\"https:\\\/\\\/keys-for-auto.eu\\\/pl\\\/product\\\/zdalne-sterowanie-odpowiednie-dlaitsubishi-z-3-przyciskami\\\/#primaryimage\"},\"thumbnailUrl\":\"https:\\\/\\\/keys-for-auto.eu\\\/wp-content\\\/uploads\\\/2022\\\/12\\\/Mitsubishi-3-mygtukai-pultelis-500x5001-removebg-preview.png\",\"datePublished\":\"2016-04-02T10:13:10+00:00\",\"breadcrumb\":{\"@id\":\"https:\\\/\\\/keys-for-auto.eu\\\/pl\\\/product\\\/zdalne-sterowanie-odpowiednie-dlaitsubishi-z-3-przyciskami\\\/#breadcrumb\"},\"inLanguage\":\"pl-PL\",\"potentialAction\":[{\"@type\":\"ReadAction\",\"target\":[\"https:\\\/\\\/keys-for-auto.eu\\\/pl\\\/product\\\/zdalne-sterowanie-odpowiednie-dlaitsubishi-z-3-przyciskami\\\/\"]}]},{\"@type\":\"ImageObject\",\"inLanguage\":\"pl-PL\",\"@id\":\"https:\\\/\\\/keys-for-auto.eu\\\/pl\\\/product\\\/zdalne-sterowanie-odpowiednie-dlaitsubishi-z-3-przyciskami\\\/#primaryimage\",\"url\":\"https:\\\/\\\/keys-for-auto.eu\\\/wp-content\\\/uploads\\\/2022\\\/12\\\/Mitsubishi-3-mygtukai-pultelis-500x5001-removebg-preview.png\",\"contentUrl\":\"https:\\\/\\\/keys-for-auto.eu\\\/wp-content\\\/uploads\\\/2022\\\/12\\\/Mitsubishi-3-mygtukai-pultelis-500x5001-removebg-preview.png\",\"width\":500,\"height\":500},{\"@type\":\"BreadcrumbList\",\"@id\":\"https:\\\/\\\/keys-for-auto.eu\\\/pl\\\/product\\\/zdalne-sterowanie-odpowiednie-dlaitsubishi-z-3-przyciskami\\\/#breadcrumb\",\"itemListElement\":[{\"@type\":\"ListItem\",\"position\":1,\"name\":\"Strona g\u0142\u00f3wna\",\"item\":\"https:\\\/\\\/keys-for-auto.eu\\\/pl\\\/\"},{\"@type\":\"ListItem\",\"position\":2,\"name\":\"Shop\",\"item\":\"https:\\\/\\\/keys-for-auto.eu\\\/\"},{\"@type\":\"ListItem\",\"position\":3,\"name\":\"Pilot zdalnego sterowania &#8211; odpowiedni dla Mitsubishi, z 3 przyciskami\"}]},{\"@type\":\"WebSite\",\"@id\":\"https:\\\/\\\/keys-for-auto.eu\\\/pl\\\/#website\",\"url\":\"https:\\\/\\\/keys-for-auto.eu\\\/pl\\\/\",\"name\":\"Keys for auto\",\"description\":\"Car keys,  key shells, key programming\",\"publisher\":{\"@id\":\"https:\\\/\\\/keys-for-auto.eu\\\/pl\\\/#organization\"},\"potentialAction\":[{\"@type\":\"SearchAction\",\"target\":{\"@type\":\"EntryPoint\",\"urlTemplate\":\"https:\\\/\\\/keys-for-auto.eu\\\/pl\\\/?s={search_term_string}\"},\"query-input\":{\"@type\":\"PropertyValueSpecification\",\"valueRequired\":true,\"valueName\":\"search_term_string\"}}],\"inLanguage\":\"pl-PL\"},{\"@type\":\"Organization\",\"@id\":\"https:\\\/\\\/keys-for-auto.eu\\\/pl\\\/#organization\",\"name\":\"Klucze do samochodu\",\"url\":\"https:\\\/\\\/keys-for-auto.eu\\\/pl\\\/\",\"logo\":{\"@type\":\"ImageObject\",\"inLanguage\":\"pl-PL\",\"@id\":\"https:\\\/\\\/keys-for-auto.eu\\\/pl\\\/#\\\/schema\\\/logo\\\/image\\\/\",\"url\":\"https:\\\/\\\/keys-for-auto.eu\\\/wp-content\\\/uploads\\\/2022\\\/11\\\/cropped-png1.png\",\"contentUrl\":\"https:\\\/\\\/keys-for-auto.eu\\\/wp-content\\\/uploads\\\/2022\\\/11\\\/cropped-png1.png\",\"width\":1000,\"height\":342,\"caption\":\"Klucze do samochodu\"},\"image\":{\"@id\":\"https:\\\/\\\/keys-for-auto.eu\\\/pl\\\/#\\\/schema\\\/logo\\\/image\\\/\"},\"sameAs\":[\"https:\\\/\\\/www.facebook.com\\\/KeysForAutoEU\"]}]}<\/script>\n<!-- \/ Yoast SEO plugin. -->","yoast_head_json":{"title":"Pilot zdalnego sterowania - odpowiedni dla Mitsubishi, z 3 przyciskami - Keys for auto","robots":{"index":"index","follow":"follow","max-snippet":"max-snippet:-1","max-image-preview":"max-image-preview:large","max-video-preview":"max-video-preview:-1"},"canonical":"https:\/\/keys-for-auto.eu\/pl\/product\/zdalne-sterowanie-odpowiednie-dlaitsubishi-z-3-przyciskami\/","og_locale":"pl_PL","og_type":"article","og_title":"Pilot zdalnego sterowania - odpowiedni dla Mitsubishi, z 3 przyciskami - Keys for auto","og_description":"Pilot przystosowany do samochod\u00f3w marki Mitsubishi, wyposa\u017cony w trzy przyciski. Produkcja kluczy samochodowych  Produkcja nowych kluczy samochodowych, programowanie kluczy (\"wi\u0105zanie\" z samochodem)  Usuwanie z pami\u0119ci samochodu wcze\u015bniej zgubionych kluczyk\u00f3w  Produkcja klucza zap\u0142onowego wed\u0142ug zamka  Naprawa kluczy samochodowych (wymiana przycisk\u00f3w, muszli, mechanizm\u00f3w)  Awaryjne odblokowanie samochodu  Wymiana kluczy, etui na klucze  Wy\u0142\u0105czenie oprogramowania DPF \/ FAP  Programowe usuni\u0119cie EGR  Wy\u0142\u0105czenie oprogramowania immobilizera (immo Off)  Jednostka steruj\u0105ca silnika (ECU) naprawa, klonowanie, programowanie  SRS (programowanie jednostki steruj\u0105cej poduszk\u0105 powietrzn\u0105)  przedmioty wysy\u0142ane w ci\u0105gu 3 dni roboczych.*","og_url":"https:\/\/keys-for-auto.eu\/pl\/product\/zdalne-sterowanie-odpowiednie-dlaitsubishi-z-3-przyciskami\/","og_site_name":"Keys for auto","article_publisher":"https:\/\/www.facebook.com\/KeysForAutoEU","og_image":[{"width":500,"height":500,"url":"https:\/\/i0.wp.com\/keys-for-auto.eu\/wp-content\/uploads\/2022\/12\/Mitsubishi-3-mygtukai-pultelis-500x5001-removebg-preview.png?fit=500%2C500&ssl=1","type":"image\/png"}],"twitter_card":"summary_large_image","twitter_misc":{"Szacowany czas czytania":"2 minuty"},"schema":{"@context":"https:\/\/schema.org","@graph":[{"@type":["WebPage","ItemPage"],"@id":"https:\/\/keys-for-auto.eu\/pl\/product\/zdalne-sterowanie-odpowiednie-dlaitsubishi-z-3-przyciskami\/","url":"https:\/\/keys-for-auto.eu\/pl\/product\/zdalne-sterowanie-odpowiednie-dlaitsubishi-z-3-przyciskami\/","name":"Pilot zdalnego sterowania - odpowiedni dla Mitsubishi, z 3 przyciskami - Keys for auto","isPartOf":{"@id":"https:\/\/keys-for-auto.eu\/pl\/#website"},"primaryImageOfPage":{"@id":"https:\/\/keys-for-auto.eu\/pl\/product\/zdalne-sterowanie-odpowiednie-dlaitsubishi-z-3-przyciskami\/#primaryimage"},"image":{"@id":"https:\/\/keys-for-auto.eu\/pl\/product\/zdalne-sterowanie-odpowiednie-dlaitsubishi-z-3-przyciskami\/#primaryimage"},"thumbnailUrl":"https:\/\/keys-for-auto.eu\/wp-content\/uploads\/2022\/12\/Mitsubishi-3-mygtukai-pultelis-500x5001-removebg-preview.png","datePublished":"2016-04-02T10:13:10+00:00","breadcrumb":{"@id":"https:\/\/keys-for-auto.eu\/pl\/product\/zdalne-sterowanie-odpowiednie-dlaitsubishi-z-3-przyciskami\/#breadcrumb"},"inLanguage":"pl-PL","potentialAction":[{"@type":"ReadAction","target":["https:\/\/keys-for-auto.eu\/pl\/product\/zdalne-sterowanie-odpowiednie-dlaitsubishi-z-3-przyciskami\/"]}]},{"@type":"ImageObject","inLanguage":"pl-PL","@id":"https:\/\/keys-for-auto.eu\/pl\/product\/zdalne-sterowanie-odpowiednie-dlaitsubishi-z-3-przyciskami\/#primaryimage","url":"https:\/\/keys-for-auto.eu\/wp-content\/uploads\/2022\/12\/Mitsubishi-3-mygtukai-pultelis-500x5001-removebg-preview.png","contentUrl":"https:\/\/keys-for-auto.eu\/wp-content\/uploads\/2022\/12\/Mitsubishi-3-mygtukai-pultelis-500x5001-removebg-preview.png","width":500,"height":500},{"@type":"BreadcrumbList","@id":"https:\/\/keys-for-auto.eu\/pl\/product\/zdalne-sterowanie-odpowiednie-dlaitsubishi-z-3-przyciskami\/#breadcrumb","itemListElement":[{"@type":"ListItem","position":1,"name":"Strona g\u0142\u00f3wna","item":"https:\/\/keys-for-auto.eu\/pl\/"},{"@type":"ListItem","position":2,"name":"Shop","item":"https:\/\/keys-for-auto.eu\/"},{"@type":"ListItem","position":3,"name":"Pilot zdalnego sterowania &#8211; odpowiedni dla Mitsubishi, z 3 przyciskami"}]},{"@type":"WebSite","@id":"https:\/\/keys-for-auto.eu\/pl\/#website","url":"https:\/\/keys-for-auto.eu\/pl\/","name":"Keys for auto","description":"Car keys,  key shells, key programming","publisher":{"@id":"https:\/\/keys-for-auto.eu\/pl\/#organization"},"potentialAction":[{"@type":"SearchAction","target":{"@type":"EntryPoint","urlTemplate":"https:\/\/keys-for-auto.eu\/pl\/?s={search_term_string}"},"query-input":{"@type":"PropertyValueSpecification","valueRequired":true,"valueName":"search_term_string"}}],"inLanguage":"pl-PL"},{"@type":"Organization","@id":"https:\/\/keys-for-auto.eu\/pl\/#organization","name":"Klucze do samochodu","url":"https:\/\/keys-for-auto.eu\/pl\/","logo":{"@type":"ImageObject","inLanguage":"pl-PL","@id":"https:\/\/keys-for-auto.eu\/pl\/#\/schema\/logo\/image\/","url":"https:\/\/keys-for-auto.eu\/wp-content\/uploads\/2022\/11\/cropped-png1.png","contentUrl":"https:\/\/keys-for-auto.eu\/wp-content\/uploads\/2022\/11\/cropped-png1.png","width":1000,"height":342,"caption":"Klucze do samochodu"},"image":{"@id":"https:\/\/keys-for-auto.eu\/pl\/#\/schema\/logo\/image\/"},"sameAs":["https:\/\/www.facebook.com\/KeysForAutoEU"]}]}},"_links":{"self":[{"href":"https:\/\/keys-for-auto.eu\/pl\/wp-json\/wp\/v2\/product\/16558","targetHints":{"allow":["GET"]}}],"collection":[{"href":"https:\/\/keys-for-auto.eu\/pl\/wp-json\/wp\/v2\/product"}],"about":[{"href":"https:\/\/keys-for-auto.eu\/pl\/wp-json\/wp\/v2\/types\/product"}],"replies":[{"embeddable":true,"href":"https:\/\/keys-for-auto.eu\/pl\/wp-json\/wp\/v2\/comments?post=16558"}],"wp:featuredmedia":[{"embeddable":true,"href":"https:\/\/keys-for-auto.eu\/pl\/wp-json\/wp\/v2\/media\/13673"}],"wp:attachment":[{"href":"https:\/\/keys-for-auto.eu\/pl\/wp-json\/wp\/v2\/media?parent=16558"}],"wp:term":[{"taxonomy":"product_brand","embeddable":true,"href":"https:\/\/keys-for-auto.eu\/pl\/wp-json\/wp\/v2\/product_brand?post=16558"},{"taxonomy":"product_cat","embeddable":true,"href":"https:\/\/keys-for-auto.eu\/pl\/wp-json\/wp\/v2\/product_cat?post=16558"},{"taxonomy":"product_tag","embeddable":true,"href":"https:\/\/keys-for-auto.eu\/pl\/wp-json\/wp\/v2\/product_tag?post=16558"}],"curies":[{"name":"wp","href":"https:\/\/api.w.org\/{rel}","templated":true}]}}