{"id":16550,"date":"2016-04-02T08:42:29","date_gmt":"2016-04-02T08:42:29","guid":{"rendered":"https:\/\/keys-for-auto.eu\/product\/21-pancerny-pilot-zdalnego-sterowania-pasuje-do-jeep-chrysler-dodge-trzy-przyciski\/"},"modified":"2016-04-02T08:42:29","modified_gmt":"2016-04-02T08:42:29","slug":"21-panic-remote-control-shell-suitable-for-jeep-chrysler-dodge-three-buttons","status":"publish","type":"product","link":"https:\/\/keys-for-auto.eu\/pl\/product\/21-panic-remote-control-shell-suitable-for-jeep-chrysler-dodge-three-buttons\/","title":{"rendered":"(2+1 pancerny) pilot zdalnego sterowania &#8211; pasuje do Jeep | Chrysler | Dodge, trzy przyciski"},"content":{"rendered":"<p>(2+1 pancerny) pilot zdalnego sterowania &#8211; pasuje do Jeep | Chrysler | Dodge, trzy przyciski<\/p>\n","protected":false},"excerpt":{"rendered":"<p><em><strong>Odpowiednie:<br \/>\nChrysler Town&amp;Country 1999-2003<br \/>\nVoyager 2001-2003<br \/>\nChrysler PT Cruiser 2001-2005<br \/>\nDodge Ram 1500 1999-2004<br \/>\nDodge Durango 1999-2003<br \/>\nDodge Cararan 1999-2003<br \/>\nDodge Dakota 1999-2003<br \/>\nJeep Cherokee 2003-2004<br \/>\nJeep Grand Cherokee 1999-2004<\/strong><\/em><\/p>\n<h3><strong>Produkcja kluczy samochodowych<\/strong><\/h3>\n<ul>\n<li><strong>Produkcja nowych kluczy samochodowych, programowanie kluczy (&#8222;wi\u0105zanie&#8221; z samochodem)<\/strong><\/li>\n<li><strong>Usuwanie z pami\u0119ci samochodu wcze\u015bniej zgubionych kluczyk\u00f3w<\/strong><\/li>\n<li><strong>Produkcja klucza zap\u0142onowego wed\u0142ug zamka<\/strong><\/li>\n<li><strong>Naprawa kluczy samochodowych (wymiana przycisk\u00f3w, muszli, mechanizm\u00f3w)<\/strong><\/li>\n<li><strong>Awaryjne odblokowanie samochodu<\/strong><\/li>\n<li><strong>Wymiana kluczy, etui na klucze<\/strong><\/li>\n<li><strong>Wy\u0142\u0105czenie oprogramowania DPF \/ FAP<\/strong><\/li>\n<li><strong>Programowe usuni\u0119cie EGR<\/strong><\/li>\n<li><strong>Wy\u0142\u0105czenie oprogramowania immobilizera (immo Off)<\/strong><\/li>\n<li><strong>Jednostka steruj\u0105ca silnika (ECU) naprawa, klonowanie, programowanie<\/strong><\/li>\n<li><strong>SRS (programowanie jednostki steruj\u0105cej poduszk\u0105 powietrzn\u0105)<\/strong><\/li>\n<\/ul>\n<h4><strong>przedmioty wysy\u0142ane w ci\u0105gu 3 dni roboczych.*<\/strong><\/h4>\n<p>&nbsp;<\/p>\n","protected":false},"featured_media":12943,"comment_status":"open","ping_status":"closed","template":"","meta":[],"product_brand":[],"product_cat":[2873,2887,2781],"product_tag":[2895,3010,3008],"class_list":{"0":"post-16550","1":"product","2":"type-product","3":"status-publish","4":"has-post-thumbnail","6":"product_cat-chrysler-pl","7":"product_cat-jeep-pl","8":"product_cat-kluczowe-muszle-pl","9":"product_tag-skorupa-klucza-chrysler","10":"product_tag-skorupa-klucza-do-jeepa","11":"product_tag-skorupa-klucza-dodgea","13":"first","14":"instock","15":"sale","16":"shipping-taxable","17":"purchasable","18":"product-type-simple"},"yoast_head":"<!-- This site is optimized with the Yoast SEO plugin v27.3 - https:\/\/yoast.com\/product\/yoast-seo-wordpress\/ -->\n<title>(2+1 pancerny) pilot zdalnego sterowania - pasuje do Jeep | Chrysler | Dodge, trzy przyciski - Keys for auto<\/title>\n<meta name=\"robots\" content=\"index, follow, max-snippet:-1, max-image-preview:large, max-video-preview:-1\" \/>\n<link rel=\"canonical\" href=\"https:\/\/keys-for-auto.eu\/pl\/product\/21-panic-remote-control-shell-suitable-for-jeep-chrysler-dodge-three-buttons\/\" \/>\n<meta property=\"og:locale\" content=\"pl_PL\" \/>\n<meta property=\"og:type\" content=\"article\" \/>\n<meta property=\"og:title\" content=\"(2+1 pancerny) pilot zdalnego sterowania - pasuje do Jeep | Chrysler | Dodge, trzy przyciski - Keys for auto\" \/>\n<meta property=\"og:description\" content=\"Odpowiednie: Chrysler Town&amp;Country 1999-2003 Voyager 2001-2003 Chrysler PT Cruiser 2001-2005 Dodge Ram 1500 1999-2004 Dodge Durango 1999-2003 Dodge Cararan 1999-2003 Dodge Dakota 1999-2003 Jeep Cherokee 2003-2004 Jeep Grand Cherokee 1999-2004 Produkcja kluczy samochodowych  Produkcja nowych kluczy samochodowych, programowanie kluczy (&quot;wi\u0105zanie&quot; z samochodem)  Usuwanie z pami\u0119ci samochodu wcze\u015bniej zgubionych kluczyk\u00f3w  Produkcja klucza zap\u0142onowego wed\u0142ug zamka  Naprawa kluczy samochodowych (wymiana przycisk\u00f3w, muszli, mechanizm\u00f3w)  Awaryjne odblokowanie samochodu  Wymiana kluczy, etui na klucze  Wy\u0142\u0105czenie oprogramowania DPF \/ FAP  Programowe usuni\u0119cie EGR  Wy\u0142\u0105czenie oprogramowania immobilizera (immo Off)  Jednostka steruj\u0105ca silnika (ECU) naprawa, klonowanie, programowanie  SRS (programowanie jednostki steruj\u0105cej poduszk\u0105 powietrzn\u0105) przedmioty wysy\u0142ane w ci\u0105gu 3 dni roboczych.* &nbsp;\" \/>\n<meta property=\"og:url\" content=\"https:\/\/keys-for-auto.eu\/pl\/product\/21-panic-remote-control-shell-suitable-for-jeep-chrysler-dodge-three-buttons\/\" \/>\n<meta property=\"og:site_name\" content=\"Keys for auto\" \/>\n<meta property=\"article:publisher\" content=\"https:\/\/www.facebook.com\/KeysForAutoEU\" \/>\n<meta property=\"og:image\" content=\"https:\/\/keys-for-auto.eu\/wp-content\/uploads\/2022\/12\/Jeep-Chrysler-Dodge-3-2-1-500x5001-1.jpg\" \/>\n\t<meta property=\"og:image:width\" content=\"500\" \/>\n\t<meta property=\"og:image:height\" content=\"500\" \/>\n\t<meta property=\"og:image:type\" content=\"image\/jpeg\" \/>\n<meta name=\"twitter:card\" content=\"summary_large_image\" \/>\n<script type=\"application\/ld+json\" class=\"yoast-schema-graph\">{\"@context\":\"https:\\\/\\\/schema.org\",\"@graph\":[{\"@type\":[\"WebPage\",\"ItemPage\"],\"@id\":\"https:\\\/\\\/keys-for-auto.eu\\\/pl\\\/product\\\/21-panic-remote-control-shell-suitable-for-jeep-chrysler-dodge-three-buttons\\\/\",\"url\":\"https:\\\/\\\/keys-for-auto.eu\\\/pl\\\/product\\\/21-panic-remote-control-shell-suitable-for-jeep-chrysler-dodge-three-buttons\\\/\",\"name\":\"(2+1 pancerny) pilot zdalnego sterowania - pasuje do Jeep | Chrysler | Dodge, trzy przyciski - Keys for auto\",\"isPartOf\":{\"@id\":\"https:\\\/\\\/keys-for-auto.eu\\\/pl\\\/#website\"},\"primaryImageOfPage\":{\"@id\":\"https:\\\/\\\/keys-for-auto.eu\\\/pl\\\/product\\\/21-panic-remote-control-shell-suitable-for-jeep-chrysler-dodge-three-buttons\\\/#primaryimage\"},\"image\":{\"@id\":\"https:\\\/\\\/keys-for-auto.eu\\\/pl\\\/product\\\/21-panic-remote-control-shell-suitable-for-jeep-chrysler-dodge-three-buttons\\\/#primaryimage\"},\"thumbnailUrl\":\"https:\\\/\\\/keys-for-auto.eu\\\/wp-content\\\/uploads\\\/2022\\\/12\\\/Jeep-Chrysler-Dodge-3-2-1-500x5001-1.jpg\",\"datePublished\":\"2016-04-02T08:42:29+00:00\",\"breadcrumb\":{\"@id\":\"https:\\\/\\\/keys-for-auto.eu\\\/pl\\\/product\\\/21-panic-remote-control-shell-suitable-for-jeep-chrysler-dodge-three-buttons\\\/#breadcrumb\"},\"inLanguage\":\"pl-PL\",\"potentialAction\":[{\"@type\":\"ReadAction\",\"target\":[\"https:\\\/\\\/keys-for-auto.eu\\\/pl\\\/product\\\/21-panic-remote-control-shell-suitable-for-jeep-chrysler-dodge-three-buttons\\\/\"]}]},{\"@type\":\"ImageObject\",\"inLanguage\":\"pl-PL\",\"@id\":\"https:\\\/\\\/keys-for-auto.eu\\\/pl\\\/product\\\/21-panic-remote-control-shell-suitable-for-jeep-chrysler-dodge-three-buttons\\\/#primaryimage\",\"url\":\"https:\\\/\\\/keys-for-auto.eu\\\/wp-content\\\/uploads\\\/2022\\\/12\\\/Jeep-Chrysler-Dodge-3-2-1-500x5001-1.jpg\",\"contentUrl\":\"https:\\\/\\\/keys-for-auto.eu\\\/wp-content\\\/uploads\\\/2022\\\/12\\\/Jeep-Chrysler-Dodge-3-2-1-500x5001-1.jpg\",\"width\":500,\"height\":500},{\"@type\":\"BreadcrumbList\",\"@id\":\"https:\\\/\\\/keys-for-auto.eu\\\/pl\\\/product\\\/21-panic-remote-control-shell-suitable-for-jeep-chrysler-dodge-three-buttons\\\/#breadcrumb\",\"itemListElement\":[{\"@type\":\"ListItem\",\"position\":1,\"name\":\"Strona g\u0142\u00f3wna\",\"item\":\"https:\\\/\\\/keys-for-auto.eu\\\/pl\\\/\"},{\"@type\":\"ListItem\",\"position\":2,\"name\":\"Shop\",\"item\":\"https:\\\/\\\/keys-for-auto.eu\\\/\"},{\"@type\":\"ListItem\",\"position\":3,\"name\":\"(2+1 pancerny) pilot zdalnego sterowania &#8211; pasuje do Jeep | Chrysler | Dodge, trzy przyciski\"}]},{\"@type\":\"WebSite\",\"@id\":\"https:\\\/\\\/keys-for-auto.eu\\\/pl\\\/#website\",\"url\":\"https:\\\/\\\/keys-for-auto.eu\\\/pl\\\/\",\"name\":\"Keys for auto\",\"description\":\"Car keys,  key shells, key programming\",\"publisher\":{\"@id\":\"https:\\\/\\\/keys-for-auto.eu\\\/pl\\\/#organization\"},\"potentialAction\":[{\"@type\":\"SearchAction\",\"target\":{\"@type\":\"EntryPoint\",\"urlTemplate\":\"https:\\\/\\\/keys-for-auto.eu\\\/pl\\\/?s={search_term_string}\"},\"query-input\":{\"@type\":\"PropertyValueSpecification\",\"valueRequired\":true,\"valueName\":\"search_term_string\"}}],\"inLanguage\":\"pl-PL\"},{\"@type\":\"Organization\",\"@id\":\"https:\\\/\\\/keys-for-auto.eu\\\/pl\\\/#organization\",\"name\":\"Klucze do samochodu\",\"url\":\"https:\\\/\\\/keys-for-auto.eu\\\/pl\\\/\",\"logo\":{\"@type\":\"ImageObject\",\"inLanguage\":\"pl-PL\",\"@id\":\"https:\\\/\\\/keys-for-auto.eu\\\/pl\\\/#\\\/schema\\\/logo\\\/image\\\/\",\"url\":\"https:\\\/\\\/keys-for-auto.eu\\\/wp-content\\\/uploads\\\/2022\\\/11\\\/cropped-png1.png\",\"contentUrl\":\"https:\\\/\\\/keys-for-auto.eu\\\/wp-content\\\/uploads\\\/2022\\\/11\\\/cropped-png1.png\",\"width\":1000,\"height\":342,\"caption\":\"Klucze do samochodu\"},\"image\":{\"@id\":\"https:\\\/\\\/keys-for-auto.eu\\\/pl\\\/#\\\/schema\\\/logo\\\/image\\\/\"},\"sameAs\":[\"https:\\\/\\\/www.facebook.com\\\/KeysForAutoEU\"]}]}<\/script>\n<!-- \/ Yoast SEO plugin. -->","yoast_head_json":{"title":"(2+1 pancerny) pilot zdalnego sterowania - pasuje do Jeep | Chrysler | Dodge, trzy przyciski - Keys for auto","robots":{"index":"index","follow":"follow","max-snippet":"max-snippet:-1","max-image-preview":"max-image-preview:large","max-video-preview":"max-video-preview:-1"},"canonical":"https:\/\/keys-for-auto.eu\/pl\/product\/21-panic-remote-control-shell-suitable-for-jeep-chrysler-dodge-three-buttons\/","og_locale":"pl_PL","og_type":"article","og_title":"(2+1 pancerny) pilot zdalnego sterowania - pasuje do Jeep | Chrysler | Dodge, trzy przyciski - Keys for auto","og_description":"Odpowiednie: Chrysler Town&amp;Country 1999-2003 Voyager 2001-2003 Chrysler PT Cruiser 2001-2005 Dodge Ram 1500 1999-2004 Dodge Durango 1999-2003 Dodge Cararan 1999-2003 Dodge Dakota 1999-2003 Jeep Cherokee 2003-2004 Jeep Grand Cherokee 1999-2004 Produkcja kluczy samochodowych  Produkcja nowych kluczy samochodowych, programowanie kluczy (\"wi\u0105zanie\" z samochodem)  Usuwanie z pami\u0119ci samochodu wcze\u015bniej zgubionych kluczyk\u00f3w  Produkcja klucza zap\u0142onowego wed\u0142ug zamka  Naprawa kluczy samochodowych (wymiana przycisk\u00f3w, muszli, mechanizm\u00f3w)  Awaryjne odblokowanie samochodu  Wymiana kluczy, etui na klucze  Wy\u0142\u0105czenie oprogramowania DPF \/ FAP  Programowe usuni\u0119cie EGR  Wy\u0142\u0105czenie oprogramowania immobilizera (immo Off)  Jednostka steruj\u0105ca silnika (ECU) naprawa, klonowanie, programowanie  SRS (programowanie jednostki steruj\u0105cej poduszk\u0105 powietrzn\u0105) przedmioty wysy\u0142ane w ci\u0105gu 3 dni roboczych.* &nbsp;","og_url":"https:\/\/keys-for-auto.eu\/pl\/product\/21-panic-remote-control-shell-suitable-for-jeep-chrysler-dodge-three-buttons\/","og_site_name":"Keys for auto","article_publisher":"https:\/\/www.facebook.com\/KeysForAutoEU","og_image":[{"width":500,"height":500,"url":"https:\/\/keys-for-auto.eu\/wp-content\/uploads\/2022\/12\/Jeep-Chrysler-Dodge-3-2-1-500x5001-1.jpg","type":"image\/jpeg"}],"twitter_card":"summary_large_image","schema":{"@context":"https:\/\/schema.org","@graph":[{"@type":["WebPage","ItemPage"],"@id":"https:\/\/keys-for-auto.eu\/pl\/product\/21-panic-remote-control-shell-suitable-for-jeep-chrysler-dodge-three-buttons\/","url":"https:\/\/keys-for-auto.eu\/pl\/product\/21-panic-remote-control-shell-suitable-for-jeep-chrysler-dodge-three-buttons\/","name":"(2+1 pancerny) pilot zdalnego sterowania - pasuje do Jeep | Chrysler | Dodge, trzy przyciski - Keys for auto","isPartOf":{"@id":"https:\/\/keys-for-auto.eu\/pl\/#website"},"primaryImageOfPage":{"@id":"https:\/\/keys-for-auto.eu\/pl\/product\/21-panic-remote-control-shell-suitable-for-jeep-chrysler-dodge-three-buttons\/#primaryimage"},"image":{"@id":"https:\/\/keys-for-auto.eu\/pl\/product\/21-panic-remote-control-shell-suitable-for-jeep-chrysler-dodge-three-buttons\/#primaryimage"},"thumbnailUrl":"https:\/\/keys-for-auto.eu\/wp-content\/uploads\/2022\/12\/Jeep-Chrysler-Dodge-3-2-1-500x5001-1.jpg","datePublished":"2016-04-02T08:42:29+00:00","breadcrumb":{"@id":"https:\/\/keys-for-auto.eu\/pl\/product\/21-panic-remote-control-shell-suitable-for-jeep-chrysler-dodge-three-buttons\/#breadcrumb"},"inLanguage":"pl-PL","potentialAction":[{"@type":"ReadAction","target":["https:\/\/keys-for-auto.eu\/pl\/product\/21-panic-remote-control-shell-suitable-for-jeep-chrysler-dodge-three-buttons\/"]}]},{"@type":"ImageObject","inLanguage":"pl-PL","@id":"https:\/\/keys-for-auto.eu\/pl\/product\/21-panic-remote-control-shell-suitable-for-jeep-chrysler-dodge-three-buttons\/#primaryimage","url":"https:\/\/keys-for-auto.eu\/wp-content\/uploads\/2022\/12\/Jeep-Chrysler-Dodge-3-2-1-500x5001-1.jpg","contentUrl":"https:\/\/keys-for-auto.eu\/wp-content\/uploads\/2022\/12\/Jeep-Chrysler-Dodge-3-2-1-500x5001-1.jpg","width":500,"height":500},{"@type":"BreadcrumbList","@id":"https:\/\/keys-for-auto.eu\/pl\/product\/21-panic-remote-control-shell-suitable-for-jeep-chrysler-dodge-three-buttons\/#breadcrumb","itemListElement":[{"@type":"ListItem","position":1,"name":"Strona g\u0142\u00f3wna","item":"https:\/\/keys-for-auto.eu\/pl\/"},{"@type":"ListItem","position":2,"name":"Shop","item":"https:\/\/keys-for-auto.eu\/"},{"@type":"ListItem","position":3,"name":"(2+1 pancerny) pilot zdalnego sterowania &#8211; pasuje do Jeep | Chrysler | Dodge, trzy przyciski"}]},{"@type":"WebSite","@id":"https:\/\/keys-for-auto.eu\/pl\/#website","url":"https:\/\/keys-for-auto.eu\/pl\/","name":"Keys for auto","description":"Car keys,  key shells, key programming","publisher":{"@id":"https:\/\/keys-for-auto.eu\/pl\/#organization"},"potentialAction":[{"@type":"SearchAction","target":{"@type":"EntryPoint","urlTemplate":"https:\/\/keys-for-auto.eu\/pl\/?s={search_term_string}"},"query-input":{"@type":"PropertyValueSpecification","valueRequired":true,"valueName":"search_term_string"}}],"inLanguage":"pl-PL"},{"@type":"Organization","@id":"https:\/\/keys-for-auto.eu\/pl\/#organization","name":"Klucze do samochodu","url":"https:\/\/keys-for-auto.eu\/pl\/","logo":{"@type":"ImageObject","inLanguage":"pl-PL","@id":"https:\/\/keys-for-auto.eu\/pl\/#\/schema\/logo\/image\/","url":"https:\/\/keys-for-auto.eu\/wp-content\/uploads\/2022\/11\/cropped-png1.png","contentUrl":"https:\/\/keys-for-auto.eu\/wp-content\/uploads\/2022\/11\/cropped-png1.png","width":1000,"height":342,"caption":"Klucze do samochodu"},"image":{"@id":"https:\/\/keys-for-auto.eu\/pl\/#\/schema\/logo\/image\/"},"sameAs":["https:\/\/www.facebook.com\/KeysForAutoEU"]}]}},"_links":{"self":[{"href":"https:\/\/keys-for-auto.eu\/pl\/wp-json\/wp\/v2\/product\/16550","targetHints":{"allow":["GET"]}}],"collection":[{"href":"https:\/\/keys-for-auto.eu\/pl\/wp-json\/wp\/v2\/product"}],"about":[{"href":"https:\/\/keys-for-auto.eu\/pl\/wp-json\/wp\/v2\/types\/product"}],"replies":[{"embeddable":true,"href":"https:\/\/keys-for-auto.eu\/pl\/wp-json\/wp\/v2\/comments?post=16550"}],"wp:featuredmedia":[{"embeddable":true,"href":"https:\/\/keys-for-auto.eu\/pl\/wp-json\/wp\/v2\/media\/12943"}],"wp:attachment":[{"href":"https:\/\/keys-for-auto.eu\/pl\/wp-json\/wp\/v2\/media?parent=16550"}],"wp:term":[{"taxonomy":"product_brand","embeddable":true,"href":"https:\/\/keys-for-auto.eu\/pl\/wp-json\/wp\/v2\/product_brand?post=16550"},{"taxonomy":"product_cat","embeddable":true,"href":"https:\/\/keys-for-auto.eu\/pl\/wp-json\/wp\/v2\/product_cat?post=16550"},{"taxonomy":"product_tag","embeddable":true,"href":"https:\/\/keys-for-auto.eu\/pl\/wp-json\/wp\/v2\/product_tag?post=16550"}],"curies":[{"name":"wp","href":"https:\/\/api.w.org\/{rel}","templated":true}]}}