{"id":16541,"date":"2016-04-02T09:27:31","date_gmt":"2016-04-02T09:27:31","guid":{"rendered":"https:\/\/keys-for-auto.eu\/product\/obudowa-klucza-czesc-gorna-pasuje-do-opel-agila-combo-van-corsa-c\/"},"modified":"2016-04-02T09:27:31","modified_gmt":"2016-04-02T09:27:31","slug":"key-shell-upper-part-suitable-for-opel-agila-combo-van-corsa-c","status":"publish","type":"product","link":"https:\/\/keys-for-auto.eu\/pl\/product\/key-shell-upper-part-suitable-for-opel-agila-combo-van-corsa-c\/","title":{"rendered":"Obudowa klucza, cz\u0119\u015b\u0107 g\u00f3rna &#8211; pasuje do Opel Agila | Combo Van | Corsa C"},"content":{"rendered":"<h2><strong>Do Opel Agila, Combo Van, Corsa C pasuje &#8211; obudowa klucza, cz\u0119\u015b\u0107 g\u00f3rna<\/strong><\/h2>\n<h2>Klucze do samochod\u00f3w<\/h2>\n<p>Klucze samochodowe to nieod\u0142\u0105czny element wyposa\u017cenia samochodu ka\u017cdego kierowcy. Przecie\u017c ka\u017cda podr\u00f3\u017c, nawet najbardziej spektakularna, zaczyna si\u0119 od odblokowania i uruchomienia samochodu. Dlatego \u017cyczymy Pa\u0144stwu spokojnej podr\u00f3\u017cy i udanych zakup\u00f3w w naszym sklepie. Zadbamy o bezpiecze\u0144stwo Twojego samochodu i sprawne ruszanie, a Tobie pozostanie cieszy\u0107 si\u0119 podr\u00f3\u017cami &#8211; zar\u00f3wno tymi codziennymi, jak i tymi, kt\u00f3re swoim niepowtarzalnym urokiem sprawiaj\u0105, \u017ce czujemy rado\u015b\u0107 z jazdy.<\/p>\n<h2>Kluczowe muszle<\/h2>\n<p>Cz\u0119sto zdarza si\u0119, \u017ce \u0142uska klucza p\u0119ka lub jest w inny spos\u00f3b uszkodzona. Je\u015bli przydarzy\u0142a Ci si\u0119 taka sytuacja i je\u017adzisz Oplem Agil\u0105, Combo Vanem lub Cors\u0105 C, to nic nie szkodzi, w naszym sklepie mo\u017cesz kupi\u0107 now\u0105 obudow\u0119 kluczyka. Oczywi\u015bcie sprzedajemy r\u00f3wnie\u017c kluczyki i klucze zdalne do innych marek samochod\u00f3w.<\/p>\n<p>Gdy zamierzasz zaprogramowa\u0107 swoje klucze, musisz wzi\u0105\u0107 pod uwag\u0119 jako\u015b\u0107 pracy i wybra\u0107 do tego celu profesjonalist\u0119. Programujemy klucze z wykorzystaniem najnowszych technologii i stale poszerzamy swoj\u0105 wiedz\u0119 w tym zakresie. W naszej firmie k\u0142adziemy nacisk na to, aby ka\u017cdy pracownik doskonali\u0142 swoje umiej\u0119tno\u015bci, dlatego wysy\u0142amy naszych rzemie\u015blnik\u00f3w na kursy z zakresu produkcji kluczy i programowania. Zgromadzili\u015bmy ca\u0142\u0105 niezb\u0119dn\u0105 wiedz\u0119 i ch\u0119tnie wykorzystamy j\u0105 dla Pa\u0144stwa korzy\u015bci! Wi\u0119c skontaktuj si\u0119 z nami!<\/p>\n<h2>Klawisze programuj\u0105ce<\/h2>\n<p>Programujemy klucze i cieszymy si\u0119, \u017ce mo\u017cemy powita\u0107 Ci\u0119 w naszym warsztacie! Przywita Ci\u0119 mi\u0142a obs\u0142uga i atrakcyjne ceny. B\u0119dziesz zaskoczony jako\u015bci\u0105 naszej pracy. W naszym sklepie mo\u017cna r\u00f3wnie\u017c kupi\u0107 klucze zdalnego sterowania. Tw\u00f3j Opel zas\u0142uguje na maksymaln\u0105 ochron\u0119 i inteligentn\u0105 opiek\u0119. Zadbaj o swojego Opla zanim dojdzie do nieprzyjemnego incydentu, kt\u00f3ry mo\u017ce uczyni\u0107 go bezpiecznym.<\/p>\n<p>Programowanie kluczy samochodowych to nasza dziedzina! Uwa\u017camy si\u0119 za profesjonalist\u00f3w, a potwierdzaj\u0105 to zadowoleni klienci, kt\u00f3rzy polecaj\u0105 nas innym kierowcom. Jest to najlepsza ocena naszej pracy. Jest wiele firm zajmuj\u0105cych si\u0119 produkcj\u0105 kluczy, ale to co nas wyr\u00f3\u017cnia to wymagaj\u0105cy charakter naszych pracownik\u00f3w, jako\u015b\u0107 ich pracy, mi\u0142a obs\u0142uga i indywidualne podej\u015bcie do ka\u017cdego klienta.<\/p>\n","protected":false},"excerpt":{"rendered":"<p><em><strong> Nadaje si\u0119 r\u00f3wnie\u017c do: <\/strong><\/em><\/p>\n<p><em><strong>Agila<\/strong><\/em><\/p>\n<p><em><strong>Combo Van<\/strong><\/em><\/p>\n<p><em><strong><span style=\"font-size: 13px;\">Corsa C  <\/span> <\/strong><\/em><\/p>\n<h3><strong>Produkcja kluczy samochodowych<\/strong><\/h3>\n<ul>\n<li><strong>Produkcja nowych kluczy samochodowych, programowanie kluczy (&#8222;wi\u0105zanie&#8221; z samochodem)<\/strong><\/li>\n<li><strong>Usuwanie z pami\u0119ci samochodu wcze\u015bniej zgubionych kluczyk\u00f3w<\/strong><\/li>\n<li><strong>Produkcja klucza zap\u0142onowego wed\u0142ug zamka<\/strong><\/li>\n<li><strong>Naprawa kluczy samochodowych (wymiana przycisk\u00f3w, muszli, mechanizm\u00f3w)<\/strong><\/li>\n<li><strong>Awaryjne odblokowanie samochodu<\/strong><\/li>\n<li><strong>Wymiana kluczy, etui na klucze<\/strong><\/li>\n<li><strong>Wy\u0142\u0105czenie oprogramowania DPF \/ FAP<\/strong><\/li>\n<li><strong>Programowe usuni\u0119cie EGR<\/strong><\/li>\n<li><strong>Wy\u0142\u0105czenie oprogramowania immobilizera (immo Off)<\/strong><\/li>\n<li><strong>Jednostka steruj\u0105ca silnika (ECU) naprawa, klonowanie, programowanie<\/strong><\/li>\n<li><strong>SRS (programowanie jednostki steruj\u0105cej poduszk\u0105 powietrzn\u0105)<\/strong><\/li>\n<\/ul>\n<h4><strong>  przedmioty wysy\u0142ane w ci\u0105gu 3 dni roboczych.*<\/strong><\/h4>\n<p>&nbsp;<\/p>\n","protected":false},"featured_media":13738,"comment_status":"open","ping_status":"closed","template":"","meta":[],"product_brand":[],"product_cat":[2781,2777],"product_tag":[2792,2778,2784,2787],"class_list":{"0":"post-16541","1":"product","2":"type-product","3":"status-publish","4":"has-post-thumbnail","6":"product_cat-kluczowe-muszle-pl","7":"product_cat-opel-pl","8":"product_tag-muszla-klucza-opla","9":"product_tag-opel-agila-obudowa-klucza","10":"product_tag-opel-combo-van-obudowa-klucza","11":"product_tag-opel-corsa-c-obudowa-klucza","13":"first","14":"instock","15":"sale","16":"shipping-taxable","17":"purchasable","18":"product-type-simple"},"yoast_head":"<!-- This site is optimized with the Yoast SEO plugin v27.3 - https:\/\/yoast.com\/product\/yoast-seo-wordpress\/ -->\n<title>Obudowa klucza, cz\u0119\u015b\u0107 g\u00f3rna - pasuje do Opel Agila | Combo Van | Corsa C - Keys for auto<\/title>\n<meta name=\"robots\" content=\"index, follow, max-snippet:-1, max-image-preview:large, max-video-preview:-1\" \/>\n<link rel=\"canonical\" href=\"https:\/\/keys-for-auto.eu\/pl\/product\/key-shell-upper-part-suitable-for-opel-agila-combo-van-corsa-c\/\" \/>\n<meta property=\"og:locale\" content=\"pl_PL\" \/>\n<meta property=\"og:type\" content=\"article\" \/>\n<meta property=\"og:title\" content=\"Obudowa klucza, cz\u0119\u015b\u0107 g\u00f3rna - pasuje do Opel Agila | Combo Van | Corsa C - Keys for auto\" \/>\n<meta property=\"og:description\" content=\"Nadaje si\u0119 r\u00f3wnie\u017c do:  Agila Combo Van Corsa C  Produkcja kluczy samochodowych  Produkcja nowych kluczy samochodowych, programowanie kluczy (&quot;wi\u0105zanie&quot; z samochodem)  Usuwanie z pami\u0119ci samochodu wcze\u015bniej zgubionych kluczyk\u00f3w  Produkcja klucza zap\u0142onowego wed\u0142ug zamka  Naprawa kluczy samochodowych (wymiana przycisk\u00f3w, muszli, mechanizm\u00f3w)  Awaryjne odblokowanie samochodu  Wymiana kluczy, etui na klucze  Wy\u0142\u0105czenie oprogramowania DPF \/ FAP  Programowe usuni\u0119cie EGR  Wy\u0142\u0105czenie oprogramowania immobilizera (immo Off)  Jednostka steruj\u0105ca silnika (ECU) naprawa, klonowanie, programowanie  SRS (programowanie jednostki steruj\u0105cej poduszk\u0105 powietrzn\u0105)  przedmioty wysy\u0142ane w ci\u0105gu 3 dni roboczych.* &nbsp;\" \/>\n<meta property=\"og:url\" content=\"https:\/\/keys-for-auto.eu\/pl\/product\/key-shell-upper-part-suitable-for-opel-agila-combo-van-corsa-c\/\" \/>\n<meta property=\"og:site_name\" content=\"Keys for auto\" \/>\n<meta property=\"article:publisher\" content=\"https:\/\/www.facebook.com\/KeysForAutoEU\" \/>\n<meta property=\"og:image\" content=\"https:\/\/keys-for-auto.eu\/wp-content\/uploads\/2022\/12\/Opel-2-mygtukai-500x5001-removebg-preview.png\" \/>\n\t<meta property=\"og:image:width\" content=\"500\" \/>\n\t<meta property=\"og:image:height\" content=\"500\" \/>\n\t<meta property=\"og:image:type\" content=\"image\/png\" \/>\n<meta name=\"twitter:card\" content=\"summary_large_image\" \/>\n<meta name=\"twitter:label1\" content=\"Szacowany czas czytania\" \/>\n\t<meta name=\"twitter:data1\" content=\"2 minuty\" \/>\n<script type=\"application\/ld+json\" class=\"yoast-schema-graph\">{\"@context\":\"https:\\\/\\\/schema.org\",\"@graph\":[{\"@type\":[\"WebPage\",\"ItemPage\"],\"@id\":\"https:\\\/\\\/keys-for-auto.eu\\\/pl\\\/product\\\/key-shell-upper-part-suitable-for-opel-agila-combo-van-corsa-c\\\/\",\"url\":\"https:\\\/\\\/keys-for-auto.eu\\\/pl\\\/product\\\/key-shell-upper-part-suitable-for-opel-agila-combo-van-corsa-c\\\/\",\"name\":\"Obudowa klucza, cz\u0119\u015b\u0107 g\u00f3rna - pasuje do Opel Agila | Combo Van | Corsa C - Keys for auto\",\"isPartOf\":{\"@id\":\"https:\\\/\\\/keys-for-auto.eu\\\/pl\\\/#website\"},\"primaryImageOfPage\":{\"@id\":\"https:\\\/\\\/keys-for-auto.eu\\\/pl\\\/product\\\/key-shell-upper-part-suitable-for-opel-agila-combo-van-corsa-c\\\/#primaryimage\"},\"image\":{\"@id\":\"https:\\\/\\\/keys-for-auto.eu\\\/pl\\\/product\\\/key-shell-upper-part-suitable-for-opel-agila-combo-van-corsa-c\\\/#primaryimage\"},\"thumbnailUrl\":\"https:\\\/\\\/keys-for-auto.eu\\\/wp-content\\\/uploads\\\/2022\\\/12\\\/Opel-2-mygtukai-500x5001-removebg-preview.png\",\"datePublished\":\"2016-04-02T09:27:31+00:00\",\"breadcrumb\":{\"@id\":\"https:\\\/\\\/keys-for-auto.eu\\\/pl\\\/product\\\/key-shell-upper-part-suitable-for-opel-agila-combo-van-corsa-c\\\/#breadcrumb\"},\"inLanguage\":\"pl-PL\",\"potentialAction\":[{\"@type\":\"ReadAction\",\"target\":[\"https:\\\/\\\/keys-for-auto.eu\\\/pl\\\/product\\\/key-shell-upper-part-suitable-for-opel-agila-combo-van-corsa-c\\\/\"]}]},{\"@type\":\"ImageObject\",\"inLanguage\":\"pl-PL\",\"@id\":\"https:\\\/\\\/keys-for-auto.eu\\\/pl\\\/product\\\/key-shell-upper-part-suitable-for-opel-agila-combo-van-corsa-c\\\/#primaryimage\",\"url\":\"https:\\\/\\\/keys-for-auto.eu\\\/wp-content\\\/uploads\\\/2022\\\/12\\\/Opel-2-mygtukai-500x5001-removebg-preview.png\",\"contentUrl\":\"https:\\\/\\\/keys-for-auto.eu\\\/wp-content\\\/uploads\\\/2022\\\/12\\\/Opel-2-mygtukai-500x5001-removebg-preview.png\",\"width\":500,\"height\":500},{\"@type\":\"BreadcrumbList\",\"@id\":\"https:\\\/\\\/keys-for-auto.eu\\\/pl\\\/product\\\/key-shell-upper-part-suitable-for-opel-agila-combo-van-corsa-c\\\/#breadcrumb\",\"itemListElement\":[{\"@type\":\"ListItem\",\"position\":1,\"name\":\"Strona g\u0142\u00f3wna\",\"item\":\"https:\\\/\\\/keys-for-auto.eu\\\/pl\\\/\"},{\"@type\":\"ListItem\",\"position\":2,\"name\":\"Shop\",\"item\":\"https:\\\/\\\/keys-for-auto.eu\\\/\"},{\"@type\":\"ListItem\",\"position\":3,\"name\":\"Obudowa klucza, cz\u0119\u015b\u0107 g\u00f3rna &#8211; pasuje do Opel Agila | Combo Van | Corsa C\"}]},{\"@type\":\"WebSite\",\"@id\":\"https:\\\/\\\/keys-for-auto.eu\\\/pl\\\/#website\",\"url\":\"https:\\\/\\\/keys-for-auto.eu\\\/pl\\\/\",\"name\":\"Keys for auto\",\"description\":\"Car keys,  key shells, key programming\",\"publisher\":{\"@id\":\"https:\\\/\\\/keys-for-auto.eu\\\/pl\\\/#organization\"},\"potentialAction\":[{\"@type\":\"SearchAction\",\"target\":{\"@type\":\"EntryPoint\",\"urlTemplate\":\"https:\\\/\\\/keys-for-auto.eu\\\/pl\\\/?s={search_term_string}\"},\"query-input\":{\"@type\":\"PropertyValueSpecification\",\"valueRequired\":true,\"valueName\":\"search_term_string\"}}],\"inLanguage\":\"pl-PL\"},{\"@type\":\"Organization\",\"@id\":\"https:\\\/\\\/keys-for-auto.eu\\\/pl\\\/#organization\",\"name\":\"Klucze do samochodu\",\"url\":\"https:\\\/\\\/keys-for-auto.eu\\\/pl\\\/\",\"logo\":{\"@type\":\"ImageObject\",\"inLanguage\":\"pl-PL\",\"@id\":\"https:\\\/\\\/keys-for-auto.eu\\\/pl\\\/#\\\/schema\\\/logo\\\/image\\\/\",\"url\":\"https:\\\/\\\/keys-for-auto.eu\\\/wp-content\\\/uploads\\\/2022\\\/11\\\/cropped-png1.png\",\"contentUrl\":\"https:\\\/\\\/keys-for-auto.eu\\\/wp-content\\\/uploads\\\/2022\\\/11\\\/cropped-png1.png\",\"width\":1000,\"height\":342,\"caption\":\"Klucze do samochodu\"},\"image\":{\"@id\":\"https:\\\/\\\/keys-for-auto.eu\\\/pl\\\/#\\\/schema\\\/logo\\\/image\\\/\"},\"sameAs\":[\"https:\\\/\\\/www.facebook.com\\\/KeysForAutoEU\"]}]}<\/script>\n<!-- \/ Yoast SEO plugin. -->","yoast_head_json":{"title":"Obudowa klucza, cz\u0119\u015b\u0107 g\u00f3rna - pasuje do Opel Agila | Combo Van | Corsa C - Keys for auto","robots":{"index":"index","follow":"follow","max-snippet":"max-snippet:-1","max-image-preview":"max-image-preview:large","max-video-preview":"max-video-preview:-1"},"canonical":"https:\/\/keys-for-auto.eu\/pl\/product\/key-shell-upper-part-suitable-for-opel-agila-combo-van-corsa-c\/","og_locale":"pl_PL","og_type":"article","og_title":"Obudowa klucza, cz\u0119\u015b\u0107 g\u00f3rna - pasuje do Opel Agila | Combo Van | Corsa C - Keys for auto","og_description":"Nadaje si\u0119 r\u00f3wnie\u017c do:  Agila Combo Van Corsa C  Produkcja kluczy samochodowych  Produkcja nowych kluczy samochodowych, programowanie kluczy (\"wi\u0105zanie\" z samochodem)  Usuwanie z pami\u0119ci samochodu wcze\u015bniej zgubionych kluczyk\u00f3w  Produkcja klucza zap\u0142onowego wed\u0142ug zamka  Naprawa kluczy samochodowych (wymiana przycisk\u00f3w, muszli, mechanizm\u00f3w)  Awaryjne odblokowanie samochodu  Wymiana kluczy, etui na klucze  Wy\u0142\u0105czenie oprogramowania DPF \/ FAP  Programowe usuni\u0119cie EGR  Wy\u0142\u0105czenie oprogramowania immobilizera (immo Off)  Jednostka steruj\u0105ca silnika (ECU) naprawa, klonowanie, programowanie  SRS (programowanie jednostki steruj\u0105cej poduszk\u0105 powietrzn\u0105)  przedmioty wysy\u0142ane w ci\u0105gu 3 dni roboczych.* &nbsp;","og_url":"https:\/\/keys-for-auto.eu\/pl\/product\/key-shell-upper-part-suitable-for-opel-agila-combo-van-corsa-c\/","og_site_name":"Keys for auto","article_publisher":"https:\/\/www.facebook.com\/KeysForAutoEU","og_image":[{"width":500,"height":500,"url":"https:\/\/keys-for-auto.eu\/wp-content\/uploads\/2022\/12\/Opel-2-mygtukai-500x5001-removebg-preview.png","type":"image\/png"}],"twitter_card":"summary_large_image","twitter_misc":{"Szacowany czas czytania":"2 minuty"},"schema":{"@context":"https:\/\/schema.org","@graph":[{"@type":["WebPage","ItemPage"],"@id":"https:\/\/keys-for-auto.eu\/pl\/product\/key-shell-upper-part-suitable-for-opel-agila-combo-van-corsa-c\/","url":"https:\/\/keys-for-auto.eu\/pl\/product\/key-shell-upper-part-suitable-for-opel-agila-combo-van-corsa-c\/","name":"Obudowa klucza, cz\u0119\u015b\u0107 g\u00f3rna - pasuje do Opel Agila | Combo Van | Corsa C - Keys for auto","isPartOf":{"@id":"https:\/\/keys-for-auto.eu\/pl\/#website"},"primaryImageOfPage":{"@id":"https:\/\/keys-for-auto.eu\/pl\/product\/key-shell-upper-part-suitable-for-opel-agila-combo-van-corsa-c\/#primaryimage"},"image":{"@id":"https:\/\/keys-for-auto.eu\/pl\/product\/key-shell-upper-part-suitable-for-opel-agila-combo-van-corsa-c\/#primaryimage"},"thumbnailUrl":"https:\/\/keys-for-auto.eu\/wp-content\/uploads\/2022\/12\/Opel-2-mygtukai-500x5001-removebg-preview.png","datePublished":"2016-04-02T09:27:31+00:00","breadcrumb":{"@id":"https:\/\/keys-for-auto.eu\/pl\/product\/key-shell-upper-part-suitable-for-opel-agila-combo-van-corsa-c\/#breadcrumb"},"inLanguage":"pl-PL","potentialAction":[{"@type":"ReadAction","target":["https:\/\/keys-for-auto.eu\/pl\/product\/key-shell-upper-part-suitable-for-opel-agila-combo-van-corsa-c\/"]}]},{"@type":"ImageObject","inLanguage":"pl-PL","@id":"https:\/\/keys-for-auto.eu\/pl\/product\/key-shell-upper-part-suitable-for-opel-agila-combo-van-corsa-c\/#primaryimage","url":"https:\/\/keys-for-auto.eu\/wp-content\/uploads\/2022\/12\/Opel-2-mygtukai-500x5001-removebg-preview.png","contentUrl":"https:\/\/keys-for-auto.eu\/wp-content\/uploads\/2022\/12\/Opel-2-mygtukai-500x5001-removebg-preview.png","width":500,"height":500},{"@type":"BreadcrumbList","@id":"https:\/\/keys-for-auto.eu\/pl\/product\/key-shell-upper-part-suitable-for-opel-agila-combo-van-corsa-c\/#breadcrumb","itemListElement":[{"@type":"ListItem","position":1,"name":"Strona g\u0142\u00f3wna","item":"https:\/\/keys-for-auto.eu\/pl\/"},{"@type":"ListItem","position":2,"name":"Shop","item":"https:\/\/keys-for-auto.eu\/"},{"@type":"ListItem","position":3,"name":"Obudowa klucza, cz\u0119\u015b\u0107 g\u00f3rna &#8211; pasuje do Opel Agila | Combo Van | Corsa C"}]},{"@type":"WebSite","@id":"https:\/\/keys-for-auto.eu\/pl\/#website","url":"https:\/\/keys-for-auto.eu\/pl\/","name":"Keys for auto","description":"Car keys,  key shells, key programming","publisher":{"@id":"https:\/\/keys-for-auto.eu\/pl\/#organization"},"potentialAction":[{"@type":"SearchAction","target":{"@type":"EntryPoint","urlTemplate":"https:\/\/keys-for-auto.eu\/pl\/?s={search_term_string}"},"query-input":{"@type":"PropertyValueSpecification","valueRequired":true,"valueName":"search_term_string"}}],"inLanguage":"pl-PL"},{"@type":"Organization","@id":"https:\/\/keys-for-auto.eu\/pl\/#organization","name":"Klucze do samochodu","url":"https:\/\/keys-for-auto.eu\/pl\/","logo":{"@type":"ImageObject","inLanguage":"pl-PL","@id":"https:\/\/keys-for-auto.eu\/pl\/#\/schema\/logo\/image\/","url":"https:\/\/keys-for-auto.eu\/wp-content\/uploads\/2022\/11\/cropped-png1.png","contentUrl":"https:\/\/keys-for-auto.eu\/wp-content\/uploads\/2022\/11\/cropped-png1.png","width":1000,"height":342,"caption":"Klucze do samochodu"},"image":{"@id":"https:\/\/keys-for-auto.eu\/pl\/#\/schema\/logo\/image\/"},"sameAs":["https:\/\/www.facebook.com\/KeysForAutoEU"]}]}},"_links":{"self":[{"href":"https:\/\/keys-for-auto.eu\/pl\/wp-json\/wp\/v2\/product\/16541","targetHints":{"allow":["GET"]}}],"collection":[{"href":"https:\/\/keys-for-auto.eu\/pl\/wp-json\/wp\/v2\/product"}],"about":[{"href":"https:\/\/keys-for-auto.eu\/pl\/wp-json\/wp\/v2\/types\/product"}],"replies":[{"embeddable":true,"href":"https:\/\/keys-for-auto.eu\/pl\/wp-json\/wp\/v2\/comments?post=16541"}],"wp:featuredmedia":[{"embeddable":true,"href":"https:\/\/keys-for-auto.eu\/pl\/wp-json\/wp\/v2\/media\/13738"}],"wp:attachment":[{"href":"https:\/\/keys-for-auto.eu\/pl\/wp-json\/wp\/v2\/media?parent=16541"}],"wp:term":[{"taxonomy":"product_brand","embeddable":true,"href":"https:\/\/keys-for-auto.eu\/pl\/wp-json\/wp\/v2\/product_brand?post=16541"},{"taxonomy":"product_cat","embeddable":true,"href":"https:\/\/keys-for-auto.eu\/pl\/wp-json\/wp\/v2\/product_cat?post=16541"},{"taxonomy":"product_tag","embeddable":true,"href":"https:\/\/keys-for-auto.eu\/pl\/wp-json\/wp\/v2\/product_tag?post=16541"}],"curies":[{"name":"wp","href":"https:\/\/api.w.org\/{rel}","templated":true}]}}