{"id":16510,"date":"2016-04-02T07:39:09","date_gmt":"2016-04-02T07:39:09","guid":{"rendered":"https:\/\/keys-for-auto.eu\/product\/luska-klucza-pasuje-do-alfa-romeo-145-146-155-gtv-spider\/"},"modified":"2016-04-02T07:39:09","modified_gmt":"2016-04-02T07:39:09","slug":"key-shell-suitable-for-alfa-romeo-145-146-155-gtv-spider","status":"publish","type":"product","link":"https:\/\/keys-for-auto.eu\/pl\/product\/key-shell-suitable-for-alfa-romeo-145-146-155-gtv-spider\/","title":{"rendered":"\u0141uska klucza &#8211; pasuje do Alfa Romeo 145 | 146 | 155 | GTV | Spider"},"content":{"rendered":"<h2><strong>\u0141uska klucza &#8211; pasuje do Alfa Romeo 145 | 146 | 155 | GTV | Spider<\/strong><\/h2>\n<p>Przedstawiamy skorup\u0119 klucza pasuj\u0105c\u0105 do modeli Alfa Romeo 145, 146, 155, GTV i Spider.<\/p>\n<p>Opr\u00f3cz sprzeda\u017cy wk\u0142adek do kluczy i kluczy zdalnych, zajmujemy si\u0119 r\u00f3wnie\u017c programowaniem kluczy do wszystkich marek samochod\u00f3w. Robimy to odpowiedzialnie, profesjonalnie i szybko.<\/p>\n<p>M\u00f3wimy to odpowiedzialnie, poniewa\u017c inwestujemy w podnoszenie kompetencji naszych technik\u00f3w. S\u0105 oni szkoleni na profesjonalnych kursach i seminariach. Dlatego je\u015bli wa\u017cne jest dla Ciebie, aby Tw\u00f3j samoch\u00f3d mia\u0142 niezawodn\u0105 ochron\u0119 przed z\u0142odziejami (zapewnia to proces programowania klucza, poprzez zainstalowanie transpondera w samym korpusie klucza oraz immobilizera w samochodzie), a tak\u017ce aby mo\u017cna by\u0142o go sprawnie odblokowa\u0107 i uruchomi\u0107, skontaktuj si\u0119 z nasz\u0105 firm\u0105.<\/p>\n<p>Nasza dzia\u0142alno\u015b\u0107 opiera si\u0119 na przekonaniu, \u017ce jedynym prawdziwym zabezpieczeniem, jakie cz\u0142owiek mo\u017ce mie\u0107 na tym \u015bwiecie, jest bogactwo wiedzy, do\u015bwiadczenia i umiej\u0119tno\u015bci. Budujemy wi\u0119c umiej\u0119tno\u015bci i wiedz\u0119 nie tylko dla naszego, ale i Twojego bezpiecze\u0144stwa. Poniewa\u017c nasza jako\u015b\u0107 pracy przy produkcji i programowaniu Twoich kluczy gwarantuje bezproblemow\u0105 podr\u00f3\u017c.<\/p>\n<p>A mo\u017ce interesuje Ci\u0119 nie tylko prezentowana na tej stronie skorupa klucza, klucze zdalne czy programowanie kluczy samochodowych, ale tak\u017ce karty zap\u0142onowe Renault? Chcesz kupi\u0107 nowy lub naprawi\u0107 zepsuty? S\u0142u\u017cymy pomoc\u0105 &#8211; nie tylko sprzedajemy karty i cz\u0119\u015bci, ale tak\u017ce naprawiamy i kleimy je do Twojego samochodu.<\/p>\n<h3>Produkcja kluczy<\/h3>\n<p>Produkcja kluczy to nasz obszar specjalizacji. Cieszy nas rosn\u0105ca liczba klient\u00f3w, co pokazuje, \u017ce wybrali\u015bmy w\u0142a\u015bciw\u0105 drog\u0119, a nasze odpowiedzialne podej\u015bcie do biznesu procentuje. Kluczyki samochodowe to nasze zmartwienie, a Ty musisz tylko zadba\u0107 o dobry humor w podr\u00f3\u017cy!<\/p>\n","protected":false},"excerpt":{"rendered":"<p><strong>Pasuje do samochod\u00f3w marki Alfa Romeo &#8211; skorupa klucza.<\/strong><\/p>\n<p><strong><em>Nadaje si\u0119 do nast\u0119puj\u0105cych modeli:<\/em><\/strong><\/p>\n<p><em><strong>Alfa Romeo 145<\/strong><\/em><br \/>\n<em><strong>Alfa Romeo 146<\/strong><\/em><br \/>\n<em><strong>Alfa Romeo 155<\/strong><\/em><br \/>\n<em><strong>Alfa Romeo GTV<\/strong><\/em><br \/>\n<em><strong>Alfa Romeo Spider  <\/strong><\/em><\/p>\n<h3><strong>Produkcja kluczy samochodowych<\/strong><\/h3>\n<ul>\n<li><strong>Produkcja nowych kluczy samochodowych, programowanie kluczy (&#8222;wi\u0105zanie&#8221; z samochodem)<\/strong><\/li>\n<li><strong>Usuwanie z pami\u0119ci samochodu wcze\u015bniej zgubionych kluczyk\u00f3w<\/strong><\/li>\n<li><strong>Produkcja klucza zap\u0142onowego wed\u0142ug zamka<\/strong><\/li>\n<li><strong>Naprawa kluczy samochodowych (wymiana przycisk\u00f3w, muszli, mechanizm\u00f3w)<\/strong><\/li>\n<li><strong>Awaryjne odblokowanie samochodu<\/strong><\/li>\n<li><strong>Wymiana kluczy, etui na klucze<\/strong><\/li>\n<li><strong>Wy\u0142\u0105czenie oprogramowania DPF \/ FAP<\/strong><\/li>\n<li><strong>Programowe usuni\u0119cie EGR<\/strong><\/li>\n<li><strong>Wy\u0142\u0105czenie oprogramowania immobilizera (immo Off)<\/strong><\/li>\n<li><strong>Jednostka steruj\u0105ca silnika (ECU) naprawa, klonowanie, programowanie<\/strong><\/li>\n<li><strong>SRS (programowanie jednostki steruj\u0105cej poduszek powietrznych)<\/strong><\/li>\n<\/ul>\n<h4><strong>  przedmioty wysy\u0142ane w ci\u0105gu 3 dni roboczych.*<\/strong><\/h4>\n","protected":false},"featured_media":12483,"comment_status":"open","ping_status":"closed","template":"","meta":[],"product_brand":[],"product_cat":[2867,2781],"product_tag":[2911,2912,2918,2922,2871],"class_list":{"0":"post-16510","1":"product","2":"type-product","3":"status-publish","4":"has-post-thumbnail","6":"product_cat-alfa-romeo-pl","7":"product_cat-kluczowe-muszle-pl","8":"product_tag-alfa-romeo-145-skorupa-klucza","9":"product_tag-alfa-romeo-146-skorupa-klucza","10":"product_tag-alfa-romeo-155-skorupa-klucza","11":"product_tag-alfa-romeo-gtv-skorupa-klucza","12":"product_tag-skorupa-klucza-alfa-romeo","14":"first","15":"instock","16":"sale","17":"shipping-taxable","18":"purchasable","19":"product-type-simple"},"yoast_head":"<!-- This site is optimized with the Yoast SEO plugin v27.6 - https:\/\/yoast.com\/product\/yoast-seo-wordpress\/ -->\n<title>\u0141uska klucza - pasuje do Alfa Romeo 145 | 146 | 155 | GTV | Spider - Keys for auto<\/title>\n<meta name=\"robots\" content=\"index, follow, max-snippet:-1, max-image-preview:large, max-video-preview:-1\" \/>\n<link rel=\"canonical\" href=\"https:\/\/keys-for-auto.eu\/pl\/product\/key-shell-suitable-for-alfa-romeo-145-146-155-gtv-spider\/\" \/>\n<meta property=\"og:locale\" content=\"pl_PL\" \/>\n<meta property=\"og:type\" content=\"article\" \/>\n<meta property=\"og:title\" content=\"\u0141uska klucza - pasuje do Alfa Romeo 145 | 146 | 155 | GTV | Spider - Keys for auto\" \/>\n<meta property=\"og:description\" content=\"Pasuje do samochod\u00f3w marki Alfa Romeo - skorupa klucza. Nadaje si\u0119 do nast\u0119puj\u0105cych modeli: Alfa Romeo 145 Alfa Romeo 146 Alfa Romeo 155 Alfa Romeo GTV Alfa Romeo Spider  Produkcja kluczy samochodowych  Produkcja nowych kluczy samochodowych, programowanie kluczy (&quot;wi\u0105zanie&quot; z samochodem)  Usuwanie z pami\u0119ci samochodu wcze\u015bniej zgubionych kluczyk\u00f3w  Produkcja klucza zap\u0142onowego wed\u0142ug zamka  Naprawa kluczy samochodowych (wymiana przycisk\u00f3w, muszli, mechanizm\u00f3w)  Awaryjne odblokowanie samochodu  Wymiana kluczy, etui na klucze  Wy\u0142\u0105czenie oprogramowania DPF \/ FAP  Programowe usuni\u0119cie EGR  Wy\u0142\u0105czenie oprogramowania immobilizera (immo Off)  Jednostka steruj\u0105ca silnika (ECU) naprawa, klonowanie, programowanie  SRS (programowanie jednostki steruj\u0105cej poduszek powietrznych)  przedmioty wysy\u0142ane w ci\u0105gu 3 dni roboczych.*\" \/>\n<meta property=\"og:url\" content=\"https:\/\/keys-for-auto.eu\/pl\/product\/key-shell-suitable-for-alfa-romeo-145-146-155-gtv-spider\/\" \/>\n<meta property=\"og:site_name\" content=\"Keys for auto\" \/>\n<meta property=\"article:publisher\" content=\"https:\/\/www.facebook.com\/KeysForAutoEU\" \/>\n<meta property=\"og:image\" content=\"https:\/\/keys-for-auto.eu\/wp-content\/uploads\/2022\/12\/Alfa-romeo-raudonas-500x5001-wpp1668442410930.jpg\" \/>\n\t<meta property=\"og:image:width\" content=\"500\" \/>\n\t<meta property=\"og:image:height\" content=\"500\" \/>\n\t<meta property=\"og:image:type\" content=\"image\/jpeg\" \/>\n<meta name=\"twitter:card\" content=\"summary_large_image\" \/>\n<meta name=\"twitter:label1\" content=\"Szacowany czas czytania\" \/>\n\t<meta name=\"twitter:data1\" content=\"1 minuta\" \/>\n<script type=\"application\/ld+json\" class=\"yoast-schema-graph\">{\"@context\":\"https:\\\/\\\/schema.org\",\"@graph\":[{\"@type\":[\"WebPage\",\"ItemPage\"],\"@id\":\"https:\\\/\\\/keys-for-auto.eu\\\/pl\\\/product\\\/key-shell-suitable-for-alfa-romeo-145-146-155-gtv-spider\\\/\",\"url\":\"https:\\\/\\\/keys-for-auto.eu\\\/pl\\\/product\\\/key-shell-suitable-for-alfa-romeo-145-146-155-gtv-spider\\\/\",\"name\":\"\u0141uska klucza - pasuje do Alfa Romeo 145 | 146 | 155 | GTV | Spider - Keys for auto\",\"isPartOf\":{\"@id\":\"https:\\\/\\\/keys-for-auto.eu\\\/pl\\\/#website\"},\"primaryImageOfPage\":{\"@id\":\"https:\\\/\\\/keys-for-auto.eu\\\/pl\\\/product\\\/key-shell-suitable-for-alfa-romeo-145-146-155-gtv-spider\\\/#primaryimage\"},\"image\":{\"@id\":\"https:\\\/\\\/keys-for-auto.eu\\\/pl\\\/product\\\/key-shell-suitable-for-alfa-romeo-145-146-155-gtv-spider\\\/#primaryimage\"},\"thumbnailUrl\":\"https:\\\/\\\/keys-for-auto.eu\\\/wp-content\\\/uploads\\\/2022\\\/12\\\/Alfa-romeo-raudonas-500x5001-wpp1668442410930.jpg\",\"datePublished\":\"2016-04-02T07:39:09+00:00\",\"breadcrumb\":{\"@id\":\"https:\\\/\\\/keys-for-auto.eu\\\/pl\\\/product\\\/key-shell-suitable-for-alfa-romeo-145-146-155-gtv-spider\\\/#breadcrumb\"},\"inLanguage\":\"pl-PL\",\"potentialAction\":[{\"@type\":\"ReadAction\",\"target\":[\"https:\\\/\\\/keys-for-auto.eu\\\/pl\\\/product\\\/key-shell-suitable-for-alfa-romeo-145-146-155-gtv-spider\\\/\"]}]},{\"@type\":\"ImageObject\",\"inLanguage\":\"pl-PL\",\"@id\":\"https:\\\/\\\/keys-for-auto.eu\\\/pl\\\/product\\\/key-shell-suitable-for-alfa-romeo-145-146-155-gtv-spider\\\/#primaryimage\",\"url\":\"https:\\\/\\\/keys-for-auto.eu\\\/wp-content\\\/uploads\\\/2022\\\/12\\\/Alfa-romeo-raudonas-500x5001-wpp1668442410930.jpg\",\"contentUrl\":\"https:\\\/\\\/keys-for-auto.eu\\\/wp-content\\\/uploads\\\/2022\\\/12\\\/Alfa-romeo-raudonas-500x5001-wpp1668442410930.jpg\",\"width\":500,\"height\":500},{\"@type\":\"BreadcrumbList\",\"@id\":\"https:\\\/\\\/keys-for-auto.eu\\\/pl\\\/product\\\/key-shell-suitable-for-alfa-romeo-145-146-155-gtv-spider\\\/#breadcrumb\",\"itemListElement\":[{\"@type\":\"ListItem\",\"position\":1,\"name\":\"Strona g\u0142\u00f3wna\",\"item\":\"https:\\\/\\\/keys-for-auto.eu\\\/pl\\\/\"},{\"@type\":\"ListItem\",\"position\":2,\"name\":\"Shop\",\"item\":\"https:\\\/\\\/keys-for-auto.eu\\\/\"},{\"@type\":\"ListItem\",\"position\":3,\"name\":\"\u0141uska klucza &#8211; pasuje do Alfa Romeo 145 | 146 | 155 | GTV | Spider\"}]},{\"@type\":\"WebSite\",\"@id\":\"https:\\\/\\\/keys-for-auto.eu\\\/pl\\\/#website\",\"url\":\"https:\\\/\\\/keys-for-auto.eu\\\/pl\\\/\",\"name\":\"Keys for auto\",\"description\":\"Car keys,  key shells, key programming\",\"publisher\":{\"@id\":\"https:\\\/\\\/keys-for-auto.eu\\\/pl\\\/#organization\"},\"potentialAction\":[{\"@type\":\"SearchAction\",\"target\":{\"@type\":\"EntryPoint\",\"urlTemplate\":\"https:\\\/\\\/keys-for-auto.eu\\\/pl\\\/?s={search_term_string}\"},\"query-input\":{\"@type\":\"PropertyValueSpecification\",\"valueRequired\":true,\"valueName\":\"search_term_string\"}}],\"inLanguage\":\"pl-PL\"},{\"@type\":\"Organization\",\"@id\":\"https:\\\/\\\/keys-for-auto.eu\\\/pl\\\/#organization\",\"name\":\"Klucze do samochodu\",\"url\":\"https:\\\/\\\/keys-for-auto.eu\\\/pl\\\/\",\"logo\":{\"@type\":\"ImageObject\",\"inLanguage\":\"pl-PL\",\"@id\":\"https:\\\/\\\/keys-for-auto.eu\\\/pl\\\/#\\\/schema\\\/logo\\\/image\\\/\",\"url\":\"https:\\\/\\\/keys-for-auto.eu\\\/wp-content\\\/uploads\\\/2022\\\/11\\\/cropped-png1.png\",\"contentUrl\":\"https:\\\/\\\/keys-for-auto.eu\\\/wp-content\\\/uploads\\\/2022\\\/11\\\/cropped-png1.png\",\"width\":1000,\"height\":342,\"caption\":\"Klucze do samochodu\"},\"image\":{\"@id\":\"https:\\\/\\\/keys-for-auto.eu\\\/pl\\\/#\\\/schema\\\/logo\\\/image\\\/\"},\"sameAs\":[\"https:\\\/\\\/www.facebook.com\\\/KeysForAutoEU\"]}]}<\/script>\n<!-- \/ Yoast SEO plugin. -->","yoast_head_json":{"title":"\u0141uska klucza - pasuje do Alfa Romeo 145 | 146 | 155 | GTV | Spider - Keys for auto","robots":{"index":"index","follow":"follow","max-snippet":"max-snippet:-1","max-image-preview":"max-image-preview:large","max-video-preview":"max-video-preview:-1"},"canonical":"https:\/\/keys-for-auto.eu\/pl\/product\/key-shell-suitable-for-alfa-romeo-145-146-155-gtv-spider\/","og_locale":"pl_PL","og_type":"article","og_title":"\u0141uska klucza - pasuje do Alfa Romeo 145 | 146 | 155 | GTV | Spider - Keys for auto","og_description":"Pasuje do samochod\u00f3w marki Alfa Romeo - skorupa klucza. Nadaje si\u0119 do nast\u0119puj\u0105cych modeli: Alfa Romeo 145 Alfa Romeo 146 Alfa Romeo 155 Alfa Romeo GTV Alfa Romeo Spider  Produkcja kluczy samochodowych  Produkcja nowych kluczy samochodowych, programowanie kluczy (\"wi\u0105zanie\" z samochodem)  Usuwanie z pami\u0119ci samochodu wcze\u015bniej zgubionych kluczyk\u00f3w  Produkcja klucza zap\u0142onowego wed\u0142ug zamka  Naprawa kluczy samochodowych (wymiana przycisk\u00f3w, muszli, mechanizm\u00f3w)  Awaryjne odblokowanie samochodu  Wymiana kluczy, etui na klucze  Wy\u0142\u0105czenie oprogramowania DPF \/ FAP  Programowe usuni\u0119cie EGR  Wy\u0142\u0105czenie oprogramowania immobilizera (immo Off)  Jednostka steruj\u0105ca silnika (ECU) naprawa, klonowanie, programowanie  SRS (programowanie jednostki steruj\u0105cej poduszek powietrznych)  przedmioty wysy\u0142ane w ci\u0105gu 3 dni roboczych.*","og_url":"https:\/\/keys-for-auto.eu\/pl\/product\/key-shell-suitable-for-alfa-romeo-145-146-155-gtv-spider\/","og_site_name":"Keys for auto","article_publisher":"https:\/\/www.facebook.com\/KeysForAutoEU","og_image":[{"width":500,"height":500,"url":"https:\/\/keys-for-auto.eu\/wp-content\/uploads\/2022\/12\/Alfa-romeo-raudonas-500x5001-wpp1668442410930.jpg","type":"image\/jpeg"}],"twitter_card":"summary_large_image","twitter_misc":{"Szacowany czas czytania":"1 minuta"},"schema":{"@context":"https:\/\/schema.org","@graph":[{"@type":["WebPage","ItemPage"],"@id":"https:\/\/keys-for-auto.eu\/pl\/product\/key-shell-suitable-for-alfa-romeo-145-146-155-gtv-spider\/","url":"https:\/\/keys-for-auto.eu\/pl\/product\/key-shell-suitable-for-alfa-romeo-145-146-155-gtv-spider\/","name":"\u0141uska klucza - pasuje do Alfa Romeo 145 | 146 | 155 | GTV | Spider - Keys for auto","isPartOf":{"@id":"https:\/\/keys-for-auto.eu\/pl\/#website"},"primaryImageOfPage":{"@id":"https:\/\/keys-for-auto.eu\/pl\/product\/key-shell-suitable-for-alfa-romeo-145-146-155-gtv-spider\/#primaryimage"},"image":{"@id":"https:\/\/keys-for-auto.eu\/pl\/product\/key-shell-suitable-for-alfa-romeo-145-146-155-gtv-spider\/#primaryimage"},"thumbnailUrl":"https:\/\/keys-for-auto.eu\/wp-content\/uploads\/2022\/12\/Alfa-romeo-raudonas-500x5001-wpp1668442410930.jpg","datePublished":"2016-04-02T07:39:09+00:00","breadcrumb":{"@id":"https:\/\/keys-for-auto.eu\/pl\/product\/key-shell-suitable-for-alfa-romeo-145-146-155-gtv-spider\/#breadcrumb"},"inLanguage":"pl-PL","potentialAction":[{"@type":"ReadAction","target":["https:\/\/keys-for-auto.eu\/pl\/product\/key-shell-suitable-for-alfa-romeo-145-146-155-gtv-spider\/"]}]},{"@type":"ImageObject","inLanguage":"pl-PL","@id":"https:\/\/keys-for-auto.eu\/pl\/product\/key-shell-suitable-for-alfa-romeo-145-146-155-gtv-spider\/#primaryimage","url":"https:\/\/keys-for-auto.eu\/wp-content\/uploads\/2022\/12\/Alfa-romeo-raudonas-500x5001-wpp1668442410930.jpg","contentUrl":"https:\/\/keys-for-auto.eu\/wp-content\/uploads\/2022\/12\/Alfa-romeo-raudonas-500x5001-wpp1668442410930.jpg","width":500,"height":500},{"@type":"BreadcrumbList","@id":"https:\/\/keys-for-auto.eu\/pl\/product\/key-shell-suitable-for-alfa-romeo-145-146-155-gtv-spider\/#breadcrumb","itemListElement":[{"@type":"ListItem","position":1,"name":"Strona g\u0142\u00f3wna","item":"https:\/\/keys-for-auto.eu\/pl\/"},{"@type":"ListItem","position":2,"name":"Shop","item":"https:\/\/keys-for-auto.eu\/"},{"@type":"ListItem","position":3,"name":"\u0141uska klucza &#8211; pasuje do Alfa Romeo 145 | 146 | 155 | GTV | Spider"}]},{"@type":"WebSite","@id":"https:\/\/keys-for-auto.eu\/pl\/#website","url":"https:\/\/keys-for-auto.eu\/pl\/","name":"Keys for auto","description":"Car keys,  key shells, key programming","publisher":{"@id":"https:\/\/keys-for-auto.eu\/pl\/#organization"},"potentialAction":[{"@type":"SearchAction","target":{"@type":"EntryPoint","urlTemplate":"https:\/\/keys-for-auto.eu\/pl\/?s={search_term_string}"},"query-input":{"@type":"PropertyValueSpecification","valueRequired":true,"valueName":"search_term_string"}}],"inLanguage":"pl-PL"},{"@type":"Organization","@id":"https:\/\/keys-for-auto.eu\/pl\/#organization","name":"Klucze do samochodu","url":"https:\/\/keys-for-auto.eu\/pl\/","logo":{"@type":"ImageObject","inLanguage":"pl-PL","@id":"https:\/\/keys-for-auto.eu\/pl\/#\/schema\/logo\/image\/","url":"https:\/\/keys-for-auto.eu\/wp-content\/uploads\/2022\/11\/cropped-png1.png","contentUrl":"https:\/\/keys-for-auto.eu\/wp-content\/uploads\/2022\/11\/cropped-png1.png","width":1000,"height":342,"caption":"Klucze do samochodu"},"image":{"@id":"https:\/\/keys-for-auto.eu\/pl\/#\/schema\/logo\/image\/"},"sameAs":["https:\/\/www.facebook.com\/KeysForAutoEU"]}]}},"_links":{"self":[{"href":"https:\/\/keys-for-auto.eu\/pl\/wp-json\/wp\/v2\/product\/16510","targetHints":{"allow":["GET"]}}],"collection":[{"href":"https:\/\/keys-for-auto.eu\/pl\/wp-json\/wp\/v2\/product"}],"about":[{"href":"https:\/\/keys-for-auto.eu\/pl\/wp-json\/wp\/v2\/types\/product"}],"replies":[{"embeddable":true,"href":"https:\/\/keys-for-auto.eu\/pl\/wp-json\/wp\/v2\/comments?post=16510"}],"wp:featuredmedia":[{"embeddable":true,"href":"https:\/\/keys-for-auto.eu\/pl\/wp-json\/wp\/v2\/media\/12483"}],"wp:attachment":[{"href":"https:\/\/keys-for-auto.eu\/pl\/wp-json\/wp\/v2\/media?parent=16510"}],"wp:term":[{"taxonomy":"product_brand","embeddable":true,"href":"https:\/\/keys-for-auto.eu\/pl\/wp-json\/wp\/v2\/product_brand?post=16510"},{"taxonomy":"product_cat","embeddable":true,"href":"https:\/\/keys-for-auto.eu\/pl\/wp-json\/wp\/v2\/product_cat?post=16510"},{"taxonomy":"product_tag","embeddable":true,"href":"https:\/\/keys-for-auto.eu\/pl\/wp-json\/wp\/v2\/product_tag?post=16510"}],"curies":[{"name":"wp","href":"https:\/\/api.w.org\/{rel}","templated":true}]}}