{"id":16496,"date":"2016-04-02T09:04:44","date_gmt":"2016-04-02T09:04:44","guid":{"rendered":"https:\/\/keys-for-auto.eu\/product\/muszla-klucza-pasuje-do-samochodow-chrysler-trzy-przyciski\/"},"modified":"2016-04-02T09:04:44","modified_gmt":"2016-04-02T09:04:44","slug":"key-shell-suitable-for-chrysler-cars-three-buttons","status":"publish","type":"product","link":"https:\/\/keys-for-auto.eu\/pl\/product\/key-shell-suitable-for-chrysler-cars-three-buttons\/","title":{"rendered":"Muszla klucza &#8211; pasuje do samochod\u00f3w Chrysler, trzy przyciski"},"content":{"rendered":"<h2>Muszla klucza &#8211; pasuje do samochod\u00f3w Chrysler, trzy przyciski<\/h2>\n<h3>Klucz pasuj\u0105cy do modeli Jeep, Chrysler, Dodge<br \/>\nPrzedstawiamy obudow\u0119 klucza trzyprzyciskowego do samochod\u00f3w Jeep, Chrysler, Dodge.<\/h3>\n<p>\u017baden kierowca nie zaprzeczy temu, \u017ce klucze samochodowe i ich obudowy s\u0105 bardzo wa\u017cne. W ko\u0144cu bez kluczyk\u00f3w nasz pojazd nadal by\u0142by metalow\u0105 pi\u0119kno\u015bci\u0105 na k\u00f3\u0142kach. A samo pi\u0119kno nie zaprowadzi naszych dzieci do przedszkola czy szko\u0142y, ani nas do pracy.<\/p>\n<p>Co jednak, je\u015bli przypadkowo uszkodzisz obudow\u0119 klucza? Oczywi\u015bcie, zwr\u00f3\u0107 si\u0119 do nas &#8211; ekspert\u00f3w w produkcji i programowaniu kluczy samochodowych! Programujemy klucze do wielu marek samochod\u00f3w. \u015awiadczymy r\u00f3wnie\u017c ekskluzywne us\u0142ugi dla w\u0142a\u015bcicieli Renault. Sprzedajemy nowe karty Renault z powi\u0105zaniem z samochodem. Naprawiamy stare. Zach\u0119camy, aby po t\u0119 us\u0142ug\u0119 udawa\u0107 si\u0119 wy\u0142\u0105cznie do specjalist\u00f3w. Bo naprawa i programowanie kart zap\u0142onowych musi by\u0107 kompleksowa. A takie us\u0142ugi zapewni\u0105 Ci tylko profesjonali\u015bci.<\/p>\n<h3>Awaryjne odblokowanie samochodu<\/h3>\n<p>Kolejnym obszarem naszej specjalizacji jest awaryjne odblokowywanie samochod\u00f3w. Ka\u017cdy z nas ma czasem nieprzewidziane sytuacje, w kt\u00f3rych nie mo\u017ce dosta\u0107 si\u0119 do swojego samochodu. Mo\u017ce to nast\u0105pi\u0107 z wielu powod\u00f3w. Czy zaci\u0105\u0142e\u015b klucze w samochodzie? Bateria pad\u0142a i pilot nie reaguje? Nie dzia\u0142a blokada drzwi i nie ma innego sposobu na dostanie si\u0119 do samochodu? I tak dalej. Ale we wszystkich tych przypadkach jeste\u015bmy po to, by pom\u00f3c. Zapewniamy awaryjne odblokowanie samochodu przez ca\u0142\u0105 dob\u0119.<\/p>\n<p>Awaryjne odblokowywanie samochod\u00f3w jest dost\u0119pne dla wszystkich marek samochod\u00f3w. W razie nag\u0142ej potrzeby zaufaj nam, aby odblokowa\u0107 sw\u00f3j samoch\u00f3d. Jeste\u015bmy do\u015bwiadczonymi rzemie\u015blnikami, kt\u00f3rzy wykonuj\u0105 awaryjne odblokowanie samochodu szybko i bezpiecznie. Zadzwo\u0144 do nas i pozw\u00f3l sobie pom\u00f3c!<\/p>\n<p>&nbsp;<\/p>\n","protected":false},"excerpt":{"rendered":"<p><em><strong>Klucz pasuj\u0105cy do modeli Jeep, Chrysler, Dodge.<\/strong><\/em><\/p>\n<h3><strong>Produkcja kluczy samochodowych<\/strong><\/h3>\n<ul>\n<li><strong>Produkcja nowych kluczy samochodowych, programowanie kluczy (&#8222;wi\u0105zanie&#8221; z samochodem)<\/strong><\/li>\n<li><strong>Usuwanie z pami\u0119ci samochodu wcze\u015bniej zgubionych kluczyk\u00f3w<\/strong><\/li>\n<li><strong>Produkcja klucza zap\u0142onowego wed\u0142ug zamka<\/strong><\/li>\n<li><strong>Naprawa kluczy samochodowych (wymiana przycisk\u00f3w, muszli, mechanizm\u00f3w)<\/strong><\/li>\n<li><strong>Awaryjne odblokowanie samochodu<\/strong><\/li>\n<li><strong>Wymiana kluczy, etui na klucze<\/strong><\/li>\n<li><strong>Wy\u0142\u0105czenie oprogramowania DPF \/ FAP<\/strong><\/li>\n<li><strong>Programowe usuni\u0119cie EGR<\/strong><\/li>\n<li><strong>Wy\u0142\u0105czenie oprogramowania immobilizera (immo Off)<\/strong><\/li>\n<li><strong>Jednostka steruj\u0105ca silnika (ECU) naprawa, klonowanie, programowanie<\/strong><\/li>\n<li><strong>SRS (programowanie jednostki steruj\u0105cej poduszk\u0105 powietrzn\u0105)<\/strong><\/li>\n<\/ul>\n<h4><strong>przedmioty wysy\u0142ane w ci\u0105gu 3 dni roboczych.*<\/strong><\/h4>\n","protected":false},"featured_media":12873,"comment_status":"open","ping_status":"closed","template":"","meta":[],"product_brand":[],"product_cat":[2873,2781],"product_tag":[2895],"class_list":{"0":"post-16496","1":"product","2":"type-product","3":"status-publish","4":"has-post-thumbnail","6":"product_cat-chrysler-pl","7":"product_cat-kluczowe-muszle-pl","8":"product_tag-skorupa-klucza-chrysler","10":"first","11":"instock","12":"sale","13":"shipping-taxable","14":"purchasable","15":"product-type-simple"},"yoast_head":"<!-- This site is optimized with the Yoast SEO plugin v27.3 - https:\/\/yoast.com\/product\/yoast-seo-wordpress\/ -->\n<title>Muszla klucza - pasuje do samochod\u00f3w Chrysler, trzy przyciski - Keys for auto<\/title>\n<meta name=\"robots\" content=\"index, follow, max-snippet:-1, max-image-preview:large, max-video-preview:-1\" \/>\n<link rel=\"canonical\" href=\"https:\/\/keys-for-auto.eu\/pl\/product\/key-shell-suitable-for-chrysler-cars-three-buttons\/\" \/>\n<meta property=\"og:locale\" content=\"pl_PL\" \/>\n<meta property=\"og:type\" content=\"article\" \/>\n<meta property=\"og:title\" content=\"Muszla klucza - pasuje do samochod\u00f3w Chrysler, trzy przyciski - Keys for auto\" \/>\n<meta property=\"og:description\" content=\"Klucz pasuj\u0105cy do modeli Jeep, Chrysler, Dodge. Produkcja kluczy samochodowych  Produkcja nowych kluczy samochodowych, programowanie kluczy (&quot;wi\u0105zanie&quot; z samochodem)  Usuwanie z pami\u0119ci samochodu wcze\u015bniej zgubionych kluczyk\u00f3w  Produkcja klucza zap\u0142onowego wed\u0142ug zamka  Naprawa kluczy samochodowych (wymiana przycisk\u00f3w, muszli, mechanizm\u00f3w)  Awaryjne odblokowanie samochodu  Wymiana kluczy, etui na klucze  Wy\u0142\u0105czenie oprogramowania DPF \/ FAP  Programowe usuni\u0119cie EGR  Wy\u0142\u0105czenie oprogramowania immobilizera (immo Off)  Jednostka steruj\u0105ca silnika (ECU) naprawa, klonowanie, programowanie  SRS (programowanie jednostki steruj\u0105cej poduszk\u0105 powietrzn\u0105) przedmioty wysy\u0142ane w ci\u0105gu 3 dni roboczych.*\" \/>\n<meta property=\"og:url\" content=\"https:\/\/keys-for-auto.eu\/pl\/product\/key-shell-suitable-for-chrysler-cars-three-buttons\/\" \/>\n<meta property=\"og:site_name\" content=\"Keys for auto\" \/>\n<meta property=\"article:publisher\" content=\"https:\/\/www.facebook.com\/KeysForAutoEU\" \/>\n<meta property=\"og:image\" content=\"https:\/\/i0.wp.com\/keys-for-auto.eu\/wp-content\/uploads\/2022\/12\/Chrysler-Jeep-Dodge-Key-Fob-3-mygtuku-500x5001-1.jpg?fit=500%2C500&ssl=1\" \/>\n\t<meta property=\"og:image:width\" content=\"500\" \/>\n\t<meta property=\"og:image:height\" content=\"500\" \/>\n\t<meta property=\"og:image:type\" content=\"image\/jpeg\" \/>\n<meta name=\"twitter:card\" content=\"summary_large_image\" \/>\n<meta name=\"twitter:label1\" content=\"Szacowany czas czytania\" \/>\n\t<meta name=\"twitter:data1\" content=\"2 minuty\" \/>\n<script type=\"application\/ld+json\" class=\"yoast-schema-graph\">{\"@context\":\"https:\\\/\\\/schema.org\",\"@graph\":[{\"@type\":[\"WebPage\",\"ItemPage\"],\"@id\":\"https:\\\/\\\/keys-for-auto.eu\\\/pl\\\/product\\\/key-shell-suitable-for-chrysler-cars-three-buttons\\\/\",\"url\":\"https:\\\/\\\/keys-for-auto.eu\\\/pl\\\/product\\\/key-shell-suitable-for-chrysler-cars-three-buttons\\\/\",\"name\":\"Muszla klucza - pasuje do samochod\u00f3w Chrysler, trzy przyciski - Keys for auto\",\"isPartOf\":{\"@id\":\"https:\\\/\\\/keys-for-auto.eu\\\/pl\\\/#website\"},\"primaryImageOfPage\":{\"@id\":\"https:\\\/\\\/keys-for-auto.eu\\\/pl\\\/product\\\/key-shell-suitable-for-chrysler-cars-three-buttons\\\/#primaryimage\"},\"image\":{\"@id\":\"https:\\\/\\\/keys-for-auto.eu\\\/pl\\\/product\\\/key-shell-suitable-for-chrysler-cars-three-buttons\\\/#primaryimage\"},\"thumbnailUrl\":\"https:\\\/\\\/keys-for-auto.eu\\\/wp-content\\\/uploads\\\/2022\\\/12\\\/Chrysler-Jeep-Dodge-Key-Fob-3-mygtuku-500x5001-1.jpg\",\"datePublished\":\"2016-04-02T09:04:44+00:00\",\"breadcrumb\":{\"@id\":\"https:\\\/\\\/keys-for-auto.eu\\\/pl\\\/product\\\/key-shell-suitable-for-chrysler-cars-three-buttons\\\/#breadcrumb\"},\"inLanguage\":\"pl-PL\",\"potentialAction\":[{\"@type\":\"ReadAction\",\"target\":[\"https:\\\/\\\/keys-for-auto.eu\\\/pl\\\/product\\\/key-shell-suitable-for-chrysler-cars-three-buttons\\\/\"]}]},{\"@type\":\"ImageObject\",\"inLanguage\":\"pl-PL\",\"@id\":\"https:\\\/\\\/keys-for-auto.eu\\\/pl\\\/product\\\/key-shell-suitable-for-chrysler-cars-three-buttons\\\/#primaryimage\",\"url\":\"https:\\\/\\\/keys-for-auto.eu\\\/wp-content\\\/uploads\\\/2022\\\/12\\\/Chrysler-Jeep-Dodge-Key-Fob-3-mygtuku-500x5001-1.jpg\",\"contentUrl\":\"https:\\\/\\\/keys-for-auto.eu\\\/wp-content\\\/uploads\\\/2022\\\/12\\\/Chrysler-Jeep-Dodge-Key-Fob-3-mygtuku-500x5001-1.jpg\",\"width\":500,\"height\":500},{\"@type\":\"BreadcrumbList\",\"@id\":\"https:\\\/\\\/keys-for-auto.eu\\\/pl\\\/product\\\/key-shell-suitable-for-chrysler-cars-three-buttons\\\/#breadcrumb\",\"itemListElement\":[{\"@type\":\"ListItem\",\"position\":1,\"name\":\"Strona g\u0142\u00f3wna\",\"item\":\"https:\\\/\\\/keys-for-auto.eu\\\/pl\\\/\"},{\"@type\":\"ListItem\",\"position\":2,\"name\":\"Shop\",\"item\":\"https:\\\/\\\/keys-for-auto.eu\\\/\"},{\"@type\":\"ListItem\",\"position\":3,\"name\":\"Muszla klucza &#8211; pasuje do samochod\u00f3w Chrysler, trzy przyciski\"}]},{\"@type\":\"WebSite\",\"@id\":\"https:\\\/\\\/keys-for-auto.eu\\\/pl\\\/#website\",\"url\":\"https:\\\/\\\/keys-for-auto.eu\\\/pl\\\/\",\"name\":\"Keys for auto\",\"description\":\"Car keys,  key shells, key programming\",\"publisher\":{\"@id\":\"https:\\\/\\\/keys-for-auto.eu\\\/pl\\\/#organization\"},\"potentialAction\":[{\"@type\":\"SearchAction\",\"target\":{\"@type\":\"EntryPoint\",\"urlTemplate\":\"https:\\\/\\\/keys-for-auto.eu\\\/pl\\\/?s={search_term_string}\"},\"query-input\":{\"@type\":\"PropertyValueSpecification\",\"valueRequired\":true,\"valueName\":\"search_term_string\"}}],\"inLanguage\":\"pl-PL\"},{\"@type\":\"Organization\",\"@id\":\"https:\\\/\\\/keys-for-auto.eu\\\/pl\\\/#organization\",\"name\":\"Klucze do samochodu\",\"url\":\"https:\\\/\\\/keys-for-auto.eu\\\/pl\\\/\",\"logo\":{\"@type\":\"ImageObject\",\"inLanguage\":\"pl-PL\",\"@id\":\"https:\\\/\\\/keys-for-auto.eu\\\/pl\\\/#\\\/schema\\\/logo\\\/image\\\/\",\"url\":\"https:\\\/\\\/keys-for-auto.eu\\\/wp-content\\\/uploads\\\/2022\\\/11\\\/cropped-png1.png\",\"contentUrl\":\"https:\\\/\\\/keys-for-auto.eu\\\/wp-content\\\/uploads\\\/2022\\\/11\\\/cropped-png1.png\",\"width\":1000,\"height\":342,\"caption\":\"Klucze do samochodu\"},\"image\":{\"@id\":\"https:\\\/\\\/keys-for-auto.eu\\\/pl\\\/#\\\/schema\\\/logo\\\/image\\\/\"},\"sameAs\":[\"https:\\\/\\\/www.facebook.com\\\/KeysForAutoEU\"]}]}<\/script>\n<!-- \/ Yoast SEO plugin. -->","yoast_head_json":{"title":"Muszla klucza - pasuje do samochod\u00f3w Chrysler, trzy przyciski - Keys for auto","robots":{"index":"index","follow":"follow","max-snippet":"max-snippet:-1","max-image-preview":"max-image-preview:large","max-video-preview":"max-video-preview:-1"},"canonical":"https:\/\/keys-for-auto.eu\/pl\/product\/key-shell-suitable-for-chrysler-cars-three-buttons\/","og_locale":"pl_PL","og_type":"article","og_title":"Muszla klucza - pasuje do samochod\u00f3w Chrysler, trzy przyciski - Keys for auto","og_description":"Klucz pasuj\u0105cy do modeli Jeep, Chrysler, Dodge. Produkcja kluczy samochodowych  Produkcja nowych kluczy samochodowych, programowanie kluczy (\"wi\u0105zanie\" z samochodem)  Usuwanie z pami\u0119ci samochodu wcze\u015bniej zgubionych kluczyk\u00f3w  Produkcja klucza zap\u0142onowego wed\u0142ug zamka  Naprawa kluczy samochodowych (wymiana przycisk\u00f3w, muszli, mechanizm\u00f3w)  Awaryjne odblokowanie samochodu  Wymiana kluczy, etui na klucze  Wy\u0142\u0105czenie oprogramowania DPF \/ FAP  Programowe usuni\u0119cie EGR  Wy\u0142\u0105czenie oprogramowania immobilizera (immo Off)  Jednostka steruj\u0105ca silnika (ECU) naprawa, klonowanie, programowanie  SRS (programowanie jednostki steruj\u0105cej poduszk\u0105 powietrzn\u0105) przedmioty wysy\u0142ane w ci\u0105gu 3 dni roboczych.*","og_url":"https:\/\/keys-for-auto.eu\/pl\/product\/key-shell-suitable-for-chrysler-cars-three-buttons\/","og_site_name":"Keys for auto","article_publisher":"https:\/\/www.facebook.com\/KeysForAutoEU","og_image":[{"width":500,"height":500,"url":"https:\/\/i0.wp.com\/keys-for-auto.eu\/wp-content\/uploads\/2022\/12\/Chrysler-Jeep-Dodge-Key-Fob-3-mygtuku-500x5001-1.jpg?fit=500%2C500&ssl=1","type":"image\/jpeg"}],"twitter_card":"summary_large_image","twitter_misc":{"Szacowany czas czytania":"2 minuty"},"schema":{"@context":"https:\/\/schema.org","@graph":[{"@type":["WebPage","ItemPage"],"@id":"https:\/\/keys-for-auto.eu\/pl\/product\/key-shell-suitable-for-chrysler-cars-three-buttons\/","url":"https:\/\/keys-for-auto.eu\/pl\/product\/key-shell-suitable-for-chrysler-cars-three-buttons\/","name":"Muszla klucza - pasuje do samochod\u00f3w Chrysler, trzy przyciski - Keys for auto","isPartOf":{"@id":"https:\/\/keys-for-auto.eu\/pl\/#website"},"primaryImageOfPage":{"@id":"https:\/\/keys-for-auto.eu\/pl\/product\/key-shell-suitable-for-chrysler-cars-three-buttons\/#primaryimage"},"image":{"@id":"https:\/\/keys-for-auto.eu\/pl\/product\/key-shell-suitable-for-chrysler-cars-three-buttons\/#primaryimage"},"thumbnailUrl":"https:\/\/keys-for-auto.eu\/wp-content\/uploads\/2022\/12\/Chrysler-Jeep-Dodge-Key-Fob-3-mygtuku-500x5001-1.jpg","datePublished":"2016-04-02T09:04:44+00:00","breadcrumb":{"@id":"https:\/\/keys-for-auto.eu\/pl\/product\/key-shell-suitable-for-chrysler-cars-three-buttons\/#breadcrumb"},"inLanguage":"pl-PL","potentialAction":[{"@type":"ReadAction","target":["https:\/\/keys-for-auto.eu\/pl\/product\/key-shell-suitable-for-chrysler-cars-three-buttons\/"]}]},{"@type":"ImageObject","inLanguage":"pl-PL","@id":"https:\/\/keys-for-auto.eu\/pl\/product\/key-shell-suitable-for-chrysler-cars-three-buttons\/#primaryimage","url":"https:\/\/keys-for-auto.eu\/wp-content\/uploads\/2022\/12\/Chrysler-Jeep-Dodge-Key-Fob-3-mygtuku-500x5001-1.jpg","contentUrl":"https:\/\/keys-for-auto.eu\/wp-content\/uploads\/2022\/12\/Chrysler-Jeep-Dodge-Key-Fob-3-mygtuku-500x5001-1.jpg","width":500,"height":500},{"@type":"BreadcrumbList","@id":"https:\/\/keys-for-auto.eu\/pl\/product\/key-shell-suitable-for-chrysler-cars-three-buttons\/#breadcrumb","itemListElement":[{"@type":"ListItem","position":1,"name":"Strona g\u0142\u00f3wna","item":"https:\/\/keys-for-auto.eu\/pl\/"},{"@type":"ListItem","position":2,"name":"Shop","item":"https:\/\/keys-for-auto.eu\/"},{"@type":"ListItem","position":3,"name":"Muszla klucza &#8211; pasuje do samochod\u00f3w Chrysler, trzy przyciski"}]},{"@type":"WebSite","@id":"https:\/\/keys-for-auto.eu\/pl\/#website","url":"https:\/\/keys-for-auto.eu\/pl\/","name":"Keys for auto","description":"Car keys,  key shells, key programming","publisher":{"@id":"https:\/\/keys-for-auto.eu\/pl\/#organization"},"potentialAction":[{"@type":"SearchAction","target":{"@type":"EntryPoint","urlTemplate":"https:\/\/keys-for-auto.eu\/pl\/?s={search_term_string}"},"query-input":{"@type":"PropertyValueSpecification","valueRequired":true,"valueName":"search_term_string"}}],"inLanguage":"pl-PL"},{"@type":"Organization","@id":"https:\/\/keys-for-auto.eu\/pl\/#organization","name":"Klucze do samochodu","url":"https:\/\/keys-for-auto.eu\/pl\/","logo":{"@type":"ImageObject","inLanguage":"pl-PL","@id":"https:\/\/keys-for-auto.eu\/pl\/#\/schema\/logo\/image\/","url":"https:\/\/keys-for-auto.eu\/wp-content\/uploads\/2022\/11\/cropped-png1.png","contentUrl":"https:\/\/keys-for-auto.eu\/wp-content\/uploads\/2022\/11\/cropped-png1.png","width":1000,"height":342,"caption":"Klucze do samochodu"},"image":{"@id":"https:\/\/keys-for-auto.eu\/pl\/#\/schema\/logo\/image\/"},"sameAs":["https:\/\/www.facebook.com\/KeysForAutoEU"]}]}},"_links":{"self":[{"href":"https:\/\/keys-for-auto.eu\/pl\/wp-json\/wp\/v2\/product\/16496","targetHints":{"allow":["GET"]}}],"collection":[{"href":"https:\/\/keys-for-auto.eu\/pl\/wp-json\/wp\/v2\/product"}],"about":[{"href":"https:\/\/keys-for-auto.eu\/pl\/wp-json\/wp\/v2\/types\/product"}],"replies":[{"embeddable":true,"href":"https:\/\/keys-for-auto.eu\/pl\/wp-json\/wp\/v2\/comments?post=16496"}],"wp:featuredmedia":[{"embeddable":true,"href":"https:\/\/keys-for-auto.eu\/pl\/wp-json\/wp\/v2\/media\/12873"}],"wp:attachment":[{"href":"https:\/\/keys-for-auto.eu\/pl\/wp-json\/wp\/v2\/media?parent=16496"}],"wp:term":[{"taxonomy":"product_brand","embeddable":true,"href":"https:\/\/keys-for-auto.eu\/pl\/wp-json\/wp\/v2\/product_brand?post=16496"},{"taxonomy":"product_cat","embeddable":true,"href":"https:\/\/keys-for-auto.eu\/pl\/wp-json\/wp\/v2\/product_cat?post=16496"},{"taxonomy":"product_tag","embeddable":true,"href":"https:\/\/keys-for-auto.eu\/pl\/wp-json\/wp\/v2\/product_tag?post=16496"}],"curies":[{"name":"wp","href":"https:\/\/api.w.org\/{rel}","templated":true}]}}