{"id":22873,"date":"2023-01-05T13:59:07","date_gmt":"2023-01-05T13:59:07","guid":{"rendered":"https:\/\/keys-for-auto.eu\/zwroty-i-refundacje\/"},"modified":"2023-02-22T13:12:29","modified_gmt":"2023-02-22T13:12:29","slug":"zwroty-i-refundacje","status":"publish","type":"page","link":"https:\/\/keys-for-auto.eu\/pl\/zwroty-i-refundacje\/","title":{"rendered":"Zwroty i refundacje"},"content":{"rendered":"\n<h3 class=\"wp-block-heading\">Zwroty towar\u00f3w wysokiej jako\u015bci<\/h3>\n\n<p>W przypadku, gdy produkt nie przypadnie Ci do gustu, mo\u017cesz go zwr\u00f3ci\u0107 w ci\u0105gu 14 dni kalendarzowych od daty dostawy. Mo\u017cesz zwr\u00f3ci\u0107 tylko produkt nieu\u017cywany, nieuszkodzony i w dobrym stanie. Zwracany produkt musi by\u0107 kompletny (z nienaruszon\u0105 etykiet\u0105 i nieusuni\u0119t\u0105 foli\u0105 ochronn\u0105) i w oryginalnym opakowaniu. Zwracany produkt musi by\u0107 w takim samym stanie, w jakim zosta\u0142 otrzymany przez kupuj\u0105cego.<\/p>\n\n<p>Po otrzymaniu produktu, przeka\u017cemy go Pa\u0144stwu do oceny jako\u015bci. Je\u015bli przedmiot jest nieu\u017cywany, nieuszkodzony i zasadniczo niezmieniony w wygl\u0105dzie, Twoje pieni\u0105dze zostan\u0105 zwr\u00f3cone najp\u00f3\u017aniej w ci\u0105gu 2 tygodni.<\/p>\n\n<h2 class=\"wp-block-heading\">Zwrot wadliwych towar\u00f3w<\/h2>\n\n<p>Je\u015bli otrzyma\u0142e\u015b wadliwy produkt, masz prawo do jego zwrotu. Nie dotyczy to towar\u00f3w, kt\u00f3re nie s\u0105 obiektywnie wadliwe lub s\u0105 wynikiem niew\u0142a\u015bciwego przechowywania lub u\u017cytkowania przez kupuj\u0105cego. W przypadku zwrotu produktu z powodu wadliwej jako\u015bci, keys-automobiliams.lt musi wymieni\u0107 wadliwy produkt na produkt o odpowiedniej jako\u015bci na w\u0142asny koszt lub zwr\u00f3ci\u0107 pieni\u0105dze zap\u0142acone za produkt. Zwrot pieni\u0119dzy musi nast\u0105pi\u0107 nie p\u00f3\u017aniej ni\u017c 2 tygodnie od daty zwrotu.<\/p>\n\n<p>Sprzedawca ma prawo do zmiany warunk\u00f3w w ka\u017cdym czasie bez wcze\u015bniejszego powiadomienia.<\/p>\n\n<p>Po otrzymaniu towaru przeka\u017cemy go do oceny jako\u015bci. Je\u015bli towar jest nieu\u017cywany, nieuszkodzony i zasadniczo niezmieniony w wygl\u0105dzie, otrzymasz zwrot pieni\u0119dzy w ci\u0105gu 2 tygodni.<\/p>\n","protected":false},"excerpt":{"rendered":"<p>Zwroty towar\u00f3w wysokiej jako\u015bci W przypadku, gdy produkt nie przypadnie Ci do gustu, mo\u017cesz go zwr\u00f3ci\u0107 w ci\u0105gu 14 dni kalendarzowych od daty dostawy. Mo\u017cesz zwr\u00f3ci\u0107 tylko produkt nieu\u017cywany, nieuszkodzony i w dobrym stanie. Zwracany produkt musi by\u0107 kompletny (z nienaruszon\u0105 etykiet\u0105 i nieusuni\u0119t\u0105 foli\u0105 ochronn\u0105) i w oryginalnym opakowaniu. Zwracany produkt musi by\u0107 w [&hellip;]<\/p>\n","protected":false},"author":1,"featured_media":0,"parent":0,"menu_order":0,"comment_status":"closed","ping_status":"closed","template":"","meta":{"footnotes":""},"class_list":["post-22873","page","type-page","status-publish","hentry"],"yoast_head":"<!-- This site is optimized with the Yoast SEO plugin v27.5 - https:\/\/yoast.com\/product\/yoast-seo-wordpress\/ -->\n<title>Zwroty i refundacje - Keys for auto<\/title>\n<meta name=\"robots\" content=\"index, follow, max-snippet:-1, max-image-preview:large, max-video-preview:-1\" \/>\n<link rel=\"canonical\" href=\"https:\/\/keys-for-auto.eu\/pl\/zwroty-i-refundacje\/\" \/>\n<meta property=\"og:locale\" content=\"pl_PL\" \/>\n<meta property=\"og:type\" content=\"article\" \/>\n<meta property=\"og:title\" content=\"Zwroty i refundacje - Keys for auto\" \/>\n<meta property=\"og:description\" content=\"Zwroty towar\u00f3w wysokiej jako\u015bci W przypadku, gdy produkt nie przypadnie Ci do gustu, mo\u017cesz go zwr\u00f3ci\u0107 w ci\u0105gu 14 dni kalendarzowych od daty dostawy. Mo\u017cesz zwr\u00f3ci\u0107 tylko produkt nieu\u017cywany, nieuszkodzony i w dobrym stanie. Zwracany produkt musi by\u0107 kompletny (z nienaruszon\u0105 etykiet\u0105 i nieusuni\u0119t\u0105 foli\u0105 ochronn\u0105) i w oryginalnym opakowaniu. Zwracany produkt musi by\u0107 w [&hellip;]\" \/>\n<meta property=\"og:url\" content=\"https:\/\/keys-for-auto.eu\/pl\/zwroty-i-refundacje\/\" \/>\n<meta property=\"og:site_name\" content=\"Keys for auto\" \/>\n<meta property=\"article:publisher\" content=\"https:\/\/www.facebook.com\/KeysForAutoEU\" \/>\n<meta property=\"article:modified_time\" content=\"2023-02-22T13:12:29+00:00\" \/>\n<meta name=\"twitter:card\" content=\"summary_large_image\" \/>\n<meta name=\"twitter:label1\" content=\"Szacowany czas czytania\" \/>\n\t<meta name=\"twitter:data1\" content=\"1 minuta\" \/>\n<script type=\"application\/ld+json\" class=\"yoast-schema-graph\">{\"@context\":\"https:\\\/\\\/schema.org\",\"@graph\":[{\"@type\":\"WebPage\",\"@id\":\"https:\\\/\\\/keys-for-auto.eu\\\/pl\\\/zwroty-i-refundacje\\\/\",\"url\":\"https:\\\/\\\/keys-for-auto.eu\\\/pl\\\/zwroty-i-refundacje\\\/\",\"name\":\"Zwroty i refundacje - Keys for auto\",\"isPartOf\":{\"@id\":\"https:\\\/\\\/keys-for-auto.eu\\\/pl\\\/#website\"},\"datePublished\":\"2023-01-05T13:59:07+00:00\",\"dateModified\":\"2023-02-22T13:12:29+00:00\",\"breadcrumb\":{\"@id\":\"https:\\\/\\\/keys-for-auto.eu\\\/pl\\\/zwroty-i-refundacje\\\/#breadcrumb\"},\"inLanguage\":\"pl-PL\",\"potentialAction\":[{\"@type\":\"ReadAction\",\"target\":[\"https:\\\/\\\/keys-for-auto.eu\\\/pl\\\/zwroty-i-refundacje\\\/\"]}]},{\"@type\":\"BreadcrumbList\",\"@id\":\"https:\\\/\\\/keys-for-auto.eu\\\/pl\\\/zwroty-i-refundacje\\\/#breadcrumb\",\"itemListElement\":[{\"@type\":\"ListItem\",\"position\":1,\"name\":\"Strona g\u0142\u00f3wna\",\"item\":\"https:\\\/\\\/keys-for-auto.eu\\\/pl\\\/\"},{\"@type\":\"ListItem\",\"position\":2,\"name\":\"Zwroty i refundacje\"}]},{\"@type\":\"WebSite\",\"@id\":\"https:\\\/\\\/keys-for-auto.eu\\\/pl\\\/#website\",\"url\":\"https:\\\/\\\/keys-for-auto.eu\\\/pl\\\/\",\"name\":\"Keys for auto\",\"description\":\"Car keys,  key shells, key programming\",\"publisher\":{\"@id\":\"https:\\\/\\\/keys-for-auto.eu\\\/pl\\\/#organization\"},\"potentialAction\":[{\"@type\":\"SearchAction\",\"target\":{\"@type\":\"EntryPoint\",\"urlTemplate\":\"https:\\\/\\\/keys-for-auto.eu\\\/pl\\\/?s={search_term_string}\"},\"query-input\":{\"@type\":\"PropertyValueSpecification\",\"valueRequired\":true,\"valueName\":\"search_term_string\"}}],\"inLanguage\":\"pl-PL\"},{\"@type\":\"Organization\",\"@id\":\"https:\\\/\\\/keys-for-auto.eu\\\/pl\\\/#organization\",\"name\":\"Klucze do samochodu\",\"url\":\"https:\\\/\\\/keys-for-auto.eu\\\/pl\\\/\",\"logo\":{\"@type\":\"ImageObject\",\"inLanguage\":\"pl-PL\",\"@id\":\"https:\\\/\\\/keys-for-auto.eu\\\/pl\\\/#\\\/schema\\\/logo\\\/image\\\/\",\"url\":\"https:\\\/\\\/keys-for-auto.eu\\\/wp-content\\\/uploads\\\/2022\\\/11\\\/cropped-png1.png\",\"contentUrl\":\"https:\\\/\\\/keys-for-auto.eu\\\/wp-content\\\/uploads\\\/2022\\\/11\\\/cropped-png1.png\",\"width\":1000,\"height\":342,\"caption\":\"Klucze do samochodu\"},\"image\":{\"@id\":\"https:\\\/\\\/keys-for-auto.eu\\\/pl\\\/#\\\/schema\\\/logo\\\/image\\\/\"},\"sameAs\":[\"https:\\\/\\\/www.facebook.com\\\/KeysForAutoEU\"]}]}<\/script>\n<!-- \/ Yoast SEO plugin. -->","yoast_head_json":{"title":"Zwroty i refundacje - Keys for auto","robots":{"index":"index","follow":"follow","max-snippet":"max-snippet:-1","max-image-preview":"max-image-preview:large","max-video-preview":"max-video-preview:-1"},"canonical":"https:\/\/keys-for-auto.eu\/pl\/zwroty-i-refundacje\/","og_locale":"pl_PL","og_type":"article","og_title":"Zwroty i refundacje - Keys for auto","og_description":"Zwroty towar\u00f3w wysokiej jako\u015bci W przypadku, gdy produkt nie przypadnie Ci do gustu, mo\u017cesz go zwr\u00f3ci\u0107 w ci\u0105gu 14 dni kalendarzowych od daty dostawy. Mo\u017cesz zwr\u00f3ci\u0107 tylko produkt nieu\u017cywany, nieuszkodzony i w dobrym stanie. Zwracany produkt musi by\u0107 kompletny (z nienaruszon\u0105 etykiet\u0105 i nieusuni\u0119t\u0105 foli\u0105 ochronn\u0105) i w oryginalnym opakowaniu. Zwracany produkt musi by\u0107 w [&hellip;]","og_url":"https:\/\/keys-for-auto.eu\/pl\/zwroty-i-refundacje\/","og_site_name":"Keys for auto","article_publisher":"https:\/\/www.facebook.com\/KeysForAutoEU","article_modified_time":"2023-02-22T13:12:29+00:00","twitter_card":"summary_large_image","twitter_misc":{"Szacowany czas czytania":"1 minuta"},"schema":{"@context":"https:\/\/schema.org","@graph":[{"@type":"WebPage","@id":"https:\/\/keys-for-auto.eu\/pl\/zwroty-i-refundacje\/","url":"https:\/\/keys-for-auto.eu\/pl\/zwroty-i-refundacje\/","name":"Zwroty i refundacje - Keys for auto","isPartOf":{"@id":"https:\/\/keys-for-auto.eu\/pl\/#website"},"datePublished":"2023-01-05T13:59:07+00:00","dateModified":"2023-02-22T13:12:29+00:00","breadcrumb":{"@id":"https:\/\/keys-for-auto.eu\/pl\/zwroty-i-refundacje\/#breadcrumb"},"inLanguage":"pl-PL","potentialAction":[{"@type":"ReadAction","target":["https:\/\/keys-for-auto.eu\/pl\/zwroty-i-refundacje\/"]}]},{"@type":"BreadcrumbList","@id":"https:\/\/keys-for-auto.eu\/pl\/zwroty-i-refundacje\/#breadcrumb","itemListElement":[{"@type":"ListItem","position":1,"name":"Strona g\u0142\u00f3wna","item":"https:\/\/keys-for-auto.eu\/pl\/"},{"@type":"ListItem","position":2,"name":"Zwroty i refundacje"}]},{"@type":"WebSite","@id":"https:\/\/keys-for-auto.eu\/pl\/#website","url":"https:\/\/keys-for-auto.eu\/pl\/","name":"Keys for auto","description":"Car keys,  key shells, key programming","publisher":{"@id":"https:\/\/keys-for-auto.eu\/pl\/#organization"},"potentialAction":[{"@type":"SearchAction","target":{"@type":"EntryPoint","urlTemplate":"https:\/\/keys-for-auto.eu\/pl\/?s={search_term_string}"},"query-input":{"@type":"PropertyValueSpecification","valueRequired":true,"valueName":"search_term_string"}}],"inLanguage":"pl-PL"},{"@type":"Organization","@id":"https:\/\/keys-for-auto.eu\/pl\/#organization","name":"Klucze do samochodu","url":"https:\/\/keys-for-auto.eu\/pl\/","logo":{"@type":"ImageObject","inLanguage":"pl-PL","@id":"https:\/\/keys-for-auto.eu\/pl\/#\/schema\/logo\/image\/","url":"https:\/\/keys-for-auto.eu\/wp-content\/uploads\/2022\/11\/cropped-png1.png","contentUrl":"https:\/\/keys-for-auto.eu\/wp-content\/uploads\/2022\/11\/cropped-png1.png","width":1000,"height":342,"caption":"Klucze do samochodu"},"image":{"@id":"https:\/\/keys-for-auto.eu\/pl\/#\/schema\/logo\/image\/"},"sameAs":["https:\/\/www.facebook.com\/KeysForAutoEU"]}]}},"_links":{"self":[{"href":"https:\/\/keys-for-auto.eu\/pl\/wp-json\/wp\/v2\/pages\/22873","targetHints":{"allow":["GET"]}}],"collection":[{"href":"https:\/\/keys-for-auto.eu\/pl\/wp-json\/wp\/v2\/pages"}],"about":[{"href":"https:\/\/keys-for-auto.eu\/pl\/wp-json\/wp\/v2\/types\/page"}],"author":[{"embeddable":true,"href":"https:\/\/keys-for-auto.eu\/pl\/wp-json\/wp\/v2\/users\/1"}],"replies":[{"embeddable":true,"href":"https:\/\/keys-for-auto.eu\/pl\/wp-json\/wp\/v2\/comments?post=22873"}],"version-history":[{"count":1,"href":"https:\/\/keys-for-auto.eu\/pl\/wp-json\/wp\/v2\/pages\/22873\/revisions"}],"predecessor-version":[{"id":22874,"href":"https:\/\/keys-for-auto.eu\/pl\/wp-json\/wp\/v2\/pages\/22873\/revisions\/22874"}],"wp:attachment":[{"href":"https:\/\/keys-for-auto.eu\/pl\/wp-json\/wp\/v2\/media?parent=22873"}],"curies":[{"name":"wp","href":"https:\/\/api.w.org\/{rel}","templated":true}]}}