{"id":15998,"date":"2016-04-02T07:39:09","date_gmt":"2016-04-02T07:39:09","guid":{"rendered":"https:\/\/keys-for-auto.eu\/product\/guscio-della-chiave-adatto-per-alfa-romeo-145-146-155-gtv-spider\/"},"modified":"2016-04-02T07:39:09","modified_gmt":"2016-04-02T07:39:09","slug":"key-shell-suitable-for-alfa-romeo-145-146-155-gtv-spider","status":"publish","type":"product","link":"https:\/\/keys-for-auto.eu\/it\/product\/key-shell-suitable-for-alfa-romeo-145-146-155-gtv-spider\/","title":{"rendered":"Guscio della chiave &#8211; adatto per Alfa Romeo 145 | 146 | 155 | GTV | Spider"},"content":{"rendered":"<h2><strong>Guscio della chiave &#8211; adatto per Alfa Romeo 145 | 146 | 155 | GTV | Spider<\/strong><\/h2>\n<p>Presentazione del guscio della chiave adatto ai modelli Alfa Romeo 145, 146, 155, GTV e Spider.<\/p>\n<p>Oltre a vendere gusci di chiavi e chiavi telecomandate, programmiamo chiavi per tutte le marche di auto. Lo facciamo in modo responsabile, professionale e rapido.<\/p>\n<p>Lo diciamo responsabilmente perch\u00e9 investiamo per migliorare la competenza dei nostri tecnici. Vengono formati con corsi e seminari professionali. Pertanto, se per voi \u00e8 importante che la vostra auto abbia una protezione affidabile contro i ladri (questo \u00e8 garantito dal processo di programmazione delle chiavi, con l&#8217;installazione di un transponder nel corpo della chiave stessa e di un immobilizzatore nell&#8217;auto) e che possa essere sbloccata e avviata senza problemi, contattate la nostra azienda.<\/p>\n<p>La nostra attivit\u00e0 si basa sull&#8217;idea che l&#8217;unica vera sicurezza che una persona pu\u00f2 avere in questo mondo \u00e8 un patrimonio di conoscenze, esperienze e competenze. Per questo motivo, acquisiamo competenze e conoscenze non solo per la nostra sicurezza, ma anche per la vostra. Perch\u00e9 il nostro lavoro di qualit\u00e0 nella produzione e nella programmazione delle vostre chiavi garantisce un viaggio senza intoppi.<\/p>\n<p>O forse siete interessati non solo al guscio della chiave, alle chiavi telecomandate o alla programmazione delle chiavi dell&#8217;auto presentate in questa pagina, ma anche alle schede di accensione Renault? Volete acquistarne uno nuovo o ripararne uno rotto? Siamo qui per aiutarvi: non solo vendiamo schede e ricambi, ma li ripariamo e li incolliamo alla vostra auto.<\/p>\n<h3>Produzione di chiavi<\/h3>\n<p>La produzione di chiavi \u00e8 la nostra area di specializzazione. Siamo soddisfatti del numero crescente di clienti, che dimostra che abbiamo scelto la strada giusta e che il nostro approccio responsabile al business sta dando i suoi frutti. Le chiavi dell&#8217;auto sono un nostro problema, e tutto ci\u00f2 che dovete fare \u00e8 assicurarvi di essere di buon umore durante i vostri viaggi!<\/p>\n","protected":false},"excerpt":{"rendered":"<p><strong>Adatto per auto Alfa Romeo &#8211; guscio della chiave.<\/strong><\/p>\n<p><strong><em>Adatto ai seguenti modelli:<\/em><\/strong><\/p>\n<p><em><strong>Alfa Romeo 145<\/strong><\/em><br \/>\n<em><strong>Alfa Romeo 146<\/strong><\/em><br \/>\n<em><strong>Alfa Romeo 155<\/strong><\/em><br \/>\n<em><strong>Alfa Romeo GTV<\/strong><\/em><br \/>\n<em><strong>Alfa Romeo Spider  <\/strong><\/em><\/p>\n<h3><strong>Produzione di chiavi per auto<\/strong><\/h3>\n<ul>\n<li><strong>Produzione di nuove chiavi dell&#8217;auto, programmazione delle chiavi (&#8220;binding&#8221; con l&#8217;auto)<\/strong><\/li>\n<li><strong>Eliminazione dalla memoria dell&#8217;auto di chiavi precedentemente smarrite<\/strong><\/li>\n<li><strong>Produzione della chiave di accensione in base alla serratura<\/strong><\/li>\n<li><strong>Riparazione delle chiavi dell&#8217;auto (sostituzione di pulsanti, gusci, meccanismi)<\/strong><\/li>\n<li><strong>Sblocco di emergenza dell&#8217;auto<\/strong><\/li>\n<li><strong>Scambio di chiavi, custodie per chiavi<\/strong><\/li>\n<li><strong>Arresto del software DPF \/ FAP<\/strong><\/li>\n<li><strong>Rimozione programmata dell&#8217;EGR<\/strong><\/li>\n<li><strong>Disattivazione del software dell&#8217;immobilizzatore (immo Off)<\/strong><\/li>\n<li><strong>Riparazione, clonazione e programmazione dell&#8217;unit\u00e0 di controllo del motore (ECU)<\/strong><\/li>\n<li><strong>SRS (Programmazione dell&#8217;unit\u00e0 di controllo degli airbag)<\/strong><\/li>\n<\/ul>\n<h4><strong>  articoli spediti entro 3 giorni lavorativi.*<\/strong><\/h4>\n","protected":false},"featured_media":12482,"comment_status":"open","ping_status":"closed","template":"","meta":[],"product_brand":[],"product_cat":[884,764],"product_tag":[1194,1172,1178,1182,1189],"class_list":{"0":"post-15998","1":"product","2":"type-product","3":"status-publish","4":"has-post-thumbnail","6":"product_cat-alfa-romeo-it","7":"product_cat-schlusselmuscheln-it","8":"product_tag-guscio-chiave-alfa-romeo","9":"product_tag-guscio-chiave-alfa-romeo-145","10":"product_tag-guscio-chiave-alfa-romeo-146","11":"product_tag-guscio-chiave-alfa-romeo-155","12":"product_tag-guscio-chiave-alfa-romeo-gtv","14":"first","15":"instock","16":"sale","17":"shipping-taxable","18":"purchasable","19":"product-type-simple"},"yoast_head":"<!-- This site is optimized with the Yoast SEO plugin v27.3 - https:\/\/yoast.com\/product\/yoast-seo-wordpress\/ -->\n<title>- %<\/title>\n<meta name=\"robots\" content=\"index, follow, max-snippet:-1, max-image-preview:large, max-video-preview:-1\" \/>\n<link rel=\"canonical\" href=\"https:\/\/keys-for-auto.eu\/it\/product\/key-shell-suitable-for-alfa-romeo-145-146-155-gtv-spider\/\" \/>\n<meta property=\"og:locale\" content=\"it_IT\" \/>\n<meta property=\"og:type\" content=\"article\" \/>\n<meta property=\"og:title\" content=\"- %\" \/>\n<meta property=\"og:description\" content=\"Adatto per auto Alfa Romeo - guscio della chiave. Adatto ai seguenti modelli: Alfa Romeo 145 Alfa Romeo 146 Alfa Romeo 155 Alfa Romeo GTV Alfa Romeo Spider  Produzione di chiavi per auto  Produzione di nuove chiavi dell&#039;auto, programmazione delle chiavi (&quot;binding&quot; con l&#039;auto)  Eliminazione dalla memoria dell&#039;auto di chiavi precedentemente smarrite  Produzione della chiave di accensione in base alla serratura  Riparazione delle chiavi dell&#039;auto (sostituzione di pulsanti, gusci, meccanismi)  Sblocco di emergenza dell&#039;auto  Scambio di chiavi, custodie per chiavi  Arresto del software DPF \/ FAP  Rimozione programmata dell&#039;EGR  Disattivazione del software dell&#039;immobilizzatore (immo Off)  Riparazione, clonazione e programmazione dell&#039;unit\u00e0 di controllo del motore (ECU)  SRS (Programmazione dell&#039;unit\u00e0 di controllo degli airbag)  articoli spediti entro 3 giorni lavorativi.*\" \/>\n<meta property=\"og:url\" content=\"https:\/\/keys-for-auto.eu\/it\/product\/key-shell-suitable-for-alfa-romeo-145-146-155-gtv-spider\/\" \/>\n<meta property=\"og:site_name\" content=\"Keys for auto\" \/>\n<meta property=\"article:publisher\" content=\"https:\/\/www.facebook.com\/KeysForAutoEU\" \/>\n<meta property=\"og:image\" content=\"https:\/\/keys-for-auto.eu\/wp-content\/uploads\/2022\/12\/Alfa-romeo-raudonas-500x5001-wpp1668442410930.jpg\" \/>\n\t<meta property=\"og:image:width\" content=\"500\" \/>\n\t<meta property=\"og:image:height\" content=\"500\" \/>\n\t<meta property=\"og:image:type\" content=\"image\/jpeg\" \/>\n<meta name=\"twitter:card\" content=\"summary_large_image\" \/>\n<meta name=\"twitter:label1\" content=\"Tempo di lettura stimato\" \/>\n\t<meta name=\"twitter:data1\" content=\"2 minuti\" \/>\n<script type=\"application\/ld+json\" class=\"yoast-schema-graph\">{\"@context\":\"https:\\\/\\\/schema.org\",\"@graph\":[{\"@type\":[\"WebPage\",\"ItemPage\"],\"@id\":\"https:\\\/\\\/keys-for-auto.eu\\\/it\\\/product\\\/key-shell-suitable-for-alfa-romeo-145-146-155-gtv-spider\\\/\",\"url\":\"https:\\\/\\\/keys-for-auto.eu\\\/it\\\/product\\\/key-shell-suitable-for-alfa-romeo-145-146-155-gtv-spider\\\/\",\"name\":\"- %\",\"isPartOf\":{\"@id\":\"https:\\\/\\\/keys-for-auto.eu\\\/it\\\/#website\"},\"primaryImageOfPage\":{\"@id\":\"https:\\\/\\\/keys-for-auto.eu\\\/it\\\/product\\\/key-shell-suitable-for-alfa-romeo-145-146-155-gtv-spider\\\/#primaryimage\"},\"image\":{\"@id\":\"https:\\\/\\\/keys-for-auto.eu\\\/it\\\/product\\\/key-shell-suitable-for-alfa-romeo-145-146-155-gtv-spider\\\/#primaryimage\"},\"thumbnailUrl\":\"https:\\\/\\\/keys-for-auto.eu\\\/wp-content\\\/uploads\\\/2022\\\/12\\\/Alfa-romeo-raudonas-500x5001-wpp1668442410930.jpg\",\"datePublished\":\"2016-04-02T07:39:09+00:00\",\"breadcrumb\":{\"@id\":\"https:\\\/\\\/keys-for-auto.eu\\\/it\\\/product\\\/key-shell-suitable-for-alfa-romeo-145-146-155-gtv-spider\\\/#breadcrumb\"},\"inLanguage\":\"it-IT\",\"potentialAction\":[{\"@type\":\"ReadAction\",\"target\":[\"https:\\\/\\\/keys-for-auto.eu\\\/it\\\/product\\\/key-shell-suitable-for-alfa-romeo-145-146-155-gtv-spider\\\/\"]}]},{\"@type\":\"ImageObject\",\"inLanguage\":\"it-IT\",\"@id\":\"https:\\\/\\\/keys-for-auto.eu\\\/it\\\/product\\\/key-shell-suitable-for-alfa-romeo-145-146-155-gtv-spider\\\/#primaryimage\",\"url\":\"https:\\\/\\\/keys-for-auto.eu\\\/wp-content\\\/uploads\\\/2022\\\/12\\\/Alfa-romeo-raudonas-500x5001-wpp1668442410930.jpg\",\"contentUrl\":\"https:\\\/\\\/keys-for-auto.eu\\\/wp-content\\\/uploads\\\/2022\\\/12\\\/Alfa-romeo-raudonas-500x5001-wpp1668442410930.jpg\",\"width\":500,\"height\":500},{\"@type\":\"BreadcrumbList\",\"@id\":\"https:\\\/\\\/keys-for-auto.eu\\\/it\\\/product\\\/key-shell-suitable-for-alfa-romeo-145-146-155-gtv-spider\\\/#breadcrumb\",\"itemListElement\":[{\"@type\":\"ListItem\",\"position\":1,\"name\":\"Casa\",\"item\":\"https:\\\/\\\/keys-for-auto.eu\\\/it\\\/\"},{\"@type\":\"ListItem\",\"position\":2,\"name\":\"Shop\",\"item\":\"https:\\\/\\\/keys-for-auto.eu\\\/\"},{\"@type\":\"ListItem\",\"position\":3,\"name\":\"Guscio della chiave &#8211; adatto per Alfa Romeo 145 | 146 | 155 | GTV | Spider\"}]},{\"@type\":\"WebSite\",\"@id\":\"https:\\\/\\\/keys-for-auto.eu\\\/it\\\/#website\",\"url\":\"https:\\\/\\\/keys-for-auto.eu\\\/it\\\/\",\"name\":\"Keys for auto\",\"description\":\"Car keys,  key shells, key programming\",\"publisher\":{\"@id\":\"https:\\\/\\\/keys-for-auto.eu\\\/it\\\/#organization\"},\"potentialAction\":[{\"@type\":\"SearchAction\",\"target\":{\"@type\":\"EntryPoint\",\"urlTemplate\":\"https:\\\/\\\/keys-for-auto.eu\\\/it\\\/?s={search_term_string}\"},\"query-input\":{\"@type\":\"PropertyValueSpecification\",\"valueRequired\":true,\"valueName\":\"search_term_string\"}}],\"inLanguage\":\"it-IT\"},{\"@type\":\"Organization\",\"@id\":\"https:\\\/\\\/keys-for-auto.eu\\\/it\\\/#organization\",\"name\":\"Chiavi per auto\",\"url\":\"https:\\\/\\\/keys-for-auto.eu\\\/it\\\/\",\"logo\":{\"@type\":\"ImageObject\",\"inLanguage\":\"it-IT\",\"@id\":\"https:\\\/\\\/keys-for-auto.eu\\\/it\\\/#\\\/schema\\\/logo\\\/image\\\/\",\"url\":\"https:\\\/\\\/keys-for-auto.eu\\\/wp-content\\\/uploads\\\/2022\\\/11\\\/cropped-png1.png\",\"contentUrl\":\"https:\\\/\\\/keys-for-auto.eu\\\/wp-content\\\/uploads\\\/2022\\\/11\\\/cropped-png1.png\",\"width\":1000,\"height\":342,\"caption\":\"Chiavi per auto\"},\"image\":{\"@id\":\"https:\\\/\\\/keys-for-auto.eu\\\/it\\\/#\\\/schema\\\/logo\\\/image\\\/\"},\"sameAs\":[\"https:\\\/\\\/www.facebook.com\\\/KeysForAutoEU\"]}]}<\/script>\n<!-- \/ Yoast SEO plugin. -->","yoast_head_json":{"title":"- %","robots":{"index":"index","follow":"follow","max-snippet":"max-snippet:-1","max-image-preview":"max-image-preview:large","max-video-preview":"max-video-preview:-1"},"canonical":"https:\/\/keys-for-auto.eu\/it\/product\/key-shell-suitable-for-alfa-romeo-145-146-155-gtv-spider\/","og_locale":"it_IT","og_type":"article","og_title":"- %","og_description":"Adatto per auto Alfa Romeo - guscio della chiave. Adatto ai seguenti modelli: Alfa Romeo 145 Alfa Romeo 146 Alfa Romeo 155 Alfa Romeo GTV Alfa Romeo Spider  Produzione di chiavi per auto  Produzione di nuove chiavi dell'auto, programmazione delle chiavi (\"binding\" con l'auto)  Eliminazione dalla memoria dell'auto di chiavi precedentemente smarrite  Produzione della chiave di accensione in base alla serratura  Riparazione delle chiavi dell'auto (sostituzione di pulsanti, gusci, meccanismi)  Sblocco di emergenza dell'auto  Scambio di chiavi, custodie per chiavi  Arresto del software DPF \/ FAP  Rimozione programmata dell'EGR  Disattivazione del software dell'immobilizzatore (immo Off)  Riparazione, clonazione e programmazione dell'unit\u00e0 di controllo del motore (ECU)  SRS (Programmazione dell'unit\u00e0 di controllo degli airbag)  articoli spediti entro 3 giorni lavorativi.*","og_url":"https:\/\/keys-for-auto.eu\/it\/product\/key-shell-suitable-for-alfa-romeo-145-146-155-gtv-spider\/","og_site_name":"Keys for auto","article_publisher":"https:\/\/www.facebook.com\/KeysForAutoEU","og_image":[{"width":500,"height":500,"url":"https:\/\/keys-for-auto.eu\/wp-content\/uploads\/2022\/12\/Alfa-romeo-raudonas-500x5001-wpp1668442410930.jpg","type":"image\/jpeg"}],"twitter_card":"summary_large_image","twitter_misc":{"Tempo di lettura stimato":"2 minuti"},"schema":{"@context":"https:\/\/schema.org","@graph":[{"@type":["WebPage","ItemPage"],"@id":"https:\/\/keys-for-auto.eu\/it\/product\/key-shell-suitable-for-alfa-romeo-145-146-155-gtv-spider\/","url":"https:\/\/keys-for-auto.eu\/it\/product\/key-shell-suitable-for-alfa-romeo-145-146-155-gtv-spider\/","name":"- %","isPartOf":{"@id":"https:\/\/keys-for-auto.eu\/it\/#website"},"primaryImageOfPage":{"@id":"https:\/\/keys-for-auto.eu\/it\/product\/key-shell-suitable-for-alfa-romeo-145-146-155-gtv-spider\/#primaryimage"},"image":{"@id":"https:\/\/keys-for-auto.eu\/it\/product\/key-shell-suitable-for-alfa-romeo-145-146-155-gtv-spider\/#primaryimage"},"thumbnailUrl":"https:\/\/keys-for-auto.eu\/wp-content\/uploads\/2022\/12\/Alfa-romeo-raudonas-500x5001-wpp1668442410930.jpg","datePublished":"2016-04-02T07:39:09+00:00","breadcrumb":{"@id":"https:\/\/keys-for-auto.eu\/it\/product\/key-shell-suitable-for-alfa-romeo-145-146-155-gtv-spider\/#breadcrumb"},"inLanguage":"it-IT","potentialAction":[{"@type":"ReadAction","target":["https:\/\/keys-for-auto.eu\/it\/product\/key-shell-suitable-for-alfa-romeo-145-146-155-gtv-spider\/"]}]},{"@type":"ImageObject","inLanguage":"it-IT","@id":"https:\/\/keys-for-auto.eu\/it\/product\/key-shell-suitable-for-alfa-romeo-145-146-155-gtv-spider\/#primaryimage","url":"https:\/\/keys-for-auto.eu\/wp-content\/uploads\/2022\/12\/Alfa-romeo-raudonas-500x5001-wpp1668442410930.jpg","contentUrl":"https:\/\/keys-for-auto.eu\/wp-content\/uploads\/2022\/12\/Alfa-romeo-raudonas-500x5001-wpp1668442410930.jpg","width":500,"height":500},{"@type":"BreadcrumbList","@id":"https:\/\/keys-for-auto.eu\/it\/product\/key-shell-suitable-for-alfa-romeo-145-146-155-gtv-spider\/#breadcrumb","itemListElement":[{"@type":"ListItem","position":1,"name":"Casa","item":"https:\/\/keys-for-auto.eu\/it\/"},{"@type":"ListItem","position":2,"name":"Shop","item":"https:\/\/keys-for-auto.eu\/"},{"@type":"ListItem","position":3,"name":"Guscio della chiave &#8211; adatto per Alfa Romeo 145 | 146 | 155 | GTV | Spider"}]},{"@type":"WebSite","@id":"https:\/\/keys-for-auto.eu\/it\/#website","url":"https:\/\/keys-for-auto.eu\/it\/","name":"Keys for auto","description":"Car keys,  key shells, key programming","publisher":{"@id":"https:\/\/keys-for-auto.eu\/it\/#organization"},"potentialAction":[{"@type":"SearchAction","target":{"@type":"EntryPoint","urlTemplate":"https:\/\/keys-for-auto.eu\/it\/?s={search_term_string}"},"query-input":{"@type":"PropertyValueSpecification","valueRequired":true,"valueName":"search_term_string"}}],"inLanguage":"it-IT"},{"@type":"Organization","@id":"https:\/\/keys-for-auto.eu\/it\/#organization","name":"Chiavi per auto","url":"https:\/\/keys-for-auto.eu\/it\/","logo":{"@type":"ImageObject","inLanguage":"it-IT","@id":"https:\/\/keys-for-auto.eu\/it\/#\/schema\/logo\/image\/","url":"https:\/\/keys-for-auto.eu\/wp-content\/uploads\/2022\/11\/cropped-png1.png","contentUrl":"https:\/\/keys-for-auto.eu\/wp-content\/uploads\/2022\/11\/cropped-png1.png","width":1000,"height":342,"caption":"Chiavi per auto"},"image":{"@id":"https:\/\/keys-for-auto.eu\/it\/#\/schema\/logo\/image\/"},"sameAs":["https:\/\/www.facebook.com\/KeysForAutoEU"]}]}},"_links":{"self":[{"href":"https:\/\/keys-for-auto.eu\/it\/wp-json\/wp\/v2\/product\/15998","targetHints":{"allow":["GET"]}}],"collection":[{"href":"https:\/\/keys-for-auto.eu\/it\/wp-json\/wp\/v2\/product"}],"about":[{"href":"https:\/\/keys-for-auto.eu\/it\/wp-json\/wp\/v2\/types\/product"}],"replies":[{"embeddable":true,"href":"https:\/\/keys-for-auto.eu\/it\/wp-json\/wp\/v2\/comments?post=15998"}],"wp:featuredmedia":[{"embeddable":true,"href":"https:\/\/keys-for-auto.eu\/it\/wp-json\/wp\/v2\/media\/12482"}],"wp:attachment":[{"href":"https:\/\/keys-for-auto.eu\/it\/wp-json\/wp\/v2\/media?parent=15998"}],"wp:term":[{"taxonomy":"product_brand","embeddable":true,"href":"https:\/\/keys-for-auto.eu\/it\/wp-json\/wp\/v2\/product_brand?post=15998"},{"taxonomy":"product_cat","embeddable":true,"href":"https:\/\/keys-for-auto.eu\/it\/wp-json\/wp\/v2\/product_cat?post=15998"},{"taxonomy":"product_tag","embeddable":true,"href":"https:\/\/keys-for-auto.eu\/it\/wp-json\/wp\/v2\/product_tag?post=15998"}],"curies":[{"name":"wp","href":"https:\/\/api.w.org\/{rel}","templated":true}]}}