{"id":15748,"date":"2016-04-02T10:33:55","date_gmt":"2016-04-02T10:33:55","guid":{"rendered":"https:\/\/keys-for-auto.eu\/product\/guscio-del-telecomando-a-tre-pulsanti-adatto-a-volvo-s40-v40-s70-c70-v70\/"},"modified":"2023-02-12T14:12:24","modified_gmt":"2023-02-12T14:12:24","slug":"three-button-remote-control-shell-suitable-for-volvo-s40-v40-s70-c70-v70","status":"publish","type":"product","link":"https:\/\/keys-for-auto.eu\/it\/product\/three-button-remote-control-shell-suitable-for-volvo-s40-v40-s70-c70-v70\/","title":{"rendered":"Guscio del telecomando a tre pulsanti &#8211; adatto a Volvo S40 | V40 | S70 | C70 | V70"},"content":{"rendered":"<p><strong>Adatto per: Volvo S40, V40, S70, C70, V70 &#8211; Guscio del telecomando a tre pulsanti<\/strong><\/p>\n<p><strong>Vi presentiamo il guscio del telecomando a tre pulsanti di Volvo S40, V40, S70, C70, V70.<\/strong><\/p>\n<p>I gusci delle chiavi non sono per sempre. Pertanto, se l&#8217;alloggiamento della chiave Volvo \u00e8 usurato o rotto, ve ne offriamo uno nuovo. Non vendiamo solo custodie per chiavi, ma anche chiavi con telecomando. Programmiamo anche le chiavi. Questi servizi stanno diventando sempre pi\u00f9 popolari. Molte auto moderne vengono sbloccate\/bloccate e avviate utilizzando un&#8217;attrezzatura speciale. Per questo motivo abbiamo bisogno di specialisti in grado di programmare le chiavi.<\/p>\n<p>Programmiamo le chiavi. I vostri costi di viaggio saranno ripagati grazie ai nostri prezzi vantaggiosi e al nostro servizio professionale. Vi invitiamo inoltre a dare un&#8217;occhiata al nostro altro settore di attivit\u00e0: la riparazione e la programmazione delle schede di accensione Renault. Vendiamo anche nuovi alloggiamenti per schede di accensione Renault. Ottenete tutti i beni e i servizi di cui avete bisogno in un unico posto, presso la nostra sede centrale.<\/p>\n<p>La programmazione delle chiavi dell&#8217;auto \u00e8 un settore in cui potete contare su di noi! La produzione di chiavi \u00e8 un campo competitivo in cui solo i pi\u00f9 forti sopravvivono. Non esitate quindi ad affidarci la programmazione delle chiavi della vostra auto. Chiavi dell&#8217;auto e custodie per chiavi dell&#8217;auto: offriamo una gamma completa di servizi e prodotti essenziali per gli automobilisti.<\/p>\n<p>Forniamo anche un servizio di sblocco auto d&#8217;emergenza. A volte ci sono giorni neri in cui le cose vanno male. Le chiavi dell&#8217;auto si inceppano per sbaglio o per qualche altro motivo non si riesce a entrare. Forse la batteria \u00e8 scarica e il telecomando non risponde? Oppure la serratura della porta non funziona e non avete altro modo per entrare in macchina? In tutti questi casi, ci recheremo presso la vostra sede e sbloccheremo la vostra auto in modo sicuro.<\/p>\n<p>I nostri specialisti utilizzano attrezzature speciali per eseguire lo sblocco d&#8217;emergenza dell&#8217;auto. Pertanto, questa operazione viene eseguita senza danneggiare l&#8217;auto. Contattateci se avete bisogno di uno sblocco auto d&#8217;emergenza rapido ed efficiente.<\/p>\n","protected":false},"excerpt":{"rendered":"<p><em><strong>Adatto per:<br \/>\nVolvo S40<br \/>\nVolvo V40<br \/>\nVolvo S70<br \/>\nVolvo C70<br \/>\nVolvo V70<\/strong><\/em><\/p>\n<h3><strong>Produzione di chiavi per auto<\/strong><\/h3>\n<ul>\n<li><strong>Produzione di nuove chiavi dell&#8217;auto, programmazione delle chiavi (&#8220;binding&#8221; con l&#8217;auto)<\/strong><\/li>\n<li><strong>Eliminazione dalla memoria dell&#8217;auto di chiavi precedentemente smarrite<\/strong><\/li>\n<li><strong>Produzione della chiave di accensione in base alla serratura<\/strong><\/li>\n<li><strong>Riparazione delle chiavi dell&#8217;auto (sostituzione di pulsanti, gusci, meccanismi)<\/strong><\/li>\n<li><strong>Sblocco di emergenza dell&#8217;auto<\/strong><\/li>\n<li><strong>Scambio di chiavi, custodie per chiavi<\/strong><\/li>\n<li><strong>Arresto del software DPF \/ FAP<\/strong><\/li>\n<li><strong>Rimozione programmata dell&#8217;EGR<\/strong><\/li>\n<li><strong>Disattivazione del software dell&#8217;immobilizzatore (immo Off)<\/strong><\/li>\n<li><strong>Riparazione, clonazione e programmazione dell&#8217;unit\u00e0 di controllo del motore (ECU)<\/strong><\/li>\n<li><strong>SRS (Programmazione dell&#8217;unit\u00e0 di controllo degli airbag)<\/strong><\/li>\n<\/ul>\n<div class=\"woocommerce-product-details__short-description\">\n<h4><strong>  articoli spediti entro 3 giorni lavorativi.*<\/strong><\/h4>\n<\/div>\n<form class=\"cart\" action=\"https:\/\/keys-for-auto.eu\/product\/smart-key-shell-suitable-for-audi-a3-a4-s4-a5-three-buttons\/\" enctype=\"multipart\/form-data\" method=\"post\"><\/form>\n","protected":false},"featured_media":14042,"comment_status":"open","ping_status":"closed","template":"","meta":[],"product_brand":[],"product_cat":[764,777],"product_tag":[2003,2032,2004,2033,2006,2028],"class_list":{"0":"post-15748","1":"product","2":"type-product","3":"status-publish","4":"has-post-thumbnail","6":"product_cat-schlusselmuscheln-it","7":"product_cat-volvo-it","8":"product_tag-guscio-remoto-volvo","9":"product_tag-volvo-c70-telecomando-a-guscio","10":"product_tag-volvo-s40-guscio-remoto","11":"product_tag-volvo-s70-guscio-remoto","12":"product_tag-volvo-v40-guscio-remoto","13":"product_tag-volvo-v70-guscio-remoto","15":"first","16":"instock","17":"sale","18":"shipping-taxable","19":"purchasable","20":"product-type-simple"},"yoast_head":"<!-- This site is optimized with the Yoast SEO plugin v27.3 - https:\/\/yoast.com\/product\/yoast-seo-wordpress\/ -->\n<title>- %<\/title>\n<meta name=\"robots\" content=\"index, follow, max-snippet:-1, max-image-preview:large, max-video-preview:-1\" \/>\n<link rel=\"canonical\" href=\"https:\/\/keys-for-auto.eu\/it\/product\/three-button-remote-control-shell-suitable-for-volvo-s40-v40-s70-c70-v70\/\" \/>\n<meta property=\"og:locale\" content=\"it_IT\" \/>\n<meta property=\"og:type\" content=\"article\" \/>\n<meta property=\"og:title\" content=\"- %\" \/>\n<meta property=\"og:description\" content=\"Adatto per: Volvo S40 Volvo V40 Volvo S70 Volvo C70 Volvo V70 Produzione di chiavi per auto  Produzione di nuove chiavi dell&#039;auto, programmazione delle chiavi (&quot;binding&quot; con l&#039;auto)  Eliminazione dalla memoria dell&#039;auto di chiavi precedentemente smarrite  Produzione della chiave di accensione in base alla serratura  Riparazione delle chiavi dell&#039;auto (sostituzione di pulsanti, gusci, meccanismi)  Sblocco di emergenza dell&#039;auto  Scambio di chiavi, custodie per chiavi  Arresto del software DPF \/ FAP  Rimozione programmata dell&#039;EGR  Disattivazione del software dell&#039;immobilizzatore (immo Off)  Riparazione, clonazione e programmazione dell&#039;unit\u00e0 di controllo del motore (ECU)  SRS (Programmazione dell&#039;unit\u00e0 di controllo degli airbag)   articoli spediti entro 3 giorni lavorativi.*\" \/>\n<meta property=\"og:url\" content=\"https:\/\/keys-for-auto.eu\/it\/product\/three-button-remote-control-shell-suitable-for-volvo-s40-v40-s70-c70-v70\/\" \/>\n<meta property=\"og:site_name\" content=\"Keys for auto\" \/>\n<meta property=\"article:publisher\" content=\"https:\/\/www.facebook.com\/KeysForAutoEU\" \/>\n<meta property=\"article:modified_time\" content=\"2023-02-12T14:12:24+00:00\" \/>\n<meta property=\"og:image\" content=\"https:\/\/keys-for-auto.eu\/wp-content\/uploads\/2022\/12\/VOLVO-S40-V40-S70-C70-V70-3-mygtuku-pultelis-500x5001__1_-removebg-preview.png\" \/>\n\t<meta property=\"og:image:width\" content=\"500\" \/>\n\t<meta property=\"og:image:height\" content=\"500\" \/>\n\t<meta property=\"og:image:type\" content=\"image\/png\" \/>\n<meta name=\"twitter:card\" content=\"summary_large_image\" \/>\n<meta name=\"twitter:label1\" content=\"Tempo di lettura stimato\" \/>\n\t<meta name=\"twitter:data1\" content=\"2 minuti\" \/>\n<script type=\"application\/ld+json\" class=\"yoast-schema-graph\">{\"@context\":\"https:\\\/\\\/schema.org\",\"@graph\":[{\"@type\":[\"WebPage\",\"ItemPage\"],\"@id\":\"https:\\\/\\\/keys-for-auto.eu\\\/it\\\/product\\\/three-button-remote-control-shell-suitable-for-volvo-s40-v40-s70-c70-v70\\\/\",\"url\":\"https:\\\/\\\/keys-for-auto.eu\\\/it\\\/product\\\/three-button-remote-control-shell-suitable-for-volvo-s40-v40-s70-c70-v70\\\/\",\"name\":\"- %\",\"isPartOf\":{\"@id\":\"https:\\\/\\\/keys-for-auto.eu\\\/it\\\/#website\"},\"primaryImageOfPage\":{\"@id\":\"https:\\\/\\\/keys-for-auto.eu\\\/it\\\/product\\\/three-button-remote-control-shell-suitable-for-volvo-s40-v40-s70-c70-v70\\\/#primaryimage\"},\"image\":{\"@id\":\"https:\\\/\\\/keys-for-auto.eu\\\/it\\\/product\\\/three-button-remote-control-shell-suitable-for-volvo-s40-v40-s70-c70-v70\\\/#primaryimage\"},\"thumbnailUrl\":\"https:\\\/\\\/keys-for-auto.eu\\\/wp-content\\\/uploads\\\/2022\\\/12\\\/VOLVO-S40-V40-S70-C70-V70-3-mygtuku-pultelis-500x5001__1_-removebg-preview.png\",\"datePublished\":\"2016-04-02T10:33:55+00:00\",\"dateModified\":\"2023-02-12T14:12:24+00:00\",\"breadcrumb\":{\"@id\":\"https:\\\/\\\/keys-for-auto.eu\\\/it\\\/product\\\/three-button-remote-control-shell-suitable-for-volvo-s40-v40-s70-c70-v70\\\/#breadcrumb\"},\"inLanguage\":\"it-IT\",\"potentialAction\":[{\"@type\":\"ReadAction\",\"target\":[\"https:\\\/\\\/keys-for-auto.eu\\\/it\\\/product\\\/three-button-remote-control-shell-suitable-for-volvo-s40-v40-s70-c70-v70\\\/\"]}]},{\"@type\":\"ImageObject\",\"inLanguage\":\"it-IT\",\"@id\":\"https:\\\/\\\/keys-for-auto.eu\\\/it\\\/product\\\/three-button-remote-control-shell-suitable-for-volvo-s40-v40-s70-c70-v70\\\/#primaryimage\",\"url\":\"https:\\\/\\\/keys-for-auto.eu\\\/wp-content\\\/uploads\\\/2022\\\/12\\\/VOLVO-S40-V40-S70-C70-V70-3-mygtuku-pultelis-500x5001__1_-removebg-preview.png\",\"contentUrl\":\"https:\\\/\\\/keys-for-auto.eu\\\/wp-content\\\/uploads\\\/2022\\\/12\\\/VOLVO-S40-V40-S70-C70-V70-3-mygtuku-pultelis-500x5001__1_-removebg-preview.png\",\"width\":500,\"height\":500},{\"@type\":\"BreadcrumbList\",\"@id\":\"https:\\\/\\\/keys-for-auto.eu\\\/it\\\/product\\\/three-button-remote-control-shell-suitable-for-volvo-s40-v40-s70-c70-v70\\\/#breadcrumb\",\"itemListElement\":[{\"@type\":\"ListItem\",\"position\":1,\"name\":\"Casa\",\"item\":\"https:\\\/\\\/keys-for-auto.eu\\\/it\\\/\"},{\"@type\":\"ListItem\",\"position\":2,\"name\":\"Shop\",\"item\":\"https:\\\/\\\/keys-for-auto.eu\\\/\"},{\"@type\":\"ListItem\",\"position\":3,\"name\":\"Guscio del telecomando a tre pulsanti &#8211; adatto a Volvo S40 | V40 | S70 | C70 | V70\"}]},{\"@type\":\"WebSite\",\"@id\":\"https:\\\/\\\/keys-for-auto.eu\\\/it\\\/#website\",\"url\":\"https:\\\/\\\/keys-for-auto.eu\\\/it\\\/\",\"name\":\"Keys for auto\",\"description\":\"Car keys,  key shells, key programming\",\"publisher\":{\"@id\":\"https:\\\/\\\/keys-for-auto.eu\\\/it\\\/#organization\"},\"potentialAction\":[{\"@type\":\"SearchAction\",\"target\":{\"@type\":\"EntryPoint\",\"urlTemplate\":\"https:\\\/\\\/keys-for-auto.eu\\\/it\\\/?s={search_term_string}\"},\"query-input\":{\"@type\":\"PropertyValueSpecification\",\"valueRequired\":true,\"valueName\":\"search_term_string\"}}],\"inLanguage\":\"it-IT\"},{\"@type\":\"Organization\",\"@id\":\"https:\\\/\\\/keys-for-auto.eu\\\/it\\\/#organization\",\"name\":\"Chiavi per auto\",\"url\":\"https:\\\/\\\/keys-for-auto.eu\\\/it\\\/\",\"logo\":{\"@type\":\"ImageObject\",\"inLanguage\":\"it-IT\",\"@id\":\"https:\\\/\\\/keys-for-auto.eu\\\/it\\\/#\\\/schema\\\/logo\\\/image\\\/\",\"url\":\"https:\\\/\\\/keys-for-auto.eu\\\/wp-content\\\/uploads\\\/2022\\\/11\\\/cropped-png1.png\",\"contentUrl\":\"https:\\\/\\\/keys-for-auto.eu\\\/wp-content\\\/uploads\\\/2022\\\/11\\\/cropped-png1.png\",\"width\":1000,\"height\":342,\"caption\":\"Chiavi per auto\"},\"image\":{\"@id\":\"https:\\\/\\\/keys-for-auto.eu\\\/it\\\/#\\\/schema\\\/logo\\\/image\\\/\"},\"sameAs\":[\"https:\\\/\\\/www.facebook.com\\\/KeysForAutoEU\"]}]}<\/script>\n<!-- \/ Yoast SEO plugin. -->","yoast_head_json":{"title":"- %","robots":{"index":"index","follow":"follow","max-snippet":"max-snippet:-1","max-image-preview":"max-image-preview:large","max-video-preview":"max-video-preview:-1"},"canonical":"https:\/\/keys-for-auto.eu\/it\/product\/three-button-remote-control-shell-suitable-for-volvo-s40-v40-s70-c70-v70\/","og_locale":"it_IT","og_type":"article","og_title":"- %","og_description":"Adatto per: Volvo S40 Volvo V40 Volvo S70 Volvo C70 Volvo V70 Produzione di chiavi per auto  Produzione di nuove chiavi dell'auto, programmazione delle chiavi (\"binding\" con l'auto)  Eliminazione dalla memoria dell'auto di chiavi precedentemente smarrite  Produzione della chiave di accensione in base alla serratura  Riparazione delle chiavi dell'auto (sostituzione di pulsanti, gusci, meccanismi)  Sblocco di emergenza dell'auto  Scambio di chiavi, custodie per chiavi  Arresto del software DPF \/ FAP  Rimozione programmata dell'EGR  Disattivazione del software dell'immobilizzatore (immo Off)  Riparazione, clonazione e programmazione dell'unit\u00e0 di controllo del motore (ECU)  SRS (Programmazione dell'unit\u00e0 di controllo degli airbag)   articoli spediti entro 3 giorni lavorativi.*","og_url":"https:\/\/keys-for-auto.eu\/it\/product\/three-button-remote-control-shell-suitable-for-volvo-s40-v40-s70-c70-v70\/","og_site_name":"Keys for auto","article_publisher":"https:\/\/www.facebook.com\/KeysForAutoEU","article_modified_time":"2023-02-12T14:12:24+00:00","og_image":[{"width":500,"height":500,"url":"https:\/\/keys-for-auto.eu\/wp-content\/uploads\/2022\/12\/VOLVO-S40-V40-S70-C70-V70-3-mygtuku-pultelis-500x5001__1_-removebg-preview.png","type":"image\/png"}],"twitter_card":"summary_large_image","twitter_misc":{"Tempo di lettura stimato":"2 minuti"},"schema":{"@context":"https:\/\/schema.org","@graph":[{"@type":["WebPage","ItemPage"],"@id":"https:\/\/keys-for-auto.eu\/it\/product\/three-button-remote-control-shell-suitable-for-volvo-s40-v40-s70-c70-v70\/","url":"https:\/\/keys-for-auto.eu\/it\/product\/three-button-remote-control-shell-suitable-for-volvo-s40-v40-s70-c70-v70\/","name":"- %","isPartOf":{"@id":"https:\/\/keys-for-auto.eu\/it\/#website"},"primaryImageOfPage":{"@id":"https:\/\/keys-for-auto.eu\/it\/product\/three-button-remote-control-shell-suitable-for-volvo-s40-v40-s70-c70-v70\/#primaryimage"},"image":{"@id":"https:\/\/keys-for-auto.eu\/it\/product\/three-button-remote-control-shell-suitable-for-volvo-s40-v40-s70-c70-v70\/#primaryimage"},"thumbnailUrl":"https:\/\/keys-for-auto.eu\/wp-content\/uploads\/2022\/12\/VOLVO-S40-V40-S70-C70-V70-3-mygtuku-pultelis-500x5001__1_-removebg-preview.png","datePublished":"2016-04-02T10:33:55+00:00","dateModified":"2023-02-12T14:12:24+00:00","breadcrumb":{"@id":"https:\/\/keys-for-auto.eu\/it\/product\/three-button-remote-control-shell-suitable-for-volvo-s40-v40-s70-c70-v70\/#breadcrumb"},"inLanguage":"it-IT","potentialAction":[{"@type":"ReadAction","target":["https:\/\/keys-for-auto.eu\/it\/product\/three-button-remote-control-shell-suitable-for-volvo-s40-v40-s70-c70-v70\/"]}]},{"@type":"ImageObject","inLanguage":"it-IT","@id":"https:\/\/keys-for-auto.eu\/it\/product\/three-button-remote-control-shell-suitable-for-volvo-s40-v40-s70-c70-v70\/#primaryimage","url":"https:\/\/keys-for-auto.eu\/wp-content\/uploads\/2022\/12\/VOLVO-S40-V40-S70-C70-V70-3-mygtuku-pultelis-500x5001__1_-removebg-preview.png","contentUrl":"https:\/\/keys-for-auto.eu\/wp-content\/uploads\/2022\/12\/VOLVO-S40-V40-S70-C70-V70-3-mygtuku-pultelis-500x5001__1_-removebg-preview.png","width":500,"height":500},{"@type":"BreadcrumbList","@id":"https:\/\/keys-for-auto.eu\/it\/product\/three-button-remote-control-shell-suitable-for-volvo-s40-v40-s70-c70-v70\/#breadcrumb","itemListElement":[{"@type":"ListItem","position":1,"name":"Casa","item":"https:\/\/keys-for-auto.eu\/it\/"},{"@type":"ListItem","position":2,"name":"Shop","item":"https:\/\/keys-for-auto.eu\/"},{"@type":"ListItem","position":3,"name":"Guscio del telecomando a tre pulsanti &#8211; adatto a Volvo S40 | V40 | S70 | C70 | V70"}]},{"@type":"WebSite","@id":"https:\/\/keys-for-auto.eu\/it\/#website","url":"https:\/\/keys-for-auto.eu\/it\/","name":"Keys for auto","description":"Car keys,  key shells, key programming","publisher":{"@id":"https:\/\/keys-for-auto.eu\/it\/#organization"},"potentialAction":[{"@type":"SearchAction","target":{"@type":"EntryPoint","urlTemplate":"https:\/\/keys-for-auto.eu\/it\/?s={search_term_string}"},"query-input":{"@type":"PropertyValueSpecification","valueRequired":true,"valueName":"search_term_string"}}],"inLanguage":"it-IT"},{"@type":"Organization","@id":"https:\/\/keys-for-auto.eu\/it\/#organization","name":"Chiavi per auto","url":"https:\/\/keys-for-auto.eu\/it\/","logo":{"@type":"ImageObject","inLanguage":"it-IT","@id":"https:\/\/keys-for-auto.eu\/it\/#\/schema\/logo\/image\/","url":"https:\/\/keys-for-auto.eu\/wp-content\/uploads\/2022\/11\/cropped-png1.png","contentUrl":"https:\/\/keys-for-auto.eu\/wp-content\/uploads\/2022\/11\/cropped-png1.png","width":1000,"height":342,"caption":"Chiavi per auto"},"image":{"@id":"https:\/\/keys-for-auto.eu\/it\/#\/schema\/logo\/image\/"},"sameAs":["https:\/\/www.facebook.com\/KeysForAutoEU"]}]}},"_links":{"self":[{"href":"https:\/\/keys-for-auto.eu\/it\/wp-json\/wp\/v2\/product\/15748","targetHints":{"allow":["GET"]}}],"collection":[{"href":"https:\/\/keys-for-auto.eu\/it\/wp-json\/wp\/v2\/product"}],"about":[{"href":"https:\/\/keys-for-auto.eu\/it\/wp-json\/wp\/v2\/types\/product"}],"replies":[{"embeddable":true,"href":"https:\/\/keys-for-auto.eu\/it\/wp-json\/wp\/v2\/comments?post=15748"}],"wp:featuredmedia":[{"embeddable":true,"href":"https:\/\/keys-for-auto.eu\/it\/wp-json\/wp\/v2\/media\/14042"}],"wp:attachment":[{"href":"https:\/\/keys-for-auto.eu\/it\/wp-json\/wp\/v2\/media?parent=15748"}],"wp:term":[{"taxonomy":"product_brand","embeddable":true,"href":"https:\/\/keys-for-auto.eu\/it\/wp-json\/wp\/v2\/product_brand?post=15748"},{"taxonomy":"product_cat","embeddable":true,"href":"https:\/\/keys-for-auto.eu\/it\/wp-json\/wp\/v2\/product_cat?post=15748"},{"taxonomy":"product_tag","embeddable":true,"href":"https:\/\/keys-for-auto.eu\/it\/wp-json\/wp\/v2\/product_tag?post=15748"}],"curies":[{"name":"wp","href":"https:\/\/api.w.org\/{rel}","templated":true}]}}