{"id":15694,"date":"2016-04-02T18:54:11","date_gmt":"2016-04-02T18:54:11","guid":{"rendered":"https:\/\/keys-for-auto.eu\/product\/chiave-telecomando-adatta-per-audi-a2-a3-a4-a6-a8-2-3-pulsanti\/"},"modified":"2016-04-02T18:54:11","modified_gmt":"2016-04-02T18:54:11","slug":"remote-control-key-suitable-for-audi-a2-a3-a4-a6-a8-2-3-buttons","status":"publish","type":"product","link":"https:\/\/keys-for-auto.eu\/it\/product\/remote-control-key-suitable-for-audi-a2-a3-a4-a6-a8-2-3-buttons\/","title":{"rendered":"Chiave telecomando &#8211; adatta per Audi A2 | A3 | A4 | A6 | A8, (2\/3 pulsanti)"},"content":{"rendered":"<h2><strong>Chiave adatta alle auto Audi, telecomando<\/strong><\/h2>\n<p>Chiave Audi, telecomando e transponder, adatto per A2, A3, A4, A6, A8. Al momento dell&#8217;ordine, specificare il numero di pulsanti e il numero di serie. Funzioni dei pulsanti: sblocco, blocco, apertura del bagagliaio o (chiave a 2 pulsanti): sblocco e blocco. Se avete bisogno di una chiave con telecomando per la vostra Audi, ordinatela subito nel nostro negozio online! Il transponder in dotazione garantisce la sicurezza della vostra auto Audi, in quanto \u00e8 progettato per identificare il proprietario dell&#8217;auto e fornisce una protezione aggiuntiva contro le derive.<\/p>\n<p>O forse \u00e8 arrivato il momento di programmare le chiavi della vostra Audi? Sappiamo che la programmazione delle chiavi dell&#8217;auto \u00e8 essenziale per garantire la sicurezza del vostro veicolo a quattro ruote. Programmiamo chiavi da anni e siamo sicuri della qualit\u00e0 del nostro lavoro. La nostra base di clienti \u00e8 in crescita e sempre pi\u00f9 persone ci affidano la sicurezza della loro auto. Affidateci la programmazione delle chiavi della vostra Audi e non dovrete pi\u00f9 preoccuparvi della sicurezza della vostra auto. Programmiamo le vostre chiavi. Tuttavia, spediamo gli ordini dal nostro negozio online (se avete intenzione di acquistare chiavi telecomandate o una custodia per chiavi) per posta raccomandata in tutta la Lituania.<\/p>\n<p>La programmazione delle chiavi dell&#8217;auto \u00e8 la nostra specializzazione. Possiamo dire con certezza che offriamo servizi e prodotti di qualit\u00e0 per la vostra Audi o per altre auto. Se visitate il nostro negozio online, troverete prezzi competitivi per la programmazione delle chiavi dell&#8217;auto, un servizio piacevole e rapido e un&#8217;ampia gamma di servizi. La produzione di chiavi \u00e8 un&#8217;attivit\u00e0 che richiede responsabilit\u00e0, professionalit\u00e0 e tecnologie all&#8217;avanguardia. Abbiamo unito queste qualit\u00e0 per dotare la vostra auto della tecnologia pi\u00f9 avanzata (immobilizzatori, transponder e chiavi programmate dalla nostra azienda) e garantire cos\u00ec la sicurezza della vostra auto.<\/p>\n<p>Il credo del team di http:\/\/raktai-automobiliams.lt \u00e8: lavorare per garantire la sicurezza di voi e dei vostri cari quando viaggiate in auto e assicurare che i prodotti e i servizi che vendiamo siano in linea con la moderna tecnologia automobilistica, alleggerendo l&#8217;onere del conducente.<\/p>\n<p>Visitate il nostro sito web 24 ore su 24 e 7 giorni su 7 e rimarrete piacevolmente sorpresi dalla qualit\u00e0 e dalla rapidit\u00e0 del nostro servizio e dai nostri prezzi vantaggiosi!<\/p>\n","protected":false},"excerpt":{"rendered":"<p><strong>Chiavi adatte alle auto Audi, con telecomando e transponder, per:<\/strong><\/p>\n<p><strong>Modelli A2, A3, A4, A6, A8.<\/strong><\/p>\n<p><strong>4D0 837 231 K 433Mhz<\/strong><\/p>\n<p><strong>Adatto per: <\/strong><br \/>\n<strong>2002 &#8211; 2005 A6<\/strong><br \/>\n<strong>2002 &#8211; 2005 A6 Allroad<\/strong><br \/>\n<strong>2003 &#8211; 2006 RS6<\/strong><br \/>\n<strong>2003 &#8211; 2006 TT<\/strong><\/p>\n<p><strong>4D0 837 231 N o 4D0 837 231 A<\/strong><\/p>\n<p><strong>Adatto per:<\/strong><br \/>\n<strong>1999 &#8211; 2003 A3<\/strong><br \/>\n<strong>1998 &#8211; 2002 TT<\/strong><br \/>\n<strong>1999 &#8211; 2001 A4 \/ A4 Quattro<\/strong><br \/>\n<strong>1998 &#8211; 2004 A6 \/ A6 Quattro<\/strong><br \/>\n<strong>2000 &#8211; 2005 A6 Allroad<\/strong><br \/>\n<strong>1997 &#8211; 2003 A8 \/ A8 Quattro<\/strong><br \/>\n<strong>2000 &#8211; 2002 RS4<\/strong><\/p>\n<p><strong>Al momento dell&#8217;ordine, specificare il numero di pulsanti e il numero di serie.<\/strong><\/p>\n<h3><strong>Produzione di chiavi per auto<\/strong><\/h3>\n<ul>\n<li><strong>Produzione di nuove chiavi dell&#8217;auto, programmazione delle chiavi (&#8220;binding&#8221; con l&#8217;auto)<\/strong><\/li>\n<li><strong>Eliminazione dalla memoria dell&#8217;auto di chiavi precedentemente smarrite<\/strong><\/li>\n<li><strong>Produzione della chiave di accensione in base alla serratura<\/strong><\/li>\n<li><strong>Riparazione delle chiavi dell&#8217;auto (sostituzione di pulsanti, gusci, meccanismi)<\/strong><\/li>\n<li><strong>Sblocco di emergenza dell&#8217;auto<\/strong><\/li>\n<li><strong>Scambio di chiavi, custodie per chiavi<\/strong><\/li>\n<li><strong>Arresto del software DPF \/ FAP<\/strong><\/li>\n<li><strong>Rimozione programmata dell&#8217;EGR<\/strong><\/li>\n<li><strong>Disattivazione del software dell&#8217;immobilizzatore (immo Off)<\/strong><\/li>\n<li><strong>Riparazione, clonazione e programmazione dell&#8217;unit\u00e0 di controllo del motore (ECU)<\/strong><\/li>\n<li><strong>SRS (Programmazione dell&#8217;unit\u00e0 di controllo degli airbag)<\/strong><\/li>\n<\/ul>\n<h4><strong>  articoli spediti entro 3 giorni lavorativi.*<\/strong><\/h4>\n","protected":false},"featured_media":12597,"comment_status":"open","ping_status":"closed","template":"","meta":[],"product_brand":[],"product_cat":[861,747],"product_tag":[862,1531,1535,1366,1367,1539],"class_list":{"0":"post-15694","1":"product","2":"type-product","3":"status-publish","4":"has-post-thumbnail","6":"product_cat-audi-it","7":"product_cat-tasti-del-telecomando","8":"product_tag-chiave-audi","9":"product_tag-chiave-audi-a2","10":"product_tag-chiave-audi-a3","11":"product_tag-chiave-audi-a4","12":"product_tag-chiave-audi-a6","13":"product_tag-chiave-audi-a8","15":"first","16":"instock","17":"shipping-taxable","18":"purchasable","19":"product-type-simple"},"yoast_head":"<!-- This site is optimized with the Yoast SEO plugin v27.3 - https:\/\/yoast.com\/product\/yoast-seo-wordpress\/ -->\n<title>- %<\/title>\n<meta name=\"robots\" content=\"index, follow, max-snippet:-1, max-image-preview:large, max-video-preview:-1\" \/>\n<link rel=\"canonical\" href=\"https:\/\/keys-for-auto.eu\/it\/product\/remote-control-key-suitable-for-audi-a2-a3-a4-a6-a8-2-3-buttons\/\" \/>\n<meta property=\"og:locale\" content=\"it_IT\" \/>\n<meta property=\"og:type\" content=\"article\" \/>\n<meta property=\"og:title\" content=\"- %\" \/>\n<meta property=\"og:description\" content=\"Chiavi adatte alle auto Audi, con telecomando e transponder, per: Modelli A2, A3, A4, A6, A8. 4D0 837 231 K 433Mhz Adatto per: 2002 - 2005 A6 2002 - 2005 A6 Allroad 2003 - 2006 RS6 2003 - 2006 TT 4D0 837 231 N o 4D0 837 231 A Adatto per: 1999 - 2003 A3 1998 - 2002 TT 1999 - 2001 A4 \/ A4 Quattro 1998 - 2004 A6 \/ A6 Quattro 2000 - 2005 A6 Allroad 1997 - 2003 A8 \/ A8 Quattro 2000 - 2002 RS4 Al momento dell&#039;ordine, specificare il numero di pulsanti e il numero di serie. Produzione di chiavi per auto  Produzione di nuove chiavi dell&#039;auto, programmazione delle chiavi (&quot;binding&quot; con l&#039;auto)  Eliminazione dalla memoria dell&#039;auto di chiavi precedentemente smarrite  Produzione della chiave di accensione in base alla serratura  Riparazione delle chiavi dell&#039;auto (sostituzione di pulsanti, gusci, meccanismi)  Sblocco di emergenza dell&#039;auto  Scambio di chiavi, custodie per chiavi  Arresto del software DPF \/ FAP  Rimozione programmata dell&#039;EGR  Disattivazione del software dell&#039;immobilizzatore (immo Off)  Riparazione, clonazione e programmazione dell&#039;unit\u00e0 di controllo del motore (ECU)  SRS (Programmazione dell&#039;unit\u00e0 di controllo degli airbag)  articoli spediti entro 3 giorni lavorativi.*\" \/>\n<meta property=\"og:url\" content=\"https:\/\/keys-for-auto.eu\/it\/product\/remote-control-key-suitable-for-audi-a2-a3-a4-a6-a8-2-3-buttons\/\" \/>\n<meta property=\"og:site_name\" content=\"Keys for auto\" \/>\n<meta property=\"article:publisher\" content=\"https:\/\/www.facebook.com\/KeysForAutoEU\" \/>\n<meta property=\"og:image\" content=\"https:\/\/i0.wp.com\/keys-for-auto.eu\/wp-content\/uploads\/2022\/12\/Audi-A2-A3-A4-A6-A8-3-mygtuku-500x5002-wpp1665154203566-removebg-preview.png?fit=500%2C500&ssl=1\" \/>\n\t<meta property=\"og:image:width\" content=\"500\" \/>\n\t<meta property=\"og:image:height\" content=\"500\" \/>\n\t<meta property=\"og:image:type\" content=\"image\/png\" \/>\n<meta name=\"twitter:card\" content=\"summary_large_image\" \/>\n<meta name=\"twitter:label1\" content=\"Tempo di lettura stimato\" \/>\n\t<meta name=\"twitter:data1\" content=\"2 minuti\" \/>\n<script type=\"application\/ld+json\" class=\"yoast-schema-graph\">{\"@context\":\"https:\\\/\\\/schema.org\",\"@graph\":[{\"@type\":[\"WebPage\",\"ItemPage\"],\"@id\":\"https:\\\/\\\/keys-for-auto.eu\\\/it\\\/product\\\/remote-control-key-suitable-for-audi-a2-a3-a4-a6-a8-2-3-buttons\\\/\",\"url\":\"https:\\\/\\\/keys-for-auto.eu\\\/it\\\/product\\\/remote-control-key-suitable-for-audi-a2-a3-a4-a6-a8-2-3-buttons\\\/\",\"name\":\"- %\",\"isPartOf\":{\"@id\":\"https:\\\/\\\/keys-for-auto.eu\\\/it\\\/#website\"},\"primaryImageOfPage\":{\"@id\":\"https:\\\/\\\/keys-for-auto.eu\\\/it\\\/product\\\/remote-control-key-suitable-for-audi-a2-a3-a4-a6-a8-2-3-buttons\\\/#primaryimage\"},\"image\":{\"@id\":\"https:\\\/\\\/keys-for-auto.eu\\\/it\\\/product\\\/remote-control-key-suitable-for-audi-a2-a3-a4-a6-a8-2-3-buttons\\\/#primaryimage\"},\"thumbnailUrl\":\"https:\\\/\\\/keys-for-auto.eu\\\/wp-content\\\/uploads\\\/2022\\\/12\\\/Audi-A2-A3-A4-A6-A8-3-mygtuku-500x5002-wpp1665154203566-removebg-preview.png\",\"datePublished\":\"2016-04-02T18:54:11+00:00\",\"breadcrumb\":{\"@id\":\"https:\\\/\\\/keys-for-auto.eu\\\/it\\\/product\\\/remote-control-key-suitable-for-audi-a2-a3-a4-a6-a8-2-3-buttons\\\/#breadcrumb\"},\"inLanguage\":\"it-IT\",\"potentialAction\":[{\"@type\":\"ReadAction\",\"target\":[\"https:\\\/\\\/keys-for-auto.eu\\\/it\\\/product\\\/remote-control-key-suitable-for-audi-a2-a3-a4-a6-a8-2-3-buttons\\\/\"]}]},{\"@type\":\"ImageObject\",\"inLanguage\":\"it-IT\",\"@id\":\"https:\\\/\\\/keys-for-auto.eu\\\/it\\\/product\\\/remote-control-key-suitable-for-audi-a2-a3-a4-a6-a8-2-3-buttons\\\/#primaryimage\",\"url\":\"https:\\\/\\\/keys-for-auto.eu\\\/wp-content\\\/uploads\\\/2022\\\/12\\\/Audi-A2-A3-A4-A6-A8-3-mygtuku-500x5002-wpp1665154203566-removebg-preview.png\",\"contentUrl\":\"https:\\\/\\\/keys-for-auto.eu\\\/wp-content\\\/uploads\\\/2022\\\/12\\\/Audi-A2-A3-A4-A6-A8-3-mygtuku-500x5002-wpp1665154203566-removebg-preview.png\",\"width\":500,\"height\":500},{\"@type\":\"BreadcrumbList\",\"@id\":\"https:\\\/\\\/keys-for-auto.eu\\\/it\\\/product\\\/remote-control-key-suitable-for-audi-a2-a3-a4-a6-a8-2-3-buttons\\\/#breadcrumb\",\"itemListElement\":[{\"@type\":\"ListItem\",\"position\":1,\"name\":\"Casa\",\"item\":\"https:\\\/\\\/keys-for-auto.eu\\\/it\\\/\"},{\"@type\":\"ListItem\",\"position\":2,\"name\":\"Shop\",\"item\":\"https:\\\/\\\/keys-for-auto.eu\\\/\"},{\"@type\":\"ListItem\",\"position\":3,\"name\":\"Chiave telecomando &#8211; adatta per Audi A2 | A3 | A4 | A6 | A8, (2\\\/3 pulsanti)\"}]},{\"@type\":\"WebSite\",\"@id\":\"https:\\\/\\\/keys-for-auto.eu\\\/it\\\/#website\",\"url\":\"https:\\\/\\\/keys-for-auto.eu\\\/it\\\/\",\"name\":\"Keys for auto\",\"description\":\"Car keys,  key shells, key programming\",\"publisher\":{\"@id\":\"https:\\\/\\\/keys-for-auto.eu\\\/it\\\/#organization\"},\"potentialAction\":[{\"@type\":\"SearchAction\",\"target\":{\"@type\":\"EntryPoint\",\"urlTemplate\":\"https:\\\/\\\/keys-for-auto.eu\\\/it\\\/?s={search_term_string}\"},\"query-input\":{\"@type\":\"PropertyValueSpecification\",\"valueRequired\":true,\"valueName\":\"search_term_string\"}}],\"inLanguage\":\"it-IT\"},{\"@type\":\"Organization\",\"@id\":\"https:\\\/\\\/keys-for-auto.eu\\\/it\\\/#organization\",\"name\":\"Chiavi per auto\",\"url\":\"https:\\\/\\\/keys-for-auto.eu\\\/it\\\/\",\"logo\":{\"@type\":\"ImageObject\",\"inLanguage\":\"it-IT\",\"@id\":\"https:\\\/\\\/keys-for-auto.eu\\\/it\\\/#\\\/schema\\\/logo\\\/image\\\/\",\"url\":\"https:\\\/\\\/keys-for-auto.eu\\\/wp-content\\\/uploads\\\/2022\\\/11\\\/cropped-png1.png\",\"contentUrl\":\"https:\\\/\\\/keys-for-auto.eu\\\/wp-content\\\/uploads\\\/2022\\\/11\\\/cropped-png1.png\",\"width\":1000,\"height\":342,\"caption\":\"Chiavi per auto\"},\"image\":{\"@id\":\"https:\\\/\\\/keys-for-auto.eu\\\/it\\\/#\\\/schema\\\/logo\\\/image\\\/\"},\"sameAs\":[\"https:\\\/\\\/www.facebook.com\\\/KeysForAutoEU\"]}]}<\/script>\n<!-- \/ Yoast SEO plugin. -->","yoast_head_json":{"title":"- %","robots":{"index":"index","follow":"follow","max-snippet":"max-snippet:-1","max-image-preview":"max-image-preview:large","max-video-preview":"max-video-preview:-1"},"canonical":"https:\/\/keys-for-auto.eu\/it\/product\/remote-control-key-suitable-for-audi-a2-a3-a4-a6-a8-2-3-buttons\/","og_locale":"it_IT","og_type":"article","og_title":"- %","og_description":"Chiavi adatte alle auto Audi, con telecomando e transponder, per: Modelli A2, A3, A4, A6, A8. 4D0 837 231 K 433Mhz Adatto per: 2002 - 2005 A6 2002 - 2005 A6 Allroad 2003 - 2006 RS6 2003 - 2006 TT 4D0 837 231 N o 4D0 837 231 A Adatto per: 1999 - 2003 A3 1998 - 2002 TT 1999 - 2001 A4 \/ A4 Quattro 1998 - 2004 A6 \/ A6 Quattro 2000 - 2005 A6 Allroad 1997 - 2003 A8 \/ A8 Quattro 2000 - 2002 RS4 Al momento dell'ordine, specificare il numero di pulsanti e il numero di serie. Produzione di chiavi per auto  Produzione di nuove chiavi dell'auto, programmazione delle chiavi (\"binding\" con l'auto)  Eliminazione dalla memoria dell'auto di chiavi precedentemente smarrite  Produzione della chiave di accensione in base alla serratura  Riparazione delle chiavi dell'auto (sostituzione di pulsanti, gusci, meccanismi)  Sblocco di emergenza dell'auto  Scambio di chiavi, custodie per chiavi  Arresto del software DPF \/ FAP  Rimozione programmata dell'EGR  Disattivazione del software dell'immobilizzatore (immo Off)  Riparazione, clonazione e programmazione dell'unit\u00e0 di controllo del motore (ECU)  SRS (Programmazione dell'unit\u00e0 di controllo degli airbag)  articoli spediti entro 3 giorni lavorativi.*","og_url":"https:\/\/keys-for-auto.eu\/it\/product\/remote-control-key-suitable-for-audi-a2-a3-a4-a6-a8-2-3-buttons\/","og_site_name":"Keys for auto","article_publisher":"https:\/\/www.facebook.com\/KeysForAutoEU","og_image":[{"width":500,"height":500,"url":"https:\/\/i0.wp.com\/keys-for-auto.eu\/wp-content\/uploads\/2022\/12\/Audi-A2-A3-A4-A6-A8-3-mygtuku-500x5002-wpp1665154203566-removebg-preview.png?fit=500%2C500&ssl=1","type":"image\/png"}],"twitter_card":"summary_large_image","twitter_misc":{"Tempo di lettura stimato":"2 minuti"},"schema":{"@context":"https:\/\/schema.org","@graph":[{"@type":["WebPage","ItemPage"],"@id":"https:\/\/keys-for-auto.eu\/it\/product\/remote-control-key-suitable-for-audi-a2-a3-a4-a6-a8-2-3-buttons\/","url":"https:\/\/keys-for-auto.eu\/it\/product\/remote-control-key-suitable-for-audi-a2-a3-a4-a6-a8-2-3-buttons\/","name":"- %","isPartOf":{"@id":"https:\/\/keys-for-auto.eu\/it\/#website"},"primaryImageOfPage":{"@id":"https:\/\/keys-for-auto.eu\/it\/product\/remote-control-key-suitable-for-audi-a2-a3-a4-a6-a8-2-3-buttons\/#primaryimage"},"image":{"@id":"https:\/\/keys-for-auto.eu\/it\/product\/remote-control-key-suitable-for-audi-a2-a3-a4-a6-a8-2-3-buttons\/#primaryimage"},"thumbnailUrl":"https:\/\/keys-for-auto.eu\/wp-content\/uploads\/2022\/12\/Audi-A2-A3-A4-A6-A8-3-mygtuku-500x5002-wpp1665154203566-removebg-preview.png","datePublished":"2016-04-02T18:54:11+00:00","breadcrumb":{"@id":"https:\/\/keys-for-auto.eu\/it\/product\/remote-control-key-suitable-for-audi-a2-a3-a4-a6-a8-2-3-buttons\/#breadcrumb"},"inLanguage":"it-IT","potentialAction":[{"@type":"ReadAction","target":["https:\/\/keys-for-auto.eu\/it\/product\/remote-control-key-suitable-for-audi-a2-a3-a4-a6-a8-2-3-buttons\/"]}]},{"@type":"ImageObject","inLanguage":"it-IT","@id":"https:\/\/keys-for-auto.eu\/it\/product\/remote-control-key-suitable-for-audi-a2-a3-a4-a6-a8-2-3-buttons\/#primaryimage","url":"https:\/\/keys-for-auto.eu\/wp-content\/uploads\/2022\/12\/Audi-A2-A3-A4-A6-A8-3-mygtuku-500x5002-wpp1665154203566-removebg-preview.png","contentUrl":"https:\/\/keys-for-auto.eu\/wp-content\/uploads\/2022\/12\/Audi-A2-A3-A4-A6-A8-3-mygtuku-500x5002-wpp1665154203566-removebg-preview.png","width":500,"height":500},{"@type":"BreadcrumbList","@id":"https:\/\/keys-for-auto.eu\/it\/product\/remote-control-key-suitable-for-audi-a2-a3-a4-a6-a8-2-3-buttons\/#breadcrumb","itemListElement":[{"@type":"ListItem","position":1,"name":"Casa","item":"https:\/\/keys-for-auto.eu\/it\/"},{"@type":"ListItem","position":2,"name":"Shop","item":"https:\/\/keys-for-auto.eu\/"},{"@type":"ListItem","position":3,"name":"Chiave telecomando &#8211; adatta per Audi A2 | A3 | A4 | A6 | A8, (2\/3 pulsanti)"}]},{"@type":"WebSite","@id":"https:\/\/keys-for-auto.eu\/it\/#website","url":"https:\/\/keys-for-auto.eu\/it\/","name":"Keys for auto","description":"Car keys,  key shells, key programming","publisher":{"@id":"https:\/\/keys-for-auto.eu\/it\/#organization"},"potentialAction":[{"@type":"SearchAction","target":{"@type":"EntryPoint","urlTemplate":"https:\/\/keys-for-auto.eu\/it\/?s={search_term_string}"},"query-input":{"@type":"PropertyValueSpecification","valueRequired":true,"valueName":"search_term_string"}}],"inLanguage":"it-IT"},{"@type":"Organization","@id":"https:\/\/keys-for-auto.eu\/it\/#organization","name":"Chiavi per auto","url":"https:\/\/keys-for-auto.eu\/it\/","logo":{"@type":"ImageObject","inLanguage":"it-IT","@id":"https:\/\/keys-for-auto.eu\/it\/#\/schema\/logo\/image\/","url":"https:\/\/keys-for-auto.eu\/wp-content\/uploads\/2022\/11\/cropped-png1.png","contentUrl":"https:\/\/keys-for-auto.eu\/wp-content\/uploads\/2022\/11\/cropped-png1.png","width":1000,"height":342,"caption":"Chiavi per auto"},"image":{"@id":"https:\/\/keys-for-auto.eu\/it\/#\/schema\/logo\/image\/"},"sameAs":["https:\/\/www.facebook.com\/KeysForAutoEU"]}]}},"_links":{"self":[{"href":"https:\/\/keys-for-auto.eu\/it\/wp-json\/wp\/v2\/product\/15694","targetHints":{"allow":["GET"]}}],"collection":[{"href":"https:\/\/keys-for-auto.eu\/it\/wp-json\/wp\/v2\/product"}],"about":[{"href":"https:\/\/keys-for-auto.eu\/it\/wp-json\/wp\/v2\/types\/product"}],"replies":[{"embeddable":true,"href":"https:\/\/keys-for-auto.eu\/it\/wp-json\/wp\/v2\/comments?post=15694"}],"wp:featuredmedia":[{"embeddable":true,"href":"https:\/\/keys-for-auto.eu\/it\/wp-json\/wp\/v2\/media\/12597"}],"wp:attachment":[{"href":"https:\/\/keys-for-auto.eu\/it\/wp-json\/wp\/v2\/media?parent=15694"}],"wp:term":[{"taxonomy":"product_brand","embeddable":true,"href":"https:\/\/keys-for-auto.eu\/it\/wp-json\/wp\/v2\/product_brand?post=15694"},{"taxonomy":"product_cat","embeddable":true,"href":"https:\/\/keys-for-auto.eu\/it\/wp-json\/wp\/v2\/product_cat?post=15694"},{"taxonomy":"product_tag","embeddable":true,"href":"https:\/\/keys-for-auto.eu\/it\/wp-json\/wp\/v2\/product_tag?post=15694"}],"curies":[{"name":"wp","href":"https:\/\/api.w.org\/{rel}","templated":true}]}}