{"id":15652,"date":"2016-04-02T19:16:21","date_gmt":"2016-04-02T19:16:21","guid":{"rendered":"https:\/\/keys-for-auto.eu\/product\/telecomando-adatto-per-ford-fairmont-falcon-fairlane\/"},"modified":"2016-04-02T19:16:21","modified_gmt":"2016-04-02T19:16:21","slug":"telecomando-idoneo-per-ford-fairmont-falcon-fairlane","status":"publish","type":"product","link":"https:\/\/keys-for-auto.eu\/it\/product\/telecomando-idoneo-per-ford-fairmont-falcon-fairlane\/","title":{"rendered":"Telecomando &#8211; adatto per Ford Fairmont | Falcon | Fairlane"},"content":{"rendered":"<h2><strong>Telecomando &#8211; adatto per Ford Fairmont | Falcon | Fairlane<\/strong><\/h2>\n<p>Vi presentiamo il telecomando per Ford. \u00c8 progettato per i modelli Fairmont, Falcon e Fairlane. Al momento dell&#8217;ordine, specificare il numero di pulsanti e la frequenza.<\/p>\n<p>Vendiamo chiavi telecomandate e custodie per chiavi per auto. Programmiamo anche le chiavi. La programmazione delle chiavi \u00e8 consigliata a tutti gli automobilisti che si preoccupano della sicurezza della propria auto. I furti d&#8217;auto sono in aumento. \u00c8 quindi importante dotare il veicolo di qualcosa di pi\u00f9 di un semplice sistema di allarme. \u00c8 inoltre necessario che le chiavi siano legate all&#8217;auto, cio\u00e8 programmate.<\/p>\n<p>L&#8217;installazione di sistemi adeguati elimina la possibilit\u00e0 di furti a cielo aperto. Per furto si intende il tentativo di rubare un&#8217;autovettura sottraendo le chiavi. Grazie ai meccanismi installati durante la programmazione, solo il proprietario dell&#8217;auto pu\u00f2 sbloccarla. Se le chiavi vengono sottratte, l&#8217;aspirante ladro non sar\u00e0 in grado di farlo. Ecco perch\u00e9 programmare le chiavi dell&#8217;auto \u00e8 cos\u00ec importante. \u00c8 inoltre consigliabile creare un duplicato della chiave programmata. Altrimenti, se si perdono le chiavi, non si potr\u00e0 entrare nell&#8217;auto. Dovrete chiamare i tecnici. Un duplicato pu\u00f2 aiutarvi a evitare questo problema.<\/p>\n<p>Tasti di programmazione . La nostra azienda impiega solo tecnici esperti. Vi forniranno tutti i servizi necessari per far partire la vostra auto senza problemi. Contattateci e vi aiuteremo! La vostra Ford merita il giusto approccio alla sicurezza. Aumentate il livello di sicurezza ordinando la programmazione delle chiavi.<\/p>\n<h2>Programmazione delle chiavi dell&#8217;auto<\/h2>\n<p>La programmazione delle chiavi dell&#8217;auto \u00e8 un processo complesso e responsabile. Ecco perch\u00e9 vale la pena affidare questo lavoro a dei professionisti. La nostra azienda lavora in questo campo da molti anni. Siamo orgogliosi della nostra esperienza, ma non smettiamo di migliorare. Introduciamo costantemente innovazioni tecnologiche e miglioriamo le qualifiche dei nostri artigiani.<\/p>\n<p>Si dice che il viaggio di mille passi inizia con il primo. Il viaggio in auto inizia con lo sblocco e l&#8217;avviamento dell&#8217;auto. Assicuratevi che ogni viaggio si svolga senza intoppi. La produzione di chiavi \u00e8 un settore competitivo. Ma ci sentiamo sicuri, grazie alla nostra base di clienti in continua crescita. Questo ci dimostra che stiamo andando nella direzione giusta. Le chiavi per auto stanno migliorando. E non siamo fermi. Contattateci subito!<\/p>\n","protected":false},"excerpt":{"rendered":"<p><em><strong>Adatto per Ford, &#8211; telecomando, specificare il numero di tasti e la frequenza al momento dell&#8217;ordine.  <\/strong><\/em><\/p>\n<h3><strong>Produzione di chiavi per auto<\/strong><\/h3>\n<ul>\n<li><strong>Produzione di nuove chiavi dell&#8217;auto, programmazione delle chiavi (&#8220;binding&#8221; con l&#8217;auto)<\/strong><\/li>\n<li><strong>Eliminazione dalla memoria dell&#8217;auto di chiavi precedentemente smarrite<\/strong><\/li>\n<li><strong>Produzione della chiave di accensione in base alla serratura<\/strong><\/li>\n<li><strong>Riparazione delle chiavi dell&#8217;auto (sostituzione di pulsanti, gusci, meccanismi)<\/strong><\/li>\n<li><strong>Sblocco di emergenza dell&#8217;auto<\/strong><\/li>\n<li><strong>Scambio di chiavi, custodie per chiavi<\/strong><\/li>\n<li><strong>Arresto del software DPF \/ FAP<\/strong><\/li>\n<li><strong>Rimozione programmata dell&#8217;EGR<\/strong><\/li>\n<li><strong>Disattivazione del software dell&#8217;immobilizzatore (immo Off)<\/strong><\/li>\n<li><strong>Riparazione, clonazione e programmazione dell&#8217;unit\u00e0 di controllo del motore (ECU)<\/strong><\/li>\n<li><strong>SRS (Programmazione dell&#8217;unit\u00e0 di controllo degli airbag)<\/strong><\/li>\n<\/ul>\n<h4><strong>  articoli spediti entro 3 giorni lavorativi.*<\/strong><\/h4>\n","protected":false},"featured_media":13197,"comment_status":"open","ping_status":"closed","template":"","meta":[],"product_brand":[],"product_cat":[942,747],"product_tag":[1452,1451,1448,1449,1450],"class_list":{"0":"post-15652","1":"product","2":"type-product","3":"status-publish","4":"has-post-thumbnail","6":"product_cat-ford-it","7":"product_cat-tasti-del-telecomando","8":"product_tag-chiave-ford","9":"product_tag-telecomando-ford","10":"product_tag-telecomando-ford-fairlane","11":"product_tag-telecomando-ford-fairmont","12":"product_tag-telecomando-ford-falcon","14":"first","15":"instock","16":"shipping-taxable","17":"purchasable","18":"product-type-simple"},"yoast_head":"<!-- This site is optimized with the Yoast SEO plugin v27.6 - https:\/\/yoast.com\/product\/yoast-seo-wordpress\/ -->\n<title>- %<\/title>\n<meta name=\"robots\" content=\"index, follow, max-snippet:-1, max-image-preview:large, max-video-preview:-1\" \/>\n<link rel=\"canonical\" href=\"https:\/\/keys-for-auto.eu\/it\/product\/telecomando-idoneo-per-ford-fairmont-falcon-fairlane\/\" \/>\n<meta property=\"og:locale\" content=\"it_IT\" \/>\n<meta property=\"og:type\" content=\"article\" \/>\n<meta property=\"og:title\" content=\"- %\" \/>\n<meta property=\"og:description\" content=\"Adatto per Ford, - telecomando, specificare il numero di tasti e la frequenza al momento dell&#039;ordine.  Produzione di chiavi per auto  Produzione di nuove chiavi dell&#039;auto, programmazione delle chiavi (&quot;binding&quot; con l&#039;auto)  Eliminazione dalla memoria dell&#039;auto di chiavi precedentemente smarrite  Produzione della chiave di accensione in base alla serratura  Riparazione delle chiavi dell&#039;auto (sostituzione di pulsanti, gusci, meccanismi)  Sblocco di emergenza dell&#039;auto  Scambio di chiavi, custodie per chiavi  Arresto del software DPF \/ FAP  Rimozione programmata dell&#039;EGR  Disattivazione del software dell&#039;immobilizzatore (immo Off)  Riparazione, clonazione e programmazione dell&#039;unit\u00e0 di controllo del motore (ECU)  SRS (Programmazione dell&#039;unit\u00e0 di controllo degli airbag)  articoli spediti entro 3 giorni lavorativi.*\" \/>\n<meta property=\"og:url\" content=\"https:\/\/keys-for-auto.eu\/it\/product\/telecomando-idoneo-per-ford-fairmont-falcon-fairlane\/\" \/>\n<meta property=\"og:site_name\" content=\"Keys for auto\" \/>\n<meta property=\"article:publisher\" content=\"https:\/\/www.facebook.com\/KeysForAutoEU\" \/>\n<meta property=\"og:image\" content=\"https:\/\/i0.wp.com\/keys-for-auto.eu\/wp-content\/uploads\/2022\/12\/Ford-pultas-500x5001-removebg-preview.png?fit=500%2C500&ssl=1\" \/>\n\t<meta property=\"og:image:width\" content=\"500\" \/>\n\t<meta property=\"og:image:height\" content=\"500\" \/>\n\t<meta property=\"og:image:type\" content=\"image\/png\" \/>\n<meta name=\"twitter:card\" content=\"summary_large_image\" \/>\n<meta name=\"twitter:label1\" content=\"Tempo di lettura stimato\" \/>\n\t<meta name=\"twitter:data1\" content=\"2 minuti\" \/>\n<script type=\"application\/ld+json\" class=\"yoast-schema-graph\">{\"@context\":\"https:\\\/\\\/schema.org\",\"@graph\":[{\"@type\":[\"WebPage\",\"ItemPage\"],\"@id\":\"https:\\\/\\\/keys-for-auto.eu\\\/it\\\/product\\\/telecomando-idoneo-per-ford-fairmont-falcon-fairlane\\\/\",\"url\":\"https:\\\/\\\/keys-for-auto.eu\\\/it\\\/product\\\/telecomando-idoneo-per-ford-fairmont-falcon-fairlane\\\/\",\"name\":\"- %\",\"isPartOf\":{\"@id\":\"https:\\\/\\\/keys-for-auto.eu\\\/it\\\/#website\"},\"primaryImageOfPage\":{\"@id\":\"https:\\\/\\\/keys-for-auto.eu\\\/it\\\/product\\\/telecomando-idoneo-per-ford-fairmont-falcon-fairlane\\\/#primaryimage\"},\"image\":{\"@id\":\"https:\\\/\\\/keys-for-auto.eu\\\/it\\\/product\\\/telecomando-idoneo-per-ford-fairmont-falcon-fairlane\\\/#primaryimage\"},\"thumbnailUrl\":\"https:\\\/\\\/keys-for-auto.eu\\\/wp-content\\\/uploads\\\/2022\\\/12\\\/Ford-pultas-500x5001-removebg-preview.png\",\"datePublished\":\"2016-04-02T19:16:21+00:00\",\"breadcrumb\":{\"@id\":\"https:\\\/\\\/keys-for-auto.eu\\\/it\\\/product\\\/telecomando-idoneo-per-ford-fairmont-falcon-fairlane\\\/#breadcrumb\"},\"inLanguage\":\"it-IT\",\"potentialAction\":[{\"@type\":\"ReadAction\",\"target\":[\"https:\\\/\\\/keys-for-auto.eu\\\/it\\\/product\\\/telecomando-idoneo-per-ford-fairmont-falcon-fairlane\\\/\"]}]},{\"@type\":\"ImageObject\",\"inLanguage\":\"it-IT\",\"@id\":\"https:\\\/\\\/keys-for-auto.eu\\\/it\\\/product\\\/telecomando-idoneo-per-ford-fairmont-falcon-fairlane\\\/#primaryimage\",\"url\":\"https:\\\/\\\/keys-for-auto.eu\\\/wp-content\\\/uploads\\\/2022\\\/12\\\/Ford-pultas-500x5001-removebg-preview.png\",\"contentUrl\":\"https:\\\/\\\/keys-for-auto.eu\\\/wp-content\\\/uploads\\\/2022\\\/12\\\/Ford-pultas-500x5001-removebg-preview.png\",\"width\":500,\"height\":500},{\"@type\":\"BreadcrumbList\",\"@id\":\"https:\\\/\\\/keys-for-auto.eu\\\/it\\\/product\\\/telecomando-idoneo-per-ford-fairmont-falcon-fairlane\\\/#breadcrumb\",\"itemListElement\":[{\"@type\":\"ListItem\",\"position\":1,\"name\":\"Casa\",\"item\":\"https:\\\/\\\/keys-for-auto.eu\\\/it\\\/\"},{\"@type\":\"ListItem\",\"position\":2,\"name\":\"Shop\",\"item\":\"https:\\\/\\\/keys-for-auto.eu\\\/\"},{\"@type\":\"ListItem\",\"position\":3,\"name\":\"Telecomando &#8211; adatto per Ford Fairmont | Falcon | Fairlane\"}]},{\"@type\":\"WebSite\",\"@id\":\"https:\\\/\\\/keys-for-auto.eu\\\/it\\\/#website\",\"url\":\"https:\\\/\\\/keys-for-auto.eu\\\/it\\\/\",\"name\":\"Keys for auto\",\"description\":\"Car keys,  key shells, key programming\",\"publisher\":{\"@id\":\"https:\\\/\\\/keys-for-auto.eu\\\/it\\\/#organization\"},\"potentialAction\":[{\"@type\":\"SearchAction\",\"target\":{\"@type\":\"EntryPoint\",\"urlTemplate\":\"https:\\\/\\\/keys-for-auto.eu\\\/it\\\/?s={search_term_string}\"},\"query-input\":{\"@type\":\"PropertyValueSpecification\",\"valueRequired\":true,\"valueName\":\"search_term_string\"}}],\"inLanguage\":\"it-IT\"},{\"@type\":\"Organization\",\"@id\":\"https:\\\/\\\/keys-for-auto.eu\\\/it\\\/#organization\",\"name\":\"Chiavi per auto\",\"url\":\"https:\\\/\\\/keys-for-auto.eu\\\/it\\\/\",\"logo\":{\"@type\":\"ImageObject\",\"inLanguage\":\"it-IT\",\"@id\":\"https:\\\/\\\/keys-for-auto.eu\\\/it\\\/#\\\/schema\\\/logo\\\/image\\\/\",\"url\":\"https:\\\/\\\/keys-for-auto.eu\\\/wp-content\\\/uploads\\\/2022\\\/11\\\/cropped-png1.png\",\"contentUrl\":\"https:\\\/\\\/keys-for-auto.eu\\\/wp-content\\\/uploads\\\/2022\\\/11\\\/cropped-png1.png\",\"width\":1000,\"height\":342,\"caption\":\"Chiavi per auto\"},\"image\":{\"@id\":\"https:\\\/\\\/keys-for-auto.eu\\\/it\\\/#\\\/schema\\\/logo\\\/image\\\/\"},\"sameAs\":[\"https:\\\/\\\/www.facebook.com\\\/KeysForAutoEU\"]}]}<\/script>\n<!-- \/ Yoast SEO plugin. -->","yoast_head_json":{"title":"- %","robots":{"index":"index","follow":"follow","max-snippet":"max-snippet:-1","max-image-preview":"max-image-preview:large","max-video-preview":"max-video-preview:-1"},"canonical":"https:\/\/keys-for-auto.eu\/it\/product\/telecomando-idoneo-per-ford-fairmont-falcon-fairlane\/","og_locale":"it_IT","og_type":"article","og_title":"- %","og_description":"Adatto per Ford, - telecomando, specificare il numero di tasti e la frequenza al momento dell'ordine.  Produzione di chiavi per auto  Produzione di nuove chiavi dell'auto, programmazione delle chiavi (\"binding\" con l'auto)  Eliminazione dalla memoria dell'auto di chiavi precedentemente smarrite  Produzione della chiave di accensione in base alla serratura  Riparazione delle chiavi dell'auto (sostituzione di pulsanti, gusci, meccanismi)  Sblocco di emergenza dell'auto  Scambio di chiavi, custodie per chiavi  Arresto del software DPF \/ FAP  Rimozione programmata dell'EGR  Disattivazione del software dell'immobilizzatore (immo Off)  Riparazione, clonazione e programmazione dell'unit\u00e0 di controllo del motore (ECU)  SRS (Programmazione dell'unit\u00e0 di controllo degli airbag)  articoli spediti entro 3 giorni lavorativi.*","og_url":"https:\/\/keys-for-auto.eu\/it\/product\/telecomando-idoneo-per-ford-fairmont-falcon-fairlane\/","og_site_name":"Keys for auto","article_publisher":"https:\/\/www.facebook.com\/KeysForAutoEU","og_image":[{"width":500,"height":500,"url":"https:\/\/i0.wp.com\/keys-for-auto.eu\/wp-content\/uploads\/2022\/12\/Ford-pultas-500x5001-removebg-preview.png?fit=500%2C500&ssl=1","type":"image\/png"}],"twitter_card":"summary_large_image","twitter_misc":{"Tempo di lettura stimato":"2 minuti"},"schema":{"@context":"https:\/\/schema.org","@graph":[{"@type":["WebPage","ItemPage"],"@id":"https:\/\/keys-for-auto.eu\/it\/product\/telecomando-idoneo-per-ford-fairmont-falcon-fairlane\/","url":"https:\/\/keys-for-auto.eu\/it\/product\/telecomando-idoneo-per-ford-fairmont-falcon-fairlane\/","name":"- %","isPartOf":{"@id":"https:\/\/keys-for-auto.eu\/it\/#website"},"primaryImageOfPage":{"@id":"https:\/\/keys-for-auto.eu\/it\/product\/telecomando-idoneo-per-ford-fairmont-falcon-fairlane\/#primaryimage"},"image":{"@id":"https:\/\/keys-for-auto.eu\/it\/product\/telecomando-idoneo-per-ford-fairmont-falcon-fairlane\/#primaryimage"},"thumbnailUrl":"https:\/\/keys-for-auto.eu\/wp-content\/uploads\/2022\/12\/Ford-pultas-500x5001-removebg-preview.png","datePublished":"2016-04-02T19:16:21+00:00","breadcrumb":{"@id":"https:\/\/keys-for-auto.eu\/it\/product\/telecomando-idoneo-per-ford-fairmont-falcon-fairlane\/#breadcrumb"},"inLanguage":"it-IT","potentialAction":[{"@type":"ReadAction","target":["https:\/\/keys-for-auto.eu\/it\/product\/telecomando-idoneo-per-ford-fairmont-falcon-fairlane\/"]}]},{"@type":"ImageObject","inLanguage":"it-IT","@id":"https:\/\/keys-for-auto.eu\/it\/product\/telecomando-idoneo-per-ford-fairmont-falcon-fairlane\/#primaryimage","url":"https:\/\/keys-for-auto.eu\/wp-content\/uploads\/2022\/12\/Ford-pultas-500x5001-removebg-preview.png","contentUrl":"https:\/\/keys-for-auto.eu\/wp-content\/uploads\/2022\/12\/Ford-pultas-500x5001-removebg-preview.png","width":500,"height":500},{"@type":"BreadcrumbList","@id":"https:\/\/keys-for-auto.eu\/it\/product\/telecomando-idoneo-per-ford-fairmont-falcon-fairlane\/#breadcrumb","itemListElement":[{"@type":"ListItem","position":1,"name":"Casa","item":"https:\/\/keys-for-auto.eu\/it\/"},{"@type":"ListItem","position":2,"name":"Shop","item":"https:\/\/keys-for-auto.eu\/"},{"@type":"ListItem","position":3,"name":"Telecomando &#8211; adatto per Ford Fairmont | Falcon | Fairlane"}]},{"@type":"WebSite","@id":"https:\/\/keys-for-auto.eu\/it\/#website","url":"https:\/\/keys-for-auto.eu\/it\/","name":"Keys for auto","description":"Car keys,  key shells, key programming","publisher":{"@id":"https:\/\/keys-for-auto.eu\/it\/#organization"},"potentialAction":[{"@type":"SearchAction","target":{"@type":"EntryPoint","urlTemplate":"https:\/\/keys-for-auto.eu\/it\/?s={search_term_string}"},"query-input":{"@type":"PropertyValueSpecification","valueRequired":true,"valueName":"search_term_string"}}],"inLanguage":"it-IT"},{"@type":"Organization","@id":"https:\/\/keys-for-auto.eu\/it\/#organization","name":"Chiavi per auto","url":"https:\/\/keys-for-auto.eu\/it\/","logo":{"@type":"ImageObject","inLanguage":"it-IT","@id":"https:\/\/keys-for-auto.eu\/it\/#\/schema\/logo\/image\/","url":"https:\/\/keys-for-auto.eu\/wp-content\/uploads\/2022\/11\/cropped-png1.png","contentUrl":"https:\/\/keys-for-auto.eu\/wp-content\/uploads\/2022\/11\/cropped-png1.png","width":1000,"height":342,"caption":"Chiavi per auto"},"image":{"@id":"https:\/\/keys-for-auto.eu\/it\/#\/schema\/logo\/image\/"},"sameAs":["https:\/\/www.facebook.com\/KeysForAutoEU"]}]}},"_links":{"self":[{"href":"https:\/\/keys-for-auto.eu\/it\/wp-json\/wp\/v2\/product\/15652","targetHints":{"allow":["GET"]}}],"collection":[{"href":"https:\/\/keys-for-auto.eu\/it\/wp-json\/wp\/v2\/product"}],"about":[{"href":"https:\/\/keys-for-auto.eu\/it\/wp-json\/wp\/v2\/types\/product"}],"replies":[{"embeddable":true,"href":"https:\/\/keys-for-auto.eu\/it\/wp-json\/wp\/v2\/comments?post=15652"}],"wp:featuredmedia":[{"embeddable":true,"href":"https:\/\/keys-for-auto.eu\/it\/wp-json\/wp\/v2\/media\/13197"}],"wp:attachment":[{"href":"https:\/\/keys-for-auto.eu\/it\/wp-json\/wp\/v2\/media?parent=15652"}],"wp:term":[{"taxonomy":"product_brand","embeddable":true,"href":"https:\/\/keys-for-auto.eu\/it\/wp-json\/wp\/v2\/product_brand?post=15652"},{"taxonomy":"product_cat","embeddable":true,"href":"https:\/\/keys-for-auto.eu\/it\/wp-json\/wp\/v2\/product_cat?post=15652"},{"taxonomy":"product_tag","embeddable":true,"href":"https:\/\/keys-for-auto.eu\/it\/wp-json\/wp\/v2\/product_tag?post=15652"}],"curies":[{"name":"wp","href":"https:\/\/api.w.org\/{rel}","templated":true}]}}