{"id":15649,"date":"2016-04-02T19:13:24","date_gmt":"2016-04-02T19:13:24","guid":{"rendered":"https:\/\/keys-for-auto.eu\/product\/chiave-con-telecomando-adatta-per-citroen-ds3-ds4-ds5\/"},"modified":"2016-04-02T19:13:24","modified_gmt":"2016-04-02T19:13:24","slug":"telecomando-chiave-idoneo-per-citroen-ds3-ds4-ds5","status":"publish","type":"product","link":"https:\/\/keys-for-auto.eu\/it\/product\/telecomando-chiave-idoneo-per-citroen-ds3-ds4-ds5\/","title":{"rendered":"Chiave con telecomando &#8211; adatta per Citroen DS3 | DS4 | DS5"},"content":{"rendered":"<h2>Presentazione della chiave con telecomando per Citroen DS3, DS4, DS5, adatta alle auto della serie DS.<\/h2>\n<p>Se siete interessati non solo all&#8217;acquisto delle chiavi della vostra Citroen, ma anche alla loro programmazione, siamo l&#8217;azienda<img loading=\"lazy\" decoding=\"async\" class=\"alignright\" src=\"http:\/\/raktai-automobiliams.lt\/wp-content\/uploads\/2016\/04\/logoimage_85.png\" alt=\"Citroen\" width=\"203\" height=\"247\"> che vi fornir\u00e0 questo servizio in modo rapido, qualitativo e conveniente. Sempre pi\u00f9 clienti si rivolgono a noi per la programmazione delle chiavi. Questo dimostra la nostra affidabilit\u00e0 e professionalit\u00e0 nel campo della produzione e programmazione di chiavi. Programmiamo chiavi non solo per Citroen, ma anche per tutte le altre marche di auto.<\/p>\n<p>&nbsp;<\/p>\n<h2>Programmazione delle chiavi per Citroen<\/h2>\n<p>Se volete mantenere la vostra auto al sicuro, ordinate subito la programmazione e la produzione di chiavi, perch\u00e9 la produzione di chiavi non \u00e8 mai stata cos\u00ec conveniente e veloce! Garantiamo la qualit\u00e0 del nostro lavoro, per questo forniamo una garanzia scritta per ogni servizio.<\/p>\n<p>Le chiavi dell&#8217;auto sono la nostra passione, che ci spinge ad affrontare nuove sfide, ad aggiornare continuamente la tecnologia con cui lavoriamo in nome della qualit\u00e0 e ad assumere un atteggiamento responsabile e attento nei confronti di ogni cliente e della sua auto. Non per niente si dice che l&#8217;inizio \u00e8 la parte pi\u00f9 importante di ogni viaggio. Diciamo che \u00e8 importante iniziare ogni viaggio senza problemi e terminarlo in modo sicuro. E un avviamento senza problemi significa sbloccare e mettere in moto l&#8217;auto. Un finale sicuro \u00e8 chiudere l&#8217;auto a chiave senza temere che non sia sufficientemente protetta. \u00c8 allora che vi rivolgete a noi, i professionisti delle chiavi dell&#8217;auto!<\/p>\n","protected":false},"excerpt":{"rendered":"<p><em><strong>Chiave adatta alle auto Citroen, &#8211; chiave con telecomando, adatta alle auto della serie DS.<\/strong><\/em><\/p>\n<h3><strong>Produzione di chiavi per auto<\/strong><\/h3>\n<ul>\n<li><strong>Produzione di nuove chiavi dell&#8217;auto, programmazione delle chiavi (&#8220;binding&#8221; con l&#8217;auto)<\/strong><\/li>\n<li><strong>Eliminazione dalla memoria dell&#8217;auto di chiavi precedentemente smarrite<\/strong><\/li>\n<li><strong>Produzione della chiave di accensione in base alla serratura<\/strong><\/li>\n<li><strong>Riparazione delle chiavi dell&#8217;auto (sostituzione di pulsanti, gusci, meccanismi)<\/strong><\/li>\n<li><strong>Sblocco di emergenza dell&#8217;auto<\/strong><\/li>\n<li><strong>Scambio di chiavi, custodie per chiavi<\/strong><\/li>\n<li><strong>Arresto del software DPF \/ FAP<\/strong><\/li>\n<li><strong>Rimozione programmata dell&#8217;EGR<\/strong><\/li>\n<li><strong>Disattivazione del software dell&#8217;immobilizzatore (immo Off)<\/strong><\/li>\n<li><strong>Riparazione, clonazione e programmazione dell&#8217;unit\u00e0 di controllo del motore (ECU)<\/strong><\/li>\n<li><strong>SRS (Programmazione dell&#8217;unit\u00e0 di controllo degli airbag)<\/strong><\/li>\n<\/ul>\n<h4><strong>articoli spediti entro 3 giorni lavorativi.*<\/strong><\/h4>\n<p>&nbsp;<\/p>\n<p>&nbsp;<\/p>\n","protected":false},"featured_media":12977,"comment_status":"open","ping_status":"closed","template":"","meta":[],"product_brand":[],"product_cat":[860,747],"product_tag":[1593,1611,1614,1618],"class_list":{"0":"post-15649","1":"product","2":"type-product","3":"status-publish","4":"has-post-thumbnail","6":"product_cat-citroen-it","7":"product_cat-tasti-del-telecomando","8":"product_tag-chiave-citroen","9":"product_tag-chiave-citroen-ds3","10":"product_tag-chiave-citroen-ds4","11":"product_tag-chiave-citroen-ds5","13":"first","14":"instock","15":"shipping-taxable","16":"purchasable","17":"product-type-simple"},"yoast_head":"<!-- This site is optimized with the Yoast SEO plugin v27.6 - https:\/\/yoast.com\/product\/yoast-seo-wordpress\/ -->\n<title>- %<\/title>\n<meta name=\"robots\" content=\"index, follow, max-snippet:-1, max-image-preview:large, max-video-preview:-1\" \/>\n<link rel=\"canonical\" href=\"https:\/\/keys-for-auto.eu\/it\/product\/telecomando-chiave-idoneo-per-citroen-ds3-ds4-ds5\/\" \/>\n<meta property=\"og:locale\" content=\"it_IT\" \/>\n<meta property=\"og:type\" content=\"article\" \/>\n<meta property=\"og:title\" content=\"- %\" \/>\n<meta property=\"og:description\" content=\"Chiave adatta alle auto Citroen, - chiave con telecomando, adatta alle auto della serie DS. Produzione di chiavi per auto  Produzione di nuove chiavi dell&#039;auto, programmazione delle chiavi (&quot;binding&quot; con l&#039;auto)  Eliminazione dalla memoria dell&#039;auto di chiavi precedentemente smarrite  Produzione della chiave di accensione in base alla serratura  Riparazione delle chiavi dell&#039;auto (sostituzione di pulsanti, gusci, meccanismi)  Sblocco di emergenza dell&#039;auto  Scambio di chiavi, custodie per chiavi  Arresto del software DPF \/ FAP  Rimozione programmata dell&#039;EGR  Disattivazione del software dell&#039;immobilizzatore (immo Off)  Riparazione, clonazione e programmazione dell&#039;unit\u00e0 di controllo del motore (ECU)  SRS (Programmazione dell&#039;unit\u00e0 di controllo degli airbag) articoli spediti entro 3 giorni lavorativi.* &nbsp; &nbsp;\" \/>\n<meta property=\"og:url\" content=\"https:\/\/keys-for-auto.eu\/it\/product\/telecomando-chiave-idoneo-per-citroen-ds3-ds4-ds5\/\" \/>\n<meta property=\"og:site_name\" content=\"Keys for auto\" \/>\n<meta property=\"article:publisher\" content=\"https:\/\/www.facebook.com\/KeysForAutoEU\" \/>\n<meta property=\"og:image\" content=\"https:\/\/i0.wp.com\/keys-for-auto.eu\/wp-content\/uploads\/2022\/12\/Citroen-naujas-raktas-500x5001-removebg-preview-wpp1669044449743.png?fit=500%2C500&ssl=1\" \/>\n\t<meta property=\"og:image:width\" content=\"500\" \/>\n\t<meta property=\"og:image:height\" content=\"500\" \/>\n\t<meta property=\"og:image:type\" content=\"image\/png\" \/>\n<meta name=\"twitter:card\" content=\"summary_large_image\" \/>\n<meta name=\"twitter:label1\" content=\"Tempo di lettura stimato\" \/>\n\t<meta name=\"twitter:data1\" content=\"1 minuto\" \/>\n<script type=\"application\/ld+json\" class=\"yoast-schema-graph\">{\"@context\":\"https:\\\/\\\/schema.org\",\"@graph\":[{\"@type\":[\"WebPage\",\"ItemPage\"],\"@id\":\"https:\\\/\\\/keys-for-auto.eu\\\/it\\\/product\\\/telecomando-chiave-idoneo-per-citroen-ds3-ds4-ds5\\\/\",\"url\":\"https:\\\/\\\/keys-for-auto.eu\\\/it\\\/product\\\/telecomando-chiave-idoneo-per-citroen-ds3-ds4-ds5\\\/\",\"name\":\"- %\",\"isPartOf\":{\"@id\":\"https:\\\/\\\/keys-for-auto.eu\\\/it\\\/#website\"},\"primaryImageOfPage\":{\"@id\":\"https:\\\/\\\/keys-for-auto.eu\\\/it\\\/product\\\/telecomando-chiave-idoneo-per-citroen-ds3-ds4-ds5\\\/#primaryimage\"},\"image\":{\"@id\":\"https:\\\/\\\/keys-for-auto.eu\\\/it\\\/product\\\/telecomando-chiave-idoneo-per-citroen-ds3-ds4-ds5\\\/#primaryimage\"},\"thumbnailUrl\":\"https:\\\/\\\/keys-for-auto.eu\\\/wp-content\\\/uploads\\\/2022\\\/12\\\/Citroen-naujas-raktas-500x5001-removebg-preview-wpp1669044449743.png\",\"datePublished\":\"2016-04-02T19:13:24+00:00\",\"breadcrumb\":{\"@id\":\"https:\\\/\\\/keys-for-auto.eu\\\/it\\\/product\\\/telecomando-chiave-idoneo-per-citroen-ds3-ds4-ds5\\\/#breadcrumb\"},\"inLanguage\":\"it-IT\",\"potentialAction\":[{\"@type\":\"ReadAction\",\"target\":[\"https:\\\/\\\/keys-for-auto.eu\\\/it\\\/product\\\/telecomando-chiave-idoneo-per-citroen-ds3-ds4-ds5\\\/\"]}]},{\"@type\":\"ImageObject\",\"inLanguage\":\"it-IT\",\"@id\":\"https:\\\/\\\/keys-for-auto.eu\\\/it\\\/product\\\/telecomando-chiave-idoneo-per-citroen-ds3-ds4-ds5\\\/#primaryimage\",\"url\":\"https:\\\/\\\/keys-for-auto.eu\\\/wp-content\\\/uploads\\\/2022\\\/12\\\/Citroen-naujas-raktas-500x5001-removebg-preview-wpp1669044449743.png\",\"contentUrl\":\"https:\\\/\\\/keys-for-auto.eu\\\/wp-content\\\/uploads\\\/2022\\\/12\\\/Citroen-naujas-raktas-500x5001-removebg-preview-wpp1669044449743.png\",\"width\":500,\"height\":500},{\"@type\":\"BreadcrumbList\",\"@id\":\"https:\\\/\\\/keys-for-auto.eu\\\/it\\\/product\\\/telecomando-chiave-idoneo-per-citroen-ds3-ds4-ds5\\\/#breadcrumb\",\"itemListElement\":[{\"@type\":\"ListItem\",\"position\":1,\"name\":\"Casa\",\"item\":\"https:\\\/\\\/keys-for-auto.eu\\\/it\\\/\"},{\"@type\":\"ListItem\",\"position\":2,\"name\":\"Shop\",\"item\":\"https:\\\/\\\/keys-for-auto.eu\\\/\"},{\"@type\":\"ListItem\",\"position\":3,\"name\":\"Chiave con telecomando &#8211; adatta per Citroen DS3 | DS4 | DS5\"}]},{\"@type\":\"WebSite\",\"@id\":\"https:\\\/\\\/keys-for-auto.eu\\\/it\\\/#website\",\"url\":\"https:\\\/\\\/keys-for-auto.eu\\\/it\\\/\",\"name\":\"Keys for auto\",\"description\":\"Car keys,  key shells, key programming\",\"publisher\":{\"@id\":\"https:\\\/\\\/keys-for-auto.eu\\\/it\\\/#organization\"},\"potentialAction\":[{\"@type\":\"SearchAction\",\"target\":{\"@type\":\"EntryPoint\",\"urlTemplate\":\"https:\\\/\\\/keys-for-auto.eu\\\/it\\\/?s={search_term_string}\"},\"query-input\":{\"@type\":\"PropertyValueSpecification\",\"valueRequired\":true,\"valueName\":\"search_term_string\"}}],\"inLanguage\":\"it-IT\"},{\"@type\":\"Organization\",\"@id\":\"https:\\\/\\\/keys-for-auto.eu\\\/it\\\/#organization\",\"name\":\"Chiavi per auto\",\"url\":\"https:\\\/\\\/keys-for-auto.eu\\\/it\\\/\",\"logo\":{\"@type\":\"ImageObject\",\"inLanguage\":\"it-IT\",\"@id\":\"https:\\\/\\\/keys-for-auto.eu\\\/it\\\/#\\\/schema\\\/logo\\\/image\\\/\",\"url\":\"https:\\\/\\\/keys-for-auto.eu\\\/wp-content\\\/uploads\\\/2022\\\/11\\\/cropped-png1.png\",\"contentUrl\":\"https:\\\/\\\/keys-for-auto.eu\\\/wp-content\\\/uploads\\\/2022\\\/11\\\/cropped-png1.png\",\"width\":1000,\"height\":342,\"caption\":\"Chiavi per auto\"},\"image\":{\"@id\":\"https:\\\/\\\/keys-for-auto.eu\\\/it\\\/#\\\/schema\\\/logo\\\/image\\\/\"},\"sameAs\":[\"https:\\\/\\\/www.facebook.com\\\/KeysForAutoEU\"]}]}<\/script>\n<!-- \/ Yoast SEO plugin. -->","yoast_head_json":{"title":"- %","robots":{"index":"index","follow":"follow","max-snippet":"max-snippet:-1","max-image-preview":"max-image-preview:large","max-video-preview":"max-video-preview:-1"},"canonical":"https:\/\/keys-for-auto.eu\/it\/product\/telecomando-chiave-idoneo-per-citroen-ds3-ds4-ds5\/","og_locale":"it_IT","og_type":"article","og_title":"- %","og_description":"Chiave adatta alle auto Citroen, - chiave con telecomando, adatta alle auto della serie DS. Produzione di chiavi per auto  Produzione di nuove chiavi dell'auto, programmazione delle chiavi (\"binding\" con l'auto)  Eliminazione dalla memoria dell'auto di chiavi precedentemente smarrite  Produzione della chiave di accensione in base alla serratura  Riparazione delle chiavi dell'auto (sostituzione di pulsanti, gusci, meccanismi)  Sblocco di emergenza dell'auto  Scambio di chiavi, custodie per chiavi  Arresto del software DPF \/ FAP  Rimozione programmata dell'EGR  Disattivazione del software dell'immobilizzatore (immo Off)  Riparazione, clonazione e programmazione dell'unit\u00e0 di controllo del motore (ECU)  SRS (Programmazione dell'unit\u00e0 di controllo degli airbag) articoli spediti entro 3 giorni lavorativi.* &nbsp; &nbsp;","og_url":"https:\/\/keys-for-auto.eu\/it\/product\/telecomando-chiave-idoneo-per-citroen-ds3-ds4-ds5\/","og_site_name":"Keys for auto","article_publisher":"https:\/\/www.facebook.com\/KeysForAutoEU","og_image":[{"width":500,"height":500,"url":"https:\/\/i0.wp.com\/keys-for-auto.eu\/wp-content\/uploads\/2022\/12\/Citroen-naujas-raktas-500x5001-removebg-preview-wpp1669044449743.png?fit=500%2C500&ssl=1","type":"image\/png"}],"twitter_card":"summary_large_image","twitter_misc":{"Tempo di lettura stimato":"1 minuto"},"schema":{"@context":"https:\/\/schema.org","@graph":[{"@type":["WebPage","ItemPage"],"@id":"https:\/\/keys-for-auto.eu\/it\/product\/telecomando-chiave-idoneo-per-citroen-ds3-ds4-ds5\/","url":"https:\/\/keys-for-auto.eu\/it\/product\/telecomando-chiave-idoneo-per-citroen-ds3-ds4-ds5\/","name":"- %","isPartOf":{"@id":"https:\/\/keys-for-auto.eu\/it\/#website"},"primaryImageOfPage":{"@id":"https:\/\/keys-for-auto.eu\/it\/product\/telecomando-chiave-idoneo-per-citroen-ds3-ds4-ds5\/#primaryimage"},"image":{"@id":"https:\/\/keys-for-auto.eu\/it\/product\/telecomando-chiave-idoneo-per-citroen-ds3-ds4-ds5\/#primaryimage"},"thumbnailUrl":"https:\/\/keys-for-auto.eu\/wp-content\/uploads\/2022\/12\/Citroen-naujas-raktas-500x5001-removebg-preview-wpp1669044449743.png","datePublished":"2016-04-02T19:13:24+00:00","breadcrumb":{"@id":"https:\/\/keys-for-auto.eu\/it\/product\/telecomando-chiave-idoneo-per-citroen-ds3-ds4-ds5\/#breadcrumb"},"inLanguage":"it-IT","potentialAction":[{"@type":"ReadAction","target":["https:\/\/keys-for-auto.eu\/it\/product\/telecomando-chiave-idoneo-per-citroen-ds3-ds4-ds5\/"]}]},{"@type":"ImageObject","inLanguage":"it-IT","@id":"https:\/\/keys-for-auto.eu\/it\/product\/telecomando-chiave-idoneo-per-citroen-ds3-ds4-ds5\/#primaryimage","url":"https:\/\/keys-for-auto.eu\/wp-content\/uploads\/2022\/12\/Citroen-naujas-raktas-500x5001-removebg-preview-wpp1669044449743.png","contentUrl":"https:\/\/keys-for-auto.eu\/wp-content\/uploads\/2022\/12\/Citroen-naujas-raktas-500x5001-removebg-preview-wpp1669044449743.png","width":500,"height":500},{"@type":"BreadcrumbList","@id":"https:\/\/keys-for-auto.eu\/it\/product\/telecomando-chiave-idoneo-per-citroen-ds3-ds4-ds5\/#breadcrumb","itemListElement":[{"@type":"ListItem","position":1,"name":"Casa","item":"https:\/\/keys-for-auto.eu\/it\/"},{"@type":"ListItem","position":2,"name":"Shop","item":"https:\/\/keys-for-auto.eu\/"},{"@type":"ListItem","position":3,"name":"Chiave con telecomando &#8211; adatta per Citroen DS3 | DS4 | DS5"}]},{"@type":"WebSite","@id":"https:\/\/keys-for-auto.eu\/it\/#website","url":"https:\/\/keys-for-auto.eu\/it\/","name":"Keys for auto","description":"Car keys,  key shells, key programming","publisher":{"@id":"https:\/\/keys-for-auto.eu\/it\/#organization"},"potentialAction":[{"@type":"SearchAction","target":{"@type":"EntryPoint","urlTemplate":"https:\/\/keys-for-auto.eu\/it\/?s={search_term_string}"},"query-input":{"@type":"PropertyValueSpecification","valueRequired":true,"valueName":"search_term_string"}}],"inLanguage":"it-IT"},{"@type":"Organization","@id":"https:\/\/keys-for-auto.eu\/it\/#organization","name":"Chiavi per auto","url":"https:\/\/keys-for-auto.eu\/it\/","logo":{"@type":"ImageObject","inLanguage":"it-IT","@id":"https:\/\/keys-for-auto.eu\/it\/#\/schema\/logo\/image\/","url":"https:\/\/keys-for-auto.eu\/wp-content\/uploads\/2022\/11\/cropped-png1.png","contentUrl":"https:\/\/keys-for-auto.eu\/wp-content\/uploads\/2022\/11\/cropped-png1.png","width":1000,"height":342,"caption":"Chiavi per auto"},"image":{"@id":"https:\/\/keys-for-auto.eu\/it\/#\/schema\/logo\/image\/"},"sameAs":["https:\/\/www.facebook.com\/KeysForAutoEU"]}]}},"_links":{"self":[{"href":"https:\/\/keys-for-auto.eu\/it\/wp-json\/wp\/v2\/product\/15649","targetHints":{"allow":["GET"]}}],"collection":[{"href":"https:\/\/keys-for-auto.eu\/it\/wp-json\/wp\/v2\/product"}],"about":[{"href":"https:\/\/keys-for-auto.eu\/it\/wp-json\/wp\/v2\/types\/product"}],"replies":[{"embeddable":true,"href":"https:\/\/keys-for-auto.eu\/it\/wp-json\/wp\/v2\/comments?post=15649"}],"wp:featuredmedia":[{"embeddable":true,"href":"https:\/\/keys-for-auto.eu\/it\/wp-json\/wp\/v2\/media\/12977"}],"wp:attachment":[{"href":"https:\/\/keys-for-auto.eu\/it\/wp-json\/wp\/v2\/media?parent=15649"}],"wp:term":[{"taxonomy":"product_brand","embeddable":true,"href":"https:\/\/keys-for-auto.eu\/it\/wp-json\/wp\/v2\/product_brand?post=15649"},{"taxonomy":"product_cat","embeddable":true,"href":"https:\/\/keys-for-auto.eu\/it\/wp-json\/wp\/v2\/product_cat?post=15649"},{"taxonomy":"product_tag","embeddable":true,"href":"https:\/\/keys-for-auto.eu\/it\/wp-json\/wp\/v2\/product_tag?post=15649"}],"curies":[{"name":"wp","href":"https:\/\/api.w.org\/{rel}","templated":true}]}}