{"id":15643,"date":"2016-04-02T19:08:46","date_gmt":"2016-04-02T19:08:46","guid":{"rendered":"https:\/\/keys-for-auto.eu\/product\/chiave-con-telecomando-adatta-per-chrysler-jeep-dodge\/"},"modified":"2016-04-02T19:08:46","modified_gmt":"2016-04-02T19:08:46","slug":"telecomando-chiave-idoneo-per-chrysler-jeep-dodge","status":"publish","type":"product","link":"https:\/\/keys-for-auto.eu\/it\/product\/telecomando-chiave-idoneo-per-chrysler-jeep-dodge\/","title":{"rendered":"Chiave con telecomando &#8211; adatta per Chrysler JEEP Dodge"},"content":{"rendered":"<h1><strong>Chiave con telecomando &#8211; adatta per Chrysler JEEP Dodge<\/strong><\/h1>\n<p>Presentazione della chiave con telecomando adatta a Chrysler, Jeep, Dodge.<\/p>\n<h3>Programmazione dei tasti<\/h3>\n<p>Siete interessati a questo prodotto? O forse avete bisogno non solo di una chiave telecomandata ma anche della programmazione delle chiavi? Programmiamo chiavi per molte marche di auto. Nel nostro negozio troverete anche un&#8217;ampia scelta di custodie per chiavi. Le chiavi dell&#8217;auto sono un settore di specializzazione in cui ci sentiamo sicuri e, nonostante questo, non restiamo fermi e miglioriamo ogni giorno investendo nella qualificazione del nostro personale e nelle tecnologie pi\u00f9 avanzate.<\/p>\n<p>Programmare le chiavi dell&#8217;auto non \u00e8 solo il nostro lavoro. \u00c8 la nostra passione. Crediamo che ognuno debba fare ci\u00f2 che sa fare meglio nella vita. Creare chiavi \u00e8 ci\u00f2 che sappiamo fare meglio, quindi potete contare su di noi. Garantiamo i nostri servizi e la merce che vendiamo.<\/p>\n<h3>Fabbricazione di chiavi<\/h3>\n<p>La produzione di chiavi \u00e8 un&#8217;attivit\u00e0 in continua espansione. Le aziende che lavorano con le chiavi e la loro programmazione devono espandersi e migliorare. Per soddisfare le esigenze dei nostri clienti e rimanere leader nella produzione di chiavi, la nostra azienda si caratterizza per l&#8217;attenzione individuale a ogni cliente, adattandosi alle sue necessit\u00e0.<\/p>\n<p>Il nostro lavoro \u00e8 guidato dal motto latino: &#8220;Via est vita&#8221; &#8211; la vita \u00e8 un viaggio. Il nostro obiettivo \u00e8 quello di darvi l&#8217;opportunit\u00e0 di verificare di persona la veridicit\u00e0 di questo motto. Dopo tutto, cos&#8217;\u00e8 la vita senza viaggiare? E le chiavi dell&#8217;auto sono qualcosa senza cui nessun viaggio \u00e8 completo. Scegliete quindi le vostre chiavi telecomandate, cambiate la custodia o programmate le vostre chiavi (potete fare tutto questo venendo a trovarci) e partite per un viaggio indimenticabile!<\/p>\n","protected":false},"excerpt":{"rendered":"<p><em><strong>  Chiavi con telecomando adatte a Chrysler, JEEP, Dodge. Pu\u00f2 essere ordinato con 2-3-4-5-6 bottoni.<\/strong><\/em><\/p>\n<h3><strong>Produzione di chiavi per auto<\/strong><\/h3>\n<ul>\n<li><strong>Produzione di nuove chiavi dell&#8217;auto, programmazione delle chiavi (&#8220;binding&#8221; con l&#8217;auto)<\/strong><\/li>\n<li><strong>Eliminazione dalla memoria dell&#8217;auto di chiavi precedentemente smarrite<\/strong><\/li>\n<li><strong>Produzione della chiave di accensione in base alla serratura<\/strong><\/li>\n<li><strong>Riparazione delle chiavi dell&#8217;auto (sostituzione di pulsanti, gusci, meccanismi)<\/strong><\/li>\n<li><strong>Sblocco di emergenza dell&#8217;auto<\/strong><\/li>\n<li><strong>Scambio di chiavi, custodie per chiavi<\/strong><\/li>\n<li><strong>Arresto del software DPF \/ FAP<\/strong><\/li>\n<li><strong>Rimozione programmata dell&#8217;EGR<\/strong><\/li>\n<li><strong>Disattivazione del software dell&#8217;immobilizzatore (immo Off)<\/strong><\/li>\n<li><strong>Riparazione, clonazione e programmazione dell&#8217;unit\u00e0 di controllo del motore (ECU)<\/strong><\/li>\n<li><strong>SRS (Programmazione dell&#8217;unit\u00e0 di controllo degli airbag)<\/strong><\/li>\n<\/ul>\n<h4><strong>articoli spediti entro 3 giorni lavorativi.*<\/strong><\/h4>\n<p>&nbsp;<\/p>\n<p>&nbsp;<\/p>\n<p>&nbsp;<\/p>\n","protected":false},"featured_media":12957,"comment_status":"open","ping_status":"closed","template":"","meta":[],"product_brand":[],"product_cat":[941,947,747],"product_tag":[991,1975,1976],"class_list":{"0":"post-15643","1":"product","2":"type-product","3":"status-publish","4":"has-post-thumbnail","6":"product_cat-chrysler-it","7":"product_cat-jeep-it","8":"product_cat-tasti-del-telecomando","9":"product_tag-chiave-chrysler","10":"product_tag-chiave-dodge","11":"product_tag-tasto-jeep","13":"first","14":"instock","15":"shipping-taxable","16":"purchasable","17":"product-type-simple"},"yoast_head":"<!-- This site is optimized with the Yoast SEO plugin v27.6 - https:\/\/yoast.com\/product\/yoast-seo-wordpress\/ -->\n<title>- %<\/title>\n<meta name=\"robots\" content=\"index, follow, max-snippet:-1, max-image-preview:large, max-video-preview:-1\" \/>\n<link rel=\"canonical\" href=\"https:\/\/keys-for-auto.eu\/it\/product\/telecomando-chiave-idoneo-per-chrysler-jeep-dodge\/\" \/>\n<meta property=\"og:locale\" content=\"it_IT\" \/>\n<meta property=\"og:type\" content=\"article\" \/>\n<meta property=\"og:title\" content=\"- %\" \/>\n<meta property=\"og:description\" content=\"Chiavi con telecomando adatte a Chrysler, JEEP, Dodge. Pu\u00f2 essere ordinato con 2-3-4-5-6 bottoni. Produzione di chiavi per auto  Produzione di nuove chiavi dell&#039;auto, programmazione delle chiavi (&quot;binding&quot; con l&#039;auto)  Eliminazione dalla memoria dell&#039;auto di chiavi precedentemente smarrite  Produzione della chiave di accensione in base alla serratura  Riparazione delle chiavi dell&#039;auto (sostituzione di pulsanti, gusci, meccanismi)  Sblocco di emergenza dell&#039;auto  Scambio di chiavi, custodie per chiavi  Arresto del software DPF \/ FAP  Rimozione programmata dell&#039;EGR  Disattivazione del software dell&#039;immobilizzatore (immo Off)  Riparazione, clonazione e programmazione dell&#039;unit\u00e0 di controllo del motore (ECU)  SRS (Programmazione dell&#039;unit\u00e0 di controllo degli airbag) articoli spediti entro 3 giorni lavorativi.* &nbsp; &nbsp; &nbsp;\" \/>\n<meta property=\"og:url\" content=\"https:\/\/keys-for-auto.eu\/it\/product\/telecomando-chiave-idoneo-per-chrysler-jeep-dodge\/\" \/>\n<meta property=\"og:site_name\" content=\"Keys for auto\" \/>\n<meta property=\"article:publisher\" content=\"https:\/\/www.facebook.com\/KeysForAutoEU\" \/>\n<meta property=\"og:image\" content=\"https:\/\/i0.wp.com\/keys-for-auto.eu\/wp-content\/uploads\/2022\/12\/Chrysler-2-3-4-mygtuku-raktai-su-nuotoliniu-valdymu-500x5001-removebg-preview.png?fit=500%2C500&ssl=1\" \/>\n\t<meta property=\"og:image:width\" content=\"500\" \/>\n\t<meta property=\"og:image:height\" content=\"500\" \/>\n\t<meta property=\"og:image:type\" content=\"image\/png\" \/>\n<meta name=\"twitter:card\" content=\"summary_large_image\" \/>\n<meta name=\"twitter:label1\" content=\"Tempo di lettura stimato\" \/>\n\t<meta name=\"twitter:data1\" content=\"1 minuto\" \/>\n<script type=\"application\/ld+json\" class=\"yoast-schema-graph\">{\"@context\":\"https:\\\/\\\/schema.org\",\"@graph\":[{\"@type\":[\"WebPage\",\"ItemPage\"],\"@id\":\"https:\\\/\\\/keys-for-auto.eu\\\/it\\\/product\\\/telecomando-chiave-idoneo-per-chrysler-jeep-dodge\\\/\",\"url\":\"https:\\\/\\\/keys-for-auto.eu\\\/it\\\/product\\\/telecomando-chiave-idoneo-per-chrysler-jeep-dodge\\\/\",\"name\":\"- %\",\"isPartOf\":{\"@id\":\"https:\\\/\\\/keys-for-auto.eu\\\/it\\\/#website\"},\"primaryImageOfPage\":{\"@id\":\"https:\\\/\\\/keys-for-auto.eu\\\/it\\\/product\\\/telecomando-chiave-idoneo-per-chrysler-jeep-dodge\\\/#primaryimage\"},\"image\":{\"@id\":\"https:\\\/\\\/keys-for-auto.eu\\\/it\\\/product\\\/telecomando-chiave-idoneo-per-chrysler-jeep-dodge\\\/#primaryimage\"},\"thumbnailUrl\":\"https:\\\/\\\/keys-for-auto.eu\\\/wp-content\\\/uploads\\\/2022\\\/12\\\/Chrysler-2-3-4-mygtuku-raktai-su-nuotoliniu-valdymu-500x5001-removebg-preview.png\",\"datePublished\":\"2016-04-02T19:08:46+00:00\",\"breadcrumb\":{\"@id\":\"https:\\\/\\\/keys-for-auto.eu\\\/it\\\/product\\\/telecomando-chiave-idoneo-per-chrysler-jeep-dodge\\\/#breadcrumb\"},\"inLanguage\":\"it-IT\",\"potentialAction\":[{\"@type\":\"ReadAction\",\"target\":[\"https:\\\/\\\/keys-for-auto.eu\\\/it\\\/product\\\/telecomando-chiave-idoneo-per-chrysler-jeep-dodge\\\/\"]}]},{\"@type\":\"ImageObject\",\"inLanguage\":\"it-IT\",\"@id\":\"https:\\\/\\\/keys-for-auto.eu\\\/it\\\/product\\\/telecomando-chiave-idoneo-per-chrysler-jeep-dodge\\\/#primaryimage\",\"url\":\"https:\\\/\\\/keys-for-auto.eu\\\/wp-content\\\/uploads\\\/2022\\\/12\\\/Chrysler-2-3-4-mygtuku-raktai-su-nuotoliniu-valdymu-500x5001-removebg-preview.png\",\"contentUrl\":\"https:\\\/\\\/keys-for-auto.eu\\\/wp-content\\\/uploads\\\/2022\\\/12\\\/Chrysler-2-3-4-mygtuku-raktai-su-nuotoliniu-valdymu-500x5001-removebg-preview.png\",\"width\":500,\"height\":500},{\"@type\":\"BreadcrumbList\",\"@id\":\"https:\\\/\\\/keys-for-auto.eu\\\/it\\\/product\\\/telecomando-chiave-idoneo-per-chrysler-jeep-dodge\\\/#breadcrumb\",\"itemListElement\":[{\"@type\":\"ListItem\",\"position\":1,\"name\":\"Casa\",\"item\":\"https:\\\/\\\/keys-for-auto.eu\\\/it\\\/\"},{\"@type\":\"ListItem\",\"position\":2,\"name\":\"Shop\",\"item\":\"https:\\\/\\\/keys-for-auto.eu\\\/\"},{\"@type\":\"ListItem\",\"position\":3,\"name\":\"Chiave con telecomando &#8211; adatta per Chrysler JEEP Dodge\"}]},{\"@type\":\"WebSite\",\"@id\":\"https:\\\/\\\/keys-for-auto.eu\\\/it\\\/#website\",\"url\":\"https:\\\/\\\/keys-for-auto.eu\\\/it\\\/\",\"name\":\"Keys for auto\",\"description\":\"Car keys,  key shells, key programming\",\"publisher\":{\"@id\":\"https:\\\/\\\/keys-for-auto.eu\\\/it\\\/#organization\"},\"potentialAction\":[{\"@type\":\"SearchAction\",\"target\":{\"@type\":\"EntryPoint\",\"urlTemplate\":\"https:\\\/\\\/keys-for-auto.eu\\\/it\\\/?s={search_term_string}\"},\"query-input\":{\"@type\":\"PropertyValueSpecification\",\"valueRequired\":true,\"valueName\":\"search_term_string\"}}],\"inLanguage\":\"it-IT\"},{\"@type\":\"Organization\",\"@id\":\"https:\\\/\\\/keys-for-auto.eu\\\/it\\\/#organization\",\"name\":\"Chiavi per auto\",\"url\":\"https:\\\/\\\/keys-for-auto.eu\\\/it\\\/\",\"logo\":{\"@type\":\"ImageObject\",\"inLanguage\":\"it-IT\",\"@id\":\"https:\\\/\\\/keys-for-auto.eu\\\/it\\\/#\\\/schema\\\/logo\\\/image\\\/\",\"url\":\"https:\\\/\\\/keys-for-auto.eu\\\/wp-content\\\/uploads\\\/2022\\\/11\\\/cropped-png1.png\",\"contentUrl\":\"https:\\\/\\\/keys-for-auto.eu\\\/wp-content\\\/uploads\\\/2022\\\/11\\\/cropped-png1.png\",\"width\":1000,\"height\":342,\"caption\":\"Chiavi per auto\"},\"image\":{\"@id\":\"https:\\\/\\\/keys-for-auto.eu\\\/it\\\/#\\\/schema\\\/logo\\\/image\\\/\"},\"sameAs\":[\"https:\\\/\\\/www.facebook.com\\\/KeysForAutoEU\"]}]}<\/script>\n<!-- \/ Yoast SEO plugin. -->","yoast_head_json":{"title":"- %","robots":{"index":"index","follow":"follow","max-snippet":"max-snippet:-1","max-image-preview":"max-image-preview:large","max-video-preview":"max-video-preview:-1"},"canonical":"https:\/\/keys-for-auto.eu\/it\/product\/telecomando-chiave-idoneo-per-chrysler-jeep-dodge\/","og_locale":"it_IT","og_type":"article","og_title":"- %","og_description":"Chiavi con telecomando adatte a Chrysler, JEEP, Dodge. Pu\u00f2 essere ordinato con 2-3-4-5-6 bottoni. Produzione di chiavi per auto  Produzione di nuove chiavi dell'auto, programmazione delle chiavi (\"binding\" con l'auto)  Eliminazione dalla memoria dell'auto di chiavi precedentemente smarrite  Produzione della chiave di accensione in base alla serratura  Riparazione delle chiavi dell'auto (sostituzione di pulsanti, gusci, meccanismi)  Sblocco di emergenza dell'auto  Scambio di chiavi, custodie per chiavi  Arresto del software DPF \/ FAP  Rimozione programmata dell'EGR  Disattivazione del software dell'immobilizzatore (immo Off)  Riparazione, clonazione e programmazione dell'unit\u00e0 di controllo del motore (ECU)  SRS (Programmazione dell'unit\u00e0 di controllo degli airbag) articoli spediti entro 3 giorni lavorativi.* &nbsp; &nbsp; &nbsp;","og_url":"https:\/\/keys-for-auto.eu\/it\/product\/telecomando-chiave-idoneo-per-chrysler-jeep-dodge\/","og_site_name":"Keys for auto","article_publisher":"https:\/\/www.facebook.com\/KeysForAutoEU","og_image":[{"width":500,"height":500,"url":"https:\/\/i0.wp.com\/keys-for-auto.eu\/wp-content\/uploads\/2022\/12\/Chrysler-2-3-4-mygtuku-raktai-su-nuotoliniu-valdymu-500x5001-removebg-preview.png?fit=500%2C500&ssl=1","type":"image\/png"}],"twitter_card":"summary_large_image","twitter_misc":{"Tempo di lettura stimato":"1 minuto"},"schema":{"@context":"https:\/\/schema.org","@graph":[{"@type":["WebPage","ItemPage"],"@id":"https:\/\/keys-for-auto.eu\/it\/product\/telecomando-chiave-idoneo-per-chrysler-jeep-dodge\/","url":"https:\/\/keys-for-auto.eu\/it\/product\/telecomando-chiave-idoneo-per-chrysler-jeep-dodge\/","name":"- %","isPartOf":{"@id":"https:\/\/keys-for-auto.eu\/it\/#website"},"primaryImageOfPage":{"@id":"https:\/\/keys-for-auto.eu\/it\/product\/telecomando-chiave-idoneo-per-chrysler-jeep-dodge\/#primaryimage"},"image":{"@id":"https:\/\/keys-for-auto.eu\/it\/product\/telecomando-chiave-idoneo-per-chrysler-jeep-dodge\/#primaryimage"},"thumbnailUrl":"https:\/\/keys-for-auto.eu\/wp-content\/uploads\/2022\/12\/Chrysler-2-3-4-mygtuku-raktai-su-nuotoliniu-valdymu-500x5001-removebg-preview.png","datePublished":"2016-04-02T19:08:46+00:00","breadcrumb":{"@id":"https:\/\/keys-for-auto.eu\/it\/product\/telecomando-chiave-idoneo-per-chrysler-jeep-dodge\/#breadcrumb"},"inLanguage":"it-IT","potentialAction":[{"@type":"ReadAction","target":["https:\/\/keys-for-auto.eu\/it\/product\/telecomando-chiave-idoneo-per-chrysler-jeep-dodge\/"]}]},{"@type":"ImageObject","inLanguage":"it-IT","@id":"https:\/\/keys-for-auto.eu\/it\/product\/telecomando-chiave-idoneo-per-chrysler-jeep-dodge\/#primaryimage","url":"https:\/\/keys-for-auto.eu\/wp-content\/uploads\/2022\/12\/Chrysler-2-3-4-mygtuku-raktai-su-nuotoliniu-valdymu-500x5001-removebg-preview.png","contentUrl":"https:\/\/keys-for-auto.eu\/wp-content\/uploads\/2022\/12\/Chrysler-2-3-4-mygtuku-raktai-su-nuotoliniu-valdymu-500x5001-removebg-preview.png","width":500,"height":500},{"@type":"BreadcrumbList","@id":"https:\/\/keys-for-auto.eu\/it\/product\/telecomando-chiave-idoneo-per-chrysler-jeep-dodge\/#breadcrumb","itemListElement":[{"@type":"ListItem","position":1,"name":"Casa","item":"https:\/\/keys-for-auto.eu\/it\/"},{"@type":"ListItem","position":2,"name":"Shop","item":"https:\/\/keys-for-auto.eu\/"},{"@type":"ListItem","position":3,"name":"Chiave con telecomando &#8211; adatta per Chrysler JEEP Dodge"}]},{"@type":"WebSite","@id":"https:\/\/keys-for-auto.eu\/it\/#website","url":"https:\/\/keys-for-auto.eu\/it\/","name":"Keys for auto","description":"Car keys,  key shells, key programming","publisher":{"@id":"https:\/\/keys-for-auto.eu\/it\/#organization"},"potentialAction":[{"@type":"SearchAction","target":{"@type":"EntryPoint","urlTemplate":"https:\/\/keys-for-auto.eu\/it\/?s={search_term_string}"},"query-input":{"@type":"PropertyValueSpecification","valueRequired":true,"valueName":"search_term_string"}}],"inLanguage":"it-IT"},{"@type":"Organization","@id":"https:\/\/keys-for-auto.eu\/it\/#organization","name":"Chiavi per auto","url":"https:\/\/keys-for-auto.eu\/it\/","logo":{"@type":"ImageObject","inLanguage":"it-IT","@id":"https:\/\/keys-for-auto.eu\/it\/#\/schema\/logo\/image\/","url":"https:\/\/keys-for-auto.eu\/wp-content\/uploads\/2022\/11\/cropped-png1.png","contentUrl":"https:\/\/keys-for-auto.eu\/wp-content\/uploads\/2022\/11\/cropped-png1.png","width":1000,"height":342,"caption":"Chiavi per auto"},"image":{"@id":"https:\/\/keys-for-auto.eu\/it\/#\/schema\/logo\/image\/"},"sameAs":["https:\/\/www.facebook.com\/KeysForAutoEU"]}]}},"_links":{"self":[{"href":"https:\/\/keys-for-auto.eu\/it\/wp-json\/wp\/v2\/product\/15643","targetHints":{"allow":["GET"]}}],"collection":[{"href":"https:\/\/keys-for-auto.eu\/it\/wp-json\/wp\/v2\/product"}],"about":[{"href":"https:\/\/keys-for-auto.eu\/it\/wp-json\/wp\/v2\/types\/product"}],"replies":[{"embeddable":true,"href":"https:\/\/keys-for-auto.eu\/it\/wp-json\/wp\/v2\/comments?post=15643"}],"wp:featuredmedia":[{"embeddable":true,"href":"https:\/\/keys-for-auto.eu\/it\/wp-json\/wp\/v2\/media\/12957"}],"wp:attachment":[{"href":"https:\/\/keys-for-auto.eu\/it\/wp-json\/wp\/v2\/media?parent=15643"}],"wp:term":[{"taxonomy":"product_brand","embeddable":true,"href":"https:\/\/keys-for-auto.eu\/it\/wp-json\/wp\/v2\/product_brand?post=15643"},{"taxonomy":"product_cat","embeddable":true,"href":"https:\/\/keys-for-auto.eu\/it\/wp-json\/wp\/v2\/product_cat?post=15643"},{"taxonomy":"product_tag","embeddable":true,"href":"https:\/\/keys-for-auto.eu\/it\/wp-json\/wp\/v2\/product_tag?post=15643"}],"curies":[{"name":"wp","href":"https:\/\/api.w.org\/{rel}","templated":true}]}}