{"id":15637,"date":"2016-04-02T19:17:22","date_gmt":"2016-04-02T19:17:22","guid":{"rendered":"https:\/\/keys-for-auto.eu\/product\/telecomando-adatto-per-ford-falcon\/"},"modified":"2016-04-02T19:17:22","modified_gmt":"2016-04-02T19:17:22","slug":"telecomando-idoneo-per-ilford-falcon","status":"publish","type":"product","link":"https:\/\/keys-for-auto.eu\/it\/product\/telecomando-idoneo-per-ilford-falcon\/","title":{"rendered":"Telecomando &#8211; adatto per Ford Falcon"},"content":{"rendered":"<h2><strong>Telecomando &#8211; adatto per Ford Falcon<\/strong><\/h2>\n<p>Vi presentiamo il telecomando per Ford Falkon. \u00c8 adatto ai modelli prodotti dal 2002 al 2007. Funziona a 304 MHz.<\/p>\n<p>Non vendiamo solo telecomandi e custodie per chiavi. Il nostro servizio principale \u00e8 la programmazione delle chiavi. Programmiamo chiavi per tutte le marche e i modelli di auto. La programmazione delle chiavi \u00e8 un lavoro di grande responsabilit\u00e0. La sicurezza della vostra auto dipende da questo. Per questo non ci permettiamo di essere negligenti nel nostro lavoro. Facciamo tutto con precisione, utilizzando le tecnologie pi\u00f9 avanzate. Programmiamo chiavi a Vilnius, ma i nostri servizi sono utilizzati anche dai residenti di altre citt\u00e0. Apprezzano la qualit\u00e0 del nostro lavoro. Date anche voi la possibilit\u00e0 di apprezzare il nostro lavoro!<\/p>\n<p>La programmazione delle chiavi dell&#8217;auto \u00e8 importante per molti proprietari di auto moderne. I veicoli moderni non si limitano al blocco meccanico. Le moderne chiavi dell&#8217;auto sono protette da un codice elettronico. Questo metodo di sicurezza rende lo sblocco dell&#8217;auto accessibile solo al proprietario. Per saperne di pi\u00f9 sulle tecnologie coinvolte in questo processo e sulla programmazione chiave, leggete qui.<\/p>\n<h3>Produzione chiave<\/h3>\n<p>La creazione di chiavi a Vilnius sta diventando un servizio sempre pi\u00f9 richiesto. Stanno emergendo sempre pi\u00f9 fornitori. \u00c8 quindi importante non commettere errori nella scelta. Se avete bisogno di programmare le chiavi della vostra Ford, affidatevi a noi! Non esitate e ordinate la programmazione delle chiavi. Un piccolo investimento vi porter\u00e0 benefici significativi. Una chiave personalizzata e programmata in base alla marca della vostra auto sar\u00e0 una garanzia di sicurezza.<\/p>\n<p>Si dice che sia pericoloso sentirsi completamente al sicuro. I furti d&#8217;auto sono in aumento ed \u00e8 irrazionale ignorare questo fatto. Occupatevi oggi stesso della programmazione delle chiavi! La nostra programmazione delle chiavi dell&#8217;auto viene eseguita in conformit\u00e0 a tutti i requisiti di qualit\u00e0 pi\u00f9 elevati. Prestiamo grande attenzione anche al fattore umano. Abbiamo a cuore la competenza dei nostri dipendenti. Aggiornano continuamente le loro conoscenze con corsi e seminari per i key holders.<\/p>\n<h3>Chiavi dell&#8217;auto<\/h3>\n<p>Le chiavi dell&#8217;auto sono il nostro campo di lavoro e il legame comune che ci unisce a voi. Poich\u00e9 gli interessi sono reciproci, i risultati non possono che essere gratificanti! Rivolgetevi a noi e ci occuperemo della sicurezza della vostra auto.<\/p>\n","protected":false},"excerpt":{"rendered":"<h1 class=\"product-name\" style=\"box-sizing: content-box; margin: 0px 0px 8px; padding: 0px 0px 0px 15px; border: 0px; font-stretch: inherit; font-size: 18px; line-height: 22px; font-family: Arial, Helvetica, sans-senif, SimSun, \u5b8b\u4f53; vertical-align: baseline;\">Telecomando adatto per FORD Falcon (2002-2007) &#8211; 304MHZ<\/h1>\n<h3><\/h3>\n<h3><strong>Produzione di chiavi per auto<\/strong><\/h3>\n<ul>\n<li><strong>Produzione di nuove chiavi dell&#8217;auto, programmazione delle chiavi (&#8220;binding&#8221; con l&#8217;auto)<\/strong><\/li>\n<li><strong>Eliminazione dalla memoria dell&#8217;auto di chiavi precedentemente smarrite<\/strong><\/li>\n<li><strong>Produzione della chiave di accensione in base alla serratura<\/strong><\/li>\n<li><strong>Riparazione delle chiavi dell&#8217;auto (sostituzione di pulsanti, gusci, meccanismi)<\/strong><\/li>\n<li><strong>Sblocco di emergenza dell&#8217;auto<\/strong><\/li>\n<li><strong>Scambio di chiavi, custodie per chiavi<\/strong><\/li>\n<li><strong>Arresto del software DPF \/ FAP<\/strong><\/li>\n<li><strong>Rimozione programmata dell&#8217;EGR<\/strong><\/li>\n<li><strong>Disattivazione del software dell&#8217;immobilizzatore (immo Off)<\/strong><\/li>\n<li><strong>Riparazione, clonazione e programmazione dell&#8217;unit\u00e0 di controllo del motore (ECU)<\/strong><\/li>\n<li><strong>SRS (Programmazione dell&#8217;unit\u00e0 di controllo degli airbag)<\/strong><\/li>\n<\/ul>\n<h4><strong>  articoli spediti entro 3 giorni lavorativi.*<\/strong><\/h4>\n","protected":false},"featured_media":13202,"comment_status":"open","ping_status":"closed","template":"","meta":[],"product_brand":[],"product_cat":[942,747],"product_tag":[1452,1453,1451],"class_list":{"0":"post-15637","1":"product","2":"type-product","3":"status-publish","4":"has-post-thumbnail","6":"product_cat-ford-it","7":"product_cat-tasti-del-telecomando","8":"product_tag-chiave-ford","9":"product_tag-chiave-ford-falcon","10":"product_tag-telecomando-ford","12":"first","13":"instock","14":"shipping-taxable","15":"purchasable","16":"product-type-simple"},"yoast_head":"<!-- This site is optimized with the Yoast SEO plugin v27.3 - https:\/\/yoast.com\/product\/yoast-seo-wordpress\/ -->\n<title>- %<\/title>\n<meta name=\"robots\" content=\"index, follow, max-snippet:-1, max-image-preview:large, max-video-preview:-1\" \/>\n<link rel=\"canonical\" href=\"https:\/\/keys-for-auto.eu\/it\/product\/telecomando-idoneo-per-ilford-falcon\/\" \/>\n<meta property=\"og:locale\" content=\"it_IT\" \/>\n<meta property=\"og:type\" content=\"article\" \/>\n<meta property=\"og:title\" content=\"- %\" \/>\n<meta property=\"og:description\" content=\"Telecomando adatto per FORD Falcon (2002-2007) - 304MHZ Produzione di chiavi per auto  Produzione di nuove chiavi dell&#039;auto, programmazione delle chiavi (&quot;binding&quot; con l&#039;auto)  Eliminazione dalla memoria dell&#039;auto di chiavi precedentemente smarrite  Produzione della chiave di accensione in base alla serratura  Riparazione delle chiavi dell&#039;auto (sostituzione di pulsanti, gusci, meccanismi)  Sblocco di emergenza dell&#039;auto  Scambio di chiavi, custodie per chiavi  Arresto del software DPF \/ FAP  Rimozione programmata dell&#039;EGR  Disattivazione del software dell&#039;immobilizzatore (immo Off)  Riparazione, clonazione e programmazione dell&#039;unit\u00e0 di controllo del motore (ECU)  SRS (Programmazione dell&#039;unit\u00e0 di controllo degli airbag)  articoli spediti entro 3 giorni lavorativi.*\" \/>\n<meta property=\"og:url\" content=\"https:\/\/keys-for-auto.eu\/it\/product\/telecomando-idoneo-per-ilford-falcon\/\" \/>\n<meta property=\"og:site_name\" content=\"Keys for auto\" \/>\n<meta property=\"article:publisher\" content=\"https:\/\/www.facebook.com\/KeysForAutoEU\" \/>\n<meta property=\"og:image\" content=\"https:\/\/keys-for-auto.eu\/wp-content\/uploads\/2022\/12\/Ford-4-mygtuku-304mhz-nuotolinio-valdymo-pultas-500x5001-removebg-preview.png\" \/>\n\t<meta property=\"og:image:width\" content=\"500\" \/>\n\t<meta property=\"og:image:height\" content=\"500\" \/>\n\t<meta property=\"og:image:type\" content=\"image\/png\" \/>\n<meta name=\"twitter:card\" content=\"summary_large_image\" \/>\n<meta name=\"twitter:label1\" content=\"Tempo di lettura stimato\" \/>\n\t<meta name=\"twitter:data1\" content=\"2 minuti\" \/>\n<script type=\"application\/ld+json\" class=\"yoast-schema-graph\">{\"@context\":\"https:\\\/\\\/schema.org\",\"@graph\":[{\"@type\":[\"WebPage\",\"ItemPage\"],\"@id\":\"https:\\\/\\\/keys-for-auto.eu\\\/it\\\/product\\\/telecomando-idoneo-per-ilford-falcon\\\/\",\"url\":\"https:\\\/\\\/keys-for-auto.eu\\\/it\\\/product\\\/telecomando-idoneo-per-ilford-falcon\\\/\",\"name\":\"- %\",\"isPartOf\":{\"@id\":\"https:\\\/\\\/keys-for-auto.eu\\\/it\\\/#website\"},\"primaryImageOfPage\":{\"@id\":\"https:\\\/\\\/keys-for-auto.eu\\\/it\\\/product\\\/telecomando-idoneo-per-ilford-falcon\\\/#primaryimage\"},\"image\":{\"@id\":\"https:\\\/\\\/keys-for-auto.eu\\\/it\\\/product\\\/telecomando-idoneo-per-ilford-falcon\\\/#primaryimage\"},\"thumbnailUrl\":\"https:\\\/\\\/keys-for-auto.eu\\\/wp-content\\\/uploads\\\/2022\\\/12\\\/Ford-4-mygtuku-304mhz-nuotolinio-valdymo-pultas-500x5001-removebg-preview.png\",\"datePublished\":\"2016-04-02T19:17:22+00:00\",\"breadcrumb\":{\"@id\":\"https:\\\/\\\/keys-for-auto.eu\\\/it\\\/product\\\/telecomando-idoneo-per-ilford-falcon\\\/#breadcrumb\"},\"inLanguage\":\"it-IT\",\"potentialAction\":[{\"@type\":\"ReadAction\",\"target\":[\"https:\\\/\\\/keys-for-auto.eu\\\/it\\\/product\\\/telecomando-idoneo-per-ilford-falcon\\\/\"]}]},{\"@type\":\"ImageObject\",\"inLanguage\":\"it-IT\",\"@id\":\"https:\\\/\\\/keys-for-auto.eu\\\/it\\\/product\\\/telecomando-idoneo-per-ilford-falcon\\\/#primaryimage\",\"url\":\"https:\\\/\\\/keys-for-auto.eu\\\/wp-content\\\/uploads\\\/2022\\\/12\\\/Ford-4-mygtuku-304mhz-nuotolinio-valdymo-pultas-500x5001-removebg-preview.png\",\"contentUrl\":\"https:\\\/\\\/keys-for-auto.eu\\\/wp-content\\\/uploads\\\/2022\\\/12\\\/Ford-4-mygtuku-304mhz-nuotolinio-valdymo-pultas-500x5001-removebg-preview.png\",\"width\":500,\"height\":500},{\"@type\":\"BreadcrumbList\",\"@id\":\"https:\\\/\\\/keys-for-auto.eu\\\/it\\\/product\\\/telecomando-idoneo-per-ilford-falcon\\\/#breadcrumb\",\"itemListElement\":[{\"@type\":\"ListItem\",\"position\":1,\"name\":\"Casa\",\"item\":\"https:\\\/\\\/keys-for-auto.eu\\\/it\\\/\"},{\"@type\":\"ListItem\",\"position\":2,\"name\":\"Shop\",\"item\":\"https:\\\/\\\/keys-for-auto.eu\\\/\"},{\"@type\":\"ListItem\",\"position\":3,\"name\":\"Telecomando &#8211; adatto per Ford Falcon\"}]},{\"@type\":\"WebSite\",\"@id\":\"https:\\\/\\\/keys-for-auto.eu\\\/it\\\/#website\",\"url\":\"https:\\\/\\\/keys-for-auto.eu\\\/it\\\/\",\"name\":\"Keys for auto\",\"description\":\"Car keys,  key shells, key programming\",\"publisher\":{\"@id\":\"https:\\\/\\\/keys-for-auto.eu\\\/it\\\/#organization\"},\"potentialAction\":[{\"@type\":\"SearchAction\",\"target\":{\"@type\":\"EntryPoint\",\"urlTemplate\":\"https:\\\/\\\/keys-for-auto.eu\\\/it\\\/?s={search_term_string}\"},\"query-input\":{\"@type\":\"PropertyValueSpecification\",\"valueRequired\":true,\"valueName\":\"search_term_string\"}}],\"inLanguage\":\"it-IT\"},{\"@type\":\"Organization\",\"@id\":\"https:\\\/\\\/keys-for-auto.eu\\\/it\\\/#organization\",\"name\":\"Chiavi per auto\",\"url\":\"https:\\\/\\\/keys-for-auto.eu\\\/it\\\/\",\"logo\":{\"@type\":\"ImageObject\",\"inLanguage\":\"it-IT\",\"@id\":\"https:\\\/\\\/keys-for-auto.eu\\\/it\\\/#\\\/schema\\\/logo\\\/image\\\/\",\"url\":\"https:\\\/\\\/keys-for-auto.eu\\\/wp-content\\\/uploads\\\/2022\\\/11\\\/cropped-png1.png\",\"contentUrl\":\"https:\\\/\\\/keys-for-auto.eu\\\/wp-content\\\/uploads\\\/2022\\\/11\\\/cropped-png1.png\",\"width\":1000,\"height\":342,\"caption\":\"Chiavi per auto\"},\"image\":{\"@id\":\"https:\\\/\\\/keys-for-auto.eu\\\/it\\\/#\\\/schema\\\/logo\\\/image\\\/\"},\"sameAs\":[\"https:\\\/\\\/www.facebook.com\\\/KeysForAutoEU\"]}]}<\/script>\n<!-- \/ Yoast SEO plugin. -->","yoast_head_json":{"title":"- %","robots":{"index":"index","follow":"follow","max-snippet":"max-snippet:-1","max-image-preview":"max-image-preview:large","max-video-preview":"max-video-preview:-1"},"canonical":"https:\/\/keys-for-auto.eu\/it\/product\/telecomando-idoneo-per-ilford-falcon\/","og_locale":"it_IT","og_type":"article","og_title":"- %","og_description":"Telecomando adatto per FORD Falcon (2002-2007) - 304MHZ Produzione di chiavi per auto  Produzione di nuove chiavi dell'auto, programmazione delle chiavi (\"binding\" con l'auto)  Eliminazione dalla memoria dell'auto di chiavi precedentemente smarrite  Produzione della chiave di accensione in base alla serratura  Riparazione delle chiavi dell'auto (sostituzione di pulsanti, gusci, meccanismi)  Sblocco di emergenza dell'auto  Scambio di chiavi, custodie per chiavi  Arresto del software DPF \/ FAP  Rimozione programmata dell'EGR  Disattivazione del software dell'immobilizzatore (immo Off)  Riparazione, clonazione e programmazione dell'unit\u00e0 di controllo del motore (ECU)  SRS (Programmazione dell'unit\u00e0 di controllo degli airbag)  articoli spediti entro 3 giorni lavorativi.*","og_url":"https:\/\/keys-for-auto.eu\/it\/product\/telecomando-idoneo-per-ilford-falcon\/","og_site_name":"Keys for auto","article_publisher":"https:\/\/www.facebook.com\/KeysForAutoEU","og_image":[{"width":500,"height":500,"url":"https:\/\/keys-for-auto.eu\/wp-content\/uploads\/2022\/12\/Ford-4-mygtuku-304mhz-nuotolinio-valdymo-pultas-500x5001-removebg-preview.png","type":"image\/png"}],"twitter_card":"summary_large_image","twitter_misc":{"Tempo di lettura stimato":"2 minuti"},"schema":{"@context":"https:\/\/schema.org","@graph":[{"@type":["WebPage","ItemPage"],"@id":"https:\/\/keys-for-auto.eu\/it\/product\/telecomando-idoneo-per-ilford-falcon\/","url":"https:\/\/keys-for-auto.eu\/it\/product\/telecomando-idoneo-per-ilford-falcon\/","name":"- %","isPartOf":{"@id":"https:\/\/keys-for-auto.eu\/it\/#website"},"primaryImageOfPage":{"@id":"https:\/\/keys-for-auto.eu\/it\/product\/telecomando-idoneo-per-ilford-falcon\/#primaryimage"},"image":{"@id":"https:\/\/keys-for-auto.eu\/it\/product\/telecomando-idoneo-per-ilford-falcon\/#primaryimage"},"thumbnailUrl":"https:\/\/keys-for-auto.eu\/wp-content\/uploads\/2022\/12\/Ford-4-mygtuku-304mhz-nuotolinio-valdymo-pultas-500x5001-removebg-preview.png","datePublished":"2016-04-02T19:17:22+00:00","breadcrumb":{"@id":"https:\/\/keys-for-auto.eu\/it\/product\/telecomando-idoneo-per-ilford-falcon\/#breadcrumb"},"inLanguage":"it-IT","potentialAction":[{"@type":"ReadAction","target":["https:\/\/keys-for-auto.eu\/it\/product\/telecomando-idoneo-per-ilford-falcon\/"]}]},{"@type":"ImageObject","inLanguage":"it-IT","@id":"https:\/\/keys-for-auto.eu\/it\/product\/telecomando-idoneo-per-ilford-falcon\/#primaryimage","url":"https:\/\/keys-for-auto.eu\/wp-content\/uploads\/2022\/12\/Ford-4-mygtuku-304mhz-nuotolinio-valdymo-pultas-500x5001-removebg-preview.png","contentUrl":"https:\/\/keys-for-auto.eu\/wp-content\/uploads\/2022\/12\/Ford-4-mygtuku-304mhz-nuotolinio-valdymo-pultas-500x5001-removebg-preview.png","width":500,"height":500},{"@type":"BreadcrumbList","@id":"https:\/\/keys-for-auto.eu\/it\/product\/telecomando-idoneo-per-ilford-falcon\/#breadcrumb","itemListElement":[{"@type":"ListItem","position":1,"name":"Casa","item":"https:\/\/keys-for-auto.eu\/it\/"},{"@type":"ListItem","position":2,"name":"Shop","item":"https:\/\/keys-for-auto.eu\/"},{"@type":"ListItem","position":3,"name":"Telecomando &#8211; adatto per Ford Falcon"}]},{"@type":"WebSite","@id":"https:\/\/keys-for-auto.eu\/it\/#website","url":"https:\/\/keys-for-auto.eu\/it\/","name":"Keys for auto","description":"Car keys,  key shells, key programming","publisher":{"@id":"https:\/\/keys-for-auto.eu\/it\/#organization"},"potentialAction":[{"@type":"SearchAction","target":{"@type":"EntryPoint","urlTemplate":"https:\/\/keys-for-auto.eu\/it\/?s={search_term_string}"},"query-input":{"@type":"PropertyValueSpecification","valueRequired":true,"valueName":"search_term_string"}}],"inLanguage":"it-IT"},{"@type":"Organization","@id":"https:\/\/keys-for-auto.eu\/it\/#organization","name":"Chiavi per auto","url":"https:\/\/keys-for-auto.eu\/it\/","logo":{"@type":"ImageObject","inLanguage":"it-IT","@id":"https:\/\/keys-for-auto.eu\/it\/#\/schema\/logo\/image\/","url":"https:\/\/keys-for-auto.eu\/wp-content\/uploads\/2022\/11\/cropped-png1.png","contentUrl":"https:\/\/keys-for-auto.eu\/wp-content\/uploads\/2022\/11\/cropped-png1.png","width":1000,"height":342,"caption":"Chiavi per auto"},"image":{"@id":"https:\/\/keys-for-auto.eu\/it\/#\/schema\/logo\/image\/"},"sameAs":["https:\/\/www.facebook.com\/KeysForAutoEU"]}]}},"_links":{"self":[{"href":"https:\/\/keys-for-auto.eu\/it\/wp-json\/wp\/v2\/product\/15637","targetHints":{"allow":["GET"]}}],"collection":[{"href":"https:\/\/keys-for-auto.eu\/it\/wp-json\/wp\/v2\/product"}],"about":[{"href":"https:\/\/keys-for-auto.eu\/it\/wp-json\/wp\/v2\/types\/product"}],"replies":[{"embeddable":true,"href":"https:\/\/keys-for-auto.eu\/it\/wp-json\/wp\/v2\/comments?post=15637"}],"wp:featuredmedia":[{"embeddable":true,"href":"https:\/\/keys-for-auto.eu\/it\/wp-json\/wp\/v2\/media\/13202"}],"wp:attachment":[{"href":"https:\/\/keys-for-auto.eu\/it\/wp-json\/wp\/v2\/media?parent=15637"}],"wp:term":[{"taxonomy":"product_brand","embeddable":true,"href":"https:\/\/keys-for-auto.eu\/it\/wp-json\/wp\/v2\/product_brand?post=15637"},{"taxonomy":"product_cat","embeddable":true,"href":"https:\/\/keys-for-auto.eu\/it\/wp-json\/wp\/v2\/product_cat?post=15637"},{"taxonomy":"product_tag","embeddable":true,"href":"https:\/\/keys-for-auto.eu\/it\/wp-json\/wp\/v2\/product_tag?post=15637"}],"curies":[{"name":"wp","href":"https:\/\/api.w.org\/{rel}","templated":true}]}}