{"id":15632,"date":"2016-04-02T18:58:05","date_gmt":"2016-04-02T18:58:05","guid":{"rendered":"https:\/\/keys-for-auto.eu\/product\/chiave-con-telecomando-adatta-per-bmw-3-5-7-x5-x3-z4-e38-e39-e46\/"},"modified":"2016-04-02T18:58:05","modified_gmt":"2016-04-02T18:58:05","slug":"remote-control-key-suitable-for-bmw-3-5-7-x5-x3-z4-e38-e39-e46","status":"publish","type":"product","link":"https:\/\/keys-for-auto.eu\/it\/product\/remote-control-key-suitable-for-bmw-3-5-7-x5-x3-z4-e38-e39-e46\/","title":{"rendered":"Chiave con telecomando &#8211; adatta per BMW 3 | 5 | 7 | X5 | X3 | Z4 | E38 | E39 | E46"},"content":{"rendered":"<p>Chiave con telecomando BMW adatta per 3, 5, 7, X5, X3, Z4, E38, E39, E46. Si tratta di una chiave a tre pulsanti, con chip per telecomando, chip per transponder e nuovo elemento. La chiave deve essere programmata. Potete ordinare questo servizio presso di noi. Programmiamo chiavi da molti anni e utilizziamo solo le tecnologie pi\u00f9 recenti per il nostro lavoro, e le chiavi sono programmate da esperti del settore.<\/p>\n<p>Il chip del telecomando e il transponder (chip) incorporato nella chiave sono i principali vantaggi di questa chiave, in quanto l&#8217;auto sar\u00e0 protetta in modo pi\u00f9 efficiente dall&#8217;allontanamento tramite il transponder. Questo perch\u00e9, per motivi di sicurezza, il transponder \u00e8 incorporato nella testa della chiave (all&#8217;interno della chiave) ed \u00e8 possibile capire se si tratta di una chiave con transponder o di una chiave normale solo utilizzando un&#8217;attrezzatura speciale. Un&#8217;altra cosa da sapere sulle chiavi a transponder \u00e8 che non hanno un&#8217;alimentazione permanente e funzionano a un raggio d&#8217;azione molto breve, da 1 a 10 cm. \u00c8 quindi praticamente impossibile tracciarne o scansionarne il funzionamento.<\/p>\n<p>Se avete bisogno di programmare una chiave telecomando BMW o avete deciso di acquistare una chiave telecomando per la vostra BMW 3, 5, 7, X5, X3, Z4, E38, E39 o E46, contattateci! Programmiamo le vostre chiavi e garantiamo il nostro lavoro, e serviamo i nostri clienti con i pi\u00f9 alti standard di consulenza e servizio.<\/p>\n<p>La programmazione delle chiavi dell&#8217;auto \u00e8 in continua evoluzione. I nostri clienti che ordinano le chiavi telecomandate BMW possono contare su un utilizzo senza problemi e sulla soddisfazione di aver trovato degli specialisti affidabili nella programmazione e nella vendita di chiavi per auto.<\/p>\n<p>Se ci contattate, la produzione delle vostre chiavi sar\u00e0 poco costosa e il servizio sar\u00e0 fornito tempestivamente e con standard elevati. Le chiavi dell&#8217;auto sono il nostro settore di specializzazione, un settore in cui ci sentiamo forti e riceviamo feedback positivi dai nostri clienti. Questo \u00e8 un incentivo per continuare a espandere e migliorare le nostre attivit\u00e0.<\/p>\n","protected":false},"excerpt":{"rendered":"<p><em><strong>Adatto per chiave BMW a tre pulsanti con microchip di controllo remoto con transponder (chip) e nuovo elemento.La chiave necessita di programmazione.<\/strong><\/em><\/p>\n<p><em><strong>Adatto per:<\/strong><\/em><\/p>\n<p><em><strong>BMW 3<\/strong><\/em><\/p>\n<p><em><strong>BMW 5<\/strong><\/em><\/p>\n<p><em><strong>BMW 3 BMW 7<\/strong><\/em><\/p>\n<p><em><strong>BMW X5<\/strong><\/em><\/p>\n<p><em><strong>BMW X3<\/strong><\/em><\/p>\n<p><em><strong>BMW Z4<\/strong><\/em><\/p>\n<p><em><strong>BMW E38<\/strong><\/em><\/p>\n<p><em><strong>BMW E39<\/strong><\/em><\/p>\n<p><em><strong>BMW E46<\/strong><\/em><\/p>\n<h3><strong>Produzione di chiavi per auto<\/strong><\/h3>\n<ul>\n<li><strong>Produzione di nuove chiavi dell&#8217;auto, programmazione delle chiavi (&#8220;binding&#8221; con l&#8217;auto)<\/strong><\/li>\n<li><strong>Eliminazione dalla memoria dell&#8217;auto di chiavi precedentemente smarrite<\/strong><\/li>\n<li><strong>Produzione della chiave di accensione in base alla serratura<\/strong><\/li>\n<li><strong>Riparazione delle chiavi dell&#8217;auto (sostituzione di pulsanti, gusci, meccanismi)<\/strong><\/li>\n<li><strong>Sblocco di emergenza dell&#8217;auto<\/strong><\/li>\n<li><strong>Scambio di chiavi, custodie per chiavi<\/strong><\/li>\n<li><strong>Arresto del software DPF \/ FAP<\/strong><\/li>\n<li><strong>Rimozione programmata dell&#8217;EGR<\/strong><\/li>\n<li><strong>Disattivazione del software dell&#8217;immobilizzatore (immo Off)<\/strong><\/li>\n<li><strong>Riparazione, clonazione e programmazione dell&#8217;unit\u00e0 di controllo del motore (ECU)<\/strong><\/li>\n<li><strong>SRS (Programmazione dell&#8217;unit\u00e0 di controllo degli airbag)<\/strong><\/li>\n<\/ul>\n<h4><strong>  articoli spediti entro 3 giorni lavorativi.*<\/strong><\/h4>\n<p>&nbsp;<\/p>\n<p>&nbsp;<\/p>\n<p>&nbsp;<\/p>\n","protected":false},"featured_media":12712,"comment_status":"open","ping_status":"closed","template":"","meta":[],"product_brand":[],"product_cat":[937,747],"product_tag":[1874,1875,1877,1876,1878,1879,1880],"class_list":{"0":"post-15632","1":"product","2":"type-product","3":"status-publish","4":"has-post-thumbnail","6":"product_cat-bmw-it","7":"product_cat-tasti-del-telecomando","8":"product_tag-bmw-3-chiavi","9":"product_tag-bmw-5-chiavi","10":"product_tag-chiave-bmw","11":"product_tag-chiave-bmw-7","12":"product_tag-chiave-bmw-x3","13":"product_tag-chiave-bmw-x5","14":"product_tag-chiave-bmw-z4","16":"first","17":"instock","18":"shipping-taxable","19":"purchasable","20":"product-type-simple"},"yoast_head":"<!-- This site is optimized with the Yoast SEO plugin v27.6 - https:\/\/yoast.com\/product\/yoast-seo-wordpress\/ -->\n<title>- %<\/title>\n<meta name=\"robots\" content=\"index, follow, max-snippet:-1, max-image-preview:large, max-video-preview:-1\" \/>\n<link rel=\"canonical\" href=\"https:\/\/keys-for-auto.eu\/it\/product\/remote-control-key-suitable-for-bmw-3-5-7-x5-x3-z4-e38-e39-e46\/\" \/>\n<meta property=\"og:locale\" content=\"it_IT\" \/>\n<meta property=\"og:type\" content=\"article\" \/>\n<meta property=\"og:title\" content=\"- %\" \/>\n<meta property=\"og:description\" content=\"Adatto per chiave BMW a tre pulsanti con microchip di controllo remoto con transponder (chip) e nuovo elemento.La chiave necessita di programmazione. Adatto per: BMW 3 BMW 5 BMW 3 BMW 7 BMW X5 BMW X3 BMW Z4 BMW E38 BMW E39 BMW E46 Produzione di chiavi per auto  Produzione di nuove chiavi dell&#039;auto, programmazione delle chiavi (&quot;binding&quot; con l&#039;auto)  Eliminazione dalla memoria dell&#039;auto di chiavi precedentemente smarrite  Produzione della chiave di accensione in base alla serratura  Riparazione delle chiavi dell&#039;auto (sostituzione di pulsanti, gusci, meccanismi)  Sblocco di emergenza dell&#039;auto  Scambio di chiavi, custodie per chiavi  Arresto del software DPF \/ FAP  Rimozione programmata dell&#039;EGR  Disattivazione del software dell&#039;immobilizzatore (immo Off)  Riparazione, clonazione e programmazione dell&#039;unit\u00e0 di controllo del motore (ECU)  SRS (Programmazione dell&#039;unit\u00e0 di controllo degli airbag)  articoli spediti entro 3 giorni lavorativi.* &nbsp; &nbsp; &nbsp;\" \/>\n<meta property=\"og:url\" content=\"https:\/\/keys-for-auto.eu\/it\/product\/remote-control-key-suitable-for-bmw-3-5-7-x5-x3-z4-e38-e39-e46\/\" \/>\n<meta property=\"og:site_name\" content=\"Keys for auto\" \/>\n<meta property=\"article:publisher\" content=\"https:\/\/www.facebook.com\/KeysForAutoEU\" \/>\n<meta property=\"og:image\" content=\"https:\/\/keys-for-auto.eu\/wp-content\/uploads\/2022\/12\/BMW-su-mechanizmu-500x5001-1.jpg\" \/>\n\t<meta property=\"og:image:width\" content=\"500\" \/>\n\t<meta property=\"og:image:height\" content=\"500\" \/>\n\t<meta property=\"og:image:type\" content=\"image\/jpeg\" \/>\n<meta name=\"twitter:card\" content=\"summary_large_image\" \/>\n<meta name=\"twitter:label1\" content=\"Tempo di lettura stimato\" \/>\n\t<meta name=\"twitter:data1\" content=\"2 minuti\" \/>\n<script type=\"application\/ld+json\" class=\"yoast-schema-graph\">{\"@context\":\"https:\\\/\\\/schema.org\",\"@graph\":[{\"@type\":[\"WebPage\",\"ItemPage\"],\"@id\":\"https:\\\/\\\/keys-for-auto.eu\\\/it\\\/product\\\/remote-control-key-suitable-for-bmw-3-5-7-x5-x3-z4-e38-e39-e46\\\/\",\"url\":\"https:\\\/\\\/keys-for-auto.eu\\\/it\\\/product\\\/remote-control-key-suitable-for-bmw-3-5-7-x5-x3-z4-e38-e39-e46\\\/\",\"name\":\"- %\",\"isPartOf\":{\"@id\":\"https:\\\/\\\/keys-for-auto.eu\\\/it\\\/#website\"},\"primaryImageOfPage\":{\"@id\":\"https:\\\/\\\/keys-for-auto.eu\\\/it\\\/product\\\/remote-control-key-suitable-for-bmw-3-5-7-x5-x3-z4-e38-e39-e46\\\/#primaryimage\"},\"image\":{\"@id\":\"https:\\\/\\\/keys-for-auto.eu\\\/it\\\/product\\\/remote-control-key-suitable-for-bmw-3-5-7-x5-x3-z4-e38-e39-e46\\\/#primaryimage\"},\"thumbnailUrl\":\"https:\\\/\\\/keys-for-auto.eu\\\/wp-content\\\/uploads\\\/2022\\\/12\\\/BMW-su-mechanizmu-500x5001-1.jpg\",\"datePublished\":\"2016-04-02T18:58:05+00:00\",\"breadcrumb\":{\"@id\":\"https:\\\/\\\/keys-for-auto.eu\\\/it\\\/product\\\/remote-control-key-suitable-for-bmw-3-5-7-x5-x3-z4-e38-e39-e46\\\/#breadcrumb\"},\"inLanguage\":\"it-IT\",\"potentialAction\":[{\"@type\":\"ReadAction\",\"target\":[\"https:\\\/\\\/keys-for-auto.eu\\\/it\\\/product\\\/remote-control-key-suitable-for-bmw-3-5-7-x5-x3-z4-e38-e39-e46\\\/\"]}]},{\"@type\":\"ImageObject\",\"inLanguage\":\"it-IT\",\"@id\":\"https:\\\/\\\/keys-for-auto.eu\\\/it\\\/product\\\/remote-control-key-suitable-for-bmw-3-5-7-x5-x3-z4-e38-e39-e46\\\/#primaryimage\",\"url\":\"https:\\\/\\\/keys-for-auto.eu\\\/wp-content\\\/uploads\\\/2022\\\/12\\\/BMW-su-mechanizmu-500x5001-1.jpg\",\"contentUrl\":\"https:\\\/\\\/keys-for-auto.eu\\\/wp-content\\\/uploads\\\/2022\\\/12\\\/BMW-su-mechanizmu-500x5001-1.jpg\",\"width\":500,\"height\":500},{\"@type\":\"BreadcrumbList\",\"@id\":\"https:\\\/\\\/keys-for-auto.eu\\\/it\\\/product\\\/remote-control-key-suitable-for-bmw-3-5-7-x5-x3-z4-e38-e39-e46\\\/#breadcrumb\",\"itemListElement\":[{\"@type\":\"ListItem\",\"position\":1,\"name\":\"Casa\",\"item\":\"https:\\\/\\\/keys-for-auto.eu\\\/it\\\/\"},{\"@type\":\"ListItem\",\"position\":2,\"name\":\"Shop\",\"item\":\"https:\\\/\\\/keys-for-auto.eu\\\/\"},{\"@type\":\"ListItem\",\"position\":3,\"name\":\"Chiave con telecomando &#8211; adatta per BMW 3 | 5 | 7 | X5 | X3 | Z4 | E38 | E39 | E46\"}]},{\"@type\":\"WebSite\",\"@id\":\"https:\\\/\\\/keys-for-auto.eu\\\/it\\\/#website\",\"url\":\"https:\\\/\\\/keys-for-auto.eu\\\/it\\\/\",\"name\":\"Keys for auto\",\"description\":\"Car keys,  key shells, key programming\",\"publisher\":{\"@id\":\"https:\\\/\\\/keys-for-auto.eu\\\/it\\\/#organization\"},\"potentialAction\":[{\"@type\":\"SearchAction\",\"target\":{\"@type\":\"EntryPoint\",\"urlTemplate\":\"https:\\\/\\\/keys-for-auto.eu\\\/it\\\/?s={search_term_string}\"},\"query-input\":{\"@type\":\"PropertyValueSpecification\",\"valueRequired\":true,\"valueName\":\"search_term_string\"}}],\"inLanguage\":\"it-IT\"},{\"@type\":\"Organization\",\"@id\":\"https:\\\/\\\/keys-for-auto.eu\\\/it\\\/#organization\",\"name\":\"Chiavi per auto\",\"url\":\"https:\\\/\\\/keys-for-auto.eu\\\/it\\\/\",\"logo\":{\"@type\":\"ImageObject\",\"inLanguage\":\"it-IT\",\"@id\":\"https:\\\/\\\/keys-for-auto.eu\\\/it\\\/#\\\/schema\\\/logo\\\/image\\\/\",\"url\":\"https:\\\/\\\/keys-for-auto.eu\\\/wp-content\\\/uploads\\\/2022\\\/11\\\/cropped-png1.png\",\"contentUrl\":\"https:\\\/\\\/keys-for-auto.eu\\\/wp-content\\\/uploads\\\/2022\\\/11\\\/cropped-png1.png\",\"width\":1000,\"height\":342,\"caption\":\"Chiavi per auto\"},\"image\":{\"@id\":\"https:\\\/\\\/keys-for-auto.eu\\\/it\\\/#\\\/schema\\\/logo\\\/image\\\/\"},\"sameAs\":[\"https:\\\/\\\/www.facebook.com\\\/KeysForAutoEU\"]}]}<\/script>\n<!-- \/ Yoast SEO plugin. -->","yoast_head_json":{"title":"- %","robots":{"index":"index","follow":"follow","max-snippet":"max-snippet:-1","max-image-preview":"max-image-preview:large","max-video-preview":"max-video-preview:-1"},"canonical":"https:\/\/keys-for-auto.eu\/it\/product\/remote-control-key-suitable-for-bmw-3-5-7-x5-x3-z4-e38-e39-e46\/","og_locale":"it_IT","og_type":"article","og_title":"- %","og_description":"Adatto per chiave BMW a tre pulsanti con microchip di controllo remoto con transponder (chip) e nuovo elemento.La chiave necessita di programmazione. Adatto per: BMW 3 BMW 5 BMW 3 BMW 7 BMW X5 BMW X3 BMW Z4 BMW E38 BMW E39 BMW E46 Produzione di chiavi per auto  Produzione di nuove chiavi dell'auto, programmazione delle chiavi (\"binding\" con l'auto)  Eliminazione dalla memoria dell'auto di chiavi precedentemente smarrite  Produzione della chiave di accensione in base alla serratura  Riparazione delle chiavi dell'auto (sostituzione di pulsanti, gusci, meccanismi)  Sblocco di emergenza dell'auto  Scambio di chiavi, custodie per chiavi  Arresto del software DPF \/ FAP  Rimozione programmata dell'EGR  Disattivazione del software dell'immobilizzatore (immo Off)  Riparazione, clonazione e programmazione dell'unit\u00e0 di controllo del motore (ECU)  SRS (Programmazione dell'unit\u00e0 di controllo degli airbag)  articoli spediti entro 3 giorni lavorativi.* &nbsp; &nbsp; &nbsp;","og_url":"https:\/\/keys-for-auto.eu\/it\/product\/remote-control-key-suitable-for-bmw-3-5-7-x5-x3-z4-e38-e39-e46\/","og_site_name":"Keys for auto","article_publisher":"https:\/\/www.facebook.com\/KeysForAutoEU","og_image":[{"width":500,"height":500,"url":"https:\/\/keys-for-auto.eu\/wp-content\/uploads\/2022\/12\/BMW-su-mechanizmu-500x5001-1.jpg","type":"image\/jpeg"}],"twitter_card":"summary_large_image","twitter_misc":{"Tempo di lettura stimato":"2 minuti"},"schema":{"@context":"https:\/\/schema.org","@graph":[{"@type":["WebPage","ItemPage"],"@id":"https:\/\/keys-for-auto.eu\/it\/product\/remote-control-key-suitable-for-bmw-3-5-7-x5-x3-z4-e38-e39-e46\/","url":"https:\/\/keys-for-auto.eu\/it\/product\/remote-control-key-suitable-for-bmw-3-5-7-x5-x3-z4-e38-e39-e46\/","name":"- %","isPartOf":{"@id":"https:\/\/keys-for-auto.eu\/it\/#website"},"primaryImageOfPage":{"@id":"https:\/\/keys-for-auto.eu\/it\/product\/remote-control-key-suitable-for-bmw-3-5-7-x5-x3-z4-e38-e39-e46\/#primaryimage"},"image":{"@id":"https:\/\/keys-for-auto.eu\/it\/product\/remote-control-key-suitable-for-bmw-3-5-7-x5-x3-z4-e38-e39-e46\/#primaryimage"},"thumbnailUrl":"https:\/\/keys-for-auto.eu\/wp-content\/uploads\/2022\/12\/BMW-su-mechanizmu-500x5001-1.jpg","datePublished":"2016-04-02T18:58:05+00:00","breadcrumb":{"@id":"https:\/\/keys-for-auto.eu\/it\/product\/remote-control-key-suitable-for-bmw-3-5-7-x5-x3-z4-e38-e39-e46\/#breadcrumb"},"inLanguage":"it-IT","potentialAction":[{"@type":"ReadAction","target":["https:\/\/keys-for-auto.eu\/it\/product\/remote-control-key-suitable-for-bmw-3-5-7-x5-x3-z4-e38-e39-e46\/"]}]},{"@type":"ImageObject","inLanguage":"it-IT","@id":"https:\/\/keys-for-auto.eu\/it\/product\/remote-control-key-suitable-for-bmw-3-5-7-x5-x3-z4-e38-e39-e46\/#primaryimage","url":"https:\/\/keys-for-auto.eu\/wp-content\/uploads\/2022\/12\/BMW-su-mechanizmu-500x5001-1.jpg","contentUrl":"https:\/\/keys-for-auto.eu\/wp-content\/uploads\/2022\/12\/BMW-su-mechanizmu-500x5001-1.jpg","width":500,"height":500},{"@type":"BreadcrumbList","@id":"https:\/\/keys-for-auto.eu\/it\/product\/remote-control-key-suitable-for-bmw-3-5-7-x5-x3-z4-e38-e39-e46\/#breadcrumb","itemListElement":[{"@type":"ListItem","position":1,"name":"Casa","item":"https:\/\/keys-for-auto.eu\/it\/"},{"@type":"ListItem","position":2,"name":"Shop","item":"https:\/\/keys-for-auto.eu\/"},{"@type":"ListItem","position":3,"name":"Chiave con telecomando &#8211; adatta per BMW 3 | 5 | 7 | X5 | X3 | Z4 | E38 | E39 | E46"}]},{"@type":"WebSite","@id":"https:\/\/keys-for-auto.eu\/it\/#website","url":"https:\/\/keys-for-auto.eu\/it\/","name":"Keys for auto","description":"Car keys,  key shells, key programming","publisher":{"@id":"https:\/\/keys-for-auto.eu\/it\/#organization"},"potentialAction":[{"@type":"SearchAction","target":{"@type":"EntryPoint","urlTemplate":"https:\/\/keys-for-auto.eu\/it\/?s={search_term_string}"},"query-input":{"@type":"PropertyValueSpecification","valueRequired":true,"valueName":"search_term_string"}}],"inLanguage":"it-IT"},{"@type":"Organization","@id":"https:\/\/keys-for-auto.eu\/it\/#organization","name":"Chiavi per auto","url":"https:\/\/keys-for-auto.eu\/it\/","logo":{"@type":"ImageObject","inLanguage":"it-IT","@id":"https:\/\/keys-for-auto.eu\/it\/#\/schema\/logo\/image\/","url":"https:\/\/keys-for-auto.eu\/wp-content\/uploads\/2022\/11\/cropped-png1.png","contentUrl":"https:\/\/keys-for-auto.eu\/wp-content\/uploads\/2022\/11\/cropped-png1.png","width":1000,"height":342,"caption":"Chiavi per auto"},"image":{"@id":"https:\/\/keys-for-auto.eu\/it\/#\/schema\/logo\/image\/"},"sameAs":["https:\/\/www.facebook.com\/KeysForAutoEU"]}]}},"_links":{"self":[{"href":"https:\/\/keys-for-auto.eu\/it\/wp-json\/wp\/v2\/product\/15632","targetHints":{"allow":["GET"]}}],"collection":[{"href":"https:\/\/keys-for-auto.eu\/it\/wp-json\/wp\/v2\/product"}],"about":[{"href":"https:\/\/keys-for-auto.eu\/it\/wp-json\/wp\/v2\/types\/product"}],"replies":[{"embeddable":true,"href":"https:\/\/keys-for-auto.eu\/it\/wp-json\/wp\/v2\/comments?post=15632"}],"wp:featuredmedia":[{"embeddable":true,"href":"https:\/\/keys-for-auto.eu\/it\/wp-json\/wp\/v2\/media\/12712"}],"wp:attachment":[{"href":"https:\/\/keys-for-auto.eu\/it\/wp-json\/wp\/v2\/media?parent=15632"}],"wp:term":[{"taxonomy":"product_brand","embeddable":true,"href":"https:\/\/keys-for-auto.eu\/it\/wp-json\/wp\/v2\/product_brand?post=15632"},{"taxonomy":"product_cat","embeddable":true,"href":"https:\/\/keys-for-auto.eu\/it\/wp-json\/wp\/v2\/product_cat?post=15632"},{"taxonomy":"product_tag","embeddable":true,"href":"https:\/\/keys-for-auto.eu\/it\/wp-json\/wp\/v2\/product_tag?post=15632"}],"curies":[{"name":"wp","href":"https:\/\/api.w.org\/{rel}","templated":true}]}}