{"id":15589,"date":"2016-04-02T19:55:08","date_gmt":"2016-04-02T19:55:08","guid":{"rendered":"https:\/\/keys-for-auto.eu\/product\/chiave-con-telecomando-adatta-alle-auto-audi\/"},"modified":"2016-04-02T19:55:08","modified_gmt":"2016-04-02T19:55:08","slug":"chiave-con-telecomando-adatta-alle-auto-audi","status":"publish","type":"product","link":"https:\/\/keys-for-auto.eu\/it\/product\/chiave-con-telecomando-adatta-alle-auto-audi\/","title":{"rendered":"Chiave con telecomando &#8211; adatta alle auto Audi"},"content":{"rendered":"<h2>Chiave con telecomando per auto Audi<\/h2>\n<h3><strong>&#8220;Chiave telecomando per auto Audi, funzionante a 868 MHz 433 MHz e 315 MHz.<\/strong><\/h3>\n<p>&#8220;La chiave telecomando per le auto Audi \u00e8 composta da 3 pulsanti: sblocco, blocco e apertura del bagagliaio. Vi consigliamo di acquistare due chiavi telecomando Audi in caso di smarrimento della prima, in quanto questa soluzione \u00e8 molto pi\u00f9 economica rispetto alla spesa extra per un&#8217;apertura di emergenza. Se non potete permettervi di investire in due chiavi con telecomando, acquistate almeno una chiave meccanica aggiuntiva. Questo vi far\u00e0 risparmiare tempo, denaro e nervi.<\/p>\n<h3><strong>Programmazione dei tasti<\/strong><\/h3>\n<p>Non avete ancora deciso in quale negozio acquistare la chiave con telecomando per la vostra Audi. Possiamo aiutarvi! Noi programmiamo le chiavi e possiamo affermare con responsabilit\u00e0 che questo \u00e8 un settore in cui siamo professionisti. Siamo specializzati in questo settore da molti anni e mettiamo a frutto la nostra esperienza per soddisfare i desideri anche dei clienti pi\u00f9 esigenti, perch\u00e9 ogni cliente e la sicurezza della sua auto sono la missione della nostra azienda, che si avvale della tecnologia pi\u00f9 avanzata e di un team di specialisti professionisti per realizzarla.<\/p>\n<p>La vostra Audi merita di essere dotata di tutti i dispositivi di sicurezza necessari, e questo pu\u00f2 essere garantito non solo dalle chiavi con telecomando, ma anche dall&#8217;installazione di un immobilizzatore. Questo sistema \u00e8 affidabile e sicuro, in quanto impedisce a chi non \u00e8 proprietario di avviare il veicolo. In questo modo, garantirete la protezione della vostra Audi dall&#8217;allontanamento. Per saperne di pi\u00f9, leggete qui.<\/p>\n<p>La programmazione delle chiavi dell&#8217;auto sta diventando un servizio sempre pi\u00f9 richiesto, quindi \u00e8 importante controllare il loro curriculum e le recensioni dei clienti prima di scegliere un fornitore per questo servizio. Siamo orgogliosi di poter affermare che i nostri clienti non solo sono soddisfatti della programmazione delle chiavi dell&#8217;auto, ma ci raccomandano anche ad amici, parenti e conoscenti.<\/p>\n<h3><strong>Produzione di chiavi<\/strong><\/h3>\n<p>La produzione di Key si sta espandendo e migliorando, e stiamo lavorando duramente per migliorare i nostri servizi. Stiamo implementando innovazioni tecnologiche nella produzione di chiavi e ci sforziamo di stare al passo con le tendenze del mercato. Non abbiamo dubbi che la vostra Audi meriti sicurezza e cure specializzate, che siamo lieti di fornire a voi e alla vostra auto.<\/p>\n<p>Le chiavi dell&#8217;auto sono una preoccupazione condivisa tra voi e noi, quindi vi invitiamo a collaborare con noi per l&#8217;acquisto delle vostre chiavi Audi telecomandate!<\/p>\n","protected":false},"excerpt":{"rendered":"<p>Chiave per auto Audi, con telecomando (868MHz 433MHz, 315MHz).<\/p>\n<p><strong>Numeri chiave:<\/strong><\/p>\n<p><strong>8T0-959-754C<\/strong><br \/>\n<strong>8K0-959-754G<\/strong><br \/>\n<strong>8T0-959-754G<\/strong><br \/>\n<strong>8KO-959-754J<\/strong><br \/>\n<strong>8KO-959-754C<\/strong><\/p>\n<p><strong>E altri&#8230;.<\/strong><\/p>\n<h3><strong>Produzione di chiavi per auto<\/strong><\/h3>\n<ul>\n<li><strong>Produzione di nuove chiavi dell&#8217;auto, programmazione delle chiavi (&#8220;binding&#8221; con l&#8217;auto)<\/strong><\/li>\n<li><strong>Eliminazione dalla memoria dell&#8217;auto di chiavi precedentemente smarrite<\/strong><\/li>\n<li><strong>Produzione della chiave di accensione in base alla serratura<\/strong><\/li>\n<li><strong>Riparazione delle chiavi dell&#8217;auto (sostituzione di pulsanti, gusci, meccanismi)<\/strong><\/li>\n<li><strong>Sblocco di emergenza dell&#8217;auto<\/strong><\/li>\n<li><strong>Scambio di chiavi, custodie per chiavi<\/strong><\/li>\n<li><strong>Arresto del software DPF \/ FAP<\/strong><\/li>\n<li><strong>Rimozione programmata dell&#8217;EGR<\/strong><\/li>\n<li><strong>Disattivazione del software dell&#8217;immobilizzatore (immo Off)<\/strong><\/li>\n<li><strong>Riparazione, clonazione e programmazione dell&#8217;unit\u00e0 di controllo del motore (ECU)<\/strong><\/li>\n<li><strong>SRS (Programmazione dell&#8217;unit\u00e0 di controllo degli airbag)<\/strong><\/li>\n<\/ul>\n<h4><strong>  articoli spediti entro il 3d.d.*<\/strong><\/h4>\n<p>&nbsp;<\/p>\n<p>&nbsp;<\/p>\n<p>&nbsp;<\/p>\n","protected":false},"featured_media":12602,"comment_status":"open","ping_status":"closed","template":"","meta":[],"product_brand":[],"product_cat":[861,747],"product_tag":[862,1366,1367,1369,1371,1543,1373,1374],"class_list":{"0":"post-15589","1":"product","2":"type-product","3":"status-publish","4":"has-post-thumbnail","6":"product_cat-audi-it","7":"product_cat-tasti-del-telecomando","8":"product_tag-chiave-audi","9":"product_tag-chiave-audi-a4","10":"product_tag-chiave-audi-a6","11":"product_tag-chiave-audi-a6l","12":"product_tag-chiave-audi-q5","13":"product_tag-chiave-audi-q7","14":"product_tag-chiave-audi-s8","15":"product_tag-chiave-audi-tt","17":"first","18":"instock","19":"shipping-taxable","20":"purchasable","21":"product-type-simple"},"yoast_head":"<!-- This site is optimized with the Yoast SEO plugin v27.3 - https:\/\/yoast.com\/product\/yoast-seo-wordpress\/ -->\n<title>- %<\/title>\n<meta name=\"robots\" content=\"index, follow, max-snippet:-1, max-image-preview:large, max-video-preview:-1\" \/>\n<link rel=\"canonical\" href=\"https:\/\/keys-for-auto.eu\/it\/product\/chiave-con-telecomando-adatta-alle-auto-audi\/\" \/>\n<meta property=\"og:locale\" content=\"it_IT\" \/>\n<meta property=\"og:type\" content=\"article\" \/>\n<meta property=\"og:title\" content=\"- %\" \/>\n<meta property=\"og:description\" content=\"Chiave per auto Audi, con telecomando (868MHz 433MHz, 315MHz). Numeri chiave: 8T0-959-754C 8K0-959-754G 8T0-959-754G 8KO-959-754J 8KO-959-754C E altri.... Produzione di chiavi per auto  Produzione di nuove chiavi dell&#039;auto, programmazione delle chiavi (&quot;binding&quot; con l&#039;auto)  Eliminazione dalla memoria dell&#039;auto di chiavi precedentemente smarrite  Produzione della chiave di accensione in base alla serratura  Riparazione delle chiavi dell&#039;auto (sostituzione di pulsanti, gusci, meccanismi)  Sblocco di emergenza dell&#039;auto  Scambio di chiavi, custodie per chiavi  Arresto del software DPF \/ FAP  Rimozione programmata dell&#039;EGR  Disattivazione del software dell&#039;immobilizzatore (immo Off)  Riparazione, clonazione e programmazione dell&#039;unit\u00e0 di controllo del motore (ECU)  SRS (Programmazione dell&#039;unit\u00e0 di controllo degli airbag)  articoli spediti entro il 3d.d.* &nbsp; &nbsp; &nbsp;\" \/>\n<meta property=\"og:url\" content=\"https:\/\/keys-for-auto.eu\/it\/product\/chiave-con-telecomando-adatta-alle-auto-audi\/\" \/>\n<meta property=\"og:site_name\" content=\"Keys for auto\" \/>\n<meta property=\"article:publisher\" content=\"https:\/\/www.facebook.com\/KeysForAutoEU\" \/>\n<meta property=\"og:image\" content=\"https:\/\/keys-for-auto.eu\/wp-content\/uploads\/2022\/12\/Audi-smart-raktas-500x5001-removebg-preview.png\" \/>\n\t<meta property=\"og:image:width\" content=\"500\" \/>\n\t<meta property=\"og:image:height\" content=\"500\" \/>\n\t<meta property=\"og:image:type\" content=\"image\/png\" \/>\n<meta name=\"twitter:card\" content=\"summary_large_image\" \/>\n<meta name=\"twitter:label1\" content=\"Tempo di lettura stimato\" \/>\n\t<meta name=\"twitter:data1\" content=\"2 minuti\" \/>\n<script type=\"application\/ld+json\" class=\"yoast-schema-graph\">{\"@context\":\"https:\\\/\\\/schema.org\",\"@graph\":[{\"@type\":[\"WebPage\",\"ItemPage\"],\"@id\":\"https:\\\/\\\/keys-for-auto.eu\\\/it\\\/product\\\/chiave-con-telecomando-adatta-alle-auto-audi\\\/\",\"url\":\"https:\\\/\\\/keys-for-auto.eu\\\/it\\\/product\\\/chiave-con-telecomando-adatta-alle-auto-audi\\\/\",\"name\":\"- %\",\"isPartOf\":{\"@id\":\"https:\\\/\\\/keys-for-auto.eu\\\/it\\\/#website\"},\"primaryImageOfPage\":{\"@id\":\"https:\\\/\\\/keys-for-auto.eu\\\/it\\\/product\\\/chiave-con-telecomando-adatta-alle-auto-audi\\\/#primaryimage\"},\"image\":{\"@id\":\"https:\\\/\\\/keys-for-auto.eu\\\/it\\\/product\\\/chiave-con-telecomando-adatta-alle-auto-audi\\\/#primaryimage\"},\"thumbnailUrl\":\"https:\\\/\\\/keys-for-auto.eu\\\/wp-content\\\/uploads\\\/2022\\\/12\\\/Audi-smart-raktas-500x5001-removebg-preview.png\",\"datePublished\":\"2016-04-02T19:55:08+00:00\",\"breadcrumb\":{\"@id\":\"https:\\\/\\\/keys-for-auto.eu\\\/it\\\/product\\\/chiave-con-telecomando-adatta-alle-auto-audi\\\/#breadcrumb\"},\"inLanguage\":\"it-IT\",\"potentialAction\":[{\"@type\":\"ReadAction\",\"target\":[\"https:\\\/\\\/keys-for-auto.eu\\\/it\\\/product\\\/chiave-con-telecomando-adatta-alle-auto-audi\\\/\"]}]},{\"@type\":\"ImageObject\",\"inLanguage\":\"it-IT\",\"@id\":\"https:\\\/\\\/keys-for-auto.eu\\\/it\\\/product\\\/chiave-con-telecomando-adatta-alle-auto-audi\\\/#primaryimage\",\"url\":\"https:\\\/\\\/keys-for-auto.eu\\\/wp-content\\\/uploads\\\/2022\\\/12\\\/Audi-smart-raktas-500x5001-removebg-preview.png\",\"contentUrl\":\"https:\\\/\\\/keys-for-auto.eu\\\/wp-content\\\/uploads\\\/2022\\\/12\\\/Audi-smart-raktas-500x5001-removebg-preview.png\",\"width\":500,\"height\":500},{\"@type\":\"BreadcrumbList\",\"@id\":\"https:\\\/\\\/keys-for-auto.eu\\\/it\\\/product\\\/chiave-con-telecomando-adatta-alle-auto-audi\\\/#breadcrumb\",\"itemListElement\":[{\"@type\":\"ListItem\",\"position\":1,\"name\":\"Casa\",\"item\":\"https:\\\/\\\/keys-for-auto.eu\\\/it\\\/\"},{\"@type\":\"ListItem\",\"position\":2,\"name\":\"Shop\",\"item\":\"https:\\\/\\\/keys-for-auto.eu\\\/\"},{\"@type\":\"ListItem\",\"position\":3,\"name\":\"Chiave con telecomando &#8211; adatta alle auto Audi\"}]},{\"@type\":\"WebSite\",\"@id\":\"https:\\\/\\\/keys-for-auto.eu\\\/it\\\/#website\",\"url\":\"https:\\\/\\\/keys-for-auto.eu\\\/it\\\/\",\"name\":\"Keys for auto\",\"description\":\"Car keys,  key shells, key programming\",\"publisher\":{\"@id\":\"https:\\\/\\\/keys-for-auto.eu\\\/it\\\/#organization\"},\"potentialAction\":[{\"@type\":\"SearchAction\",\"target\":{\"@type\":\"EntryPoint\",\"urlTemplate\":\"https:\\\/\\\/keys-for-auto.eu\\\/it\\\/?s={search_term_string}\"},\"query-input\":{\"@type\":\"PropertyValueSpecification\",\"valueRequired\":true,\"valueName\":\"search_term_string\"}}],\"inLanguage\":\"it-IT\"},{\"@type\":\"Organization\",\"@id\":\"https:\\\/\\\/keys-for-auto.eu\\\/it\\\/#organization\",\"name\":\"Chiavi per auto\",\"url\":\"https:\\\/\\\/keys-for-auto.eu\\\/it\\\/\",\"logo\":{\"@type\":\"ImageObject\",\"inLanguage\":\"it-IT\",\"@id\":\"https:\\\/\\\/keys-for-auto.eu\\\/it\\\/#\\\/schema\\\/logo\\\/image\\\/\",\"url\":\"https:\\\/\\\/keys-for-auto.eu\\\/wp-content\\\/uploads\\\/2022\\\/11\\\/cropped-png1.png\",\"contentUrl\":\"https:\\\/\\\/keys-for-auto.eu\\\/wp-content\\\/uploads\\\/2022\\\/11\\\/cropped-png1.png\",\"width\":1000,\"height\":342,\"caption\":\"Chiavi per auto\"},\"image\":{\"@id\":\"https:\\\/\\\/keys-for-auto.eu\\\/it\\\/#\\\/schema\\\/logo\\\/image\\\/\"},\"sameAs\":[\"https:\\\/\\\/www.facebook.com\\\/KeysForAutoEU\"]}]}<\/script>\n<!-- \/ Yoast SEO plugin. -->","yoast_head_json":{"title":"- %","robots":{"index":"index","follow":"follow","max-snippet":"max-snippet:-1","max-image-preview":"max-image-preview:large","max-video-preview":"max-video-preview:-1"},"canonical":"https:\/\/keys-for-auto.eu\/it\/product\/chiave-con-telecomando-adatta-alle-auto-audi\/","og_locale":"it_IT","og_type":"article","og_title":"- %","og_description":"Chiave per auto Audi, con telecomando (868MHz 433MHz, 315MHz). Numeri chiave: 8T0-959-754C 8K0-959-754G 8T0-959-754G 8KO-959-754J 8KO-959-754C E altri.... Produzione di chiavi per auto  Produzione di nuove chiavi dell'auto, programmazione delle chiavi (\"binding\" con l'auto)  Eliminazione dalla memoria dell'auto di chiavi precedentemente smarrite  Produzione della chiave di accensione in base alla serratura  Riparazione delle chiavi dell'auto (sostituzione di pulsanti, gusci, meccanismi)  Sblocco di emergenza dell'auto  Scambio di chiavi, custodie per chiavi  Arresto del software DPF \/ FAP  Rimozione programmata dell'EGR  Disattivazione del software dell'immobilizzatore (immo Off)  Riparazione, clonazione e programmazione dell'unit\u00e0 di controllo del motore (ECU)  SRS (Programmazione dell'unit\u00e0 di controllo degli airbag)  articoli spediti entro il 3d.d.* &nbsp; &nbsp; &nbsp;","og_url":"https:\/\/keys-for-auto.eu\/it\/product\/chiave-con-telecomando-adatta-alle-auto-audi\/","og_site_name":"Keys for auto","article_publisher":"https:\/\/www.facebook.com\/KeysForAutoEU","og_image":[{"width":500,"height":500,"url":"https:\/\/keys-for-auto.eu\/wp-content\/uploads\/2022\/12\/Audi-smart-raktas-500x5001-removebg-preview.png","type":"image\/png"}],"twitter_card":"summary_large_image","twitter_misc":{"Tempo di lettura stimato":"2 minuti"},"schema":{"@context":"https:\/\/schema.org","@graph":[{"@type":["WebPage","ItemPage"],"@id":"https:\/\/keys-for-auto.eu\/it\/product\/chiave-con-telecomando-adatta-alle-auto-audi\/","url":"https:\/\/keys-for-auto.eu\/it\/product\/chiave-con-telecomando-adatta-alle-auto-audi\/","name":"- %","isPartOf":{"@id":"https:\/\/keys-for-auto.eu\/it\/#website"},"primaryImageOfPage":{"@id":"https:\/\/keys-for-auto.eu\/it\/product\/chiave-con-telecomando-adatta-alle-auto-audi\/#primaryimage"},"image":{"@id":"https:\/\/keys-for-auto.eu\/it\/product\/chiave-con-telecomando-adatta-alle-auto-audi\/#primaryimage"},"thumbnailUrl":"https:\/\/keys-for-auto.eu\/wp-content\/uploads\/2022\/12\/Audi-smart-raktas-500x5001-removebg-preview.png","datePublished":"2016-04-02T19:55:08+00:00","breadcrumb":{"@id":"https:\/\/keys-for-auto.eu\/it\/product\/chiave-con-telecomando-adatta-alle-auto-audi\/#breadcrumb"},"inLanguage":"it-IT","potentialAction":[{"@type":"ReadAction","target":["https:\/\/keys-for-auto.eu\/it\/product\/chiave-con-telecomando-adatta-alle-auto-audi\/"]}]},{"@type":"ImageObject","inLanguage":"it-IT","@id":"https:\/\/keys-for-auto.eu\/it\/product\/chiave-con-telecomando-adatta-alle-auto-audi\/#primaryimage","url":"https:\/\/keys-for-auto.eu\/wp-content\/uploads\/2022\/12\/Audi-smart-raktas-500x5001-removebg-preview.png","contentUrl":"https:\/\/keys-for-auto.eu\/wp-content\/uploads\/2022\/12\/Audi-smart-raktas-500x5001-removebg-preview.png","width":500,"height":500},{"@type":"BreadcrumbList","@id":"https:\/\/keys-for-auto.eu\/it\/product\/chiave-con-telecomando-adatta-alle-auto-audi\/#breadcrumb","itemListElement":[{"@type":"ListItem","position":1,"name":"Casa","item":"https:\/\/keys-for-auto.eu\/it\/"},{"@type":"ListItem","position":2,"name":"Shop","item":"https:\/\/keys-for-auto.eu\/"},{"@type":"ListItem","position":3,"name":"Chiave con telecomando &#8211; adatta alle auto Audi"}]},{"@type":"WebSite","@id":"https:\/\/keys-for-auto.eu\/it\/#website","url":"https:\/\/keys-for-auto.eu\/it\/","name":"Keys for auto","description":"Car keys,  key shells, key programming","publisher":{"@id":"https:\/\/keys-for-auto.eu\/it\/#organization"},"potentialAction":[{"@type":"SearchAction","target":{"@type":"EntryPoint","urlTemplate":"https:\/\/keys-for-auto.eu\/it\/?s={search_term_string}"},"query-input":{"@type":"PropertyValueSpecification","valueRequired":true,"valueName":"search_term_string"}}],"inLanguage":"it-IT"},{"@type":"Organization","@id":"https:\/\/keys-for-auto.eu\/it\/#organization","name":"Chiavi per auto","url":"https:\/\/keys-for-auto.eu\/it\/","logo":{"@type":"ImageObject","inLanguage":"it-IT","@id":"https:\/\/keys-for-auto.eu\/it\/#\/schema\/logo\/image\/","url":"https:\/\/keys-for-auto.eu\/wp-content\/uploads\/2022\/11\/cropped-png1.png","contentUrl":"https:\/\/keys-for-auto.eu\/wp-content\/uploads\/2022\/11\/cropped-png1.png","width":1000,"height":342,"caption":"Chiavi per auto"},"image":{"@id":"https:\/\/keys-for-auto.eu\/it\/#\/schema\/logo\/image\/"},"sameAs":["https:\/\/www.facebook.com\/KeysForAutoEU"]}]}},"_links":{"self":[{"href":"https:\/\/keys-for-auto.eu\/it\/wp-json\/wp\/v2\/product\/15589","targetHints":{"allow":["GET"]}}],"collection":[{"href":"https:\/\/keys-for-auto.eu\/it\/wp-json\/wp\/v2\/product"}],"about":[{"href":"https:\/\/keys-for-auto.eu\/it\/wp-json\/wp\/v2\/types\/product"}],"replies":[{"embeddable":true,"href":"https:\/\/keys-for-auto.eu\/it\/wp-json\/wp\/v2\/comments?post=15589"}],"wp:featuredmedia":[{"embeddable":true,"href":"https:\/\/keys-for-auto.eu\/it\/wp-json\/wp\/v2\/media\/12602"}],"wp:attachment":[{"href":"https:\/\/keys-for-auto.eu\/it\/wp-json\/wp\/v2\/media?parent=15589"}],"wp:term":[{"taxonomy":"product_brand","embeddable":true,"href":"https:\/\/keys-for-auto.eu\/it\/wp-json\/wp\/v2\/product_brand?post=15589"},{"taxonomy":"product_cat","embeddable":true,"href":"https:\/\/keys-for-auto.eu\/it\/wp-json\/wp\/v2\/product_cat?post=15589"},{"taxonomy":"product_tag","embeddable":true,"href":"https:\/\/keys-for-auto.eu\/it\/wp-json\/wp\/v2\/product_tag?post=15589"}],"curies":[{"name":"wp","href":"https:\/\/api.w.org\/{rel}","templated":true}]}}