{"id":15562,"date":"2016-04-02T20:03:28","date_gmt":"2016-04-02T20:03:28","guid":{"rendered":"https:\/\/keys-for-auto.eu\/product\/chiave-intelligente-con-telecomando-adatta-per-bmw-classe-3-5-7\/"},"modified":"2016-04-02T20:03:28","modified_gmt":"2016-04-02T20:03:28","slug":"chiave-intelligente-con-controllo-a-distanza-adatta-a-bmw-3-5-7","status":"publish","type":"product","link":"https:\/\/keys-for-auto.eu\/it\/product\/chiave-intelligente-con-controllo-a-distanza-adatta-a-bmw-3-5-7\/","title":{"rendered":"Chiave intelligente con telecomando &#8211; adatta per BMW (Classe 3 | 5 | 7)"},"content":{"rendered":"<h2>Chiave intelligente con telecomando &#8211; adatta per BMW (Classe 3 | 5 | 7)<\/h2>\n<p>Chiave intelligente con telecomando e transponder (sistema CAS) &#8211; per BMW (Classe 3 | 5 | 7). Il sistema CAS \u00e8 stato progettato per proteggere i veicoli BMW dal rischio di essere investiti. Si distingue per la presenza di un transponder in ogni chiave dell&#8217;auto. Una bobina toroidale \u00e8 posizionata sul blocco di accensione. Il transponder viene alimentato da questa bobina. Non \u00e8 quindi pi\u00f9 necessario inserire una cella energetica nella chiave. Tra la bobina toroidale del blocchetto di accensione e il transponder avviene uno scambio di informazioni e di energia. In questo modo la macchina si avvia.<\/p>\n<h2>Programmazione dei tasti<\/h2>\n<p>Programmiamo chiavi non solo per BMW, ma anche per altre marche e modelli. Contattateci per una gamma completa di servizi e prodotti: programmazione di chiavi, chiavi telecomandate e custodie per chiavi per auto. Crediamo che non sia la destinazione a darci gioia sulla strada, ma il viaggio stesso. Vi auguriamo solo buone strade e le migliori esperienze di viaggio! E nessun viaggio sar\u00e0 considerato un successo se la vostra auto non \u00e8 sufficientemente protetta. Per questo motivo vi suggeriamo di occuparvi della sicurezza della vostra BMW acquistando una chiave BMW con telecomando e transponder (sistema CAS). Questo sistema \u00e8 affidabile e apprezzato dagli automobilisti BMW. Approfittate anche voi dei suoi benefici! Programmiamo le chiavi . La programmazione delle chiavi dell&#8217;auto \u00e8 un campo preciso e professionale, per questo motivo aggiorniamo costantemente le competenze del nostro personale e ci dotiamo delle pi\u00f9 recenti tecnologie per la produzione e la programmazione delle chiavi.<\/p>\n<h2>Produzione chiave<\/h2>\n<p>La produzione di chiavi \u00e8 un&#8217;area di specializzazione in cui ci sentiamo sicuri di fornire ai nostri clienti un servizio di alta qualit\u00e0 e piacevolezza. Chiavi per tutte le marche e i modelli &#8211; per viaggi di successo e ricordi indimenticabili, senza preoccupazioni per la sicurezza della vostra BMW.<\/p>\n","protected":false},"excerpt":{"rendered":"<p>Chiave intelligente con telecomando e transponder (sistema CAS) per auto BMW. Adatto per:<\/p>\n<p><strong>Serie 1<\/strong><br \/>\n<strong>Serie 3 (2005 &#8211; 2011)<\/strong><br \/>\n<strong>Serie 5 (2003 &#8211; 2010)<\/strong><br \/>\n<strong>Serie 6 (2004 &#8211; 2010)<\/strong><br \/>\n<strong>X5 (2006 &#8211; 2010)<\/strong><\/p>\n<p><em><strong>Programmazione della produzione di chiavi BMW Al momento dell&#8217;ordine specificare l&#8217;auto europea o americana.<\/strong><\/em><\/p>\n<h3><strong>Produzione di chiavi per auto<\/strong><\/h3>\n<ul>\n<li><strong>Produzione di nuove chiavi dell&#8217;auto, programmazione delle chiavi (&#8220;binding&#8221; con l&#8217;auto)<\/strong><\/li>\n<li><strong>Eliminazione dalla memoria dell&#8217;auto di chiavi precedentemente smarrite<\/strong><\/li>\n<li><strong>Produzione della chiave di accensione in base alla serratura<\/strong><\/li>\n<li><strong>Riparazione delle chiavi dell&#8217;auto (sostituzione di pulsanti, gusci, meccanismi)<\/strong><\/li>\n<li><strong>Sblocco di emergenza dell&#8217;auto<\/strong><\/li>\n<li><strong>Scambio di chiavi, custodie per chiavi<\/strong><\/li>\n<li><strong>Arresto del software DPF \/ FAP<\/strong><\/li>\n<li><strong>Rimozione programmata dell&#8217;EGR<\/strong><\/li>\n<li><strong>Disattivazione del software dell&#8217;immobilizzatore (immo Off)<\/strong><\/li>\n<li><strong>Riparazione, clonazione e programmazione dell&#8217;unit\u00e0 di controllo del motore (ECU)<\/strong><\/li>\n<li><strong>SRS (Programmazione dell&#8217;unit\u00e0 di controllo degli airbag)<\/strong><\/li>\n<\/ul>\n<h4><strong>  articoli spediti entro 3 giorni lavorativi.*<\/strong><\/h4>\n<p>&nbsp;<\/p>\n","protected":false},"featured_media":12737,"comment_status":"open","ping_status":"closed","template":"","meta":[],"product_brand":[],"product_cat":[937,747],"product_tag":[1874,1875,1877,1876],"class_list":{"0":"post-15562","1":"product","2":"type-product","3":"status-publish","4":"has-post-thumbnail","6":"product_cat-bmw-it","7":"product_cat-tasti-del-telecomando","8":"product_tag-bmw-3-chiavi","9":"product_tag-bmw-5-chiavi","10":"product_tag-chiave-bmw","11":"product_tag-chiave-bmw-7","13":"first","14":"instock","15":"shipping-taxable","16":"purchasable","17":"product-type-simple"},"yoast_head":"<!-- This site is optimized with the Yoast SEO plugin v27.6 - https:\/\/yoast.com\/product\/yoast-seo-wordpress\/ -->\n<title>- %<\/title>\n<meta name=\"robots\" content=\"index, follow, max-snippet:-1, max-image-preview:large, max-video-preview:-1\" \/>\n<link rel=\"canonical\" href=\"https:\/\/keys-for-auto.eu\/it\/product\/chiave-intelligente-con-controllo-a-distanza-adatta-a-bmw-3-5-7\/\" \/>\n<meta property=\"og:locale\" content=\"it_IT\" \/>\n<meta property=\"og:type\" content=\"article\" \/>\n<meta property=\"og:title\" content=\"- %\" \/>\n<meta property=\"og:description\" content=\"Chiave intelligente con telecomando e transponder (sistema CAS) per auto BMW. Adatto per: Serie 1 Serie 3 (2005 - 2011) Serie 5 (2003 - 2010) Serie 6 (2004 - 2010) X5 (2006 - 2010) Programmazione della produzione di chiavi BMW Al momento dell&#039;ordine specificare l&#039;auto europea o americana. Produzione di chiavi per auto  Produzione di nuove chiavi dell&#039;auto, programmazione delle chiavi (&quot;binding&quot; con l&#039;auto)  Eliminazione dalla memoria dell&#039;auto di chiavi precedentemente smarrite  Produzione della chiave di accensione in base alla serratura  Riparazione delle chiavi dell&#039;auto (sostituzione di pulsanti, gusci, meccanismi)  Sblocco di emergenza dell&#039;auto  Scambio di chiavi, custodie per chiavi  Arresto del software DPF \/ FAP  Rimozione programmata dell&#039;EGR  Disattivazione del software dell&#039;immobilizzatore (immo Off)  Riparazione, clonazione e programmazione dell&#039;unit\u00e0 di controllo del motore (ECU)  SRS (Programmazione dell&#039;unit\u00e0 di controllo degli airbag)  articoli spediti entro 3 giorni lavorativi.* &nbsp;\" \/>\n<meta property=\"og:url\" content=\"https:\/\/keys-for-auto.eu\/it\/product\/chiave-intelligente-con-controllo-a-distanza-adatta-a-bmw-3-5-7\/\" \/>\n<meta property=\"og:site_name\" content=\"Keys for auto\" \/>\n<meta property=\"article:publisher\" content=\"https:\/\/www.facebook.com\/KeysForAutoEU\" \/>\n<meta property=\"og:image\" content=\"https:\/\/i0.wp.com\/keys-for-auto.eu\/wp-content\/uploads\/2022\/12\/BMW-smart-raktas-su-nuotolinio-valdymo-mechanizmu-500x5001-wpp1665131656618-removebg-preview.png?fit=500%2C500&ssl=1\" \/>\n\t<meta property=\"og:image:width\" content=\"500\" \/>\n\t<meta property=\"og:image:height\" content=\"500\" \/>\n\t<meta property=\"og:image:type\" content=\"image\/png\" \/>\n<meta name=\"twitter:card\" content=\"summary_large_image\" \/>\n<meta name=\"twitter:label1\" content=\"Tempo di lettura stimato\" \/>\n\t<meta name=\"twitter:data1\" content=\"1 minuto\" \/>\n<script type=\"application\/ld+json\" class=\"yoast-schema-graph\">{\"@context\":\"https:\\\/\\\/schema.org\",\"@graph\":[{\"@type\":[\"WebPage\",\"ItemPage\"],\"@id\":\"https:\\\/\\\/keys-for-auto.eu\\\/it\\\/product\\\/chiave-intelligente-con-controllo-a-distanza-adatta-a-bmw-3-5-7\\\/\",\"url\":\"https:\\\/\\\/keys-for-auto.eu\\\/it\\\/product\\\/chiave-intelligente-con-controllo-a-distanza-adatta-a-bmw-3-5-7\\\/\",\"name\":\"- %\",\"isPartOf\":{\"@id\":\"https:\\\/\\\/keys-for-auto.eu\\\/it\\\/#website\"},\"primaryImageOfPage\":{\"@id\":\"https:\\\/\\\/keys-for-auto.eu\\\/it\\\/product\\\/chiave-intelligente-con-controllo-a-distanza-adatta-a-bmw-3-5-7\\\/#primaryimage\"},\"image\":{\"@id\":\"https:\\\/\\\/keys-for-auto.eu\\\/it\\\/product\\\/chiave-intelligente-con-controllo-a-distanza-adatta-a-bmw-3-5-7\\\/#primaryimage\"},\"thumbnailUrl\":\"https:\\\/\\\/keys-for-auto.eu\\\/wp-content\\\/uploads\\\/2022\\\/12\\\/BMW-smart-raktas-su-nuotolinio-valdymo-mechanizmu-500x5001-wpp1665131656618-removebg-preview.png\",\"datePublished\":\"2016-04-02T20:03:28+00:00\",\"breadcrumb\":{\"@id\":\"https:\\\/\\\/keys-for-auto.eu\\\/it\\\/product\\\/chiave-intelligente-con-controllo-a-distanza-adatta-a-bmw-3-5-7\\\/#breadcrumb\"},\"inLanguage\":\"it-IT\",\"potentialAction\":[{\"@type\":\"ReadAction\",\"target\":[\"https:\\\/\\\/keys-for-auto.eu\\\/it\\\/product\\\/chiave-intelligente-con-controllo-a-distanza-adatta-a-bmw-3-5-7\\\/\"]}]},{\"@type\":\"ImageObject\",\"inLanguage\":\"it-IT\",\"@id\":\"https:\\\/\\\/keys-for-auto.eu\\\/it\\\/product\\\/chiave-intelligente-con-controllo-a-distanza-adatta-a-bmw-3-5-7\\\/#primaryimage\",\"url\":\"https:\\\/\\\/keys-for-auto.eu\\\/wp-content\\\/uploads\\\/2022\\\/12\\\/BMW-smart-raktas-su-nuotolinio-valdymo-mechanizmu-500x5001-wpp1665131656618-removebg-preview.png\",\"contentUrl\":\"https:\\\/\\\/keys-for-auto.eu\\\/wp-content\\\/uploads\\\/2022\\\/12\\\/BMW-smart-raktas-su-nuotolinio-valdymo-mechanizmu-500x5001-wpp1665131656618-removebg-preview.png\",\"width\":500,\"height\":500},{\"@type\":\"BreadcrumbList\",\"@id\":\"https:\\\/\\\/keys-for-auto.eu\\\/it\\\/product\\\/chiave-intelligente-con-controllo-a-distanza-adatta-a-bmw-3-5-7\\\/#breadcrumb\",\"itemListElement\":[{\"@type\":\"ListItem\",\"position\":1,\"name\":\"Casa\",\"item\":\"https:\\\/\\\/keys-for-auto.eu\\\/it\\\/\"},{\"@type\":\"ListItem\",\"position\":2,\"name\":\"Shop\",\"item\":\"https:\\\/\\\/keys-for-auto.eu\\\/\"},{\"@type\":\"ListItem\",\"position\":3,\"name\":\"Chiave intelligente con telecomando &#8211; adatta per BMW (Classe 3 | 5 | 7)\"}]},{\"@type\":\"WebSite\",\"@id\":\"https:\\\/\\\/keys-for-auto.eu\\\/it\\\/#website\",\"url\":\"https:\\\/\\\/keys-for-auto.eu\\\/it\\\/\",\"name\":\"Keys for auto\",\"description\":\"Car keys,  key shells, key programming\",\"publisher\":{\"@id\":\"https:\\\/\\\/keys-for-auto.eu\\\/it\\\/#organization\"},\"potentialAction\":[{\"@type\":\"SearchAction\",\"target\":{\"@type\":\"EntryPoint\",\"urlTemplate\":\"https:\\\/\\\/keys-for-auto.eu\\\/it\\\/?s={search_term_string}\"},\"query-input\":{\"@type\":\"PropertyValueSpecification\",\"valueRequired\":true,\"valueName\":\"search_term_string\"}}],\"inLanguage\":\"it-IT\"},{\"@type\":\"Organization\",\"@id\":\"https:\\\/\\\/keys-for-auto.eu\\\/it\\\/#organization\",\"name\":\"Chiavi per auto\",\"url\":\"https:\\\/\\\/keys-for-auto.eu\\\/it\\\/\",\"logo\":{\"@type\":\"ImageObject\",\"inLanguage\":\"it-IT\",\"@id\":\"https:\\\/\\\/keys-for-auto.eu\\\/it\\\/#\\\/schema\\\/logo\\\/image\\\/\",\"url\":\"https:\\\/\\\/keys-for-auto.eu\\\/wp-content\\\/uploads\\\/2022\\\/11\\\/cropped-png1.png\",\"contentUrl\":\"https:\\\/\\\/keys-for-auto.eu\\\/wp-content\\\/uploads\\\/2022\\\/11\\\/cropped-png1.png\",\"width\":1000,\"height\":342,\"caption\":\"Chiavi per auto\"},\"image\":{\"@id\":\"https:\\\/\\\/keys-for-auto.eu\\\/it\\\/#\\\/schema\\\/logo\\\/image\\\/\"},\"sameAs\":[\"https:\\\/\\\/www.facebook.com\\\/KeysForAutoEU\"]}]}<\/script>\n<!-- \/ Yoast SEO plugin. -->","yoast_head_json":{"title":"- %","robots":{"index":"index","follow":"follow","max-snippet":"max-snippet:-1","max-image-preview":"max-image-preview:large","max-video-preview":"max-video-preview:-1"},"canonical":"https:\/\/keys-for-auto.eu\/it\/product\/chiave-intelligente-con-controllo-a-distanza-adatta-a-bmw-3-5-7\/","og_locale":"it_IT","og_type":"article","og_title":"- %","og_description":"Chiave intelligente con telecomando e transponder (sistema CAS) per auto BMW. Adatto per: Serie 1 Serie 3 (2005 - 2011) Serie 5 (2003 - 2010) Serie 6 (2004 - 2010) X5 (2006 - 2010) Programmazione della produzione di chiavi BMW Al momento dell'ordine specificare l'auto europea o americana. Produzione di chiavi per auto  Produzione di nuove chiavi dell'auto, programmazione delle chiavi (\"binding\" con l'auto)  Eliminazione dalla memoria dell'auto di chiavi precedentemente smarrite  Produzione della chiave di accensione in base alla serratura  Riparazione delle chiavi dell'auto (sostituzione di pulsanti, gusci, meccanismi)  Sblocco di emergenza dell'auto  Scambio di chiavi, custodie per chiavi  Arresto del software DPF \/ FAP  Rimozione programmata dell'EGR  Disattivazione del software dell'immobilizzatore (immo Off)  Riparazione, clonazione e programmazione dell'unit\u00e0 di controllo del motore (ECU)  SRS (Programmazione dell'unit\u00e0 di controllo degli airbag)  articoli spediti entro 3 giorni lavorativi.* &nbsp;","og_url":"https:\/\/keys-for-auto.eu\/it\/product\/chiave-intelligente-con-controllo-a-distanza-adatta-a-bmw-3-5-7\/","og_site_name":"Keys for auto","article_publisher":"https:\/\/www.facebook.com\/KeysForAutoEU","og_image":[{"width":500,"height":500,"url":"https:\/\/i0.wp.com\/keys-for-auto.eu\/wp-content\/uploads\/2022\/12\/BMW-smart-raktas-su-nuotolinio-valdymo-mechanizmu-500x5001-wpp1665131656618-removebg-preview.png?fit=500%2C500&ssl=1","type":"image\/png"}],"twitter_card":"summary_large_image","twitter_misc":{"Tempo di lettura stimato":"1 minuto"},"schema":{"@context":"https:\/\/schema.org","@graph":[{"@type":["WebPage","ItemPage"],"@id":"https:\/\/keys-for-auto.eu\/it\/product\/chiave-intelligente-con-controllo-a-distanza-adatta-a-bmw-3-5-7\/","url":"https:\/\/keys-for-auto.eu\/it\/product\/chiave-intelligente-con-controllo-a-distanza-adatta-a-bmw-3-5-7\/","name":"- %","isPartOf":{"@id":"https:\/\/keys-for-auto.eu\/it\/#website"},"primaryImageOfPage":{"@id":"https:\/\/keys-for-auto.eu\/it\/product\/chiave-intelligente-con-controllo-a-distanza-adatta-a-bmw-3-5-7\/#primaryimage"},"image":{"@id":"https:\/\/keys-for-auto.eu\/it\/product\/chiave-intelligente-con-controllo-a-distanza-adatta-a-bmw-3-5-7\/#primaryimage"},"thumbnailUrl":"https:\/\/keys-for-auto.eu\/wp-content\/uploads\/2022\/12\/BMW-smart-raktas-su-nuotolinio-valdymo-mechanizmu-500x5001-wpp1665131656618-removebg-preview.png","datePublished":"2016-04-02T20:03:28+00:00","breadcrumb":{"@id":"https:\/\/keys-for-auto.eu\/it\/product\/chiave-intelligente-con-controllo-a-distanza-adatta-a-bmw-3-5-7\/#breadcrumb"},"inLanguage":"it-IT","potentialAction":[{"@type":"ReadAction","target":["https:\/\/keys-for-auto.eu\/it\/product\/chiave-intelligente-con-controllo-a-distanza-adatta-a-bmw-3-5-7\/"]}]},{"@type":"ImageObject","inLanguage":"it-IT","@id":"https:\/\/keys-for-auto.eu\/it\/product\/chiave-intelligente-con-controllo-a-distanza-adatta-a-bmw-3-5-7\/#primaryimage","url":"https:\/\/keys-for-auto.eu\/wp-content\/uploads\/2022\/12\/BMW-smart-raktas-su-nuotolinio-valdymo-mechanizmu-500x5001-wpp1665131656618-removebg-preview.png","contentUrl":"https:\/\/keys-for-auto.eu\/wp-content\/uploads\/2022\/12\/BMW-smart-raktas-su-nuotolinio-valdymo-mechanizmu-500x5001-wpp1665131656618-removebg-preview.png","width":500,"height":500},{"@type":"BreadcrumbList","@id":"https:\/\/keys-for-auto.eu\/it\/product\/chiave-intelligente-con-controllo-a-distanza-adatta-a-bmw-3-5-7\/#breadcrumb","itemListElement":[{"@type":"ListItem","position":1,"name":"Casa","item":"https:\/\/keys-for-auto.eu\/it\/"},{"@type":"ListItem","position":2,"name":"Shop","item":"https:\/\/keys-for-auto.eu\/"},{"@type":"ListItem","position":3,"name":"Chiave intelligente con telecomando &#8211; adatta per BMW (Classe 3 | 5 | 7)"}]},{"@type":"WebSite","@id":"https:\/\/keys-for-auto.eu\/it\/#website","url":"https:\/\/keys-for-auto.eu\/it\/","name":"Keys for auto","description":"Car keys,  key shells, key programming","publisher":{"@id":"https:\/\/keys-for-auto.eu\/it\/#organization"},"potentialAction":[{"@type":"SearchAction","target":{"@type":"EntryPoint","urlTemplate":"https:\/\/keys-for-auto.eu\/it\/?s={search_term_string}"},"query-input":{"@type":"PropertyValueSpecification","valueRequired":true,"valueName":"search_term_string"}}],"inLanguage":"it-IT"},{"@type":"Organization","@id":"https:\/\/keys-for-auto.eu\/it\/#organization","name":"Chiavi per auto","url":"https:\/\/keys-for-auto.eu\/it\/","logo":{"@type":"ImageObject","inLanguage":"it-IT","@id":"https:\/\/keys-for-auto.eu\/it\/#\/schema\/logo\/image\/","url":"https:\/\/keys-for-auto.eu\/wp-content\/uploads\/2022\/11\/cropped-png1.png","contentUrl":"https:\/\/keys-for-auto.eu\/wp-content\/uploads\/2022\/11\/cropped-png1.png","width":1000,"height":342,"caption":"Chiavi per auto"},"image":{"@id":"https:\/\/keys-for-auto.eu\/it\/#\/schema\/logo\/image\/"},"sameAs":["https:\/\/www.facebook.com\/KeysForAutoEU"]}]}},"_links":{"self":[{"href":"https:\/\/keys-for-auto.eu\/it\/wp-json\/wp\/v2\/product\/15562","targetHints":{"allow":["GET"]}}],"collection":[{"href":"https:\/\/keys-for-auto.eu\/it\/wp-json\/wp\/v2\/product"}],"about":[{"href":"https:\/\/keys-for-auto.eu\/it\/wp-json\/wp\/v2\/types\/product"}],"replies":[{"embeddable":true,"href":"https:\/\/keys-for-auto.eu\/it\/wp-json\/wp\/v2\/comments?post=15562"}],"wp:featuredmedia":[{"embeddable":true,"href":"https:\/\/keys-for-auto.eu\/it\/wp-json\/wp\/v2\/media\/12737"}],"wp:attachment":[{"href":"https:\/\/keys-for-auto.eu\/it\/wp-json\/wp\/v2\/media?parent=15562"}],"wp:term":[{"taxonomy":"product_brand","embeddable":true,"href":"https:\/\/keys-for-auto.eu\/it\/wp-json\/wp\/v2\/product_brand?post=15562"},{"taxonomy":"product_cat","embeddable":true,"href":"https:\/\/keys-for-auto.eu\/it\/wp-json\/wp\/v2\/product_cat?post=15562"},{"taxonomy":"product_tag","embeddable":true,"href":"https:\/\/keys-for-auto.eu\/it\/wp-json\/wp\/v2\/product_tag?post=15562"}],"curies":[{"name":"wp","href":"https:\/\/api.w.org\/{rel}","templated":true}]}}