{"id":15461,"date":"2017-03-11T22:18:18","date_gmt":"2017-03-11T22:18:18","guid":{"rendered":"https:\/\/keys-for-auto.eu\/product\/riparazione-delle-chiavi-dellauto\/"},"modified":"2017-03-11T22:18:18","modified_gmt":"2017-03-11T22:18:18","slug":"riparazione-auto-chiave","status":"publish","type":"product","link":"https:\/\/keys-for-auto.eu\/it\/product\/riparazione-auto-chiave\/","title":{"rendered":"Riparazione delle chiavi dell&#8217;auto"},"content":{"rendered":"<h1>Riparazioni chiave<\/h1>\n<h2><strong>  I principali problemi delle chiavi dell&#8217;auto che richiedono una riparazione:<\/strong><\/h2>\n<ul>\n<li>Pulsanti usurati, danneggiati, persi o che hanno smesso di funzionare<\/li>\n<li>Meccanismo di estrazione della lama non funzionante o rotto<\/li>\n<li>La parte funzionante della chiave \u00e8 usurata, piegata o danneggiata<\/li>\n<li>Corpo della chiave usurato o danneggiato meccanicamente<\/li>\n<li>L&#8217;auto ha smesso di rispondere ai comandi dei tasti o la spia non \u00e8 accesa.<\/li>\n<li>La chiave \u00e8 caduta, \u00e8 stata esposta all&#8217;acqua, alla temperatura, alle radiazioni, ecc.<\/li>\n<\/ul>\n<p>La riparazione delle chiavi di accensione \u00e8 una procedura che a volte pu\u00f2 essere messa in discussione, soprattutto se la chiave con chip \u00e8 semplice e poco costosa. Il punto \u00e8 che quasi tutte le chiavi delle auto moderne sono dotate di chip immobilizzatore.<\/p>\n<p><img loading=\"lazy\" decoding=\"async\" class=\"aligncenter wp-image-2129\" title=\"rakt\u0173 remontas\" src=\"https:\/\/raktai-automobiliams.lt\/wp-content\/uploads\/2017\/03\/rakt%C5%B3-remontas.jpg\" alt=\"rakt\u0173 remontas\" width=\"630\" height=\"448\"><\/p>\n<p>Immaginiamo ora di dover riparare la chiave di accensione perch\u00e9 la precedente si \u00e8 usurata e non funziona correttamente nella serratura o si \u00e8 rotta del tutto. Una volta realizzata la nuova chiave e gli utensili, il chip della chiave originale deve essere inserito nella nuova chiave. Il problema \u00e8 che le chiavi originali sono spesso non distruttibili, cio\u00e8 il chip si trova nell&#8217;impugnatura di plastica della chiave e non pu\u00f2 essere smontato. Possiamo solo tagliare il manico con attenzione, se possibile, e sperare che il chip non venga danneggiato nel processo.<br \/>\nMa nel caso della riparazione di un portachiavi, in cui la chiave \u00e8 dotata di una scheda elettronica e di pulsanti per il telecomando, il campo d&#8217;azione si allarga e diventano possibili diverse opzioni di riparazione.<\/p>\n<p><em>Questi includono la diagnostica e l&#8217;ispezione delle chiavi<\/em><\/p>\n<h2>Sostituzione della custodia della chiave<br \/>\n<img loading=\"lazy\" decoding=\"async\" class=\"wp-image-2130 aligncenter\" src=\"https:\/\/raktai-automobiliams.lt\/wp-content\/uploads\/2017\/03\/rakto-korpuso-keitimas.jpg\" alt=\"\" width=\"598\" height=\"595\"><\/h2>\n<p>In alcuni casi, la riparazione della chiave di accensione comporta la sostituzione dei tasti<\/p>\n<p><img loading=\"lazy\" decoding=\"async\" class=\"alignnone wp-image-2131\" src=\"https:\/\/raktai-automobiliams.lt\/wp-content\/uploads\/2017\/03\/u%C5%BEvedimo-rakto-remontas.jpg\" alt=\"\" width=\"557\" height=\"465\"><\/p>\n<p>La riparazione della chiave di accensione \u00e8 un&#8217;altra opzione quando il costo di una nuova chiave \u00e8 abbastanza elevato. Ad esempio, la riparazione di una chiave Mercedes ML<\/p>\n<p><img loading=\"lazy\" decoding=\"async\" class=\"alignnone wp-image-2132\" src=\"https:\/\/raktai-automobiliams.lt\/wp-content\/uploads\/2017\/03\/U%C5%BEvedimo-rakto-remontas-2.jpg\" alt=\"\" width=\"552\" height=\"461\"><\/p>\n<p>\u00c8 stata realizzata e tagliata una nuova lama per la chiave e una C.U. Di conseguenza, la chiave \u00e8 stata riportata al suo aspetto normale, pu\u00f2 essere utilizzata al massimo delle sue potenzialit\u00e0 e non si vergogna di essere rimossa in pubblico.<br \/>\nQuesto tipo di riparazione delle chiavi fa parte di una categoria a parte perch\u00e9 riguarda la riparazione di chiavi pieghevoli. \u00c8 opportuno riparare anche le chiavi di accensione elettroniche della Mercedes, le cosiddette &#8220;fish key&#8221;. Spesso la chiave funziona, ma l&#8217;alloggiamento \u00e8 rotto, i pulsanti sono mancanti, ecc.<\/p>\n<p><img loading=\"lazy\" decoding=\"async\" class=\"alignnone wp-image-2133\" src=\"https:\/\/raktai-automobiliams.lt\/wp-content\/uploads\/2017\/03\/korpusu-keitimas.jpg\" alt=\"\" width=\"551\" height=\"306\"><\/p>\n<p>In questo caso, \u00e8 possibile realizzare e programmare una nuova chiave elettronica per la Mercedes, oppure sostituire semplicemente il corpo della chiave. Possiamo anche riparare la parte elettronica\/la tastiera. Quando l&#8217;auto non si avvia pi\u00f9 con la chiave e\/o i pulsanti non funzionano pi\u00f9.<\/p>\n<h2>Carte di partenza<\/h2>\n<p>Le auto Reno (Renault) non sono esenti dalla riparazione della chiave di accensione. Soprattutto quando la chiave viene sostituita da una chip card, anch&#8217;essa soggetta a deterioramento.<\/p>\n<p><img loading=\"lazy\" decoding=\"async\" class=\"alignnone wp-image-2134\" src=\"https:\/\/raktai-automobiliams.lt\/wp-content\/uploads\/2017\/03\/rakt%C5%B3-remontas-renault.jpg\" alt=\"\" width=\"561\" height=\"345\"><\/p>\n<p>La sostituzione e la riparazione dei portachiavi \u00e8 uno dei servizi pi\u00f9 richiesti. Le moderne chiavi di accensione delle auto sono dotate di pulsanti di comando a distanza C3 (\u0426\u0417). Come \u00e8 noto, tutto ci\u00f2 che si muove, si preme, ecc. \u00e8 soggetto a usura e rottura, compresi i pulsanti delle chiavi dell&#8217;auto.<\/p>\n<p><img loading=\"lazy\" decoding=\"async\" class=\"alignnone wp-image-2135\" src=\"https:\/\/raktai-automobiliams.lt\/wp-content\/uploads\/2017\/03\/Rakt%C5%B3-mygtuk%C5%B3-keitimas.jpg\" alt=\"\" width=\"559\" height=\"338\"><\/p>\n<p>Il tasto a comparsa stesso e i pulsanti possono rompersi sui tasti.<\/p>\n<p>Quando si riparano le chiavi dell&#8217;auto, spesso non \u00e8 sufficiente sostituire il corpo e la lama della chiave. In oltre il 50% dei casi, i pulsanti sul corpo della chiave vengono prima premuti e rotti, e poi i pulsanti sulla piastra stessa vengono rotti o persi.<br \/>\nIn altre parole, la chiave e la targa rimangono funzionanti e intatte, ma poich\u00e9 il pulsante della chiave \u00e8 rotto o \u00e8 stato perso, non \u00e8 pi\u00f9 possibile controllare a distanza la chiusura centralizzata dell&#8217;auto.<br \/>\nIn questo caso, esistono due opzioni:<\/p>\n<ul>\n<li>Creare e programmare una nuova chiave<\/li>\n<li>Riparazione della chiave esistente &#8211; riparazione, risaldatura e sostituzione dei pulsanti della chiave di accensione<\/li>\n<\/ul>\n<p><img loading=\"lazy\" decoding=\"async\" class=\"alignnone wp-image-2131\" src=\"https:\/\/raktai-automobiliams.lt\/wp-content\/uploads\/2017\/03\/u%C5%BEvedimo-rakto-remontas.jpg\" alt=\"\" width=\"552\" height=\"461\"><\/p>\n<p>Nella nostra officina abbiamo chiavi di accensione a pulsante proprio per la seconda opzione, non per tutte, ovviamente, ma per molti modelli di auto.<\/p>\n<p><img loading=\"lazy\" decoding=\"async\" class=\"alignnone wp-image-2135\" src=\"https:\/\/raktai-automobiliams.lt\/wp-content\/uploads\/2017\/03\/Rakt%C5%B3-mygtuk%C5%B3-keitimas.jpg\" alt=\"\" width=\"554\" height=\"335\"><\/p>\n<p>Naturalmente, sarebbe un errore pensare che riparare le chiavi sostituendo i tasti sia molto economico. No, non \u00e8 cos\u00ec economico come potrebbe sembrare, ma \u00e8 comunque 2-3 volte meno costoso, o pi\u00f9, della produzione e programmazione di una nuova chiave.<\/p>\n<p>&nbsp;<\/p>\n<hr>\n<h4><\/h4>\n<p>&nbsp;<\/p>\n<hr>\n<p>&nbsp;<\/p>\n","protected":false},"excerpt":{"rendered":"<p>La riparazione delle chiavi dell&#8217;auto \u00e8 oggi un servizio molto richiesto. La chiave di un&#8217;auto moderna \u00e8 uno strumento multifunzionale che non si limita ad avviare l&#8217;auto. \u00c8 dotato di un telecomando per l&#8217;allarme dell&#8217;auto, le porte e l&#8217;apertura\/chiusura del bagagliaio. Include anche un sistema di immobilizzazione per una maggiore protezione contro la fuga dell&#8217;auto. Il tutto in una piccola custodia per chiavi di auto.<\/p>\n<h3><strong>Produzione di chiavi per auto<\/strong><\/h3>\n<ul>\n<li><strong>Produzione di nuove chiavi dell&#8217;auto, programmazione delle chiavi (&#8220;binding&#8221; con l&#8217;auto)<\/strong><\/li>\n<li><strong>Eliminazione dalla memoria dell&#8217;auto di chiavi precedentemente smarrite<\/strong><\/li>\n<li><strong>Produzione della chiave di accensione in base alla serratura<\/strong><\/li>\n<li><strong>Riparazione delle chiavi dell&#8217;auto (sostituzione di pulsanti, gusci, meccanismi)<\/strong><\/li>\n<li><strong>Sblocco di emergenza dell&#8217;auto<\/strong><\/li>\n<li><strong>Scambio di chiavi, custodie per chiavi<\/strong><\/li>\n<li><strong>Arresto del software DPF \/ FAP<\/strong><\/li>\n<li><strong>Rimozione programmata dell&#8217;EGR<\/strong><\/li>\n<li><strong>Disattivazione del software dell&#8217;immobilizzatore (immo Off)<\/strong><\/li>\n<li><strong>Riparazione, clonazione e programmazione dell&#8217;unit\u00e0 di controllo del motore (ECU)<\/strong><\/li>\n<li><strong>SRS (Programmazione dell&#8217;unit\u00e0 di controllo degli airbag)<\/strong><\/li>\n<\/ul>\n<h4><strong>  articoli spediti entro 3 giorni lavorativi.*<\/strong><\/h4>\n","protected":false},"featured_media":12502,"comment_status":"open","ping_status":"closed","template":"","meta":[],"product_brand":[],"product_cat":[884,861,937,938,939,940,941,860,766,942,917,944,943,945,946,947,948,770,846,802,881,811,949,824,950,820,951,973,794,952,831,764,953,954,775,869,955,956,747,840,748,777],"product_tag":[1849],"class_list":{"0":"post-15461","1":"product","2":"type-product","3":"status-publish","4":"has-post-thumbnail","6":"product_cat-alfa-romeo-it","7":"product_cat-audi-it","8":"product_cat-bmw-it","9":"product_cat-buick-it","10":"product_cat-cadillac-it","11":"product_cat-chevrolet-it","12":"product_cat-chrysler-it","13":"product_cat-citroen-it","14":"product_cat-fiat-it","15":"product_cat-ford-it","16":"product_cat-honda-it","17":"product_cat-infiniti-it","18":"product_cat-iuta","19":"product_cat-iveco-it","20":"product_cat-jaguar-it","21":"product_cat-jeep-it","22":"product_cat-kia-it","23":"product_cat-land-rover-it","24":"product_cat-lexus-it","25":"product_cat-mazda-it","26":"product_cat-mercedes-benz-it","27":"product_cat-mitsubishi-it","28":"product_cat-nissan-it","29":"product_cat-opel-it","30":"product_cat-peugeot-it","31":"product_cat-pontiac-it","32":"product_cat-porsche-it","33":"product_cat-produzione-di-chiavi","34":"product_cat-renault-it","35":"product_cat-rover-it","36":"product_cat-saab-it","37":"product_cat-schlusselmuscheln-it","38":"product_cat-seat-it","39":"product_cat-skoda-it","40":"product_cat-smart-it","41":"product_cat-ssangyong-it","42":"product_cat-subaru-it","43":"product_cat-suzuki-it","44":"product_cat-tasti-del-telecomando","45":"product_cat-toyota-it","46":"product_cat-volkswagen-it","47":"product_cat-volvo-it","48":"product_tag-riparazione-delle-chiavi-dellauto","50":"first","51":"instock","52":"shipping-taxable","53":"purchasable","54":"product-type-simple"},"yoast_head":"<!-- This site is optimized with the Yoast SEO plugin v27.6 - https:\/\/yoast.com\/product\/yoast-seo-wordpress\/ -->\n<title>- %<\/title>\n<meta name=\"robots\" content=\"index, follow, max-snippet:-1, max-image-preview:large, max-video-preview:-1\" \/>\n<link rel=\"canonical\" href=\"https:\/\/keys-for-auto.eu\/it\/product\/riparazione-auto-chiave\/\" \/>\n<meta property=\"og:locale\" content=\"it_IT\" \/>\n<meta property=\"og:type\" content=\"article\" \/>\n<meta property=\"og:title\" content=\"- %\" \/>\n<meta property=\"og:description\" content=\"La riparazione delle chiavi dell&#039;auto \u00e8 oggi un servizio molto richiesto. La chiave di un&#039;auto moderna \u00e8 uno strumento multifunzionale che non si limita ad avviare l&#039;auto. \u00c8 dotato di un telecomando per l&#039;allarme dell&#039;auto, le porte e l&#039;apertura\/chiusura del bagagliaio. Include anche un sistema di immobilizzazione per una maggiore protezione contro la fuga dell&#039;auto. Il tutto in una piccola custodia per chiavi di auto. Produzione di chiavi per auto  Produzione di nuove chiavi dell&#039;auto, programmazione delle chiavi (&quot;binding&quot; con l&#039;auto)  Eliminazione dalla memoria dell&#039;auto di chiavi precedentemente smarrite  Produzione della chiave di accensione in base alla serratura  Riparazione delle chiavi dell&#039;auto (sostituzione di pulsanti, gusci, meccanismi)  Sblocco di emergenza dell&#039;auto  Scambio di chiavi, custodie per chiavi  Arresto del software DPF \/ FAP  Rimozione programmata dell&#039;EGR  Disattivazione del software dell&#039;immobilizzatore (immo Off)  Riparazione, clonazione e programmazione dell&#039;unit\u00e0 di controllo del motore (ECU)  SRS (Programmazione dell&#039;unit\u00e0 di controllo degli airbag)  articoli spediti entro 3 giorni lavorativi.*\" \/>\n<meta property=\"og:url\" content=\"https:\/\/keys-for-auto.eu\/it\/product\/riparazione-auto-chiave\/\" \/>\n<meta property=\"og:site_name\" content=\"Keys for auto\" \/>\n<meta property=\"article:publisher\" content=\"https:\/\/www.facebook.com\/KeysForAutoEU\" \/>\n<meta property=\"og:image\" content=\"https:\/\/keys-for-auto.eu\/wp-content\/uploads\/2022\/12\/Raktu-remontas-pulteliu-remontas.jpg\" \/>\n\t<meta property=\"og:image:width\" content=\"850\" \/>\n\t<meta property=\"og:image:height\" content=\"460\" \/>\n\t<meta property=\"og:image:type\" content=\"image\/jpeg\" \/>\n<meta name=\"twitter:card\" content=\"summary_large_image\" \/>\n<meta name=\"twitter:label1\" content=\"Tempo di lettura stimato\" \/>\n\t<meta name=\"twitter:data1\" content=\"3 minuti\" \/>\n<script type=\"application\/ld+json\" class=\"yoast-schema-graph\">{\"@context\":\"https:\\\/\\\/schema.org\",\"@graph\":[{\"@type\":[\"WebPage\",\"ItemPage\"],\"@id\":\"https:\\\/\\\/keys-for-auto.eu\\\/it\\\/product\\\/riparazione-auto-chiave\\\/\",\"url\":\"https:\\\/\\\/keys-for-auto.eu\\\/it\\\/product\\\/riparazione-auto-chiave\\\/\",\"name\":\"- %\",\"isPartOf\":{\"@id\":\"https:\\\/\\\/keys-for-auto.eu\\\/it\\\/#website\"},\"primaryImageOfPage\":{\"@id\":\"https:\\\/\\\/keys-for-auto.eu\\\/it\\\/product\\\/riparazione-auto-chiave\\\/#primaryimage\"},\"image\":{\"@id\":\"https:\\\/\\\/keys-for-auto.eu\\\/it\\\/product\\\/riparazione-auto-chiave\\\/#primaryimage\"},\"thumbnailUrl\":\"https:\\\/\\\/keys-for-auto.eu\\\/wp-content\\\/uploads\\\/2022\\\/12\\\/Raktu-remontas-pulteliu-remontas.jpg\",\"datePublished\":\"2017-03-11T22:18:18+00:00\",\"breadcrumb\":{\"@id\":\"https:\\\/\\\/keys-for-auto.eu\\\/it\\\/product\\\/riparazione-auto-chiave\\\/#breadcrumb\"},\"inLanguage\":\"it-IT\",\"potentialAction\":[{\"@type\":\"ReadAction\",\"target\":[\"https:\\\/\\\/keys-for-auto.eu\\\/it\\\/product\\\/riparazione-auto-chiave\\\/\"]}]},{\"@type\":\"ImageObject\",\"inLanguage\":\"it-IT\",\"@id\":\"https:\\\/\\\/keys-for-auto.eu\\\/it\\\/product\\\/riparazione-auto-chiave\\\/#primaryimage\",\"url\":\"https:\\\/\\\/keys-for-auto.eu\\\/wp-content\\\/uploads\\\/2022\\\/12\\\/Raktu-remontas-pulteliu-remontas.jpg\",\"contentUrl\":\"https:\\\/\\\/keys-for-auto.eu\\\/wp-content\\\/uploads\\\/2022\\\/12\\\/Raktu-remontas-pulteliu-remontas.jpg\",\"width\":850,\"height\":460,\"caption\":\"Car key repair\"},{\"@type\":\"BreadcrumbList\",\"@id\":\"https:\\\/\\\/keys-for-auto.eu\\\/it\\\/product\\\/riparazione-auto-chiave\\\/#breadcrumb\",\"itemListElement\":[{\"@type\":\"ListItem\",\"position\":1,\"name\":\"Casa\",\"item\":\"https:\\\/\\\/keys-for-auto.eu\\\/it\\\/\"},{\"@type\":\"ListItem\",\"position\":2,\"name\":\"Shop\",\"item\":\"https:\\\/\\\/keys-for-auto.eu\\\/\"},{\"@type\":\"ListItem\",\"position\":3,\"name\":\"Riparazione delle chiavi dell&#8217;auto\"}]},{\"@type\":\"WebSite\",\"@id\":\"https:\\\/\\\/keys-for-auto.eu\\\/it\\\/#website\",\"url\":\"https:\\\/\\\/keys-for-auto.eu\\\/it\\\/\",\"name\":\"Keys for auto\",\"description\":\"Car keys,  key shells, key programming\",\"publisher\":{\"@id\":\"https:\\\/\\\/keys-for-auto.eu\\\/it\\\/#organization\"},\"potentialAction\":[{\"@type\":\"SearchAction\",\"target\":{\"@type\":\"EntryPoint\",\"urlTemplate\":\"https:\\\/\\\/keys-for-auto.eu\\\/it\\\/?s={search_term_string}\"},\"query-input\":{\"@type\":\"PropertyValueSpecification\",\"valueRequired\":true,\"valueName\":\"search_term_string\"}}],\"inLanguage\":\"it-IT\"},{\"@type\":\"Organization\",\"@id\":\"https:\\\/\\\/keys-for-auto.eu\\\/it\\\/#organization\",\"name\":\"Chiavi per auto\",\"url\":\"https:\\\/\\\/keys-for-auto.eu\\\/it\\\/\",\"logo\":{\"@type\":\"ImageObject\",\"inLanguage\":\"it-IT\",\"@id\":\"https:\\\/\\\/keys-for-auto.eu\\\/it\\\/#\\\/schema\\\/logo\\\/image\\\/\",\"url\":\"https:\\\/\\\/keys-for-auto.eu\\\/wp-content\\\/uploads\\\/2022\\\/11\\\/cropped-png1.png\",\"contentUrl\":\"https:\\\/\\\/keys-for-auto.eu\\\/wp-content\\\/uploads\\\/2022\\\/11\\\/cropped-png1.png\",\"width\":1000,\"height\":342,\"caption\":\"Chiavi per auto\"},\"image\":{\"@id\":\"https:\\\/\\\/keys-for-auto.eu\\\/it\\\/#\\\/schema\\\/logo\\\/image\\\/\"},\"sameAs\":[\"https:\\\/\\\/www.facebook.com\\\/KeysForAutoEU\"]}]}<\/script>\n<!-- \/ Yoast SEO plugin. -->","yoast_head_json":{"title":"- %","robots":{"index":"index","follow":"follow","max-snippet":"max-snippet:-1","max-image-preview":"max-image-preview:large","max-video-preview":"max-video-preview:-1"},"canonical":"https:\/\/keys-for-auto.eu\/it\/product\/riparazione-auto-chiave\/","og_locale":"it_IT","og_type":"article","og_title":"- %","og_description":"La riparazione delle chiavi dell'auto \u00e8 oggi un servizio molto richiesto. La chiave di un'auto moderna \u00e8 uno strumento multifunzionale che non si limita ad avviare l'auto. \u00c8 dotato di un telecomando per l'allarme dell'auto, le porte e l'apertura\/chiusura del bagagliaio. Include anche un sistema di immobilizzazione per una maggiore protezione contro la fuga dell'auto. Il tutto in una piccola custodia per chiavi di auto. Produzione di chiavi per auto  Produzione di nuove chiavi dell'auto, programmazione delle chiavi (\"binding\" con l'auto)  Eliminazione dalla memoria dell'auto di chiavi precedentemente smarrite  Produzione della chiave di accensione in base alla serratura  Riparazione delle chiavi dell'auto (sostituzione di pulsanti, gusci, meccanismi)  Sblocco di emergenza dell'auto  Scambio di chiavi, custodie per chiavi  Arresto del software DPF \/ FAP  Rimozione programmata dell'EGR  Disattivazione del software dell'immobilizzatore (immo Off)  Riparazione, clonazione e programmazione dell'unit\u00e0 di controllo del motore (ECU)  SRS (Programmazione dell'unit\u00e0 di controllo degli airbag)  articoli spediti entro 3 giorni lavorativi.*","og_url":"https:\/\/keys-for-auto.eu\/it\/product\/riparazione-auto-chiave\/","og_site_name":"Keys for auto","article_publisher":"https:\/\/www.facebook.com\/KeysForAutoEU","og_image":[{"width":850,"height":460,"url":"https:\/\/keys-for-auto.eu\/wp-content\/uploads\/2022\/12\/Raktu-remontas-pulteliu-remontas.jpg","type":"image\/jpeg"}],"twitter_card":"summary_large_image","twitter_misc":{"Tempo di lettura stimato":"3 minuti"},"schema":{"@context":"https:\/\/schema.org","@graph":[{"@type":["WebPage","ItemPage"],"@id":"https:\/\/keys-for-auto.eu\/it\/product\/riparazione-auto-chiave\/","url":"https:\/\/keys-for-auto.eu\/it\/product\/riparazione-auto-chiave\/","name":"- %","isPartOf":{"@id":"https:\/\/keys-for-auto.eu\/it\/#website"},"primaryImageOfPage":{"@id":"https:\/\/keys-for-auto.eu\/it\/product\/riparazione-auto-chiave\/#primaryimage"},"image":{"@id":"https:\/\/keys-for-auto.eu\/it\/product\/riparazione-auto-chiave\/#primaryimage"},"thumbnailUrl":"https:\/\/keys-for-auto.eu\/wp-content\/uploads\/2022\/12\/Raktu-remontas-pulteliu-remontas.jpg","datePublished":"2017-03-11T22:18:18+00:00","breadcrumb":{"@id":"https:\/\/keys-for-auto.eu\/it\/product\/riparazione-auto-chiave\/#breadcrumb"},"inLanguage":"it-IT","potentialAction":[{"@type":"ReadAction","target":["https:\/\/keys-for-auto.eu\/it\/product\/riparazione-auto-chiave\/"]}]},{"@type":"ImageObject","inLanguage":"it-IT","@id":"https:\/\/keys-for-auto.eu\/it\/product\/riparazione-auto-chiave\/#primaryimage","url":"https:\/\/keys-for-auto.eu\/wp-content\/uploads\/2022\/12\/Raktu-remontas-pulteliu-remontas.jpg","contentUrl":"https:\/\/keys-for-auto.eu\/wp-content\/uploads\/2022\/12\/Raktu-remontas-pulteliu-remontas.jpg","width":850,"height":460,"caption":"Car key repair"},{"@type":"BreadcrumbList","@id":"https:\/\/keys-for-auto.eu\/it\/product\/riparazione-auto-chiave\/#breadcrumb","itemListElement":[{"@type":"ListItem","position":1,"name":"Casa","item":"https:\/\/keys-for-auto.eu\/it\/"},{"@type":"ListItem","position":2,"name":"Shop","item":"https:\/\/keys-for-auto.eu\/"},{"@type":"ListItem","position":3,"name":"Riparazione delle chiavi dell&#8217;auto"}]},{"@type":"WebSite","@id":"https:\/\/keys-for-auto.eu\/it\/#website","url":"https:\/\/keys-for-auto.eu\/it\/","name":"Keys for auto","description":"Car keys,  key shells, key programming","publisher":{"@id":"https:\/\/keys-for-auto.eu\/it\/#organization"},"potentialAction":[{"@type":"SearchAction","target":{"@type":"EntryPoint","urlTemplate":"https:\/\/keys-for-auto.eu\/it\/?s={search_term_string}"},"query-input":{"@type":"PropertyValueSpecification","valueRequired":true,"valueName":"search_term_string"}}],"inLanguage":"it-IT"},{"@type":"Organization","@id":"https:\/\/keys-for-auto.eu\/it\/#organization","name":"Chiavi per auto","url":"https:\/\/keys-for-auto.eu\/it\/","logo":{"@type":"ImageObject","inLanguage":"it-IT","@id":"https:\/\/keys-for-auto.eu\/it\/#\/schema\/logo\/image\/","url":"https:\/\/keys-for-auto.eu\/wp-content\/uploads\/2022\/11\/cropped-png1.png","contentUrl":"https:\/\/keys-for-auto.eu\/wp-content\/uploads\/2022\/11\/cropped-png1.png","width":1000,"height":342,"caption":"Chiavi per auto"},"image":{"@id":"https:\/\/keys-for-auto.eu\/it\/#\/schema\/logo\/image\/"},"sameAs":["https:\/\/www.facebook.com\/KeysForAutoEU"]}]}},"_links":{"self":[{"href":"https:\/\/keys-for-auto.eu\/it\/wp-json\/wp\/v2\/product\/15461","targetHints":{"allow":["GET"]}}],"collection":[{"href":"https:\/\/keys-for-auto.eu\/it\/wp-json\/wp\/v2\/product"}],"about":[{"href":"https:\/\/keys-for-auto.eu\/it\/wp-json\/wp\/v2\/types\/product"}],"replies":[{"embeddable":true,"href":"https:\/\/keys-for-auto.eu\/it\/wp-json\/wp\/v2\/comments?post=15461"}],"wp:featuredmedia":[{"embeddable":true,"href":"https:\/\/keys-for-auto.eu\/it\/wp-json\/wp\/v2\/media\/12502"}],"wp:attachment":[{"href":"https:\/\/keys-for-auto.eu\/it\/wp-json\/wp\/v2\/media?parent=15461"}],"wp:term":[{"taxonomy":"product_brand","embeddable":true,"href":"https:\/\/keys-for-auto.eu\/it\/wp-json\/wp\/v2\/product_brand?post=15461"},{"taxonomy":"product_cat","embeddable":true,"href":"https:\/\/keys-for-auto.eu\/it\/wp-json\/wp\/v2\/product_cat?post=15461"},{"taxonomy":"product_tag","embeddable":true,"href":"https:\/\/keys-for-auto.eu\/it\/wp-json\/wp\/v2\/product_tag?post=15461"}],"curies":[{"name":"wp","href":"https:\/\/api.w.org\/{rel}","templated":true}]}}