{"id":15436,"date":"2017-09-16T16:11:18","date_gmt":"2017-09-16T16:11:18","guid":{"rendered":"https:\/\/keys-for-auto.eu\/product\/produzione-chiave-per-le-auto-kia\/"},"modified":"2017-09-16T16:11:18","modified_gmt":"2017-09-16T16:11:18","slug":"chiave-produzione-per-auto-kia","status":"publish","type":"product","link":"https:\/\/keys-for-auto.eu\/it\/product\/chiave-produzione-per-auto-kia\/","title":{"rendered":"Produzione chiave per le auto KIA"},"content":{"rendered":"<h2>Caratteristiche principali di produzione di Kia<\/h2>\n<p>L&#8217;uso della tecnologia moderna consente agli artigiani di produrre un duplicato della chiave dell&#8217;auto sulla base di un originale o di una serratura usurata. La seconda opzione \u00e8 particolarmente rilevante perch\u00e9 consente di produrre le chiavi dell&#8217;auto smarrite per incuria o rubate. \u00c8 facile per uno specialista produrre una nuova chiave Kia sia semplice che pieghevole.<\/p>\n<h2>Specifiche della produzione di duplicati<\/h2>\n<p>A seconda del livello di difficolt\u00e0 del compito presentato all&#8217;artigiano, la produzione di una copia della chiave Kia pu\u00f2 richiedere minuti o ore. In ogni caso, lo specialista utilizza attrezzature e grezzi specializzati.<\/p>\n<p>La produzione di chiavi professionali avviene in tre fasi:<\/p>\n<p>produzione di lame;<\/p>\n<p>programmare il chip e sincronizzarlo con il sistema di sicurezza;<\/p>\n<p>inserire i nuovi dati nel pannello di controllo.<\/p>\n<p>La prima operazione viene eseguita con macchine CNC ad alta precisione. Il database della macchina contiene informazioni sui parametri delle lame chiave per vari modelli Kia. Ci\u00f2 consente di produrre lame con diverse profondit\u00e0 di scanalatura, diverse altezze di sporgenza e diverse larghezze di chiavetta. Il processo di fabbricazione delle lame consente di produrre una replica della chiave che corrisponde perfettamente all&#8217;originale non indossato (se la chiave \u00e8 realizzata a partire da un campione).<\/p>\n<p>La programmazione \u00e8 un&#8217;operazione che garantisce che il veicolo risponda alla chiave. A tal fine, tutti i dati necessari devono essere registrati nell&#8217;immobilizzatore, tramite un connettore diagnostico, un&#8217;immagine di memoria o la copia diretta della chiave. Per sincronizzare il sistema di controllo con la chiave, \u00e8 necessario leggere il software dell&#8217;immobilizzatore o scansionare i dati della chiave.<\/p>\n<p>La fase finale della programmazione consiste nel verificare il funzionamento del duplicato. Una volta prodotta la chiave duplicata con i pulsanti, la fase finale \u00e8 la programmazione del telecomando. Il tecnico di solito fornisce una garanzia di un anno sul prodotto, sul software, sul &#8220;binding&#8221; della chiave all&#8217;auto e sulla programmazione.<\/p>\n","protected":false},"excerpt":{"rendered":"<h3>Produciamo e programmiamo chiavi, chiavi elettroniche (smart) per auto Kia.<\/h3>\n<ul>\n<li>Produzione di chiavi Kia<\/li>\n<li>Programmazione chiavi Kia<\/li>\n<li>Riparazione di chiavi Kia<\/li>\n<li>I casi chiave di Kia<\/li>\n<li>Produzione e programmazione delle chiavi Kia<\/li>\n<li>Sblocco di emergenza delle auto Kia<\/li>\n<\/ul>\n<h3>Possiamo creare una chiave per la vostra auto Kia entro un&#8217;ora.<br \/>\nProduzione di chiavi Kia<\/h3>\n<p>Lavoriamo solo con moderne attrezzature computerizzate con le quali produrremo una chiave di alta qualit\u00e0 e di lunga durata per la vostra auto Kia. Se avete una sola chiave o se la vostra chiave Kia non avvia sempre l&#8217;auto, vi consigliamo di acquistare una chiave di riserva. Questo vi far\u00e0 risparmiare tempo e denaro.<\/p>\n<p>Realizziamo chiavi per diversi modelli di auto Kia. Pu\u00f2 essere una chiave senza telecomando, una chiave con telecomando. Possiamo anche offrire una chiave intelligente (sistema di accensione senza chiave con pulsante START\/STOP).<\/p>\n<h3><strong>Produzione di chiavi per auto<\/strong><\/h3>\n<ul>\n<li><strong>Produzione di nuove chiavi dell&#8217;auto, programmazione delle chiavi (&#8220;binding&#8221; con l&#8217;auto)<\/strong><\/li>\n<li><strong>Eliminazione dalla memoria dell&#8217;auto di chiavi precedentemente smarrite<\/strong><\/li>\n<li><strong>Produzione della chiave di accensione in base alla serratura<\/strong><\/li>\n<li><strong>Riparazione delle chiavi dell&#8217;auto (sostituzione di pulsanti, gusci, meccanismi)<\/strong><\/li>\n<li><strong>Sblocco di emergenza dell&#8217;auto<\/strong><\/li>\n<li><strong>Scambio di chiavi, custodie per chiavi<\/strong><\/li>\n<li><strong>Arresto del software DPF \/ FAP<\/strong><\/li>\n<li><strong>Rimozione programmata dell&#8217;EGR<\/strong><\/li>\n<li><strong>Disattivazione del software dell&#8217;immobilizzatore (immo Off)<\/strong><\/li>\n<li><strong>Riparazione, clonazione e programmazione dell&#8217;unit\u00e0 di controllo del motore (ECU)<\/strong><\/li>\n<li><strong>SRS (Programmazione dell&#8217;unit\u00e0 di controllo degli airbag)<\/strong><\/li>\n<\/ul>\n<h4><strong>  articoli spediti entro 3 giorni lavorativi.*<\/strong><\/h4>\n<p>&nbsp;<\/p>\n<p>&nbsp;<\/p>\n<p>&nbsp;<\/p>\n","protected":false},"featured_media":13502,"comment_status":"open","ping_status":"closed","template":"","meta":[],"product_brand":[],"product_cat":[948,973],"product_tag":[],"class_list":{"0":"post-15436","1":"product","2":"type-product","3":"status-publish","4":"has-post-thumbnail","6":"product_cat-kia-it","7":"product_cat-produzione-di-chiavi","9":"first","10":"instock","11":"shipping-taxable","12":"product-type-simple"},"yoast_head":"<!-- This site is optimized with the Yoast SEO plugin v27.3 - https:\/\/yoast.com\/product\/yoast-seo-wordpress\/ -->\n<title>- %<\/title>\n<meta name=\"robots\" content=\"index, follow, max-snippet:-1, max-image-preview:large, max-video-preview:-1\" \/>\n<link rel=\"canonical\" href=\"https:\/\/keys-for-auto.eu\/it\/product\/chiave-produzione-per-auto-kia\/\" \/>\n<meta property=\"og:locale\" content=\"it_IT\" \/>\n<meta property=\"og:type\" content=\"article\" \/>\n<meta property=\"og:title\" content=\"- %\" \/>\n<meta property=\"og:description\" content=\"Produciamo e programmiamo chiavi, chiavi elettroniche (smart) per auto Kia.  Produzione di chiavi Kia  Programmazione chiavi Kia  Riparazione di chiavi Kia  I casi chiave di Kia  Produzione e programmazione delle chiavi Kia  Sblocco di emergenza delle auto Kia Possiamo creare una chiave per la vostra auto Kia entro un&#039;ora. Produzione di chiavi Kia Lavoriamo solo con moderne attrezzature computerizzate con le quali produrremo una chiave di alta qualit\u00e0 e di lunga durata per la vostra auto Kia. Se avete una sola chiave o se la vostra chiave Kia non avvia sempre l&#039;auto, vi consigliamo di acquistare una chiave di riserva. Questo vi far\u00e0 risparmiare tempo e denaro. Realizziamo chiavi per diversi modelli di auto Kia. Pu\u00f2 essere una chiave senza telecomando, una chiave con telecomando. Possiamo anche offrire una chiave intelligente (sistema di accensione senza chiave con pulsante START\/STOP). Produzione di chiavi per auto  Produzione di nuove chiavi dell&#039;auto, programmazione delle chiavi (&quot;binding&quot; con l&#039;auto)  Eliminazione dalla memoria dell&#039;auto di chiavi precedentemente smarrite  Produzione della chiave di accensione in base alla serratura  Riparazione delle chiavi dell&#039;auto (sostituzione di pulsanti, gusci, meccanismi)  Sblocco di emergenza dell&#039;auto  Scambio di chiavi, custodie per chiavi  Arresto del software DPF \/ FAP  Rimozione programmata dell&#039;EGR  Disattivazione del software dell&#039;immobilizzatore (immo Off)  Riparazione, clonazione e programmazione dell&#039;unit\u00e0 di controllo del motore (ECU)  SRS (Programmazione dell&#039;unit\u00e0 di controllo degli airbag)  articoli spediti entro 3 giorni lavorativi.* &nbsp; &nbsp; &nbsp;\" \/>\n<meta property=\"og:url\" content=\"https:\/\/keys-for-auto.eu\/it\/product\/chiave-produzione-per-auto-kia\/\" \/>\n<meta property=\"og:site_name\" content=\"Keys for auto\" \/>\n<meta property=\"article:publisher\" content=\"https:\/\/www.facebook.com\/KeysForAutoEU\" \/>\n<meta property=\"og:image\" content=\"https:\/\/i0.wp.com\/keys-for-auto.eu\/wp-content\/uploads\/2022\/12\/admin-ajax__2_-removebg-preview-1.png?fit=400%2C371&ssl=1\" \/>\n\t<meta property=\"og:image:width\" content=\"400\" \/>\n\t<meta property=\"og:image:height\" content=\"371\" \/>\n\t<meta property=\"og:image:type\" content=\"image\/png\" \/>\n<meta name=\"twitter:card\" content=\"summary_large_image\" \/>\n<meta name=\"twitter:label1\" content=\"Tempo di lettura stimato\" \/>\n\t<meta name=\"twitter:data1\" content=\"2 minuti\" \/>\n<script type=\"application\/ld+json\" class=\"yoast-schema-graph\">{\"@context\":\"https:\\\/\\\/schema.org\",\"@graph\":[{\"@type\":[\"WebPage\",\"ItemPage\"],\"@id\":\"https:\\\/\\\/keys-for-auto.eu\\\/it\\\/product\\\/chiave-produzione-per-auto-kia\\\/\",\"url\":\"https:\\\/\\\/keys-for-auto.eu\\\/it\\\/product\\\/chiave-produzione-per-auto-kia\\\/\",\"name\":\"- %\",\"isPartOf\":{\"@id\":\"https:\\\/\\\/keys-for-auto.eu\\\/it\\\/#website\"},\"primaryImageOfPage\":{\"@id\":\"https:\\\/\\\/keys-for-auto.eu\\\/it\\\/product\\\/chiave-produzione-per-auto-kia\\\/#primaryimage\"},\"image\":{\"@id\":\"https:\\\/\\\/keys-for-auto.eu\\\/it\\\/product\\\/chiave-produzione-per-auto-kia\\\/#primaryimage\"},\"thumbnailUrl\":\"https:\\\/\\\/keys-for-auto.eu\\\/wp-content\\\/uploads\\\/2022\\\/12\\\/admin-ajax__2_-removebg-preview-1.png\",\"datePublished\":\"2017-09-16T16:11:18+00:00\",\"breadcrumb\":{\"@id\":\"https:\\\/\\\/keys-for-auto.eu\\\/it\\\/product\\\/chiave-produzione-per-auto-kia\\\/#breadcrumb\"},\"inLanguage\":\"it-IT\",\"potentialAction\":[{\"@type\":\"ReadAction\",\"target\":[\"https:\\\/\\\/keys-for-auto.eu\\\/it\\\/product\\\/chiave-produzione-per-auto-kia\\\/\"]}]},{\"@type\":\"ImageObject\",\"inLanguage\":\"it-IT\",\"@id\":\"https:\\\/\\\/keys-for-auto.eu\\\/it\\\/product\\\/chiave-produzione-per-auto-kia\\\/#primaryimage\",\"url\":\"https:\\\/\\\/keys-for-auto.eu\\\/wp-content\\\/uploads\\\/2022\\\/12\\\/admin-ajax__2_-removebg-preview-1.png\",\"contentUrl\":\"https:\\\/\\\/keys-for-auto.eu\\\/wp-content\\\/uploads\\\/2022\\\/12\\\/admin-ajax__2_-removebg-preview-1.png\",\"width\":400,\"height\":371},{\"@type\":\"BreadcrumbList\",\"@id\":\"https:\\\/\\\/keys-for-auto.eu\\\/it\\\/product\\\/chiave-produzione-per-auto-kia\\\/#breadcrumb\",\"itemListElement\":[{\"@type\":\"ListItem\",\"position\":1,\"name\":\"Casa\",\"item\":\"https:\\\/\\\/keys-for-auto.eu\\\/it\\\/\"},{\"@type\":\"ListItem\",\"position\":2,\"name\":\"Shop\",\"item\":\"https:\\\/\\\/keys-for-auto.eu\\\/\"},{\"@type\":\"ListItem\",\"position\":3,\"name\":\"Produzione chiave per le auto KIA\"}]},{\"@type\":\"WebSite\",\"@id\":\"https:\\\/\\\/keys-for-auto.eu\\\/it\\\/#website\",\"url\":\"https:\\\/\\\/keys-for-auto.eu\\\/it\\\/\",\"name\":\"Keys for auto\",\"description\":\"Car keys,  key shells, key programming\",\"publisher\":{\"@id\":\"https:\\\/\\\/keys-for-auto.eu\\\/it\\\/#organization\"},\"potentialAction\":[{\"@type\":\"SearchAction\",\"target\":{\"@type\":\"EntryPoint\",\"urlTemplate\":\"https:\\\/\\\/keys-for-auto.eu\\\/it\\\/?s={search_term_string}\"},\"query-input\":{\"@type\":\"PropertyValueSpecification\",\"valueRequired\":true,\"valueName\":\"search_term_string\"}}],\"inLanguage\":\"it-IT\"},{\"@type\":\"Organization\",\"@id\":\"https:\\\/\\\/keys-for-auto.eu\\\/it\\\/#organization\",\"name\":\"Chiavi per auto\",\"url\":\"https:\\\/\\\/keys-for-auto.eu\\\/it\\\/\",\"logo\":{\"@type\":\"ImageObject\",\"inLanguage\":\"it-IT\",\"@id\":\"https:\\\/\\\/keys-for-auto.eu\\\/it\\\/#\\\/schema\\\/logo\\\/image\\\/\",\"url\":\"https:\\\/\\\/keys-for-auto.eu\\\/wp-content\\\/uploads\\\/2022\\\/11\\\/cropped-png1.png\",\"contentUrl\":\"https:\\\/\\\/keys-for-auto.eu\\\/wp-content\\\/uploads\\\/2022\\\/11\\\/cropped-png1.png\",\"width\":1000,\"height\":342,\"caption\":\"Chiavi per auto\"},\"image\":{\"@id\":\"https:\\\/\\\/keys-for-auto.eu\\\/it\\\/#\\\/schema\\\/logo\\\/image\\\/\"},\"sameAs\":[\"https:\\\/\\\/www.facebook.com\\\/KeysForAutoEU\"]}]}<\/script>\n<!-- \/ Yoast SEO plugin. -->","yoast_head_json":{"title":"- %","robots":{"index":"index","follow":"follow","max-snippet":"max-snippet:-1","max-image-preview":"max-image-preview:large","max-video-preview":"max-video-preview:-1"},"canonical":"https:\/\/keys-for-auto.eu\/it\/product\/chiave-produzione-per-auto-kia\/","og_locale":"it_IT","og_type":"article","og_title":"- %","og_description":"Produciamo e programmiamo chiavi, chiavi elettroniche (smart) per auto Kia.  Produzione di chiavi Kia  Programmazione chiavi Kia  Riparazione di chiavi Kia  I casi chiave di Kia  Produzione e programmazione delle chiavi Kia  Sblocco di emergenza delle auto Kia Possiamo creare una chiave per la vostra auto Kia entro un'ora. Produzione di chiavi Kia Lavoriamo solo con moderne attrezzature computerizzate con le quali produrremo una chiave di alta qualit\u00e0 e di lunga durata per la vostra auto Kia. Se avete una sola chiave o se la vostra chiave Kia non avvia sempre l'auto, vi consigliamo di acquistare una chiave di riserva. Questo vi far\u00e0 risparmiare tempo e denaro. Realizziamo chiavi per diversi modelli di auto Kia. Pu\u00f2 essere una chiave senza telecomando, una chiave con telecomando. Possiamo anche offrire una chiave intelligente (sistema di accensione senza chiave con pulsante START\/STOP). Produzione di chiavi per auto  Produzione di nuove chiavi dell'auto, programmazione delle chiavi (\"binding\" con l'auto)  Eliminazione dalla memoria dell'auto di chiavi precedentemente smarrite  Produzione della chiave di accensione in base alla serratura  Riparazione delle chiavi dell'auto (sostituzione di pulsanti, gusci, meccanismi)  Sblocco di emergenza dell'auto  Scambio di chiavi, custodie per chiavi  Arresto del software DPF \/ FAP  Rimozione programmata dell'EGR  Disattivazione del software dell'immobilizzatore (immo Off)  Riparazione, clonazione e programmazione dell'unit\u00e0 di controllo del motore (ECU)  SRS (Programmazione dell'unit\u00e0 di controllo degli airbag)  articoli spediti entro 3 giorni lavorativi.* &nbsp; &nbsp; &nbsp;","og_url":"https:\/\/keys-for-auto.eu\/it\/product\/chiave-produzione-per-auto-kia\/","og_site_name":"Keys for auto","article_publisher":"https:\/\/www.facebook.com\/KeysForAutoEU","og_image":[{"width":400,"height":371,"url":"https:\/\/i0.wp.com\/keys-for-auto.eu\/wp-content\/uploads\/2022\/12\/admin-ajax__2_-removebg-preview-1.png?fit=400%2C371&ssl=1","type":"image\/png"}],"twitter_card":"summary_large_image","twitter_misc":{"Tempo di lettura stimato":"2 minuti"},"schema":{"@context":"https:\/\/schema.org","@graph":[{"@type":["WebPage","ItemPage"],"@id":"https:\/\/keys-for-auto.eu\/it\/product\/chiave-produzione-per-auto-kia\/","url":"https:\/\/keys-for-auto.eu\/it\/product\/chiave-produzione-per-auto-kia\/","name":"- %","isPartOf":{"@id":"https:\/\/keys-for-auto.eu\/it\/#website"},"primaryImageOfPage":{"@id":"https:\/\/keys-for-auto.eu\/it\/product\/chiave-produzione-per-auto-kia\/#primaryimage"},"image":{"@id":"https:\/\/keys-for-auto.eu\/it\/product\/chiave-produzione-per-auto-kia\/#primaryimage"},"thumbnailUrl":"https:\/\/keys-for-auto.eu\/wp-content\/uploads\/2022\/12\/admin-ajax__2_-removebg-preview-1.png","datePublished":"2017-09-16T16:11:18+00:00","breadcrumb":{"@id":"https:\/\/keys-for-auto.eu\/it\/product\/chiave-produzione-per-auto-kia\/#breadcrumb"},"inLanguage":"it-IT","potentialAction":[{"@type":"ReadAction","target":["https:\/\/keys-for-auto.eu\/it\/product\/chiave-produzione-per-auto-kia\/"]}]},{"@type":"ImageObject","inLanguage":"it-IT","@id":"https:\/\/keys-for-auto.eu\/it\/product\/chiave-produzione-per-auto-kia\/#primaryimage","url":"https:\/\/keys-for-auto.eu\/wp-content\/uploads\/2022\/12\/admin-ajax__2_-removebg-preview-1.png","contentUrl":"https:\/\/keys-for-auto.eu\/wp-content\/uploads\/2022\/12\/admin-ajax__2_-removebg-preview-1.png","width":400,"height":371},{"@type":"BreadcrumbList","@id":"https:\/\/keys-for-auto.eu\/it\/product\/chiave-produzione-per-auto-kia\/#breadcrumb","itemListElement":[{"@type":"ListItem","position":1,"name":"Casa","item":"https:\/\/keys-for-auto.eu\/it\/"},{"@type":"ListItem","position":2,"name":"Shop","item":"https:\/\/keys-for-auto.eu\/"},{"@type":"ListItem","position":3,"name":"Produzione chiave per le auto KIA"}]},{"@type":"WebSite","@id":"https:\/\/keys-for-auto.eu\/it\/#website","url":"https:\/\/keys-for-auto.eu\/it\/","name":"Keys for auto","description":"Car keys,  key shells, key programming","publisher":{"@id":"https:\/\/keys-for-auto.eu\/it\/#organization"},"potentialAction":[{"@type":"SearchAction","target":{"@type":"EntryPoint","urlTemplate":"https:\/\/keys-for-auto.eu\/it\/?s={search_term_string}"},"query-input":{"@type":"PropertyValueSpecification","valueRequired":true,"valueName":"search_term_string"}}],"inLanguage":"it-IT"},{"@type":"Organization","@id":"https:\/\/keys-for-auto.eu\/it\/#organization","name":"Chiavi per auto","url":"https:\/\/keys-for-auto.eu\/it\/","logo":{"@type":"ImageObject","inLanguage":"it-IT","@id":"https:\/\/keys-for-auto.eu\/it\/#\/schema\/logo\/image\/","url":"https:\/\/keys-for-auto.eu\/wp-content\/uploads\/2022\/11\/cropped-png1.png","contentUrl":"https:\/\/keys-for-auto.eu\/wp-content\/uploads\/2022\/11\/cropped-png1.png","width":1000,"height":342,"caption":"Chiavi per auto"},"image":{"@id":"https:\/\/keys-for-auto.eu\/it\/#\/schema\/logo\/image\/"},"sameAs":["https:\/\/www.facebook.com\/KeysForAutoEU"]}]}},"_links":{"self":[{"href":"https:\/\/keys-for-auto.eu\/it\/wp-json\/wp\/v2\/product\/15436","targetHints":{"allow":["GET"]}}],"collection":[{"href":"https:\/\/keys-for-auto.eu\/it\/wp-json\/wp\/v2\/product"}],"about":[{"href":"https:\/\/keys-for-auto.eu\/it\/wp-json\/wp\/v2\/types\/product"}],"replies":[{"embeddable":true,"href":"https:\/\/keys-for-auto.eu\/it\/wp-json\/wp\/v2\/comments?post=15436"}],"wp:featuredmedia":[{"embeddable":true,"href":"https:\/\/keys-for-auto.eu\/it\/wp-json\/wp\/v2\/media\/13502"}],"wp:attachment":[{"href":"https:\/\/keys-for-auto.eu\/it\/wp-json\/wp\/v2\/media?parent=15436"}],"wp:term":[{"taxonomy":"product_brand","embeddable":true,"href":"https:\/\/keys-for-auto.eu\/it\/wp-json\/wp\/v2\/product_brand?post=15436"},{"taxonomy":"product_cat","embeddable":true,"href":"https:\/\/keys-for-auto.eu\/it\/wp-json\/wp\/v2\/product_cat?post=15436"},{"taxonomy":"product_tag","embeddable":true,"href":"https:\/\/keys-for-auto.eu\/it\/wp-json\/wp\/v2\/product_tag?post=15436"}],"curies":[{"name":"wp","href":"https:\/\/api.w.org\/{rel}","templated":true}]}}