{"id":15435,"date":"2017-11-29T21:12:28","date_gmt":"2017-11-29T21:12:28","guid":{"rendered":"https:\/\/keys-for-auto.eu\/product\/produzione-di-chiavi-per-autovetture-citroen\/"},"modified":"2017-11-29T21:12:28","modified_gmt":"2017-11-29T21:12:28","slug":"produzione-di-chiavi-per-le-auto-citroen","status":"publish","type":"product","link":"https:\/\/keys-for-auto.eu\/it\/product\/produzione-di-chiavi-per-le-auto-citroen\/","title":{"rendered":"Produzione di chiavi per autovetture Citroen"},"content":{"rendered":"<h2>  Cosa c&#8217;\u00e8 da sapere sulla fabbricazione delle chiavi Citroen<\/h2>\n<p>Produzione di chiavi Citroen | Perdere un mazzo di chiavi uniche per un&#8217;auto Citroen \u00e8 sempre un episodio spiacevole nella vita di un automobilista. Soprattutto se si tratta di un caso isolato. In questo caso, \u00e8 necessario realizzare un duplicato per adattarlo alla serratura, un processo complesso e costoso. Vale quindi la pena di tutelarsi in anticipo facendo una copia della chiave dell&#8217;auto.<\/p>\n<h3>Garanzia di sicurezza<\/h3>\n<p>Quasi tutte le auto Citroen moderne sono dotate di chiavi pieghevoli con chip incorporato. Un codice univoco viene scritto in fabbrica in questo chip e lo stesso codice viene scritto nell&#8217;unit\u00e0 di controllo del veicolo. Questo codice non viene ripetuto in nessun&#8217;altra vettura (del Gruppo o di altre societ\u00e0). In questo modo si garantisce che non esiste un&#8217;altra chiave per una determinata auto.<\/p>\n<p>La complessit\u00e0 della produzione del kit di ricambio \u00e8 la ricerca di una codifica unica. Ci\u00f2 richiede un&#8217;attrezzatura speciale per la diagnosi e il montaggio, nonch\u00e9 l&#8217;assistenza di un tecnico esperto. Se si inizia a selezionare il codice da soli, l&#8217;auto lo considerer\u00e0 un tentativo di effrazione e bloccher\u00e0 i suoi sistemi (scollegando il cambio, il volante, ecc.). Il master copia le informazioni dal dispositivo di sblocco e le trasferisce a un chip vuoto.<\/p>\n<p>Dopo che la nuova chiave \u00e8 stata caricata con le informazioni necessarie, deve essere programmata per interagire con l&#8217;auto. Ad esempio, secondo il manuale, il proprietario dell&#8217;auto deve essere in grado di accedere a distanza al veicolo, al bagagliaio, ai finestrini, al tetto apribile e al sistema di controllo del tetto panoramico. Dopo aver attivato tutte le funzioni necessarie, resta da realizzare la parte meccanica della chiave. Questa \u00e8 la fase pi\u00f9 semplice dell&#8217;intero processo.<\/p>\n<p>Se avete bisogno di un duplicato della chiave della vostra Citroen, rivolgetevi alla nostra officina specializzata. Vi aiuteremo e garantiremo il funzionamento affidabile del set di chiavi e la lunga durata dei prodotti.<\/p>\n<h3>Fabbricazione di chiavi Citroen<\/h3>\n<ul>\n<li>Produzione chiavi Citroen C4<\/li>\n<li>Produzione chiavi Citroen C5<\/li>\n<li>Produzione chiavi Citroen Berlingo<\/li>\n<li>Produzione chiavi Citroen Jumpy<\/li>\n<li>Fabbricazione di chiavi per Citroen C3<\/li>\n<li>Fabbricazione di chiavi Citroen C2<\/li>\n<li>Citroen C-Elysee chiave di produzione<\/li>\n<li>Produzione chiavi DS3<\/li>\n<li>Produzione di chiavi DS4<\/li>\n<li>Produzione chiavi DS5<\/li>\n<\/ul>\n<p>e altri&#8230;<\/p>\n","protected":false},"excerpt":{"rendered":"<h3>Fabbricazione di chiavi Citroen<\/h3>\n<ul>\n<li>Fabbricazione di chiavi Citroen<\/li>\n<li>Chiavi Citroen<\/li>\n<li>Custodie per chiavi Citroen<\/li>\n<li>Riparazione chiavi Citroen<\/li>\n<li>Programmazione chiavi Citroen<\/li>\n<li>Sblocco d&#8217;emergenza di auto Citroen<\/li>\n<\/ul>\n<h3><strong>Produzione di chiavi per auto<\/strong><\/h3>\n<ul>\n<li><strong>Produzione di nuove chiavi dell&#8217;auto, programmazione delle chiavi (&#8220;binding&#8221; con l&#8217;auto)<\/strong><\/li>\n<li><strong>Eliminazione dalla memoria dell&#8217;auto di chiavi precedentemente smarrite<\/strong><\/li>\n<li><strong>Produzione della chiave di accensione in base alla serratura<\/strong><\/li>\n<li><strong>Riparazione delle chiavi dell&#8217;auto (sostituzione di pulsanti, gusci, meccanismi)<\/strong><\/li>\n<li><strong>Sblocco di emergenza dell&#8217;auto<\/strong><\/li>\n<li><strong>Scambio di chiavi, custodie per chiavi<\/strong><\/li>\n<li><strong>Arresto del software DPF \/ FAP<\/strong><\/li>\n<li><strong>Rimozione programmata dell&#8217;EGR<\/strong><\/li>\n<li><strong>Disattivazione del software dell&#8217;immobilizzatore (immo Off)<\/strong><\/li>\n<li><strong>Riparazione, clonazione e programmazione dell&#8217;unit\u00e0 di controllo del motore (ECU)<\/strong><\/li>\n<li><strong>SRS (Programmazione dell&#8217;unit\u00e0 di controllo degli airbag)<\/strong><\/li>\n<\/ul>\n<h4><strong>articoli spediti entro 3 giorni lavorativi.*<\/strong><\/h4>\n<p>&nbsp;<\/p>\n","protected":false},"featured_media":13007,"comment_status":"open","ping_status":"closed","template":"","meta":[],"product_brand":[],"product_cat":[860,973],"product_tag":[1593,1597,1601,1605,1608,1611,1614,1618,1622,1625,1627,1630,1633,1635,1638,1580,1563,929,930,933,931,934,935,1568,1584,1573,1576,932,1587],"class_list":{"0":"post-15435","1":"product","2":"type-product","3":"status-publish","4":"has-post-thumbnail","6":"product_cat-citroen-it","7":"product_cat-produzione-di-chiavi","8":"product_tag-chiave-citroen","9":"product_tag-chiave-citroen-c4","10":"product_tag-chiave-citroen-c5","11":"product_tag-chiave-citroen-c6","12":"product_tag-chiave-citroen-c8","13":"product_tag-chiave-citroen-ds3","14":"product_tag-chiave-citroen-ds4","15":"product_tag-chiave-citroen-ds5","16":"product_tag-citroen-c2-it","17":"product_tag-citroen-c3-it","18":"product_tag-citroen-c4-it","19":"product_tag-citroen-c5-it","20":"product_tag-citroen-c6-it","21":"product_tag-citroen-c8-it","22":"product_tag-citroen-xsara-it","23":"product_tag-guscio-chiave-citroen-berlingo","24":"product_tag-guscio-chiave-citroen-c1","25":"product_tag-guscio-chiave-citroen-c2","26":"product_tag-guscio-chiave-citroen-c3","27":"product_tag-guscio-chiave-citroen-c4","28":"product_tag-guscio-chiave-citroen-c5","29":"product_tag-guscio-chiave-citroen-c6","30":"product_tag-guscio-chiave-citroen-c8","31":"product_tag-guscio-chiave-citroen-evasion","32":"product_tag-guscio-chiave-citroen-saxo","33":"product_tag-guscio-chiave-citroen-synergie","34":"product_tag-guscio-chiave-citroen-xantia","35":"product_tag-guscio-chiave-citroen-xsara","36":"product_tag-guscio-chiave-citroen-xsara-guscio-chiave-citroen","38":"first","39":"instock","40":"shipping-taxable","41":"product-type-simple"},"yoast_head":"<!-- This site is optimized with the Yoast SEO plugin v27.3 - https:\/\/yoast.com\/product\/yoast-seo-wordpress\/ -->\n<title>- %<\/title>\n<meta name=\"robots\" content=\"index, follow, max-snippet:-1, max-image-preview:large, max-video-preview:-1\" \/>\n<link rel=\"canonical\" href=\"https:\/\/keys-for-auto.eu\/it\/product\/produzione-di-chiavi-per-le-auto-citroen\/\" \/>\n<meta property=\"og:locale\" content=\"it_IT\" \/>\n<meta property=\"og:type\" content=\"article\" \/>\n<meta property=\"og:title\" content=\"- %\" \/>\n<meta property=\"og:description\" content=\"Fabbricazione di chiavi Citroen  Fabbricazione di chiavi Citroen  Chiavi Citroen  Custodie per chiavi Citroen  Riparazione chiavi Citroen  Programmazione chiavi Citroen  Sblocco d&#039;emergenza di auto Citroen Produzione di chiavi per auto  Produzione di nuove chiavi dell&#039;auto, programmazione delle chiavi (&quot;binding&quot; con l&#039;auto)  Eliminazione dalla memoria dell&#039;auto di chiavi precedentemente smarrite  Produzione della chiave di accensione in base alla serratura  Riparazione delle chiavi dell&#039;auto (sostituzione di pulsanti, gusci, meccanismi)  Sblocco di emergenza dell&#039;auto  Scambio di chiavi, custodie per chiavi  Arresto del software DPF \/ FAP  Rimozione programmata dell&#039;EGR  Disattivazione del software dell&#039;immobilizzatore (immo Off)  Riparazione, clonazione e programmazione dell&#039;unit\u00e0 di controllo del motore (ECU)  SRS (Programmazione dell&#039;unit\u00e0 di controllo degli airbag) articoli spediti entro 3 giorni lavorativi.* &nbsp;\" \/>\n<meta property=\"og:url\" content=\"https:\/\/keys-for-auto.eu\/it\/product\/produzione-di-chiavi-per-le-auto-citroen\/\" \/>\n<meta property=\"og:site_name\" content=\"Keys for auto\" \/>\n<meta property=\"article:publisher\" content=\"https:\/\/www.facebook.com\/KeysForAutoEU\" \/>\n<meta property=\"og:image\" content=\"https:\/\/keys-for-auto.eu\/wp-content\/uploads\/2022\/12\/logo-Citroen.png\" \/>\n\t<meta property=\"og:image:width\" content=\"1075\" \/>\n\t<meta property=\"og:image:height\" content=\"830\" \/>\n\t<meta property=\"og:image:type\" content=\"image\/png\" \/>\n<meta name=\"twitter:card\" content=\"summary_large_image\" \/>\n<meta name=\"twitter:label1\" content=\"Tempo di lettura stimato\" \/>\n\t<meta name=\"twitter:data1\" content=\"2 minuti\" \/>\n<script type=\"application\/ld+json\" class=\"yoast-schema-graph\">{\"@context\":\"https:\\\/\\\/schema.org\",\"@graph\":[{\"@type\":[\"WebPage\",\"ItemPage\"],\"@id\":\"https:\\\/\\\/keys-for-auto.eu\\\/it\\\/product\\\/produzione-di-chiavi-per-le-auto-citroen\\\/\",\"url\":\"https:\\\/\\\/keys-for-auto.eu\\\/it\\\/product\\\/produzione-di-chiavi-per-le-auto-citroen\\\/\",\"name\":\"- %\",\"isPartOf\":{\"@id\":\"https:\\\/\\\/keys-for-auto.eu\\\/it\\\/#website\"},\"primaryImageOfPage\":{\"@id\":\"https:\\\/\\\/keys-for-auto.eu\\\/it\\\/product\\\/produzione-di-chiavi-per-le-auto-citroen\\\/#primaryimage\"},\"image\":{\"@id\":\"https:\\\/\\\/keys-for-auto.eu\\\/it\\\/product\\\/produzione-di-chiavi-per-le-auto-citroen\\\/#primaryimage\"},\"thumbnailUrl\":\"https:\\\/\\\/keys-for-auto.eu\\\/wp-content\\\/uploads\\\/2022\\\/12\\\/logo-Citroen.png\",\"datePublished\":\"2017-11-29T21:12:28+00:00\",\"breadcrumb\":{\"@id\":\"https:\\\/\\\/keys-for-auto.eu\\\/it\\\/product\\\/produzione-di-chiavi-per-le-auto-citroen\\\/#breadcrumb\"},\"inLanguage\":\"it-IT\",\"potentialAction\":[{\"@type\":\"ReadAction\",\"target\":[\"https:\\\/\\\/keys-for-auto.eu\\\/it\\\/product\\\/produzione-di-chiavi-per-le-auto-citroen\\\/\"]}]},{\"@type\":\"ImageObject\",\"inLanguage\":\"it-IT\",\"@id\":\"https:\\\/\\\/keys-for-auto.eu\\\/it\\\/product\\\/produzione-di-chiavi-per-le-auto-citroen\\\/#primaryimage\",\"url\":\"https:\\\/\\\/keys-for-auto.eu\\\/wp-content\\\/uploads\\\/2022\\\/12\\\/logo-Citroen.png\",\"contentUrl\":\"https:\\\/\\\/keys-for-auto.eu\\\/wp-content\\\/uploads\\\/2022\\\/12\\\/logo-Citroen.png\",\"width\":1075,\"height\":830},{\"@type\":\"BreadcrumbList\",\"@id\":\"https:\\\/\\\/keys-for-auto.eu\\\/it\\\/product\\\/produzione-di-chiavi-per-le-auto-citroen\\\/#breadcrumb\",\"itemListElement\":[{\"@type\":\"ListItem\",\"position\":1,\"name\":\"Casa\",\"item\":\"https:\\\/\\\/keys-for-auto.eu\\\/it\\\/\"},{\"@type\":\"ListItem\",\"position\":2,\"name\":\"Shop\",\"item\":\"https:\\\/\\\/keys-for-auto.eu\\\/\"},{\"@type\":\"ListItem\",\"position\":3,\"name\":\"Produzione di chiavi per autovetture Citroen\"}]},{\"@type\":\"WebSite\",\"@id\":\"https:\\\/\\\/keys-for-auto.eu\\\/it\\\/#website\",\"url\":\"https:\\\/\\\/keys-for-auto.eu\\\/it\\\/\",\"name\":\"Keys for auto\",\"description\":\"Car keys,  key shells, key programming\",\"publisher\":{\"@id\":\"https:\\\/\\\/keys-for-auto.eu\\\/it\\\/#organization\"},\"potentialAction\":[{\"@type\":\"SearchAction\",\"target\":{\"@type\":\"EntryPoint\",\"urlTemplate\":\"https:\\\/\\\/keys-for-auto.eu\\\/it\\\/?s={search_term_string}\"},\"query-input\":{\"@type\":\"PropertyValueSpecification\",\"valueRequired\":true,\"valueName\":\"search_term_string\"}}],\"inLanguage\":\"it-IT\"},{\"@type\":\"Organization\",\"@id\":\"https:\\\/\\\/keys-for-auto.eu\\\/it\\\/#organization\",\"name\":\"Chiavi per auto\",\"url\":\"https:\\\/\\\/keys-for-auto.eu\\\/it\\\/\",\"logo\":{\"@type\":\"ImageObject\",\"inLanguage\":\"it-IT\",\"@id\":\"https:\\\/\\\/keys-for-auto.eu\\\/it\\\/#\\\/schema\\\/logo\\\/image\\\/\",\"url\":\"https:\\\/\\\/keys-for-auto.eu\\\/wp-content\\\/uploads\\\/2022\\\/11\\\/cropped-png1.png\",\"contentUrl\":\"https:\\\/\\\/keys-for-auto.eu\\\/wp-content\\\/uploads\\\/2022\\\/11\\\/cropped-png1.png\",\"width\":1000,\"height\":342,\"caption\":\"Chiavi per auto\"},\"image\":{\"@id\":\"https:\\\/\\\/keys-for-auto.eu\\\/it\\\/#\\\/schema\\\/logo\\\/image\\\/\"},\"sameAs\":[\"https:\\\/\\\/www.facebook.com\\\/KeysForAutoEU\"]}]}<\/script>\n<!-- \/ Yoast SEO plugin. -->","yoast_head_json":{"title":"- %","robots":{"index":"index","follow":"follow","max-snippet":"max-snippet:-1","max-image-preview":"max-image-preview:large","max-video-preview":"max-video-preview:-1"},"canonical":"https:\/\/keys-for-auto.eu\/it\/product\/produzione-di-chiavi-per-le-auto-citroen\/","og_locale":"it_IT","og_type":"article","og_title":"- %","og_description":"Fabbricazione di chiavi Citroen  Fabbricazione di chiavi Citroen  Chiavi Citroen  Custodie per chiavi Citroen  Riparazione chiavi Citroen  Programmazione chiavi Citroen  Sblocco d'emergenza di auto Citroen Produzione di chiavi per auto  Produzione di nuove chiavi dell'auto, programmazione delle chiavi (\"binding\" con l'auto)  Eliminazione dalla memoria dell'auto di chiavi precedentemente smarrite  Produzione della chiave di accensione in base alla serratura  Riparazione delle chiavi dell'auto (sostituzione di pulsanti, gusci, meccanismi)  Sblocco di emergenza dell'auto  Scambio di chiavi, custodie per chiavi  Arresto del software DPF \/ FAP  Rimozione programmata dell'EGR  Disattivazione del software dell'immobilizzatore (immo Off)  Riparazione, clonazione e programmazione dell'unit\u00e0 di controllo del motore (ECU)  SRS (Programmazione dell'unit\u00e0 di controllo degli airbag) articoli spediti entro 3 giorni lavorativi.* &nbsp;","og_url":"https:\/\/keys-for-auto.eu\/it\/product\/produzione-di-chiavi-per-le-auto-citroen\/","og_site_name":"Keys for auto","article_publisher":"https:\/\/www.facebook.com\/KeysForAutoEU","og_image":[{"width":1075,"height":830,"url":"https:\/\/keys-for-auto.eu\/wp-content\/uploads\/2022\/12\/logo-Citroen.png","type":"image\/png"}],"twitter_card":"summary_large_image","twitter_misc":{"Tempo di lettura stimato":"2 minuti"},"schema":{"@context":"https:\/\/schema.org","@graph":[{"@type":["WebPage","ItemPage"],"@id":"https:\/\/keys-for-auto.eu\/it\/product\/produzione-di-chiavi-per-le-auto-citroen\/","url":"https:\/\/keys-for-auto.eu\/it\/product\/produzione-di-chiavi-per-le-auto-citroen\/","name":"- %","isPartOf":{"@id":"https:\/\/keys-for-auto.eu\/it\/#website"},"primaryImageOfPage":{"@id":"https:\/\/keys-for-auto.eu\/it\/product\/produzione-di-chiavi-per-le-auto-citroen\/#primaryimage"},"image":{"@id":"https:\/\/keys-for-auto.eu\/it\/product\/produzione-di-chiavi-per-le-auto-citroen\/#primaryimage"},"thumbnailUrl":"https:\/\/keys-for-auto.eu\/wp-content\/uploads\/2022\/12\/logo-Citroen.png","datePublished":"2017-11-29T21:12:28+00:00","breadcrumb":{"@id":"https:\/\/keys-for-auto.eu\/it\/product\/produzione-di-chiavi-per-le-auto-citroen\/#breadcrumb"},"inLanguage":"it-IT","potentialAction":[{"@type":"ReadAction","target":["https:\/\/keys-for-auto.eu\/it\/product\/produzione-di-chiavi-per-le-auto-citroen\/"]}]},{"@type":"ImageObject","inLanguage":"it-IT","@id":"https:\/\/keys-for-auto.eu\/it\/product\/produzione-di-chiavi-per-le-auto-citroen\/#primaryimage","url":"https:\/\/keys-for-auto.eu\/wp-content\/uploads\/2022\/12\/logo-Citroen.png","contentUrl":"https:\/\/keys-for-auto.eu\/wp-content\/uploads\/2022\/12\/logo-Citroen.png","width":1075,"height":830},{"@type":"BreadcrumbList","@id":"https:\/\/keys-for-auto.eu\/it\/product\/produzione-di-chiavi-per-le-auto-citroen\/#breadcrumb","itemListElement":[{"@type":"ListItem","position":1,"name":"Casa","item":"https:\/\/keys-for-auto.eu\/it\/"},{"@type":"ListItem","position":2,"name":"Shop","item":"https:\/\/keys-for-auto.eu\/"},{"@type":"ListItem","position":3,"name":"Produzione di chiavi per autovetture Citroen"}]},{"@type":"WebSite","@id":"https:\/\/keys-for-auto.eu\/it\/#website","url":"https:\/\/keys-for-auto.eu\/it\/","name":"Keys for auto","description":"Car keys,  key shells, key programming","publisher":{"@id":"https:\/\/keys-for-auto.eu\/it\/#organization"},"potentialAction":[{"@type":"SearchAction","target":{"@type":"EntryPoint","urlTemplate":"https:\/\/keys-for-auto.eu\/it\/?s={search_term_string}"},"query-input":{"@type":"PropertyValueSpecification","valueRequired":true,"valueName":"search_term_string"}}],"inLanguage":"it-IT"},{"@type":"Organization","@id":"https:\/\/keys-for-auto.eu\/it\/#organization","name":"Chiavi per auto","url":"https:\/\/keys-for-auto.eu\/it\/","logo":{"@type":"ImageObject","inLanguage":"it-IT","@id":"https:\/\/keys-for-auto.eu\/it\/#\/schema\/logo\/image\/","url":"https:\/\/keys-for-auto.eu\/wp-content\/uploads\/2022\/11\/cropped-png1.png","contentUrl":"https:\/\/keys-for-auto.eu\/wp-content\/uploads\/2022\/11\/cropped-png1.png","width":1000,"height":342,"caption":"Chiavi per auto"},"image":{"@id":"https:\/\/keys-for-auto.eu\/it\/#\/schema\/logo\/image\/"},"sameAs":["https:\/\/www.facebook.com\/KeysForAutoEU"]}]}},"_links":{"self":[{"href":"https:\/\/keys-for-auto.eu\/it\/wp-json\/wp\/v2\/product\/15435","targetHints":{"allow":["GET"]}}],"collection":[{"href":"https:\/\/keys-for-auto.eu\/it\/wp-json\/wp\/v2\/product"}],"about":[{"href":"https:\/\/keys-for-auto.eu\/it\/wp-json\/wp\/v2\/types\/product"}],"replies":[{"embeddable":true,"href":"https:\/\/keys-for-auto.eu\/it\/wp-json\/wp\/v2\/comments?post=15435"}],"wp:featuredmedia":[{"embeddable":true,"href":"https:\/\/keys-for-auto.eu\/it\/wp-json\/wp\/v2\/media\/13007"}],"wp:attachment":[{"href":"https:\/\/keys-for-auto.eu\/it\/wp-json\/wp\/v2\/media?parent=15435"}],"wp:term":[{"taxonomy":"product_brand","embeddable":true,"href":"https:\/\/keys-for-auto.eu\/it\/wp-json\/wp\/v2\/product_brand?post=15435"},{"taxonomy":"product_cat","embeddable":true,"href":"https:\/\/keys-for-auto.eu\/it\/wp-json\/wp\/v2\/product_cat?post=15435"},{"taxonomy":"product_tag","embeddable":true,"href":"https:\/\/keys-for-auto.eu\/it\/wp-json\/wp\/v2\/product_tag?post=15435"}],"curies":[{"name":"wp","href":"https:\/\/api.w.org\/{rel}","templated":true}]}}