{"id":15417,"date":"2017-12-03T16:35:27","date_gmt":"2017-12-03T16:35:27","guid":{"rendered":"https:\/\/keys-for-auto.eu\/product\/produzione-di-chiavi-per-le-auto-renault\/"},"modified":"2017-12-03T16:35:27","modified_gmt":"2017-12-03T16:35:27","slug":"produzione-di-chiavi-per-auto-renault","status":"publish","type":"product","link":"https:\/\/keys-for-auto.eu\/it\/product\/produzione-di-chiavi-per-auto-renault\/","title":{"rendered":"Produzione di chiavi per le auto Renault"},"content":{"rendered":"<h2>Fabbricazione di chiavi per auto Renault<\/h2>\n<ul>\n<li>Fabbricazione di chiavi per Renault Clio<\/li>\n<li>Fabbricazione di chiavi per Renault Espace<\/li>\n<li>Fabbricazione di chiavi per Renault Fluence<\/li>\n<li>Fabbricazione di chiavi per Renault Kangoo<\/li>\n<li>Fabbricazione di chiavi per Renault Koleos<\/li>\n<li>Fabbricazione di chiavi per Renault Laguna<\/li>\n<li>Fabbricazione di chiavi master Renault<\/li>\n<li>Fabbricazione delle chiavi della Renault Megane<\/li>\n<li>Fabbricazione di chiavi per Renault Modus<\/li>\n<li>Fabbricazione delle chiavi della Renault Scenic<\/li>\n<li>Fabbricazione di chiavi Renault Simbol<\/li>\n<li>Fabbricazione di chiavi per Renault Trafic<\/li>\n<li>Fabbricazione di chiavi per Renault Twingo<\/li>\n<li>Fabbricazione di chiavi Renault Vel Satis<\/li>\n<\/ul>\n<p>e altri&#8230;<\/p>\n<h2>Caratteristiche specifiche della produzione di chiavi Renault<\/h2>\n<p>La perdita o il guasto di un dispositivo di sblocco causa molte difficolt\u00e0 nella vita di un proprietario di auto. Oggi la produzione di chiavi per auto Renault \u00e8 relativamente rapida e pu\u00f2 essere effettuata da specialisti competenti, consentendo di risolvere il problema a un prezzo ragionevole. L&#8217;uso di attrezzature professionali e di strumenti moderni garantisce un risultato eccellente.<\/p>\n<p>&#8220;La procedura di fabbricazione delle chiavi Renault si svolge in due fasi: la fabbricazione della lama e la programmazione della chiave. Per il primo compito, vengono utilizzate macchine CNC ad alta precisione per creare una replica perfetta della chiave senza alcun segno di usura. Questo risultato \u00e8 ottenuto grazie alle informazioni disponibili nel database dell&#8217;apparecchiatura sui parametri delle lame per i vari modelli Renault: profondit\u00e0 degli incavi, dimensioni delle sporgenze, larghezza della chiave. Pertanto, anche in caso di usura significativa della chiave, verr\u00e0 prodotto un duplicato esattamente come l&#8217;originale.<\/p>\n<h2>Programmazione<\/h2>\n<p>Per poter avviare la vettura con la chiave, questa deve essere registrata nell&#8217;immobilizzatore. La programmazione pu\u00f2 essere effettuata tramite la presa diagnostica o utilizzando una copia della chiave, oppure utilizzando la memoria di lavoro dell&#8217;immobilizzatore. Quest&#8217;ultima opzione prevede l&#8217;utilizzo di una delle apparecchiature dell&#8217;elenco indicato: BCM (Body Control Unit), cruscotto, antenna o immobilizzatore, EVB. Questo perch\u00e9 per i diversi anni di modello le informazioni del chip possono essere memorizzate in un blocco specifico.<\/p>\n<p>Per leggere i dati della memoria dell&#8217;immobilizzatore mediante dispositivi speciali, \u00e8 necessario rimuovere l&#8217;immobilizzatore. Questo pu\u00f2 essere fatto dal proprietario stesso o chiamando uno specialista per il parcheggio. La chiave \u00e8 programmata da EEPROM\/FLASH.<\/p>\n<p>La presenza dell&#8217;auto \u00e8 richiesta solo occasionalmente per fare una copia del chip e di solito \u00e8 sufficiente una chiave. In questo caso, la velocit\u00e0 di produzione dei duplicati dipende anche dal modello Renault e dall&#8217;anno di produzione dell&#8217;auto. Se necessario, vengono programmati anche i telecomandi. Questa procedura viene eseguita tramite le prese di diagnosi o manualmente.<\/p>\n<h2>Fabbricazione di chiavi Renault.<\/h2>\n<p>Lavoriamo solo con moderne attrezzature computerizzate con le quali produrremo una chiave di alta qualit\u00e0 e di lunga durata per la vostra auto Renault. Se avete una sola chiave o se la vostra chiave Renault non avvia sempre l&#8217;auto, vi consigliamo di acquistare una chiave di riserva. Questo vi far\u00e0 risparmiare tempo e denaro.<\/p>\n<p>Produciamo chiavi per diversi modelli di auto Renault. Pu\u00f2 essere una semplice chiave, una chiave con immobilizzatore. Possiamo anche offrire una chiave intelligente (sistema di accensione senza chiave con pulsante START\/STOP).<\/p>\n<hr>\n<p>&nbsp;<\/p>\n","protected":false},"excerpt":{"rendered":"<h2>Fabbricazione di chiavi per auto Renault<\/h2>\n<ul>\n<li>Fabbricazione di chiavi Renault<\/li>\n<li>Chiavi Renault<\/li>\n<li>Corpi chiave Renault<\/li>\n<li>Riparazione chiavi Renault<\/li>\n<li>Programmazione chiavi Renault<\/li>\n<li>Sblocco d&#8217;emergenza delle auto Renault<\/li>\n<\/ul>\n<h3><strong>Produzione di chiavi per auto<\/strong><\/h3>\n<ul>\n<li><strong>Produzione di nuove chiavi dell&#8217;auto, programmazione delle chiavi (&#8220;binding&#8221; con l&#8217;auto)<\/strong><\/li>\n<li><strong>Eliminazione dalla memoria dell&#8217;auto di chiavi precedentemente smarrite<\/strong><\/li>\n<li><strong>Produzione della chiave di accensione in base alla serratura<\/strong><\/li>\n<li><strong>Riparazione delle chiavi dell&#8217;auto (sostituzione di pulsanti, gusci, meccanismi)<\/strong><\/li>\n<li><strong>Sblocco di emergenza dell&#8217;auto<\/strong><\/li>\n<li><strong>Scambio di chiavi, custodie per chiavi<\/strong><\/li>\n<li><strong>Arresto del software DPF \/ FAP<\/strong><\/li>\n<li><strong>Rimozione programmata dell&#8217;EGR<\/strong><\/li>\n<li><strong>Disattivazione del software dell&#8217;immobilizzatore (immo Off)<\/strong><\/li>\n<li><strong>Riparazione, clonazione e programmazione dell&#8217;unit\u00e0 di controllo del motore (ECU)<\/strong><\/li>\n<li><strong>SRS (Programmazione dell&#8217;unit\u00e0 di controllo degli airbag)<\/strong><\/li>\n<\/ul>\n<h4><strong>  articoli spediti entro 3 giorni lavorativi.*<\/strong><\/h4>\n","protected":false},"featured_media":14462,"comment_status":"open","ping_status":"closed","template":"","meta":[],"product_brand":[],"product_cat":[973,794],"product_tag":[1026,1432,1437,1433,1435,1438,1033,1436,1045,1434,1439,1423,1420,1424,1431,1421,1425,1422,1416,1440,1418,1428,1430,1427,1442,1426,1429,1383,1384,1441,1040],"class_list":{"0":"post-15417","1":"product","2":"type-product","3":"status-publish","4":"has-post-thumbnail","6":"product_cat-produzione-di-chiavi","7":"product_cat-renault-it","8":"product_tag-chiave-renault","9":"product_tag-chiave-renault-clio","10":"product_tag-chiave-renault-espace","11":"product_tag-chiave-renault-kangoo","12":"product_tag-chiave-renault-koleos","13":"product_tag-chiave-renault-laguna","14":"product_tag-chiave-renault-megane","15":"product_tag-chiave-renault-modus","16":"product_tag-chiave-renault-scenic","17":"product_tag-chiave-renault-twingo","18":"product_tag-chiave-renault-vel-satis","19":"product_tag-guscio-chiave-renault","20":"product_tag-guscio-chiave-renault-clio","21":"product_tag-guscio-chiave-renault-kangoo","22":"product_tag-guscio-chiave-renault-laguna","23":"product_tag-guscio-chiave-renault-master","24":"product_tag-guscio-chiave-renault-megane","25":"product_tag-guscio-chiave-renault-modus","26":"product_tag-guscio-chiave-renault-trafic","27":"product_tag-guscio-chiave-renault-twingo","28":"product_tag-guscio-chiave-renault-vivaro","29":"product_tag-guscio-della-carta-renault","30":"product_tag-guscio-della-chiave-della-renault-scenic","31":"product_tag-guscio-della-chiave-di-renault-grand-scenic","32":"product_tag-guscio-della-chiave-renault-a-un-pulsante","33":"product_tag-guscio-della-scheda-della-renault-clio","34":"product_tag-guscio-della-scheda-della-renault-megane","35":"product_tag-guscio-della-scheda-renault-espace","36":"product_tag-guscio-della-scheda-renault-laguna","37":"product_tag-renault-it","38":"product_tag-renault-grand-scenic-raktas-it","40":"first","41":"instock","42":"shipping-taxable","43":"product-type-simple"},"yoast_head":"<!-- This site is optimized with the Yoast SEO plugin v27.6 - https:\/\/yoast.com\/product\/yoast-seo-wordpress\/ -->\n<title>- %<\/title>\n<meta name=\"robots\" content=\"index, follow, max-snippet:-1, max-image-preview:large, max-video-preview:-1\" \/>\n<link rel=\"canonical\" href=\"https:\/\/keys-for-auto.eu\/it\/product\/produzione-di-chiavi-per-auto-renault\/\" \/>\n<meta property=\"og:locale\" content=\"it_IT\" \/>\n<meta property=\"og:type\" content=\"article\" \/>\n<meta property=\"og:title\" content=\"- %\" \/>\n<meta property=\"og:description\" content=\"Fabbricazione di chiavi per auto Renault  Fabbricazione di chiavi Renault  Chiavi Renault  Corpi chiave Renault  Riparazione chiavi Renault  Programmazione chiavi Renault  Sblocco d&#039;emergenza delle auto Renault Produzione di chiavi per auto  Produzione di nuove chiavi dell&#039;auto, programmazione delle chiavi (&quot;binding&quot; con l&#039;auto)  Eliminazione dalla memoria dell&#039;auto di chiavi precedentemente smarrite  Produzione della chiave di accensione in base alla serratura  Riparazione delle chiavi dell&#039;auto (sostituzione di pulsanti, gusci, meccanismi)  Sblocco di emergenza dell&#039;auto  Scambio di chiavi, custodie per chiavi  Arresto del software DPF \/ FAP  Rimozione programmata dell&#039;EGR  Disattivazione del software dell&#039;immobilizzatore (immo Off)  Riparazione, clonazione e programmazione dell&#039;unit\u00e0 di controllo del motore (ECU)  SRS (Programmazione dell&#039;unit\u00e0 di controllo degli airbag)  articoli spediti entro 3 giorni lavorativi.*\" \/>\n<meta property=\"og:url\" content=\"https:\/\/keys-for-auto.eu\/it\/product\/produzione-di-chiavi-per-auto-renault\/\" \/>\n<meta property=\"og:site_name\" content=\"Keys for auto\" \/>\n<meta property=\"article:publisher\" content=\"https:\/\/www.facebook.com\/KeysForAutoEU\" \/>\n<meta property=\"og:image\" content=\"https:\/\/i0.wp.com\/keys-for-auto.eu\/wp-content\/uploads\/2022\/12\/admin-ajax__1_-removebg-preview-1-2.png?fit=400%2C400&ssl=1\" \/>\n\t<meta property=\"og:image:width\" content=\"400\" \/>\n\t<meta property=\"og:image:height\" content=\"400\" \/>\n\t<meta property=\"og:image:type\" content=\"image\/png\" \/>\n<meta name=\"twitter:card\" content=\"summary_large_image\" \/>\n<meta name=\"twitter:label1\" content=\"Tempo di lettura stimato\" \/>\n\t<meta name=\"twitter:data1\" content=\"2 minuti\" \/>\n<script type=\"application\/ld+json\" class=\"yoast-schema-graph\">{\"@context\":\"https:\\\/\\\/schema.org\",\"@graph\":[{\"@type\":[\"WebPage\",\"ItemPage\"],\"@id\":\"https:\\\/\\\/keys-for-auto.eu\\\/it\\\/product\\\/produzione-di-chiavi-per-auto-renault\\\/\",\"url\":\"https:\\\/\\\/keys-for-auto.eu\\\/it\\\/product\\\/produzione-di-chiavi-per-auto-renault\\\/\",\"name\":\"- %\",\"isPartOf\":{\"@id\":\"https:\\\/\\\/keys-for-auto.eu\\\/it\\\/#website\"},\"primaryImageOfPage\":{\"@id\":\"https:\\\/\\\/keys-for-auto.eu\\\/it\\\/product\\\/produzione-di-chiavi-per-auto-renault\\\/#primaryimage\"},\"image\":{\"@id\":\"https:\\\/\\\/keys-for-auto.eu\\\/it\\\/product\\\/produzione-di-chiavi-per-auto-renault\\\/#primaryimage\"},\"thumbnailUrl\":\"https:\\\/\\\/keys-for-auto.eu\\\/wp-content\\\/uploads\\\/2022\\\/12\\\/admin-ajax__1_-removebg-preview-1-2.png\",\"datePublished\":\"2017-12-03T16:35:27+00:00\",\"breadcrumb\":{\"@id\":\"https:\\\/\\\/keys-for-auto.eu\\\/it\\\/product\\\/produzione-di-chiavi-per-auto-renault\\\/#breadcrumb\"},\"inLanguage\":\"it-IT\",\"potentialAction\":[{\"@type\":\"ReadAction\",\"target\":[\"https:\\\/\\\/keys-for-auto.eu\\\/it\\\/product\\\/produzione-di-chiavi-per-auto-renault\\\/\"]}]},{\"@type\":\"ImageObject\",\"inLanguage\":\"it-IT\",\"@id\":\"https:\\\/\\\/keys-for-auto.eu\\\/it\\\/product\\\/produzione-di-chiavi-per-auto-renault\\\/#primaryimage\",\"url\":\"https:\\\/\\\/keys-for-auto.eu\\\/wp-content\\\/uploads\\\/2022\\\/12\\\/admin-ajax__1_-removebg-preview-1-2.png\",\"contentUrl\":\"https:\\\/\\\/keys-for-auto.eu\\\/wp-content\\\/uploads\\\/2022\\\/12\\\/admin-ajax__1_-removebg-preview-1-2.png\",\"width\":400,\"height\":400},{\"@type\":\"BreadcrumbList\",\"@id\":\"https:\\\/\\\/keys-for-auto.eu\\\/it\\\/product\\\/produzione-di-chiavi-per-auto-renault\\\/#breadcrumb\",\"itemListElement\":[{\"@type\":\"ListItem\",\"position\":1,\"name\":\"Casa\",\"item\":\"https:\\\/\\\/keys-for-auto.eu\\\/it\\\/\"},{\"@type\":\"ListItem\",\"position\":2,\"name\":\"Shop\",\"item\":\"https:\\\/\\\/keys-for-auto.eu\\\/\"},{\"@type\":\"ListItem\",\"position\":3,\"name\":\"Produzione di chiavi per le auto Renault\"}]},{\"@type\":\"WebSite\",\"@id\":\"https:\\\/\\\/keys-for-auto.eu\\\/it\\\/#website\",\"url\":\"https:\\\/\\\/keys-for-auto.eu\\\/it\\\/\",\"name\":\"Keys for auto\",\"description\":\"Car keys,  key shells, key programming\",\"publisher\":{\"@id\":\"https:\\\/\\\/keys-for-auto.eu\\\/it\\\/#organization\"},\"potentialAction\":[{\"@type\":\"SearchAction\",\"target\":{\"@type\":\"EntryPoint\",\"urlTemplate\":\"https:\\\/\\\/keys-for-auto.eu\\\/it\\\/?s={search_term_string}\"},\"query-input\":{\"@type\":\"PropertyValueSpecification\",\"valueRequired\":true,\"valueName\":\"search_term_string\"}}],\"inLanguage\":\"it-IT\"},{\"@type\":\"Organization\",\"@id\":\"https:\\\/\\\/keys-for-auto.eu\\\/it\\\/#organization\",\"name\":\"Chiavi per auto\",\"url\":\"https:\\\/\\\/keys-for-auto.eu\\\/it\\\/\",\"logo\":{\"@type\":\"ImageObject\",\"inLanguage\":\"it-IT\",\"@id\":\"https:\\\/\\\/keys-for-auto.eu\\\/it\\\/#\\\/schema\\\/logo\\\/image\\\/\",\"url\":\"https:\\\/\\\/keys-for-auto.eu\\\/wp-content\\\/uploads\\\/2022\\\/11\\\/cropped-png1.png\",\"contentUrl\":\"https:\\\/\\\/keys-for-auto.eu\\\/wp-content\\\/uploads\\\/2022\\\/11\\\/cropped-png1.png\",\"width\":1000,\"height\":342,\"caption\":\"Chiavi per auto\"},\"image\":{\"@id\":\"https:\\\/\\\/keys-for-auto.eu\\\/it\\\/#\\\/schema\\\/logo\\\/image\\\/\"},\"sameAs\":[\"https:\\\/\\\/www.facebook.com\\\/KeysForAutoEU\"]}]}<\/script>\n<!-- \/ Yoast SEO plugin. -->","yoast_head_json":{"title":"- %","robots":{"index":"index","follow":"follow","max-snippet":"max-snippet:-1","max-image-preview":"max-image-preview:large","max-video-preview":"max-video-preview:-1"},"canonical":"https:\/\/keys-for-auto.eu\/it\/product\/produzione-di-chiavi-per-auto-renault\/","og_locale":"it_IT","og_type":"article","og_title":"- %","og_description":"Fabbricazione di chiavi per auto Renault  Fabbricazione di chiavi Renault  Chiavi Renault  Corpi chiave Renault  Riparazione chiavi Renault  Programmazione chiavi Renault  Sblocco d'emergenza delle auto Renault Produzione di chiavi per auto  Produzione di nuove chiavi dell'auto, programmazione delle chiavi (\"binding\" con l'auto)  Eliminazione dalla memoria dell'auto di chiavi precedentemente smarrite  Produzione della chiave di accensione in base alla serratura  Riparazione delle chiavi dell'auto (sostituzione di pulsanti, gusci, meccanismi)  Sblocco di emergenza dell'auto  Scambio di chiavi, custodie per chiavi  Arresto del software DPF \/ FAP  Rimozione programmata dell'EGR  Disattivazione del software dell'immobilizzatore (immo Off)  Riparazione, clonazione e programmazione dell'unit\u00e0 di controllo del motore (ECU)  SRS (Programmazione dell'unit\u00e0 di controllo degli airbag)  articoli spediti entro 3 giorni lavorativi.*","og_url":"https:\/\/keys-for-auto.eu\/it\/product\/produzione-di-chiavi-per-auto-renault\/","og_site_name":"Keys for auto","article_publisher":"https:\/\/www.facebook.com\/KeysForAutoEU","og_image":[{"width":400,"height":400,"url":"https:\/\/i0.wp.com\/keys-for-auto.eu\/wp-content\/uploads\/2022\/12\/admin-ajax__1_-removebg-preview-1-2.png?fit=400%2C400&ssl=1","type":"image\/png"}],"twitter_card":"summary_large_image","twitter_misc":{"Tempo di lettura stimato":"2 minuti"},"schema":{"@context":"https:\/\/schema.org","@graph":[{"@type":["WebPage","ItemPage"],"@id":"https:\/\/keys-for-auto.eu\/it\/product\/produzione-di-chiavi-per-auto-renault\/","url":"https:\/\/keys-for-auto.eu\/it\/product\/produzione-di-chiavi-per-auto-renault\/","name":"- %","isPartOf":{"@id":"https:\/\/keys-for-auto.eu\/it\/#website"},"primaryImageOfPage":{"@id":"https:\/\/keys-for-auto.eu\/it\/product\/produzione-di-chiavi-per-auto-renault\/#primaryimage"},"image":{"@id":"https:\/\/keys-for-auto.eu\/it\/product\/produzione-di-chiavi-per-auto-renault\/#primaryimage"},"thumbnailUrl":"https:\/\/keys-for-auto.eu\/wp-content\/uploads\/2022\/12\/admin-ajax__1_-removebg-preview-1-2.png","datePublished":"2017-12-03T16:35:27+00:00","breadcrumb":{"@id":"https:\/\/keys-for-auto.eu\/it\/product\/produzione-di-chiavi-per-auto-renault\/#breadcrumb"},"inLanguage":"it-IT","potentialAction":[{"@type":"ReadAction","target":["https:\/\/keys-for-auto.eu\/it\/product\/produzione-di-chiavi-per-auto-renault\/"]}]},{"@type":"ImageObject","inLanguage":"it-IT","@id":"https:\/\/keys-for-auto.eu\/it\/product\/produzione-di-chiavi-per-auto-renault\/#primaryimage","url":"https:\/\/keys-for-auto.eu\/wp-content\/uploads\/2022\/12\/admin-ajax__1_-removebg-preview-1-2.png","contentUrl":"https:\/\/keys-for-auto.eu\/wp-content\/uploads\/2022\/12\/admin-ajax__1_-removebg-preview-1-2.png","width":400,"height":400},{"@type":"BreadcrumbList","@id":"https:\/\/keys-for-auto.eu\/it\/product\/produzione-di-chiavi-per-auto-renault\/#breadcrumb","itemListElement":[{"@type":"ListItem","position":1,"name":"Casa","item":"https:\/\/keys-for-auto.eu\/it\/"},{"@type":"ListItem","position":2,"name":"Shop","item":"https:\/\/keys-for-auto.eu\/"},{"@type":"ListItem","position":3,"name":"Produzione di chiavi per le auto Renault"}]},{"@type":"WebSite","@id":"https:\/\/keys-for-auto.eu\/it\/#website","url":"https:\/\/keys-for-auto.eu\/it\/","name":"Keys for auto","description":"Car keys,  key shells, key programming","publisher":{"@id":"https:\/\/keys-for-auto.eu\/it\/#organization"},"potentialAction":[{"@type":"SearchAction","target":{"@type":"EntryPoint","urlTemplate":"https:\/\/keys-for-auto.eu\/it\/?s={search_term_string}"},"query-input":{"@type":"PropertyValueSpecification","valueRequired":true,"valueName":"search_term_string"}}],"inLanguage":"it-IT"},{"@type":"Organization","@id":"https:\/\/keys-for-auto.eu\/it\/#organization","name":"Chiavi per auto","url":"https:\/\/keys-for-auto.eu\/it\/","logo":{"@type":"ImageObject","inLanguage":"it-IT","@id":"https:\/\/keys-for-auto.eu\/it\/#\/schema\/logo\/image\/","url":"https:\/\/keys-for-auto.eu\/wp-content\/uploads\/2022\/11\/cropped-png1.png","contentUrl":"https:\/\/keys-for-auto.eu\/wp-content\/uploads\/2022\/11\/cropped-png1.png","width":1000,"height":342,"caption":"Chiavi per auto"},"image":{"@id":"https:\/\/keys-for-auto.eu\/it\/#\/schema\/logo\/image\/"},"sameAs":["https:\/\/www.facebook.com\/KeysForAutoEU"]}]}},"_links":{"self":[{"href":"https:\/\/keys-for-auto.eu\/it\/wp-json\/wp\/v2\/product\/15417","targetHints":{"allow":["GET"]}}],"collection":[{"href":"https:\/\/keys-for-auto.eu\/it\/wp-json\/wp\/v2\/product"}],"about":[{"href":"https:\/\/keys-for-auto.eu\/it\/wp-json\/wp\/v2\/types\/product"}],"replies":[{"embeddable":true,"href":"https:\/\/keys-for-auto.eu\/it\/wp-json\/wp\/v2\/comments?post=15417"}],"wp:featuredmedia":[{"embeddable":true,"href":"https:\/\/keys-for-auto.eu\/it\/wp-json\/wp\/v2\/media\/14462"}],"wp:attachment":[{"href":"https:\/\/keys-for-auto.eu\/it\/wp-json\/wp\/v2\/media?parent=15417"}],"wp:term":[{"taxonomy":"product_brand","embeddable":true,"href":"https:\/\/keys-for-auto.eu\/it\/wp-json\/wp\/v2\/product_brand?post=15417"},{"taxonomy":"product_cat","embeddable":true,"href":"https:\/\/keys-for-auto.eu\/it\/wp-json\/wp\/v2\/product_cat?post=15417"},{"taxonomy":"product_tag","embeddable":true,"href":"https:\/\/keys-for-auto.eu\/it\/wp-json\/wp\/v2\/product_tag?post=15417"}],"curies":[{"name":"wp","href":"https:\/\/api.w.org\/{rel}","templated":true}]}}