{"id":15362,"date":"2017-12-03T16:27:09","date_gmt":"2017-12-03T16:27:09","guid":{"rendered":"https:\/\/keys-for-auto.eu\/product\/produzione-di-chiavi-per-auto-mazda\/"},"modified":"2023-02-10T04:36:59","modified_gmt":"2023-02-10T04:36:59","slug":"produzione-di-chiavi-per-auto-mazda","status":"publish","type":"product","link":"https:\/\/keys-for-auto.eu\/it\/product\/produzione-di-chiavi-per-auto-mazda\/","title":{"rendered":"Produzione di chiavi per auto Mazda"},"content":{"rendered":"<h3>Fabbricazione di chiavi Mazda<\/h3>\n<p>&#8220;La chiave Mazda \u00e8 stata una delle prime chiavi a incorporare un chip con una codifica unica nella scocca per migliorare la sicurezza dell&#8217;auto. La maggior parte delle moderne auto Mazda \u00e8 dotata di una chiave intelligente per sbloccare l&#8217;auto e attivare il motore. La perdita della chiave causa una serie di problemi che a volte si aggravano a vicenda. Oltre a non poter utilizzare la propria auto, \u00e8 molto probabile che una persona non autorizzata utilizzi la chiave smarrita per rubarla. Se la chiave \u00e8 stata smarrita, la lama si \u00e8 consumata o la chiave si \u00e8 rotta, \u00e8 necessario acquistare un duplicato della chiave, che pu\u00f2 essere realizzato da un artigiano in pochi minuti.<\/p>\n<p>Specifiche della procedura di copiatura<\/p>\n<p>Affinch\u00e9 il cliente riceva un duplicato di qualit\u00e0, il master deve eseguire le seguenti operazioni:<\/p>\n<p>selezionare una custodia adatta;<\/p>\n<p>programmazione del chip;<\/p>\n<p>fabbricare la lama della chiave.<\/p>\n<p>Il tecnico utilizza macchine utensili professionali per creare il motivo unico sulla lama della chiave. Il software appropriato consente di impostare i parametri necessari della macchina e di realizzare il prodotto nel pieno rispetto dei requisiti. Poich\u00e9 il proprietario riceve due mazzi di chiavi quando acquista una Mazda, se uno di essi viene smarrito, \u00e8 possibile creare una copia del modello sulla lama della seconda chiave. Nei casi pi\u00f9 difficili, il duplicato viene riprodotto dalla serratura, il che richiede la presenza del veicolo in officina.<\/p>\n<p>Uno specialista pu\u00f2 realizzare una copia per qualsiasi vettura della gamma Mazda, indipendentemente dalla sua complessit\u00e0:<\/p>\n<p>standard;<\/p>\n<p>chiave intelligente;<\/p>\n<p>piegatura con bottoni.<\/p>\n<p>&#8220;Per creare un duplicato di un&#8217;auto Mazda \u00e8 necessario riprogrammare la seconda chiave rimanente del set. Questa procedura viene eseguita per eliminare la possibilit\u00e0 di accesso non autorizzato alla chiave smarrita da parte di una persona non autorizzata. Grazie alla riprogrammazione, il veicolo non reagir\u00e0 ai comandi del vecchio programma. L&#8217;inserimento di nuovi dati e la cancellazione di quelli precedenti possono essere effettuati in modi diversi, a seconda delle particolarit\u00e0 della situazione. Spetta a un professionista qualificato decidere quale metodo di riprogrammazione scegliere.<\/p>\n","protected":false},"excerpt":{"rendered":"<h3>Produciamo e programmiamo chiavi, chiavi elettroniche (intelligenti) per le auto Mazda.<\/h3>\n<ul>\n<li>\n<h3>Produzione di chiavi Mazda<\/h3>\n<\/li>\n<li>\n<h3>Programmazione chiavi Mazda<\/h3>\n<\/li>\n<li>\n<h3>Riparazione chiavi Mazda<\/h3>\n<\/li>\n<li>\n<h3>Custodie per chiavi Mazda<\/h3>\n<\/li>\n<li>\n<h3>Produzione e programmazione di chiavi Mazda<\/h3>\n<\/li>\n<li>\n<h3>Sblocco di emergenza delle auto Mazda<\/h3>\n<\/li>\n<\/ul>\n<h3><strong>Produzione di chiavi per auto<\/strong><\/h3>\n<ul>\n<li><strong>Produzione di nuove chiavi dell&#8217;auto, programmazione delle chiavi (&#8220;binding&#8221; con l&#8217;auto)<\/strong><\/li>\n<li><strong>Eliminazione dalla memoria dell&#8217;auto di chiavi precedentemente smarrite<\/strong><\/li>\n<li><strong>Produzione della chiave di accensione in base alla serratura<\/strong><\/li>\n<li><strong>Riparazione delle chiavi dell&#8217;auto (sostituzione di pulsanti, gusci, meccanismi)<\/strong><\/li>\n<li><strong>Sblocco di emergenza dell&#8217;auto<\/strong><\/li>\n<li><strong>Scambio di chiavi, custodie per chiavi<\/strong><\/li>\n<li><strong>Arresto del software DPF \/ FAP<\/strong><\/li>\n<li><strong>Rimozione programmata dell&#8217;EGR<\/strong><\/li>\n<li><strong>Disattivazione del software dell&#8217;immobilizzatore (immo Off)<\/strong><\/li>\n<li><strong>Riparazione, clonazione e programmazione dell&#8217;unit\u00e0 di controllo del motore (ECU)<\/strong><\/li>\n<li><strong>SRS (Programmazione dell&#8217;unit\u00e0 di controllo degli airbag)<\/strong><\/li>\n<\/ul>\n<h4><strong>  articoli spediti entro 3 giorni lavorativi.*<\/strong><\/h4>\n<p>&nbsp;<\/p>\n<p>&nbsp;<\/p>\n<p>&nbsp;<\/p>\n<p>&nbsp;<\/p>\n","protected":false},"featured_media":14457,"comment_status":"open","ping_status":"closed","template":"","meta":[],"product_brand":[],"product_cat":[802,973],"product_tag":[1104,1109,1111,1120,1116,1126,1078,1082,1095,1085,1098,1090,1102,1093,1075,1088],"class_list":{"0":"post-15362","1":"product","2":"type-product","3":"status-publish","4":"has-post-thumbnail","6":"product_cat-mazda-it","7":"product_cat-produzione-di-chiavi","8":"product_tag-chiave-mazda","9":"product_tag-chiave-mazda-3","10":"product_tag-chiave-mazda-5","11":"product_tag-chiave-mazda-6","12":"product_tag-chiave-mazda-mx5","13":"product_tag-chiave-mazda-premacy","14":"product_tag-guscio-chiave-mazda-2","15":"product_tag-guscio-chiave-mazda-3","16":"product_tag-guscio-chiave-mazda-5","17":"product_tag-guscio-chiave-mazda-6","18":"product_tag-guscio-chiave-mazda-cx5","19":"product_tag-guscio-chiave-mazda-mx5","20":"product_tag-guscio-chiave-mazda-primacy","21":"product_tag-guscio-chiave-mazda-rx8","22":"product_tag-guscio-della-chiave-mazda","23":"product_tag-mazda-rx8-chiave-mx5-guscio","25":"first","26":"instock","27":"shipping-taxable","28":"product-type-simple"},"yoast_head":"<!-- This site is optimized with the Yoast SEO plugin v27.6 - https:\/\/yoast.com\/product\/yoast-seo-wordpress\/ -->\n<title>- %<\/title>\n<meta name=\"robots\" content=\"index, follow, max-snippet:-1, max-image-preview:large, max-video-preview:-1\" \/>\n<link rel=\"canonical\" href=\"https:\/\/keys-for-auto.eu\/it\/product\/produzione-di-chiavi-per-auto-mazda\/\" \/>\n<meta property=\"og:locale\" content=\"it_IT\" \/>\n<meta property=\"og:type\" content=\"article\" \/>\n<meta property=\"og:title\" content=\"- %\" \/>\n<meta property=\"og:description\" content=\"Produciamo e programmiamo chiavi, chiavi elettroniche (intelligenti) per le auto Mazda.   Produzione di chiavi Mazda   Programmazione chiavi Mazda   Riparazione chiavi Mazda   Custodie per chiavi Mazda   Produzione e programmazione di chiavi Mazda   Sblocco di emergenza delle auto Mazda  Produzione di chiavi per auto  Produzione di nuove chiavi dell&#039;auto, programmazione delle chiavi (&quot;binding&quot; con l&#039;auto)  Eliminazione dalla memoria dell&#039;auto di chiavi precedentemente smarrite  Produzione della chiave di accensione in base alla serratura  Riparazione delle chiavi dell&#039;auto (sostituzione di pulsanti, gusci, meccanismi)  Sblocco di emergenza dell&#039;auto  Scambio di chiavi, custodie per chiavi  Arresto del software DPF \/ FAP  Rimozione programmata dell&#039;EGR  Disattivazione del software dell&#039;immobilizzatore (immo Off)  Riparazione, clonazione e programmazione dell&#039;unit\u00e0 di controllo del motore (ECU)  SRS (Programmazione dell&#039;unit\u00e0 di controllo degli airbag)  articoli spediti entro 3 giorni lavorativi.* &nbsp; &nbsp; &nbsp; &nbsp;\" \/>\n<meta property=\"og:url\" content=\"https:\/\/keys-for-auto.eu\/it\/product\/produzione-di-chiavi-per-auto-mazda\/\" \/>\n<meta property=\"og:site_name\" content=\"Keys for auto\" \/>\n<meta property=\"article:publisher\" content=\"https:\/\/www.facebook.com\/KeysForAutoEU\" \/>\n<meta property=\"article:modified_time\" content=\"2023-02-10T04:36:59+00:00\" \/>\n<meta property=\"og:image\" content=\"https:\/\/keys-for-auto.eu\/wp-content\/uploads\/2022\/12\/admin-ajax__1_-removebg-preview-4.png\" \/>\n\t<meta property=\"og:image:width\" content=\"400\" \/>\n\t<meta property=\"og:image:height\" content=\"393\" \/>\n\t<meta property=\"og:image:type\" content=\"image\/png\" \/>\n<meta name=\"twitter:card\" content=\"summary_large_image\" \/>\n<meta name=\"twitter:label1\" content=\"Tempo di lettura stimato\" \/>\n\t<meta name=\"twitter:data1\" content=\"2 minuti\" \/>\n<script type=\"application\/ld+json\" class=\"yoast-schema-graph\">{\"@context\":\"https:\\\/\\\/schema.org\",\"@graph\":[{\"@type\":[\"WebPage\",\"ItemPage\"],\"@id\":\"https:\\\/\\\/keys-for-auto.eu\\\/it\\\/product\\\/produzione-di-chiavi-per-auto-mazda\\\/\",\"url\":\"https:\\\/\\\/keys-for-auto.eu\\\/it\\\/product\\\/produzione-di-chiavi-per-auto-mazda\\\/\",\"name\":\"- %\",\"isPartOf\":{\"@id\":\"https:\\\/\\\/keys-for-auto.eu\\\/it\\\/#website\"},\"primaryImageOfPage\":{\"@id\":\"https:\\\/\\\/keys-for-auto.eu\\\/it\\\/product\\\/produzione-di-chiavi-per-auto-mazda\\\/#primaryimage\"},\"image\":{\"@id\":\"https:\\\/\\\/keys-for-auto.eu\\\/it\\\/product\\\/produzione-di-chiavi-per-auto-mazda\\\/#primaryimage\"},\"thumbnailUrl\":\"https:\\\/\\\/keys-for-auto.eu\\\/wp-content\\\/uploads\\\/2022\\\/12\\\/admin-ajax__1_-removebg-preview-4.png\",\"datePublished\":\"2017-12-03T16:27:09+00:00\",\"dateModified\":\"2023-02-10T04:36:59+00:00\",\"breadcrumb\":{\"@id\":\"https:\\\/\\\/keys-for-auto.eu\\\/it\\\/product\\\/produzione-di-chiavi-per-auto-mazda\\\/#breadcrumb\"},\"inLanguage\":\"it-IT\",\"potentialAction\":[{\"@type\":\"ReadAction\",\"target\":[\"https:\\\/\\\/keys-for-auto.eu\\\/it\\\/product\\\/produzione-di-chiavi-per-auto-mazda\\\/\"]}]},{\"@type\":\"ImageObject\",\"inLanguage\":\"it-IT\",\"@id\":\"https:\\\/\\\/keys-for-auto.eu\\\/it\\\/product\\\/produzione-di-chiavi-per-auto-mazda\\\/#primaryimage\",\"url\":\"https:\\\/\\\/keys-for-auto.eu\\\/wp-content\\\/uploads\\\/2022\\\/12\\\/admin-ajax__1_-removebg-preview-4.png\",\"contentUrl\":\"https:\\\/\\\/keys-for-auto.eu\\\/wp-content\\\/uploads\\\/2022\\\/12\\\/admin-ajax__1_-removebg-preview-4.png\",\"width\":400,\"height\":393},{\"@type\":\"BreadcrumbList\",\"@id\":\"https:\\\/\\\/keys-for-auto.eu\\\/it\\\/product\\\/produzione-di-chiavi-per-auto-mazda\\\/#breadcrumb\",\"itemListElement\":[{\"@type\":\"ListItem\",\"position\":1,\"name\":\"Casa\",\"item\":\"https:\\\/\\\/keys-for-auto.eu\\\/it\\\/\"},{\"@type\":\"ListItem\",\"position\":2,\"name\":\"Shop\",\"item\":\"https:\\\/\\\/keys-for-auto.eu\\\/\"},{\"@type\":\"ListItem\",\"position\":3,\"name\":\"Produzione di chiavi per auto Mazda\"}]},{\"@type\":\"WebSite\",\"@id\":\"https:\\\/\\\/keys-for-auto.eu\\\/it\\\/#website\",\"url\":\"https:\\\/\\\/keys-for-auto.eu\\\/it\\\/\",\"name\":\"Keys for auto\",\"description\":\"Car keys,  key shells, key programming\",\"publisher\":{\"@id\":\"https:\\\/\\\/keys-for-auto.eu\\\/it\\\/#organization\"},\"potentialAction\":[{\"@type\":\"SearchAction\",\"target\":{\"@type\":\"EntryPoint\",\"urlTemplate\":\"https:\\\/\\\/keys-for-auto.eu\\\/it\\\/?s={search_term_string}\"},\"query-input\":{\"@type\":\"PropertyValueSpecification\",\"valueRequired\":true,\"valueName\":\"search_term_string\"}}],\"inLanguage\":\"it-IT\"},{\"@type\":\"Organization\",\"@id\":\"https:\\\/\\\/keys-for-auto.eu\\\/it\\\/#organization\",\"name\":\"Chiavi per auto\",\"url\":\"https:\\\/\\\/keys-for-auto.eu\\\/it\\\/\",\"logo\":{\"@type\":\"ImageObject\",\"inLanguage\":\"it-IT\",\"@id\":\"https:\\\/\\\/keys-for-auto.eu\\\/it\\\/#\\\/schema\\\/logo\\\/image\\\/\",\"url\":\"https:\\\/\\\/keys-for-auto.eu\\\/wp-content\\\/uploads\\\/2022\\\/11\\\/cropped-png1.png\",\"contentUrl\":\"https:\\\/\\\/keys-for-auto.eu\\\/wp-content\\\/uploads\\\/2022\\\/11\\\/cropped-png1.png\",\"width\":1000,\"height\":342,\"caption\":\"Chiavi per auto\"},\"image\":{\"@id\":\"https:\\\/\\\/keys-for-auto.eu\\\/it\\\/#\\\/schema\\\/logo\\\/image\\\/\"},\"sameAs\":[\"https:\\\/\\\/www.facebook.com\\\/KeysForAutoEU\"]}]}<\/script>\n<!-- \/ Yoast SEO plugin. -->","yoast_head_json":{"title":"- %","robots":{"index":"index","follow":"follow","max-snippet":"max-snippet:-1","max-image-preview":"max-image-preview:large","max-video-preview":"max-video-preview:-1"},"canonical":"https:\/\/keys-for-auto.eu\/it\/product\/produzione-di-chiavi-per-auto-mazda\/","og_locale":"it_IT","og_type":"article","og_title":"- %","og_description":"Produciamo e programmiamo chiavi, chiavi elettroniche (intelligenti) per le auto Mazda.   Produzione di chiavi Mazda   Programmazione chiavi Mazda   Riparazione chiavi Mazda   Custodie per chiavi Mazda   Produzione e programmazione di chiavi Mazda   Sblocco di emergenza delle auto Mazda  Produzione di chiavi per auto  Produzione di nuove chiavi dell'auto, programmazione delle chiavi (\"binding\" con l'auto)  Eliminazione dalla memoria dell'auto di chiavi precedentemente smarrite  Produzione della chiave di accensione in base alla serratura  Riparazione delle chiavi dell'auto (sostituzione di pulsanti, gusci, meccanismi)  Sblocco di emergenza dell'auto  Scambio di chiavi, custodie per chiavi  Arresto del software DPF \/ FAP  Rimozione programmata dell'EGR  Disattivazione del software dell'immobilizzatore (immo Off)  Riparazione, clonazione e programmazione dell'unit\u00e0 di controllo del motore (ECU)  SRS (Programmazione dell'unit\u00e0 di controllo degli airbag)  articoli spediti entro 3 giorni lavorativi.* &nbsp; &nbsp; &nbsp; &nbsp;","og_url":"https:\/\/keys-for-auto.eu\/it\/product\/produzione-di-chiavi-per-auto-mazda\/","og_site_name":"Keys for auto","article_publisher":"https:\/\/www.facebook.com\/KeysForAutoEU","article_modified_time":"2023-02-10T04:36:59+00:00","og_image":[{"width":400,"height":393,"url":"https:\/\/keys-for-auto.eu\/wp-content\/uploads\/2022\/12\/admin-ajax__1_-removebg-preview-4.png","type":"image\/png"}],"twitter_card":"summary_large_image","twitter_misc":{"Tempo di lettura stimato":"2 minuti"},"schema":{"@context":"https:\/\/schema.org","@graph":[{"@type":["WebPage","ItemPage"],"@id":"https:\/\/keys-for-auto.eu\/it\/product\/produzione-di-chiavi-per-auto-mazda\/","url":"https:\/\/keys-for-auto.eu\/it\/product\/produzione-di-chiavi-per-auto-mazda\/","name":"- %","isPartOf":{"@id":"https:\/\/keys-for-auto.eu\/it\/#website"},"primaryImageOfPage":{"@id":"https:\/\/keys-for-auto.eu\/it\/product\/produzione-di-chiavi-per-auto-mazda\/#primaryimage"},"image":{"@id":"https:\/\/keys-for-auto.eu\/it\/product\/produzione-di-chiavi-per-auto-mazda\/#primaryimage"},"thumbnailUrl":"https:\/\/keys-for-auto.eu\/wp-content\/uploads\/2022\/12\/admin-ajax__1_-removebg-preview-4.png","datePublished":"2017-12-03T16:27:09+00:00","dateModified":"2023-02-10T04:36:59+00:00","breadcrumb":{"@id":"https:\/\/keys-for-auto.eu\/it\/product\/produzione-di-chiavi-per-auto-mazda\/#breadcrumb"},"inLanguage":"it-IT","potentialAction":[{"@type":"ReadAction","target":["https:\/\/keys-for-auto.eu\/it\/product\/produzione-di-chiavi-per-auto-mazda\/"]}]},{"@type":"ImageObject","inLanguage":"it-IT","@id":"https:\/\/keys-for-auto.eu\/it\/product\/produzione-di-chiavi-per-auto-mazda\/#primaryimage","url":"https:\/\/keys-for-auto.eu\/wp-content\/uploads\/2022\/12\/admin-ajax__1_-removebg-preview-4.png","contentUrl":"https:\/\/keys-for-auto.eu\/wp-content\/uploads\/2022\/12\/admin-ajax__1_-removebg-preview-4.png","width":400,"height":393},{"@type":"BreadcrumbList","@id":"https:\/\/keys-for-auto.eu\/it\/product\/produzione-di-chiavi-per-auto-mazda\/#breadcrumb","itemListElement":[{"@type":"ListItem","position":1,"name":"Casa","item":"https:\/\/keys-for-auto.eu\/it\/"},{"@type":"ListItem","position":2,"name":"Shop","item":"https:\/\/keys-for-auto.eu\/"},{"@type":"ListItem","position":3,"name":"Produzione di chiavi per auto Mazda"}]},{"@type":"WebSite","@id":"https:\/\/keys-for-auto.eu\/it\/#website","url":"https:\/\/keys-for-auto.eu\/it\/","name":"Keys for auto","description":"Car keys,  key shells, key programming","publisher":{"@id":"https:\/\/keys-for-auto.eu\/it\/#organization"},"potentialAction":[{"@type":"SearchAction","target":{"@type":"EntryPoint","urlTemplate":"https:\/\/keys-for-auto.eu\/it\/?s={search_term_string}"},"query-input":{"@type":"PropertyValueSpecification","valueRequired":true,"valueName":"search_term_string"}}],"inLanguage":"it-IT"},{"@type":"Organization","@id":"https:\/\/keys-for-auto.eu\/it\/#organization","name":"Chiavi per auto","url":"https:\/\/keys-for-auto.eu\/it\/","logo":{"@type":"ImageObject","inLanguage":"it-IT","@id":"https:\/\/keys-for-auto.eu\/it\/#\/schema\/logo\/image\/","url":"https:\/\/keys-for-auto.eu\/wp-content\/uploads\/2022\/11\/cropped-png1.png","contentUrl":"https:\/\/keys-for-auto.eu\/wp-content\/uploads\/2022\/11\/cropped-png1.png","width":1000,"height":342,"caption":"Chiavi per auto"},"image":{"@id":"https:\/\/keys-for-auto.eu\/it\/#\/schema\/logo\/image\/"},"sameAs":["https:\/\/www.facebook.com\/KeysForAutoEU"]}]}},"_links":{"self":[{"href":"https:\/\/keys-for-auto.eu\/it\/wp-json\/wp\/v2\/product\/15362","targetHints":{"allow":["GET"]}}],"collection":[{"href":"https:\/\/keys-for-auto.eu\/it\/wp-json\/wp\/v2\/product"}],"about":[{"href":"https:\/\/keys-for-auto.eu\/it\/wp-json\/wp\/v2\/types\/product"}],"replies":[{"embeddable":true,"href":"https:\/\/keys-for-auto.eu\/it\/wp-json\/wp\/v2\/comments?post=15362"}],"wp:featuredmedia":[{"embeddable":true,"href":"https:\/\/keys-for-auto.eu\/it\/wp-json\/wp\/v2\/media\/14457"}],"wp:attachment":[{"href":"https:\/\/keys-for-auto.eu\/it\/wp-json\/wp\/v2\/media?parent=15362"}],"wp:term":[{"taxonomy":"product_brand","embeddable":true,"href":"https:\/\/keys-for-auto.eu\/it\/wp-json\/wp\/v2\/product_brand?post=15362"},{"taxonomy":"product_cat","embeddable":true,"href":"https:\/\/keys-for-auto.eu\/it\/wp-json\/wp\/v2\/product_cat?post=15362"},{"taxonomy":"product_tag","embeddable":true,"href":"https:\/\/keys-for-auto.eu\/it\/wp-json\/wp\/v2\/product_tag?post=15362"}],"curies":[{"name":"wp","href":"https:\/\/api.w.org\/{rel}","templated":true}]}}