{"id":15360,"date":"2017-12-03T21:10:58","date_gmt":"2017-12-03T21:10:58","guid":{"rendered":"https:\/\/keys-for-auto.eu\/product\/produzione-di-chiavi-per-le-auto-skoda\/"},"modified":"2023-02-10T04:37:01","modified_gmt":"2023-02-10T04:37:01","slug":"produzione-di-chiavi-per-le-auto-skoda","status":"publish","type":"product","link":"https:\/\/keys-for-auto.eu\/it\/product\/produzione-di-chiavi-per-le-auto-skoda\/","title":{"rendered":"Produzione di chiavi per le auto Skoda"},"content":{"rendered":"<h2>Produzione di chiavi Skoda<\/h2>\n<p>Ogni veicolo prodotto dal gruppo tedesco VAG \u00e8 dotato di sistemi all&#8217;avanguardia. &#8220;I veicoli Skoda sono prodotti utilizzando tutte le tecnologie pi\u00f9 avanzate oggi disponibili. Pertanto, ogni TP \u00e8 dotato di una chiave pieghevole con chip. Serve come dispositivo antifurto e per l&#8217;accesso remoto all&#8217;auto. Se il veicolo viene acquistato con un unico mazzo di chiavi, si deve considerare la possibilit\u00e0 di produrre una chiave di riserva (produzione di chiavi Skoda). Altrimenti, in caso di smarrimento della chiave, dovrete pagare una cifra significativa per la sua sostituzione.<\/p>\n<h2>Per la vostra sicurezza<\/h2>\n<p>Il processo di produzione di una chiave duplicata si svolge in due fasi: in primo luogo, viene prodotta la parte meccanica della chiave. Tuttavia, pu\u00f2 solo sbloccare il veicolo, ma non pu\u00f2 avviare il motore. Per attivare l&#8217;auto \u00e8 necessario un codice che viene scritto nel chip. Si tratta di una fase particolarmente difficile e quasi impossibile da gestire da soli. \u00c8 quindi meglio rivolgersi a un centro di assistenza con l&#8217;attrezzatura giusta.<\/p>\n<p>Il chip della chiave pieghevole memorizza un codice unico che viene ripetuto nella centralina del veicolo. Quando l&#8217;auto viene aperta con questo dispositivo, il veicolo esegue una scansione dei dati ricevuti. Se i codici corrispondono, l&#8217;auto si attiva, ma se non corrispondono, blocca i sistemi in quanto l&#8217;unit\u00e0 di controllo elettronico (ECU) riceve un segnale di effrazione. Un tecnico dell&#8217;assistenza auto utilizzer\u00e0 un&#8217;apparecchiatura diagnostica per scansionare il codice della chiave originale e inserirlo nel duplicato. Programmeranno anche il telecomando del dispositivo di sblocco. La chiave pu\u00f2 quindi essere utilizzata per aprire il bagagliaio, sollevare il vetro dei finestrini, chiudere il tetto apribile o il tetto panoramico.<\/p>\n<p>La chiave moderna pu\u00f2 essere riprodotta non solo dal modello originale, ma anche dalla serratura, se necessario. Tuttavia, tale servizio \u00e8 molto pi\u00f9 costoso per il proprietario dell&#8217;auto. Pertanto, la produzione di un dispositivo di sblocco sostitutivo dovrebbe sempre essere presa in considerazione al momento dell&#8217;acquisto.<\/p>\n","protected":false},"excerpt":{"rendered":"<h2>Produciamo e programmiamo chiavi per auto Skoda.<\/h2>\n<ul>\n<li>Produzione di chiavi Skoda<\/li>\n<li>Programmazione chiavi Skoda<\/li>\n<li>Riparazione delle chiavi Skoda<\/li>\n<li>Gusci per chiavi Skoda<\/li>\n<li>Sblocco d&#8217;emergenza delle auto Skoda<\/li>\n<\/ul>\n<h3><strong>Produzione di chiavi per auto<\/strong><\/h3>\n<ul>\n<li><strong>Produzione di nuove chiavi dell&#8217;auto, programmazione delle chiavi (&#8220;binding&#8221; con l&#8217;auto)<\/strong><\/li>\n<li><strong>Eliminazione dalla memoria dell&#8217;auto di chiavi precedentemente smarrite<\/strong><\/li>\n<li><strong>Produzione della chiave di accensione in base alla serratura<\/strong><\/li>\n<li><strong>Riparazione delle chiavi dell&#8217;auto (sostituzione di pulsanti, gusci, meccanismi)<\/strong><\/li>\n<li><strong>Sblocco di emergenza dell&#8217;auto<\/strong><\/li>\n<li><strong>Scambio di chiavi, custodie per chiavi<\/strong><\/li>\n<li><strong>Arresto del software DPF \/ FAP<\/strong><\/li>\n<li><strong>Rimozione programmata dell&#8217;EGR<\/strong><\/li>\n<li><strong>Disattivazione del software dell&#8217;immobilizzatore (immo Off)<\/strong><\/li>\n<li><strong>Riparazione, clonazione e programmazione dell&#8217;unit\u00e0 di controllo del motore (ECU)<\/strong><\/li>\n<li><strong>SRS (Programmazione dell&#8217;unit\u00e0 di controllo degli airbag)<\/strong><\/li>\n<\/ul>\n<h4><strong>  articoli spediti entro il 3d.d.*<\/strong><\/h4>\n","protected":false},"featured_media":14527,"comment_status":"open","ping_status":"closed","template":"","meta":[],"product_brand":[],"product_cat":[973,954],"product_tag":[1077,1074,1068,1080,1070],"class_list":{"0":"post-15360","1":"product","2":"type-product","3":"status-publish","4":"has-post-thumbnail","6":"product_cat-produzione-di-chiavi","7":"product_cat-skoda-it","8":"product_tag-chiave-skoda","9":"product_tag-guscio-chiave-skoda","10":"product_tag-guscio-chiave-skoda-fabia","11":"product_tag-produzione-di-chiavi-skoda","12":"product_tag-skoda-octavia-guscio-chiave","14":"first","15":"instock","16":"shipping-taxable","17":"product-type-simple"},"yoast_head":"<!-- This site is optimized with the Yoast SEO plugin v27.6 - https:\/\/yoast.com\/product\/yoast-seo-wordpress\/ -->\n<title>- %<\/title>\n<meta name=\"robots\" content=\"index, follow, max-snippet:-1, max-image-preview:large, max-video-preview:-1\" \/>\n<link rel=\"canonical\" href=\"https:\/\/keys-for-auto.eu\/it\/product\/produzione-di-chiavi-per-le-auto-skoda\/\" \/>\n<meta property=\"og:locale\" content=\"it_IT\" \/>\n<meta property=\"og:type\" content=\"article\" \/>\n<meta property=\"og:title\" content=\"- %\" \/>\n<meta property=\"og:description\" content=\"Produciamo e programmiamo chiavi per auto Skoda.  Produzione di chiavi Skoda  Programmazione chiavi Skoda  Riparazione delle chiavi Skoda  Gusci per chiavi Skoda  Sblocco d&#039;emergenza delle auto Skoda Produzione di chiavi per auto  Produzione di nuove chiavi dell&#039;auto, programmazione delle chiavi (&quot;binding&quot; con l&#039;auto)  Eliminazione dalla memoria dell&#039;auto di chiavi precedentemente smarrite  Produzione della chiave di accensione in base alla serratura  Riparazione delle chiavi dell&#039;auto (sostituzione di pulsanti, gusci, meccanismi)  Sblocco di emergenza dell&#039;auto  Scambio di chiavi, custodie per chiavi  Arresto del software DPF \/ FAP  Rimozione programmata dell&#039;EGR  Disattivazione del software dell&#039;immobilizzatore (immo Off)  Riparazione, clonazione e programmazione dell&#039;unit\u00e0 di controllo del motore (ECU)  SRS (Programmazione dell&#039;unit\u00e0 di controllo degli airbag)  articoli spediti entro il 3d.d.*\" \/>\n<meta property=\"og:url\" content=\"https:\/\/keys-for-auto.eu\/it\/product\/produzione-di-chiavi-per-le-auto-skoda\/\" \/>\n<meta property=\"og:site_name\" content=\"Keys for auto\" \/>\n<meta property=\"article:publisher\" content=\"https:\/\/www.facebook.com\/KeysForAutoEU\" \/>\n<meta property=\"article:modified_time\" content=\"2023-02-10T04:37:01+00:00\" \/>\n<meta property=\"og:image\" content=\"https:\/\/keys-for-auto.eu\/wp-content\/uploads\/2022\/12\/admin-ajax__5_-removebg-preview.png\" \/>\n\t<meta property=\"og:image:width\" content=\"505\" \/>\n\t<meta property=\"og:image:height\" content=\"494\" \/>\n\t<meta property=\"og:image:type\" content=\"image\/png\" \/>\n<meta name=\"twitter:card\" content=\"summary_large_image\" \/>\n<meta name=\"twitter:label1\" content=\"Tempo di lettura stimato\" \/>\n\t<meta name=\"twitter:data1\" content=\"2 minuti\" \/>\n<script type=\"application\/ld+json\" class=\"yoast-schema-graph\">{\"@context\":\"https:\\\/\\\/schema.org\",\"@graph\":[{\"@type\":[\"WebPage\",\"ItemPage\"],\"@id\":\"https:\\\/\\\/keys-for-auto.eu\\\/it\\\/product\\\/produzione-di-chiavi-per-le-auto-skoda\\\/\",\"url\":\"https:\\\/\\\/keys-for-auto.eu\\\/it\\\/product\\\/produzione-di-chiavi-per-le-auto-skoda\\\/\",\"name\":\"- %\",\"isPartOf\":{\"@id\":\"https:\\\/\\\/keys-for-auto.eu\\\/it\\\/#website\"},\"primaryImageOfPage\":{\"@id\":\"https:\\\/\\\/keys-for-auto.eu\\\/it\\\/product\\\/produzione-di-chiavi-per-le-auto-skoda\\\/#primaryimage\"},\"image\":{\"@id\":\"https:\\\/\\\/keys-for-auto.eu\\\/it\\\/product\\\/produzione-di-chiavi-per-le-auto-skoda\\\/#primaryimage\"},\"thumbnailUrl\":\"https:\\\/\\\/keys-for-auto.eu\\\/wp-content\\\/uploads\\\/2022\\\/12\\\/admin-ajax__5_-removebg-preview.png\",\"datePublished\":\"2017-12-03T21:10:58+00:00\",\"dateModified\":\"2023-02-10T04:37:01+00:00\",\"breadcrumb\":{\"@id\":\"https:\\\/\\\/keys-for-auto.eu\\\/it\\\/product\\\/produzione-di-chiavi-per-le-auto-skoda\\\/#breadcrumb\"},\"inLanguage\":\"it-IT\",\"potentialAction\":[{\"@type\":\"ReadAction\",\"target\":[\"https:\\\/\\\/keys-for-auto.eu\\\/it\\\/product\\\/produzione-di-chiavi-per-le-auto-skoda\\\/\"]}]},{\"@type\":\"ImageObject\",\"inLanguage\":\"it-IT\",\"@id\":\"https:\\\/\\\/keys-for-auto.eu\\\/it\\\/product\\\/produzione-di-chiavi-per-le-auto-skoda\\\/#primaryimage\",\"url\":\"https:\\\/\\\/keys-for-auto.eu\\\/wp-content\\\/uploads\\\/2022\\\/12\\\/admin-ajax__5_-removebg-preview.png\",\"contentUrl\":\"https:\\\/\\\/keys-for-auto.eu\\\/wp-content\\\/uploads\\\/2022\\\/12\\\/admin-ajax__5_-removebg-preview.png\",\"width\":505,\"height\":494},{\"@type\":\"BreadcrumbList\",\"@id\":\"https:\\\/\\\/keys-for-auto.eu\\\/it\\\/product\\\/produzione-di-chiavi-per-le-auto-skoda\\\/#breadcrumb\",\"itemListElement\":[{\"@type\":\"ListItem\",\"position\":1,\"name\":\"Casa\",\"item\":\"https:\\\/\\\/keys-for-auto.eu\\\/it\\\/\"},{\"@type\":\"ListItem\",\"position\":2,\"name\":\"Shop\",\"item\":\"https:\\\/\\\/keys-for-auto.eu\\\/\"},{\"@type\":\"ListItem\",\"position\":3,\"name\":\"Produzione di chiavi per le auto Skoda\"}]},{\"@type\":\"WebSite\",\"@id\":\"https:\\\/\\\/keys-for-auto.eu\\\/it\\\/#website\",\"url\":\"https:\\\/\\\/keys-for-auto.eu\\\/it\\\/\",\"name\":\"Keys for auto\",\"description\":\"Car keys,  key shells, key programming\",\"publisher\":{\"@id\":\"https:\\\/\\\/keys-for-auto.eu\\\/it\\\/#organization\"},\"potentialAction\":[{\"@type\":\"SearchAction\",\"target\":{\"@type\":\"EntryPoint\",\"urlTemplate\":\"https:\\\/\\\/keys-for-auto.eu\\\/it\\\/?s={search_term_string}\"},\"query-input\":{\"@type\":\"PropertyValueSpecification\",\"valueRequired\":true,\"valueName\":\"search_term_string\"}}],\"inLanguage\":\"it-IT\"},{\"@type\":\"Organization\",\"@id\":\"https:\\\/\\\/keys-for-auto.eu\\\/it\\\/#organization\",\"name\":\"Chiavi per auto\",\"url\":\"https:\\\/\\\/keys-for-auto.eu\\\/it\\\/\",\"logo\":{\"@type\":\"ImageObject\",\"inLanguage\":\"it-IT\",\"@id\":\"https:\\\/\\\/keys-for-auto.eu\\\/it\\\/#\\\/schema\\\/logo\\\/image\\\/\",\"url\":\"https:\\\/\\\/keys-for-auto.eu\\\/wp-content\\\/uploads\\\/2022\\\/11\\\/cropped-png1.png\",\"contentUrl\":\"https:\\\/\\\/keys-for-auto.eu\\\/wp-content\\\/uploads\\\/2022\\\/11\\\/cropped-png1.png\",\"width\":1000,\"height\":342,\"caption\":\"Chiavi per auto\"},\"image\":{\"@id\":\"https:\\\/\\\/keys-for-auto.eu\\\/it\\\/#\\\/schema\\\/logo\\\/image\\\/\"},\"sameAs\":[\"https:\\\/\\\/www.facebook.com\\\/KeysForAutoEU\"]}]}<\/script>\n<!-- \/ Yoast SEO plugin. -->","yoast_head_json":{"title":"- %","robots":{"index":"index","follow":"follow","max-snippet":"max-snippet:-1","max-image-preview":"max-image-preview:large","max-video-preview":"max-video-preview:-1"},"canonical":"https:\/\/keys-for-auto.eu\/it\/product\/produzione-di-chiavi-per-le-auto-skoda\/","og_locale":"it_IT","og_type":"article","og_title":"- %","og_description":"Produciamo e programmiamo chiavi per auto Skoda.  Produzione di chiavi Skoda  Programmazione chiavi Skoda  Riparazione delle chiavi Skoda  Gusci per chiavi Skoda  Sblocco d'emergenza delle auto Skoda Produzione di chiavi per auto  Produzione di nuove chiavi dell'auto, programmazione delle chiavi (\"binding\" con l'auto)  Eliminazione dalla memoria dell'auto di chiavi precedentemente smarrite  Produzione della chiave di accensione in base alla serratura  Riparazione delle chiavi dell'auto (sostituzione di pulsanti, gusci, meccanismi)  Sblocco di emergenza dell'auto  Scambio di chiavi, custodie per chiavi  Arresto del software DPF \/ FAP  Rimozione programmata dell'EGR  Disattivazione del software dell'immobilizzatore (immo Off)  Riparazione, clonazione e programmazione dell'unit\u00e0 di controllo del motore (ECU)  SRS (Programmazione dell'unit\u00e0 di controllo degli airbag)  articoli spediti entro il 3d.d.*","og_url":"https:\/\/keys-for-auto.eu\/it\/product\/produzione-di-chiavi-per-le-auto-skoda\/","og_site_name":"Keys for auto","article_publisher":"https:\/\/www.facebook.com\/KeysForAutoEU","article_modified_time":"2023-02-10T04:37:01+00:00","og_image":[{"width":505,"height":494,"url":"https:\/\/keys-for-auto.eu\/wp-content\/uploads\/2022\/12\/admin-ajax__5_-removebg-preview.png","type":"image\/png"}],"twitter_card":"summary_large_image","twitter_misc":{"Tempo di lettura stimato":"2 minuti"},"schema":{"@context":"https:\/\/schema.org","@graph":[{"@type":["WebPage","ItemPage"],"@id":"https:\/\/keys-for-auto.eu\/it\/product\/produzione-di-chiavi-per-le-auto-skoda\/","url":"https:\/\/keys-for-auto.eu\/it\/product\/produzione-di-chiavi-per-le-auto-skoda\/","name":"- %","isPartOf":{"@id":"https:\/\/keys-for-auto.eu\/it\/#website"},"primaryImageOfPage":{"@id":"https:\/\/keys-for-auto.eu\/it\/product\/produzione-di-chiavi-per-le-auto-skoda\/#primaryimage"},"image":{"@id":"https:\/\/keys-for-auto.eu\/it\/product\/produzione-di-chiavi-per-le-auto-skoda\/#primaryimage"},"thumbnailUrl":"https:\/\/keys-for-auto.eu\/wp-content\/uploads\/2022\/12\/admin-ajax__5_-removebg-preview.png","datePublished":"2017-12-03T21:10:58+00:00","dateModified":"2023-02-10T04:37:01+00:00","breadcrumb":{"@id":"https:\/\/keys-for-auto.eu\/it\/product\/produzione-di-chiavi-per-le-auto-skoda\/#breadcrumb"},"inLanguage":"it-IT","potentialAction":[{"@type":"ReadAction","target":["https:\/\/keys-for-auto.eu\/it\/product\/produzione-di-chiavi-per-le-auto-skoda\/"]}]},{"@type":"ImageObject","inLanguage":"it-IT","@id":"https:\/\/keys-for-auto.eu\/it\/product\/produzione-di-chiavi-per-le-auto-skoda\/#primaryimage","url":"https:\/\/keys-for-auto.eu\/wp-content\/uploads\/2022\/12\/admin-ajax__5_-removebg-preview.png","contentUrl":"https:\/\/keys-for-auto.eu\/wp-content\/uploads\/2022\/12\/admin-ajax__5_-removebg-preview.png","width":505,"height":494},{"@type":"BreadcrumbList","@id":"https:\/\/keys-for-auto.eu\/it\/product\/produzione-di-chiavi-per-le-auto-skoda\/#breadcrumb","itemListElement":[{"@type":"ListItem","position":1,"name":"Casa","item":"https:\/\/keys-for-auto.eu\/it\/"},{"@type":"ListItem","position":2,"name":"Shop","item":"https:\/\/keys-for-auto.eu\/"},{"@type":"ListItem","position":3,"name":"Produzione di chiavi per le auto Skoda"}]},{"@type":"WebSite","@id":"https:\/\/keys-for-auto.eu\/it\/#website","url":"https:\/\/keys-for-auto.eu\/it\/","name":"Keys for auto","description":"Car keys,  key shells, key programming","publisher":{"@id":"https:\/\/keys-for-auto.eu\/it\/#organization"},"potentialAction":[{"@type":"SearchAction","target":{"@type":"EntryPoint","urlTemplate":"https:\/\/keys-for-auto.eu\/it\/?s={search_term_string}"},"query-input":{"@type":"PropertyValueSpecification","valueRequired":true,"valueName":"search_term_string"}}],"inLanguage":"it-IT"},{"@type":"Organization","@id":"https:\/\/keys-for-auto.eu\/it\/#organization","name":"Chiavi per auto","url":"https:\/\/keys-for-auto.eu\/it\/","logo":{"@type":"ImageObject","inLanguage":"it-IT","@id":"https:\/\/keys-for-auto.eu\/it\/#\/schema\/logo\/image\/","url":"https:\/\/keys-for-auto.eu\/wp-content\/uploads\/2022\/11\/cropped-png1.png","contentUrl":"https:\/\/keys-for-auto.eu\/wp-content\/uploads\/2022\/11\/cropped-png1.png","width":1000,"height":342,"caption":"Chiavi per auto"},"image":{"@id":"https:\/\/keys-for-auto.eu\/it\/#\/schema\/logo\/image\/"},"sameAs":["https:\/\/www.facebook.com\/KeysForAutoEU"]}]}},"_links":{"self":[{"href":"https:\/\/keys-for-auto.eu\/it\/wp-json\/wp\/v2\/product\/15360","targetHints":{"allow":["GET"]}}],"collection":[{"href":"https:\/\/keys-for-auto.eu\/it\/wp-json\/wp\/v2\/product"}],"about":[{"href":"https:\/\/keys-for-auto.eu\/it\/wp-json\/wp\/v2\/types\/product"}],"replies":[{"embeddable":true,"href":"https:\/\/keys-for-auto.eu\/it\/wp-json\/wp\/v2\/comments?post=15360"}],"wp:featuredmedia":[{"embeddable":true,"href":"https:\/\/keys-for-auto.eu\/it\/wp-json\/wp\/v2\/media\/14527"}],"wp:attachment":[{"href":"https:\/\/keys-for-auto.eu\/it\/wp-json\/wp\/v2\/media?parent=15360"}],"wp:term":[{"taxonomy":"product_brand","embeddable":true,"href":"https:\/\/keys-for-auto.eu\/it\/wp-json\/wp\/v2\/product_brand?post=15360"},{"taxonomy":"product_cat","embeddable":true,"href":"https:\/\/keys-for-auto.eu\/it\/wp-json\/wp\/v2\/product_cat?post=15360"},{"taxonomy":"product_tag","embeddable":true,"href":"https:\/\/keys-for-auto.eu\/it\/wp-json\/wp\/v2\/product_tag?post=15360"}],"curies":[{"name":"wp","href":"https:\/\/api.w.org\/{rel}","templated":true}]}}