{"id":15354,"date":"2017-12-03T21:27:04","date_gmt":"2017-12-03T21:27:04","guid":{"rendered":"https:\/\/keys-for-auto.eu\/product\/produzione-chiave-per-le-auto-subaru\/"},"modified":"2023-02-10T04:36:59","modified_gmt":"2023-02-10T04:36:59","slug":"chiave-produzione-per-automobili-subaru","status":"publish","type":"product","link":"https:\/\/keys-for-auto.eu\/it\/product\/chiave-produzione-per-automobili-subaru\/","title":{"rendered":"Produzione chiave per le auto Subaru"},"content":{"rendered":"<h2>Fabbricazione di chiavi Subaru<\/h2>\n<p>Potete rivolgervi a uno specialista per creare un duplicato della chiave dell&#8217;auto se la vostra chiave \u00e8 rotta, usurata, smarrita o rubata. Un professionista pu\u00f2 essere d&#8217;aiuto in caso di blocco. Per produrre la lama su cui verr\u00e0 creato il motivo unico con l&#8217;aiuto di una macchina utensile, \u00e8 possibile utilizzare uno dei seguenti tipi di materiale:<\/p>\n<p>acciaio (il duplicato si consuma nel tempo e deve essere sostituito);<\/p>\n<p>ottone (le chiavi in ottone sono considerate versatili e di lunga durata);<\/p>\n<p>lega di argento-nichel (un prodotto di questo tipo \u00e8 piuttosto costoso, ma ha un&#8217;ottima durata).<\/p>\n<h2>Opzioni per la creazione di duplicati delle chiavi Subaru<\/h2>\n<p>Dopo la produzione della lama, il chip dell&#8217;immobilizzatore Subaru viene programmato da uno specialista. A seconda delle specificit\u00e0 della situazione, si sceglie una delle tre possibili modalit\u00e0 di esecuzione di questa procedura:<\/p>\n<p>attraverso i connettori diagnostici (di solito OBD2);<\/p>\n<p>attraverso la memoria di lavoro dell&#8217;immobilizzatore;<\/p>\n<p>attraverso la copiatura dei chip.<\/p>\n<p>A seconda del modello del veicolo e dell&#8217;anno di produzione, la programmazione deve essere effettuata dalla memoria di lavoro dell&#8217;immobilizzatore, se presente, e nel caso di un BCM o di una centralina, del cruscotto o dell&#8217;antenna. Il veicolo deve essere consegnato al momento dello sblocco e se la programmazione del chip dell&#8217;immobilizzatore viene effettuata tramite OBD2, poich\u00e9 \u00e8 necessario collegare dispositivi speciali.<\/p>\n<p>Spesso \u00e8 necessaria una chiave master per creare una copia della chiave\/chip, ma potrebbe essere necessaria anche l&#8217;auto stessa, a seconda del modello e dell&#8217;anno di produzione. Se necessario, uno specialista realizzer\u00e0 una chiave Subaru adatta alla serratura. La riproduzione si basa sul nucleo della serratura, che contiene molti elementi segreti. \u00c8 quindi possibile ordinare una chiave in acciaio (opzione economica e versatile), un duplicato in una custodia di plastica (comoda da usare, ma la parte superiore si consuma con il tempo), una chiave con smart card. L&#8217;ultimo tipo di chiave Subaru \u00e8 considerato relativamente nuovo: viene utilizzato solo sui modelli dotati di uno speciale sistema di sicurezza.<\/p>\n","protected":false},"excerpt":{"rendered":"<h2>Produciamo e programmiamo chiavi per auto Subaru.<\/h2>\n<ul>\n<li>Fabbricazione di chiavi Subaru<\/li>\n<li>Programmazione chiavi Subaru<\/li>\n<li>Riparazione delle chiavi della Subaru<\/li>\n<li>Organi chiave della Subaru<\/li>\n<li>Sblocco di emergenza delle auto Subaru<\/li>\n<\/ul>\n<h3><strong>Produzione di chiavi per auto<\/strong><\/h3>\n<ul>\n<li><strong>Produzione di nuove chiavi dell&#8217;auto, programmazione delle chiavi (&#8220;binding&#8221; con l&#8217;auto)<\/strong><\/li>\n<li><strong>Eliminazione dalla memoria dell&#8217;auto di chiavi precedentemente smarrite<\/strong><\/li>\n<li><strong>Produzione della chiave di accensione in base alla serratura<\/strong><\/li>\n<li><strong>Riparazione delle chiavi dell&#8217;auto (sostituzione di pulsanti, gusci, meccanismi)<\/strong><\/li>\n<li><strong>Sblocco di emergenza dell&#8217;auto<\/strong><\/li>\n<li><strong>Scambio di chiavi, custodie per chiavi<\/strong><\/li>\n<li><strong>Arresto del software DPF \/ FAP<\/strong><\/li>\n<li><strong>Rimozione programmata dell&#8217;EGR<\/strong><\/li>\n<li><strong>Disattivazione del software dell&#8217;immobilizzatore (immo Off)<\/strong><\/li>\n<li><strong>Riparazione, clonazione e programmazione dell&#8217;unit\u00e0 di controllo del motore (ECU)<\/strong><\/li>\n<li><strong>SRS (Programmazione dell&#8217;unit\u00e0 di controllo degli airbag)<\/strong><\/li>\n<\/ul>\n<h4><strong>  articoli spediti entro 3 giorni lavorativi.*<\/strong><\/h4>\n","protected":false},"featured_media":14557,"comment_status":"open","ping_status":"closed","template":"","meta":[],"product_brand":[],"product_cat":[973,955],"product_tag":[1051,1044,1017,1020,1054,998,1027,1036,996,1002,1049,1057,1059,1061,1062],"class_list":{"0":"post-15354","1":"product","2":"type-product","3":"status-publish","4":"has-post-thumbnail","6":"product_cat-produzione-di-chiavi","7":"product_cat-subaru-it","8":"product_tag-chiave-subaru","9":"product_tag-chiave-subaru-forester-it","10":"product_tag-chiave-subaru-forester","11":"product_tag-chiave-subaru-legacy","12":"product_tag-chiave-subaru-tribeca","13":"product_tag-guscio-chiave-subaru","14":"product_tag-guscio-chiave-subaru-forester","15":"product_tag-guscio-chiave-subaru-impreza","16":"product_tag-guscio-chiave-subaru-legacy","17":"product_tag-guscio-chiave-subaru-outback","18":"product_tag-guscio-chiave-subaru-tribeca","19":"product_tag-subaru-it","20":"product_tag-subaru-forester-it","21":"product_tag-subaru-legacy-it","22":"product_tag-subaru-tribeca-it","24":"first","25":"instock","26":"shipping-taxable","27":"product-type-simple"},"yoast_head":"<!-- This site is optimized with the Yoast SEO plugin v27.3 - https:\/\/yoast.com\/product\/yoast-seo-wordpress\/ -->\n<title>- %<\/title>\n<meta name=\"robots\" content=\"index, follow, max-snippet:-1, max-image-preview:large, max-video-preview:-1\" \/>\n<link rel=\"canonical\" href=\"https:\/\/keys-for-auto.eu\/it\/product\/chiave-produzione-per-automobili-subaru\/\" \/>\n<meta property=\"og:locale\" content=\"it_IT\" \/>\n<meta property=\"og:type\" content=\"article\" \/>\n<meta property=\"og:title\" content=\"- %\" \/>\n<meta property=\"og:description\" content=\"Produciamo e programmiamo chiavi per auto Subaru.  Fabbricazione di chiavi Subaru  Programmazione chiavi Subaru  Riparazione delle chiavi della Subaru  Organi chiave della Subaru  Sblocco di emergenza delle auto Subaru Produzione di chiavi per auto  Produzione di nuove chiavi dell&#039;auto, programmazione delle chiavi (&quot;binding&quot; con l&#039;auto)  Eliminazione dalla memoria dell&#039;auto di chiavi precedentemente smarrite  Produzione della chiave di accensione in base alla serratura  Riparazione delle chiavi dell&#039;auto (sostituzione di pulsanti, gusci, meccanismi)  Sblocco di emergenza dell&#039;auto  Scambio di chiavi, custodie per chiavi  Arresto del software DPF \/ FAP  Rimozione programmata dell&#039;EGR  Disattivazione del software dell&#039;immobilizzatore (immo Off)  Riparazione, clonazione e programmazione dell&#039;unit\u00e0 di controllo del motore (ECU)  SRS (Programmazione dell&#039;unit\u00e0 di controllo degli airbag)  articoli spediti entro 3 giorni lavorativi.*\" \/>\n<meta property=\"og:url\" content=\"https:\/\/keys-for-auto.eu\/it\/product\/chiave-produzione-per-automobili-subaru\/\" \/>\n<meta property=\"og:site_name\" content=\"Keys for auto\" \/>\n<meta property=\"article:publisher\" content=\"https:\/\/www.facebook.com\/KeysForAutoEU\" \/>\n<meta property=\"article:modified_time\" content=\"2023-02-10T04:36:59+00:00\" \/>\n<meta property=\"og:image\" content=\"https:\/\/keys-for-auto.eu\/wp-content\/uploads\/2022\/12\/admin-ajax-removebg-preview-2-1.png\" \/>\n\t<meta property=\"og:image:width\" content=\"400\" \/>\n\t<meta property=\"og:image:height\" content=\"398\" \/>\n\t<meta property=\"og:image:type\" content=\"image\/png\" \/>\n<meta name=\"twitter:card\" content=\"summary_large_image\" \/>\n<meta name=\"twitter:label1\" content=\"Tempo di lettura stimato\" \/>\n\t<meta name=\"twitter:data1\" content=\"2 minuti\" \/>\n<script type=\"application\/ld+json\" class=\"yoast-schema-graph\">{\"@context\":\"https:\\\/\\\/schema.org\",\"@graph\":[{\"@type\":[\"WebPage\",\"ItemPage\"],\"@id\":\"https:\\\/\\\/keys-for-auto.eu\\\/it\\\/product\\\/chiave-produzione-per-automobili-subaru\\\/\",\"url\":\"https:\\\/\\\/keys-for-auto.eu\\\/it\\\/product\\\/chiave-produzione-per-automobili-subaru\\\/\",\"name\":\"- %\",\"isPartOf\":{\"@id\":\"https:\\\/\\\/keys-for-auto.eu\\\/it\\\/#website\"},\"primaryImageOfPage\":{\"@id\":\"https:\\\/\\\/keys-for-auto.eu\\\/it\\\/product\\\/chiave-produzione-per-automobili-subaru\\\/#primaryimage\"},\"image\":{\"@id\":\"https:\\\/\\\/keys-for-auto.eu\\\/it\\\/product\\\/chiave-produzione-per-automobili-subaru\\\/#primaryimage\"},\"thumbnailUrl\":\"https:\\\/\\\/keys-for-auto.eu\\\/wp-content\\\/uploads\\\/2022\\\/12\\\/admin-ajax-removebg-preview-2-1.png\",\"datePublished\":\"2017-12-03T21:27:04+00:00\",\"dateModified\":\"2023-02-10T04:36:59+00:00\",\"breadcrumb\":{\"@id\":\"https:\\\/\\\/keys-for-auto.eu\\\/it\\\/product\\\/chiave-produzione-per-automobili-subaru\\\/#breadcrumb\"},\"inLanguage\":\"it-IT\",\"potentialAction\":[{\"@type\":\"ReadAction\",\"target\":[\"https:\\\/\\\/keys-for-auto.eu\\\/it\\\/product\\\/chiave-produzione-per-automobili-subaru\\\/\"]}]},{\"@type\":\"ImageObject\",\"inLanguage\":\"it-IT\",\"@id\":\"https:\\\/\\\/keys-for-auto.eu\\\/it\\\/product\\\/chiave-produzione-per-automobili-subaru\\\/#primaryimage\",\"url\":\"https:\\\/\\\/keys-for-auto.eu\\\/wp-content\\\/uploads\\\/2022\\\/12\\\/admin-ajax-removebg-preview-2-1.png\",\"contentUrl\":\"https:\\\/\\\/keys-for-auto.eu\\\/wp-content\\\/uploads\\\/2022\\\/12\\\/admin-ajax-removebg-preview-2-1.png\",\"width\":400,\"height\":398},{\"@type\":\"BreadcrumbList\",\"@id\":\"https:\\\/\\\/keys-for-auto.eu\\\/it\\\/product\\\/chiave-produzione-per-automobili-subaru\\\/#breadcrumb\",\"itemListElement\":[{\"@type\":\"ListItem\",\"position\":1,\"name\":\"Casa\",\"item\":\"https:\\\/\\\/keys-for-auto.eu\\\/it\\\/\"},{\"@type\":\"ListItem\",\"position\":2,\"name\":\"Shop\",\"item\":\"https:\\\/\\\/keys-for-auto.eu\\\/\"},{\"@type\":\"ListItem\",\"position\":3,\"name\":\"Produzione chiave per le auto Subaru\"}]},{\"@type\":\"WebSite\",\"@id\":\"https:\\\/\\\/keys-for-auto.eu\\\/it\\\/#website\",\"url\":\"https:\\\/\\\/keys-for-auto.eu\\\/it\\\/\",\"name\":\"Keys for auto\",\"description\":\"Car keys,  key shells, key programming\",\"publisher\":{\"@id\":\"https:\\\/\\\/keys-for-auto.eu\\\/it\\\/#organization\"},\"potentialAction\":[{\"@type\":\"SearchAction\",\"target\":{\"@type\":\"EntryPoint\",\"urlTemplate\":\"https:\\\/\\\/keys-for-auto.eu\\\/it\\\/?s={search_term_string}\"},\"query-input\":{\"@type\":\"PropertyValueSpecification\",\"valueRequired\":true,\"valueName\":\"search_term_string\"}}],\"inLanguage\":\"it-IT\"},{\"@type\":\"Organization\",\"@id\":\"https:\\\/\\\/keys-for-auto.eu\\\/it\\\/#organization\",\"name\":\"Chiavi per auto\",\"url\":\"https:\\\/\\\/keys-for-auto.eu\\\/it\\\/\",\"logo\":{\"@type\":\"ImageObject\",\"inLanguage\":\"it-IT\",\"@id\":\"https:\\\/\\\/keys-for-auto.eu\\\/it\\\/#\\\/schema\\\/logo\\\/image\\\/\",\"url\":\"https:\\\/\\\/keys-for-auto.eu\\\/wp-content\\\/uploads\\\/2022\\\/11\\\/cropped-png1.png\",\"contentUrl\":\"https:\\\/\\\/keys-for-auto.eu\\\/wp-content\\\/uploads\\\/2022\\\/11\\\/cropped-png1.png\",\"width\":1000,\"height\":342,\"caption\":\"Chiavi per auto\"},\"image\":{\"@id\":\"https:\\\/\\\/keys-for-auto.eu\\\/it\\\/#\\\/schema\\\/logo\\\/image\\\/\"},\"sameAs\":[\"https:\\\/\\\/www.facebook.com\\\/KeysForAutoEU\"]}]}<\/script>\n<!-- \/ Yoast SEO plugin. -->","yoast_head_json":{"title":"- %","robots":{"index":"index","follow":"follow","max-snippet":"max-snippet:-1","max-image-preview":"max-image-preview:large","max-video-preview":"max-video-preview:-1"},"canonical":"https:\/\/keys-for-auto.eu\/it\/product\/chiave-produzione-per-automobili-subaru\/","og_locale":"it_IT","og_type":"article","og_title":"- %","og_description":"Produciamo e programmiamo chiavi per auto Subaru.  Fabbricazione di chiavi Subaru  Programmazione chiavi Subaru  Riparazione delle chiavi della Subaru  Organi chiave della Subaru  Sblocco di emergenza delle auto Subaru Produzione di chiavi per auto  Produzione di nuove chiavi dell'auto, programmazione delle chiavi (\"binding\" con l'auto)  Eliminazione dalla memoria dell'auto di chiavi precedentemente smarrite  Produzione della chiave di accensione in base alla serratura  Riparazione delle chiavi dell'auto (sostituzione di pulsanti, gusci, meccanismi)  Sblocco di emergenza dell'auto  Scambio di chiavi, custodie per chiavi  Arresto del software DPF \/ FAP  Rimozione programmata dell'EGR  Disattivazione del software dell'immobilizzatore (immo Off)  Riparazione, clonazione e programmazione dell'unit\u00e0 di controllo del motore (ECU)  SRS (Programmazione dell'unit\u00e0 di controllo degli airbag)  articoli spediti entro 3 giorni lavorativi.*","og_url":"https:\/\/keys-for-auto.eu\/it\/product\/chiave-produzione-per-automobili-subaru\/","og_site_name":"Keys for auto","article_publisher":"https:\/\/www.facebook.com\/KeysForAutoEU","article_modified_time":"2023-02-10T04:36:59+00:00","og_image":[{"width":400,"height":398,"url":"https:\/\/keys-for-auto.eu\/wp-content\/uploads\/2022\/12\/admin-ajax-removebg-preview-2-1.png","type":"image\/png"}],"twitter_card":"summary_large_image","twitter_misc":{"Tempo di lettura stimato":"2 minuti"},"schema":{"@context":"https:\/\/schema.org","@graph":[{"@type":["WebPage","ItemPage"],"@id":"https:\/\/keys-for-auto.eu\/it\/product\/chiave-produzione-per-automobili-subaru\/","url":"https:\/\/keys-for-auto.eu\/it\/product\/chiave-produzione-per-automobili-subaru\/","name":"- %","isPartOf":{"@id":"https:\/\/keys-for-auto.eu\/it\/#website"},"primaryImageOfPage":{"@id":"https:\/\/keys-for-auto.eu\/it\/product\/chiave-produzione-per-automobili-subaru\/#primaryimage"},"image":{"@id":"https:\/\/keys-for-auto.eu\/it\/product\/chiave-produzione-per-automobili-subaru\/#primaryimage"},"thumbnailUrl":"https:\/\/keys-for-auto.eu\/wp-content\/uploads\/2022\/12\/admin-ajax-removebg-preview-2-1.png","datePublished":"2017-12-03T21:27:04+00:00","dateModified":"2023-02-10T04:36:59+00:00","breadcrumb":{"@id":"https:\/\/keys-for-auto.eu\/it\/product\/chiave-produzione-per-automobili-subaru\/#breadcrumb"},"inLanguage":"it-IT","potentialAction":[{"@type":"ReadAction","target":["https:\/\/keys-for-auto.eu\/it\/product\/chiave-produzione-per-automobili-subaru\/"]}]},{"@type":"ImageObject","inLanguage":"it-IT","@id":"https:\/\/keys-for-auto.eu\/it\/product\/chiave-produzione-per-automobili-subaru\/#primaryimage","url":"https:\/\/keys-for-auto.eu\/wp-content\/uploads\/2022\/12\/admin-ajax-removebg-preview-2-1.png","contentUrl":"https:\/\/keys-for-auto.eu\/wp-content\/uploads\/2022\/12\/admin-ajax-removebg-preview-2-1.png","width":400,"height":398},{"@type":"BreadcrumbList","@id":"https:\/\/keys-for-auto.eu\/it\/product\/chiave-produzione-per-automobili-subaru\/#breadcrumb","itemListElement":[{"@type":"ListItem","position":1,"name":"Casa","item":"https:\/\/keys-for-auto.eu\/it\/"},{"@type":"ListItem","position":2,"name":"Shop","item":"https:\/\/keys-for-auto.eu\/"},{"@type":"ListItem","position":3,"name":"Produzione chiave per le auto Subaru"}]},{"@type":"WebSite","@id":"https:\/\/keys-for-auto.eu\/it\/#website","url":"https:\/\/keys-for-auto.eu\/it\/","name":"Keys for auto","description":"Car keys,  key shells, key programming","publisher":{"@id":"https:\/\/keys-for-auto.eu\/it\/#organization"},"potentialAction":[{"@type":"SearchAction","target":{"@type":"EntryPoint","urlTemplate":"https:\/\/keys-for-auto.eu\/it\/?s={search_term_string}"},"query-input":{"@type":"PropertyValueSpecification","valueRequired":true,"valueName":"search_term_string"}}],"inLanguage":"it-IT"},{"@type":"Organization","@id":"https:\/\/keys-for-auto.eu\/it\/#organization","name":"Chiavi per auto","url":"https:\/\/keys-for-auto.eu\/it\/","logo":{"@type":"ImageObject","inLanguage":"it-IT","@id":"https:\/\/keys-for-auto.eu\/it\/#\/schema\/logo\/image\/","url":"https:\/\/keys-for-auto.eu\/wp-content\/uploads\/2022\/11\/cropped-png1.png","contentUrl":"https:\/\/keys-for-auto.eu\/wp-content\/uploads\/2022\/11\/cropped-png1.png","width":1000,"height":342,"caption":"Chiavi per auto"},"image":{"@id":"https:\/\/keys-for-auto.eu\/it\/#\/schema\/logo\/image\/"},"sameAs":["https:\/\/www.facebook.com\/KeysForAutoEU"]}]}},"_links":{"self":[{"href":"https:\/\/keys-for-auto.eu\/it\/wp-json\/wp\/v2\/product\/15354","targetHints":{"allow":["GET"]}}],"collection":[{"href":"https:\/\/keys-for-auto.eu\/it\/wp-json\/wp\/v2\/product"}],"about":[{"href":"https:\/\/keys-for-auto.eu\/it\/wp-json\/wp\/v2\/types\/product"}],"replies":[{"embeddable":true,"href":"https:\/\/keys-for-auto.eu\/it\/wp-json\/wp\/v2\/comments?post=15354"}],"wp:featuredmedia":[{"embeddable":true,"href":"https:\/\/keys-for-auto.eu\/it\/wp-json\/wp\/v2\/media\/14557"}],"wp:attachment":[{"href":"https:\/\/keys-for-auto.eu\/it\/wp-json\/wp\/v2\/media?parent=15354"}],"wp:term":[{"taxonomy":"product_brand","embeddable":true,"href":"https:\/\/keys-for-auto.eu\/it\/wp-json\/wp\/v2\/product_brand?post=15354"},{"taxonomy":"product_cat","embeddable":true,"href":"https:\/\/keys-for-auto.eu\/it\/wp-json\/wp\/v2\/product_cat?post=15354"},{"taxonomy":"product_tag","embeddable":true,"href":"https:\/\/keys-for-auto.eu\/it\/wp-json\/wp\/v2\/product_tag?post=15354"}],"curies":[{"name":"wp","href":"https:\/\/api.w.org\/{rel}","templated":true}]}}