{"id":15082,"date":"2023-01-05T14:58:57","date_gmt":"2023-01-05T14:58:57","guid":{"rendered":"https:\/\/keys-for-auto.eu\/spese-di-consegna-e-di-pagamento\/"},"modified":"2023-02-10T03:56:46","modified_gmt":"2023-02-10T03:56:46","slug":"spese-di-consegna-e-di-pagamento","status":"publish","type":"page","link":"https:\/\/keys-for-auto.eu\/it\/spese-di-consegna-e-di-pagamento\/","title":{"rendered":"Spese di consegna e di pagamento"},"content":{"rendered":"\n<h2 class=\"wp-block-heading\">Quanto costa la consegna<\/h2>\n\n<p>\u00c8 l&#8217;importo speso per la consegna della merce dal magazzino dell&#8217;e-shop all&#8217;indirizzo indicato dall&#8217;acquirente. Tale importo sar\u00e0 indicato sulla fattura che accompagner\u00e0 la merce. In caso di restituzione della merce, il costo di questo servizio sar\u00e0 a carico dell&#8217;acquirente.<\/p>\n\n<h2 class=\"wp-block-heading\">Pagamento<\/h2>\n\n<p>Al momento dell&#8217;ordine, si prega di scegliere il metodo di pagamento &#8211; bonifico bancario, Paysiera, carta di credito, PayPal o qualsiasi altro metodo si preferisca. Il pagamento deve essere effettuato entro due giorni lavorativi, dopodich\u00e9 annulleremo l&#8217;ordine. Se necessario, \u00e8 possibile riordinare la merce dopo la cancellazione.<\/p>\n","protected":false},"excerpt":{"rendered":"<p>Quanto costa la consegna \u00c8 l&#8217;importo speso per la consegna della merce dal magazzino dell&#8217;e-shop all&#8217;indirizzo indicato dall&#8217;acquirente. Tale importo sar\u00e0 indicato sulla fattura che accompagner\u00e0 la merce. In caso di restituzione della merce, il costo di questo servizio sar\u00e0 a carico dell&#8217;acquirente. Pagamento Al momento dell&#8217;ordine, si prega di scegliere il metodo di pagamento [&hellip;]<\/p>\n","protected":false},"author":1,"featured_media":0,"parent":0,"menu_order":0,"comment_status":"closed","ping_status":"closed","template":"","meta":{"footnotes":""},"class_list":["post-15082","page","type-page","status-publish","hentry"],"yoast_head":"<!-- This site is optimized with the Yoast SEO plugin v27.6 - https:\/\/yoast.com\/product\/yoast-seo-wordpress\/ -->\n<title>- %<\/title>\n<meta name=\"robots\" content=\"index, follow, max-snippet:-1, max-image-preview:large, max-video-preview:-1\" \/>\n<link rel=\"canonical\" href=\"https:\/\/keys-for-auto.eu\/it\/spese-di-consegna-e-di-pagamento\/\" \/>\n<meta property=\"og:locale\" content=\"it_IT\" \/>\n<meta property=\"og:type\" content=\"article\" \/>\n<meta property=\"og:title\" content=\"- %\" \/>\n<meta property=\"og:description\" content=\"Quanto costa la consegna \u00c8 l&#8217;importo speso per la consegna della merce dal magazzino dell&#8217;e-shop all&#8217;indirizzo indicato dall&#8217;acquirente. Tale importo sar\u00e0 indicato sulla fattura che accompagner\u00e0 la merce. In caso di restituzione della merce, il costo di questo servizio sar\u00e0 a carico dell&#8217;acquirente. Pagamento Al momento dell&#8217;ordine, si prega di scegliere il metodo di pagamento [&hellip;]\" \/>\n<meta property=\"og:url\" content=\"https:\/\/keys-for-auto.eu\/it\/spese-di-consegna-e-di-pagamento\/\" \/>\n<meta property=\"og:site_name\" content=\"Keys for auto\" \/>\n<meta property=\"article:publisher\" content=\"https:\/\/www.facebook.com\/KeysForAutoEU\" \/>\n<meta property=\"article:modified_time\" content=\"2023-02-10T03:56:46+00:00\" \/>\n<meta name=\"twitter:card\" content=\"summary_large_image\" \/>\n<script type=\"application\/ld+json\" class=\"yoast-schema-graph\">{\"@context\":\"https:\\\/\\\/schema.org\",\"@graph\":[{\"@type\":\"WebPage\",\"@id\":\"https:\\\/\\\/keys-for-auto.eu\\\/it\\\/spese-di-consegna-e-di-pagamento\\\/\",\"url\":\"https:\\\/\\\/keys-for-auto.eu\\\/it\\\/spese-di-consegna-e-di-pagamento\\\/\",\"name\":\"- %\",\"isPartOf\":{\"@id\":\"https:\\\/\\\/keys-for-auto.eu\\\/it\\\/#website\"},\"datePublished\":\"2023-01-05T14:58:57+00:00\",\"dateModified\":\"2023-02-10T03:56:46+00:00\",\"breadcrumb\":{\"@id\":\"https:\\\/\\\/keys-for-auto.eu\\\/it\\\/spese-di-consegna-e-di-pagamento\\\/#breadcrumb\"},\"inLanguage\":\"it-IT\",\"potentialAction\":[{\"@type\":\"ReadAction\",\"target\":[\"https:\\\/\\\/keys-for-auto.eu\\\/it\\\/spese-di-consegna-e-di-pagamento\\\/\"]}]},{\"@type\":\"BreadcrumbList\",\"@id\":\"https:\\\/\\\/keys-for-auto.eu\\\/it\\\/spese-di-consegna-e-di-pagamento\\\/#breadcrumb\",\"itemListElement\":[{\"@type\":\"ListItem\",\"position\":1,\"name\":\"Casa\",\"item\":\"https:\\\/\\\/keys-for-auto.eu\\\/it\\\/\"},{\"@type\":\"ListItem\",\"position\":2,\"name\":\"Spese di consegna e di pagamento\"}]},{\"@type\":\"WebSite\",\"@id\":\"https:\\\/\\\/keys-for-auto.eu\\\/it\\\/#website\",\"url\":\"https:\\\/\\\/keys-for-auto.eu\\\/it\\\/\",\"name\":\"Keys for auto\",\"description\":\"Car keys,  key shells, key programming\",\"publisher\":{\"@id\":\"https:\\\/\\\/keys-for-auto.eu\\\/it\\\/#organization\"},\"potentialAction\":[{\"@type\":\"SearchAction\",\"target\":{\"@type\":\"EntryPoint\",\"urlTemplate\":\"https:\\\/\\\/keys-for-auto.eu\\\/it\\\/?s={search_term_string}\"},\"query-input\":{\"@type\":\"PropertyValueSpecification\",\"valueRequired\":true,\"valueName\":\"search_term_string\"}}],\"inLanguage\":\"it-IT\"},{\"@type\":\"Organization\",\"@id\":\"https:\\\/\\\/keys-for-auto.eu\\\/it\\\/#organization\",\"name\":\"Chiavi per auto\",\"url\":\"https:\\\/\\\/keys-for-auto.eu\\\/it\\\/\",\"logo\":{\"@type\":\"ImageObject\",\"inLanguage\":\"it-IT\",\"@id\":\"https:\\\/\\\/keys-for-auto.eu\\\/it\\\/#\\\/schema\\\/logo\\\/image\\\/\",\"url\":\"https:\\\/\\\/keys-for-auto.eu\\\/wp-content\\\/uploads\\\/2022\\\/11\\\/cropped-png1.png\",\"contentUrl\":\"https:\\\/\\\/keys-for-auto.eu\\\/wp-content\\\/uploads\\\/2022\\\/11\\\/cropped-png1.png\",\"width\":1000,\"height\":342,\"caption\":\"Chiavi per auto\"},\"image\":{\"@id\":\"https:\\\/\\\/keys-for-auto.eu\\\/it\\\/#\\\/schema\\\/logo\\\/image\\\/\"},\"sameAs\":[\"https:\\\/\\\/www.facebook.com\\\/KeysForAutoEU\"]}]}<\/script>\n<!-- \/ Yoast SEO plugin. -->","yoast_head_json":{"title":"- %","robots":{"index":"index","follow":"follow","max-snippet":"max-snippet:-1","max-image-preview":"max-image-preview:large","max-video-preview":"max-video-preview:-1"},"canonical":"https:\/\/keys-for-auto.eu\/it\/spese-di-consegna-e-di-pagamento\/","og_locale":"it_IT","og_type":"article","og_title":"- %","og_description":"Quanto costa la consegna \u00c8 l&#8217;importo speso per la consegna della merce dal magazzino dell&#8217;e-shop all&#8217;indirizzo indicato dall&#8217;acquirente. Tale importo sar\u00e0 indicato sulla fattura che accompagner\u00e0 la merce. In caso di restituzione della merce, il costo di questo servizio sar\u00e0 a carico dell&#8217;acquirente. Pagamento Al momento dell&#8217;ordine, si prega di scegliere il metodo di pagamento [&hellip;]","og_url":"https:\/\/keys-for-auto.eu\/it\/spese-di-consegna-e-di-pagamento\/","og_site_name":"Keys for auto","article_publisher":"https:\/\/www.facebook.com\/KeysForAutoEU","article_modified_time":"2023-02-10T03:56:46+00:00","twitter_card":"summary_large_image","schema":{"@context":"https:\/\/schema.org","@graph":[{"@type":"WebPage","@id":"https:\/\/keys-for-auto.eu\/it\/spese-di-consegna-e-di-pagamento\/","url":"https:\/\/keys-for-auto.eu\/it\/spese-di-consegna-e-di-pagamento\/","name":"- %","isPartOf":{"@id":"https:\/\/keys-for-auto.eu\/it\/#website"},"datePublished":"2023-01-05T14:58:57+00:00","dateModified":"2023-02-10T03:56:46+00:00","breadcrumb":{"@id":"https:\/\/keys-for-auto.eu\/it\/spese-di-consegna-e-di-pagamento\/#breadcrumb"},"inLanguage":"it-IT","potentialAction":[{"@type":"ReadAction","target":["https:\/\/keys-for-auto.eu\/it\/spese-di-consegna-e-di-pagamento\/"]}]},{"@type":"BreadcrumbList","@id":"https:\/\/keys-for-auto.eu\/it\/spese-di-consegna-e-di-pagamento\/#breadcrumb","itemListElement":[{"@type":"ListItem","position":1,"name":"Casa","item":"https:\/\/keys-for-auto.eu\/it\/"},{"@type":"ListItem","position":2,"name":"Spese di consegna e di pagamento"}]},{"@type":"WebSite","@id":"https:\/\/keys-for-auto.eu\/it\/#website","url":"https:\/\/keys-for-auto.eu\/it\/","name":"Keys for auto","description":"Car keys,  key shells, key programming","publisher":{"@id":"https:\/\/keys-for-auto.eu\/it\/#organization"},"potentialAction":[{"@type":"SearchAction","target":{"@type":"EntryPoint","urlTemplate":"https:\/\/keys-for-auto.eu\/it\/?s={search_term_string}"},"query-input":{"@type":"PropertyValueSpecification","valueRequired":true,"valueName":"search_term_string"}}],"inLanguage":"it-IT"},{"@type":"Organization","@id":"https:\/\/keys-for-auto.eu\/it\/#organization","name":"Chiavi per auto","url":"https:\/\/keys-for-auto.eu\/it\/","logo":{"@type":"ImageObject","inLanguage":"it-IT","@id":"https:\/\/keys-for-auto.eu\/it\/#\/schema\/logo\/image\/","url":"https:\/\/keys-for-auto.eu\/wp-content\/uploads\/2022\/11\/cropped-png1.png","contentUrl":"https:\/\/keys-for-auto.eu\/wp-content\/uploads\/2022\/11\/cropped-png1.png","width":1000,"height":342,"caption":"Chiavi per auto"},"image":{"@id":"https:\/\/keys-for-auto.eu\/it\/#\/schema\/logo\/image\/"},"sameAs":["https:\/\/www.facebook.com\/KeysForAutoEU"]}]}},"_links":{"self":[{"href":"https:\/\/keys-for-auto.eu\/it\/wp-json\/wp\/v2\/pages\/15082","targetHints":{"allow":["GET"]}}],"collection":[{"href":"https:\/\/keys-for-auto.eu\/it\/wp-json\/wp\/v2\/pages"}],"about":[{"href":"https:\/\/keys-for-auto.eu\/it\/wp-json\/wp\/v2\/types\/page"}],"author":[{"embeddable":true,"href":"https:\/\/keys-for-auto.eu\/it\/wp-json\/wp\/v2\/users\/1"}],"replies":[{"embeddable":true,"href":"https:\/\/keys-for-auto.eu\/it\/wp-json\/wp\/v2\/comments?post=15082"}],"version-history":[{"count":4,"href":"https:\/\/keys-for-auto.eu\/it\/wp-json\/wp\/v2\/pages\/15082\/revisions"}],"predecessor-version":[{"id":15086,"href":"https:\/\/keys-for-auto.eu\/it\/wp-json\/wp\/v2\/pages\/15082\/revisions\/15086"}],"wp:attachment":[{"href":"https:\/\/keys-for-auto.eu\/it\/wp-json\/wp\/v2\/media?parent=15082"}],"curies":[{"name":"wp","href":"https:\/\/api.w.org\/{rel}","templated":true}]}}