{"id":20420,"date":"2022-06-21T14:21:44","date_gmt":"2022-06-21T14:21:44","guid":{"rendered":"https:\/\/keys-for-auto.eu\/product\/mootori-juhtimisseade-038906019kd-immo-off-volkswagen-passat-b5-jaoks\/"},"modified":"2022-06-21T14:21:44","modified_gmt":"2022-06-21T14:21:44","slug":"engine-control-unit-038906019kd-immo-off-for-volkswagen-passat-b5","status":"publish","type":"product","link":"https:\/\/keys-for-auto.eu\/et\/product\/engine-control-unit-038906019kd-immo-off-for-volkswagen-passat-b5\/","title":{"rendered":"MOOTORI JUHTIMISSEADE 038906019KD IMMO OFF &#8211; VOLKSWAGEN PASSAT B5 JAOKS"},"content":{"rendered":"<p>Mootori juhtimisseade, mille kasutust\u00f5kis on v\u00e4lja l\u00fclitatud.<\/p>\n","protected":false},"excerpt":{"rendered":"<p>Tootja<br \/>\nVolkswagen<br \/>\nSeeria<br \/>\nPassat<br \/>\nMudel<br \/>\nPASSAT B5<br \/>\nValmistamise aasta<br \/>\n1997-2000<br \/>\nAasta<br \/>\n1999<br \/>\nKehat\u00fc\u00fcp<br \/>\nMuud<br \/>\nJuhtimisasend<br \/>\n&#8211;<br \/>\nRoolirattad<br \/>\n&#8211;<br \/>\nK\u00fctuse t\u00fc\u00fcp<br \/>\nDiisel<br \/>\nMootori t\u00f6\u00f6maht, cm3<br \/>\n1900<br \/>\nK\u00e4igukast<br \/>\nK\u00e4sitsi<br \/>\nV\u00e4rv<\/p>\n<h3><strong>Autov\u00f5tmete tootmine<\/strong><\/h3>\n<ul>\n<li><strong>Uute autov\u00f5tmete valmistamine, v\u00f5tmete programmeerimine (&#8220;sidumine&#8221; autoga)<\/strong><\/li>\n<li><strong>Varem kaotatud v\u00f5tmete kustutamine auto m\u00e4lust<\/strong><\/li>\n<li><strong>S\u00fc\u00fctev\u00f5tme tootmine vastavalt lukule<\/strong><\/li>\n<li><strong>Autov\u00f5tmete remont (nuppude, kestade, mehhanismide vahetus)<\/strong><\/li>\n<li><strong>Autode avamine h\u00e4daolukorras<\/strong><\/li>\n<li><strong>V\u00f5tmete, v\u00f5tmekastide kaubandus<\/strong><\/li>\n<li><strong>DPF \/ FAP tarkvara v\u00e4ljal\u00fclitamine<\/strong><\/li>\n<li><strong>Programmiline EGR eemaldamine<\/strong><\/li>\n<li><strong>Kasutust\u00f5kise tarkvara deaktiveerimine (immo Off)<\/strong><\/li>\n<li><strong>Mootori kontrollploki (ECU) remont, kloonimine, programmeerimine<\/strong><\/li>\n<li><strong>SRS (turvapadja juhtseadme programmeerimine)<\/strong><\/li>\n<\/ul>\n<h4><strong>  kaubad saadetakse 3 t\u00f6\u00f6p\u00e4eva jooksul.*<\/strong><\/h4>\n","protected":false},"featured_media":19696,"comment_status":"open","ping_status":"closed","template":"","meta":[],"product_brand":[],"product_cat":[4111],"product_tag":[],"class_list":{"0":"post-20420","1":"product","2":"type-product","3":"status-publish","4":"has-post-thumbnail","6":"product_cat-ecu-et","8":"first","9":"instock","10":"shipping-taxable","11":"purchasable","12":"product-type-simple"},"yoast_head":"<!-- This site is optimized with the Yoast SEO plugin v27.3 - https:\/\/yoast.com\/product\/yoast-seo-wordpress\/ -->\n<title>MOOTORI JUHTIMISSEADE 038906019KD IMMO OFF - VOLKSWAGEN PASSAT B5 JAOKS - Keys for auto%<\/title>\n<meta name=\"robots\" content=\"index, follow, max-snippet:-1, max-image-preview:large, max-video-preview:-1\" \/>\n<link rel=\"canonical\" href=\"https:\/\/keys-for-auto.eu\/et\/product\/engine-control-unit-038906019kd-immo-off-for-volkswagen-passat-b5\/\" \/>\n<meta property=\"og:locale\" content=\"et_EE\" \/>\n<meta property=\"og:type\" content=\"article\" \/>\n<meta property=\"og:title\" content=\"MOOTORI JUHTIMISSEADE 038906019KD IMMO OFF - VOLKSWAGEN PASSAT B5 JAOKS - Keys for auto%\" \/>\n<meta property=\"og:description\" content=\"Tootja Volkswagen Seeria Passat Mudel PASSAT B5 Valmistamise aasta 1997-2000 Aasta 1999 Kehat\u00fc\u00fcp Muud Juhtimisasend - Roolirattad - K\u00fctuse t\u00fc\u00fcp Diisel Mootori t\u00f6\u00f6maht, cm3 1900 K\u00e4igukast K\u00e4sitsi V\u00e4rv Autov\u00f5tmete tootmine  Uute autov\u00f5tmete valmistamine, v\u00f5tmete programmeerimine (&quot;sidumine&quot; autoga)  Varem kaotatud v\u00f5tmete kustutamine auto m\u00e4lust  S\u00fc\u00fctev\u00f5tme tootmine vastavalt lukule  Autov\u00f5tmete remont (nuppude, kestade, mehhanismide vahetus)  Autode avamine h\u00e4daolukorras  V\u00f5tmete, v\u00f5tmekastide kaubandus  DPF \/ FAP tarkvara v\u00e4ljal\u00fclitamine  Programmiline EGR eemaldamine  Kasutust\u00f5kise tarkvara deaktiveerimine (immo Off)  Mootori kontrollploki (ECU) remont, kloonimine, programmeerimine  SRS (turvapadja juhtseadme programmeerimine)  kaubad saadetakse 3 t\u00f6\u00f6p\u00e4eva jooksul.*\" \/>\n<meta property=\"og:url\" content=\"https:\/\/keys-for-auto.eu\/et\/product\/engine-control-unit-038906019kd-immo-off-for-volkswagen-passat-b5\/\" \/>\n<meta property=\"og:site_name\" content=\"Keys for auto\" \/>\n<meta property=\"article:publisher\" content=\"https:\/\/www.facebook.com\/KeysForAutoEU\" \/>\n<meta name=\"twitter:card\" content=\"summary_large_image\" \/>\n<script type=\"application\/ld+json\" class=\"yoast-schema-graph\">{\"@context\":\"https:\\\/\\\/schema.org\",\"@graph\":[{\"@type\":[\"WebPage\",\"ItemPage\"],\"@id\":\"https:\\\/\\\/keys-for-auto.eu\\\/et\\\/product\\\/engine-control-unit-038906019kd-immo-off-for-volkswagen-passat-b5\\\/\",\"url\":\"https:\\\/\\\/keys-for-auto.eu\\\/et\\\/product\\\/engine-control-unit-038906019kd-immo-off-for-volkswagen-passat-b5\\\/\",\"name\":\"MOOTORI JUHTIMISSEADE 038906019KD IMMO OFF - VOLKSWAGEN PASSAT B5 JAOKS - Keys for auto%\",\"isPartOf\":{\"@id\":\"https:\\\/\\\/keys-for-auto.eu\\\/et\\\/#website\"},\"primaryImageOfPage\":{\"@id\":\"https:\\\/\\\/keys-for-auto.eu\\\/et\\\/product\\\/engine-control-unit-038906019kd-immo-off-for-volkswagen-passat-b5\\\/#primaryimage\"},\"image\":{\"@id\":\"https:\\\/\\\/keys-for-auto.eu\\\/et\\\/product\\\/engine-control-unit-038906019kd-immo-off-for-volkswagen-passat-b5\\\/#primaryimage\"},\"thumbnailUrl\":\"\",\"datePublished\":\"2022-06-21T14:21:44+00:00\",\"breadcrumb\":{\"@id\":\"https:\\\/\\\/keys-for-auto.eu\\\/et\\\/product\\\/engine-control-unit-038906019kd-immo-off-for-volkswagen-passat-b5\\\/#breadcrumb\"},\"inLanguage\":\"et\",\"potentialAction\":[{\"@type\":\"ReadAction\",\"target\":[\"https:\\\/\\\/keys-for-auto.eu\\\/et\\\/product\\\/engine-control-unit-038906019kd-immo-off-for-volkswagen-passat-b5\\\/\"]}]},{\"@type\":\"ImageObject\",\"inLanguage\":\"et\",\"@id\":\"https:\\\/\\\/keys-for-auto.eu\\\/et\\\/product\\\/engine-control-unit-038906019kd-immo-off-for-volkswagen-passat-b5\\\/#primaryimage\",\"url\":\"\",\"contentUrl\":\"\",\"caption\":\"MOOTORI JUHTIMISSEADE 038906019KD IMMO OFF - VOLKSWAGEN PASSAT B5 JAOKS\"},{\"@type\":\"BreadcrumbList\",\"@id\":\"https:\\\/\\\/keys-for-auto.eu\\\/et\\\/product\\\/engine-control-unit-038906019kd-immo-off-for-volkswagen-passat-b5\\\/#breadcrumb\",\"itemListElement\":[{\"@type\":\"ListItem\",\"position\":1,\"name\":\"Kodu\",\"item\":\"https:\\\/\\\/keys-for-auto.eu\\\/et\\\/\"},{\"@type\":\"ListItem\",\"position\":2,\"name\":\"Shop\",\"item\":\"https:\\\/\\\/keys-for-auto.eu\\\/\"},{\"@type\":\"ListItem\",\"position\":3,\"name\":\"MOOTORI JUHTIMISSEADE 038906019KD IMMO OFF &#8211; VOLKSWAGEN PASSAT B5 JAOKS\"}]},{\"@type\":\"WebSite\",\"@id\":\"https:\\\/\\\/keys-for-auto.eu\\\/et\\\/#website\",\"url\":\"https:\\\/\\\/keys-for-auto.eu\\\/et\\\/\",\"name\":\"Keys for auto\",\"description\":\"Car keys,  key shells, key programming\",\"publisher\":{\"@id\":\"https:\\\/\\\/keys-for-auto.eu\\\/et\\\/#organization\"},\"potentialAction\":[{\"@type\":\"SearchAction\",\"target\":{\"@type\":\"EntryPoint\",\"urlTemplate\":\"https:\\\/\\\/keys-for-auto.eu\\\/et\\\/?s={search_term_string}\"},\"query-input\":{\"@type\":\"PropertyValueSpecification\",\"valueRequired\":true,\"valueName\":\"search_term_string\"}}],\"inLanguage\":\"et\"},{\"@type\":\"Organization\",\"@id\":\"https:\\\/\\\/keys-for-auto.eu\\\/et\\\/#organization\",\"name\":\"Auto v\u00f5tmed\",\"url\":\"https:\\\/\\\/keys-for-auto.eu\\\/et\\\/\",\"logo\":{\"@type\":\"ImageObject\",\"inLanguage\":\"et\",\"@id\":\"https:\\\/\\\/keys-for-auto.eu\\\/et\\\/#\\\/schema\\\/logo\\\/image\\\/\",\"url\":\"https:\\\/\\\/keys-for-auto.eu\\\/wp-content\\\/uploads\\\/2022\\\/11\\\/cropped-png1.png\",\"contentUrl\":\"https:\\\/\\\/keys-for-auto.eu\\\/wp-content\\\/uploads\\\/2022\\\/11\\\/cropped-png1.png\",\"width\":1000,\"height\":342,\"caption\":\"Auto v\u00f5tmed\"},\"image\":{\"@id\":\"https:\\\/\\\/keys-for-auto.eu\\\/et\\\/#\\\/schema\\\/logo\\\/image\\\/\"},\"sameAs\":[\"https:\\\/\\\/www.facebook.com\\\/KeysForAutoEU\"]}]}<\/script>\n<!-- \/ Yoast SEO plugin. -->","yoast_head_json":{"title":"MOOTORI JUHTIMISSEADE 038906019KD IMMO OFF - VOLKSWAGEN PASSAT B5 JAOKS - Keys for auto%","robots":{"index":"index","follow":"follow","max-snippet":"max-snippet:-1","max-image-preview":"max-image-preview:large","max-video-preview":"max-video-preview:-1"},"canonical":"https:\/\/keys-for-auto.eu\/et\/product\/engine-control-unit-038906019kd-immo-off-for-volkswagen-passat-b5\/","og_locale":"et_EE","og_type":"article","og_title":"MOOTORI JUHTIMISSEADE 038906019KD IMMO OFF - VOLKSWAGEN PASSAT B5 JAOKS - Keys for auto%","og_description":"Tootja Volkswagen Seeria Passat Mudel PASSAT B5 Valmistamise aasta 1997-2000 Aasta 1999 Kehat\u00fc\u00fcp Muud Juhtimisasend - Roolirattad - K\u00fctuse t\u00fc\u00fcp Diisel Mootori t\u00f6\u00f6maht, cm3 1900 K\u00e4igukast K\u00e4sitsi V\u00e4rv Autov\u00f5tmete tootmine  Uute autov\u00f5tmete valmistamine, v\u00f5tmete programmeerimine (\"sidumine\" autoga)  Varem kaotatud v\u00f5tmete kustutamine auto m\u00e4lust  S\u00fc\u00fctev\u00f5tme tootmine vastavalt lukule  Autov\u00f5tmete remont (nuppude, kestade, mehhanismide vahetus)  Autode avamine h\u00e4daolukorras  V\u00f5tmete, v\u00f5tmekastide kaubandus  DPF \/ FAP tarkvara v\u00e4ljal\u00fclitamine  Programmiline EGR eemaldamine  Kasutust\u00f5kise tarkvara deaktiveerimine (immo Off)  Mootori kontrollploki (ECU) remont, kloonimine, programmeerimine  SRS (turvapadja juhtseadme programmeerimine)  kaubad saadetakse 3 t\u00f6\u00f6p\u00e4eva jooksul.*","og_url":"https:\/\/keys-for-auto.eu\/et\/product\/engine-control-unit-038906019kd-immo-off-for-volkswagen-passat-b5\/","og_site_name":"Keys for auto","article_publisher":"https:\/\/www.facebook.com\/KeysForAutoEU","twitter_card":"summary_large_image","schema":{"@context":"https:\/\/schema.org","@graph":[{"@type":["WebPage","ItemPage"],"@id":"https:\/\/keys-for-auto.eu\/et\/product\/engine-control-unit-038906019kd-immo-off-for-volkswagen-passat-b5\/","url":"https:\/\/keys-for-auto.eu\/et\/product\/engine-control-unit-038906019kd-immo-off-for-volkswagen-passat-b5\/","name":"MOOTORI JUHTIMISSEADE 038906019KD IMMO OFF - VOLKSWAGEN PASSAT B5 JAOKS - Keys for auto%","isPartOf":{"@id":"https:\/\/keys-for-auto.eu\/et\/#website"},"primaryImageOfPage":{"@id":"https:\/\/keys-for-auto.eu\/et\/product\/engine-control-unit-038906019kd-immo-off-for-volkswagen-passat-b5\/#primaryimage"},"image":{"@id":"https:\/\/keys-for-auto.eu\/et\/product\/engine-control-unit-038906019kd-immo-off-for-volkswagen-passat-b5\/#primaryimage"},"thumbnailUrl":"","datePublished":"2022-06-21T14:21:44+00:00","breadcrumb":{"@id":"https:\/\/keys-for-auto.eu\/et\/product\/engine-control-unit-038906019kd-immo-off-for-volkswagen-passat-b5\/#breadcrumb"},"inLanguage":"et","potentialAction":[{"@type":"ReadAction","target":["https:\/\/keys-for-auto.eu\/et\/product\/engine-control-unit-038906019kd-immo-off-for-volkswagen-passat-b5\/"]}]},{"@type":"ImageObject","inLanguage":"et","@id":"https:\/\/keys-for-auto.eu\/et\/product\/engine-control-unit-038906019kd-immo-off-for-volkswagen-passat-b5\/#primaryimage","url":"","contentUrl":"","caption":"MOOTORI JUHTIMISSEADE 038906019KD IMMO OFF - VOLKSWAGEN PASSAT B5 JAOKS"},{"@type":"BreadcrumbList","@id":"https:\/\/keys-for-auto.eu\/et\/product\/engine-control-unit-038906019kd-immo-off-for-volkswagen-passat-b5\/#breadcrumb","itemListElement":[{"@type":"ListItem","position":1,"name":"Kodu","item":"https:\/\/keys-for-auto.eu\/et\/"},{"@type":"ListItem","position":2,"name":"Shop","item":"https:\/\/keys-for-auto.eu\/"},{"@type":"ListItem","position":3,"name":"MOOTORI JUHTIMISSEADE 038906019KD IMMO OFF &#8211; VOLKSWAGEN PASSAT B5 JAOKS"}]},{"@type":"WebSite","@id":"https:\/\/keys-for-auto.eu\/et\/#website","url":"https:\/\/keys-for-auto.eu\/et\/","name":"Keys for auto","description":"Car keys,  key shells, key programming","publisher":{"@id":"https:\/\/keys-for-auto.eu\/et\/#organization"},"potentialAction":[{"@type":"SearchAction","target":{"@type":"EntryPoint","urlTemplate":"https:\/\/keys-for-auto.eu\/et\/?s={search_term_string}"},"query-input":{"@type":"PropertyValueSpecification","valueRequired":true,"valueName":"search_term_string"}}],"inLanguage":"et"},{"@type":"Organization","@id":"https:\/\/keys-for-auto.eu\/et\/#organization","name":"Auto v\u00f5tmed","url":"https:\/\/keys-for-auto.eu\/et\/","logo":{"@type":"ImageObject","inLanguage":"et","@id":"https:\/\/keys-for-auto.eu\/et\/#\/schema\/logo\/image\/","url":"https:\/\/keys-for-auto.eu\/wp-content\/uploads\/2022\/11\/cropped-png1.png","contentUrl":"https:\/\/keys-for-auto.eu\/wp-content\/uploads\/2022\/11\/cropped-png1.png","width":1000,"height":342,"caption":"Auto v\u00f5tmed"},"image":{"@id":"https:\/\/keys-for-auto.eu\/et\/#\/schema\/logo\/image\/"},"sameAs":["https:\/\/www.facebook.com\/KeysForAutoEU"]}]}},"_links":{"self":[{"href":"https:\/\/keys-for-auto.eu\/et\/wp-json\/wp\/v2\/product\/20420","targetHints":{"allow":["GET"]}}],"collection":[{"href":"https:\/\/keys-for-auto.eu\/et\/wp-json\/wp\/v2\/product"}],"about":[{"href":"https:\/\/keys-for-auto.eu\/et\/wp-json\/wp\/v2\/types\/product"}],"replies":[{"embeddable":true,"href":"https:\/\/keys-for-auto.eu\/et\/wp-json\/wp\/v2\/comments?post=20420"}],"wp:featuredmedia":[{"embeddable":true,"href":"https:\/\/keys-for-auto.eu\/et\/wp-json\/wp\/v2\/media\/19696"}],"wp:attachment":[{"href":"https:\/\/keys-for-auto.eu\/et\/wp-json\/wp\/v2\/media?parent=20420"}],"wp:term":[{"taxonomy":"product_brand","embeddable":true,"href":"https:\/\/keys-for-auto.eu\/et\/wp-json\/wp\/v2\/product_brand?post=20420"},{"taxonomy":"product_cat","embeddable":true,"href":"https:\/\/keys-for-auto.eu\/et\/wp-json\/wp\/v2\/product_cat?post=20420"},{"taxonomy":"product_tag","embeddable":true,"href":"https:\/\/keys-for-auto.eu\/et\/wp-json\/wp\/v2\/product_tag?post=20420"}],"curies":[{"name":"wp","href":"https:\/\/api.w.org\/{rel}","templated":true}]}}