{"id":20383,"date":"2022-02-23T17:38:25","date_gmt":"2022-02-23T17:38:25","guid":{"rendered":"https:\/\/keys-for-auto.eu\/product\/juhtmeta-laadimisega-telefonihoidja-autos\/"},"modified":"2022-02-23T17:38:25","modified_gmt":"2022-02-23T17:38:25","slug":"auto-telefonihoidja-koos-juhtmeta-laadimisega","status":"publish","type":"product","link":"https:\/\/keys-for-auto.eu\/et\/product\/auto-telefonihoidja-koos-juhtmeta-laadimisega\/","title":{"rendered":"Juhtmeta laadimisega telefonihoidja autos"},"content":{"rendered":"<p>Juhtmeta laadimisega telefonihoidja autos<\/p>\n","protected":false},"excerpt":{"rendered":"<h3><strong>Autov\u00f5tmete tootmine<\/strong><\/h3>\n<ul>\n<li><strong>Uute autov\u00f5tmete valmistamine, v\u00f5tmete programmeerimine (&#8220;sidumine&#8221; autoga)<\/strong><\/li>\n<li><strong>Varem kaotatud v\u00f5tmete kustutamine auto m\u00e4lust<\/strong><\/li>\n<li><strong>S\u00fc\u00fctev\u00f5tme tootmine vastavalt lukule<\/strong><\/li>\n<li><strong>Autov\u00f5tmete remont (nuppude, kestade, mehhanismide vahetus)<\/strong><\/li>\n<li><strong>Autode avamine h\u00e4daolukorras<\/strong><\/li>\n<li><strong>V\u00f5tmete, v\u00f5tmekastide kaubandus<\/strong><\/li>\n<li><strong>DPF \/ FAP tarkvara v\u00e4ljal\u00fclitamine<\/strong><\/li>\n<li><strong>Programmiline EGR eemaldamine<\/strong><\/li>\n<li><strong>Kasutust\u00f5kise tarkvara deaktiveerimine (immo Off)<\/strong><\/li>\n<li><strong>Mootori kontrollploki (ECU) remont, kloonimine, programmeerimine<\/strong><\/li>\n<li><strong>SRS (turvapadja juhtseadme programmeerimine)<\/strong><\/li>\n<\/ul>\n<h4><strong>  kaubad saadetakse 3 t\u00f6\u00f6p\u00e4eva jooksul.*<\/strong><\/h4>\n<p>Tugev, stabiilne, kaasaegne autotelefoni hoidik koos juhtmevaba laadimisega. Lihtsalt asetage telefon hoidikusse ja laadimine algab automaatselt. Selle hoidja abil on v\u00e4ga mugav kasutada telefoni navigatsiooniseadmena ja ei pea muretsema, et aku saab t\u00fchjaks.<\/p>\n<p><strong>Spetsifikatsioonid:<\/strong><\/p>\n<p>Toote v\u00e4rvus: Must<br \/>\nToote kaal: umbes 128g<br \/>\nMaterjal: plastik, kummi<br \/>\nSisendpinge: 9V\/1.67A<br \/>\nV\u00e4ljundpinge: 15W, 10W, 7,5W 5W (automaatne \u00e4ratundmine)<br \/>\nLaadimiskaugus: 0-8mm<br \/>\nToote m\u00f5\u00f5tmed: 12.9mm x 64mm<\/p>\n[video width=\"540\" height=\"720\" mp4=\"https:\/\/raktai-automobiliams.lt\/wp-content\/uploads\/2022\/02\/Automobilinis-telefono-laikiklis-su-bevieliu-krovimu.mp4\"][\/video]\n","protected":false},"featured_media":17110,"comment_status":"open","ping_status":"closed","template":"","meta":[],"product_brand":[],"product_cat":[3460,3480,3488,3513,3816,3481,3498,3522,3523,3552,3524,3561,3525,3560,3584,3512,3564,3613,3534,3530,3624,4105,3640,3669,3649,3642,3970,3668,3681,3614,3719,3747,3757,3637,3466,3743,3776,3718,3717,3736],"product_tag":[],"class_list":{"0":"post-20383","1":"product","2":"type-product","3":"status-publish","4":"has-post-thumbnail","6":"product_cat-alfa-romeo-et","7":"product_cat-audi-et","8":"product_cat-bmw-et","9":"product_cat-buick-et","10":"product_cat-cadillac-et","11":"product_cat-chevrolet-et","12":"product_cat-chrysler-et","13":"product_cat-citroen-et","14":"product_cat-fiat-et","15":"product_cat-ford-et","16":"product_cat-honda-et","17":"product_cat-hyundai-et","18":"product_cat-infiniti-et","19":"product_cat-iveco-et","20":"product_cat-jaguar-et","21":"product_cat-jeep-et","22":"product_cat-kia-et","23":"product_cat-land-rover-et","24":"product_cat-lexus-et","25":"product_cat-mazda-et","26":"product_cat-mercedes-benz-et","27":"product_cat-mitmesugused-tooted","28":"product_cat-mitsubishi-et","29":"product_cat-nissan-et","30":"product_cat-opel-et","31":"product_cat-peugeot-et","32":"product_cat-pontiac-et","33":"product_cat-porsche-et","34":"product_cat-renault-et","35":"product_cat-rover-et","36":"product_cat-saab-et","37":"product_cat-seat-et","38":"product_cat-skoda-et","39":"product_cat-smart-et","40":"product_cat-ssangyong-et","41":"product_cat-subaru-et","42":"product_cat-suzuki-et","43":"product_cat-toyota-et","44":"product_cat-volkswagen-et","45":"product_cat-volvo-et","47":"first","48":"instock","49":"shipping-taxable","50":"purchasable","51":"product-type-simple"},"yoast_head":"<!-- This site is optimized with the Yoast SEO plugin v27.5 - https:\/\/yoast.com\/product\/yoast-seo-wordpress\/ -->\n<title>Juhtmeta laadimisega telefonihoidja autos - Keys for auto%<\/title>\n<meta name=\"robots\" content=\"index, follow, max-snippet:-1, max-image-preview:large, max-video-preview:-1\" \/>\n<link rel=\"canonical\" href=\"https:\/\/keys-for-auto.eu\/et\/product\/auto-telefonihoidja-koos-juhtmeta-laadimisega\/\" \/>\n<meta property=\"og:locale\" content=\"et_EE\" \/>\n<meta property=\"og:type\" content=\"article\" \/>\n<meta property=\"og:title\" content=\"Juhtmeta laadimisega telefonihoidja autos - Keys for auto%\" \/>\n<meta property=\"og:description\" content=\"Autov\u00f5tmete tootmine  Uute autov\u00f5tmete valmistamine, v\u00f5tmete programmeerimine (&quot;sidumine&quot; autoga)  Varem kaotatud v\u00f5tmete kustutamine auto m\u00e4lust  S\u00fc\u00fctev\u00f5tme tootmine vastavalt lukule  Autov\u00f5tmete remont (nuppude, kestade, mehhanismide vahetus)  Autode avamine h\u00e4daolukorras  V\u00f5tmete, v\u00f5tmekastide kaubandus  DPF \/ FAP tarkvara v\u00e4ljal\u00fclitamine  Programmiline EGR eemaldamine  Kasutust\u00f5kise tarkvara deaktiveerimine (immo Off)  Mootori kontrollploki (ECU) remont, kloonimine, programmeerimine  SRS (turvapadja juhtseadme programmeerimine)  kaubad saadetakse 3 t\u00f6\u00f6p\u00e4eva jooksul.* Tugev, stabiilne, kaasaegne autotelefoni hoidik koos juhtmevaba laadimisega. Lihtsalt asetage telefon hoidikusse ja laadimine algab automaatselt. Selle hoidja abil on v\u00e4ga mugav kasutada telefoni navigatsiooniseadmena ja ei pea muretsema, et aku saab t\u00fchjaks. Spetsifikatsioonid: Toote v\u00e4rvus: Must Toote kaal: umbes 128g Materjal: plastik, kummi Sisendpinge: 9V\/1.67A V\u00e4ljundpinge: 15W, 10W, 7,5W 5W (automaatne \u00e4ratundmine) Laadimiskaugus: 0-8mm Toote m\u00f5\u00f5tmed: 12.9mm x 64mm\" \/>\n<meta property=\"og:url\" content=\"https:\/\/keys-for-auto.eu\/et\/product\/auto-telefonihoidja-koos-juhtmeta-laadimisega\/\" \/>\n<meta property=\"og:site_name\" content=\"Keys for auto\" \/>\n<meta property=\"article:publisher\" content=\"https:\/\/www.facebook.com\/KeysForAutoEU\" \/>\n<meta name=\"twitter:card\" content=\"summary_large_image\" \/>\n<script type=\"application\/ld+json\" class=\"yoast-schema-graph\">{\"@context\":\"https:\\\/\\\/schema.org\",\"@graph\":[{\"@type\":[\"WebPage\",\"ItemPage\"],\"@id\":\"https:\\\/\\\/keys-for-auto.eu\\\/et\\\/product\\\/auto-telefonihoidja-koos-juhtmeta-laadimisega\\\/\",\"url\":\"https:\\\/\\\/keys-for-auto.eu\\\/et\\\/product\\\/auto-telefonihoidja-koos-juhtmeta-laadimisega\\\/\",\"name\":\"Juhtmeta laadimisega telefonihoidja autos - Keys for auto%\",\"isPartOf\":{\"@id\":\"https:\\\/\\\/keys-for-auto.eu\\\/et\\\/#website\"},\"primaryImageOfPage\":{\"@id\":\"https:\\\/\\\/keys-for-auto.eu\\\/et\\\/product\\\/auto-telefonihoidja-koos-juhtmeta-laadimisega\\\/#primaryimage\"},\"image\":{\"@id\":\"https:\\\/\\\/keys-for-auto.eu\\\/et\\\/product\\\/auto-telefonihoidja-koos-juhtmeta-laadimisega\\\/#primaryimage\"},\"thumbnailUrl\":\"\",\"datePublished\":\"2022-02-23T17:38:25+00:00\",\"breadcrumb\":{\"@id\":\"https:\\\/\\\/keys-for-auto.eu\\\/et\\\/product\\\/auto-telefonihoidja-koos-juhtmeta-laadimisega\\\/#breadcrumb\"},\"inLanguage\":\"et\",\"potentialAction\":[{\"@type\":\"ReadAction\",\"target\":[\"https:\\\/\\\/keys-for-auto.eu\\\/et\\\/product\\\/auto-telefonihoidja-koos-juhtmeta-laadimisega\\\/\"]}]},{\"@type\":\"ImageObject\",\"inLanguage\":\"et\",\"@id\":\"https:\\\/\\\/keys-for-auto.eu\\\/et\\\/product\\\/auto-telefonihoidja-koos-juhtmeta-laadimisega\\\/#primaryimage\",\"url\":\"\",\"contentUrl\":\"\",\"caption\":\"Juhtmeta laadimisega telefonihoidja autos\"},{\"@type\":\"BreadcrumbList\",\"@id\":\"https:\\\/\\\/keys-for-auto.eu\\\/et\\\/product\\\/auto-telefonihoidja-koos-juhtmeta-laadimisega\\\/#breadcrumb\",\"itemListElement\":[{\"@type\":\"ListItem\",\"position\":1,\"name\":\"Kodu\",\"item\":\"https:\\\/\\\/keys-for-auto.eu\\\/et\\\/\"},{\"@type\":\"ListItem\",\"position\":2,\"name\":\"Shop\",\"item\":\"https:\\\/\\\/keys-for-auto.eu\\\/\"},{\"@type\":\"ListItem\",\"position\":3,\"name\":\"Juhtmeta laadimisega telefonihoidja autos\"}]},{\"@type\":\"WebSite\",\"@id\":\"https:\\\/\\\/keys-for-auto.eu\\\/et\\\/#website\",\"url\":\"https:\\\/\\\/keys-for-auto.eu\\\/et\\\/\",\"name\":\"Keys for auto\",\"description\":\"Car keys,  key shells, key programming\",\"publisher\":{\"@id\":\"https:\\\/\\\/keys-for-auto.eu\\\/et\\\/#organization\"},\"potentialAction\":[{\"@type\":\"SearchAction\",\"target\":{\"@type\":\"EntryPoint\",\"urlTemplate\":\"https:\\\/\\\/keys-for-auto.eu\\\/et\\\/?s={search_term_string}\"},\"query-input\":{\"@type\":\"PropertyValueSpecification\",\"valueRequired\":true,\"valueName\":\"search_term_string\"}}],\"inLanguage\":\"et\"},{\"@type\":\"Organization\",\"@id\":\"https:\\\/\\\/keys-for-auto.eu\\\/et\\\/#organization\",\"name\":\"Auto v\u00f5tmed\",\"url\":\"https:\\\/\\\/keys-for-auto.eu\\\/et\\\/\",\"logo\":{\"@type\":\"ImageObject\",\"inLanguage\":\"et\",\"@id\":\"https:\\\/\\\/keys-for-auto.eu\\\/et\\\/#\\\/schema\\\/logo\\\/image\\\/\",\"url\":\"https:\\\/\\\/keys-for-auto.eu\\\/wp-content\\\/uploads\\\/2022\\\/11\\\/cropped-png1.png\",\"contentUrl\":\"https:\\\/\\\/keys-for-auto.eu\\\/wp-content\\\/uploads\\\/2022\\\/11\\\/cropped-png1.png\",\"width\":1000,\"height\":342,\"caption\":\"Auto v\u00f5tmed\"},\"image\":{\"@id\":\"https:\\\/\\\/keys-for-auto.eu\\\/et\\\/#\\\/schema\\\/logo\\\/image\\\/\"},\"sameAs\":[\"https:\\\/\\\/www.facebook.com\\\/KeysForAutoEU\"]}]}<\/script>\n<!-- \/ Yoast SEO plugin. -->","yoast_head_json":{"title":"Juhtmeta laadimisega telefonihoidja autos - Keys for auto%","robots":{"index":"index","follow":"follow","max-snippet":"max-snippet:-1","max-image-preview":"max-image-preview:large","max-video-preview":"max-video-preview:-1"},"canonical":"https:\/\/keys-for-auto.eu\/et\/product\/auto-telefonihoidja-koos-juhtmeta-laadimisega\/","og_locale":"et_EE","og_type":"article","og_title":"Juhtmeta laadimisega telefonihoidja autos - Keys for auto%","og_description":"Autov\u00f5tmete tootmine  Uute autov\u00f5tmete valmistamine, v\u00f5tmete programmeerimine (\"sidumine\" autoga)  Varem kaotatud v\u00f5tmete kustutamine auto m\u00e4lust  S\u00fc\u00fctev\u00f5tme tootmine vastavalt lukule  Autov\u00f5tmete remont (nuppude, kestade, mehhanismide vahetus)  Autode avamine h\u00e4daolukorras  V\u00f5tmete, v\u00f5tmekastide kaubandus  DPF \/ FAP tarkvara v\u00e4ljal\u00fclitamine  Programmiline EGR eemaldamine  Kasutust\u00f5kise tarkvara deaktiveerimine (immo Off)  Mootori kontrollploki (ECU) remont, kloonimine, programmeerimine  SRS (turvapadja juhtseadme programmeerimine)  kaubad saadetakse 3 t\u00f6\u00f6p\u00e4eva jooksul.* Tugev, stabiilne, kaasaegne autotelefoni hoidik koos juhtmevaba laadimisega. Lihtsalt asetage telefon hoidikusse ja laadimine algab automaatselt. Selle hoidja abil on v\u00e4ga mugav kasutada telefoni navigatsiooniseadmena ja ei pea muretsema, et aku saab t\u00fchjaks. Spetsifikatsioonid: Toote v\u00e4rvus: Must Toote kaal: umbes 128g Materjal: plastik, kummi Sisendpinge: 9V\/1.67A V\u00e4ljundpinge: 15W, 10W, 7,5W 5W (automaatne \u00e4ratundmine) Laadimiskaugus: 0-8mm Toote m\u00f5\u00f5tmed: 12.9mm x 64mm","og_url":"https:\/\/keys-for-auto.eu\/et\/product\/auto-telefonihoidja-koos-juhtmeta-laadimisega\/","og_site_name":"Keys for auto","article_publisher":"https:\/\/www.facebook.com\/KeysForAutoEU","twitter_card":"summary_large_image","schema":{"@context":"https:\/\/schema.org","@graph":[{"@type":["WebPage","ItemPage"],"@id":"https:\/\/keys-for-auto.eu\/et\/product\/auto-telefonihoidja-koos-juhtmeta-laadimisega\/","url":"https:\/\/keys-for-auto.eu\/et\/product\/auto-telefonihoidja-koos-juhtmeta-laadimisega\/","name":"Juhtmeta laadimisega telefonihoidja autos - Keys for auto%","isPartOf":{"@id":"https:\/\/keys-for-auto.eu\/et\/#website"},"primaryImageOfPage":{"@id":"https:\/\/keys-for-auto.eu\/et\/product\/auto-telefonihoidja-koos-juhtmeta-laadimisega\/#primaryimage"},"image":{"@id":"https:\/\/keys-for-auto.eu\/et\/product\/auto-telefonihoidja-koos-juhtmeta-laadimisega\/#primaryimage"},"thumbnailUrl":"","datePublished":"2022-02-23T17:38:25+00:00","breadcrumb":{"@id":"https:\/\/keys-for-auto.eu\/et\/product\/auto-telefonihoidja-koos-juhtmeta-laadimisega\/#breadcrumb"},"inLanguage":"et","potentialAction":[{"@type":"ReadAction","target":["https:\/\/keys-for-auto.eu\/et\/product\/auto-telefonihoidja-koos-juhtmeta-laadimisega\/"]}]},{"@type":"ImageObject","inLanguage":"et","@id":"https:\/\/keys-for-auto.eu\/et\/product\/auto-telefonihoidja-koos-juhtmeta-laadimisega\/#primaryimage","url":"","contentUrl":"","caption":"Juhtmeta laadimisega telefonihoidja autos"},{"@type":"BreadcrumbList","@id":"https:\/\/keys-for-auto.eu\/et\/product\/auto-telefonihoidja-koos-juhtmeta-laadimisega\/#breadcrumb","itemListElement":[{"@type":"ListItem","position":1,"name":"Kodu","item":"https:\/\/keys-for-auto.eu\/et\/"},{"@type":"ListItem","position":2,"name":"Shop","item":"https:\/\/keys-for-auto.eu\/"},{"@type":"ListItem","position":3,"name":"Juhtmeta laadimisega telefonihoidja autos"}]},{"@type":"WebSite","@id":"https:\/\/keys-for-auto.eu\/et\/#website","url":"https:\/\/keys-for-auto.eu\/et\/","name":"Keys for auto","description":"Car keys,  key shells, key programming","publisher":{"@id":"https:\/\/keys-for-auto.eu\/et\/#organization"},"potentialAction":[{"@type":"SearchAction","target":{"@type":"EntryPoint","urlTemplate":"https:\/\/keys-for-auto.eu\/et\/?s={search_term_string}"},"query-input":{"@type":"PropertyValueSpecification","valueRequired":true,"valueName":"search_term_string"}}],"inLanguage":"et"},{"@type":"Organization","@id":"https:\/\/keys-for-auto.eu\/et\/#organization","name":"Auto v\u00f5tmed","url":"https:\/\/keys-for-auto.eu\/et\/","logo":{"@type":"ImageObject","inLanguage":"et","@id":"https:\/\/keys-for-auto.eu\/et\/#\/schema\/logo\/image\/","url":"https:\/\/keys-for-auto.eu\/wp-content\/uploads\/2022\/11\/cropped-png1.png","contentUrl":"https:\/\/keys-for-auto.eu\/wp-content\/uploads\/2022\/11\/cropped-png1.png","width":1000,"height":342,"caption":"Auto v\u00f5tmed"},"image":{"@id":"https:\/\/keys-for-auto.eu\/et\/#\/schema\/logo\/image\/"},"sameAs":["https:\/\/www.facebook.com\/KeysForAutoEU"]}]}},"_links":{"self":[{"href":"https:\/\/keys-for-auto.eu\/et\/wp-json\/wp\/v2\/product\/20383","targetHints":{"allow":["GET"]}}],"collection":[{"href":"https:\/\/keys-for-auto.eu\/et\/wp-json\/wp\/v2\/product"}],"about":[{"href":"https:\/\/keys-for-auto.eu\/et\/wp-json\/wp\/v2\/types\/product"}],"replies":[{"embeddable":true,"href":"https:\/\/keys-for-auto.eu\/et\/wp-json\/wp\/v2\/comments?post=20383"}],"wp:featuredmedia":[{"embeddable":true,"href":"https:\/\/keys-for-auto.eu\/et\/wp-json\/wp\/v2\/media\/17110"}],"wp:attachment":[{"href":"https:\/\/keys-for-auto.eu\/et\/wp-json\/wp\/v2\/media?parent=20383"}],"wp:term":[{"taxonomy":"product_brand","embeddable":true,"href":"https:\/\/keys-for-auto.eu\/et\/wp-json\/wp\/v2\/product_brand?post=20383"},{"taxonomy":"product_cat","embeddable":true,"href":"https:\/\/keys-for-auto.eu\/et\/wp-json\/wp\/v2\/product_cat?post=20383"},{"taxonomy":"product_tag","embeddable":true,"href":"https:\/\/keys-for-auto.eu\/et\/wp-json\/wp\/v2\/product_tag?post=20383"}],"curies":[{"name":"wp","href":"https:\/\/api.w.org\/{rel}","templated":true}]}}