{"id":20364,"date":"2020-06-15T16:01:58","date_gmt":"2020-06-15T16:01:58","guid":{"rendered":"https:\/\/keys-for-auto.eu\/product\/voti-sobib-buick-envisionile-buick-encoreile\/"},"modified":"2020-06-15T16:01:58","modified_gmt":"2020-06-15T16:01:58","slug":"key-suitable-for-buick-envision-buick-encore","status":"publish","type":"product","link":"https:\/\/keys-for-auto.eu\/et\/product\/key-suitable-for-buick-envision-buick-encore\/","title":{"rendered":"V\u00f5ti &#8211; sobib Buick Envisionile | Buick Encore&#8217;ile"},"content":{"rendered":"<p>V\u00f5ti &#8211; sobib Buick Envisionile | Buick Encore&#8217;ile<\/p>\n","protected":false},"excerpt":{"rendered":"<p>FCC ID HYQ1AA FCC ID HYo1AA HYQ1AA HYQiAA HYQiAA HYQiAA fccid HYoiAA<br \/>\nOsa#<\/p>\n<p>13584500 13506665B 13506665B 13584500 E 13508406A 13508406A 13508406E 13584500E 1551A-4AA 1551A4AA DENSO 14HQYAA<br \/>\nEdasim\u00fc\u00fcja osa #<br \/>\nNupud 6: lukustus, avamine, autostarter, luugi klaasi avamine, tagaluugi pagasiruumi avamine, paanika<br \/>\nSagedus 433 MHz<br \/>\nPatarei t\u00fc\u00fcp 1: CR2032<\/p>\n<h3><strong>Autov\u00f5tmete tootmine<\/strong><\/h3>\n<ul>\n<li><strong>Uute autov\u00f5tmete valmistamine, v\u00f5tmete programmeerimine (&#8220;sidumine&#8221; autoga)<\/strong><\/li>\n<li><strong>Varem kaotatud v\u00f5tmete kustutamine auto m\u00e4lust<\/strong><\/li>\n<li><strong>S\u00fc\u00fctev\u00f5tme tootmine vastavalt lukule<\/strong><\/li>\n<li><strong>Autov\u00f5tmete remont (nuppude, kestade, mehhanismide vahetus)<\/strong><\/li>\n<li><strong>Autode avamine h\u00e4daolukorras<\/strong><\/li>\n<li><strong>V\u00f5tmete, v\u00f5tmekastide kaubandus<\/strong><\/li>\n<li><strong>DPF \/ FAP tarkvara v\u00e4ljal\u00fclitamine<\/strong><\/li>\n<li><strong>Programmiline EGR eemaldamine<\/strong><\/li>\n<li><strong>Kasutust\u00f5kise tarkvara deaktiveerimine (immo Off)<\/strong><\/li>\n<li><strong>Mootori kontrollploki (ECU) remont, kloonimine, programmeerimine<\/strong><\/li>\n<li><strong>SRS (turvapadja juhtseadme programmeerimine)<\/strong><\/li>\n<\/ul>\n<h4><strong>kaubad saadetakse 3 t\u00f6\u00f6p\u00e4eva jooksul.*<\/strong><\/h4>\n","protected":false},"featured_media":17756,"comment_status":"open","ping_status":"closed","template":"","meta":[],"product_brand":[],"product_cat":[3513,3527],"product_tag":[],"class_list":{"0":"post-20364","1":"product","2":"type-product","3":"status-publish","4":"has-post-thumbnail","6":"product_cat-buick-et","7":"product_cat-kaugjuhtimispuldi-votmed","9":"first","10":"instock","11":"shipping-taxable","12":"purchasable","13":"product-type-simple"},"yoast_head":"<!-- This site is optimized with the Yoast SEO plugin v27.3 - https:\/\/yoast.com\/product\/yoast-seo-wordpress\/ -->\n<title>V\u00f5ti - sobib Buick Envisionile | Buick Encore&#039;ile - Keys for auto%<\/title>\n<meta name=\"robots\" content=\"index, follow, max-snippet:-1, max-image-preview:large, max-video-preview:-1\" \/>\n<link rel=\"canonical\" href=\"https:\/\/keys-for-auto.eu\/et\/product\/key-suitable-for-buick-envision-buick-encore\/\" \/>\n<meta property=\"og:locale\" content=\"et_EE\" \/>\n<meta property=\"og:type\" content=\"article\" \/>\n<meta property=\"og:title\" content=\"V\u00f5ti - sobib Buick Envisionile | Buick Encore&#039;ile - Keys for auto%\" \/>\n<meta property=\"og:description\" content=\"FCC ID HYQ1AA FCC ID HYo1AA HYQ1AA HYQiAA HYQiAA HYQiAA fccid HYoiAA Osa# 13584500 13506665B 13506665B 13584500 E 13508406A 13508406A 13508406E 13584500E 1551A-4AA 1551A4AA DENSO 14HQYAA Edasim\u00fc\u00fcja osa # Nupud 6: lukustus, avamine, autostarter, luugi klaasi avamine, tagaluugi pagasiruumi avamine, paanika Sagedus 433 MHz Patarei t\u00fc\u00fcp 1: CR2032 Autov\u00f5tmete tootmine  Uute autov\u00f5tmete valmistamine, v\u00f5tmete programmeerimine (&quot;sidumine&quot; autoga)  Varem kaotatud v\u00f5tmete kustutamine auto m\u00e4lust  S\u00fc\u00fctev\u00f5tme tootmine vastavalt lukule  Autov\u00f5tmete remont (nuppude, kestade, mehhanismide vahetus)  Autode avamine h\u00e4daolukorras  V\u00f5tmete, v\u00f5tmekastide kaubandus  DPF \/ FAP tarkvara v\u00e4ljal\u00fclitamine  Programmiline EGR eemaldamine  Kasutust\u00f5kise tarkvara deaktiveerimine (immo Off)  Mootori kontrollploki (ECU) remont, kloonimine, programmeerimine  SRS (turvapadja juhtseadme programmeerimine) kaubad saadetakse 3 t\u00f6\u00f6p\u00e4eva jooksul.*\" \/>\n<meta property=\"og:url\" content=\"https:\/\/keys-for-auto.eu\/et\/product\/key-suitable-for-buick-envision-buick-encore\/\" \/>\n<meta property=\"og:site_name\" content=\"Keys for auto\" \/>\n<meta property=\"article:publisher\" content=\"https:\/\/www.facebook.com\/KeysForAutoEU\" \/>\n<meta name=\"twitter:card\" content=\"summary_large_image\" \/>\n<script type=\"application\/ld+json\" class=\"yoast-schema-graph\">{\"@context\":\"https:\\\/\\\/schema.org\",\"@graph\":[{\"@type\":[\"WebPage\",\"ItemPage\"],\"@id\":\"https:\\\/\\\/keys-for-auto.eu\\\/et\\\/product\\\/key-suitable-for-buick-envision-buick-encore\\\/\",\"url\":\"https:\\\/\\\/keys-for-auto.eu\\\/et\\\/product\\\/key-suitable-for-buick-envision-buick-encore\\\/\",\"name\":\"V\u00f5ti - sobib Buick Envisionile | Buick Encore'ile - Keys for auto%\",\"isPartOf\":{\"@id\":\"https:\\\/\\\/keys-for-auto.eu\\\/et\\\/#website\"},\"primaryImageOfPage\":{\"@id\":\"https:\\\/\\\/keys-for-auto.eu\\\/et\\\/product\\\/key-suitable-for-buick-envision-buick-encore\\\/#primaryimage\"},\"image\":{\"@id\":\"https:\\\/\\\/keys-for-auto.eu\\\/et\\\/product\\\/key-suitable-for-buick-envision-buick-encore\\\/#primaryimage\"},\"thumbnailUrl\":\"\",\"datePublished\":\"2020-06-15T16:01:58+00:00\",\"breadcrumb\":{\"@id\":\"https:\\\/\\\/keys-for-auto.eu\\\/et\\\/product\\\/key-suitable-for-buick-envision-buick-encore\\\/#breadcrumb\"},\"inLanguage\":\"et\",\"potentialAction\":[{\"@type\":\"ReadAction\",\"target\":[\"https:\\\/\\\/keys-for-auto.eu\\\/et\\\/product\\\/key-suitable-for-buick-envision-buick-encore\\\/\"]}]},{\"@type\":\"ImageObject\",\"inLanguage\":\"et\",\"@id\":\"https:\\\/\\\/keys-for-auto.eu\\\/et\\\/product\\\/key-suitable-for-buick-envision-buick-encore\\\/#primaryimage\",\"url\":\"\",\"contentUrl\":\"\",\"caption\":\"V\u00f5ti - sobib Buick Envisionile | Buick Encore'ile\"},{\"@type\":\"BreadcrumbList\",\"@id\":\"https:\\\/\\\/keys-for-auto.eu\\\/et\\\/product\\\/key-suitable-for-buick-envision-buick-encore\\\/#breadcrumb\",\"itemListElement\":[{\"@type\":\"ListItem\",\"position\":1,\"name\":\"Kodu\",\"item\":\"https:\\\/\\\/keys-for-auto.eu\\\/et\\\/\"},{\"@type\":\"ListItem\",\"position\":2,\"name\":\"Shop\",\"item\":\"https:\\\/\\\/keys-for-auto.eu\\\/\"},{\"@type\":\"ListItem\",\"position\":3,\"name\":\"V\u00f5ti &#8211; sobib Buick Envisionile | Buick Encore&#8217;ile\"}]},{\"@type\":\"WebSite\",\"@id\":\"https:\\\/\\\/keys-for-auto.eu\\\/et\\\/#website\",\"url\":\"https:\\\/\\\/keys-for-auto.eu\\\/et\\\/\",\"name\":\"Keys for auto\",\"description\":\"Car keys,  key shells, key programming\",\"publisher\":{\"@id\":\"https:\\\/\\\/keys-for-auto.eu\\\/et\\\/#organization\"},\"potentialAction\":[{\"@type\":\"SearchAction\",\"target\":{\"@type\":\"EntryPoint\",\"urlTemplate\":\"https:\\\/\\\/keys-for-auto.eu\\\/et\\\/?s={search_term_string}\"},\"query-input\":{\"@type\":\"PropertyValueSpecification\",\"valueRequired\":true,\"valueName\":\"search_term_string\"}}],\"inLanguage\":\"et\"},{\"@type\":\"Organization\",\"@id\":\"https:\\\/\\\/keys-for-auto.eu\\\/et\\\/#organization\",\"name\":\"Auto v\u00f5tmed\",\"url\":\"https:\\\/\\\/keys-for-auto.eu\\\/et\\\/\",\"logo\":{\"@type\":\"ImageObject\",\"inLanguage\":\"et\",\"@id\":\"https:\\\/\\\/keys-for-auto.eu\\\/et\\\/#\\\/schema\\\/logo\\\/image\\\/\",\"url\":\"https:\\\/\\\/keys-for-auto.eu\\\/wp-content\\\/uploads\\\/2022\\\/11\\\/cropped-png1.png\",\"contentUrl\":\"https:\\\/\\\/keys-for-auto.eu\\\/wp-content\\\/uploads\\\/2022\\\/11\\\/cropped-png1.png\",\"width\":1000,\"height\":342,\"caption\":\"Auto v\u00f5tmed\"},\"image\":{\"@id\":\"https:\\\/\\\/keys-for-auto.eu\\\/et\\\/#\\\/schema\\\/logo\\\/image\\\/\"},\"sameAs\":[\"https:\\\/\\\/www.facebook.com\\\/KeysForAutoEU\"]}]}<\/script>\n<!-- \/ Yoast SEO plugin. -->","yoast_head_json":{"title":"V\u00f5ti - sobib Buick Envisionile | Buick Encore'ile - Keys for auto%","robots":{"index":"index","follow":"follow","max-snippet":"max-snippet:-1","max-image-preview":"max-image-preview:large","max-video-preview":"max-video-preview:-1"},"canonical":"https:\/\/keys-for-auto.eu\/et\/product\/key-suitable-for-buick-envision-buick-encore\/","og_locale":"et_EE","og_type":"article","og_title":"V\u00f5ti - sobib Buick Envisionile | Buick Encore'ile - Keys for auto%","og_description":"FCC ID HYQ1AA FCC ID HYo1AA HYQ1AA HYQiAA HYQiAA HYQiAA fccid HYoiAA Osa# 13584500 13506665B 13506665B 13584500 E 13508406A 13508406A 13508406E 13584500E 1551A-4AA 1551A4AA DENSO 14HQYAA Edasim\u00fc\u00fcja osa # Nupud 6: lukustus, avamine, autostarter, luugi klaasi avamine, tagaluugi pagasiruumi avamine, paanika Sagedus 433 MHz Patarei t\u00fc\u00fcp 1: CR2032 Autov\u00f5tmete tootmine  Uute autov\u00f5tmete valmistamine, v\u00f5tmete programmeerimine (\"sidumine\" autoga)  Varem kaotatud v\u00f5tmete kustutamine auto m\u00e4lust  S\u00fc\u00fctev\u00f5tme tootmine vastavalt lukule  Autov\u00f5tmete remont (nuppude, kestade, mehhanismide vahetus)  Autode avamine h\u00e4daolukorras  V\u00f5tmete, v\u00f5tmekastide kaubandus  DPF \/ FAP tarkvara v\u00e4ljal\u00fclitamine  Programmiline EGR eemaldamine  Kasutust\u00f5kise tarkvara deaktiveerimine (immo Off)  Mootori kontrollploki (ECU) remont, kloonimine, programmeerimine  SRS (turvapadja juhtseadme programmeerimine) kaubad saadetakse 3 t\u00f6\u00f6p\u00e4eva jooksul.*","og_url":"https:\/\/keys-for-auto.eu\/et\/product\/key-suitable-for-buick-envision-buick-encore\/","og_site_name":"Keys for auto","article_publisher":"https:\/\/www.facebook.com\/KeysForAutoEU","twitter_card":"summary_large_image","schema":{"@context":"https:\/\/schema.org","@graph":[{"@type":["WebPage","ItemPage"],"@id":"https:\/\/keys-for-auto.eu\/et\/product\/key-suitable-for-buick-envision-buick-encore\/","url":"https:\/\/keys-for-auto.eu\/et\/product\/key-suitable-for-buick-envision-buick-encore\/","name":"V\u00f5ti - sobib Buick Envisionile | Buick Encore'ile - Keys for auto%","isPartOf":{"@id":"https:\/\/keys-for-auto.eu\/et\/#website"},"primaryImageOfPage":{"@id":"https:\/\/keys-for-auto.eu\/et\/product\/key-suitable-for-buick-envision-buick-encore\/#primaryimage"},"image":{"@id":"https:\/\/keys-for-auto.eu\/et\/product\/key-suitable-for-buick-envision-buick-encore\/#primaryimage"},"thumbnailUrl":"","datePublished":"2020-06-15T16:01:58+00:00","breadcrumb":{"@id":"https:\/\/keys-for-auto.eu\/et\/product\/key-suitable-for-buick-envision-buick-encore\/#breadcrumb"},"inLanguage":"et","potentialAction":[{"@type":"ReadAction","target":["https:\/\/keys-for-auto.eu\/et\/product\/key-suitable-for-buick-envision-buick-encore\/"]}]},{"@type":"ImageObject","inLanguage":"et","@id":"https:\/\/keys-for-auto.eu\/et\/product\/key-suitable-for-buick-envision-buick-encore\/#primaryimage","url":"","contentUrl":"","caption":"V\u00f5ti - sobib Buick Envisionile | Buick Encore'ile"},{"@type":"BreadcrumbList","@id":"https:\/\/keys-for-auto.eu\/et\/product\/key-suitable-for-buick-envision-buick-encore\/#breadcrumb","itemListElement":[{"@type":"ListItem","position":1,"name":"Kodu","item":"https:\/\/keys-for-auto.eu\/et\/"},{"@type":"ListItem","position":2,"name":"Shop","item":"https:\/\/keys-for-auto.eu\/"},{"@type":"ListItem","position":3,"name":"V\u00f5ti &#8211; sobib Buick Envisionile | Buick Encore&#8217;ile"}]},{"@type":"WebSite","@id":"https:\/\/keys-for-auto.eu\/et\/#website","url":"https:\/\/keys-for-auto.eu\/et\/","name":"Keys for auto","description":"Car keys,  key shells, key programming","publisher":{"@id":"https:\/\/keys-for-auto.eu\/et\/#organization"},"potentialAction":[{"@type":"SearchAction","target":{"@type":"EntryPoint","urlTemplate":"https:\/\/keys-for-auto.eu\/et\/?s={search_term_string}"},"query-input":{"@type":"PropertyValueSpecification","valueRequired":true,"valueName":"search_term_string"}}],"inLanguage":"et"},{"@type":"Organization","@id":"https:\/\/keys-for-auto.eu\/et\/#organization","name":"Auto v\u00f5tmed","url":"https:\/\/keys-for-auto.eu\/et\/","logo":{"@type":"ImageObject","inLanguage":"et","@id":"https:\/\/keys-for-auto.eu\/et\/#\/schema\/logo\/image\/","url":"https:\/\/keys-for-auto.eu\/wp-content\/uploads\/2022\/11\/cropped-png1.png","contentUrl":"https:\/\/keys-for-auto.eu\/wp-content\/uploads\/2022\/11\/cropped-png1.png","width":1000,"height":342,"caption":"Auto v\u00f5tmed"},"image":{"@id":"https:\/\/keys-for-auto.eu\/et\/#\/schema\/logo\/image\/"},"sameAs":["https:\/\/www.facebook.com\/KeysForAutoEU"]}]}},"_links":{"self":[{"href":"https:\/\/keys-for-auto.eu\/et\/wp-json\/wp\/v2\/product\/20364","targetHints":{"allow":["GET"]}}],"collection":[{"href":"https:\/\/keys-for-auto.eu\/et\/wp-json\/wp\/v2\/product"}],"about":[{"href":"https:\/\/keys-for-auto.eu\/et\/wp-json\/wp\/v2\/types\/product"}],"replies":[{"embeddable":true,"href":"https:\/\/keys-for-auto.eu\/et\/wp-json\/wp\/v2\/comments?post=20364"}],"wp:featuredmedia":[{"embeddable":true,"href":"https:\/\/keys-for-auto.eu\/et\/wp-json\/wp\/v2\/media\/17756"}],"wp:attachment":[{"href":"https:\/\/keys-for-auto.eu\/et\/wp-json\/wp\/v2\/media?parent=20364"}],"wp:term":[{"taxonomy":"product_brand","embeddable":true,"href":"https:\/\/keys-for-auto.eu\/et\/wp-json\/wp\/v2\/product_brand?post=20364"},{"taxonomy":"product_cat","embeddable":true,"href":"https:\/\/keys-for-auto.eu\/et\/wp-json\/wp\/v2\/product_cat?post=20364"},{"taxonomy":"product_tag","embeddable":true,"href":"https:\/\/keys-for-auto.eu\/et\/wp-json\/wp\/v2\/product_tag?post=20364"}],"curies":[{"name":"wp","href":"https:\/\/api.w.org\/{rel}","templated":true}]}}