{"id":20355,"date":"2021-09-18T22:27:48","date_gmt":"2021-09-18T22:27:48","guid":{"rendered":"https:\/\/keys-for-auto.eu\/product\/votmekest-sobib-audi-a2-a3-a4-a6-a8-kolm-nuppu\/"},"modified":"2021-09-18T22:27:48","modified_gmt":"2021-09-18T22:27:48","slug":"key-shell-suitable-for-audi-a2-a3-a4-a6-a8-three-buttons","status":"publish","type":"product","link":"https:\/\/keys-for-auto.eu\/et\/product\/key-shell-suitable-for-audi-a2-a3-a4-a6-a8-three-buttons\/","title":{"rendered":"V\u00f5tmekest &#8211; sobib Audi A2 | A3 | A4 | A6 | A8, kolm nuppu"},"content":{"rendered":"<p>V\u00f5tmekest &#8211; sobib Audi A2 | A3 | A4 | A6 | A8, kolm nuppu<\/p>\n","protected":false},"excerpt":{"rendered":"<p>V\u00f5tmekest sobib Audi A2 | A3 | A4 | A6 | A8, kolm nuppu<\/p>\n<p>V\u00f5tmekest &#8211; sobib Audi jaoks, kolm nuppu<\/p>\n<p><em><strong>Sobib j\u00e4rgmistele mudelitele:<\/strong><\/em><\/p>\n<p><em><strong>Audi A2<\/strong><\/em><br \/>\n<em><strong>Audi A3<\/strong><\/em><br \/>\n<em><strong>Audi A4<\/strong><\/em><br \/>\n<em><strong>Audi A3  <\/strong><\/em><br \/>\n<em><strong>Audi A6<\/strong><\/em><br \/>\n<em><strong>Audi A8<\/strong><\/em><\/p>\n<h3><strong>Autov\u00f5tmete tootmine<\/strong><\/h3>\n<ul>\n<li><strong>Uute autov\u00f5tmete valmistamine, v\u00f5tmete programmeerimine (&#8220;sidumine&#8221; autoga)<\/strong><\/li>\n<li><strong>Varem kaotatud v\u00f5tmete kustutamine auto m\u00e4lust<\/strong><\/li>\n<li><strong>S\u00fc\u00fctev\u00f5tme tootmine vastavalt lukule<\/strong><\/li>\n<li><strong>Autov\u00f5tmete remont (nuppude, kestade, mehhanismide vahetus)<\/strong><\/li>\n<li><strong>Autode avamine h\u00e4daolukorras<\/strong><\/li>\n<li><strong>V\u00f5tmete, v\u00f5tmekastide kaubandus<\/strong><\/li>\n<li><strong>DPF \/ FAP tarkvara v\u00e4ljal\u00fclitamine<\/strong><\/li>\n<li><strong>Programmiline EGR eemaldamine<\/strong><\/li>\n<li><strong>Kasutust\u00f5kise tarkvara deaktiveerimine (immo Off)<\/strong><\/li>\n<li><strong>Mootori kontrollploki (ECU) remont, kloonimine, programmeerimine<\/strong><\/li>\n<li><strong>SRS (turvapadja juhtseadme programmeerimine)<\/strong><\/li>\n<\/ul>\n<h4><strong>  kaubad saadetakse 3 t\u00f6\u00f6p\u00e4eva jooksul.*<\/strong><\/h4>\n<p>&nbsp;<\/p>\n<p>&nbsp;<\/p>\n<p>&nbsp;<\/p>\n","protected":false},"featured_media":17510,"comment_status":"open","ping_status":"closed","template":"","meta":[],"product_brand":[],"product_cat":[3480,3459],"product_tag":[4050,3482,3485,3486,3489,3493],"class_list":{"0":"post-20355","1":"product","2":"type-product","3":"status-publish","4":"has-post-thumbnail","6":"product_cat-audi-et","7":"product_cat-votmekoored","8":"product_tag-audi-a2-votmekoorik","9":"product_tag-audi-a3-votmekoorik","10":"product_tag-audi-a4-votme-kest","11":"product_tag-audi-a6-votmekoorik","12":"product_tag-audi-a8-votmekoorik","13":"product_tag-audi-votme-kest","15":"first","16":"instock","17":"sale","18":"shipping-taxable","19":"purchasable","20":"product-type-simple"},"yoast_head":"<!-- This site is optimized with the Yoast SEO plugin v27.3 - https:\/\/yoast.com\/product\/yoast-seo-wordpress\/ -->\n<title>V\u00f5tmekest - sobib Audi A2 | A3 | A4 | A6 | A8, kolm nuppu - Keys for auto%<\/title>\n<meta name=\"robots\" content=\"index, follow, max-snippet:-1, max-image-preview:large, max-video-preview:-1\" \/>\n<link rel=\"canonical\" href=\"https:\/\/keys-for-auto.eu\/et\/product\/key-shell-suitable-for-audi-a2-a3-a4-a6-a8-three-buttons\/\" \/>\n<meta property=\"og:locale\" content=\"et_EE\" \/>\n<meta property=\"og:type\" content=\"article\" \/>\n<meta property=\"og:title\" content=\"V\u00f5tmekest - sobib Audi A2 | A3 | A4 | A6 | A8, kolm nuppu - Keys for auto%\" \/>\n<meta property=\"og:description\" content=\"V\u00f5tmekest sobib Audi A2 | A3 | A4 | A6 | A8, kolm nuppu V\u00f5tmekest - sobib Audi jaoks, kolm nuppu Sobib j\u00e4rgmistele mudelitele: Audi A2 Audi A3 Audi A4 Audi A3  Audi A6 Audi A8 Autov\u00f5tmete tootmine  Uute autov\u00f5tmete valmistamine, v\u00f5tmete programmeerimine (&quot;sidumine&quot; autoga)  Varem kaotatud v\u00f5tmete kustutamine auto m\u00e4lust  S\u00fc\u00fctev\u00f5tme tootmine vastavalt lukule  Autov\u00f5tmete remont (nuppude, kestade, mehhanismide vahetus)  Autode avamine h\u00e4daolukorras  V\u00f5tmete, v\u00f5tmekastide kaubandus  DPF \/ FAP tarkvara v\u00e4ljal\u00fclitamine  Programmiline EGR eemaldamine  Kasutust\u00f5kise tarkvara deaktiveerimine (immo Off)  Mootori kontrollploki (ECU) remont, kloonimine, programmeerimine  SRS (turvapadja juhtseadme programmeerimine)  kaubad saadetakse 3 t\u00f6\u00f6p\u00e4eva jooksul.* &nbsp; &nbsp; &nbsp;\" \/>\n<meta property=\"og:url\" content=\"https:\/\/keys-for-auto.eu\/et\/product\/key-shell-suitable-for-audi-a2-a3-a4-a6-a8-three-buttons\/\" \/>\n<meta property=\"og:site_name\" content=\"Keys for auto\" \/>\n<meta property=\"article:publisher\" content=\"https:\/\/www.facebook.com\/KeysForAutoEU\" \/>\n<meta name=\"twitter:card\" content=\"summary_large_image\" \/>\n<script type=\"application\/ld+json\" class=\"yoast-schema-graph\">{\"@context\":\"https:\\\/\\\/schema.org\",\"@graph\":[{\"@type\":[\"WebPage\",\"ItemPage\"],\"@id\":\"https:\\\/\\\/keys-for-auto.eu\\\/et\\\/product\\\/key-shell-suitable-for-audi-a2-a3-a4-a6-a8-three-buttons\\\/\",\"url\":\"https:\\\/\\\/keys-for-auto.eu\\\/et\\\/product\\\/key-shell-suitable-for-audi-a2-a3-a4-a6-a8-three-buttons\\\/\",\"name\":\"V\u00f5tmekest - sobib Audi A2 | A3 | A4 | A6 | A8, kolm nuppu - Keys for auto%\",\"isPartOf\":{\"@id\":\"https:\\\/\\\/keys-for-auto.eu\\\/et\\\/#website\"},\"primaryImageOfPage\":{\"@id\":\"https:\\\/\\\/keys-for-auto.eu\\\/et\\\/product\\\/key-shell-suitable-for-audi-a2-a3-a4-a6-a8-three-buttons\\\/#primaryimage\"},\"image\":{\"@id\":\"https:\\\/\\\/keys-for-auto.eu\\\/et\\\/product\\\/key-shell-suitable-for-audi-a2-a3-a4-a6-a8-three-buttons\\\/#primaryimage\"},\"thumbnailUrl\":\"\",\"datePublished\":\"2021-09-18T22:27:48+00:00\",\"breadcrumb\":{\"@id\":\"https:\\\/\\\/keys-for-auto.eu\\\/et\\\/product\\\/key-shell-suitable-for-audi-a2-a3-a4-a6-a8-three-buttons\\\/#breadcrumb\"},\"inLanguage\":\"et\",\"potentialAction\":[{\"@type\":\"ReadAction\",\"target\":[\"https:\\\/\\\/keys-for-auto.eu\\\/et\\\/product\\\/key-shell-suitable-for-audi-a2-a3-a4-a6-a8-three-buttons\\\/\"]}]},{\"@type\":\"ImageObject\",\"inLanguage\":\"et\",\"@id\":\"https:\\\/\\\/keys-for-auto.eu\\\/et\\\/product\\\/key-shell-suitable-for-audi-a2-a3-a4-a6-a8-three-buttons\\\/#primaryimage\",\"url\":\"\",\"contentUrl\":\"\",\"caption\":\"V\u00f5tmekest - sobib Audi A2 | A3 | A4 | A6 | A8, kolm nuppu\"},{\"@type\":\"BreadcrumbList\",\"@id\":\"https:\\\/\\\/keys-for-auto.eu\\\/et\\\/product\\\/key-shell-suitable-for-audi-a2-a3-a4-a6-a8-three-buttons\\\/#breadcrumb\",\"itemListElement\":[{\"@type\":\"ListItem\",\"position\":1,\"name\":\"Kodu\",\"item\":\"https:\\\/\\\/keys-for-auto.eu\\\/et\\\/\"},{\"@type\":\"ListItem\",\"position\":2,\"name\":\"Shop\",\"item\":\"https:\\\/\\\/keys-for-auto.eu\\\/\"},{\"@type\":\"ListItem\",\"position\":3,\"name\":\"V\u00f5tmekest &#8211; sobib Audi A2 | A3 | A4 | A6 | A8, kolm nuppu\"}]},{\"@type\":\"WebSite\",\"@id\":\"https:\\\/\\\/keys-for-auto.eu\\\/et\\\/#website\",\"url\":\"https:\\\/\\\/keys-for-auto.eu\\\/et\\\/\",\"name\":\"Keys for auto\",\"description\":\"Car keys,  key shells, key programming\",\"publisher\":{\"@id\":\"https:\\\/\\\/keys-for-auto.eu\\\/et\\\/#organization\"},\"potentialAction\":[{\"@type\":\"SearchAction\",\"target\":{\"@type\":\"EntryPoint\",\"urlTemplate\":\"https:\\\/\\\/keys-for-auto.eu\\\/et\\\/?s={search_term_string}\"},\"query-input\":{\"@type\":\"PropertyValueSpecification\",\"valueRequired\":true,\"valueName\":\"search_term_string\"}}],\"inLanguage\":\"et\"},{\"@type\":\"Organization\",\"@id\":\"https:\\\/\\\/keys-for-auto.eu\\\/et\\\/#organization\",\"name\":\"Auto v\u00f5tmed\",\"url\":\"https:\\\/\\\/keys-for-auto.eu\\\/et\\\/\",\"logo\":{\"@type\":\"ImageObject\",\"inLanguage\":\"et\",\"@id\":\"https:\\\/\\\/keys-for-auto.eu\\\/et\\\/#\\\/schema\\\/logo\\\/image\\\/\",\"url\":\"https:\\\/\\\/keys-for-auto.eu\\\/wp-content\\\/uploads\\\/2022\\\/11\\\/cropped-png1.png\",\"contentUrl\":\"https:\\\/\\\/keys-for-auto.eu\\\/wp-content\\\/uploads\\\/2022\\\/11\\\/cropped-png1.png\",\"width\":1000,\"height\":342,\"caption\":\"Auto v\u00f5tmed\"},\"image\":{\"@id\":\"https:\\\/\\\/keys-for-auto.eu\\\/et\\\/#\\\/schema\\\/logo\\\/image\\\/\"},\"sameAs\":[\"https:\\\/\\\/www.facebook.com\\\/KeysForAutoEU\"]}]}<\/script>\n<!-- \/ Yoast SEO plugin. -->","yoast_head_json":{"title":"V\u00f5tmekest - sobib Audi A2 | A3 | A4 | A6 | A8, kolm nuppu - Keys for auto%","robots":{"index":"index","follow":"follow","max-snippet":"max-snippet:-1","max-image-preview":"max-image-preview:large","max-video-preview":"max-video-preview:-1"},"canonical":"https:\/\/keys-for-auto.eu\/et\/product\/key-shell-suitable-for-audi-a2-a3-a4-a6-a8-three-buttons\/","og_locale":"et_EE","og_type":"article","og_title":"V\u00f5tmekest - sobib Audi A2 | A3 | A4 | A6 | A8, kolm nuppu - Keys for auto%","og_description":"V\u00f5tmekest sobib Audi A2 | A3 | A4 | A6 | A8, kolm nuppu V\u00f5tmekest - sobib Audi jaoks, kolm nuppu Sobib j\u00e4rgmistele mudelitele: Audi A2 Audi A3 Audi A4 Audi A3  Audi A6 Audi A8 Autov\u00f5tmete tootmine  Uute autov\u00f5tmete valmistamine, v\u00f5tmete programmeerimine (\"sidumine\" autoga)  Varem kaotatud v\u00f5tmete kustutamine auto m\u00e4lust  S\u00fc\u00fctev\u00f5tme tootmine vastavalt lukule  Autov\u00f5tmete remont (nuppude, kestade, mehhanismide vahetus)  Autode avamine h\u00e4daolukorras  V\u00f5tmete, v\u00f5tmekastide kaubandus  DPF \/ FAP tarkvara v\u00e4ljal\u00fclitamine  Programmiline EGR eemaldamine  Kasutust\u00f5kise tarkvara deaktiveerimine (immo Off)  Mootori kontrollploki (ECU) remont, kloonimine, programmeerimine  SRS (turvapadja juhtseadme programmeerimine)  kaubad saadetakse 3 t\u00f6\u00f6p\u00e4eva jooksul.* &nbsp; &nbsp; &nbsp;","og_url":"https:\/\/keys-for-auto.eu\/et\/product\/key-shell-suitable-for-audi-a2-a3-a4-a6-a8-three-buttons\/","og_site_name":"Keys for auto","article_publisher":"https:\/\/www.facebook.com\/KeysForAutoEU","twitter_card":"summary_large_image","schema":{"@context":"https:\/\/schema.org","@graph":[{"@type":["WebPage","ItemPage"],"@id":"https:\/\/keys-for-auto.eu\/et\/product\/key-shell-suitable-for-audi-a2-a3-a4-a6-a8-three-buttons\/","url":"https:\/\/keys-for-auto.eu\/et\/product\/key-shell-suitable-for-audi-a2-a3-a4-a6-a8-three-buttons\/","name":"V\u00f5tmekest - sobib Audi A2 | A3 | A4 | A6 | A8, kolm nuppu - Keys for auto%","isPartOf":{"@id":"https:\/\/keys-for-auto.eu\/et\/#website"},"primaryImageOfPage":{"@id":"https:\/\/keys-for-auto.eu\/et\/product\/key-shell-suitable-for-audi-a2-a3-a4-a6-a8-three-buttons\/#primaryimage"},"image":{"@id":"https:\/\/keys-for-auto.eu\/et\/product\/key-shell-suitable-for-audi-a2-a3-a4-a6-a8-three-buttons\/#primaryimage"},"thumbnailUrl":"","datePublished":"2021-09-18T22:27:48+00:00","breadcrumb":{"@id":"https:\/\/keys-for-auto.eu\/et\/product\/key-shell-suitable-for-audi-a2-a3-a4-a6-a8-three-buttons\/#breadcrumb"},"inLanguage":"et","potentialAction":[{"@type":"ReadAction","target":["https:\/\/keys-for-auto.eu\/et\/product\/key-shell-suitable-for-audi-a2-a3-a4-a6-a8-three-buttons\/"]}]},{"@type":"ImageObject","inLanguage":"et","@id":"https:\/\/keys-for-auto.eu\/et\/product\/key-shell-suitable-for-audi-a2-a3-a4-a6-a8-three-buttons\/#primaryimage","url":"","contentUrl":"","caption":"V\u00f5tmekest - sobib Audi A2 | A3 | A4 | A6 | A8, kolm nuppu"},{"@type":"BreadcrumbList","@id":"https:\/\/keys-for-auto.eu\/et\/product\/key-shell-suitable-for-audi-a2-a3-a4-a6-a8-three-buttons\/#breadcrumb","itemListElement":[{"@type":"ListItem","position":1,"name":"Kodu","item":"https:\/\/keys-for-auto.eu\/et\/"},{"@type":"ListItem","position":2,"name":"Shop","item":"https:\/\/keys-for-auto.eu\/"},{"@type":"ListItem","position":3,"name":"V\u00f5tmekest &#8211; sobib Audi A2 | A3 | A4 | A6 | A8, kolm nuppu"}]},{"@type":"WebSite","@id":"https:\/\/keys-for-auto.eu\/et\/#website","url":"https:\/\/keys-for-auto.eu\/et\/","name":"Keys for auto","description":"Car keys,  key shells, key programming","publisher":{"@id":"https:\/\/keys-for-auto.eu\/et\/#organization"},"potentialAction":[{"@type":"SearchAction","target":{"@type":"EntryPoint","urlTemplate":"https:\/\/keys-for-auto.eu\/et\/?s={search_term_string}"},"query-input":{"@type":"PropertyValueSpecification","valueRequired":true,"valueName":"search_term_string"}}],"inLanguage":"et"},{"@type":"Organization","@id":"https:\/\/keys-for-auto.eu\/et\/#organization","name":"Auto v\u00f5tmed","url":"https:\/\/keys-for-auto.eu\/et\/","logo":{"@type":"ImageObject","inLanguage":"et","@id":"https:\/\/keys-for-auto.eu\/et\/#\/schema\/logo\/image\/","url":"https:\/\/keys-for-auto.eu\/wp-content\/uploads\/2022\/11\/cropped-png1.png","contentUrl":"https:\/\/keys-for-auto.eu\/wp-content\/uploads\/2022\/11\/cropped-png1.png","width":1000,"height":342,"caption":"Auto v\u00f5tmed"},"image":{"@id":"https:\/\/keys-for-auto.eu\/et\/#\/schema\/logo\/image\/"},"sameAs":["https:\/\/www.facebook.com\/KeysForAutoEU"]}]}},"_links":{"self":[{"href":"https:\/\/keys-for-auto.eu\/et\/wp-json\/wp\/v2\/product\/20355","targetHints":{"allow":["GET"]}}],"collection":[{"href":"https:\/\/keys-for-auto.eu\/et\/wp-json\/wp\/v2\/product"}],"about":[{"href":"https:\/\/keys-for-auto.eu\/et\/wp-json\/wp\/v2\/types\/product"}],"replies":[{"embeddable":true,"href":"https:\/\/keys-for-auto.eu\/et\/wp-json\/wp\/v2\/comments?post=20355"}],"wp:featuredmedia":[{"embeddable":true,"href":"https:\/\/keys-for-auto.eu\/et\/wp-json\/wp\/v2\/media\/17510"}],"wp:attachment":[{"href":"https:\/\/keys-for-auto.eu\/et\/wp-json\/wp\/v2\/media?parent=20355"}],"wp:term":[{"taxonomy":"product_brand","embeddable":true,"href":"https:\/\/keys-for-auto.eu\/et\/wp-json\/wp\/v2\/product_brand?post=20355"},{"taxonomy":"product_cat","embeddable":true,"href":"https:\/\/keys-for-auto.eu\/et\/wp-json\/wp\/v2\/product_cat?post=20355"},{"taxonomy":"product_tag","embeddable":true,"href":"https:\/\/keys-for-auto.eu\/et\/wp-json\/wp\/v2\/product_tag?post=20355"}],"curies":[{"name":"wp","href":"https:\/\/api.w.org\/{rel}","templated":true}]}}