{"id":20349,"date":"2021-09-18T14:13:27","date_gmt":"2021-09-18T14:13:27","guid":{"rendered":"https:\/\/keys-for-auto.eu\/product\/votmekest-sobib-citroen-c2-c3-c4-c5-c6-c8-xsara-picasso-kolm-nuppu\/"},"modified":"2021-09-18T14:13:27","modified_gmt":"2021-09-18T14:13:27","slug":"key-shell-suitable-for-citroen-c2-c3-c4-c5-c6-c8-xsara-picasso-three-buttons","status":"publish","type":"product","link":"https:\/\/keys-for-auto.eu\/et\/product\/key-shell-suitable-for-citroen-c2-c3-c4-c5-c6-c8-xsara-picasso-three-buttons\/","title":{"rendered":"V\u00f5tmekest &#8211; sobib Citroen C2 | C3 | C4 | C5 | C6 | C8 | Xsara | Picasso, kolm nuppu."},"content":{"rendered":"<p>V\u00f5tmekest &#8211; sobib Citroen C2 | C3 | C4 | C5 | C6 | C8 | Xsara | Picasso, kolm nuppu.<\/p>\n","protected":false},"excerpt":{"rendered":"<h3><strong>Autov\u00f5tmete tootmine<\/strong><\/h3>\n<ul>\n<li><strong>Uute autov\u00f5tmete valmistamine, v\u00f5tmete programmeerimine (&#8220;sidumine&#8221; autoga)<\/strong><\/li>\n<li><strong>Varem kaotatud v\u00f5tmete kustutamine auto m\u00e4lust<\/strong><\/li>\n<li><strong>S\u00fc\u00fctev\u00f5tme tootmine vastavalt lukule<\/strong><\/li>\n<li><strong>Autov\u00f5tmete remont (nuppude, kestade, mehhanismide vahetus)<\/strong><\/li>\n<li><strong>Autode avamine h\u00e4daolukorras<\/strong><\/li>\n<li><strong>V\u00f5tmete, v\u00f5tmekastide kaubandus<\/strong><\/li>\n<li><strong>DPF \/ FAP tarkvara v\u00e4ljal\u00fclitamine<\/strong><\/li>\n<li><strong>Programmiline EGR eemaldamine<\/strong><\/li>\n<li><strong>Kasutust\u00f5kise tarkvara deaktiveerimine (immo Off)<\/strong><\/li>\n<li><strong>Mootori kontrollploki (ECU) remont, kloonimine, programmeerimine<\/strong><\/li>\n<li><strong>SRS (turvapadja juhtseadme programmeerimine)<\/strong><\/li>\n<\/ul>\n<h4><strong>kaubad saadetakse 3 t\u00f6\u00f6p\u00e4eva jooksul.*<\/strong><\/h4>\n<p><em><strong>Sobib:<br \/>\nCitroen C2<br \/>\nCitroen C3<br \/>\nCitroen C4<br \/>\nCitroen C5<br \/>\nCitroen C6<br \/>\nCitroen C8<br \/>\nCitroen Xsara<br \/>\nCitroen Picasso<\/strong><\/em><\/p>\n<p><img loading=\"lazy\" decoding=\"async\" class=\"alignleft wp-image-4996\" src=\"https:\/\/raktai-automobiliams.lt\/wp-content\/uploads\/2016\/04\/citr.png\" alt=\"\" width=\"784\" height=\"297\"><\/p>\n<p>&nbsp;<\/p>\n<ol>\n<li>\n<\/li>\n<\/ol>\n<p><strong>V\u00f5tmehoidiku tellimisel t\u00e4psustage palun:<\/strong><\/p>\n<p><strong>Tera t\u00fc\u00fcp (HU83 \/ VA2)<\/strong><br \/>\n<strong>Keskmine nupp (valgus\/tagumine)<\/strong><br \/>\n<strong>Kood: (CE0523 \/ CE0536)<\/strong><\/p>\n","protected":false},"featured_media":18071,"comment_status":"open","ping_status":"closed","template":"","meta":[],"product_brand":[],"product_cat":[3522,3459],"product_tag":[3542,3543,3605,3549,3607,3573,3526,3528,3554],"class_list":{"0":"post-20349","1":"product","2":"type-product","3":"status-publish","4":"has-post-thumbnail","6":"product_cat-citroen-et","7":"product_cat-votmekoored","8":"product_tag-citroen-c2-votmekoorik","9":"product_tag-citroen-c3-votme-kest","10":"product_tag-citroen-c4-votme-kest","11":"product_tag-citroen-c5-votmekoorik","12":"product_tag-citroen-c6-votmekoorik","13":"product_tag-citroen-c8-votmekoorik","14":"product_tag-citroen-picasso-votmekoorik","15":"product_tag-citroen-votme-kest","16":"product_tag-citroen-xsara-votmekoorik","18":"first","19":"instock","20":"sale","21":"shipping-taxable","22":"purchasable","23":"product-type-simple"},"yoast_head":"<!-- This site is optimized with the Yoast SEO plugin v27.3 - https:\/\/yoast.com\/product\/yoast-seo-wordpress\/ -->\n<title>V\u00f5tmekest - sobib Citroen C2 | C3 | C4 | C5 | C6 | C8 | Xsara | Picasso, kolm nuppu. - Keys for auto%<\/title>\n<meta name=\"robots\" content=\"index, follow, max-snippet:-1, max-image-preview:large, max-video-preview:-1\" \/>\n<link rel=\"canonical\" href=\"https:\/\/keys-for-auto.eu\/et\/product\/key-shell-suitable-for-citroen-c2-c3-c4-c5-c6-c8-xsara-picasso-three-buttons\/\" \/>\n<meta property=\"og:locale\" content=\"et_EE\" \/>\n<meta property=\"og:type\" content=\"article\" \/>\n<meta property=\"og:title\" content=\"V\u00f5tmekest - sobib Citroen C2 | C3 | C4 | C5 | C6 | C8 | Xsara | Picasso, kolm nuppu. - Keys for auto%\" \/>\n<meta property=\"og:description\" content=\"Autov\u00f5tmete tootmine  Uute autov\u00f5tmete valmistamine, v\u00f5tmete programmeerimine (&quot;sidumine&quot; autoga)  Varem kaotatud v\u00f5tmete kustutamine auto m\u00e4lust  S\u00fc\u00fctev\u00f5tme tootmine vastavalt lukule  Autov\u00f5tmete remont (nuppude, kestade, mehhanismide vahetus)  Autode avamine h\u00e4daolukorras  V\u00f5tmete, v\u00f5tmekastide kaubandus  DPF \/ FAP tarkvara v\u00e4ljal\u00fclitamine  Programmiline EGR eemaldamine  Kasutust\u00f5kise tarkvara deaktiveerimine (immo Off)  Mootori kontrollploki (ECU) remont, kloonimine, programmeerimine  SRS (turvapadja juhtseadme programmeerimine) kaubad saadetakse 3 t\u00f6\u00f6p\u00e4eva jooksul.* Sobib: Citroen C2 Citroen C3 Citroen C4 Citroen C5 Citroen C6 Citroen C8 Citroen Xsara Citroen Picasso  &nbsp;   V\u00f5tmehoidiku tellimisel t\u00e4psustage palun: Tera t\u00fc\u00fcp (HU83 \/ VA2) Keskmine nupp (valgus\/tagumine) Kood: (CE0523 \/ CE0536)\" \/>\n<meta property=\"og:url\" content=\"https:\/\/keys-for-auto.eu\/et\/product\/key-shell-suitable-for-citroen-c2-c3-c4-c5-c6-c8-xsara-picasso-three-buttons\/\" \/>\n<meta property=\"og:site_name\" content=\"Keys for auto\" \/>\n<meta property=\"article:publisher\" content=\"https:\/\/www.facebook.com\/KeysForAutoEU\" \/>\n<meta name=\"twitter:card\" content=\"summary_large_image\" \/>\n<script type=\"application\/ld+json\" class=\"yoast-schema-graph\">{\"@context\":\"https:\\\/\\\/schema.org\",\"@graph\":[{\"@type\":[\"WebPage\",\"ItemPage\"],\"@id\":\"https:\\\/\\\/keys-for-auto.eu\\\/et\\\/product\\\/key-shell-suitable-for-citroen-c2-c3-c4-c5-c6-c8-xsara-picasso-three-buttons\\\/\",\"url\":\"https:\\\/\\\/keys-for-auto.eu\\\/et\\\/product\\\/key-shell-suitable-for-citroen-c2-c3-c4-c5-c6-c8-xsara-picasso-three-buttons\\\/\",\"name\":\"V\u00f5tmekest - sobib Citroen C2 | C3 | C4 | C5 | C6 | C8 | Xsara | Picasso, kolm nuppu. - Keys for auto%\",\"isPartOf\":{\"@id\":\"https:\\\/\\\/keys-for-auto.eu\\\/et\\\/#website\"},\"primaryImageOfPage\":{\"@id\":\"https:\\\/\\\/keys-for-auto.eu\\\/et\\\/product\\\/key-shell-suitable-for-citroen-c2-c3-c4-c5-c6-c8-xsara-picasso-three-buttons\\\/#primaryimage\"},\"image\":{\"@id\":\"https:\\\/\\\/keys-for-auto.eu\\\/et\\\/product\\\/key-shell-suitable-for-citroen-c2-c3-c4-c5-c6-c8-xsara-picasso-three-buttons\\\/#primaryimage\"},\"thumbnailUrl\":\"\",\"datePublished\":\"2021-09-18T14:13:27+00:00\",\"breadcrumb\":{\"@id\":\"https:\\\/\\\/keys-for-auto.eu\\\/et\\\/product\\\/key-shell-suitable-for-citroen-c2-c3-c4-c5-c6-c8-xsara-picasso-three-buttons\\\/#breadcrumb\"},\"inLanguage\":\"et\",\"potentialAction\":[{\"@type\":\"ReadAction\",\"target\":[\"https:\\\/\\\/keys-for-auto.eu\\\/et\\\/product\\\/key-shell-suitable-for-citroen-c2-c3-c4-c5-c6-c8-xsara-picasso-three-buttons\\\/\"]}]},{\"@type\":\"ImageObject\",\"inLanguage\":\"et\",\"@id\":\"https:\\\/\\\/keys-for-auto.eu\\\/et\\\/product\\\/key-shell-suitable-for-citroen-c2-c3-c4-c5-c6-c8-xsara-picasso-three-buttons\\\/#primaryimage\",\"url\":\"\",\"contentUrl\":\"\",\"caption\":\"V\u00f5tmekest - sobib Citroen C2 | C3 | C4 | C5 | C6 | C8 | Xsara | Picasso, kolm nuppu.\"},{\"@type\":\"BreadcrumbList\",\"@id\":\"https:\\\/\\\/keys-for-auto.eu\\\/et\\\/product\\\/key-shell-suitable-for-citroen-c2-c3-c4-c5-c6-c8-xsara-picasso-three-buttons\\\/#breadcrumb\",\"itemListElement\":[{\"@type\":\"ListItem\",\"position\":1,\"name\":\"Kodu\",\"item\":\"https:\\\/\\\/keys-for-auto.eu\\\/et\\\/\"},{\"@type\":\"ListItem\",\"position\":2,\"name\":\"Shop\",\"item\":\"https:\\\/\\\/keys-for-auto.eu\\\/\"},{\"@type\":\"ListItem\",\"position\":3,\"name\":\"V\u00f5tmekest &#8211; sobib Citroen C2 | C3 | C4 | C5 | C6 | C8 | Xsara | Picasso, kolm nuppu.\"}]},{\"@type\":\"WebSite\",\"@id\":\"https:\\\/\\\/keys-for-auto.eu\\\/et\\\/#website\",\"url\":\"https:\\\/\\\/keys-for-auto.eu\\\/et\\\/\",\"name\":\"Keys for auto\",\"description\":\"Car keys,  key shells, key programming\",\"publisher\":{\"@id\":\"https:\\\/\\\/keys-for-auto.eu\\\/et\\\/#organization\"},\"potentialAction\":[{\"@type\":\"SearchAction\",\"target\":{\"@type\":\"EntryPoint\",\"urlTemplate\":\"https:\\\/\\\/keys-for-auto.eu\\\/et\\\/?s={search_term_string}\"},\"query-input\":{\"@type\":\"PropertyValueSpecification\",\"valueRequired\":true,\"valueName\":\"search_term_string\"}}],\"inLanguage\":\"et\"},{\"@type\":\"Organization\",\"@id\":\"https:\\\/\\\/keys-for-auto.eu\\\/et\\\/#organization\",\"name\":\"Auto v\u00f5tmed\",\"url\":\"https:\\\/\\\/keys-for-auto.eu\\\/et\\\/\",\"logo\":{\"@type\":\"ImageObject\",\"inLanguage\":\"et\",\"@id\":\"https:\\\/\\\/keys-for-auto.eu\\\/et\\\/#\\\/schema\\\/logo\\\/image\\\/\",\"url\":\"https:\\\/\\\/keys-for-auto.eu\\\/wp-content\\\/uploads\\\/2022\\\/11\\\/cropped-png1.png\",\"contentUrl\":\"https:\\\/\\\/keys-for-auto.eu\\\/wp-content\\\/uploads\\\/2022\\\/11\\\/cropped-png1.png\",\"width\":1000,\"height\":342,\"caption\":\"Auto v\u00f5tmed\"},\"image\":{\"@id\":\"https:\\\/\\\/keys-for-auto.eu\\\/et\\\/#\\\/schema\\\/logo\\\/image\\\/\"},\"sameAs\":[\"https:\\\/\\\/www.facebook.com\\\/KeysForAutoEU\"]}]}<\/script>\n<!-- \/ Yoast SEO plugin. -->","yoast_head_json":{"title":"V\u00f5tmekest - sobib Citroen C2 | C3 | C4 | C5 | C6 | C8 | Xsara | Picasso, kolm nuppu. - Keys for auto%","robots":{"index":"index","follow":"follow","max-snippet":"max-snippet:-1","max-image-preview":"max-image-preview:large","max-video-preview":"max-video-preview:-1"},"canonical":"https:\/\/keys-for-auto.eu\/et\/product\/key-shell-suitable-for-citroen-c2-c3-c4-c5-c6-c8-xsara-picasso-three-buttons\/","og_locale":"et_EE","og_type":"article","og_title":"V\u00f5tmekest - sobib Citroen C2 | C3 | C4 | C5 | C6 | C8 | Xsara | Picasso, kolm nuppu. - Keys for auto%","og_description":"Autov\u00f5tmete tootmine  Uute autov\u00f5tmete valmistamine, v\u00f5tmete programmeerimine (\"sidumine\" autoga)  Varem kaotatud v\u00f5tmete kustutamine auto m\u00e4lust  S\u00fc\u00fctev\u00f5tme tootmine vastavalt lukule  Autov\u00f5tmete remont (nuppude, kestade, mehhanismide vahetus)  Autode avamine h\u00e4daolukorras  V\u00f5tmete, v\u00f5tmekastide kaubandus  DPF \/ FAP tarkvara v\u00e4ljal\u00fclitamine  Programmiline EGR eemaldamine  Kasutust\u00f5kise tarkvara deaktiveerimine (immo Off)  Mootori kontrollploki (ECU) remont, kloonimine, programmeerimine  SRS (turvapadja juhtseadme programmeerimine) kaubad saadetakse 3 t\u00f6\u00f6p\u00e4eva jooksul.* Sobib: Citroen C2 Citroen C3 Citroen C4 Citroen C5 Citroen C6 Citroen C8 Citroen Xsara Citroen Picasso  &nbsp;   V\u00f5tmehoidiku tellimisel t\u00e4psustage palun: Tera t\u00fc\u00fcp (HU83 \/ VA2) Keskmine nupp (valgus\/tagumine) Kood: (CE0523 \/ CE0536)","og_url":"https:\/\/keys-for-auto.eu\/et\/product\/key-shell-suitable-for-citroen-c2-c3-c4-c5-c6-c8-xsara-picasso-three-buttons\/","og_site_name":"Keys for auto","article_publisher":"https:\/\/www.facebook.com\/KeysForAutoEU","twitter_card":"summary_large_image","schema":{"@context":"https:\/\/schema.org","@graph":[{"@type":["WebPage","ItemPage"],"@id":"https:\/\/keys-for-auto.eu\/et\/product\/key-shell-suitable-for-citroen-c2-c3-c4-c5-c6-c8-xsara-picasso-three-buttons\/","url":"https:\/\/keys-for-auto.eu\/et\/product\/key-shell-suitable-for-citroen-c2-c3-c4-c5-c6-c8-xsara-picasso-three-buttons\/","name":"V\u00f5tmekest - sobib Citroen C2 | C3 | C4 | C5 | C6 | C8 | Xsara | Picasso, kolm nuppu. - Keys for auto%","isPartOf":{"@id":"https:\/\/keys-for-auto.eu\/et\/#website"},"primaryImageOfPage":{"@id":"https:\/\/keys-for-auto.eu\/et\/product\/key-shell-suitable-for-citroen-c2-c3-c4-c5-c6-c8-xsara-picasso-three-buttons\/#primaryimage"},"image":{"@id":"https:\/\/keys-for-auto.eu\/et\/product\/key-shell-suitable-for-citroen-c2-c3-c4-c5-c6-c8-xsara-picasso-three-buttons\/#primaryimage"},"thumbnailUrl":"","datePublished":"2021-09-18T14:13:27+00:00","breadcrumb":{"@id":"https:\/\/keys-for-auto.eu\/et\/product\/key-shell-suitable-for-citroen-c2-c3-c4-c5-c6-c8-xsara-picasso-three-buttons\/#breadcrumb"},"inLanguage":"et","potentialAction":[{"@type":"ReadAction","target":["https:\/\/keys-for-auto.eu\/et\/product\/key-shell-suitable-for-citroen-c2-c3-c4-c5-c6-c8-xsara-picasso-three-buttons\/"]}]},{"@type":"ImageObject","inLanguage":"et","@id":"https:\/\/keys-for-auto.eu\/et\/product\/key-shell-suitable-for-citroen-c2-c3-c4-c5-c6-c8-xsara-picasso-three-buttons\/#primaryimage","url":"","contentUrl":"","caption":"V\u00f5tmekest - sobib Citroen C2 | C3 | C4 | C5 | C6 | C8 | Xsara | Picasso, kolm nuppu."},{"@type":"BreadcrumbList","@id":"https:\/\/keys-for-auto.eu\/et\/product\/key-shell-suitable-for-citroen-c2-c3-c4-c5-c6-c8-xsara-picasso-three-buttons\/#breadcrumb","itemListElement":[{"@type":"ListItem","position":1,"name":"Kodu","item":"https:\/\/keys-for-auto.eu\/et\/"},{"@type":"ListItem","position":2,"name":"Shop","item":"https:\/\/keys-for-auto.eu\/"},{"@type":"ListItem","position":3,"name":"V\u00f5tmekest &#8211; sobib Citroen C2 | C3 | C4 | C5 | C6 | C8 | Xsara | Picasso, kolm nuppu."}]},{"@type":"WebSite","@id":"https:\/\/keys-for-auto.eu\/et\/#website","url":"https:\/\/keys-for-auto.eu\/et\/","name":"Keys for auto","description":"Car keys,  key shells, key programming","publisher":{"@id":"https:\/\/keys-for-auto.eu\/et\/#organization"},"potentialAction":[{"@type":"SearchAction","target":{"@type":"EntryPoint","urlTemplate":"https:\/\/keys-for-auto.eu\/et\/?s={search_term_string}"},"query-input":{"@type":"PropertyValueSpecification","valueRequired":true,"valueName":"search_term_string"}}],"inLanguage":"et"},{"@type":"Organization","@id":"https:\/\/keys-for-auto.eu\/et\/#organization","name":"Auto v\u00f5tmed","url":"https:\/\/keys-for-auto.eu\/et\/","logo":{"@type":"ImageObject","inLanguage":"et","@id":"https:\/\/keys-for-auto.eu\/et\/#\/schema\/logo\/image\/","url":"https:\/\/keys-for-auto.eu\/wp-content\/uploads\/2022\/11\/cropped-png1.png","contentUrl":"https:\/\/keys-for-auto.eu\/wp-content\/uploads\/2022\/11\/cropped-png1.png","width":1000,"height":342,"caption":"Auto v\u00f5tmed"},"image":{"@id":"https:\/\/keys-for-auto.eu\/et\/#\/schema\/logo\/image\/"},"sameAs":["https:\/\/www.facebook.com\/KeysForAutoEU"]}]}},"_links":{"self":[{"href":"https:\/\/keys-for-auto.eu\/et\/wp-json\/wp\/v2\/product\/20349","targetHints":{"allow":["GET"]}}],"collection":[{"href":"https:\/\/keys-for-auto.eu\/et\/wp-json\/wp\/v2\/product"}],"about":[{"href":"https:\/\/keys-for-auto.eu\/et\/wp-json\/wp\/v2\/types\/product"}],"replies":[{"embeddable":true,"href":"https:\/\/keys-for-auto.eu\/et\/wp-json\/wp\/v2\/comments?post=20349"}],"wp:featuredmedia":[{"embeddable":true,"href":"https:\/\/keys-for-auto.eu\/et\/wp-json\/wp\/v2\/media\/18071"}],"wp:attachment":[{"href":"https:\/\/keys-for-auto.eu\/et\/wp-json\/wp\/v2\/media?parent=20349"}],"wp:term":[{"taxonomy":"product_brand","embeddable":true,"href":"https:\/\/keys-for-auto.eu\/et\/wp-json\/wp\/v2\/product_brand?post=20349"},{"taxonomy":"product_cat","embeddable":true,"href":"https:\/\/keys-for-auto.eu\/et\/wp-json\/wp\/v2\/product_cat?post=20349"},{"taxonomy":"product_tag","embeddable":true,"href":"https:\/\/keys-for-auto.eu\/et\/wp-json\/wp\/v2\/product_tag?post=20349"}],"curies":[{"name":"wp","href":"https:\/\/api.w.org\/{rel}","templated":true}]}}