{"id":20321,"date":"2017-09-14T21:23:00","date_gmt":"2017-09-14T21:23:00","guid":{"rendered":"https:\/\/keys-for-auto.eu\/product\/hyundai-autode-votmete-tootmine\/"},"modified":"2017-09-14T21:23:00","modified_gmt":"2017-09-14T21:23:00","slug":"votmete-tootmine-hyundai-autodele","status":"publish","type":"product","link":"https:\/\/keys-for-auto.eu\/et\/product\/votmete-tootmine-hyundai-autodele\/","title":{"rendered":"Hyundai autode v\u00f5tmete tootmine"},"content":{"rendered":"<p>Auto v\u00f5ti v\u00f5ib katki minna ja isegi valel ajal kaduma minna. &#8220;Hyundai s\u00fc\u00fctev\u00f5ti, mis on alates 1995. aastast kiibiga varustatud, ei ole erandiks. Selle taastamine n\u00f5uab kahte peamist \u00fclesannet &#8211; tera valmistamist ja \u00fcmberprogrammeerimist. Autov\u00f5tmete duplikaate saab tellida nii siis, kui viimane v\u00f5ti on kadunud, kui ka siis, kui kogu v\u00f5tmekomplekt on kadunud.<\/p>\n<h2>Hyundai v\u00f5tmetootmine | V\u00f5tmetootmisv\u00f5imalused<\/h2>\n<p>Hyundai v\u00f5tme duplikaadi valmistamine, kui originaalkorpus on katki, on probleem, mida saab lahendada professionaal. Sellisel juhul asendatakse vale osa ja vana v\u00f5ti paigaldatakse uuesti sisse. Vajaduse korral ka salajase mehhanismi valmistamine v\u00f5i tera v\u00e4ljavahetamine.<\/p>\n<p>Ainulaadse mustri loomine on mehaaniline protseduur, mis toimub profiilimasinaga, mis tagab mustri t\u00e4psuse ja v\u00e4listab inimteguri. P\u00e4rast vajalike parameetrite sisestamist &#8220;j\u00e4tab seade andmed meelde&#8221; ja l\u00f5ikab kiiresti vajalikud sooned.<\/p>\n<p>Kui klient tellib Hyundai autole v\u00f5tme, saab sellest valmistada duplikaadi kiibiga (mitte klapiga) v\u00f5i kesklukustuss\u00fcsteemiga. Isegi kui auto asub teises linnas, saab kasutust\u00f5kise ja lukuga uksek\u00e4epideme saata t\u00f6\u00f6kotta ja m\u00f5ne aja p\u00e4rast saada t\u00e4ieliku funktsioonikomplektiga v\u00f5tme. Koos duplikaadi valmistamisega eemaldab tehnik seadme m\u00e4lust ka kadunud originaalv\u00f5tmed.<\/p>\n<p>V\u00f5tmeprogrammeerimine on palju keerulisem ja mitmetasandiline protsess. Duplikaatv\u00f5tme programmeerimiseks on mitu v\u00f5imalust. Sobiv meetod valitakse vastavalt olukorrale. Vajalikud andmed saab salvestada:<\/p>\n<p>kasutust\u00f5kis;<\/p>\n<p>kasutades t\u00f6\u00f6m\u00e4lu;<\/p>\n<p>kasutades v\u00f5tmekopiat.<\/p>\n<p>Kui nuppudega duplikaat on toodetud, on kaugjuhtimispult programmeeritud. P\u00e4rast koopia toimimise kontrollimist tagab tehnik toote ja k\u00f5igi tehtud t\u00f6\u00f6de &#8211; \u00fcmberprogrammeerimine, programmeerimine, s\u00fcnkroniseerimine &#8211; garantii.<\/p>\n","protected":false},"excerpt":{"rendered":"<h2>Hyundai v\u00f5tmete tootmine<\/h2>\n<ul>\n<li>Hyundai v\u00f5tmetootmine<\/li>\n<li>Hyundai v\u00f5tmed<\/li>\n<li>Hyundai peamised juhtumid<\/li>\n<li>Hyundai v\u00f5tme remont<\/li>\n<li>Hyundai v\u00f5tme programmeerimine<\/li>\n<li>Audi autode avarii avamine<\/li>\n<li>Me saame teha teie Hyundai autole v\u00f5tme 30 minuti jooksul.<\/li>\n<li>Hyundai v\u00f5tmete tootmine<\/li>\n<\/ul>\n<p>T\u00f6\u00f6tame ainult kaasaegsete arvutip\u00f5histe seadmetega, mille abil valmistame teie Hyundai autole kvaliteetse ja kauakestva v\u00f5tme. Kui teil on ainult \u00fcks v\u00f5ti v\u00f5i kui teie Hyundai v\u00f5ti ei k\u00e4ivita teie autot alati, soovitame teil osta varuv\u00f5ti. See s\u00e4\u00e4stab teie aega ja raha.<\/p>\n<p>Valmistame v\u00f5tmeid erinevatele Hyundai autode mudelitele. See v\u00f5ib olla v\u00f5ti ilma puldita, v\u00f5ti koos puldiga. Pakume ka arukat v\u00f5tit (v\u00f5tmeta s\u00fc\u00fctes\u00fcsteem koos START\/STOP nupuga).<\/p>\n<h3><strong>Autov\u00f5tmete tootmine<\/strong><\/h3>\n<ul>\n<li><strong>Uute autov\u00f5tmete valmistamine, v\u00f5tmete programmeerimine (&#8220;sidumine&#8221; autoga)<\/strong><\/li>\n<li><strong>Varem kaotatud v\u00f5tmete kustutamine auto m\u00e4lust<\/strong><\/li>\n<li><strong>S\u00fc\u00fctev\u00f5tme tootmine vastavalt lukule<\/strong><\/li>\n<li><strong>Autov\u00f5tmete remont (nuppude, kestade, mehhanismide vahetus)<\/strong><\/li>\n<li><strong>Autode avamine h\u00e4daolukorras<\/strong><\/li>\n<li><strong>V\u00f5tmete, v\u00f5tmekastide kaubandus<\/strong><\/li>\n<li><strong>DPF \/ FAP tarkvara v\u00e4ljal\u00fclitamine<\/strong><\/li>\n<li><strong>Programmiline EGR eemaldamine<\/strong><\/li>\n<li><strong>Kasutust\u00f5kise tarkvara deaktiveerimine (immo Off)<\/strong><\/li>\n<li><strong>Mootori kontrollploki (ECU) remont, kloonimine, programmeerimine<\/strong><\/li>\n<li><strong>SRS (turvapadja juhtseadme programmeerimine)<\/strong><\/li>\n<\/ul>\n<h4><strong>  kaubad saadetakse 3 t\u00f6\u00f6p\u00e4eva jooksul.*<\/strong><\/h4>\n","protected":false},"featured_media":18289,"comment_status":"open","ping_status":"closed","template":"","meta":[],"product_brand":[],"product_cat":[3561,3989],"product_tag":[3595,3883,3921,3574,3601,3612,3617,3929,3939,3944,3951,3623,3955,4076,3599,3579,3895,3966,3603,3975,3982,3846,3824,3576],"class_list":{"0":"post-20321","1":"product","2":"type-product","3":"status-publish","4":"has-post-thumbnail","6":"product_cat-hyundai-et","7":"product_cat-votmete-tootmine","8":"product_tag-hyundai-accent-juhtpuldi-kest","9":"product_tag-hyundai-accent-voti","10":"product_tag-hyundai-accent-votmekoorik","11":"product_tag-hyundai-elantra-kaugjuhtimispuldi-kest","12":"product_tag-hyundai-gs350-kaugjuhtimispuldi-kest","13":"product_tag-hyundai-i20-votmekoorik","14":"product_tag-hyundai-i30-votmekoorik","15":"product_tag-hyundai-i40-votmekoorik","16":"product_tag-hyundai-i45-votmekoorik","17":"product_tag-hyundai-ix35-votmekoorik","18":"product_tag-hyundai-ix45-votmekoorik","19":"product_tag-hyundai-kolmepoolne-votmekest","20":"product_tag-hyundai-mistra-votmekoorik","21":"product_tag-hyundai-neljapoldiline-votmekest","22":"product_tag-hyundai-s300-kaugjuhtimispuldi-kest","23":"product_tag-hyundai-santa-fe-juhtpuldi-kest","24":"product_tag-hyundai-santa-fe-voti","25":"product_tag-hyundai-santa-fe-votmekoorik","26":"product_tag-hyundai-sonata-kaugjuhtimispuldi-kest","27":"product_tag-hyundai-sonata-votmekoorik","28":"product_tag-hyundai-tucsoni-votmekoorik","29":"product_tag-hyundai-veracruz-voti","30":"product_tag-hyundai-voti","31":"product_tag-hyundai-votmekoorik","33":"first","34":"instock","35":"shipping-taxable","36":"product-type-simple"},"yoast_head":"<!-- This site is optimized with the Yoast SEO plugin v27.3 - https:\/\/yoast.com\/product\/yoast-seo-wordpress\/ -->\n<title>Hyundai autode v\u00f5tmete tootmine - Keys for auto%<\/title>\n<meta name=\"robots\" content=\"index, follow, max-snippet:-1, max-image-preview:large, max-video-preview:-1\" \/>\n<link rel=\"canonical\" href=\"https:\/\/keys-for-auto.eu\/et\/product\/votmete-tootmine-hyundai-autodele\/\" \/>\n<meta property=\"og:locale\" content=\"et_EE\" \/>\n<meta property=\"og:type\" content=\"article\" \/>\n<meta property=\"og:title\" content=\"Hyundai autode v\u00f5tmete tootmine - Keys for auto%\" \/>\n<meta property=\"og:description\" content=\"Hyundai v\u00f5tmete tootmine  Hyundai v\u00f5tmetootmine  Hyundai v\u00f5tmed  Hyundai peamised juhtumid  Hyundai v\u00f5tme remont  Hyundai v\u00f5tme programmeerimine  Audi autode avarii avamine  Me saame teha teie Hyundai autole v\u00f5tme 30 minuti jooksul.  Hyundai v\u00f5tmete tootmine T\u00f6\u00f6tame ainult kaasaegsete arvutip\u00f5histe seadmetega, mille abil valmistame teie Hyundai autole kvaliteetse ja kauakestva v\u00f5tme. Kui teil on ainult \u00fcks v\u00f5ti v\u00f5i kui teie Hyundai v\u00f5ti ei k\u00e4ivita teie autot alati, soovitame teil osta varuv\u00f5ti. See s\u00e4\u00e4stab teie aega ja raha. Valmistame v\u00f5tmeid erinevatele Hyundai autode mudelitele. See v\u00f5ib olla v\u00f5ti ilma puldita, v\u00f5ti koos puldiga. Pakume ka arukat v\u00f5tit (v\u00f5tmeta s\u00fc\u00fctes\u00fcsteem koos START\/STOP nupuga). Autov\u00f5tmete tootmine  Uute autov\u00f5tmete valmistamine, v\u00f5tmete programmeerimine (&quot;sidumine&quot; autoga)  Varem kaotatud v\u00f5tmete kustutamine auto m\u00e4lust  S\u00fc\u00fctev\u00f5tme tootmine vastavalt lukule  Autov\u00f5tmete remont (nuppude, kestade, mehhanismide vahetus)  Autode avamine h\u00e4daolukorras  V\u00f5tmete, v\u00f5tmekastide kaubandus  DPF \/ FAP tarkvara v\u00e4ljal\u00fclitamine  Programmiline EGR eemaldamine  Kasutust\u00f5kise tarkvara deaktiveerimine (immo Off)  Mootori kontrollploki (ECU) remont, kloonimine, programmeerimine  SRS (turvapadja juhtseadme programmeerimine)  kaubad saadetakse 3 t\u00f6\u00f6p\u00e4eva jooksul.*\" \/>\n<meta property=\"og:url\" content=\"https:\/\/keys-for-auto.eu\/et\/product\/votmete-tootmine-hyundai-autodele\/\" \/>\n<meta property=\"og:site_name\" content=\"Keys for auto\" \/>\n<meta property=\"article:publisher\" content=\"https:\/\/www.facebook.com\/KeysForAutoEU\" \/>\n<meta name=\"twitter:card\" content=\"summary_large_image\" \/>\n<meta name=\"twitter:label1\" content=\"Est. reading time\" \/>\n\t<meta name=\"twitter:data1\" content=\"1 minut\" \/>\n<script type=\"application\/ld+json\" class=\"yoast-schema-graph\">{\"@context\":\"https:\\\/\\\/schema.org\",\"@graph\":[{\"@type\":[\"WebPage\",\"ItemPage\"],\"@id\":\"https:\\\/\\\/keys-for-auto.eu\\\/et\\\/product\\\/votmete-tootmine-hyundai-autodele\\\/\",\"url\":\"https:\\\/\\\/keys-for-auto.eu\\\/et\\\/product\\\/votmete-tootmine-hyundai-autodele\\\/\",\"name\":\"Hyundai autode v\u00f5tmete tootmine - Keys for auto%\",\"isPartOf\":{\"@id\":\"https:\\\/\\\/keys-for-auto.eu\\\/et\\\/#website\"},\"primaryImageOfPage\":{\"@id\":\"https:\\\/\\\/keys-for-auto.eu\\\/et\\\/product\\\/votmete-tootmine-hyundai-autodele\\\/#primaryimage\"},\"image\":{\"@id\":\"https:\\\/\\\/keys-for-auto.eu\\\/et\\\/product\\\/votmete-tootmine-hyundai-autodele\\\/#primaryimage\"},\"thumbnailUrl\":\"\",\"datePublished\":\"2017-09-14T21:23:00+00:00\",\"breadcrumb\":{\"@id\":\"https:\\\/\\\/keys-for-auto.eu\\\/et\\\/product\\\/votmete-tootmine-hyundai-autodele\\\/#breadcrumb\"},\"inLanguage\":\"et\",\"potentialAction\":[{\"@type\":\"ReadAction\",\"target\":[\"https:\\\/\\\/keys-for-auto.eu\\\/et\\\/product\\\/votmete-tootmine-hyundai-autodele\\\/\"]}]},{\"@type\":\"ImageObject\",\"inLanguage\":\"et\",\"@id\":\"https:\\\/\\\/keys-for-auto.eu\\\/et\\\/product\\\/votmete-tootmine-hyundai-autodele\\\/#primaryimage\",\"url\":\"\",\"contentUrl\":\"\",\"caption\":\"Hyundai autode v\u00f5tmete tootmine\"},{\"@type\":\"BreadcrumbList\",\"@id\":\"https:\\\/\\\/keys-for-auto.eu\\\/et\\\/product\\\/votmete-tootmine-hyundai-autodele\\\/#breadcrumb\",\"itemListElement\":[{\"@type\":\"ListItem\",\"position\":1,\"name\":\"Kodu\",\"item\":\"https:\\\/\\\/keys-for-auto.eu\\\/et\\\/\"},{\"@type\":\"ListItem\",\"position\":2,\"name\":\"Shop\",\"item\":\"https:\\\/\\\/keys-for-auto.eu\\\/\"},{\"@type\":\"ListItem\",\"position\":3,\"name\":\"Hyundai autode v\u00f5tmete tootmine\"}]},{\"@type\":\"WebSite\",\"@id\":\"https:\\\/\\\/keys-for-auto.eu\\\/et\\\/#website\",\"url\":\"https:\\\/\\\/keys-for-auto.eu\\\/et\\\/\",\"name\":\"Keys for auto\",\"description\":\"Car keys,  key shells, key programming\",\"publisher\":{\"@id\":\"https:\\\/\\\/keys-for-auto.eu\\\/et\\\/#organization\"},\"potentialAction\":[{\"@type\":\"SearchAction\",\"target\":{\"@type\":\"EntryPoint\",\"urlTemplate\":\"https:\\\/\\\/keys-for-auto.eu\\\/et\\\/?s={search_term_string}\"},\"query-input\":{\"@type\":\"PropertyValueSpecification\",\"valueRequired\":true,\"valueName\":\"search_term_string\"}}],\"inLanguage\":\"et\"},{\"@type\":\"Organization\",\"@id\":\"https:\\\/\\\/keys-for-auto.eu\\\/et\\\/#organization\",\"name\":\"Auto v\u00f5tmed\",\"url\":\"https:\\\/\\\/keys-for-auto.eu\\\/et\\\/\",\"logo\":{\"@type\":\"ImageObject\",\"inLanguage\":\"et\",\"@id\":\"https:\\\/\\\/keys-for-auto.eu\\\/et\\\/#\\\/schema\\\/logo\\\/image\\\/\",\"url\":\"https:\\\/\\\/keys-for-auto.eu\\\/wp-content\\\/uploads\\\/2022\\\/11\\\/cropped-png1.png\",\"contentUrl\":\"https:\\\/\\\/keys-for-auto.eu\\\/wp-content\\\/uploads\\\/2022\\\/11\\\/cropped-png1.png\",\"width\":1000,\"height\":342,\"caption\":\"Auto v\u00f5tmed\"},\"image\":{\"@id\":\"https:\\\/\\\/keys-for-auto.eu\\\/et\\\/#\\\/schema\\\/logo\\\/image\\\/\"},\"sameAs\":[\"https:\\\/\\\/www.facebook.com\\\/KeysForAutoEU\"]}]}<\/script>\n<!-- \/ Yoast SEO plugin. -->","yoast_head_json":{"title":"Hyundai autode v\u00f5tmete tootmine - Keys for auto%","robots":{"index":"index","follow":"follow","max-snippet":"max-snippet:-1","max-image-preview":"max-image-preview:large","max-video-preview":"max-video-preview:-1"},"canonical":"https:\/\/keys-for-auto.eu\/et\/product\/votmete-tootmine-hyundai-autodele\/","og_locale":"et_EE","og_type":"article","og_title":"Hyundai autode v\u00f5tmete tootmine - Keys for auto%","og_description":"Hyundai v\u00f5tmete tootmine  Hyundai v\u00f5tmetootmine  Hyundai v\u00f5tmed  Hyundai peamised juhtumid  Hyundai v\u00f5tme remont  Hyundai v\u00f5tme programmeerimine  Audi autode avarii avamine  Me saame teha teie Hyundai autole v\u00f5tme 30 minuti jooksul.  Hyundai v\u00f5tmete tootmine T\u00f6\u00f6tame ainult kaasaegsete arvutip\u00f5histe seadmetega, mille abil valmistame teie Hyundai autole kvaliteetse ja kauakestva v\u00f5tme. Kui teil on ainult \u00fcks v\u00f5ti v\u00f5i kui teie Hyundai v\u00f5ti ei k\u00e4ivita teie autot alati, soovitame teil osta varuv\u00f5ti. See s\u00e4\u00e4stab teie aega ja raha. Valmistame v\u00f5tmeid erinevatele Hyundai autode mudelitele. See v\u00f5ib olla v\u00f5ti ilma puldita, v\u00f5ti koos puldiga. Pakume ka arukat v\u00f5tit (v\u00f5tmeta s\u00fc\u00fctes\u00fcsteem koos START\/STOP nupuga). Autov\u00f5tmete tootmine  Uute autov\u00f5tmete valmistamine, v\u00f5tmete programmeerimine (\"sidumine\" autoga)  Varem kaotatud v\u00f5tmete kustutamine auto m\u00e4lust  S\u00fc\u00fctev\u00f5tme tootmine vastavalt lukule  Autov\u00f5tmete remont (nuppude, kestade, mehhanismide vahetus)  Autode avamine h\u00e4daolukorras  V\u00f5tmete, v\u00f5tmekastide kaubandus  DPF \/ FAP tarkvara v\u00e4ljal\u00fclitamine  Programmiline EGR eemaldamine  Kasutust\u00f5kise tarkvara deaktiveerimine (immo Off)  Mootori kontrollploki (ECU) remont, kloonimine, programmeerimine  SRS (turvapadja juhtseadme programmeerimine)  kaubad saadetakse 3 t\u00f6\u00f6p\u00e4eva jooksul.*","og_url":"https:\/\/keys-for-auto.eu\/et\/product\/votmete-tootmine-hyundai-autodele\/","og_site_name":"Keys for auto","article_publisher":"https:\/\/www.facebook.com\/KeysForAutoEU","twitter_card":"summary_large_image","twitter_misc":{"Est. reading time":"1 minut"},"schema":{"@context":"https:\/\/schema.org","@graph":[{"@type":["WebPage","ItemPage"],"@id":"https:\/\/keys-for-auto.eu\/et\/product\/votmete-tootmine-hyundai-autodele\/","url":"https:\/\/keys-for-auto.eu\/et\/product\/votmete-tootmine-hyundai-autodele\/","name":"Hyundai autode v\u00f5tmete tootmine - Keys for auto%","isPartOf":{"@id":"https:\/\/keys-for-auto.eu\/et\/#website"},"primaryImageOfPage":{"@id":"https:\/\/keys-for-auto.eu\/et\/product\/votmete-tootmine-hyundai-autodele\/#primaryimage"},"image":{"@id":"https:\/\/keys-for-auto.eu\/et\/product\/votmete-tootmine-hyundai-autodele\/#primaryimage"},"thumbnailUrl":"","datePublished":"2017-09-14T21:23:00+00:00","breadcrumb":{"@id":"https:\/\/keys-for-auto.eu\/et\/product\/votmete-tootmine-hyundai-autodele\/#breadcrumb"},"inLanguage":"et","potentialAction":[{"@type":"ReadAction","target":["https:\/\/keys-for-auto.eu\/et\/product\/votmete-tootmine-hyundai-autodele\/"]}]},{"@type":"ImageObject","inLanguage":"et","@id":"https:\/\/keys-for-auto.eu\/et\/product\/votmete-tootmine-hyundai-autodele\/#primaryimage","url":"","contentUrl":"","caption":"Hyundai autode v\u00f5tmete tootmine"},{"@type":"BreadcrumbList","@id":"https:\/\/keys-for-auto.eu\/et\/product\/votmete-tootmine-hyundai-autodele\/#breadcrumb","itemListElement":[{"@type":"ListItem","position":1,"name":"Kodu","item":"https:\/\/keys-for-auto.eu\/et\/"},{"@type":"ListItem","position":2,"name":"Shop","item":"https:\/\/keys-for-auto.eu\/"},{"@type":"ListItem","position":3,"name":"Hyundai autode v\u00f5tmete tootmine"}]},{"@type":"WebSite","@id":"https:\/\/keys-for-auto.eu\/et\/#website","url":"https:\/\/keys-for-auto.eu\/et\/","name":"Keys for auto","description":"Car keys,  key shells, key programming","publisher":{"@id":"https:\/\/keys-for-auto.eu\/et\/#organization"},"potentialAction":[{"@type":"SearchAction","target":{"@type":"EntryPoint","urlTemplate":"https:\/\/keys-for-auto.eu\/et\/?s={search_term_string}"},"query-input":{"@type":"PropertyValueSpecification","valueRequired":true,"valueName":"search_term_string"}}],"inLanguage":"et"},{"@type":"Organization","@id":"https:\/\/keys-for-auto.eu\/et\/#organization","name":"Auto v\u00f5tmed","url":"https:\/\/keys-for-auto.eu\/et\/","logo":{"@type":"ImageObject","inLanguage":"et","@id":"https:\/\/keys-for-auto.eu\/et\/#\/schema\/logo\/image\/","url":"https:\/\/keys-for-auto.eu\/wp-content\/uploads\/2022\/11\/cropped-png1.png","contentUrl":"https:\/\/keys-for-auto.eu\/wp-content\/uploads\/2022\/11\/cropped-png1.png","width":1000,"height":342,"caption":"Auto v\u00f5tmed"},"image":{"@id":"https:\/\/keys-for-auto.eu\/et\/#\/schema\/logo\/image\/"},"sameAs":["https:\/\/www.facebook.com\/KeysForAutoEU"]}]}},"_links":{"self":[{"href":"https:\/\/keys-for-auto.eu\/et\/wp-json\/wp\/v2\/product\/20321","targetHints":{"allow":["GET"]}}],"collection":[{"href":"https:\/\/keys-for-auto.eu\/et\/wp-json\/wp\/v2\/product"}],"about":[{"href":"https:\/\/keys-for-auto.eu\/et\/wp-json\/wp\/v2\/types\/product"}],"replies":[{"embeddable":true,"href":"https:\/\/keys-for-auto.eu\/et\/wp-json\/wp\/v2\/comments?post=20321"}],"wp:featuredmedia":[{"embeddable":true,"href":"https:\/\/keys-for-auto.eu\/et\/wp-json\/wp\/v2\/media\/18289"}],"wp:attachment":[{"href":"https:\/\/keys-for-auto.eu\/et\/wp-json\/wp\/v2\/media?parent=20321"}],"wp:term":[{"taxonomy":"product_brand","embeddable":true,"href":"https:\/\/keys-for-auto.eu\/et\/wp-json\/wp\/v2\/product_brand?post=20321"},{"taxonomy":"product_cat","embeddable":true,"href":"https:\/\/keys-for-auto.eu\/et\/wp-json\/wp\/v2\/product_cat?post=20321"},{"taxonomy":"product_tag","embeddable":true,"href":"https:\/\/keys-for-auto.eu\/et\/wp-json\/wp\/v2\/product_tag?post=20321"}],"curies":[{"name":"wp","href":"https:\/\/api.w.org\/{rel}","templated":true}]}}