{"id":20314,"date":"2017-06-17T15:57:03","date_gmt":"2017-06-17T15:57:03","guid":{"rendered":"https:\/\/keys-for-auto.eu\/product\/volkswageni-autode-votmete-tootmine\/"},"modified":"2017-06-17T15:57:03","modified_gmt":"2017-06-17T15:57:03","slug":"votmete-valmistamine-von-volkswagen-autodele","status":"publish","type":"product","link":"https:\/\/keys-for-auto.eu\/et\/product\/votmete-valmistamine-von-volkswagen-autodele\/","title":{"rendered":"Volkswageni autode v\u00f5tmete tootmine"},"content":{"rendered":"<h2>Volkswageni v\u00f5tmete tootmine<\/h2>\n<p>Volkswageni v\u00f5tmete tootmine. Volkswageni auto s\u00fc\u00fctev\u00f5tme kaotamine on \u00fcsna ebameeldiv episood autoomaniku elus, sest v\u00f5tmes on sisseehitatud kiip. Sellise seadme taastamine lukust on \u00fcsna kallis teenus. Seet\u00f5ttu tasub eelnevalt, ideaalis kohe p\u00e4rast s\u00f5iduki ostmist, hankida lisav\u00f5ti. See kehtib eriti juhul, kui tegemist on ainukese v\u00f5tmega.<\/p>\n<h3>Intelligentne s\u00fcsteem<\/h3>\n<p>Kaasaegsed Saksa autod on varustatud mikrokiibiga v\u00f5tmehoidjaga. Lukustusseade suhtleb s\u00f5idukiga ja kinnitab, et omanik on see, kes soovib autosse siseneda. Kui TP avatakse v\u00e4ljastpoolt ilma sellise v\u00f5tmeta, k\u00e4sitleb auto seda kui katset \u00e4ra s\u00f5ita. \u00dcks v\u00f5i mitu s\u00fcsteemi on lukustatud: k\u00e4igukast, rooliratas jne.<\/p>\n<p>Saladus seisneb selles, et v\u00f5ti ja auto on seotud unikaalse koodiga, mis on omane konkreetsele TP-le. Signaali valimine ja programmeerimine on k\u00f5ige keerulisem osa lukustusseadme valmistamisel. Uue v\u00f5tme \u00fcmberprogrammeerimise seadmed on saadaval ainult volitatud edasim\u00fc\u00fcjatel ja spetsialiseeritud teeninduskeskustes.<\/p>\n<p>V\u00f5tme valmistamist ei tasu proovida ise: v\u00f5tme mehaanilist osa v\u00f5ib olla v\u00f5imalik valmistada. Kuid vajaliku teabe \u00fcleslaadimine kiibile on ebat\u00f5en\u00e4oline. Kui p\u00fc\u00fcate valida unikaalse koodi, peab auto seda sissemurdmiskatseks ja paigaldab vargusevastase s\u00fcsteemi.<\/p>\n<p>Lisaks tuleb p\u00e4rast numbrilise koodi programmeerimist m\u00e4\u00e4rata v\u00f5tmele lisafunktsioonid: uste ja pagasiruumi kauglukustuse avamine, akende ja panoraamkatte sulgemine jne. J\u00e4llegi, ainult spetsialistid saavad selliseid k\u00e4ske kiibile lisada.<br \/>\nSeega on Volkswageni autov\u00f5tmete valmistamine vastutustundlik ja t\u00f6\u00f6mahukas protsess. See n\u00f5uab kvalifitseeritud tehniliste t\u00f6\u00f6tajate j\u00f5upingutusi, sest vastasel juhul v\u00f5ivad auto k\u00f5ige olulisemad s\u00fcsteemid blokeeruda. Seet\u00f5ttu tuleb uue seadme tarkvara paigaldamine teostada ainult spetsialiseeritud teeninduskeskuses. Meie spetsialistid saavad aidata.<\/p>\n<h3>Volkswageni v\u00f5tme tootmine<\/h3>\n<ul>\n<li>Volkswagen Beetle v\u00f5tme valmistamine<\/li>\n<li>Volkswagen Bora v\u00f5tmete tootmine<\/li>\n<li>Volkswagen Caddy v\u00f5tmete tootmine<\/li>\n<li>Volkswagen Eos v\u00f5tmete tootmine<\/li>\n<li>Volkswagen Fox v\u00f5tmete tootmine<\/li>\n<li>Volkswagen Golfi v\u00f5tmete tootmine<\/li>\n<li>Volkswagen Jetta v\u00f5tmete tootmine<\/li>\n<li>Volkswagen Lupo v\u00f5tmete tootmine<\/li>\n<li>Volkswagen Passati v\u00f5tmete tootmine<\/li>\n<li>Volkswagen Polo v\u00f5tmete tootmine<\/li>\n<li>Volkswagen Sharani v\u00f5tmete tootmine<\/li>\n<li>Volkswagen Tiguan v\u00f5tmete tootmine<\/li>\n<li>Volkswagen Touareg v\u00f5tmete tootmine<\/li>\n<li>Volkswagen Tourani v\u00f5tmete tootmine<\/li>\n<li>Volkswagen Transporteri v\u00f5tmete tootmine<\/li>\n<\/ul>\n<p>ja muud&#8230;<\/p>\n","protected":false},"excerpt":{"rendered":"<h2>Volkswageni v\u00f5tmete tootmine<\/h2>\n<ul>\n<li>Volkswageni v\u00f5tmete tootmine<\/li>\n<li>Volkswageni v\u00f5tmed<\/li>\n<li>Volkswageni v\u00f5tmekastid<\/li>\n<li>Volkswageni v\u00f5tme remont<\/li>\n<li>Volkswageni v\u00f5tmete programmeerimine<\/li>\n<li>Volkswageni autode avarii avamine<\/li>\n<li>Me valmistame teie Volkswageni autole kiiresti ja t\u00f5husalt v\u00f5tme.<\/li>\n<\/ul>\n<h3>Volkswageni v\u00f5tmete tootmine.<\/h3>\n<p>T\u00f6\u00f6tame ainult kaasaegsete arvutip\u00f5histe seadmetega, mille abil valmistame teie Volkswageni autole kvaliteetse ja kauakestva v\u00f5tme. Kui teil on ainult \u00fcks v\u00f5ti v\u00f5i kui teie Volkswageni v\u00f5ti ei k\u00e4ivita teie autot alati, soovitame teil osta varuv\u00f5ti. See s\u00e4\u00e4stab teie aega ja raha.<\/p>\n<p>Valmistame v\u00f5tmeid erinevatele Volkswageni mudelitele. See v\u00f5ib olla lihtne v\u00f5ti, kasutust\u00f5kisega v\u00f5ti. Pakume ka nutikat v\u00f5tit<em><br \/>\n  <strong> (v\u00f5tmeta s\u00fc\u00fctes\u00fcsteem START\/STOP nupuga<\/strong><br \/>\n<\/em>)<\/p>\n<h3><strong>Autov\u00f5tmete tootmine<\/strong><\/h3>\n<ul>\n<li><strong>Uute autov\u00f5tmete valmistamine, v\u00f5tmete programmeerimine (&#8220;sidumine&#8221; autoga)<\/strong><\/li>\n<li><strong>Varem kaotatud v\u00f5tmete kustutamine auto m\u00e4lust<\/strong><\/li>\n<li><strong>S\u00fc\u00fctev\u00f5tme tootmine vastavalt lukule<\/strong><\/li>\n<li><strong>Autov\u00f5tmete remont (nuppude, kestade, mehhanismide vahetus)<\/strong><\/li>\n<li><strong>Autode avamine h\u00e4daolukorras<\/strong><\/li>\n<li><strong>V\u00f5tmete, v\u00f5tmekastide kaubandus<\/strong><\/li>\n<li><strong>DPF \/ FAP tarkvara v\u00e4ljal\u00fclitamine<\/strong><\/li>\n<li><strong>Programmiline EGR eemaldamine<\/strong><\/li>\n<li><strong>Kasutust\u00f5kise tarkvara deaktiveerimine (immo Off)<\/strong><\/li>\n<li><strong>Mootori kontrollploki (ECU) remont, kloonimine, programmeerimine<\/strong><\/li>\n<li><strong>SRS (turvapadja juhtseadme programmeerimine)<\/strong><\/li>\n<\/ul>\n<h4><strong>  kaubad saadetakse 3 t\u00f6\u00f6p\u00e4eva jooksul.*<\/strong><\/h4>\n","protected":false},"featured_media":19280,"comment_status":"open","ping_status":"closed","template":"","meta":[],"product_brand":[],"product_cat":[3717,3989],"product_tag":[4060,3959,4061,4023,3734,4062,4022,3727,4063,4003,4064,4065,3928,3963,3740,4066,3971,3775,4067,3983,3723,4068,3937,3742,4071,4024,4072,3988,3726,3945,3751,3927,3779,3720,4070,4069,4035,4029],"class_list":{"0":"post-20314","1":"product","2":"type-product","3":"status-publish","4":"has-post-thumbnail","6":"product_cat-volkswagen-et","7":"product_cat-votmete-tootmine","8":"product_tag-volkswagen-beetle-et","9":"product_tag-volkswagen-beetle-voti","10":"product_tag-volkswagen-bora-et","11":"product_tag-volkswagen-bora-voti","12":"product_tag-volkswagen-bora-votmekoorik","13":"product_tag-volkswagen-cc-et","14":"product_tag-volkswagen-cc-voti","15":"product_tag-volkswagen-cc-votme-kest","16":"product_tag-volkswagen-crafter-et","17":"product_tag-volkswagen-crafter-voti","18":"product_tag-volkswagen-golf-et","19":"product_tag-volkswagen-golf-7-et","20":"product_tag-volkswagen-golf-7-voti","21":"product_tag-volkswagen-golfi-voti","22":"product_tag-volkswagen-golfi-votmekoorik","23":"product_tag-volkswagen-jetta-et","24":"product_tag-volkswagen-jetta-voti","25":"product_tag-volkswagen-jetta-votme-kest","26":"product_tag-volkswagen-passat-et","27":"product_tag-volkswagen-passat-voti","28":"product_tag-volkswagen-passat-votme-kest","29":"product_tag-volkswagen-polo-et","30":"product_tag-volkswagen-polo-voti","31":"product_tag-volkswagen-polo-votmekoorik","32":"product_tag-volkswagen-sharan-et","33":"product_tag-volkswagen-sharani-voti","34":"product_tag-volkswagen-tiguan-et","35":"product_tag-volkswagen-tiguan-voti","36":"product_tag-volkswagen-touareg-votmekoorik","37":"product_tag-volkswagen-tourani-voti","38":"product_tag-volkswagen-tourani-votmekest","39":"product_tag-volkswageni-voti","40":"product_tag-volkswageni-voti-passati-kest","41":"product_tag-volkswageni-votme-kest","42":"product_tag-volkswageni-votme-programmeerimine","43":"product_tag-volkswageni-votmete-tootmine","44":"product_tag-votmete-programmeerimine","45":"product_tag-votmete-tootmine-et","47":"first","48":"instock","49":"shipping-taxable","50":"product-type-simple"},"yoast_head":"<!-- This site is optimized with the Yoast SEO plugin v27.3 - https:\/\/yoast.com\/product\/yoast-seo-wordpress\/ -->\n<title>Volkswageni autode v\u00f5tmete tootmine - Keys for auto%<\/title>\n<meta name=\"robots\" content=\"index, follow, max-snippet:-1, max-image-preview:large, max-video-preview:-1\" \/>\n<link rel=\"canonical\" href=\"https:\/\/keys-for-auto.eu\/et\/product\/votmete-valmistamine-von-volkswagen-autodele\/\" \/>\n<meta property=\"og:locale\" content=\"et_EE\" \/>\n<meta property=\"og:type\" content=\"article\" \/>\n<meta property=\"og:title\" content=\"Volkswageni autode v\u00f5tmete tootmine - Keys for auto%\" \/>\n<meta property=\"og:description\" content=\"Volkswageni v\u00f5tmete tootmine  Volkswageni v\u00f5tmete tootmine  Volkswageni v\u00f5tmed  Volkswageni v\u00f5tmekastid  Volkswageni v\u00f5tme remont  Volkswageni v\u00f5tmete programmeerimine  Volkswageni autode avarii avamine  Me valmistame teie Volkswageni autole kiiresti ja t\u00f5husalt v\u00f5tme. Volkswageni v\u00f5tmete tootmine. T\u00f6\u00f6tame ainult kaasaegsete arvutip\u00f5histe seadmetega, mille abil valmistame teie Volkswageni autole kvaliteetse ja kauakestva v\u00f5tme. Kui teil on ainult \u00fcks v\u00f5ti v\u00f5i kui teie Volkswageni v\u00f5ti ei k\u00e4ivita teie autot alati, soovitame teil osta varuv\u00f5ti. See s\u00e4\u00e4stab teie aega ja raha. Valmistame v\u00f5tmeid erinevatele Volkswageni mudelitele. See v\u00f5ib olla lihtne v\u00f5ti, kasutust\u00f5kisega v\u00f5ti. Pakume ka nutikat v\u00f5tit  (v\u00f5tmeta s\u00fc\u00fctes\u00fcsteem START\/STOP nupuga ) Autov\u00f5tmete tootmine  Uute autov\u00f5tmete valmistamine, v\u00f5tmete programmeerimine (&quot;sidumine&quot; autoga)  Varem kaotatud v\u00f5tmete kustutamine auto m\u00e4lust  S\u00fc\u00fctev\u00f5tme tootmine vastavalt lukule  Autov\u00f5tmete remont (nuppude, kestade, mehhanismide vahetus)  Autode avamine h\u00e4daolukorras  V\u00f5tmete, v\u00f5tmekastide kaubandus  DPF \/ FAP tarkvara v\u00e4ljal\u00fclitamine  Programmiline EGR eemaldamine  Kasutust\u00f5kise tarkvara deaktiveerimine (immo Off)  Mootori kontrollploki (ECU) remont, kloonimine, programmeerimine  SRS (turvapadja juhtseadme programmeerimine)  kaubad saadetakse 3 t\u00f6\u00f6p\u00e4eva jooksul.*\" \/>\n<meta property=\"og:url\" content=\"https:\/\/keys-for-auto.eu\/et\/product\/votmete-valmistamine-von-volkswagen-autodele\/\" \/>\n<meta property=\"og:site_name\" content=\"Keys for auto\" \/>\n<meta property=\"article:publisher\" content=\"https:\/\/www.facebook.com\/KeysForAutoEU\" \/>\n<meta name=\"twitter:card\" content=\"summary_large_image\" \/>\n<meta name=\"twitter:label1\" content=\"Est. reading time\" \/>\n\t<meta name=\"twitter:data1\" content=\"2 minutit\" \/>\n<script type=\"application\/ld+json\" class=\"yoast-schema-graph\">{\"@context\":\"https:\\\/\\\/schema.org\",\"@graph\":[{\"@type\":[\"WebPage\",\"ItemPage\"],\"@id\":\"https:\\\/\\\/keys-for-auto.eu\\\/et\\\/product\\\/votmete-valmistamine-von-volkswagen-autodele\\\/\",\"url\":\"https:\\\/\\\/keys-for-auto.eu\\\/et\\\/product\\\/votmete-valmistamine-von-volkswagen-autodele\\\/\",\"name\":\"Volkswageni autode v\u00f5tmete tootmine - Keys for auto%\",\"isPartOf\":{\"@id\":\"https:\\\/\\\/keys-for-auto.eu\\\/et\\\/#website\"},\"primaryImageOfPage\":{\"@id\":\"https:\\\/\\\/keys-for-auto.eu\\\/et\\\/product\\\/votmete-valmistamine-von-volkswagen-autodele\\\/#primaryimage\"},\"image\":{\"@id\":\"https:\\\/\\\/keys-for-auto.eu\\\/et\\\/product\\\/votmete-valmistamine-von-volkswagen-autodele\\\/#primaryimage\"},\"thumbnailUrl\":\"\",\"datePublished\":\"2017-06-17T15:57:03+00:00\",\"breadcrumb\":{\"@id\":\"https:\\\/\\\/keys-for-auto.eu\\\/et\\\/product\\\/votmete-valmistamine-von-volkswagen-autodele\\\/#breadcrumb\"},\"inLanguage\":\"et\",\"potentialAction\":[{\"@type\":\"ReadAction\",\"target\":[\"https:\\\/\\\/keys-for-auto.eu\\\/et\\\/product\\\/votmete-valmistamine-von-volkswagen-autodele\\\/\"]}]},{\"@type\":\"ImageObject\",\"inLanguage\":\"et\",\"@id\":\"https:\\\/\\\/keys-for-auto.eu\\\/et\\\/product\\\/votmete-valmistamine-von-volkswagen-autodele\\\/#primaryimage\",\"url\":\"\",\"contentUrl\":\"\",\"caption\":\"Volkswageni autode v\u00f5tmete tootmine\"},{\"@type\":\"BreadcrumbList\",\"@id\":\"https:\\\/\\\/keys-for-auto.eu\\\/et\\\/product\\\/votmete-valmistamine-von-volkswagen-autodele\\\/#breadcrumb\",\"itemListElement\":[{\"@type\":\"ListItem\",\"position\":1,\"name\":\"Kodu\",\"item\":\"https:\\\/\\\/keys-for-auto.eu\\\/et\\\/\"},{\"@type\":\"ListItem\",\"position\":2,\"name\":\"Shop\",\"item\":\"https:\\\/\\\/keys-for-auto.eu\\\/\"},{\"@type\":\"ListItem\",\"position\":3,\"name\":\"Volkswageni autode v\u00f5tmete tootmine\"}]},{\"@type\":\"WebSite\",\"@id\":\"https:\\\/\\\/keys-for-auto.eu\\\/et\\\/#website\",\"url\":\"https:\\\/\\\/keys-for-auto.eu\\\/et\\\/\",\"name\":\"Keys for auto\",\"description\":\"Car keys,  key shells, key programming\",\"publisher\":{\"@id\":\"https:\\\/\\\/keys-for-auto.eu\\\/et\\\/#organization\"},\"potentialAction\":[{\"@type\":\"SearchAction\",\"target\":{\"@type\":\"EntryPoint\",\"urlTemplate\":\"https:\\\/\\\/keys-for-auto.eu\\\/et\\\/?s={search_term_string}\"},\"query-input\":{\"@type\":\"PropertyValueSpecification\",\"valueRequired\":true,\"valueName\":\"search_term_string\"}}],\"inLanguage\":\"et\"},{\"@type\":\"Organization\",\"@id\":\"https:\\\/\\\/keys-for-auto.eu\\\/et\\\/#organization\",\"name\":\"Auto v\u00f5tmed\",\"url\":\"https:\\\/\\\/keys-for-auto.eu\\\/et\\\/\",\"logo\":{\"@type\":\"ImageObject\",\"inLanguage\":\"et\",\"@id\":\"https:\\\/\\\/keys-for-auto.eu\\\/et\\\/#\\\/schema\\\/logo\\\/image\\\/\",\"url\":\"https:\\\/\\\/keys-for-auto.eu\\\/wp-content\\\/uploads\\\/2022\\\/11\\\/cropped-png1.png\",\"contentUrl\":\"https:\\\/\\\/keys-for-auto.eu\\\/wp-content\\\/uploads\\\/2022\\\/11\\\/cropped-png1.png\",\"width\":1000,\"height\":342,\"caption\":\"Auto v\u00f5tmed\"},\"image\":{\"@id\":\"https:\\\/\\\/keys-for-auto.eu\\\/et\\\/#\\\/schema\\\/logo\\\/image\\\/\"},\"sameAs\":[\"https:\\\/\\\/www.facebook.com\\\/KeysForAutoEU\"]}]}<\/script>\n<!-- \/ Yoast SEO plugin. -->","yoast_head_json":{"title":"Volkswageni autode v\u00f5tmete tootmine - Keys for auto%","robots":{"index":"index","follow":"follow","max-snippet":"max-snippet:-1","max-image-preview":"max-image-preview:large","max-video-preview":"max-video-preview:-1"},"canonical":"https:\/\/keys-for-auto.eu\/et\/product\/votmete-valmistamine-von-volkswagen-autodele\/","og_locale":"et_EE","og_type":"article","og_title":"Volkswageni autode v\u00f5tmete tootmine - Keys for auto%","og_description":"Volkswageni v\u00f5tmete tootmine  Volkswageni v\u00f5tmete tootmine  Volkswageni v\u00f5tmed  Volkswageni v\u00f5tmekastid  Volkswageni v\u00f5tme remont  Volkswageni v\u00f5tmete programmeerimine  Volkswageni autode avarii avamine  Me valmistame teie Volkswageni autole kiiresti ja t\u00f5husalt v\u00f5tme. Volkswageni v\u00f5tmete tootmine. T\u00f6\u00f6tame ainult kaasaegsete arvutip\u00f5histe seadmetega, mille abil valmistame teie Volkswageni autole kvaliteetse ja kauakestva v\u00f5tme. Kui teil on ainult \u00fcks v\u00f5ti v\u00f5i kui teie Volkswageni v\u00f5ti ei k\u00e4ivita teie autot alati, soovitame teil osta varuv\u00f5ti. See s\u00e4\u00e4stab teie aega ja raha. Valmistame v\u00f5tmeid erinevatele Volkswageni mudelitele. See v\u00f5ib olla lihtne v\u00f5ti, kasutust\u00f5kisega v\u00f5ti. Pakume ka nutikat v\u00f5tit  (v\u00f5tmeta s\u00fc\u00fctes\u00fcsteem START\/STOP nupuga ) Autov\u00f5tmete tootmine  Uute autov\u00f5tmete valmistamine, v\u00f5tmete programmeerimine (\"sidumine\" autoga)  Varem kaotatud v\u00f5tmete kustutamine auto m\u00e4lust  S\u00fc\u00fctev\u00f5tme tootmine vastavalt lukule  Autov\u00f5tmete remont (nuppude, kestade, mehhanismide vahetus)  Autode avamine h\u00e4daolukorras  V\u00f5tmete, v\u00f5tmekastide kaubandus  DPF \/ FAP tarkvara v\u00e4ljal\u00fclitamine  Programmiline EGR eemaldamine  Kasutust\u00f5kise tarkvara deaktiveerimine (immo Off)  Mootori kontrollploki (ECU) remont, kloonimine, programmeerimine  SRS (turvapadja juhtseadme programmeerimine)  kaubad saadetakse 3 t\u00f6\u00f6p\u00e4eva jooksul.*","og_url":"https:\/\/keys-for-auto.eu\/et\/product\/votmete-valmistamine-von-volkswagen-autodele\/","og_site_name":"Keys for auto","article_publisher":"https:\/\/www.facebook.com\/KeysForAutoEU","twitter_card":"summary_large_image","twitter_misc":{"Est. reading time":"2 minutit"},"schema":{"@context":"https:\/\/schema.org","@graph":[{"@type":["WebPage","ItemPage"],"@id":"https:\/\/keys-for-auto.eu\/et\/product\/votmete-valmistamine-von-volkswagen-autodele\/","url":"https:\/\/keys-for-auto.eu\/et\/product\/votmete-valmistamine-von-volkswagen-autodele\/","name":"Volkswageni autode v\u00f5tmete tootmine - Keys for auto%","isPartOf":{"@id":"https:\/\/keys-for-auto.eu\/et\/#website"},"primaryImageOfPage":{"@id":"https:\/\/keys-for-auto.eu\/et\/product\/votmete-valmistamine-von-volkswagen-autodele\/#primaryimage"},"image":{"@id":"https:\/\/keys-for-auto.eu\/et\/product\/votmete-valmistamine-von-volkswagen-autodele\/#primaryimage"},"thumbnailUrl":"","datePublished":"2017-06-17T15:57:03+00:00","breadcrumb":{"@id":"https:\/\/keys-for-auto.eu\/et\/product\/votmete-valmistamine-von-volkswagen-autodele\/#breadcrumb"},"inLanguage":"et","potentialAction":[{"@type":"ReadAction","target":["https:\/\/keys-for-auto.eu\/et\/product\/votmete-valmistamine-von-volkswagen-autodele\/"]}]},{"@type":"ImageObject","inLanguage":"et","@id":"https:\/\/keys-for-auto.eu\/et\/product\/votmete-valmistamine-von-volkswagen-autodele\/#primaryimage","url":"","contentUrl":"","caption":"Volkswageni autode v\u00f5tmete tootmine"},{"@type":"BreadcrumbList","@id":"https:\/\/keys-for-auto.eu\/et\/product\/votmete-valmistamine-von-volkswagen-autodele\/#breadcrumb","itemListElement":[{"@type":"ListItem","position":1,"name":"Kodu","item":"https:\/\/keys-for-auto.eu\/et\/"},{"@type":"ListItem","position":2,"name":"Shop","item":"https:\/\/keys-for-auto.eu\/"},{"@type":"ListItem","position":3,"name":"Volkswageni autode v\u00f5tmete tootmine"}]},{"@type":"WebSite","@id":"https:\/\/keys-for-auto.eu\/et\/#website","url":"https:\/\/keys-for-auto.eu\/et\/","name":"Keys for auto","description":"Car keys,  key shells, key programming","publisher":{"@id":"https:\/\/keys-for-auto.eu\/et\/#organization"},"potentialAction":[{"@type":"SearchAction","target":{"@type":"EntryPoint","urlTemplate":"https:\/\/keys-for-auto.eu\/et\/?s={search_term_string}"},"query-input":{"@type":"PropertyValueSpecification","valueRequired":true,"valueName":"search_term_string"}}],"inLanguage":"et"},{"@type":"Organization","@id":"https:\/\/keys-for-auto.eu\/et\/#organization","name":"Auto v\u00f5tmed","url":"https:\/\/keys-for-auto.eu\/et\/","logo":{"@type":"ImageObject","inLanguage":"et","@id":"https:\/\/keys-for-auto.eu\/et\/#\/schema\/logo\/image\/","url":"https:\/\/keys-for-auto.eu\/wp-content\/uploads\/2022\/11\/cropped-png1.png","contentUrl":"https:\/\/keys-for-auto.eu\/wp-content\/uploads\/2022\/11\/cropped-png1.png","width":1000,"height":342,"caption":"Auto v\u00f5tmed"},"image":{"@id":"https:\/\/keys-for-auto.eu\/et\/#\/schema\/logo\/image\/"},"sameAs":["https:\/\/www.facebook.com\/KeysForAutoEU"]}]}},"_links":{"self":[{"href":"https:\/\/keys-for-auto.eu\/et\/wp-json\/wp\/v2\/product\/20314","targetHints":{"allow":["GET"]}}],"collection":[{"href":"https:\/\/keys-for-auto.eu\/et\/wp-json\/wp\/v2\/product"}],"about":[{"href":"https:\/\/keys-for-auto.eu\/et\/wp-json\/wp\/v2\/types\/product"}],"replies":[{"embeddable":true,"href":"https:\/\/keys-for-auto.eu\/et\/wp-json\/wp\/v2\/comments?post=20314"}],"wp:featuredmedia":[{"embeddable":true,"href":"https:\/\/keys-for-auto.eu\/et\/wp-json\/wp\/v2\/media\/19280"}],"wp:attachment":[{"href":"https:\/\/keys-for-auto.eu\/et\/wp-json\/wp\/v2\/media?parent=20314"}],"wp:term":[{"taxonomy":"product_brand","embeddable":true,"href":"https:\/\/keys-for-auto.eu\/et\/wp-json\/wp\/v2\/product_brand?post=20314"},{"taxonomy":"product_cat","embeddable":true,"href":"https:\/\/keys-for-auto.eu\/et\/wp-json\/wp\/v2\/product_cat?post=20314"},{"taxonomy":"product_tag","embeddable":true,"href":"https:\/\/keys-for-auto.eu\/et\/wp-json\/wp\/v2\/product_tag?post=20314"}],"curies":[{"name":"wp","href":"https:\/\/api.w.org\/{rel}","templated":true}]}}