{"id":20309,"date":"2017-12-05T20:08:35","date_gmt":"2017-12-05T20:08:35","guid":{"rendered":"https:\/\/keys-for-auto.eu\/product\/alfa-romeo-autode-votmete-tootmine\/"},"modified":"2017-12-05T20:08:35","modified_gmt":"2017-12-05T20:08:35","slug":"production-of-keys-for-alfa-romeo-cars","status":"publish","type":"product","link":"https:\/\/keys-for-auto.eu\/et\/product\/production-of-keys-for-alfa-romeo-cars\/","title":{"rendered":"Alfa Romeo autode v\u00f5tmete tootmine"},"content":{"rendered":"<p>Alfa Romeo v\u00f5tmete tootmine. Rikkad eurooplased armastavad vanas\u00f5na: &#8220;Kui see on \u00fclikond, siis on see r\u00e4tsepat\u00f6\u00f6na; kui see on auto, siis on see Alfa Romeo&#8221;. See Itaalia autot\u00f6\u00f6stuse looming on suurep\u00e4rane n\u00e4ide kaasaegsest tehnoloogiast ja tehnilistest saavutustest, mis tagavad s\u00f5iduki mugavuse ja ohutuse. Seega on selle automargi v\u00f5tmed lahutamatu osa CODE intelligentsest standardturvas\u00fcsteemist. Millised on avamisseadme tootmisomadused?<\/p>\n<h2>Alfa Romeo v\u00f5tmetootmine | Professionaalne t\u00f6\u00f6<\/h2>\n<p>Tavaliselt on kaasaegse Alfa Romeo auto v\u00f5tmetel v\u00e4ike transiiver, mis saadab auto individuaalse koodi armatuurlaual asuvale kasutust\u00f5kise seadmele. Kui elektroonilise vargusvastase seadme saadud teave on \u00f5ige, v\u00f5etakse TP kasutusele. Kui aga \u00fcritate s\u00f5iduki lukustust avada ja k\u00e4ivitada vale koodiga v\u00f5tmega, blokeeritakse auto mootor.<\/p>\n<p>Itaalia kontserni auto individuaalsed andmed on esitatud spetsiaalsel sildil, mis v\u00e4ljastatakse TP ostmisel. Lukustusseadme kadumise korral vajab ettev\u00f5tte edasim\u00fc\u00fcja seda teavet uue v\u00f5tme valmistamiseks. Tuleb meeles pidada, et Alfa Romeo kasutust\u00f5kis saab registreerida maksimaalselt 7 turvas\u00fcsteemiga \u00fchilduvat seadet. Seega v\u00f5ib olla ainult 7 v\u00f5tit.<\/p>\n<p>Ei tasu proovida ise avada lukustusseadet teha. Selle koodi valimisel on v\u00f5imalik teha viga, auto loeb seda katseks \u00e4ra s\u00f5ita ja lukustab mootori. Alfa Romeo v\u00f5tmete valmistamine on parem usaldada professionaalidele. Eriseadmete abil valmistavad nad v\u00f5tme mehaanilise osa (tavaliselt peidetud v\u00f5tmehoidja sisse), paigaldavad individuaalse koodiga anduri, s\u00fcnkroniseerivad signaali kasutust\u00f5kise, koordineerivad kaugjuurdep\u00e4\u00e4su ukselukkudele, pagasiruumi, luugile, kindalaekale jne. Seega t\u00f6\u00f6tavad k\u00f5ik TP-s\u00fcsteemid usaldusv\u00e4\u00e4rselt ja t\u00f5rgeteta.<\/p>\n","protected":false},"excerpt":{"rendered":"<h2>Valmistame ja programmeerime v\u00f5tmeid Alfa Romeo autodele.<\/h2>\n<ul>\n<li>Alfa Romeo v\u00f5tmete tootmine<\/li>\n<li>Alfa Romeo v\u00f5tme programmeerimine<\/li>\n<li>Alfa Romeo v\u00f5tme remont<\/li>\n<li>Alfa Romeo v\u00f5tmekastid<\/li>\n<li>Alfa Romeo autode avarii avamine<\/li>\n<\/ul>\n<h3><strong>Autov\u00f5tmete tootmine<\/strong><\/h3>\n<ul>\n<li><strong>Uute autov\u00f5tmete valmistamine, v\u00f5tmete programmeerimine (&#8220;sidumine&#8221; autoga)<\/strong><\/li>\n<li><strong>Varem kaotatud v\u00f5tmete kustutamine auto m\u00e4lust<\/strong><\/li>\n<li><strong>S\u00fc\u00fctev\u00f5tme tootmine vastavalt lukule<\/strong><\/li>\n<li><strong>Autov\u00f5tmete remont (nuppude, kestade, mehhanismide vahetus)<\/strong><\/li>\n<li><strong>Autode avamine h\u00e4daolukorras<\/strong><\/li>\n<li><strong>V\u00f5tmete, v\u00f5tmekastide kaubandus<\/strong><\/li>\n<li><strong>DPF \/ FAP tarkvara v\u00e4ljal\u00fclitamine<\/strong><\/li>\n<li><strong>Programmiline EGR eemaldamine<\/strong><\/li>\n<li><strong>Kasutust\u00f5kise tarkvara deaktiveerimine (immo Off)<\/strong><\/li>\n<li><strong>Mootori kontrollploki (ECU) remont, kloonimine, programmeerimine<\/strong><\/li>\n<li><strong>SRS (turvapadja juhtseadme programmeerimine)<\/strong><\/li>\n<\/ul>\n<h4><strong>  kaubad saadetakse 3 t\u00f6\u00f6p\u00e4eva jooksul.*<\/strong><\/h4>\n<hr>\n<p>&nbsp;<\/p>\n","protected":false},"featured_media":16999,"comment_status":"open","ping_status":"closed","template":"","meta":[],"product_brand":[],"product_cat":[3460,3989],"product_tag":[3461,3462,3472,3463,3473,3476,3474,3477,3475,3478,3464,3479,3467,3465],"class_list":{"0":"post-20309","1":"product","2":"type-product","3":"status-publish","4":"has-post-thumbnail","6":"product_cat-alfa-romeo-et","7":"product_cat-votmete-tootmine","8":"product_tag-alfa-romeo-145-votmekoorik","9":"product_tag-alfa-romeo-146-votmekoorik","10":"product_tag-alfa-romeo-147-votme-kest","11":"product_tag-alfa-romeo-155-votmekoorik","12":"product_tag-alfa-romeo-156-votmekoorik","13":"product_tag-alfa-romeo-159-votmekoorik","14":"product_tag-alfa-romeo-166-votmekoorik","15":"product_tag-alfa-romeo-giulietta-votmekest","16":"product_tag-alfa-romeo-gt-votmekoorik","17":"product_tag-alfa-romeo-gto-votmekoorik","18":"product_tag-alfa-romeo-gtv-votmekoorik","19":"product_tag-alfa-romeo-mito-votmekoorik","20":"product_tag-alfa-romeo-spideri-votmekest","21":"product_tag-alfa-romeo-votmekoorik","23":"first","24":"instock","25":"shipping-taxable","26":"product-type-simple"},"yoast_head":"<!-- This site is optimized with the Yoast SEO plugin v27.6 - https:\/\/yoast.com\/product\/yoast-seo-wordpress\/ -->\n<title>Alfa Romeo autode v\u00f5tmete tootmine - Keys for auto%<\/title>\n<meta name=\"robots\" content=\"index, follow, max-snippet:-1, max-image-preview:large, max-video-preview:-1\" \/>\n<link rel=\"canonical\" href=\"https:\/\/keys-for-auto.eu\/et\/product\/production-of-keys-for-alfa-romeo-cars\/\" \/>\n<meta property=\"og:locale\" content=\"et_EE\" \/>\n<meta property=\"og:type\" content=\"article\" \/>\n<meta property=\"og:title\" content=\"Alfa Romeo autode v\u00f5tmete tootmine - Keys for auto%\" \/>\n<meta property=\"og:description\" content=\"Valmistame ja programmeerime v\u00f5tmeid Alfa Romeo autodele.  Alfa Romeo v\u00f5tmete tootmine  Alfa Romeo v\u00f5tme programmeerimine  Alfa Romeo v\u00f5tme remont  Alfa Romeo v\u00f5tmekastid  Alfa Romeo autode avarii avamine Autov\u00f5tmete tootmine  Uute autov\u00f5tmete valmistamine, v\u00f5tmete programmeerimine (&quot;sidumine&quot; autoga)  Varem kaotatud v\u00f5tmete kustutamine auto m\u00e4lust  S\u00fc\u00fctev\u00f5tme tootmine vastavalt lukule  Autov\u00f5tmete remont (nuppude, kestade, mehhanismide vahetus)  Autode avamine h\u00e4daolukorras  V\u00f5tmete, v\u00f5tmekastide kaubandus  DPF \/ FAP tarkvara v\u00e4ljal\u00fclitamine  Programmiline EGR eemaldamine  Kasutust\u00f5kise tarkvara deaktiveerimine (immo Off)  Mootori kontrollploki (ECU) remont, kloonimine, programmeerimine  SRS (turvapadja juhtseadme programmeerimine)  kaubad saadetakse 3 t\u00f6\u00f6p\u00e4eva jooksul.*  &nbsp;\" \/>\n<meta property=\"og:url\" content=\"https:\/\/keys-for-auto.eu\/et\/product\/production-of-keys-for-alfa-romeo-cars\/\" \/>\n<meta property=\"og:site_name\" content=\"Keys for auto\" \/>\n<meta property=\"article:publisher\" content=\"https:\/\/www.facebook.com\/KeysForAutoEU\" \/>\n<meta name=\"twitter:card\" content=\"summary_large_image\" \/>\n<meta name=\"twitter:label1\" content=\"Est. reading time\" \/>\n\t<meta name=\"twitter:data1\" content=\"1 minut\" \/>\n<script type=\"application\/ld+json\" class=\"yoast-schema-graph\">{\"@context\":\"https:\\\/\\\/schema.org\",\"@graph\":[{\"@type\":[\"WebPage\",\"ItemPage\"],\"@id\":\"https:\\\/\\\/keys-for-auto.eu\\\/et\\\/product\\\/production-of-keys-for-alfa-romeo-cars\\\/\",\"url\":\"https:\\\/\\\/keys-for-auto.eu\\\/et\\\/product\\\/production-of-keys-for-alfa-romeo-cars\\\/\",\"name\":\"Alfa Romeo autode v\u00f5tmete tootmine - Keys for auto%\",\"isPartOf\":{\"@id\":\"https:\\\/\\\/keys-for-auto.eu\\\/et\\\/#website\"},\"primaryImageOfPage\":{\"@id\":\"https:\\\/\\\/keys-for-auto.eu\\\/et\\\/product\\\/production-of-keys-for-alfa-romeo-cars\\\/#primaryimage\"},\"image\":{\"@id\":\"https:\\\/\\\/keys-for-auto.eu\\\/et\\\/product\\\/production-of-keys-for-alfa-romeo-cars\\\/#primaryimage\"},\"thumbnailUrl\":\"\",\"datePublished\":\"2017-12-05T20:08:35+00:00\",\"breadcrumb\":{\"@id\":\"https:\\\/\\\/keys-for-auto.eu\\\/et\\\/product\\\/production-of-keys-for-alfa-romeo-cars\\\/#breadcrumb\"},\"inLanguage\":\"et\",\"potentialAction\":[{\"@type\":\"ReadAction\",\"target\":[\"https:\\\/\\\/keys-for-auto.eu\\\/et\\\/product\\\/production-of-keys-for-alfa-romeo-cars\\\/\"]}]},{\"@type\":\"ImageObject\",\"inLanguage\":\"et\",\"@id\":\"https:\\\/\\\/keys-for-auto.eu\\\/et\\\/product\\\/production-of-keys-for-alfa-romeo-cars\\\/#primaryimage\",\"url\":\"\",\"contentUrl\":\"\",\"caption\":\"Alfa Romeo autode v\u00f5tmete tootmine\"},{\"@type\":\"BreadcrumbList\",\"@id\":\"https:\\\/\\\/keys-for-auto.eu\\\/et\\\/product\\\/production-of-keys-for-alfa-romeo-cars\\\/#breadcrumb\",\"itemListElement\":[{\"@type\":\"ListItem\",\"position\":1,\"name\":\"Kodu\",\"item\":\"https:\\\/\\\/keys-for-auto.eu\\\/et\\\/\"},{\"@type\":\"ListItem\",\"position\":2,\"name\":\"Shop\",\"item\":\"https:\\\/\\\/keys-for-auto.eu\\\/\"},{\"@type\":\"ListItem\",\"position\":3,\"name\":\"Alfa Romeo autode v\u00f5tmete tootmine\"}]},{\"@type\":\"WebSite\",\"@id\":\"https:\\\/\\\/keys-for-auto.eu\\\/et\\\/#website\",\"url\":\"https:\\\/\\\/keys-for-auto.eu\\\/et\\\/\",\"name\":\"Keys for auto\",\"description\":\"Car keys,  key shells, key programming\",\"publisher\":{\"@id\":\"https:\\\/\\\/keys-for-auto.eu\\\/et\\\/#organization\"},\"potentialAction\":[{\"@type\":\"SearchAction\",\"target\":{\"@type\":\"EntryPoint\",\"urlTemplate\":\"https:\\\/\\\/keys-for-auto.eu\\\/et\\\/?s={search_term_string}\"},\"query-input\":{\"@type\":\"PropertyValueSpecification\",\"valueRequired\":true,\"valueName\":\"search_term_string\"}}],\"inLanguage\":\"et\"},{\"@type\":\"Organization\",\"@id\":\"https:\\\/\\\/keys-for-auto.eu\\\/et\\\/#organization\",\"name\":\"Auto v\u00f5tmed\",\"url\":\"https:\\\/\\\/keys-for-auto.eu\\\/et\\\/\",\"logo\":{\"@type\":\"ImageObject\",\"inLanguage\":\"et\",\"@id\":\"https:\\\/\\\/keys-for-auto.eu\\\/et\\\/#\\\/schema\\\/logo\\\/image\\\/\",\"url\":\"https:\\\/\\\/keys-for-auto.eu\\\/wp-content\\\/uploads\\\/2022\\\/11\\\/cropped-png1.png\",\"contentUrl\":\"https:\\\/\\\/keys-for-auto.eu\\\/wp-content\\\/uploads\\\/2022\\\/11\\\/cropped-png1.png\",\"width\":1000,\"height\":342,\"caption\":\"Auto v\u00f5tmed\"},\"image\":{\"@id\":\"https:\\\/\\\/keys-for-auto.eu\\\/et\\\/#\\\/schema\\\/logo\\\/image\\\/\"},\"sameAs\":[\"https:\\\/\\\/www.facebook.com\\\/KeysForAutoEU\"]}]}<\/script>\n<!-- \/ Yoast SEO plugin. -->","yoast_head_json":{"title":"Alfa Romeo autode v\u00f5tmete tootmine - Keys for auto%","robots":{"index":"index","follow":"follow","max-snippet":"max-snippet:-1","max-image-preview":"max-image-preview:large","max-video-preview":"max-video-preview:-1"},"canonical":"https:\/\/keys-for-auto.eu\/et\/product\/production-of-keys-for-alfa-romeo-cars\/","og_locale":"et_EE","og_type":"article","og_title":"Alfa Romeo autode v\u00f5tmete tootmine - Keys for auto%","og_description":"Valmistame ja programmeerime v\u00f5tmeid Alfa Romeo autodele.  Alfa Romeo v\u00f5tmete tootmine  Alfa Romeo v\u00f5tme programmeerimine  Alfa Romeo v\u00f5tme remont  Alfa Romeo v\u00f5tmekastid  Alfa Romeo autode avarii avamine Autov\u00f5tmete tootmine  Uute autov\u00f5tmete valmistamine, v\u00f5tmete programmeerimine (\"sidumine\" autoga)  Varem kaotatud v\u00f5tmete kustutamine auto m\u00e4lust  S\u00fc\u00fctev\u00f5tme tootmine vastavalt lukule  Autov\u00f5tmete remont (nuppude, kestade, mehhanismide vahetus)  Autode avamine h\u00e4daolukorras  V\u00f5tmete, v\u00f5tmekastide kaubandus  DPF \/ FAP tarkvara v\u00e4ljal\u00fclitamine  Programmiline EGR eemaldamine  Kasutust\u00f5kise tarkvara deaktiveerimine (immo Off)  Mootori kontrollploki (ECU) remont, kloonimine, programmeerimine  SRS (turvapadja juhtseadme programmeerimine)  kaubad saadetakse 3 t\u00f6\u00f6p\u00e4eva jooksul.*  &nbsp;","og_url":"https:\/\/keys-for-auto.eu\/et\/product\/production-of-keys-for-alfa-romeo-cars\/","og_site_name":"Keys for auto","article_publisher":"https:\/\/www.facebook.com\/KeysForAutoEU","twitter_card":"summary_large_image","twitter_misc":{"Est. reading time":"1 minut"},"schema":{"@context":"https:\/\/schema.org","@graph":[{"@type":["WebPage","ItemPage"],"@id":"https:\/\/keys-for-auto.eu\/et\/product\/production-of-keys-for-alfa-romeo-cars\/","url":"https:\/\/keys-for-auto.eu\/et\/product\/production-of-keys-for-alfa-romeo-cars\/","name":"Alfa Romeo autode v\u00f5tmete tootmine - Keys for auto%","isPartOf":{"@id":"https:\/\/keys-for-auto.eu\/et\/#website"},"primaryImageOfPage":{"@id":"https:\/\/keys-for-auto.eu\/et\/product\/production-of-keys-for-alfa-romeo-cars\/#primaryimage"},"image":{"@id":"https:\/\/keys-for-auto.eu\/et\/product\/production-of-keys-for-alfa-romeo-cars\/#primaryimage"},"thumbnailUrl":"","datePublished":"2017-12-05T20:08:35+00:00","breadcrumb":{"@id":"https:\/\/keys-for-auto.eu\/et\/product\/production-of-keys-for-alfa-romeo-cars\/#breadcrumb"},"inLanguage":"et","potentialAction":[{"@type":"ReadAction","target":["https:\/\/keys-for-auto.eu\/et\/product\/production-of-keys-for-alfa-romeo-cars\/"]}]},{"@type":"ImageObject","inLanguage":"et","@id":"https:\/\/keys-for-auto.eu\/et\/product\/production-of-keys-for-alfa-romeo-cars\/#primaryimage","url":"","contentUrl":"","caption":"Alfa Romeo autode v\u00f5tmete tootmine"},{"@type":"BreadcrumbList","@id":"https:\/\/keys-for-auto.eu\/et\/product\/production-of-keys-for-alfa-romeo-cars\/#breadcrumb","itemListElement":[{"@type":"ListItem","position":1,"name":"Kodu","item":"https:\/\/keys-for-auto.eu\/et\/"},{"@type":"ListItem","position":2,"name":"Shop","item":"https:\/\/keys-for-auto.eu\/"},{"@type":"ListItem","position":3,"name":"Alfa Romeo autode v\u00f5tmete tootmine"}]},{"@type":"WebSite","@id":"https:\/\/keys-for-auto.eu\/et\/#website","url":"https:\/\/keys-for-auto.eu\/et\/","name":"Keys for auto","description":"Car keys,  key shells, key programming","publisher":{"@id":"https:\/\/keys-for-auto.eu\/et\/#organization"},"potentialAction":[{"@type":"SearchAction","target":{"@type":"EntryPoint","urlTemplate":"https:\/\/keys-for-auto.eu\/et\/?s={search_term_string}"},"query-input":{"@type":"PropertyValueSpecification","valueRequired":true,"valueName":"search_term_string"}}],"inLanguage":"et"},{"@type":"Organization","@id":"https:\/\/keys-for-auto.eu\/et\/#organization","name":"Auto v\u00f5tmed","url":"https:\/\/keys-for-auto.eu\/et\/","logo":{"@type":"ImageObject","inLanguage":"et","@id":"https:\/\/keys-for-auto.eu\/et\/#\/schema\/logo\/image\/","url":"https:\/\/keys-for-auto.eu\/wp-content\/uploads\/2022\/11\/cropped-png1.png","contentUrl":"https:\/\/keys-for-auto.eu\/wp-content\/uploads\/2022\/11\/cropped-png1.png","width":1000,"height":342,"caption":"Auto v\u00f5tmed"},"image":{"@id":"https:\/\/keys-for-auto.eu\/et\/#\/schema\/logo\/image\/"},"sameAs":["https:\/\/www.facebook.com\/KeysForAutoEU"]}]}},"_links":{"self":[{"href":"https:\/\/keys-for-auto.eu\/et\/wp-json\/wp\/v2\/product\/20309","targetHints":{"allow":["GET"]}}],"collection":[{"href":"https:\/\/keys-for-auto.eu\/et\/wp-json\/wp\/v2\/product"}],"about":[{"href":"https:\/\/keys-for-auto.eu\/et\/wp-json\/wp\/v2\/types\/product"}],"replies":[{"embeddable":true,"href":"https:\/\/keys-for-auto.eu\/et\/wp-json\/wp\/v2\/comments?post=20309"}],"wp:featuredmedia":[{"embeddable":true,"href":"https:\/\/keys-for-auto.eu\/et\/wp-json\/wp\/v2\/media\/16999"}],"wp:attachment":[{"href":"https:\/\/keys-for-auto.eu\/et\/wp-json\/wp\/v2\/media?parent=20309"}],"wp:term":[{"taxonomy":"product_brand","embeddable":true,"href":"https:\/\/keys-for-auto.eu\/et\/wp-json\/wp\/v2\/product_brand?post=20309"},{"taxonomy":"product_cat","embeddable":true,"href":"https:\/\/keys-for-auto.eu\/et\/wp-json\/wp\/v2\/product_cat?post=20309"},{"taxonomy":"product_tag","embeddable":true,"href":"https:\/\/keys-for-auto.eu\/et\/wp-json\/wp\/v2\/product_tag?post=20309"}],"curies":[{"name":"wp","href":"https:\/\/api.w.org\/{rel}","templated":true}]}}