{"id":20308,"date":"2017-12-03T12:38:18","date_gmt":"2017-12-03T12:38:18","guid":{"rendered":"https:\/\/keys-for-auto.eu\/product\/peugeot-autode-votmete-tootmine\/"},"modified":"2017-12-03T12:38:18","modified_gmt":"2017-12-03T12:38:18","slug":"production-of-keys-for-peugeot-cars","status":"publish","type":"product","link":"https:\/\/keys-for-auto.eu\/et\/product\/production-of-keys-for-peugeot-cars\/","title":{"rendered":"Peugeot autode v\u00f5tmete tootmine"},"content":{"rendered":"<h2><strong>Peugeot v\u00f5tmete tootmine<\/strong><\/h2>\n<ul>\n<li>Peugeot 508 v\u00f5tmete tootmine<\/li>\n<li>Peugeot 308 v\u00f5tmete tootmine<\/li>\n<li>Peugeot 208 v\u00f5tmete tootmine<\/li>\n<li>Peugeot Partneri v\u00f5tmete tootmine<\/li>\n<li>Peugeot 301 v\u00f5tmete tootmine<\/li>\n<li>Peugeot 607 v\u00f5tmete valmistamine<\/li>\n<li>Peugeot 807 v\u00f5tmete valmistamine<\/li>\n<li>Peugeot 407 v\u00f5tmete tootmine<\/li>\n<li>Peugeot 207 v\u00f5tmete tootmine<\/li>\n<li>Peugeot 307 v\u00f5tmete tootmine<\/li>\n<li>Peugeot 208 v\u00f5tmete tootmine<\/li>\n<li>Peugeot Boxeri v\u00f5tmete tootmine<\/li>\n<\/ul>\n<p>ja teised..<\/p>\n<p>&nbsp;<\/p>\n<h3><strong>Peugeot kere asendamine<\/strong><\/h3>\n<p><strong>Enne:<\/strong><\/p>\n<p><img loading=\"lazy\" decoding=\"async\" class=\"alignleft wp-image-2677\" src=\"https:\/\/raktai-automobiliams.lt\/wp-content\/uploads\/2017\/12\/20171211_195606.jpg\" alt=\"Prie\u0161 korpuso keitim\u0105\" width=\"227\" height=\"309\"><\/p>\n<h2><img loading=\"lazy\" decoding=\"async\" class=\"wp-image-2678 alignleft\" src=\"https:\/\/raktai-automobiliams.lt\/wp-content\/uploads\/2017\/12\/20171212_001120.jpg\" alt=\"\" width=\"229\" height=\"256\"><\/h2>\n<p><strong>ja p\u00e4rast&#8230;<\/strong><\/p>\n<h2><\/h2>\n<h3><strong>Peugeot peamised tootmisomadused<\/strong><\/h3>\n<p>Autov\u00f5tme kaotamine on alati v\u00e4ga ebameeldiv s\u00fcndmus omaniku elus, eriti kui v\u00f5ti oli ainus. Seet\u00f5ttu tasub eelnevalt veenduda, et teil on olemas varulukustusseade. On soovitav lasta spetsiaalses t\u00f6\u00f6kojas valmistada kaasaegse klappv\u00f5tme duplikaat, sest see tagab seadme pika ja katkematu t\u00f6\u00f6.<\/p>\n<h3><strong>Unikaalne kr\u00fcpteerimine &#8211; kaitse kukkumise eest<\/strong><\/h3>\n<p>Duplikaatv\u00f5tme mehaanilise osa valmistamine on lihtne \u00fclesanne. Kuid selle taastamiseks ei piisa lihtsalt v\u00f5tme tera valmistamisest. Peugeot&#8217; uue p\u00f5lvkonna autod on varustatud sisseehitatud kiibiga avamisseadmega. Tehases sisestatakse spetsiaalne kood, ilma milleta on auto k\u00e4ivitamine v\u00f5imatu. V\u00f5tme saab sisestada ukse k\u00e4epideme lukuauku ja avada, kuid mootor ei k\u00e4ivitu. Auto ei t\u00f6\u00f6ta, kui sisseehitatud transiiver ei tunnista v\u00f5tme individuaalset koodi. S\u00f5iduk t\u00f6\u00f6tab ainult siis, kui selle juhtseadmes olev teave on t\u00e4ielikult koosk\u00f5las v\u00f5tme kiibil olevate andmetega. Lisaks sellele on kood iga konkreetse s\u00f5iduki puhul individuaalne ja seda ei korrata kunagi. Seda saab lugeda ainult tehnik, kes kasutab spetsiaalset diagnostikaseadet.<\/p>\n<p>K\u00f5ige keerulisem on v\u00f5tme kr\u00fcpteerimine: kui p\u00fc\u00fcate koodi ise valida, peab auto seda v\u00e4ljas\u00f5idukatseks ja blokeerib juhtimiss\u00fcsteemid. Lisaks sellele on v\u00f5tme kopeerimiseks vaja sisestada andmed, mis on vajalikud s\u00f5iduki pagasiruumi, akende ja katuse\/panoraamkatuse kaugjuurdep\u00e4\u00e4suks. Kui joondus on olnud vale, ei reageeri need s\u00fcsteemid dubleerivatele k\u00e4skudele.<\/p>\n<h3><strong>Peugeot v\u00f5tmete tootmine<\/strong><\/h3>\n<p>Kaasaegse autov\u00f5tme koopia on v\u00f5imalik valmistada isegi siis, kui k\u00f5ik originaalkomplektid on kadunud. Tagasin\u00f5udmine toimub &#8220;luku taga&#8221; ja maksab autoomanikule tunduvalt rohkem kui lihtne duplikaat. Igal juhul tuleb p\u00f6\u00f6rduda spetsiaalse t\u00f6\u00f6koja poole.<\/p>\n","protected":false},"excerpt":{"rendered":"<h2>Valmistame ja programmeerime v\u00f5tmeid, elektroonilisi (nutikaid) v\u00f5tmeid Peugeot autodele.<\/h2>\n<ul>\n<li>Peugeot v\u00f5tmete tootmine<\/li>\n<li>Peugeot v\u00f5tme programmeerimine<\/li>\n<li>Peugeot v\u00f5tme remont<\/li>\n<li>Peugeot v\u00f5tmekastid<\/li>\n<li>Peugeot v\u00f5tmete tootmine, programmeerimine<\/li>\n<li>Peugeot autode avarii avamine<\/li>\n<\/ul>\n<h3><strong>Autov\u00f5tmete tootmine<\/strong><\/h3>\n<ul>\n<li><strong>Uute autov\u00f5tmete valmistamine, v\u00f5tmete programmeerimine (&#8220;sidumine&#8221; autoga)<\/strong><\/li>\n<li><strong>Varem kaotatud v\u00f5tmete kustutamine auto m\u00e4lust<\/strong><\/li>\n<li><strong>S\u00fc\u00fctev\u00f5tme tootmine vastavalt lukule<\/strong><\/li>\n<li><strong>Autov\u00f5tmete remont (nuppude, kestade, mehhanismide vahetus)<\/strong><\/li>\n<li><strong>Autode avamine h\u00e4daolukorras<\/strong><\/li>\n<li><strong>V\u00f5tmete, v\u00f5tmekastide kaubandus<\/strong><\/li>\n<li><strong>DPF \/ FAP tarkvara v\u00e4ljal\u00fclitamine<\/strong><\/li>\n<li><strong>Programmiline EGR eemaldamine<\/strong><\/li>\n<li><strong>Kasutust\u00f5kise tarkvara deaktiveerimine (immo Off)<\/strong><\/li>\n<li><strong>Mootori kontrollploki (ECU) remont, kloonimine, programmeerimine<\/strong><\/li>\n<li><strong>SRS (turvapadja juhtseadme programmeerimine)<\/strong><\/li>\n<\/ul>\n<h4><strong>  kaubad saadetakse 3 t\u00f6\u00f6p\u00e4eva jooksul.*<\/strong><\/h4>\n<p>&nbsp;<\/p>\n<hr>\n<p>&nbsp;<\/p>\n","protected":false},"featured_media":19432,"comment_status":"open","ping_status":"closed","template":"","meta":[],"product_brand":[],"product_cat":[3642,3989],"product_tag":[3699,3704,3932,3706,3942,3709,3943,3650,3711,3651,3654,3712,3664,3667,3960,3657,3920,3643],"class_list":{"0":"post-20308","1":"product","2":"type-product","3":"status-publish","4":"has-post-thumbnail","6":"product_cat-peugeot-et","7":"product_cat-votmete-tootmine","8":"product_tag-peugeot-1007-votmekoorik","9":"product_tag-peugeot-106-votme-kest","10":"product_tag-peugeot-107-voti","11":"product_tag-peugeot-205-votmekoorik","12":"product_tag-peugeot-206-voti","13":"product_tag-peugeot-206-votmekoorik","14":"product_tag-peugeot-207-voti","15":"product_tag-peugeot-207-votme-kest","16":"product_tag-peugeot-306-votmekoorik","17":"product_tag-peugeot-307-votme-kest","18":"product_tag-peugeot-308-votmekoorik","19":"product_tag-peugeot-405-votme-kest","20":"product_tag-peugeot-406-votmekoorik","21":"product_tag-peugeot-407-votmekoorik","22":"product_tag-peugeot-508-voti","23":"product_tag-peugeot-607-votmekoorik","24":"product_tag-peugeot-voti","25":"product_tag-peugeot-votme-kest","27":"first","28":"instock","29":"shipping-taxable","30":"product-type-simple"},"yoast_head":"<!-- This site is optimized with the Yoast SEO plugin v27.3 - https:\/\/yoast.com\/product\/yoast-seo-wordpress\/ -->\n<title>Peugeot autode v\u00f5tmete tootmine - Keys for auto%<\/title>\n<meta name=\"robots\" content=\"index, follow, max-snippet:-1, max-image-preview:large, max-video-preview:-1\" \/>\n<link rel=\"canonical\" href=\"https:\/\/keys-for-auto.eu\/et\/product\/production-of-keys-for-peugeot-cars\/\" \/>\n<meta property=\"og:locale\" content=\"et_EE\" \/>\n<meta property=\"og:type\" content=\"article\" \/>\n<meta property=\"og:title\" content=\"Peugeot autode v\u00f5tmete tootmine - Keys for auto%\" \/>\n<meta property=\"og:description\" content=\"Valmistame ja programmeerime v\u00f5tmeid, elektroonilisi (nutikaid) v\u00f5tmeid Peugeot autodele.  Peugeot v\u00f5tmete tootmine  Peugeot v\u00f5tme programmeerimine  Peugeot v\u00f5tme remont  Peugeot v\u00f5tmekastid  Peugeot v\u00f5tmete tootmine, programmeerimine  Peugeot autode avarii avamine Autov\u00f5tmete tootmine  Uute autov\u00f5tmete valmistamine, v\u00f5tmete programmeerimine (&quot;sidumine&quot; autoga)  Varem kaotatud v\u00f5tmete kustutamine auto m\u00e4lust  S\u00fc\u00fctev\u00f5tme tootmine vastavalt lukule  Autov\u00f5tmete remont (nuppude, kestade, mehhanismide vahetus)  Autode avamine h\u00e4daolukorras  V\u00f5tmete, v\u00f5tmekastide kaubandus  DPF \/ FAP tarkvara v\u00e4ljal\u00fclitamine  Programmiline EGR eemaldamine  Kasutust\u00f5kise tarkvara deaktiveerimine (immo Off)  Mootori kontrollploki (ECU) remont, kloonimine, programmeerimine  SRS (turvapadja juhtseadme programmeerimine)  kaubad saadetakse 3 t\u00f6\u00f6p\u00e4eva jooksul.* &nbsp;  &nbsp;\" \/>\n<meta property=\"og:url\" content=\"https:\/\/keys-for-auto.eu\/et\/product\/production-of-keys-for-peugeot-cars\/\" \/>\n<meta property=\"og:site_name\" content=\"Keys for auto\" \/>\n<meta property=\"article:publisher\" content=\"https:\/\/www.facebook.com\/KeysForAutoEU\" \/>\n<meta name=\"twitter:card\" content=\"summary_large_image\" \/>\n<meta name=\"twitter:label1\" content=\"Est. reading time\" \/>\n\t<meta name=\"twitter:data1\" content=\"2 minutit\" \/>\n<script type=\"application\/ld+json\" class=\"yoast-schema-graph\">{\"@context\":\"https:\\\/\\\/schema.org\",\"@graph\":[{\"@type\":[\"WebPage\",\"ItemPage\"],\"@id\":\"https:\\\/\\\/keys-for-auto.eu\\\/et\\\/product\\\/production-of-keys-for-peugeot-cars\\\/\",\"url\":\"https:\\\/\\\/keys-for-auto.eu\\\/et\\\/product\\\/production-of-keys-for-peugeot-cars\\\/\",\"name\":\"Peugeot autode v\u00f5tmete tootmine - Keys for auto%\",\"isPartOf\":{\"@id\":\"https:\\\/\\\/keys-for-auto.eu\\\/et\\\/#website\"},\"primaryImageOfPage\":{\"@id\":\"https:\\\/\\\/keys-for-auto.eu\\\/et\\\/product\\\/production-of-keys-for-peugeot-cars\\\/#primaryimage\"},\"image\":{\"@id\":\"https:\\\/\\\/keys-for-auto.eu\\\/et\\\/product\\\/production-of-keys-for-peugeot-cars\\\/#primaryimage\"},\"thumbnailUrl\":\"\",\"datePublished\":\"2017-12-03T12:38:18+00:00\",\"breadcrumb\":{\"@id\":\"https:\\\/\\\/keys-for-auto.eu\\\/et\\\/product\\\/production-of-keys-for-peugeot-cars\\\/#breadcrumb\"},\"inLanguage\":\"et\",\"potentialAction\":[{\"@type\":\"ReadAction\",\"target\":[\"https:\\\/\\\/keys-for-auto.eu\\\/et\\\/product\\\/production-of-keys-for-peugeot-cars\\\/\"]}]},{\"@type\":\"ImageObject\",\"inLanguage\":\"et\",\"@id\":\"https:\\\/\\\/keys-for-auto.eu\\\/et\\\/product\\\/production-of-keys-for-peugeot-cars\\\/#primaryimage\",\"url\":\"\",\"contentUrl\":\"\",\"caption\":\"Peugeot autode v\u00f5tmete tootmine\"},{\"@type\":\"BreadcrumbList\",\"@id\":\"https:\\\/\\\/keys-for-auto.eu\\\/et\\\/product\\\/production-of-keys-for-peugeot-cars\\\/#breadcrumb\",\"itemListElement\":[{\"@type\":\"ListItem\",\"position\":1,\"name\":\"Kodu\",\"item\":\"https:\\\/\\\/keys-for-auto.eu\\\/et\\\/\"},{\"@type\":\"ListItem\",\"position\":2,\"name\":\"Shop\",\"item\":\"https:\\\/\\\/keys-for-auto.eu\\\/\"},{\"@type\":\"ListItem\",\"position\":3,\"name\":\"Peugeot autode v\u00f5tmete tootmine\"}]},{\"@type\":\"WebSite\",\"@id\":\"https:\\\/\\\/keys-for-auto.eu\\\/et\\\/#website\",\"url\":\"https:\\\/\\\/keys-for-auto.eu\\\/et\\\/\",\"name\":\"Keys for auto\",\"description\":\"Car keys,  key shells, key programming\",\"publisher\":{\"@id\":\"https:\\\/\\\/keys-for-auto.eu\\\/et\\\/#organization\"},\"potentialAction\":[{\"@type\":\"SearchAction\",\"target\":{\"@type\":\"EntryPoint\",\"urlTemplate\":\"https:\\\/\\\/keys-for-auto.eu\\\/et\\\/?s={search_term_string}\"},\"query-input\":{\"@type\":\"PropertyValueSpecification\",\"valueRequired\":true,\"valueName\":\"search_term_string\"}}],\"inLanguage\":\"et\"},{\"@type\":\"Organization\",\"@id\":\"https:\\\/\\\/keys-for-auto.eu\\\/et\\\/#organization\",\"name\":\"Auto v\u00f5tmed\",\"url\":\"https:\\\/\\\/keys-for-auto.eu\\\/et\\\/\",\"logo\":{\"@type\":\"ImageObject\",\"inLanguage\":\"et\",\"@id\":\"https:\\\/\\\/keys-for-auto.eu\\\/et\\\/#\\\/schema\\\/logo\\\/image\\\/\",\"url\":\"https:\\\/\\\/keys-for-auto.eu\\\/wp-content\\\/uploads\\\/2022\\\/11\\\/cropped-png1.png\",\"contentUrl\":\"https:\\\/\\\/keys-for-auto.eu\\\/wp-content\\\/uploads\\\/2022\\\/11\\\/cropped-png1.png\",\"width\":1000,\"height\":342,\"caption\":\"Auto v\u00f5tmed\"},\"image\":{\"@id\":\"https:\\\/\\\/keys-for-auto.eu\\\/et\\\/#\\\/schema\\\/logo\\\/image\\\/\"},\"sameAs\":[\"https:\\\/\\\/www.facebook.com\\\/KeysForAutoEU\"]}]}<\/script>\n<!-- \/ Yoast SEO plugin. -->","yoast_head_json":{"title":"Peugeot autode v\u00f5tmete tootmine - Keys for auto%","robots":{"index":"index","follow":"follow","max-snippet":"max-snippet:-1","max-image-preview":"max-image-preview:large","max-video-preview":"max-video-preview:-1"},"canonical":"https:\/\/keys-for-auto.eu\/et\/product\/production-of-keys-for-peugeot-cars\/","og_locale":"et_EE","og_type":"article","og_title":"Peugeot autode v\u00f5tmete tootmine - Keys for auto%","og_description":"Valmistame ja programmeerime v\u00f5tmeid, elektroonilisi (nutikaid) v\u00f5tmeid Peugeot autodele.  Peugeot v\u00f5tmete tootmine  Peugeot v\u00f5tme programmeerimine  Peugeot v\u00f5tme remont  Peugeot v\u00f5tmekastid  Peugeot v\u00f5tmete tootmine, programmeerimine  Peugeot autode avarii avamine Autov\u00f5tmete tootmine  Uute autov\u00f5tmete valmistamine, v\u00f5tmete programmeerimine (\"sidumine\" autoga)  Varem kaotatud v\u00f5tmete kustutamine auto m\u00e4lust  S\u00fc\u00fctev\u00f5tme tootmine vastavalt lukule  Autov\u00f5tmete remont (nuppude, kestade, mehhanismide vahetus)  Autode avamine h\u00e4daolukorras  V\u00f5tmete, v\u00f5tmekastide kaubandus  DPF \/ FAP tarkvara v\u00e4ljal\u00fclitamine  Programmiline EGR eemaldamine  Kasutust\u00f5kise tarkvara deaktiveerimine (immo Off)  Mootori kontrollploki (ECU) remont, kloonimine, programmeerimine  SRS (turvapadja juhtseadme programmeerimine)  kaubad saadetakse 3 t\u00f6\u00f6p\u00e4eva jooksul.* &nbsp;  &nbsp;","og_url":"https:\/\/keys-for-auto.eu\/et\/product\/production-of-keys-for-peugeot-cars\/","og_site_name":"Keys for auto","article_publisher":"https:\/\/www.facebook.com\/KeysForAutoEU","twitter_card":"summary_large_image","twitter_misc":{"Est. reading time":"2 minutit"},"schema":{"@context":"https:\/\/schema.org","@graph":[{"@type":["WebPage","ItemPage"],"@id":"https:\/\/keys-for-auto.eu\/et\/product\/production-of-keys-for-peugeot-cars\/","url":"https:\/\/keys-for-auto.eu\/et\/product\/production-of-keys-for-peugeot-cars\/","name":"Peugeot autode v\u00f5tmete tootmine - Keys for auto%","isPartOf":{"@id":"https:\/\/keys-for-auto.eu\/et\/#website"},"primaryImageOfPage":{"@id":"https:\/\/keys-for-auto.eu\/et\/product\/production-of-keys-for-peugeot-cars\/#primaryimage"},"image":{"@id":"https:\/\/keys-for-auto.eu\/et\/product\/production-of-keys-for-peugeot-cars\/#primaryimage"},"thumbnailUrl":"","datePublished":"2017-12-03T12:38:18+00:00","breadcrumb":{"@id":"https:\/\/keys-for-auto.eu\/et\/product\/production-of-keys-for-peugeot-cars\/#breadcrumb"},"inLanguage":"et","potentialAction":[{"@type":"ReadAction","target":["https:\/\/keys-for-auto.eu\/et\/product\/production-of-keys-for-peugeot-cars\/"]}]},{"@type":"ImageObject","inLanguage":"et","@id":"https:\/\/keys-for-auto.eu\/et\/product\/production-of-keys-for-peugeot-cars\/#primaryimage","url":"","contentUrl":"","caption":"Peugeot autode v\u00f5tmete tootmine"},{"@type":"BreadcrumbList","@id":"https:\/\/keys-for-auto.eu\/et\/product\/production-of-keys-for-peugeot-cars\/#breadcrumb","itemListElement":[{"@type":"ListItem","position":1,"name":"Kodu","item":"https:\/\/keys-for-auto.eu\/et\/"},{"@type":"ListItem","position":2,"name":"Shop","item":"https:\/\/keys-for-auto.eu\/"},{"@type":"ListItem","position":3,"name":"Peugeot autode v\u00f5tmete tootmine"}]},{"@type":"WebSite","@id":"https:\/\/keys-for-auto.eu\/et\/#website","url":"https:\/\/keys-for-auto.eu\/et\/","name":"Keys for auto","description":"Car keys,  key shells, key programming","publisher":{"@id":"https:\/\/keys-for-auto.eu\/et\/#organization"},"potentialAction":[{"@type":"SearchAction","target":{"@type":"EntryPoint","urlTemplate":"https:\/\/keys-for-auto.eu\/et\/?s={search_term_string}"},"query-input":{"@type":"PropertyValueSpecification","valueRequired":true,"valueName":"search_term_string"}}],"inLanguage":"et"},{"@type":"Organization","@id":"https:\/\/keys-for-auto.eu\/et\/#organization","name":"Auto v\u00f5tmed","url":"https:\/\/keys-for-auto.eu\/et\/","logo":{"@type":"ImageObject","inLanguage":"et","@id":"https:\/\/keys-for-auto.eu\/et\/#\/schema\/logo\/image\/","url":"https:\/\/keys-for-auto.eu\/wp-content\/uploads\/2022\/11\/cropped-png1.png","contentUrl":"https:\/\/keys-for-auto.eu\/wp-content\/uploads\/2022\/11\/cropped-png1.png","width":1000,"height":342,"caption":"Auto v\u00f5tmed"},"image":{"@id":"https:\/\/keys-for-auto.eu\/et\/#\/schema\/logo\/image\/"},"sameAs":["https:\/\/www.facebook.com\/KeysForAutoEU"]}]}},"_links":{"self":[{"href":"https:\/\/keys-for-auto.eu\/et\/wp-json\/wp\/v2\/product\/20308","targetHints":{"allow":["GET"]}}],"collection":[{"href":"https:\/\/keys-for-auto.eu\/et\/wp-json\/wp\/v2\/product"}],"about":[{"href":"https:\/\/keys-for-auto.eu\/et\/wp-json\/wp\/v2\/types\/product"}],"replies":[{"embeddable":true,"href":"https:\/\/keys-for-auto.eu\/et\/wp-json\/wp\/v2\/comments?post=20308"}],"wp:featuredmedia":[{"embeddable":true,"href":"https:\/\/keys-for-auto.eu\/et\/wp-json\/wp\/v2\/media\/19432"}],"wp:attachment":[{"href":"https:\/\/keys-for-auto.eu\/et\/wp-json\/wp\/v2\/media?parent=20308"}],"wp:term":[{"taxonomy":"product_brand","embeddable":true,"href":"https:\/\/keys-for-auto.eu\/et\/wp-json\/wp\/v2\/product_brand?post=20308"},{"taxonomy":"product_cat","embeddable":true,"href":"https:\/\/keys-for-auto.eu\/et\/wp-json\/wp\/v2\/product_cat?post=20308"},{"taxonomy":"product_tag","embeddable":true,"href":"https:\/\/keys-for-auto.eu\/et\/wp-json\/wp\/v2\/product_tag?post=20308"}],"curies":[{"name":"wp","href":"https:\/\/api.w.org\/{rel}","templated":true}]}}