{"id":20306,"date":"2017-06-04T17:07:04","date_gmt":"2017-06-04T17:07:04","guid":{"rendered":"https:\/\/keys-for-auto.eu\/product\/audi-autode-votmete-tootmine\/"},"modified":"2017-06-04T17:07:04","modified_gmt":"2017-06-04T17:07:04","slug":"production-of-keys-for-audi-cars","status":"publish","type":"product","link":"https:\/\/keys-for-auto.eu\/et\/product\/production-of-keys-for-audi-cars\/","title":{"rendered":"Audi autode v\u00f5tmete tootmine"},"content":{"rendered":"<h2>Valmistame ja programmeerime v\u00f5tmeid, elektroonilisi (nutikaid) v\u00f5tmeid Audi autodele.<\/h2>\n<ul>\n<li>\n<h3>Audi v\u00f5tmete tootmine<\/h3>\n<\/li>\n<li>\n<h3>Audi v\u00f5tme programmeerimine<\/h3>\n<\/li>\n<li>\n<h3>Audi v\u00f5tmete remont<\/h3>\n<\/li>\n<li>\n<h3>Audi peamised juhtumid<\/h3>\n<\/li>\n<li>\n<h3>Audi v\u00f5tme valmistamine, programmeerimine<\/h3>\n<\/li>\n<li>\n<h3>Audi s\u00f5idukite avarii avamine<\/h3>\n<\/li>\n<\/ul>\n<p><strong>Audi v\u00f5tme tootmise hinnap\u00e4ring:<\/strong><br \/>\n<em>Palun t\u00e4psustage oma auto mudel<\/em><br \/>\n<em>Auto valmistamise aasta<\/em><br \/>\n<em>Kontakt telefoninumber<\/em><\/p>\n<p>&nbsp;<\/p>\n<p>&nbsp;<\/p>\n<p>&nbsp;<\/p>\n","protected":false},"excerpt":{"rendered":"<h3><strong>Autov\u00f5tmete tootmine<\/strong><\/h3>\n<ul>\n<li><strong>Uute autov\u00f5tmete valmistamine, v\u00f5tmete programmeerimine (&#8220;sidumine&#8221; autoga)<\/strong><\/li>\n<li><strong>Varem kaotatud v\u00f5tmete kustutamine auto m\u00e4lust<\/strong><\/li>\n<li><strong>S\u00fc\u00fctev\u00f5tme tootmine vastavalt lukule<\/strong><\/li>\n<li><strong>Autov\u00f5tmete remont (nuppude, kestade, mehhanismide vahetus)<\/strong><\/li>\n<li><strong>Autode avamine h\u00e4daolukorras<\/strong><\/li>\n<li><strong>V\u00f5tmete, v\u00f5tmekastide kaubandus<\/strong><\/li>\n<li><strong>DPF \/ FAP tarkvara v\u00e4ljal\u00fclitamine<\/strong><\/li>\n<li><strong>Programmiline EGR eemaldamine<\/strong><\/li>\n<li><strong>Kasutust\u00f5kise tarkvara deaktiveerimine (immo Off)<\/strong><\/li>\n<li><strong>Mootori kontrollploki (ECU) remont, kloonimine, programmeerimine<\/strong><\/li>\n<li><strong>SRS (turvapadja juhtseadme programmeerimine)<\/strong><\/li>\n<\/ul>\n<h4><strong>  kaubad saadetakse 3 t\u00f6\u00f6p\u00e4eva jooksul.*<\/strong><\/h4>\n<h2><\/h2>\n<h2>Audi autov\u00f5tmete erip\u00e4ra<\/h2>\n<p>&#8220;Audi on praegu \u00fcsna populaarne. Selle automargi omanikud seisavad sageli silmitsi probleemiga, et nad kaotavad oma s\u00fc\u00fctev\u00f5tme. Meie ettev\u00f5te, mis tegeleb Audi v\u00f5tmete tootmisega, t\u00f5lkes &#8220;v\u00f5tmetootmine&#8221;, saab selles olukorras aidata.<\/p>\n<h3><strong>Menetluse \u00fcksikasjad<\/strong><\/h3>\n<p>Nende toodete duplikaatv\u00f5tmete valmistamist iseloomustavad teatavad erip\u00e4rad. Seda seet\u00f5ttu, et antud juhul r\u00e4\u00e4gime kiibiv\u00f5tmetest. Seet\u00f5ttu piirdub menetlus tavaliselt toodetesse paigaldatud mikrokiipide eemaldamise ja \u00fcmberprogrammeerimisega.<\/p>\n<p>Neid manipulatsioone saavad teha ainult kvalifitseeritud spetsialistid, kes m\u00f5istavad kiibiv\u00f5tmete programmeerimise erip\u00e4rasid. Tasub m\u00e4rkida, et kui t\u00e4ielik tootekomplekt on kadunud, on neid palju raskem taastada. Kuid seda saab teha ka autoluku struktuuri arvestades.<\/p>\n<p>Seega ei saa te mitte ainult s\u00f5iduki v\u00f5tme duplikaati, vaid ka selle sisseehitatud kiibi.<br \/>\nSelliste toodete peamised eelised on j\u00e4rgmised:<\/p>\n<p>Kogu v\u00f5tmepakki pole vaja kaasas kanda.<\/p>\n<p>V\u00f5tmehoidjat ei ole vaja kaasas kanda.<\/p>\n<p>Suur tootmiskiirus (tavaliselt v\u00f5ib valmis toode olla saadaval \u00fche tunni jooksul).<\/p>\n<p>T\u00e4ielik v\u00f5ti ei ole s\u00f5idukis saadaval.<\/p>\n<p>Meie spetsialistid on valmis pakkuma teile tootmisteenust mis tahes tootekonfiguratsiooni jaoks ning v\u00f5ite olla kindel, et saate kvaliteetset teenust ja kiire lahenduse oma probleemile. Vajaduse korral v\u00f5ite toetuda ka kvalifitseeritud spetsialistide n\u00f5uannetele.<\/p>\n<p>Oluline on m\u00e4rkida, et k\u00e4esolevas artiklis kirjeldatud teenuse tellimiseks peate esitama auto omandi\u00f5igust t\u00f5endavad dokumendid, t\u00e4psemalt s\u00f5idukipassi. See on vajalik, et v\u00e4ltida probleeme \u00f5iguskaitseasutustega, sest kellegi teise auto ebaseaduslik avamine v\u00f5ib kaasa tuua s\u00fc\u00fcdistuse.<\/p>\n<h3><strong>Audi v\u00f5tmete tootmine<\/strong><\/h3>\n<ul>\n<li>Audi A2 v\u00f5tme tootmine<\/li>\n<li>Audi A3 v\u00f5tmete tootmine<\/li>\n<li>Audi A4 v\u00f5tmete tootmine<\/li>\n<li>Audi A5 v\u00f5tmete tootmine<\/li>\n<li>Audi A6 v\u00f5tmete tootmine<\/li>\n<li>V\u00f5tmete tootmine Audi A7 jaoks<\/li>\n<li>Audi A8 v\u00f5tmete tootmine<\/li>\n<li>Audi Q5 v\u00f5tmete tootmine<\/li>\n<li>Audi Q7 v\u00f5tmete tootmine<\/li>\n<li>Audi TT v\u00f5tmete tootmine<\/li>\n<\/ul>\n<p>ja muud&#8230;<\/p>\n","protected":false},"featured_media":17012,"comment_status":"open","ping_status":"closed","template":"","meta":[],"product_brand":[],"product_cat":[3480,3989],"product_tag":[4048,3940,3801,4050,4052,3949,3802,3482,4053,3956,3803,3485,4054,3964,4055,3976,3499,4056,3981,3804,3486,3807,4058,3987,3805,3489,3934,3808,3809,3491,3502,3810,3811,3494,3796,3798,3493],"class_list":{"0":"post-20306","1":"product","2":"type-product","3":"status-publish","4":"has-post-thumbnail","6":"product_cat-audi-et","7":"product_cat-votmete-tootmine","8":"product_tag-audi-a2-et","9":"product_tag-audi-a2-kiibistamisvoti","10":"product_tag-audi-a2-voti","11":"product_tag-audi-a2-votmekoorik","12":"product_tag-audi-a3-et","13":"product_tag-audi-a3-kiibistamise-voti","14":"product_tag-audi-a3-voti","15":"product_tag-audi-a3-votmekoorik","16":"product_tag-audi-a4-et","17":"product_tag-audi-a4-kiip-voti","18":"product_tag-audi-a4-voti","19":"product_tag-audi-a4-votme-kest","20":"product_tag-audi-a5-et","21":"product_tag-audi-a5-kiibistamisvoti","22":"product_tag-audi-a5-sportback-et","23":"product_tag-audi-a5-sportback-kiibistamisvoti","24":"product_tag-audi-a5-votmekoorik","25":"product_tag-audi-a6-et","26":"product_tag-audi-a6-kiip-voti","27":"product_tag-audi-a6-voti","28":"product_tag-audi-a6-votmekoorik","29":"product_tag-audi-a6l-voti","30":"product_tag-audi-a8-et","31":"product_tag-audi-a8-kiibistamise-voti","32":"product_tag-audi-a8-voti","33":"product_tag-audi-a8-votmekoorik","34":"product_tag-audi-kiip-voti","35":"product_tag-audi-q5-voti","36":"product_tag-audi-q7-voti","37":"product_tag-audi-q7-votmekoorik","38":"product_tag-audi-s4-votme-kest","39":"product_tag-audi-s8-voti","40":"product_tag-audi-tt-voti","41":"product_tag-audi-tt-votme-kest","42":"product_tag-audi-voti","43":"product_tag-audi-votme-kaugjuhtimispult","44":"product_tag-audi-votme-kest","46":"first","47":"instock","48":"shipping-taxable","49":"product-type-simple"},"yoast_head":"<!-- This site is optimized with the Yoast SEO plugin v27.3 - https:\/\/yoast.com\/product\/yoast-seo-wordpress\/ -->\n<title>Audi autode v\u00f5tmete tootmine - Keys for auto%<\/title>\n<meta name=\"robots\" content=\"index, follow, max-snippet:-1, max-image-preview:large, max-video-preview:-1\" \/>\n<link rel=\"canonical\" href=\"https:\/\/keys-for-auto.eu\/et\/product\/production-of-keys-for-audi-cars\/\" \/>\n<meta property=\"og:locale\" content=\"et_EE\" \/>\n<meta property=\"og:type\" content=\"article\" \/>\n<meta property=\"og:title\" content=\"Audi autode v\u00f5tmete tootmine - Keys for auto%\" \/>\n<meta property=\"og:description\" content=\"Autov\u00f5tmete tootmine  Uute autov\u00f5tmete valmistamine, v\u00f5tmete programmeerimine (&quot;sidumine&quot; autoga)  Varem kaotatud v\u00f5tmete kustutamine auto m\u00e4lust  S\u00fc\u00fctev\u00f5tme tootmine vastavalt lukule  Autov\u00f5tmete remont (nuppude, kestade, mehhanismide vahetus)  Autode avamine h\u00e4daolukorras  V\u00f5tmete, v\u00f5tmekastide kaubandus  DPF \/ FAP tarkvara v\u00e4ljal\u00fclitamine  Programmiline EGR eemaldamine  Kasutust\u00f5kise tarkvara deaktiveerimine (immo Off)  Mootori kontrollploki (ECU) remont, kloonimine, programmeerimine  SRS (turvapadja juhtseadme programmeerimine)  kaubad saadetakse 3 t\u00f6\u00f6p\u00e4eva jooksul.* Audi autov\u00f5tmete erip\u00e4ra &quot;Audi on praegu \u00fcsna populaarne. Selle automargi omanikud seisavad sageli silmitsi probleemiga, et nad kaotavad oma s\u00fc\u00fctev\u00f5tme. Meie ettev\u00f5te, mis tegeleb Audi v\u00f5tmete tootmisega, t\u00f5lkes &quot;v\u00f5tmetootmine&quot;, saab selles olukorras aidata. Menetluse \u00fcksikasjad Nende toodete duplikaatv\u00f5tmete valmistamist iseloomustavad teatavad erip\u00e4rad. Seda seet\u00f5ttu, et antud juhul r\u00e4\u00e4gime kiibiv\u00f5tmetest. Seet\u00f5ttu piirdub menetlus tavaliselt toodetesse paigaldatud mikrokiipide eemaldamise ja \u00fcmberprogrammeerimisega. Neid manipulatsioone saavad teha ainult kvalifitseeritud spetsialistid, kes m\u00f5istavad kiibiv\u00f5tmete programmeerimise erip\u00e4rasid. Tasub m\u00e4rkida, et kui t\u00e4ielik tootekomplekt on kadunud, on neid palju raskem taastada. Kuid seda saab teha ka autoluku struktuuri arvestades. Seega ei saa te mitte ainult s\u00f5iduki v\u00f5tme duplikaati, vaid ka selle sisseehitatud kiibi. Selliste toodete peamised eelised on j\u00e4rgmised: Kogu v\u00f5tmepakki pole vaja kaasas kanda. V\u00f5tmehoidjat ei ole vaja kaasas kanda. Suur tootmiskiirus (tavaliselt v\u00f5ib valmis toode olla saadaval \u00fche tunni jooksul). T\u00e4ielik v\u00f5ti ei ole s\u00f5idukis saadaval. Meie spetsialistid on valmis pakkuma teile tootmisteenust mis tahes tootekonfiguratsiooni jaoks ning v\u00f5ite olla kindel, et saate kvaliteetset teenust ja kiire lahenduse oma probleemile. Vajaduse korral v\u00f5ite toetuda ka kvalifitseeritud spetsialistide n\u00f5uannetele. Oluline on m\u00e4rkida, et k\u00e4esolevas artiklis kirjeldatud teenuse tellimiseks peate esitama auto omandi\u00f5igust t\u00f5endavad dokumendid, t\u00e4psemalt s\u00f5idukipassi. See on vajalik, et v\u00e4ltida probleeme \u00f5iguskaitseasutustega, sest kellegi teise auto ebaseaduslik avamine v\u00f5ib kaasa tuua s\u00fc\u00fcdistuse. Audi v\u00f5tmete tootmine  Audi A2 v\u00f5tme tootmine  Audi A3 v\u00f5tmete tootmine  Audi A4 v\u00f5tmete tootmine  Audi A5 v\u00f5tmete tootmine  Audi A6 v\u00f5tmete tootmine  V\u00f5tmete tootmine Audi A7 jaoks  Audi A8 v\u00f5tmete tootmine  Audi Q5 v\u00f5tmete tootmine  Audi Q7 v\u00f5tmete tootmine  Audi TT v\u00f5tmete tootmine ja muud...\" \/>\n<meta property=\"og:url\" content=\"https:\/\/keys-for-auto.eu\/et\/product\/production-of-keys-for-audi-cars\/\" \/>\n<meta property=\"og:site_name\" content=\"Keys for auto\" \/>\n<meta property=\"article:publisher\" content=\"https:\/\/www.facebook.com\/KeysForAutoEU\" \/>\n<meta name=\"twitter:card\" content=\"summary_large_image\" \/>\n<script type=\"application\/ld+json\" class=\"yoast-schema-graph\">{\"@context\":\"https:\\\/\\\/schema.org\",\"@graph\":[{\"@type\":[\"WebPage\",\"ItemPage\"],\"@id\":\"https:\\\/\\\/keys-for-auto.eu\\\/et\\\/product\\\/production-of-keys-for-audi-cars\\\/\",\"url\":\"https:\\\/\\\/keys-for-auto.eu\\\/et\\\/product\\\/production-of-keys-for-audi-cars\\\/\",\"name\":\"Audi autode v\u00f5tmete tootmine - Keys for auto%\",\"isPartOf\":{\"@id\":\"https:\\\/\\\/keys-for-auto.eu\\\/et\\\/#website\"},\"primaryImageOfPage\":{\"@id\":\"https:\\\/\\\/keys-for-auto.eu\\\/et\\\/product\\\/production-of-keys-for-audi-cars\\\/#primaryimage\"},\"image\":{\"@id\":\"https:\\\/\\\/keys-for-auto.eu\\\/et\\\/product\\\/production-of-keys-for-audi-cars\\\/#primaryimage\"},\"thumbnailUrl\":\"\",\"datePublished\":\"2017-06-04T17:07:04+00:00\",\"breadcrumb\":{\"@id\":\"https:\\\/\\\/keys-for-auto.eu\\\/et\\\/product\\\/production-of-keys-for-audi-cars\\\/#breadcrumb\"},\"inLanguage\":\"et\",\"potentialAction\":[{\"@type\":\"ReadAction\",\"target\":[\"https:\\\/\\\/keys-for-auto.eu\\\/et\\\/product\\\/production-of-keys-for-audi-cars\\\/\"]}]},{\"@type\":\"ImageObject\",\"inLanguage\":\"et\",\"@id\":\"https:\\\/\\\/keys-for-auto.eu\\\/et\\\/product\\\/production-of-keys-for-audi-cars\\\/#primaryimage\",\"url\":\"\",\"contentUrl\":\"\",\"caption\":\"Audi autode v\u00f5tmete tootmine\"},{\"@type\":\"BreadcrumbList\",\"@id\":\"https:\\\/\\\/keys-for-auto.eu\\\/et\\\/product\\\/production-of-keys-for-audi-cars\\\/#breadcrumb\",\"itemListElement\":[{\"@type\":\"ListItem\",\"position\":1,\"name\":\"Kodu\",\"item\":\"https:\\\/\\\/keys-for-auto.eu\\\/et\\\/\"},{\"@type\":\"ListItem\",\"position\":2,\"name\":\"Shop\",\"item\":\"https:\\\/\\\/keys-for-auto.eu\\\/\"},{\"@type\":\"ListItem\",\"position\":3,\"name\":\"Audi autode v\u00f5tmete tootmine\"}]},{\"@type\":\"WebSite\",\"@id\":\"https:\\\/\\\/keys-for-auto.eu\\\/et\\\/#website\",\"url\":\"https:\\\/\\\/keys-for-auto.eu\\\/et\\\/\",\"name\":\"Keys for auto\",\"description\":\"Car keys,  key shells, key programming\",\"publisher\":{\"@id\":\"https:\\\/\\\/keys-for-auto.eu\\\/et\\\/#organization\"},\"potentialAction\":[{\"@type\":\"SearchAction\",\"target\":{\"@type\":\"EntryPoint\",\"urlTemplate\":\"https:\\\/\\\/keys-for-auto.eu\\\/et\\\/?s={search_term_string}\"},\"query-input\":{\"@type\":\"PropertyValueSpecification\",\"valueRequired\":true,\"valueName\":\"search_term_string\"}}],\"inLanguage\":\"et\"},{\"@type\":\"Organization\",\"@id\":\"https:\\\/\\\/keys-for-auto.eu\\\/et\\\/#organization\",\"name\":\"Auto v\u00f5tmed\",\"url\":\"https:\\\/\\\/keys-for-auto.eu\\\/et\\\/\",\"logo\":{\"@type\":\"ImageObject\",\"inLanguage\":\"et\",\"@id\":\"https:\\\/\\\/keys-for-auto.eu\\\/et\\\/#\\\/schema\\\/logo\\\/image\\\/\",\"url\":\"https:\\\/\\\/keys-for-auto.eu\\\/wp-content\\\/uploads\\\/2022\\\/11\\\/cropped-png1.png\",\"contentUrl\":\"https:\\\/\\\/keys-for-auto.eu\\\/wp-content\\\/uploads\\\/2022\\\/11\\\/cropped-png1.png\",\"width\":1000,\"height\":342,\"caption\":\"Auto v\u00f5tmed\"},\"image\":{\"@id\":\"https:\\\/\\\/keys-for-auto.eu\\\/et\\\/#\\\/schema\\\/logo\\\/image\\\/\"},\"sameAs\":[\"https:\\\/\\\/www.facebook.com\\\/KeysForAutoEU\"]}]}<\/script>\n<!-- \/ Yoast SEO plugin. -->","yoast_head_json":{"title":"Audi autode v\u00f5tmete tootmine - Keys for auto%","robots":{"index":"index","follow":"follow","max-snippet":"max-snippet:-1","max-image-preview":"max-image-preview:large","max-video-preview":"max-video-preview:-1"},"canonical":"https:\/\/keys-for-auto.eu\/et\/product\/production-of-keys-for-audi-cars\/","og_locale":"et_EE","og_type":"article","og_title":"Audi autode v\u00f5tmete tootmine - Keys for auto%","og_description":"Autov\u00f5tmete tootmine  Uute autov\u00f5tmete valmistamine, v\u00f5tmete programmeerimine (\"sidumine\" autoga)  Varem kaotatud v\u00f5tmete kustutamine auto m\u00e4lust  S\u00fc\u00fctev\u00f5tme tootmine vastavalt lukule  Autov\u00f5tmete remont (nuppude, kestade, mehhanismide vahetus)  Autode avamine h\u00e4daolukorras  V\u00f5tmete, v\u00f5tmekastide kaubandus  DPF \/ FAP tarkvara v\u00e4ljal\u00fclitamine  Programmiline EGR eemaldamine  Kasutust\u00f5kise tarkvara deaktiveerimine (immo Off)  Mootori kontrollploki (ECU) remont, kloonimine, programmeerimine  SRS (turvapadja juhtseadme programmeerimine)  kaubad saadetakse 3 t\u00f6\u00f6p\u00e4eva jooksul.* Audi autov\u00f5tmete erip\u00e4ra \"Audi on praegu \u00fcsna populaarne. Selle automargi omanikud seisavad sageli silmitsi probleemiga, et nad kaotavad oma s\u00fc\u00fctev\u00f5tme. Meie ettev\u00f5te, mis tegeleb Audi v\u00f5tmete tootmisega, t\u00f5lkes \"v\u00f5tmetootmine\", saab selles olukorras aidata. Menetluse \u00fcksikasjad Nende toodete duplikaatv\u00f5tmete valmistamist iseloomustavad teatavad erip\u00e4rad. Seda seet\u00f5ttu, et antud juhul r\u00e4\u00e4gime kiibiv\u00f5tmetest. Seet\u00f5ttu piirdub menetlus tavaliselt toodetesse paigaldatud mikrokiipide eemaldamise ja \u00fcmberprogrammeerimisega. Neid manipulatsioone saavad teha ainult kvalifitseeritud spetsialistid, kes m\u00f5istavad kiibiv\u00f5tmete programmeerimise erip\u00e4rasid. Tasub m\u00e4rkida, et kui t\u00e4ielik tootekomplekt on kadunud, on neid palju raskem taastada. Kuid seda saab teha ka autoluku struktuuri arvestades. Seega ei saa te mitte ainult s\u00f5iduki v\u00f5tme duplikaati, vaid ka selle sisseehitatud kiibi. Selliste toodete peamised eelised on j\u00e4rgmised: Kogu v\u00f5tmepakki pole vaja kaasas kanda. V\u00f5tmehoidjat ei ole vaja kaasas kanda. Suur tootmiskiirus (tavaliselt v\u00f5ib valmis toode olla saadaval \u00fche tunni jooksul). T\u00e4ielik v\u00f5ti ei ole s\u00f5idukis saadaval. Meie spetsialistid on valmis pakkuma teile tootmisteenust mis tahes tootekonfiguratsiooni jaoks ning v\u00f5ite olla kindel, et saate kvaliteetset teenust ja kiire lahenduse oma probleemile. Vajaduse korral v\u00f5ite toetuda ka kvalifitseeritud spetsialistide n\u00f5uannetele. Oluline on m\u00e4rkida, et k\u00e4esolevas artiklis kirjeldatud teenuse tellimiseks peate esitama auto omandi\u00f5igust t\u00f5endavad dokumendid, t\u00e4psemalt s\u00f5idukipassi. See on vajalik, et v\u00e4ltida probleeme \u00f5iguskaitseasutustega, sest kellegi teise auto ebaseaduslik avamine v\u00f5ib kaasa tuua s\u00fc\u00fcdistuse. Audi v\u00f5tmete tootmine  Audi A2 v\u00f5tme tootmine  Audi A3 v\u00f5tmete tootmine  Audi A4 v\u00f5tmete tootmine  Audi A5 v\u00f5tmete tootmine  Audi A6 v\u00f5tmete tootmine  V\u00f5tmete tootmine Audi A7 jaoks  Audi A8 v\u00f5tmete tootmine  Audi Q5 v\u00f5tmete tootmine  Audi Q7 v\u00f5tmete tootmine  Audi TT v\u00f5tmete tootmine ja muud...","og_url":"https:\/\/keys-for-auto.eu\/et\/product\/production-of-keys-for-audi-cars\/","og_site_name":"Keys for auto","article_publisher":"https:\/\/www.facebook.com\/KeysForAutoEU","twitter_card":"summary_large_image","schema":{"@context":"https:\/\/schema.org","@graph":[{"@type":["WebPage","ItemPage"],"@id":"https:\/\/keys-for-auto.eu\/et\/product\/production-of-keys-for-audi-cars\/","url":"https:\/\/keys-for-auto.eu\/et\/product\/production-of-keys-for-audi-cars\/","name":"Audi autode v\u00f5tmete tootmine - Keys for auto%","isPartOf":{"@id":"https:\/\/keys-for-auto.eu\/et\/#website"},"primaryImageOfPage":{"@id":"https:\/\/keys-for-auto.eu\/et\/product\/production-of-keys-for-audi-cars\/#primaryimage"},"image":{"@id":"https:\/\/keys-for-auto.eu\/et\/product\/production-of-keys-for-audi-cars\/#primaryimage"},"thumbnailUrl":"","datePublished":"2017-06-04T17:07:04+00:00","breadcrumb":{"@id":"https:\/\/keys-for-auto.eu\/et\/product\/production-of-keys-for-audi-cars\/#breadcrumb"},"inLanguage":"et","potentialAction":[{"@type":"ReadAction","target":["https:\/\/keys-for-auto.eu\/et\/product\/production-of-keys-for-audi-cars\/"]}]},{"@type":"ImageObject","inLanguage":"et","@id":"https:\/\/keys-for-auto.eu\/et\/product\/production-of-keys-for-audi-cars\/#primaryimage","url":"","contentUrl":"","caption":"Audi autode v\u00f5tmete tootmine"},{"@type":"BreadcrumbList","@id":"https:\/\/keys-for-auto.eu\/et\/product\/production-of-keys-for-audi-cars\/#breadcrumb","itemListElement":[{"@type":"ListItem","position":1,"name":"Kodu","item":"https:\/\/keys-for-auto.eu\/et\/"},{"@type":"ListItem","position":2,"name":"Shop","item":"https:\/\/keys-for-auto.eu\/"},{"@type":"ListItem","position":3,"name":"Audi autode v\u00f5tmete tootmine"}]},{"@type":"WebSite","@id":"https:\/\/keys-for-auto.eu\/et\/#website","url":"https:\/\/keys-for-auto.eu\/et\/","name":"Keys for auto","description":"Car keys,  key shells, key programming","publisher":{"@id":"https:\/\/keys-for-auto.eu\/et\/#organization"},"potentialAction":[{"@type":"SearchAction","target":{"@type":"EntryPoint","urlTemplate":"https:\/\/keys-for-auto.eu\/et\/?s={search_term_string}"},"query-input":{"@type":"PropertyValueSpecification","valueRequired":true,"valueName":"search_term_string"}}],"inLanguage":"et"},{"@type":"Organization","@id":"https:\/\/keys-for-auto.eu\/et\/#organization","name":"Auto v\u00f5tmed","url":"https:\/\/keys-for-auto.eu\/et\/","logo":{"@type":"ImageObject","inLanguage":"et","@id":"https:\/\/keys-for-auto.eu\/et\/#\/schema\/logo\/image\/","url":"https:\/\/keys-for-auto.eu\/wp-content\/uploads\/2022\/11\/cropped-png1.png","contentUrl":"https:\/\/keys-for-auto.eu\/wp-content\/uploads\/2022\/11\/cropped-png1.png","width":1000,"height":342,"caption":"Auto v\u00f5tmed"},"image":{"@id":"https:\/\/keys-for-auto.eu\/et\/#\/schema\/logo\/image\/"},"sameAs":["https:\/\/www.facebook.com\/KeysForAutoEU"]}]}},"_links":{"self":[{"href":"https:\/\/keys-for-auto.eu\/et\/wp-json\/wp\/v2\/product\/20306","targetHints":{"allow":["GET"]}}],"collection":[{"href":"https:\/\/keys-for-auto.eu\/et\/wp-json\/wp\/v2\/product"}],"about":[{"href":"https:\/\/keys-for-auto.eu\/et\/wp-json\/wp\/v2\/types\/product"}],"replies":[{"embeddable":true,"href":"https:\/\/keys-for-auto.eu\/et\/wp-json\/wp\/v2\/comments?post=20306"}],"wp:featuredmedia":[{"embeddable":true,"href":"https:\/\/keys-for-auto.eu\/et\/wp-json\/wp\/v2\/media\/17012"}],"wp:attachment":[{"href":"https:\/\/keys-for-auto.eu\/et\/wp-json\/wp\/v2\/media?parent=20306"}],"wp:term":[{"taxonomy":"product_brand","embeddable":true,"href":"https:\/\/keys-for-auto.eu\/et\/wp-json\/wp\/v2\/product_brand?post=20306"},{"taxonomy":"product_cat","embeddable":true,"href":"https:\/\/keys-for-auto.eu\/et\/wp-json\/wp\/v2\/product_cat?post=20306"},{"taxonomy":"product_tag","embeddable":true,"href":"https:\/\/keys-for-auto.eu\/et\/wp-json\/wp\/v2\/product_tag?post=20306"}],"curies":[{"name":"wp","href":"https:\/\/api.w.org\/{rel}","templated":true}]}}