{"id":20299,"date":"2017-12-03T16:27:09","date_gmt":"2017-12-03T16:27:09","guid":{"rendered":"https:\/\/keys-for-auto.eu\/product\/mazda-autode-votmete-tootmine\/"},"modified":"2017-12-03T16:27:09","modified_gmt":"2017-12-03T16:27:09","slug":"votmete-tootmine-mazda-autodele","status":"publish","type":"product","link":"https:\/\/keys-for-auto.eu\/et\/product\/votmete-tootmine-mazda-autodele\/","title":{"rendered":"Mazda autode v\u00f5tmete tootmine"},"content":{"rendered":"<h3>Mazda v\u00f5tmete tootmine<\/h3>\n<p>&#8220;Mazda v\u00f5ti oli \u00fcks esimesi v\u00f5tmeid, mis sisaldas autode turvalisuse parandamiseks unikaalse kr\u00fcpteeringuga kiipi korpuses. Enamikul kaasaegsetel Mazda autodel on nutiv\u00f5ti, millega auto lukustub ja mootor k\u00e4ivitub. V\u00f5tme kaotamine p\u00f5hjustab mitmeid probleeme, mis on m\u00f5nikord vastastikku raskendavad. Lisaks sellele, et omanik ei saa oma autot kasutada, on v\u00e4ga t\u00f5en\u00e4oline, et k\u00f5rvaline isik kasutab kadunud v\u00f5tit auto varastamiseks. Kui v\u00f5ti on kadunud, tera on kulunud v\u00f5i v\u00f5ti on katki, peate ostma duplikaatv\u00f5tme, mille saab meister teha m\u00f5ne minutiga.<\/p>\n<p>Kopeerimismenetluse \u00fcksikasjad<\/p>\n<p>Selleks, et klient saaks kvaliteetse duplikaadi, peab kapten tegema j\u00e4rgmised toimingud:<\/p>\n<p>sobiva juhtumi valimine;<\/p>\n<p>kiibi programmeerimine;<\/p>\n<p>valmistada v\u00f5tmetera.<\/p>\n<p>Tehnik kasutab professionaalseid t\u00f6\u00f6pinke, et luua unikaalne muster v\u00f5tme terale. Asjakohane tarkvara v\u00f5imaldab seadistada vajalikud masinaparameetrid ja toota toodet t\u00e4ielikult n\u00f5uetele vastavalt. Kuna omanik saab Mazda ostmisel kaks v\u00f5tmekomplekti, siis kui \u00fcks neist l\u00e4heb kaduma, on v\u00f5imalik luua teise v\u00f5tme tera mustri koopia. Keerulistel juhtudel reprodutseeritakse duplikaat lukust, mis eeldab, et s\u00f5iduk on t\u00f6\u00f6kojas.<\/p>\n<p>Spetsialist saab teha koopia igale Mazda mudelivalikusse kuuluvale autole, olenemata selle keerukusest:<\/p>\n<p>standard;<\/p>\n<p>nutikas v\u00f5ti;<\/p>\n<p>klappimine nuppudega.<\/p>\n<p>&#8220;Mazda auto duplikaadi loomine n\u00f5uab komplektis allesj\u00e4\u00e4nud teise v\u00f5tme \u00fcmberprogrammeerimist. See protseduur viiakse l\u00e4bi selleks, et v\u00e4listada v\u00f5imalus, et volitamata isik saaks kaotatud v\u00f5tmele ligi. T\u00e4nu \u00fcmberprogrammeerimisele ei reageeri s\u00f5iduk vana programmi k\u00e4skudele. Uute andmete sisestamine ja varasemate andmete kustutamine v\u00f5ib toimuda erinevalt, s\u00f5ltuvalt olukorra erip\u00e4rast. Kvalifitseeritud spetsialist peab otsustama, millist \u00fcmberprogrammeerimismeetodit valida.<\/p>\n","protected":false},"excerpt":{"rendered":"<h3>Valmistame ja programmeerime v\u00f5tmeid, elektroonilisi (nutikaid) v\u00f5tmeid Mazda autodele.<\/h3>\n<ul>\n<li>\n<h3>Mazda v\u00f5tmete tootmine<\/h3>\n<\/li>\n<li>\n<h3>Mazda v\u00f5tme programmeerimine<\/h3>\n<\/li>\n<li>\n<h3>Mazda v\u00f5tme remont<\/h3>\n<\/li>\n<li>\n<h3>Mazda peamised juhtumid<\/h3>\n<\/li>\n<li>\n<h3>Mazda v\u00f5tme tootmine, programmeerimine<\/h3>\n<\/li>\n<li>\n<h3>Mazda autode avarii avamine<\/h3>\n<\/li>\n<\/ul>\n<h3><strong>Autov\u00f5tmete tootmine<\/strong><\/h3>\n<ul>\n<li><strong>Uute autov\u00f5tmete valmistamine, v\u00f5tmete programmeerimine (&#8220;sidumine&#8221; autoga)<\/strong><\/li>\n<li><strong>Varem kaotatud v\u00f5tmete kustutamine auto m\u00e4lust<\/strong><\/li>\n<li><strong>S\u00fc\u00fctev\u00f5tme tootmine vastavalt lukule<\/strong><\/li>\n<li><strong>Autov\u00f5tmete remont (nuppude, kestade, mehhanismide vahetus)<\/strong><\/li>\n<li><strong>Autode avamine h\u00e4daolukorras<\/strong><\/li>\n<li><strong>V\u00f5tmete, v\u00f5tmekastide kaubandus<\/strong><\/li>\n<li><strong>DPF \/ FAP tarkvara v\u00e4ljal\u00fclitamine<\/strong><\/li>\n<li><strong>Programmiline EGR eemaldamine<\/strong><\/li>\n<li><strong>Kasutust\u00f5kise tarkvara deaktiveerimine (immo Off)<\/strong><\/li>\n<li><strong>Mootori kontrollploki (ECU) remont, kloonimine, programmeerimine<\/strong><\/li>\n<li><strong>SRS (turvapadja juhtseadme programmeerimine)<\/strong><\/li>\n<\/ul>\n<h4><strong>  kaubad saadetakse 3 t\u00f6\u00f6p\u00e4eva jooksul.*<\/strong><\/h4>\n<p>&nbsp;<\/p>\n<p>&nbsp;<\/p>\n<p>&nbsp;<\/p>\n<p>&nbsp;<\/p>\n","protected":false},"featured_media":19321,"comment_status":"open","ping_status":"closed","template":"","meta":[],"product_brand":[],"product_cat":[3530,3989],"product_tag":[3541,3835,3544,3845,3604,3867,3551,3606,3853,3555,3872,3618,3609,3559,3825,3535],"class_list":{"0":"post-20299","1":"product","2":"type-product","3":"status-publish","4":"has-post-thumbnail","6":"product_cat-mazda-et","7":"product_cat-votmete-tootmine","8":"product_tag-mazda-2-votme-kest","9":"product_tag-mazda-3-voti","10":"product_tag-mazda-3-votme-kest","11":"product_tag-mazda-5-voti","12":"product_tag-mazda-5-votme-kest","13":"product_tag-mazda-6-voti","14":"product_tag-mazda-6-votme-kest","15":"product_tag-mazda-cx5-votmekoorik","16":"product_tag-mazda-mx5-voti","17":"product_tag-mazda-mx5-votmekoorik","18":"product_tag-mazda-premacy-voti","19":"product_tag-mazda-primacy-votmekoorik","20":"product_tag-mazda-rx8-voti-mx5-kere","21":"product_tag-mazda-rx8-votmekoorik","22":"product_tag-mazda-voti","23":"product_tag-mazda-votme-kest","25":"first","26":"instock","27":"shipping-taxable","28":"product-type-simple"},"yoast_head":"<!-- This site is optimized with the Yoast SEO plugin v27.3 - https:\/\/yoast.com\/product\/yoast-seo-wordpress\/ -->\n<title>Mazda autode v\u00f5tmete tootmine - Keys for auto%<\/title>\n<meta name=\"robots\" content=\"index, follow, max-snippet:-1, max-image-preview:large, max-video-preview:-1\" \/>\n<link rel=\"canonical\" href=\"https:\/\/keys-for-auto.eu\/et\/product\/votmete-tootmine-mazda-autodele\/\" \/>\n<meta property=\"og:locale\" content=\"et_EE\" \/>\n<meta property=\"og:type\" content=\"article\" \/>\n<meta property=\"og:title\" content=\"Mazda autode v\u00f5tmete tootmine - Keys for auto%\" \/>\n<meta property=\"og:description\" content=\"Valmistame ja programmeerime v\u00f5tmeid, elektroonilisi (nutikaid) v\u00f5tmeid Mazda autodele.   Mazda v\u00f5tmete tootmine   Mazda v\u00f5tme programmeerimine   Mazda v\u00f5tme remont   Mazda peamised juhtumid   Mazda v\u00f5tme tootmine, programmeerimine   Mazda autode avarii avamine  Autov\u00f5tmete tootmine  Uute autov\u00f5tmete valmistamine, v\u00f5tmete programmeerimine (&quot;sidumine&quot; autoga)  Varem kaotatud v\u00f5tmete kustutamine auto m\u00e4lust  S\u00fc\u00fctev\u00f5tme tootmine vastavalt lukule  Autov\u00f5tmete remont (nuppude, kestade, mehhanismide vahetus)  Autode avamine h\u00e4daolukorras  V\u00f5tmete, v\u00f5tmekastide kaubandus  DPF \/ FAP tarkvara v\u00e4ljal\u00fclitamine  Programmiline EGR eemaldamine  Kasutust\u00f5kise tarkvara deaktiveerimine (immo Off)  Mootori kontrollploki (ECU) remont, kloonimine, programmeerimine  SRS (turvapadja juhtseadme programmeerimine)  kaubad saadetakse 3 t\u00f6\u00f6p\u00e4eva jooksul.* &nbsp; &nbsp; &nbsp; &nbsp;\" \/>\n<meta property=\"og:url\" content=\"https:\/\/keys-for-auto.eu\/et\/product\/votmete-tootmine-mazda-autodele\/\" \/>\n<meta property=\"og:site_name\" content=\"Keys for auto\" \/>\n<meta property=\"article:publisher\" content=\"https:\/\/www.facebook.com\/KeysForAutoEU\" \/>\n<meta name=\"twitter:card\" content=\"summary_large_image\" \/>\n<meta name=\"twitter:label1\" content=\"Est. reading time\" \/>\n\t<meta name=\"twitter:data1\" content=\"1 minut\" \/>\n<script type=\"application\/ld+json\" class=\"yoast-schema-graph\">{\"@context\":\"https:\\\/\\\/schema.org\",\"@graph\":[{\"@type\":[\"WebPage\",\"ItemPage\"],\"@id\":\"https:\\\/\\\/keys-for-auto.eu\\\/et\\\/product\\\/votmete-tootmine-mazda-autodele\\\/\",\"url\":\"https:\\\/\\\/keys-for-auto.eu\\\/et\\\/product\\\/votmete-tootmine-mazda-autodele\\\/\",\"name\":\"Mazda autode v\u00f5tmete tootmine - Keys for auto%\",\"isPartOf\":{\"@id\":\"https:\\\/\\\/keys-for-auto.eu\\\/et\\\/#website\"},\"primaryImageOfPage\":{\"@id\":\"https:\\\/\\\/keys-for-auto.eu\\\/et\\\/product\\\/votmete-tootmine-mazda-autodele\\\/#primaryimage\"},\"image\":{\"@id\":\"https:\\\/\\\/keys-for-auto.eu\\\/et\\\/product\\\/votmete-tootmine-mazda-autodele\\\/#primaryimage\"},\"thumbnailUrl\":\"\",\"datePublished\":\"2017-12-03T16:27:09+00:00\",\"breadcrumb\":{\"@id\":\"https:\\\/\\\/keys-for-auto.eu\\\/et\\\/product\\\/votmete-tootmine-mazda-autodele\\\/#breadcrumb\"},\"inLanguage\":\"et\",\"potentialAction\":[{\"@type\":\"ReadAction\",\"target\":[\"https:\\\/\\\/keys-for-auto.eu\\\/et\\\/product\\\/votmete-tootmine-mazda-autodele\\\/\"]}]},{\"@type\":\"ImageObject\",\"inLanguage\":\"et\",\"@id\":\"https:\\\/\\\/keys-for-auto.eu\\\/et\\\/product\\\/votmete-tootmine-mazda-autodele\\\/#primaryimage\",\"url\":\"\",\"contentUrl\":\"\",\"caption\":\"Mazda autode v\u00f5tmete tootmine\"},{\"@type\":\"BreadcrumbList\",\"@id\":\"https:\\\/\\\/keys-for-auto.eu\\\/et\\\/product\\\/votmete-tootmine-mazda-autodele\\\/#breadcrumb\",\"itemListElement\":[{\"@type\":\"ListItem\",\"position\":1,\"name\":\"Kodu\",\"item\":\"https:\\\/\\\/keys-for-auto.eu\\\/et\\\/\"},{\"@type\":\"ListItem\",\"position\":2,\"name\":\"Shop\",\"item\":\"https:\\\/\\\/keys-for-auto.eu\\\/\"},{\"@type\":\"ListItem\",\"position\":3,\"name\":\"Mazda autode v\u00f5tmete tootmine\"}]},{\"@type\":\"WebSite\",\"@id\":\"https:\\\/\\\/keys-for-auto.eu\\\/et\\\/#website\",\"url\":\"https:\\\/\\\/keys-for-auto.eu\\\/et\\\/\",\"name\":\"Keys for auto\",\"description\":\"Car keys,  key shells, key programming\",\"publisher\":{\"@id\":\"https:\\\/\\\/keys-for-auto.eu\\\/et\\\/#organization\"},\"potentialAction\":[{\"@type\":\"SearchAction\",\"target\":{\"@type\":\"EntryPoint\",\"urlTemplate\":\"https:\\\/\\\/keys-for-auto.eu\\\/et\\\/?s={search_term_string}\"},\"query-input\":{\"@type\":\"PropertyValueSpecification\",\"valueRequired\":true,\"valueName\":\"search_term_string\"}}],\"inLanguage\":\"et\"},{\"@type\":\"Organization\",\"@id\":\"https:\\\/\\\/keys-for-auto.eu\\\/et\\\/#organization\",\"name\":\"Auto v\u00f5tmed\",\"url\":\"https:\\\/\\\/keys-for-auto.eu\\\/et\\\/\",\"logo\":{\"@type\":\"ImageObject\",\"inLanguage\":\"et\",\"@id\":\"https:\\\/\\\/keys-for-auto.eu\\\/et\\\/#\\\/schema\\\/logo\\\/image\\\/\",\"url\":\"https:\\\/\\\/keys-for-auto.eu\\\/wp-content\\\/uploads\\\/2022\\\/11\\\/cropped-png1.png\",\"contentUrl\":\"https:\\\/\\\/keys-for-auto.eu\\\/wp-content\\\/uploads\\\/2022\\\/11\\\/cropped-png1.png\",\"width\":1000,\"height\":342,\"caption\":\"Auto v\u00f5tmed\"},\"image\":{\"@id\":\"https:\\\/\\\/keys-for-auto.eu\\\/et\\\/#\\\/schema\\\/logo\\\/image\\\/\"},\"sameAs\":[\"https:\\\/\\\/www.facebook.com\\\/KeysForAutoEU\"]}]}<\/script>\n<!-- \/ Yoast SEO plugin. -->","yoast_head_json":{"title":"Mazda autode v\u00f5tmete tootmine - Keys for auto%","robots":{"index":"index","follow":"follow","max-snippet":"max-snippet:-1","max-image-preview":"max-image-preview:large","max-video-preview":"max-video-preview:-1"},"canonical":"https:\/\/keys-for-auto.eu\/et\/product\/votmete-tootmine-mazda-autodele\/","og_locale":"et_EE","og_type":"article","og_title":"Mazda autode v\u00f5tmete tootmine - Keys for auto%","og_description":"Valmistame ja programmeerime v\u00f5tmeid, elektroonilisi (nutikaid) v\u00f5tmeid Mazda autodele.   Mazda v\u00f5tmete tootmine   Mazda v\u00f5tme programmeerimine   Mazda v\u00f5tme remont   Mazda peamised juhtumid   Mazda v\u00f5tme tootmine, programmeerimine   Mazda autode avarii avamine  Autov\u00f5tmete tootmine  Uute autov\u00f5tmete valmistamine, v\u00f5tmete programmeerimine (\"sidumine\" autoga)  Varem kaotatud v\u00f5tmete kustutamine auto m\u00e4lust  S\u00fc\u00fctev\u00f5tme tootmine vastavalt lukule  Autov\u00f5tmete remont (nuppude, kestade, mehhanismide vahetus)  Autode avamine h\u00e4daolukorras  V\u00f5tmete, v\u00f5tmekastide kaubandus  DPF \/ FAP tarkvara v\u00e4ljal\u00fclitamine  Programmiline EGR eemaldamine  Kasutust\u00f5kise tarkvara deaktiveerimine (immo Off)  Mootori kontrollploki (ECU) remont, kloonimine, programmeerimine  SRS (turvapadja juhtseadme programmeerimine)  kaubad saadetakse 3 t\u00f6\u00f6p\u00e4eva jooksul.* &nbsp; &nbsp; &nbsp; &nbsp;","og_url":"https:\/\/keys-for-auto.eu\/et\/product\/votmete-tootmine-mazda-autodele\/","og_site_name":"Keys for auto","article_publisher":"https:\/\/www.facebook.com\/KeysForAutoEU","twitter_card":"summary_large_image","twitter_misc":{"Est. reading time":"1 minut"},"schema":{"@context":"https:\/\/schema.org","@graph":[{"@type":["WebPage","ItemPage"],"@id":"https:\/\/keys-for-auto.eu\/et\/product\/votmete-tootmine-mazda-autodele\/","url":"https:\/\/keys-for-auto.eu\/et\/product\/votmete-tootmine-mazda-autodele\/","name":"Mazda autode v\u00f5tmete tootmine - Keys for auto%","isPartOf":{"@id":"https:\/\/keys-for-auto.eu\/et\/#website"},"primaryImageOfPage":{"@id":"https:\/\/keys-for-auto.eu\/et\/product\/votmete-tootmine-mazda-autodele\/#primaryimage"},"image":{"@id":"https:\/\/keys-for-auto.eu\/et\/product\/votmete-tootmine-mazda-autodele\/#primaryimage"},"thumbnailUrl":"","datePublished":"2017-12-03T16:27:09+00:00","breadcrumb":{"@id":"https:\/\/keys-for-auto.eu\/et\/product\/votmete-tootmine-mazda-autodele\/#breadcrumb"},"inLanguage":"et","potentialAction":[{"@type":"ReadAction","target":["https:\/\/keys-for-auto.eu\/et\/product\/votmete-tootmine-mazda-autodele\/"]}]},{"@type":"ImageObject","inLanguage":"et","@id":"https:\/\/keys-for-auto.eu\/et\/product\/votmete-tootmine-mazda-autodele\/#primaryimage","url":"","contentUrl":"","caption":"Mazda autode v\u00f5tmete tootmine"},{"@type":"BreadcrumbList","@id":"https:\/\/keys-for-auto.eu\/et\/product\/votmete-tootmine-mazda-autodele\/#breadcrumb","itemListElement":[{"@type":"ListItem","position":1,"name":"Kodu","item":"https:\/\/keys-for-auto.eu\/et\/"},{"@type":"ListItem","position":2,"name":"Shop","item":"https:\/\/keys-for-auto.eu\/"},{"@type":"ListItem","position":3,"name":"Mazda autode v\u00f5tmete tootmine"}]},{"@type":"WebSite","@id":"https:\/\/keys-for-auto.eu\/et\/#website","url":"https:\/\/keys-for-auto.eu\/et\/","name":"Keys for auto","description":"Car keys,  key shells, key programming","publisher":{"@id":"https:\/\/keys-for-auto.eu\/et\/#organization"},"potentialAction":[{"@type":"SearchAction","target":{"@type":"EntryPoint","urlTemplate":"https:\/\/keys-for-auto.eu\/et\/?s={search_term_string}"},"query-input":{"@type":"PropertyValueSpecification","valueRequired":true,"valueName":"search_term_string"}}],"inLanguage":"et"},{"@type":"Organization","@id":"https:\/\/keys-for-auto.eu\/et\/#organization","name":"Auto v\u00f5tmed","url":"https:\/\/keys-for-auto.eu\/et\/","logo":{"@type":"ImageObject","inLanguage":"et","@id":"https:\/\/keys-for-auto.eu\/et\/#\/schema\/logo\/image\/","url":"https:\/\/keys-for-auto.eu\/wp-content\/uploads\/2022\/11\/cropped-png1.png","contentUrl":"https:\/\/keys-for-auto.eu\/wp-content\/uploads\/2022\/11\/cropped-png1.png","width":1000,"height":342,"caption":"Auto v\u00f5tmed"},"image":{"@id":"https:\/\/keys-for-auto.eu\/et\/#\/schema\/logo\/image\/"},"sameAs":["https:\/\/www.facebook.com\/KeysForAutoEU"]}]}},"_links":{"self":[{"href":"https:\/\/keys-for-auto.eu\/et\/wp-json\/wp\/v2\/product\/20299","targetHints":{"allow":["GET"]}}],"collection":[{"href":"https:\/\/keys-for-auto.eu\/et\/wp-json\/wp\/v2\/product"}],"about":[{"href":"https:\/\/keys-for-auto.eu\/et\/wp-json\/wp\/v2\/types\/product"}],"replies":[{"embeddable":true,"href":"https:\/\/keys-for-auto.eu\/et\/wp-json\/wp\/v2\/comments?post=20299"}],"wp:featuredmedia":[{"embeddable":true,"href":"https:\/\/keys-for-auto.eu\/et\/wp-json\/wp\/v2\/media\/19321"}],"wp:attachment":[{"href":"https:\/\/keys-for-auto.eu\/et\/wp-json\/wp\/v2\/media?parent=20299"}],"wp:term":[{"taxonomy":"product_brand","embeddable":true,"href":"https:\/\/keys-for-auto.eu\/et\/wp-json\/wp\/v2\/product_brand?post=20299"},{"taxonomy":"product_cat","embeddable":true,"href":"https:\/\/keys-for-auto.eu\/et\/wp-json\/wp\/v2\/product_cat?post=20299"},{"taxonomy":"product_tag","embeddable":true,"href":"https:\/\/keys-for-auto.eu\/et\/wp-json\/wp\/v2\/product_tag?post=20299"}],"curies":[{"name":"wp","href":"https:\/\/api.w.org\/{rel}","templated":true}]}}