{"id":20296,"date":"2017-05-11T18:34:51","date_gmt":"2017-05-11T18:34:51","guid":{"rendered":"https:\/\/keys-for-auto.eu\/product\/volvo-autode-votmete-tootmine\/"},"modified":"2017-05-11T18:34:51","modified_gmt":"2017-05-11T18:34:51","slug":"votmete-valmistamine-volvo-autodele","status":"publish","type":"product","link":"https:\/\/keys-for-auto.eu\/et\/product\/votmete-valmistamine-volvo-autodele\/","title":{"rendered":"Volvo autode v\u00f5tmete tootmine"},"content":{"rendered":"<h2>Volvo autode v\u00f5tmete tootmine<\/h2>\n<p>&nbsp;<\/p>\n<p>&nbsp;<\/p>\n<p><img loading=\"lazy\" decoding=\"async\" class=\"wp-image-3287 alignleft\" src=\"https:\/\/raktai-automobiliams.lt\/wp-content\/uploads\/2017\/05\/Volvo-keys.png\" alt=\"Volvo rakt\u0173 gamyba\" width=\"217\" height=\"170\"><\/p>\n<p>Kui juhil on v\u00f5tmega probleeme, vajab ta professionaalset abi. Duplikaatide tootmine v\u00f5ib olla seotud ka Volvo omaniku sooviga omada varukomplekti. Autov\u00f5tmed, mis on professionaalselt valmistatud meistri poolt, kestavad kaua ja on taskukohased. Kui omanikul ei ole originaali v\u00f5i on kahjustatud koopia, tehakse duplikaat, mis vastab s\u00fc\u00fctelukule. Spetsiaalsete seadmete ja t\u00f6\u00f6riistade kasutamine Volvo v\u00f5tme koopia valmistamiseks v\u00e4ldib igasugust transiiveri ja selle salajase koodi rikkeid. K\u00f5ik t\u00f6\u00f6d tehakse professionaalselt ja korralikult.<\/p>\n<p>&nbsp;<\/p>\n<h2>Volvo duplikaatide tootmisv\u00f5imalused<\/h2>\n<p>T\u00e4nap\u00e4eval saab replikaid tellida mitmesuguste modifikatsioonidega:<\/p>\n<p>Kokkupandav s\u00fc\u00fctev\u00f5ti koos kaugjuhtimispuldiga uste avamiseks ja mootori k\u00e4ivitamiseks.<\/p>\n<p>Lihtne mehaanilise teraga v\u00f5ti, ilma elektroonilise &#8220;t\u00e4idiseta&#8221;, ilma kasutust\u00f5kiseta.<\/p>\n<p>Kiibiv\u00f5tja koos transiiveriga.<\/p>\n<p>Kui v\u00f5tme tera tuleb reprodutseerida, kasutatakse spetsiaalset programmeeritavat masinat, mis loob tera kuju vastavalt kindlaksm\u00e4\u00e4ratud parameetritele. Kuna puudub inimtegur, on l\u00f5iket\u00e4psus garanteeritud. Duplikaati v\u00f5ib valmistada plastmassist korpusega, nagu see sageli on, kuna tera valmistamiseks kasutatakse tavaliselt toorikuid (v\u00f5tmed ilma saladuseta).<\/p>\n<p>Volvo v\u00f5tme reprodutseerimisel teostab tehnik tavaliselt j\u00e4rgmise sammude jada:<\/p>\n<p>Auto avamine (vajaduse korral).<\/p>\n<p>V\u00f5tme mehaanilise osa valmistamine s\u00fc\u00fctelukust l\u00e4htuvalt.<\/p>\n<p>v\u00f5tme programmeerimine s\u00f5iduki s\u00fcsteemis (OBD2-pistiku kaudu v\u00f5i immobilisaatori eemaldamise teel).<\/p>\n<p>S\u00fc\u00fctev\u00f5tme valmistamine on seotud lukustusmehhanismi turvas\u00fcsteemiga. See ei valmista aga mingeid raskusi spetsialistile, kes valmistab professionaalselt duplikaadi ja programmeerib s\u00fcsteemi \u00fcmber. Kui originaalv\u00f5tmed on kadunud, on vana v\u00f5tmekomplekt p\u00e4rast selliseid protseduure k\u00e4ttesaamatu ja kurjategijatel ei ole mingit v\u00f5imalust.<\/p>\n","protected":false},"excerpt":{"rendered":"<h3><strong>Autov\u00f5tmete tootmine<\/strong><\/h3>\n<ul>\n<li><strong>Uute autov\u00f5tmete valmistamine, v\u00f5tmete programmeerimine (&#8220;sidumine&#8221; autoga)<\/strong><\/li>\n<li><strong>Varem kaotatud v\u00f5tmete kustutamine auto m\u00e4lust<\/strong><\/li>\n<li><strong>S\u00fc\u00fctev\u00f5tme tootmine vastavalt lukule<\/strong><\/li>\n<li><strong>Autov\u00f5tmete remont (nuppude, kestade, mehhanismide vahetus)<\/strong><\/li>\n<li><strong>Autode avamine h\u00e4daolukorras<\/strong><\/li>\n<li><strong>V\u00f5tmete, v\u00f5tmekastide kaubandus<\/strong><\/li>\n<li><strong>DPF \/ FAP tarkvara v\u00e4ljal\u00fclitamine<\/strong><\/li>\n<li><strong>Programmiline EGR eemaldamine<\/strong><\/li>\n<li><strong>Kasutust\u00f5kise tarkvara deaktiveerimine (immo Off)<\/strong><\/li>\n<li><strong>Mootori kontrollploki (ECU) remont, kloonimine, programmeerimine<\/strong><\/li>\n<li><strong>SRS (turvapadja juhtseadme programmeerimine)<\/strong><\/li>\n<\/ul>\n<div class=\"woocommerce-product-details__short-description\">\n<h4><strong>  kaubad saadetakse 3 t\u00f6\u00f6p\u00e4eva jooksul.*<\/strong><\/h4>\n<\/div>\n<form class=\"cart\" action=\"https:\/\/keys-for-auto.eu\/product\/smart-key-shell-suitable-for-audi-a3-a4-s4-a5-three-buttons\/\" enctype=\"multipart\/form-data\" method=\"post\"><\/form>\n<p><strong>Volvo v\u00f5tmetootmine<\/strong><\/p>\n<ul>\n<li>Volvo v\u00f5tmed<\/li>\n<li>Volvo v\u00f5tmetootmine<\/li>\n<li>Volvo v\u00f5tmekoored<\/li>\n<li>Volvo v\u00f5tme programmeerimine<\/li>\n<li>Volvo autode avarii avamine<\/li>\n<\/ul>\n<p>T\u00e4nu kaasaegsetele arvutip\u00f5histele seadmetele valmistame teie Volvo autole kvaliteetse ja kauakestva v\u00f5tme. Kui teil on ainult \u00fcks v\u00f5ti v\u00f5i kui teie Volvo v\u00f5ti ei k\u00e4ivita teie autot alati, soovitame teil osta varuv\u00f5tme. See s\u00e4\u00e4stab teie aega ja raha.<\/p>\n<p>Valmistame v\u00f5tmeid paljudele Volvo mudelitele. See v\u00f5ib olla lihtne v\u00f5ti, kasutust\u00f5kisega v\u00f5ti. Pakume ka alternatiivi nutiv\u00f5tmetele <em><br \/>\n  <strong>(v\u00f5tmeta s\u00fc\u00fctes\u00fcsteem koos START\/STOP nupuga)<\/strong><br \/>\n<\/em><\/p>\n<p><img loading=\"lazy\" decoding=\"async\" class=\" wp-image-3287 aligncenter\" src=\"https:\/\/raktai-automobiliams.lt\/wp-content\/uploads\/2017\/05\/Volvo-keys.png\" alt=\"Volvo rakt\u0173 gamyba\" width=\"552\" height=\"432\"><\/p>\n<hr>\n<p>&nbsp;<\/p>\n","protected":false},"featured_media":19128,"comment_status":"open","ping_status":"closed","template":"","meta":[],"product_brand":[],"product_cat":[3736,3989],"product_tag":[4037,4035,4029],"class_list":{"0":"post-20296","1":"product","2":"type-product","3":"status-publish","4":"has-post-thumbnail","6":"product_cat-volvo-et","7":"product_cat-votmete-tootmine","8":"product_tag-volvo-votmetootmine","9":"product_tag-votmete-programmeerimine","10":"product_tag-votmete-tootmine-et","12":"first","13":"instock","14":"shipping-taxable","15":"product-type-simple"},"yoast_head":"<!-- This site is optimized with the Yoast SEO plugin v27.3 - https:\/\/yoast.com\/product\/yoast-seo-wordpress\/ -->\n<title>Volvo autode v\u00f5tmete tootmine - Keys for auto%<\/title>\n<meta name=\"robots\" content=\"index, follow, max-snippet:-1, max-image-preview:large, max-video-preview:-1\" \/>\n<link rel=\"canonical\" href=\"https:\/\/keys-for-auto.eu\/et\/product\/votmete-valmistamine-volvo-autodele\/\" \/>\n<meta property=\"og:locale\" content=\"et_EE\" \/>\n<meta property=\"og:type\" content=\"article\" \/>\n<meta property=\"og:title\" content=\"Volvo autode v\u00f5tmete tootmine - Keys for auto%\" \/>\n<meta property=\"og:description\" content=\"Autov\u00f5tmete tootmine  Uute autov\u00f5tmete valmistamine, v\u00f5tmete programmeerimine (&quot;sidumine&quot; autoga)  Varem kaotatud v\u00f5tmete kustutamine auto m\u00e4lust  S\u00fc\u00fctev\u00f5tme tootmine vastavalt lukule  Autov\u00f5tmete remont (nuppude, kestade, mehhanismide vahetus)  Autode avamine h\u00e4daolukorras  V\u00f5tmete, v\u00f5tmekastide kaubandus  DPF \/ FAP tarkvara v\u00e4ljal\u00fclitamine  Programmiline EGR eemaldamine  Kasutust\u00f5kise tarkvara deaktiveerimine (immo Off)  Mootori kontrollploki (ECU) remont, kloonimine, programmeerimine  SRS (turvapadja juhtseadme programmeerimine)   kaubad saadetakse 3 t\u00f6\u00f6p\u00e4eva jooksul.* Volvo v\u00f5tmetootmine  Volvo v\u00f5tmed  Volvo v\u00f5tmetootmine  Volvo v\u00f5tmekoored  Volvo v\u00f5tme programmeerimine  Volvo autode avarii avamine T\u00e4nu kaasaegsetele arvutip\u00f5histele seadmetele valmistame teie Volvo autole kvaliteetse ja kauakestva v\u00f5tme. Kui teil on ainult \u00fcks v\u00f5ti v\u00f5i kui teie Volvo v\u00f5ti ei k\u00e4ivita teie autot alati, soovitame teil osta varuv\u00f5tme. See s\u00e4\u00e4stab teie aega ja raha. Valmistame v\u00f5tmeid paljudele Volvo mudelitele. See v\u00f5ib olla lihtne v\u00f5ti, kasutust\u00f5kisega v\u00f5ti. Pakume ka alternatiivi nutiv\u00f5tmetele  (v\u00f5tmeta s\u00fc\u00fctes\u00fcsteem koos START\/STOP nupuga)    &nbsp;\" \/>\n<meta property=\"og:url\" content=\"https:\/\/keys-for-auto.eu\/et\/product\/votmete-valmistamine-volvo-autodele\/\" \/>\n<meta property=\"og:site_name\" content=\"Keys for auto\" \/>\n<meta property=\"article:publisher\" content=\"https:\/\/www.facebook.com\/KeysForAutoEU\" \/>\n<meta name=\"twitter:card\" content=\"summary_large_image\" \/>\n<meta name=\"twitter:label1\" content=\"Est. reading time\" \/>\n\t<meta name=\"twitter:data1\" content=\"1 minut\" \/>\n<script type=\"application\/ld+json\" class=\"yoast-schema-graph\">{\"@context\":\"https:\\\/\\\/schema.org\",\"@graph\":[{\"@type\":[\"WebPage\",\"ItemPage\"],\"@id\":\"https:\\\/\\\/keys-for-auto.eu\\\/et\\\/product\\\/votmete-valmistamine-volvo-autodele\\\/\",\"url\":\"https:\\\/\\\/keys-for-auto.eu\\\/et\\\/product\\\/votmete-valmistamine-volvo-autodele\\\/\",\"name\":\"Volvo autode v\u00f5tmete tootmine - Keys for auto%\",\"isPartOf\":{\"@id\":\"https:\\\/\\\/keys-for-auto.eu\\\/et\\\/#website\"},\"primaryImageOfPage\":{\"@id\":\"https:\\\/\\\/keys-for-auto.eu\\\/et\\\/product\\\/votmete-valmistamine-volvo-autodele\\\/#primaryimage\"},\"image\":{\"@id\":\"https:\\\/\\\/keys-for-auto.eu\\\/et\\\/product\\\/votmete-valmistamine-volvo-autodele\\\/#primaryimage\"},\"thumbnailUrl\":\"\",\"datePublished\":\"2017-05-11T18:34:51+00:00\",\"breadcrumb\":{\"@id\":\"https:\\\/\\\/keys-for-auto.eu\\\/et\\\/product\\\/votmete-valmistamine-volvo-autodele\\\/#breadcrumb\"},\"inLanguage\":\"et\",\"potentialAction\":[{\"@type\":\"ReadAction\",\"target\":[\"https:\\\/\\\/keys-for-auto.eu\\\/et\\\/product\\\/votmete-valmistamine-volvo-autodele\\\/\"]}]},{\"@type\":\"ImageObject\",\"inLanguage\":\"et\",\"@id\":\"https:\\\/\\\/keys-for-auto.eu\\\/et\\\/product\\\/votmete-valmistamine-volvo-autodele\\\/#primaryimage\",\"url\":\"\",\"contentUrl\":\"\",\"caption\":\"Volvo autode v\u00f5tmete tootmine\"},{\"@type\":\"BreadcrumbList\",\"@id\":\"https:\\\/\\\/keys-for-auto.eu\\\/et\\\/product\\\/votmete-valmistamine-volvo-autodele\\\/#breadcrumb\",\"itemListElement\":[{\"@type\":\"ListItem\",\"position\":1,\"name\":\"Kodu\",\"item\":\"https:\\\/\\\/keys-for-auto.eu\\\/et\\\/\"},{\"@type\":\"ListItem\",\"position\":2,\"name\":\"Shop\",\"item\":\"https:\\\/\\\/keys-for-auto.eu\\\/\"},{\"@type\":\"ListItem\",\"position\":3,\"name\":\"Volvo autode v\u00f5tmete tootmine\"}]},{\"@type\":\"WebSite\",\"@id\":\"https:\\\/\\\/keys-for-auto.eu\\\/et\\\/#website\",\"url\":\"https:\\\/\\\/keys-for-auto.eu\\\/et\\\/\",\"name\":\"Keys for auto\",\"description\":\"Car keys,  key shells, key programming\",\"publisher\":{\"@id\":\"https:\\\/\\\/keys-for-auto.eu\\\/et\\\/#organization\"},\"potentialAction\":[{\"@type\":\"SearchAction\",\"target\":{\"@type\":\"EntryPoint\",\"urlTemplate\":\"https:\\\/\\\/keys-for-auto.eu\\\/et\\\/?s={search_term_string}\"},\"query-input\":{\"@type\":\"PropertyValueSpecification\",\"valueRequired\":true,\"valueName\":\"search_term_string\"}}],\"inLanguage\":\"et\"},{\"@type\":\"Organization\",\"@id\":\"https:\\\/\\\/keys-for-auto.eu\\\/et\\\/#organization\",\"name\":\"Auto v\u00f5tmed\",\"url\":\"https:\\\/\\\/keys-for-auto.eu\\\/et\\\/\",\"logo\":{\"@type\":\"ImageObject\",\"inLanguage\":\"et\",\"@id\":\"https:\\\/\\\/keys-for-auto.eu\\\/et\\\/#\\\/schema\\\/logo\\\/image\\\/\",\"url\":\"https:\\\/\\\/keys-for-auto.eu\\\/wp-content\\\/uploads\\\/2022\\\/11\\\/cropped-png1.png\",\"contentUrl\":\"https:\\\/\\\/keys-for-auto.eu\\\/wp-content\\\/uploads\\\/2022\\\/11\\\/cropped-png1.png\",\"width\":1000,\"height\":342,\"caption\":\"Auto v\u00f5tmed\"},\"image\":{\"@id\":\"https:\\\/\\\/keys-for-auto.eu\\\/et\\\/#\\\/schema\\\/logo\\\/image\\\/\"},\"sameAs\":[\"https:\\\/\\\/www.facebook.com\\\/KeysForAutoEU\"]}]}<\/script>\n<!-- \/ Yoast SEO plugin. -->","yoast_head_json":{"title":"Volvo autode v\u00f5tmete tootmine - Keys for auto%","robots":{"index":"index","follow":"follow","max-snippet":"max-snippet:-1","max-image-preview":"max-image-preview:large","max-video-preview":"max-video-preview:-1"},"canonical":"https:\/\/keys-for-auto.eu\/et\/product\/votmete-valmistamine-volvo-autodele\/","og_locale":"et_EE","og_type":"article","og_title":"Volvo autode v\u00f5tmete tootmine - Keys for auto%","og_description":"Autov\u00f5tmete tootmine  Uute autov\u00f5tmete valmistamine, v\u00f5tmete programmeerimine (\"sidumine\" autoga)  Varem kaotatud v\u00f5tmete kustutamine auto m\u00e4lust  S\u00fc\u00fctev\u00f5tme tootmine vastavalt lukule  Autov\u00f5tmete remont (nuppude, kestade, mehhanismide vahetus)  Autode avamine h\u00e4daolukorras  V\u00f5tmete, v\u00f5tmekastide kaubandus  DPF \/ FAP tarkvara v\u00e4ljal\u00fclitamine  Programmiline EGR eemaldamine  Kasutust\u00f5kise tarkvara deaktiveerimine (immo Off)  Mootori kontrollploki (ECU) remont, kloonimine, programmeerimine  SRS (turvapadja juhtseadme programmeerimine)   kaubad saadetakse 3 t\u00f6\u00f6p\u00e4eva jooksul.* Volvo v\u00f5tmetootmine  Volvo v\u00f5tmed  Volvo v\u00f5tmetootmine  Volvo v\u00f5tmekoored  Volvo v\u00f5tme programmeerimine  Volvo autode avarii avamine T\u00e4nu kaasaegsetele arvutip\u00f5histele seadmetele valmistame teie Volvo autole kvaliteetse ja kauakestva v\u00f5tme. Kui teil on ainult \u00fcks v\u00f5ti v\u00f5i kui teie Volvo v\u00f5ti ei k\u00e4ivita teie autot alati, soovitame teil osta varuv\u00f5tme. See s\u00e4\u00e4stab teie aega ja raha. Valmistame v\u00f5tmeid paljudele Volvo mudelitele. See v\u00f5ib olla lihtne v\u00f5ti, kasutust\u00f5kisega v\u00f5ti. Pakume ka alternatiivi nutiv\u00f5tmetele  (v\u00f5tmeta s\u00fc\u00fctes\u00fcsteem koos START\/STOP nupuga)    &nbsp;","og_url":"https:\/\/keys-for-auto.eu\/et\/product\/votmete-valmistamine-volvo-autodele\/","og_site_name":"Keys for auto","article_publisher":"https:\/\/www.facebook.com\/KeysForAutoEU","twitter_card":"summary_large_image","twitter_misc":{"Est. reading time":"1 minut"},"schema":{"@context":"https:\/\/schema.org","@graph":[{"@type":["WebPage","ItemPage"],"@id":"https:\/\/keys-for-auto.eu\/et\/product\/votmete-valmistamine-volvo-autodele\/","url":"https:\/\/keys-for-auto.eu\/et\/product\/votmete-valmistamine-volvo-autodele\/","name":"Volvo autode v\u00f5tmete tootmine - Keys for auto%","isPartOf":{"@id":"https:\/\/keys-for-auto.eu\/et\/#website"},"primaryImageOfPage":{"@id":"https:\/\/keys-for-auto.eu\/et\/product\/votmete-valmistamine-volvo-autodele\/#primaryimage"},"image":{"@id":"https:\/\/keys-for-auto.eu\/et\/product\/votmete-valmistamine-volvo-autodele\/#primaryimage"},"thumbnailUrl":"","datePublished":"2017-05-11T18:34:51+00:00","breadcrumb":{"@id":"https:\/\/keys-for-auto.eu\/et\/product\/votmete-valmistamine-volvo-autodele\/#breadcrumb"},"inLanguage":"et","potentialAction":[{"@type":"ReadAction","target":["https:\/\/keys-for-auto.eu\/et\/product\/votmete-valmistamine-volvo-autodele\/"]}]},{"@type":"ImageObject","inLanguage":"et","@id":"https:\/\/keys-for-auto.eu\/et\/product\/votmete-valmistamine-volvo-autodele\/#primaryimage","url":"","contentUrl":"","caption":"Volvo autode v\u00f5tmete tootmine"},{"@type":"BreadcrumbList","@id":"https:\/\/keys-for-auto.eu\/et\/product\/votmete-valmistamine-volvo-autodele\/#breadcrumb","itemListElement":[{"@type":"ListItem","position":1,"name":"Kodu","item":"https:\/\/keys-for-auto.eu\/et\/"},{"@type":"ListItem","position":2,"name":"Shop","item":"https:\/\/keys-for-auto.eu\/"},{"@type":"ListItem","position":3,"name":"Volvo autode v\u00f5tmete tootmine"}]},{"@type":"WebSite","@id":"https:\/\/keys-for-auto.eu\/et\/#website","url":"https:\/\/keys-for-auto.eu\/et\/","name":"Keys for auto","description":"Car keys,  key shells, key programming","publisher":{"@id":"https:\/\/keys-for-auto.eu\/et\/#organization"},"potentialAction":[{"@type":"SearchAction","target":{"@type":"EntryPoint","urlTemplate":"https:\/\/keys-for-auto.eu\/et\/?s={search_term_string}"},"query-input":{"@type":"PropertyValueSpecification","valueRequired":true,"valueName":"search_term_string"}}],"inLanguage":"et"},{"@type":"Organization","@id":"https:\/\/keys-for-auto.eu\/et\/#organization","name":"Auto v\u00f5tmed","url":"https:\/\/keys-for-auto.eu\/et\/","logo":{"@type":"ImageObject","inLanguage":"et","@id":"https:\/\/keys-for-auto.eu\/et\/#\/schema\/logo\/image\/","url":"https:\/\/keys-for-auto.eu\/wp-content\/uploads\/2022\/11\/cropped-png1.png","contentUrl":"https:\/\/keys-for-auto.eu\/wp-content\/uploads\/2022\/11\/cropped-png1.png","width":1000,"height":342,"caption":"Auto v\u00f5tmed"},"image":{"@id":"https:\/\/keys-for-auto.eu\/et\/#\/schema\/logo\/image\/"},"sameAs":["https:\/\/www.facebook.com\/KeysForAutoEU"]}]}},"_links":{"self":[{"href":"https:\/\/keys-for-auto.eu\/et\/wp-json\/wp\/v2\/product\/20296","targetHints":{"allow":["GET"]}}],"collection":[{"href":"https:\/\/keys-for-auto.eu\/et\/wp-json\/wp\/v2\/product"}],"about":[{"href":"https:\/\/keys-for-auto.eu\/et\/wp-json\/wp\/v2\/types\/product"}],"replies":[{"embeddable":true,"href":"https:\/\/keys-for-auto.eu\/et\/wp-json\/wp\/v2\/comments?post=20296"}],"wp:featuredmedia":[{"embeddable":true,"href":"https:\/\/keys-for-auto.eu\/et\/wp-json\/wp\/v2\/media\/19128"}],"wp:attachment":[{"href":"https:\/\/keys-for-auto.eu\/et\/wp-json\/wp\/v2\/media?parent=20296"}],"wp:term":[{"taxonomy":"product_brand","embeddable":true,"href":"https:\/\/keys-for-auto.eu\/et\/wp-json\/wp\/v2\/product_brand?post=20296"},{"taxonomy":"product_cat","embeddable":true,"href":"https:\/\/keys-for-auto.eu\/et\/wp-json\/wp\/v2\/product_cat?post=20296"},{"taxonomy":"product_tag","embeddable":true,"href":"https:\/\/keys-for-auto.eu\/et\/wp-json\/wp\/v2\/product_tag?post=20296"}],"curies":[{"name":"wp","href":"https:\/\/api.w.org\/{rel}","templated":true}]}}