{"id":20291,"date":"2017-11-22T19:01:17","date_gmt":"2017-11-22T19:01:17","guid":{"rendered":"https:\/\/keys-for-auto.eu\/product\/votmete-tootmine-opeli-autodele\/"},"modified":"2017-11-22T19:01:17","modified_gmt":"2017-11-22T19:01:17","slug":"votmete-tootmine-opel-autodele","status":"publish","type":"product","link":"https:\/\/keys-for-auto.eu\/et\/product\/votmete-tootmine-opel-autodele\/","title":{"rendered":"V\u00f5tmete tootmine Opeli autodele"},"content":{"rendered":"<h2>Opeli v\u00f5tmete tootmine<\/h2>\n<p>Kaasaegsed autod on varustatud mitmesuguste nutikate s\u00fcsteemidega, mis mitte ainult ei lihtsusta s\u00f5iduprotsessi, vaid ka kaitsevad teie autot \u00fcle s\u00f5itmise eest. Eelk\u00f5ige on autoga s\u00f5itmine v\u00f5imalik ainult siis, kui inimesel on kasutust\u00f5kisega v\u00f5ti. V\u00f5ti sisaldab unikaalset mikrokiipi, mis k\u00e4ivitab ja lukustab mootori. See t\u00e4hendab, et ilma selleta ei saa te autot k\u00e4ivitada.<br \/>\nKui kaotate sellise v\u00f5tme, on selle taastamine lukustatult \u00fcsna kallis ja aegan\u00f5udev protseduur, mida saavad teha ainult kvalifitseeritud k\u00e4sit\u00f6\u00f6lised. Et v\u00e4ltida asjatuid kulusid, on parem tellida varav\u00f5ti kohe p\u00e4rast auto ostmist. Opeli v\u00f5tme vahetus toimub kahes etapis:<\/p>\n<p>Mehaanilise osa tootmine;<\/p>\n<p>mikrokiibi programmeerimine.<\/p>\n<p>Esimene samm ei tekita mingeid erilisi probleeme, samas kui teine on keerulisem. V\u00f5tme &#8220;treenimine&#8221; toimub kaasaegsete diagnostikaseadmete abil, mis on saadaval meie spetsialistidel.<\/p>\n<h2>Nutikas v\u00f5ti<\/h2>\n<p>Seadmel olev kood on ainulaadne mitte ainult tootemargi, vaid ka s\u00f5iduki jaoks. Opeli v\u00f5tme valmistamise k\u00e4igus skaneerib arvuti tehase v\u00f5tme andmed ja seej\u00e4rel sobitatakse need s\u00f5iduki elektroonilistes juhtseadmetes sisalduvate andmetega.<\/p>\n<p>Tehnik valmistab seej\u00e4rel uue v\u00f5tme, kasutades s\u00f5iduki kasutust\u00f5kist (mis vastutab masina konkreetse seadme lukustamise eest volitamata sissemurdmiskatse korral). Seda tehakse selleks, et viia auto turvas\u00fcsteemid vastavusse avamisseadmega. Samal ajal h\u00e4\u00e4lestatakse uste ja pagasiruumi kaugjuhtimispuldi juhtimisseadmeid. Kodus on rangelt keelatud seda protseduuri teostada, kuna TP tajub auto s\u00fcsteemide skaneerimist kui varguskatset.<\/p>\n<p>Seega on Opeli s\u00f5idukite v\u00f5tmete valmistamine kaubam\u00e4rgi s\u00f5idukitele \u00fclesanne, mida saab usaldada ainult kogenud k\u00e4sit\u00f6\u00f6listele. Palun v\u00f5tke \u00fchendust meie spetsialistidega, sest see tagab uue seadme \u00f5ige toimimise ja s\u00f5iduki ohutu kasutamise.<\/p>\n","protected":false},"excerpt":{"rendered":"<h2>Valmistame ja programmeerime v\u00f5tmeid Opel autodele.<\/h2>\n<ul>\n<li>\n<h2>Opeli v\u00f5tmete tootmine<\/h2>\n<\/li>\n<li>\n<h2>Opeli v\u00f5tme programmeerimine<\/h2>\n<\/li>\n<li>\n<h2>Opeli v\u00f5tmete remont<\/h2>\n<\/li>\n<li>\n<h2>Opeli v\u00f5tmekehad<\/h2>\n<\/li>\n<li>\n<h2>Opeli autode avarii avamine<\/h2>\n<\/li>\n<\/ul>\n<h3><strong>Autov\u00f5tmete tootmine<\/strong><\/h3>\n<ul>\n<li><strong>Uute autov\u00f5tmete valmistamine, v\u00f5tmete programmeerimine (&#8220;sidumine&#8221; autoga)<\/strong><\/li>\n<li><strong>Varem kaotatud v\u00f5tmete kustutamine auto m\u00e4lust<\/strong><\/li>\n<li><strong>S\u00fc\u00fctev\u00f5tme tootmine vastavalt lukule<\/strong><\/li>\n<li><strong>Autov\u00f5tmete remont (nuppude, kestade, mehhanismide vahetus)<\/strong><\/li>\n<li><strong>Autode avamine h\u00e4daolukorras<\/strong><\/li>\n<li><strong>V\u00f5tmete, v\u00f5tmekastide kaubandus<\/strong><\/li>\n<li><strong>DPF \/ FAP tarkvara v\u00e4ljal\u00fclitamine<\/strong><\/li>\n<li><strong>Programmiline EGR eemaldamine<\/strong><\/li>\n<li><strong>Kasutust\u00f5kise tarkvara deaktiveerimine (immo Off)<\/strong><\/li>\n<li><strong>Mootori kontrollploki (ECU) remont, kloonimine, programmeerimine<\/strong><\/li>\n<li><strong>SRS (turvapadja juhtseadme programmeerimine)<\/strong><\/li>\n<\/ul>\n<h4><strong>  kaubad saadetakse 3 t\u00f6\u00f6p\u00e4eva jooksul.*<\/strong><\/h4>\n","protected":false},"featured_media":19393,"comment_status":"open","ping_status":"closed","template":"","meta":[],"product_brand":[],"product_cat":[3649,3989],"product_tag":[3670,3962,3969,3656,3714,3917,3716,3922,3673,3658,3972,3935,3674,3687,3977,3659,3679,3948,3950,3666,3958,3660,3936,3653],"class_list":{"0":"post-20291","1":"product","2":"type-product","3":"status-publish","4":"has-post-thumbnail","6":"product_cat-opel-et","7":"product_cat-votmete-tootmine","8":"product_tag-opel-agila-votmekoorik","9":"product_tag-opel-astra-j-voti","10":"product_tag-opel-astra-voti","11":"product_tag-opel-astra-votmekoorik","12":"product_tag-opel-combo-van-votmekoorik","13":"product_tag-opel-combo-voti","14":"product_tag-opel-corsa-c-votmekoorik","15":"product_tag-opel-corsa-voti","16":"product_tag-opel-corsa-votmekoorik","17":"product_tag-opel-frontera-votmekoorik","18":"product_tag-opel-insignia-voti","19":"product_tag-opel-meriva-voti","20":"product_tag-opel-meriva-votmekoorik","21":"product_tag-opel-movano-votmekoorik","22":"product_tag-opel-omega-voti","23":"product_tag-opel-omega-votmekoorik","24":"product_tag-opel-signum-votmekoorik","25":"product_tag-opel-tigra-voti","26":"product_tag-opel-vectra-voti","27":"product_tag-opel-vectra-votmekoorik","28":"product_tag-opel-zafira-voti","29":"product_tag-opel-zafira-votmekoorik","30":"product_tag-opeli-voti","31":"product_tag-opeli-votmekoorik","33":"first","34":"instock","35":"shipping-taxable","36":"product-type-simple"},"yoast_head":"<!-- This site is optimized with the Yoast SEO plugin v27.6 - https:\/\/yoast.com\/product\/yoast-seo-wordpress\/ -->\n<title>V\u00f5tmete tootmine Opeli autodele - Keys for auto%<\/title>\n<meta name=\"robots\" content=\"index, follow, max-snippet:-1, max-image-preview:large, max-video-preview:-1\" \/>\n<link rel=\"canonical\" href=\"https:\/\/keys-for-auto.eu\/et\/product\/votmete-tootmine-opel-autodele\/\" \/>\n<meta property=\"og:locale\" content=\"et_EE\" \/>\n<meta property=\"og:type\" content=\"article\" \/>\n<meta property=\"og:title\" content=\"V\u00f5tmete tootmine Opeli autodele - Keys for auto%\" \/>\n<meta property=\"og:description\" content=\"Valmistame ja programmeerime v\u00f5tmeid Opel autodele.   Opeli v\u00f5tmete tootmine   Opeli v\u00f5tme programmeerimine   Opeli v\u00f5tmete remont   Opeli v\u00f5tmekehad   Opeli autode avarii avamine  Autov\u00f5tmete tootmine  Uute autov\u00f5tmete valmistamine, v\u00f5tmete programmeerimine (&quot;sidumine&quot; autoga)  Varem kaotatud v\u00f5tmete kustutamine auto m\u00e4lust  S\u00fc\u00fctev\u00f5tme tootmine vastavalt lukule  Autov\u00f5tmete remont (nuppude, kestade, mehhanismide vahetus)  Autode avamine h\u00e4daolukorras  V\u00f5tmete, v\u00f5tmekastide kaubandus  DPF \/ FAP tarkvara v\u00e4ljal\u00fclitamine  Programmiline EGR eemaldamine  Kasutust\u00f5kise tarkvara deaktiveerimine (immo Off)  Mootori kontrollploki (ECU) remont, kloonimine, programmeerimine  SRS (turvapadja juhtseadme programmeerimine)  kaubad saadetakse 3 t\u00f6\u00f6p\u00e4eva jooksul.*\" \/>\n<meta property=\"og:url\" content=\"https:\/\/keys-for-auto.eu\/et\/product\/votmete-tootmine-opel-autodele\/\" \/>\n<meta property=\"og:site_name\" content=\"Keys for auto\" \/>\n<meta property=\"article:publisher\" content=\"https:\/\/www.facebook.com\/KeysForAutoEU\" \/>\n<meta name=\"twitter:card\" content=\"summary_large_image\" \/>\n<meta name=\"twitter:label1\" content=\"Est. reading time\" \/>\n\t<meta name=\"twitter:data1\" content=\"1 minut\" \/>\n<script type=\"application\/ld+json\" class=\"yoast-schema-graph\">{\"@context\":\"https:\\\/\\\/schema.org\",\"@graph\":[{\"@type\":[\"WebPage\",\"ItemPage\"],\"@id\":\"https:\\\/\\\/keys-for-auto.eu\\\/et\\\/product\\\/votmete-tootmine-opel-autodele\\\/\",\"url\":\"https:\\\/\\\/keys-for-auto.eu\\\/et\\\/product\\\/votmete-tootmine-opel-autodele\\\/\",\"name\":\"V\u00f5tmete tootmine Opeli autodele - Keys for auto%\",\"isPartOf\":{\"@id\":\"https:\\\/\\\/keys-for-auto.eu\\\/et\\\/#website\"},\"primaryImageOfPage\":{\"@id\":\"https:\\\/\\\/keys-for-auto.eu\\\/et\\\/product\\\/votmete-tootmine-opel-autodele\\\/#primaryimage\"},\"image\":{\"@id\":\"https:\\\/\\\/keys-for-auto.eu\\\/et\\\/product\\\/votmete-tootmine-opel-autodele\\\/#primaryimage\"},\"thumbnailUrl\":\"\",\"datePublished\":\"2017-11-22T19:01:17+00:00\",\"breadcrumb\":{\"@id\":\"https:\\\/\\\/keys-for-auto.eu\\\/et\\\/product\\\/votmete-tootmine-opel-autodele\\\/#breadcrumb\"},\"inLanguage\":\"et\",\"potentialAction\":[{\"@type\":\"ReadAction\",\"target\":[\"https:\\\/\\\/keys-for-auto.eu\\\/et\\\/product\\\/votmete-tootmine-opel-autodele\\\/\"]}]},{\"@type\":\"ImageObject\",\"inLanguage\":\"et\",\"@id\":\"https:\\\/\\\/keys-for-auto.eu\\\/et\\\/product\\\/votmete-tootmine-opel-autodele\\\/#primaryimage\",\"url\":\"\",\"contentUrl\":\"\",\"caption\":\"V\u00f5tmete tootmine Opeli autodele\"},{\"@type\":\"BreadcrumbList\",\"@id\":\"https:\\\/\\\/keys-for-auto.eu\\\/et\\\/product\\\/votmete-tootmine-opel-autodele\\\/#breadcrumb\",\"itemListElement\":[{\"@type\":\"ListItem\",\"position\":1,\"name\":\"Kodu\",\"item\":\"https:\\\/\\\/keys-for-auto.eu\\\/et\\\/\"},{\"@type\":\"ListItem\",\"position\":2,\"name\":\"Shop\",\"item\":\"https:\\\/\\\/keys-for-auto.eu\\\/\"},{\"@type\":\"ListItem\",\"position\":3,\"name\":\"V\u00f5tmete tootmine Opeli autodele\"}]},{\"@type\":\"WebSite\",\"@id\":\"https:\\\/\\\/keys-for-auto.eu\\\/et\\\/#website\",\"url\":\"https:\\\/\\\/keys-for-auto.eu\\\/et\\\/\",\"name\":\"Keys for auto\",\"description\":\"Car keys,  key shells, key programming\",\"publisher\":{\"@id\":\"https:\\\/\\\/keys-for-auto.eu\\\/et\\\/#organization\"},\"potentialAction\":[{\"@type\":\"SearchAction\",\"target\":{\"@type\":\"EntryPoint\",\"urlTemplate\":\"https:\\\/\\\/keys-for-auto.eu\\\/et\\\/?s={search_term_string}\"},\"query-input\":{\"@type\":\"PropertyValueSpecification\",\"valueRequired\":true,\"valueName\":\"search_term_string\"}}],\"inLanguage\":\"et\"},{\"@type\":\"Organization\",\"@id\":\"https:\\\/\\\/keys-for-auto.eu\\\/et\\\/#organization\",\"name\":\"Auto v\u00f5tmed\",\"url\":\"https:\\\/\\\/keys-for-auto.eu\\\/et\\\/\",\"logo\":{\"@type\":\"ImageObject\",\"inLanguage\":\"et\",\"@id\":\"https:\\\/\\\/keys-for-auto.eu\\\/et\\\/#\\\/schema\\\/logo\\\/image\\\/\",\"url\":\"https:\\\/\\\/keys-for-auto.eu\\\/wp-content\\\/uploads\\\/2022\\\/11\\\/cropped-png1.png\",\"contentUrl\":\"https:\\\/\\\/keys-for-auto.eu\\\/wp-content\\\/uploads\\\/2022\\\/11\\\/cropped-png1.png\",\"width\":1000,\"height\":342,\"caption\":\"Auto v\u00f5tmed\"},\"image\":{\"@id\":\"https:\\\/\\\/keys-for-auto.eu\\\/et\\\/#\\\/schema\\\/logo\\\/image\\\/\"},\"sameAs\":[\"https:\\\/\\\/www.facebook.com\\\/KeysForAutoEU\"]}]}<\/script>\n<!-- \/ Yoast SEO plugin. -->","yoast_head_json":{"title":"V\u00f5tmete tootmine Opeli autodele - Keys for auto%","robots":{"index":"index","follow":"follow","max-snippet":"max-snippet:-1","max-image-preview":"max-image-preview:large","max-video-preview":"max-video-preview:-1"},"canonical":"https:\/\/keys-for-auto.eu\/et\/product\/votmete-tootmine-opel-autodele\/","og_locale":"et_EE","og_type":"article","og_title":"V\u00f5tmete tootmine Opeli autodele - Keys for auto%","og_description":"Valmistame ja programmeerime v\u00f5tmeid Opel autodele.   Opeli v\u00f5tmete tootmine   Opeli v\u00f5tme programmeerimine   Opeli v\u00f5tmete remont   Opeli v\u00f5tmekehad   Opeli autode avarii avamine  Autov\u00f5tmete tootmine  Uute autov\u00f5tmete valmistamine, v\u00f5tmete programmeerimine (\"sidumine\" autoga)  Varem kaotatud v\u00f5tmete kustutamine auto m\u00e4lust  S\u00fc\u00fctev\u00f5tme tootmine vastavalt lukule  Autov\u00f5tmete remont (nuppude, kestade, mehhanismide vahetus)  Autode avamine h\u00e4daolukorras  V\u00f5tmete, v\u00f5tmekastide kaubandus  DPF \/ FAP tarkvara v\u00e4ljal\u00fclitamine  Programmiline EGR eemaldamine  Kasutust\u00f5kise tarkvara deaktiveerimine (immo Off)  Mootori kontrollploki (ECU) remont, kloonimine, programmeerimine  SRS (turvapadja juhtseadme programmeerimine)  kaubad saadetakse 3 t\u00f6\u00f6p\u00e4eva jooksul.*","og_url":"https:\/\/keys-for-auto.eu\/et\/product\/votmete-tootmine-opel-autodele\/","og_site_name":"Keys for auto","article_publisher":"https:\/\/www.facebook.com\/KeysForAutoEU","twitter_card":"summary_large_image","twitter_misc":{"Est. reading time":"1 minut"},"schema":{"@context":"https:\/\/schema.org","@graph":[{"@type":["WebPage","ItemPage"],"@id":"https:\/\/keys-for-auto.eu\/et\/product\/votmete-tootmine-opel-autodele\/","url":"https:\/\/keys-for-auto.eu\/et\/product\/votmete-tootmine-opel-autodele\/","name":"V\u00f5tmete tootmine Opeli autodele - Keys for auto%","isPartOf":{"@id":"https:\/\/keys-for-auto.eu\/et\/#website"},"primaryImageOfPage":{"@id":"https:\/\/keys-for-auto.eu\/et\/product\/votmete-tootmine-opel-autodele\/#primaryimage"},"image":{"@id":"https:\/\/keys-for-auto.eu\/et\/product\/votmete-tootmine-opel-autodele\/#primaryimage"},"thumbnailUrl":"","datePublished":"2017-11-22T19:01:17+00:00","breadcrumb":{"@id":"https:\/\/keys-for-auto.eu\/et\/product\/votmete-tootmine-opel-autodele\/#breadcrumb"},"inLanguage":"et","potentialAction":[{"@type":"ReadAction","target":["https:\/\/keys-for-auto.eu\/et\/product\/votmete-tootmine-opel-autodele\/"]}]},{"@type":"ImageObject","inLanguage":"et","@id":"https:\/\/keys-for-auto.eu\/et\/product\/votmete-tootmine-opel-autodele\/#primaryimage","url":"","contentUrl":"","caption":"V\u00f5tmete tootmine Opeli autodele"},{"@type":"BreadcrumbList","@id":"https:\/\/keys-for-auto.eu\/et\/product\/votmete-tootmine-opel-autodele\/#breadcrumb","itemListElement":[{"@type":"ListItem","position":1,"name":"Kodu","item":"https:\/\/keys-for-auto.eu\/et\/"},{"@type":"ListItem","position":2,"name":"Shop","item":"https:\/\/keys-for-auto.eu\/"},{"@type":"ListItem","position":3,"name":"V\u00f5tmete tootmine Opeli autodele"}]},{"@type":"WebSite","@id":"https:\/\/keys-for-auto.eu\/et\/#website","url":"https:\/\/keys-for-auto.eu\/et\/","name":"Keys for auto","description":"Car keys,  key shells, key programming","publisher":{"@id":"https:\/\/keys-for-auto.eu\/et\/#organization"},"potentialAction":[{"@type":"SearchAction","target":{"@type":"EntryPoint","urlTemplate":"https:\/\/keys-for-auto.eu\/et\/?s={search_term_string}"},"query-input":{"@type":"PropertyValueSpecification","valueRequired":true,"valueName":"search_term_string"}}],"inLanguage":"et"},{"@type":"Organization","@id":"https:\/\/keys-for-auto.eu\/et\/#organization","name":"Auto v\u00f5tmed","url":"https:\/\/keys-for-auto.eu\/et\/","logo":{"@type":"ImageObject","inLanguage":"et","@id":"https:\/\/keys-for-auto.eu\/et\/#\/schema\/logo\/image\/","url":"https:\/\/keys-for-auto.eu\/wp-content\/uploads\/2022\/11\/cropped-png1.png","contentUrl":"https:\/\/keys-for-auto.eu\/wp-content\/uploads\/2022\/11\/cropped-png1.png","width":1000,"height":342,"caption":"Auto v\u00f5tmed"},"image":{"@id":"https:\/\/keys-for-auto.eu\/et\/#\/schema\/logo\/image\/"},"sameAs":["https:\/\/www.facebook.com\/KeysForAutoEU"]}]}},"_links":{"self":[{"href":"https:\/\/keys-for-auto.eu\/et\/wp-json\/wp\/v2\/product\/20291","targetHints":{"allow":["GET"]}}],"collection":[{"href":"https:\/\/keys-for-auto.eu\/et\/wp-json\/wp\/v2\/product"}],"about":[{"href":"https:\/\/keys-for-auto.eu\/et\/wp-json\/wp\/v2\/types\/product"}],"replies":[{"embeddable":true,"href":"https:\/\/keys-for-auto.eu\/et\/wp-json\/wp\/v2\/comments?post=20291"}],"wp:featuredmedia":[{"embeddable":true,"href":"https:\/\/keys-for-auto.eu\/et\/wp-json\/wp\/v2\/media\/19393"}],"wp:attachment":[{"href":"https:\/\/keys-for-auto.eu\/et\/wp-json\/wp\/v2\/media?parent=20291"}],"wp:term":[{"taxonomy":"product_brand","embeddable":true,"href":"https:\/\/keys-for-auto.eu\/et\/wp-json\/wp\/v2\/product_brand?post=20291"},{"taxonomy":"product_cat","embeddable":true,"href":"https:\/\/keys-for-auto.eu\/et\/wp-json\/wp\/v2\/product_cat?post=20291"},{"taxonomy":"product_tag","embeddable":true,"href":"https:\/\/keys-for-auto.eu\/et\/wp-json\/wp\/v2\/product_tag?post=20291"}],"curies":[{"name":"wp","href":"https:\/\/api.w.org\/{rel}","templated":true}]}}