{"id":20289,"date":"2017-12-03T19:37:22","date_gmt":"2017-12-03T19:37:22","guid":{"rendered":"https:\/\/keys-for-auto.eu\/product\/land-roveri-autode-votmete-tootmine\/"},"modified":"2017-12-03T19:37:22","modified_gmt":"2017-12-03T19:37:22","slug":"votme-valmistamine-maa-rover-autodele","status":"publish","type":"product","link":"https:\/\/keys-for-auto.eu\/et\/product\/votme-valmistamine-maa-rover-autodele\/","title":{"rendered":"Land Roveri autode v\u00f5tmete tootmine"},"content":{"rendered":"<p>Land Roveri autode v\u00f5tmete tootmine<\/p>\n","protected":false},"excerpt":{"rendered":"<h3>Land Roveri v\u00f5tmete tootmine<\/h3>\n<ul>\n<li>Land Roveri v\u00f5tmete tootmine<\/li>\n<li>Land Roveri v\u00f5tmed<\/li>\n<li>Land Roveri v\u00f5tmekastid<\/li>\n<li>Land Roveri v\u00f5tme remont<\/li>\n<li>Land Roveri v\u00f5tme programmeerimine<\/li>\n<li>Land Roveri s\u00f5idukite avamine h\u00e4daolukorras<\/li>\n<li>Valmistame teie Land Roveri v\u00f5tme kiiresti ja t\u00f5husalt.<\/li>\n<\/ul>\n<p>Land Roveri v\u00f5tmete tootmine.<br \/>\nT\u00f6\u00f6tame ainult kaasaegsete arvutip\u00f5histe seadmetega, mille abil valmistame teie Land Roveri autole kvaliteetse ja kauakestva v\u00f5tme. Kui teil on ainult \u00fcks v\u00f5ti v\u00f5i kui teie Land Roveri v\u00f5ti ei k\u00e4ivita teie autot alati, soovitame teil osta varuv\u00f5ti. See s\u00e4\u00e4stab teie aega ja raha.<\/p>\n<p>Valmistame v\u00f5tmeid erinevatele Land Roveri mudelitele. See v\u00f5ib olla lihtne v\u00f5ti, kasutust\u00f5kisega v\u00f5ti. Pakume ka arukat v\u00f5tit (v\u00f5tmeta s\u00fc\u00fctes\u00fcsteem koos START\/STOP nupuga).<\/p>\n<h3><strong>Autov\u00f5tmete tootmine<\/strong><\/h3>\n<ul>\n<li><strong>Uute autov\u00f5tmete valmistamine, v\u00f5tmete programmeerimine (&#8220;sidumine&#8221; autoga)<\/strong><\/li>\n<li><strong>Varem kaotatud v\u00f5tmete kustutamine auto m\u00e4lust<\/strong><\/li>\n<li><strong>S\u00fc\u00fctev\u00f5tme tootmine vastavalt lukule<\/strong><\/li>\n<li><strong>Autov\u00f5tmete remont (nuppude, kestade, mehhanismide vahetus)<\/strong><\/li>\n<li><strong>Autode avamine h\u00e4daolukorras<\/strong><\/li>\n<li><strong>V\u00f5tmete, v\u00f5tmekastide kaubandus<\/strong><\/li>\n<li><strong>DPF \/ FAP tarkvara v\u00e4ljal\u00fclitamine<\/strong><\/li>\n<li><strong>Programmiline EGR eemaldamine<\/strong><\/li>\n<li><strong>Kasutust\u00f5kise tarkvara deaktiveerimine (immo Off)<\/strong><\/li>\n<li><strong>Mootori kontrollploki (ECU) remont, kloonimine, programmeerimine<\/strong><\/li>\n<li><strong>SRS (turvapadja juhtseadme programmeerimine)<\/strong><\/li>\n<\/ul>\n<h4><strong>  kaubad saadetakse 3 t\u00f6\u00f6p\u00e4eva jooksul.*<\/strong><\/h4>\n","protected":false},"featured_media":18421,"comment_status":"open","ping_status":"closed","template":"","meta":[],"product_brand":[],"product_cat":[3613,3989],"product_tag":[4026,3615,3619,3881,3620,3888,3866,3737],"class_list":{"0":"post-20289","1":"product","2":"type-product","3":"status-publish","4":"has-post-thumbnail","6":"product_cat-land-rover-et","7":"product_cat-votmete-tootmine","8":"product_tag-land-rover-et","9":"product_tag-land-rover-defenderi-votmekoorik","10":"product_tag-land-rover-discovery-votmekoorik","11":"product_tag-land-rover-freelander-voti","12":"product_tag-land-rover-freelander-votmekoorik","13":"product_tag-land-rover-lr2-voti","14":"product_tag-land-roveri-voti","15":"product_tag-land-roveri-votme-kest","17":"first","18":"instock","19":"shipping-taxable","20":"product-type-simple"},"yoast_head":"<!-- This site is optimized with the Yoast SEO plugin v27.3 - https:\/\/yoast.com\/product\/yoast-seo-wordpress\/ -->\n<title>Land Roveri autode v\u00f5tmete tootmine - Keys for auto%<\/title>\n<meta name=\"robots\" content=\"index, follow, max-snippet:-1, max-image-preview:large, max-video-preview:-1\" \/>\n<link rel=\"canonical\" href=\"https:\/\/keys-for-auto.eu\/et\/product\/votme-valmistamine-maa-rover-autodele\/\" \/>\n<meta property=\"og:locale\" content=\"et_EE\" \/>\n<meta property=\"og:type\" content=\"article\" \/>\n<meta property=\"og:title\" content=\"Land Roveri autode v\u00f5tmete tootmine - Keys for auto%\" \/>\n<meta property=\"og:description\" content=\"Land Roveri v\u00f5tmete tootmine  Land Roveri v\u00f5tmete tootmine  Land Roveri v\u00f5tmed  Land Roveri v\u00f5tmekastid  Land Roveri v\u00f5tme remont  Land Roveri v\u00f5tme programmeerimine  Land Roveri s\u00f5idukite avamine h\u00e4daolukorras  Valmistame teie Land Roveri v\u00f5tme kiiresti ja t\u00f5husalt. Land Roveri v\u00f5tmete tootmine. T\u00f6\u00f6tame ainult kaasaegsete arvutip\u00f5histe seadmetega, mille abil valmistame teie Land Roveri autole kvaliteetse ja kauakestva v\u00f5tme. Kui teil on ainult \u00fcks v\u00f5ti v\u00f5i kui teie Land Roveri v\u00f5ti ei k\u00e4ivita teie autot alati, soovitame teil osta varuv\u00f5ti. See s\u00e4\u00e4stab teie aega ja raha. Valmistame v\u00f5tmeid erinevatele Land Roveri mudelitele. See v\u00f5ib olla lihtne v\u00f5ti, kasutust\u00f5kisega v\u00f5ti. Pakume ka arukat v\u00f5tit (v\u00f5tmeta s\u00fc\u00fctes\u00fcsteem koos START\/STOP nupuga). Autov\u00f5tmete tootmine  Uute autov\u00f5tmete valmistamine, v\u00f5tmete programmeerimine (&quot;sidumine&quot; autoga)  Varem kaotatud v\u00f5tmete kustutamine auto m\u00e4lust  S\u00fc\u00fctev\u00f5tme tootmine vastavalt lukule  Autov\u00f5tmete remont (nuppude, kestade, mehhanismide vahetus)  Autode avamine h\u00e4daolukorras  V\u00f5tmete, v\u00f5tmekastide kaubandus  DPF \/ FAP tarkvara v\u00e4ljal\u00fclitamine  Programmiline EGR eemaldamine  Kasutust\u00f5kise tarkvara deaktiveerimine (immo Off)  Mootori kontrollploki (ECU) remont, kloonimine, programmeerimine  SRS (turvapadja juhtseadme programmeerimine)  kaubad saadetakse 3 t\u00f6\u00f6p\u00e4eva jooksul.*\" \/>\n<meta property=\"og:url\" content=\"https:\/\/keys-for-auto.eu\/et\/product\/votme-valmistamine-maa-rover-autodele\/\" \/>\n<meta property=\"og:site_name\" content=\"Keys for auto\" \/>\n<meta property=\"article:publisher\" content=\"https:\/\/www.facebook.com\/KeysForAutoEU\" \/>\n<meta name=\"twitter:card\" content=\"summary_large_image\" \/>\n<script type=\"application\/ld+json\" class=\"yoast-schema-graph\">{\"@context\":\"https:\\\/\\\/schema.org\",\"@graph\":[{\"@type\":[\"WebPage\",\"ItemPage\"],\"@id\":\"https:\\\/\\\/keys-for-auto.eu\\\/et\\\/product\\\/votme-valmistamine-maa-rover-autodele\\\/\",\"url\":\"https:\\\/\\\/keys-for-auto.eu\\\/et\\\/product\\\/votme-valmistamine-maa-rover-autodele\\\/\",\"name\":\"Land Roveri autode v\u00f5tmete tootmine - Keys for auto%\",\"isPartOf\":{\"@id\":\"https:\\\/\\\/keys-for-auto.eu\\\/et\\\/#website\"},\"primaryImageOfPage\":{\"@id\":\"https:\\\/\\\/keys-for-auto.eu\\\/et\\\/product\\\/votme-valmistamine-maa-rover-autodele\\\/#primaryimage\"},\"image\":{\"@id\":\"https:\\\/\\\/keys-for-auto.eu\\\/et\\\/product\\\/votme-valmistamine-maa-rover-autodele\\\/#primaryimage\"},\"thumbnailUrl\":\"\",\"datePublished\":\"2017-12-03T19:37:22+00:00\",\"breadcrumb\":{\"@id\":\"https:\\\/\\\/keys-for-auto.eu\\\/et\\\/product\\\/votme-valmistamine-maa-rover-autodele\\\/#breadcrumb\"},\"inLanguage\":\"et\",\"potentialAction\":[{\"@type\":\"ReadAction\",\"target\":[\"https:\\\/\\\/keys-for-auto.eu\\\/et\\\/product\\\/votme-valmistamine-maa-rover-autodele\\\/\"]}]},{\"@type\":\"ImageObject\",\"inLanguage\":\"et\",\"@id\":\"https:\\\/\\\/keys-for-auto.eu\\\/et\\\/product\\\/votme-valmistamine-maa-rover-autodele\\\/#primaryimage\",\"url\":\"\",\"contentUrl\":\"\",\"caption\":\"Land Roveri autode v\u00f5tmete tootmine\"},{\"@type\":\"BreadcrumbList\",\"@id\":\"https:\\\/\\\/keys-for-auto.eu\\\/et\\\/product\\\/votme-valmistamine-maa-rover-autodele\\\/#breadcrumb\",\"itemListElement\":[{\"@type\":\"ListItem\",\"position\":1,\"name\":\"Kodu\",\"item\":\"https:\\\/\\\/keys-for-auto.eu\\\/et\\\/\"},{\"@type\":\"ListItem\",\"position\":2,\"name\":\"Shop\",\"item\":\"https:\\\/\\\/keys-for-auto.eu\\\/\"},{\"@type\":\"ListItem\",\"position\":3,\"name\":\"Land Roveri autode v\u00f5tmete tootmine\"}]},{\"@type\":\"WebSite\",\"@id\":\"https:\\\/\\\/keys-for-auto.eu\\\/et\\\/#website\",\"url\":\"https:\\\/\\\/keys-for-auto.eu\\\/et\\\/\",\"name\":\"Keys for auto\",\"description\":\"Car keys,  key shells, key programming\",\"publisher\":{\"@id\":\"https:\\\/\\\/keys-for-auto.eu\\\/et\\\/#organization\"},\"potentialAction\":[{\"@type\":\"SearchAction\",\"target\":{\"@type\":\"EntryPoint\",\"urlTemplate\":\"https:\\\/\\\/keys-for-auto.eu\\\/et\\\/?s={search_term_string}\"},\"query-input\":{\"@type\":\"PropertyValueSpecification\",\"valueRequired\":true,\"valueName\":\"search_term_string\"}}],\"inLanguage\":\"et\"},{\"@type\":\"Organization\",\"@id\":\"https:\\\/\\\/keys-for-auto.eu\\\/et\\\/#organization\",\"name\":\"Auto v\u00f5tmed\",\"url\":\"https:\\\/\\\/keys-for-auto.eu\\\/et\\\/\",\"logo\":{\"@type\":\"ImageObject\",\"inLanguage\":\"et\",\"@id\":\"https:\\\/\\\/keys-for-auto.eu\\\/et\\\/#\\\/schema\\\/logo\\\/image\\\/\",\"url\":\"https:\\\/\\\/keys-for-auto.eu\\\/wp-content\\\/uploads\\\/2022\\\/11\\\/cropped-png1.png\",\"contentUrl\":\"https:\\\/\\\/keys-for-auto.eu\\\/wp-content\\\/uploads\\\/2022\\\/11\\\/cropped-png1.png\",\"width\":1000,\"height\":342,\"caption\":\"Auto v\u00f5tmed\"},\"image\":{\"@id\":\"https:\\\/\\\/keys-for-auto.eu\\\/et\\\/#\\\/schema\\\/logo\\\/image\\\/\"},\"sameAs\":[\"https:\\\/\\\/www.facebook.com\\\/KeysForAutoEU\"]}]}<\/script>\n<!-- \/ Yoast SEO plugin. -->","yoast_head_json":{"title":"Land Roveri autode v\u00f5tmete tootmine - Keys for auto%","robots":{"index":"index","follow":"follow","max-snippet":"max-snippet:-1","max-image-preview":"max-image-preview:large","max-video-preview":"max-video-preview:-1"},"canonical":"https:\/\/keys-for-auto.eu\/et\/product\/votme-valmistamine-maa-rover-autodele\/","og_locale":"et_EE","og_type":"article","og_title":"Land Roveri autode v\u00f5tmete tootmine - Keys for auto%","og_description":"Land Roveri v\u00f5tmete tootmine  Land Roveri v\u00f5tmete tootmine  Land Roveri v\u00f5tmed  Land Roveri v\u00f5tmekastid  Land Roveri v\u00f5tme remont  Land Roveri v\u00f5tme programmeerimine  Land Roveri s\u00f5idukite avamine h\u00e4daolukorras  Valmistame teie Land Roveri v\u00f5tme kiiresti ja t\u00f5husalt. Land Roveri v\u00f5tmete tootmine. T\u00f6\u00f6tame ainult kaasaegsete arvutip\u00f5histe seadmetega, mille abil valmistame teie Land Roveri autole kvaliteetse ja kauakestva v\u00f5tme. Kui teil on ainult \u00fcks v\u00f5ti v\u00f5i kui teie Land Roveri v\u00f5ti ei k\u00e4ivita teie autot alati, soovitame teil osta varuv\u00f5ti. See s\u00e4\u00e4stab teie aega ja raha. Valmistame v\u00f5tmeid erinevatele Land Roveri mudelitele. See v\u00f5ib olla lihtne v\u00f5ti, kasutust\u00f5kisega v\u00f5ti. Pakume ka arukat v\u00f5tit (v\u00f5tmeta s\u00fc\u00fctes\u00fcsteem koos START\/STOP nupuga). Autov\u00f5tmete tootmine  Uute autov\u00f5tmete valmistamine, v\u00f5tmete programmeerimine (\"sidumine\" autoga)  Varem kaotatud v\u00f5tmete kustutamine auto m\u00e4lust  S\u00fc\u00fctev\u00f5tme tootmine vastavalt lukule  Autov\u00f5tmete remont (nuppude, kestade, mehhanismide vahetus)  Autode avamine h\u00e4daolukorras  V\u00f5tmete, v\u00f5tmekastide kaubandus  DPF \/ FAP tarkvara v\u00e4ljal\u00fclitamine  Programmiline EGR eemaldamine  Kasutust\u00f5kise tarkvara deaktiveerimine (immo Off)  Mootori kontrollploki (ECU) remont, kloonimine, programmeerimine  SRS (turvapadja juhtseadme programmeerimine)  kaubad saadetakse 3 t\u00f6\u00f6p\u00e4eva jooksul.*","og_url":"https:\/\/keys-for-auto.eu\/et\/product\/votme-valmistamine-maa-rover-autodele\/","og_site_name":"Keys for auto","article_publisher":"https:\/\/www.facebook.com\/KeysForAutoEU","twitter_card":"summary_large_image","schema":{"@context":"https:\/\/schema.org","@graph":[{"@type":["WebPage","ItemPage"],"@id":"https:\/\/keys-for-auto.eu\/et\/product\/votme-valmistamine-maa-rover-autodele\/","url":"https:\/\/keys-for-auto.eu\/et\/product\/votme-valmistamine-maa-rover-autodele\/","name":"Land Roveri autode v\u00f5tmete tootmine - Keys for auto%","isPartOf":{"@id":"https:\/\/keys-for-auto.eu\/et\/#website"},"primaryImageOfPage":{"@id":"https:\/\/keys-for-auto.eu\/et\/product\/votme-valmistamine-maa-rover-autodele\/#primaryimage"},"image":{"@id":"https:\/\/keys-for-auto.eu\/et\/product\/votme-valmistamine-maa-rover-autodele\/#primaryimage"},"thumbnailUrl":"","datePublished":"2017-12-03T19:37:22+00:00","breadcrumb":{"@id":"https:\/\/keys-for-auto.eu\/et\/product\/votme-valmistamine-maa-rover-autodele\/#breadcrumb"},"inLanguage":"et","potentialAction":[{"@type":"ReadAction","target":["https:\/\/keys-for-auto.eu\/et\/product\/votme-valmistamine-maa-rover-autodele\/"]}]},{"@type":"ImageObject","inLanguage":"et","@id":"https:\/\/keys-for-auto.eu\/et\/product\/votme-valmistamine-maa-rover-autodele\/#primaryimage","url":"","contentUrl":"","caption":"Land Roveri autode v\u00f5tmete tootmine"},{"@type":"BreadcrumbList","@id":"https:\/\/keys-for-auto.eu\/et\/product\/votme-valmistamine-maa-rover-autodele\/#breadcrumb","itemListElement":[{"@type":"ListItem","position":1,"name":"Kodu","item":"https:\/\/keys-for-auto.eu\/et\/"},{"@type":"ListItem","position":2,"name":"Shop","item":"https:\/\/keys-for-auto.eu\/"},{"@type":"ListItem","position":3,"name":"Land Roveri autode v\u00f5tmete tootmine"}]},{"@type":"WebSite","@id":"https:\/\/keys-for-auto.eu\/et\/#website","url":"https:\/\/keys-for-auto.eu\/et\/","name":"Keys for auto","description":"Car keys,  key shells, key programming","publisher":{"@id":"https:\/\/keys-for-auto.eu\/et\/#organization"},"potentialAction":[{"@type":"SearchAction","target":{"@type":"EntryPoint","urlTemplate":"https:\/\/keys-for-auto.eu\/et\/?s={search_term_string}"},"query-input":{"@type":"PropertyValueSpecification","valueRequired":true,"valueName":"search_term_string"}}],"inLanguage":"et"},{"@type":"Organization","@id":"https:\/\/keys-for-auto.eu\/et\/#organization","name":"Auto v\u00f5tmed","url":"https:\/\/keys-for-auto.eu\/et\/","logo":{"@type":"ImageObject","inLanguage":"et","@id":"https:\/\/keys-for-auto.eu\/et\/#\/schema\/logo\/image\/","url":"https:\/\/keys-for-auto.eu\/wp-content\/uploads\/2022\/11\/cropped-png1.png","contentUrl":"https:\/\/keys-for-auto.eu\/wp-content\/uploads\/2022\/11\/cropped-png1.png","width":1000,"height":342,"caption":"Auto v\u00f5tmed"},"image":{"@id":"https:\/\/keys-for-auto.eu\/et\/#\/schema\/logo\/image\/"},"sameAs":["https:\/\/www.facebook.com\/KeysForAutoEU"]}]}},"_links":{"self":[{"href":"https:\/\/keys-for-auto.eu\/et\/wp-json\/wp\/v2\/product\/20289","targetHints":{"allow":["GET"]}}],"collection":[{"href":"https:\/\/keys-for-auto.eu\/et\/wp-json\/wp\/v2\/product"}],"about":[{"href":"https:\/\/keys-for-auto.eu\/et\/wp-json\/wp\/v2\/types\/product"}],"replies":[{"embeddable":true,"href":"https:\/\/keys-for-auto.eu\/et\/wp-json\/wp\/v2\/comments?post=20289"}],"wp:featuredmedia":[{"embeddable":true,"href":"https:\/\/keys-for-auto.eu\/et\/wp-json\/wp\/v2\/media\/18421"}],"wp:attachment":[{"href":"https:\/\/keys-for-auto.eu\/et\/wp-json\/wp\/v2\/media?parent=20289"}],"wp:term":[{"taxonomy":"product_brand","embeddable":true,"href":"https:\/\/keys-for-auto.eu\/et\/wp-json\/wp\/v2\/product_brand?post=20289"},{"taxonomy":"product_cat","embeddable":true,"href":"https:\/\/keys-for-auto.eu\/et\/wp-json\/wp\/v2\/product_cat?post=20289"},{"taxonomy":"product_tag","embeddable":true,"href":"https:\/\/keys-for-auto.eu\/et\/wp-json\/wp\/v2\/product_tag?post=20289"}],"curies":[{"name":"wp","href":"https:\/\/api.w.org\/{rel}","templated":true}]}}