{"id":20264,"date":"2017-03-11T19:56:53","date_gmt":"2017-03-11T19:56:53","guid":{"rendered":"https:\/\/keys-for-auto.eu\/product\/bmw-autode-votmete-tootmine-programmeerimine\/"},"modified":"2017-03-11T19:56:53","modified_gmt":"2017-03-11T19:56:53","slug":"votme-tootmise-programmeerimine-bmw-autodele","status":"publish","type":"product","link":"https:\/\/keys-for-auto.eu\/et\/product\/votme-tootmise-programmeerimine-bmw-autodele\/","title":{"rendered":"BMW autode v\u00f5tmete tootmine \/ programmeerimine"},"content":{"rendered":"<h2>BMW v\u00f5tmete tootmine<\/h2>\n<p>Murdekatse v\u00e4ltimiseks on paljud kaasaegsed BMW mudelid varustatud immobilisaatoriga. Selle kaitses\u00fcsteemi m\u00f5ju p\u00f5hineb asjaolul, et elektrooniline kontrollplokk loeb v\u00f5tme sisseehitatud kiibile salvestatud teavet, kui v\u00f5ti sisestatakse s\u00fc\u00fctelukku. Kui t\u00e4htnumbriline kood ei vasta juhtseadme m\u00e4llu salvestatud andmetele, ei k\u00e4ivitu auto. Seet\u00f5ttu ei piisa BMW v\u00f5tme valmistamisel lihtsalt metallist tera tooriku hammaste sobiva konfiguratsiooni l\u00f5ikamisest, vaid ka v\u00f5tme elektrooniline osa tuleb kopeerida, et tagada kasutust\u00f5kis\u00fcsteemi n\u00f5uetekohane toimimine.<br \/>\nKvaliteetne BMW autov\u00f5tmete valmistamine n\u00f5uab eriseadmeid ja k\u00f5rgelt kvalifitseeritud tehnikuid.<\/p>\n<h2>BMW v\u00f5tmetootmine | T\u00f6\u00f6etappide j\u00e4rjestus<\/h2>\n<p>Vajalikud on j\u00e4rgmised sammud:<\/p>\n<p>M\u00e4\u00e4rake v\u00f5tmetera hammaste konfiguratsioon.<\/p>\n<p>M\u00e4\u00e4rake kiibi omadused.<\/p>\n<p>Valmistage metallist v\u00f5tmetera CNC-pingi abil.<\/p>\n<p>M\u00e4rkige duplikaatv\u00f5tmele, et see kuulub soovitud BMW automudelile.<\/p>\n<p>Paigaldage niimoodi ettevalmistatud kiip v\u00f5tmele.<\/p>\n<p>Kontrollige, et k\u00f5ik s\u00fcsteemid toimiksid korralikult.<\/p>\n<p>Sisestage dubleeritud kiibil olev t\u00e4htnumbriline kood programmeerija abil mootori elektroonilisse juhtseadmesse. See v\u00f5imaldab olemasoleva BMW kaubam\u00e4rgi k\u00e4ivitamist ainult selle v\u00f5tmega. Kasutust\u00f5kise vooluahela saab vajadusel v\u00e4lja l\u00fclitada, kuid sellisel juhul ei ole auto varguskindel ja on kurjategijatele kerge saak, sest seda saab k\u00e4ivitada mis tahes geomeetrilistele m\u00f5\u00f5tmetele sobiva metalltootega.<br \/>\nKui on ainult \u00fcks v\u00f5ti, on parem teha eelnevalt duplikaat, mis on palju lihtsam ja odavam kui selle uuesti valmistamine s\u00fc\u00fctelukust. \u00dchegi v\u00f5tme kaotamine v\u00f5ib viia lukustatud ustega auto lukustamiseni. Sellisel juhul on auto avamine ilma kahjustusteta v\u00f5imalik ainult spetsiaalsete t\u00f6\u00f6riistadega.<\/p>\n<p>&nbsp;<\/p>\n","protected":false},"excerpt":{"rendered":"<h3><strong>Autov\u00f5tmete tootmine<\/strong><\/h3>\n<ul>\n<li><strong>Uute autov\u00f5tmete valmistamine, v\u00f5tmete programmeerimine (&#8220;sidumine&#8221; autoga)<\/strong><\/li>\n<li><strong>Varem kaotatud v\u00f5tmete kustutamine auto m\u00e4lust<\/strong><\/li>\n<li><strong>S\u00fc\u00fctev\u00f5tme tootmine vastavalt lukule<\/strong><\/li>\n<li><strong>Autov\u00f5tmete remont (nuppude, kestade, mehhanismide vahetus)<\/strong><\/li>\n<li><strong>Autode avamine h\u00e4daolukorras<\/strong><\/li>\n<li><strong>V\u00f5tmete, v\u00f5tmekastide kaubandus<\/strong><\/li>\n<li><strong>DPF \/ FAP tarkvara v\u00e4ljal\u00fclitamine<\/strong><\/li>\n<li><strong>Programmiline EGR eemaldamine<\/strong><\/li>\n<li><strong>Kasutust\u00f5kise tarkvara deaktiveerimine (immo Off)<\/strong><\/li>\n<li><strong>Mootori kontrollploki (ECU) remont, kloonimine, programmeerimine<\/strong><\/li>\n<li><strong>SRS (turvapadja juhtseadme programmeerimine)<\/strong><\/li>\n<\/ul>\n<h4><strong>  kaubad saadetakse 3 t\u00f6\u00f6p\u00e4eva jooksul.*<\/strong><\/h4>\n<h2><strong>BMW v\u00f5tme programmeerimine alates 60\u20ac<\/strong><\/h2>\n<p>Hind sisaldab BMW v\u00f5tit koos programmeerimisega, tera l\u00f5ikamist.<\/p>\n<p>&nbsp;<\/p>\n<p>BMW 3 seeria E36 1996-1999 EWS1, EWS2 BMW <em><br \/>\n  <strong>v\u00f5tme programmeerimine, tera l\u00f5ikamine <\/strong><br \/>\n<\/em> <\/p>\n<p>BMW 3 seeria E46 1999-2004 EWS 3 BMW<em><br \/>\n  <strong> v\u00f5tme programmeerimine, tera l\u00f5ikamine <\/strong><br \/>\n<\/em> <\/p>\n<p>BMW 3 seeria E46 2005-2007 CAS2 BMW<em><br \/>\n  <strong> v\u00f5tme programmeerimine, tera l\u00f5ikamine <\/strong><br \/>\n<\/em> <\/p>\n<p>BMW 3 seeria E90 2005-2012 CAS3, CAS3 BMW <em><br \/>\n  <strong>v\u00f5tme programmeerimine, tera v\u00e4ljal\u00f5ige <\/strong><br \/>\n<\/em> <\/p>\n<p>BMW 3 seeria F30 2012- BMW<em><br \/>\n  <strong> v\u00f5tme programmeerimine, tera l\u00f5ikamine <\/strong><br \/>\n<\/em> <\/p>\n<p>BMW 5 seeria E39 1996-2004 EWS1, EWS2, EWS3 BMW <em><br \/>\n  <strong>v\u00f5tme programmeerimine, tera l\u00f5ikamine <\/strong><br \/>\n<\/em> <\/p>\n<p>BMW 5 seeria E60, E61 2004-2010 CAS2 BMW <em><br \/>\n  <strong>v\u00f5tme programmeerimine, tera v\u00e4ljal\u00f5ige <\/strong><br \/>\n<\/em> <\/p>\n<p>BMW 5 seeria E60, E61 2004-2010 CAS3, CAS3 BMW <em><br \/>\n  <strong>v\u00f5tme programmeerimine, tera v\u00e4ljal\u00f5ige<\/strong><br \/>\n<\/em><\/p>\n<p>BMW 5 seeria F10 2010 &#8211; BMW <em><br \/>\n  <strong>v\u00f5tme programmeerimine, tera l\u00f5ikamine <\/strong><br \/>\n<\/em> <\/p>\n<p>BMW 6 seeria E63, E64 2004-2010 CAS2 BMW <em><br \/>\n  <strong>V\u00f5tmete programmeerimine, terade l\u00f5ikamine <\/strong><br \/>\n<\/em> <\/p>\n<p>BMW 6 seeria E63, E64 2004-2010 CAS3, CAS3 BMW <em><br \/>\n  <strong>v\u00f5tme programmeerimine, tera v\u00e4ljal\u00f5ige <\/strong><br \/>\n<\/em> <\/p>\n<p>BMW 6 seeria F06, F12 2011- BMW<em><br \/>\n  <strong> v\u00f5tme programmeerimine, tera l\u00f5ikamine <\/strong><br \/>\n<\/em> <\/p>\n<p>BMW 7-seeria E38 1996-2001 EWS BMW <strong><br \/>\n  <em>v\u00f5tme programmeerimine, tera l\u00f5ikamine <\/em><br \/>\n<\/strong> <\/p>\n<p>BMW 7-seeria E65, E66 2002-2008 CAS BMW <strong><br \/>\n  <em>v\u00f5tme programmeerimine, tera v\u00e4ljal\u00f5ige <\/em><br \/>\n<\/strong> <\/p>\n<p>BMW 7-seeria F01, F02 2008-2015 BMW <strong><br \/>\n  <em>v\u00f5tme programmeerimine, tera v\u00e4ljal\u00f5ige <\/em><br \/>\n<\/strong> <\/p>\n<p>BMW 7-seeria G10, G11 2015-<\/p>\n<p>BMW 1 seeria E87 2004-2011 CAS3, CAS3 BMW <em><br \/>\n  <strong>v\u00f5tme programmeerimine, tera v\u00e4ljal\u00f5ige<\/strong><br \/>\n<\/em><\/p>\n<p>BMW 1 seeria F20, F21 2011- BMW <em><br \/>\n  <strong>v\u00f5tme programmeerimine, tera l\u00f5ikamine<\/strong><br \/>\n<\/em><\/p>\n<p>X1 2009 CAS3, CAS3 BMW<em><br \/>\n  <strong> v\u00f5tme programmeerimine, tera l\u00f5ikamine<\/strong><br \/>\n<\/em><\/p>\n<p>X3 E83 2003-2010 CAS3, CAS3 BMW, CAS3 BMW <em><br \/>\n  <strong>v\u00f5tme programmeerimine, tera l\u00f5ikamine<\/strong><br \/>\n<\/em><\/p>\n<p>X3 F25 2010- BMW <em><br \/>\n  <strong>v\u00f5tme programmeerimine, tera l\u00f5ikamine<\/strong><br \/>\n<\/em><\/p>\n<p>X5 E53 1999-2003 EWS3 BMW <em><br \/>\n  <strong>v\u00f5tme programmeerimine, tera l\u00f5ikamine <\/strong><br \/>\n<\/em> <\/p>\n<p>X5 E70 2006- CAS3, CAS3 BMW BMW<em><br \/>\n  <strong> v\u00f5tme programmeerimine, tera v\u00e4ljal\u00f5ige <\/strong><br \/>\n<\/em> <\/p>\n<p>X6 E71 2008 CAS3, CAS3 BMW <em><br \/>\n  <strong>v\u00f5tme programmeerimine, tera l\u00f5ikamine <\/strong><br \/>\n<\/em> <\/p>\n<p>MINI COOPER 2001-2004 EWS3 <em><br \/>\n  <strong>v\u00f5tme programmeerimine, tera l\u00f5ikamine <\/strong><br \/>\n<\/em> <\/p>\n<p>MINI COOPER 2005<em><br \/>\n  <strong> v\u00f5tme programmeerimine, tera l\u00f5ikamine <\/strong><br \/>\n<\/em> <\/p>\n<p>&nbsp;<\/p>\n<p>&nbsp;<\/p>\n<p>&nbsp;<\/p>\n","protected":false},"featured_media":17652,"comment_status":"open","ping_status":"closed","template":"","meta":[],"product_brand":[],"product_cat":[3488,3989],"product_tag":[3990,3821,3495,3829,3504,3506,3840,3490,3508,3509,3515,3496,3874,3879,3510,3519,3520,3991,3815,3497,3492,3994,3511,3848,3516,3847,3517,3501,3856,3521,4000,3997],"class_list":{"0":"post-20264","1":"product","2":"type-product","3":"status-publish","4":"has-post-thumbnail","6":"product_cat-bmw-et","7":"product_cat-votmete-tootmine","8":"product_tag-bmv-votme-programmeerimine","9":"product_tag-bmw-3-voti","10":"product_tag-bmw-3-votme-kest","11":"product_tag-bmw-5-voti","12":"product_tag-bmw-5-votme-kest","13":"product_tag-bmw-6-votme-kest","14":"product_tag-bmw-7-voti","15":"product_tag-bmw-7-votme-kest","16":"product_tag-bmw-8-votme-kest","17":"product_tag-bmw-e-votme-kest","18":"product_tag-bmw-e38-votmekoorik","19":"product_tag-bmw-e46-votmekoorik","20":"product_tag-bmw-f3-voti","21":"product_tag-bmw-f5-klahv","22":"product_tag-bmw-m-votme-kest","23":"product_tag-bmw-m3-votmekoorik","24":"product_tag-bmw-m5-votmekoorik","25":"product_tag-bmw-mini-votme-kest","26":"product_tag-bmw-voti","27":"product_tag-bmw-voti-5-kest","28":"product_tag-bmw-votme-kest","29":"product_tag-bmw-votmete-tootmine","30":"product_tag-bmw-x-votme-kest","31":"product_tag-bmw-x3-voti","32":"product_tag-bmw-x3-votmekoorik","33":"product_tag-bmw-x5-voti","34":"product_tag-bmw-x5-votmekoorik","35":"product_tag-bmw-z3-votmekoorik","36":"product_tag-bmw-z4-voti","37":"product_tag-bmw-z4-votmekoorik","38":"product_tag-votmeprogrammeerimine","39":"product_tag-votmete-tootmine","41":"first","42":"instock","43":"shipping-taxable","44":"product-type-simple"},"yoast_head":"<!-- This site is optimized with the Yoast SEO plugin v27.6 - https:\/\/yoast.com\/product\/yoast-seo-wordpress\/ -->\n<title>BMW autode v\u00f5tmete tootmine \/ programmeerimine - Keys for auto%<\/title>\n<meta name=\"robots\" content=\"index, follow, max-snippet:-1, max-image-preview:large, max-video-preview:-1\" \/>\n<link rel=\"canonical\" href=\"https:\/\/keys-for-auto.eu\/et\/product\/votme-tootmise-programmeerimine-bmw-autodele\/\" \/>\n<meta property=\"og:locale\" content=\"et_EE\" \/>\n<meta property=\"og:type\" content=\"article\" \/>\n<meta property=\"og:title\" content=\"BMW autode v\u00f5tmete tootmine \/ programmeerimine - Keys for auto%\" \/>\n<meta property=\"og:description\" content=\"Autov\u00f5tmete tootmine  Uute autov\u00f5tmete valmistamine, v\u00f5tmete programmeerimine (&quot;sidumine&quot; autoga)  Varem kaotatud v\u00f5tmete kustutamine auto m\u00e4lust  S\u00fc\u00fctev\u00f5tme tootmine vastavalt lukule  Autov\u00f5tmete remont (nuppude, kestade, mehhanismide vahetus)  Autode avamine h\u00e4daolukorras  V\u00f5tmete, v\u00f5tmekastide kaubandus  DPF \/ FAP tarkvara v\u00e4ljal\u00fclitamine  Programmiline EGR eemaldamine  Kasutust\u00f5kise tarkvara deaktiveerimine (immo Off)  Mootori kontrollploki (ECU) remont, kloonimine, programmeerimine  SRS (turvapadja juhtseadme programmeerimine)  kaubad saadetakse 3 t\u00f6\u00f6p\u00e4eva jooksul.* BMW v\u00f5tme programmeerimine alates 60\u20ac Hind sisaldab BMW v\u00f5tit koos programmeerimisega, tera l\u00f5ikamist. &nbsp; BMW 3 seeria E36 1996-1999 EWS1, EWS2 BMW  v\u00f5tme programmeerimine, tera l\u00f5ikamine   BMW 3 seeria E46 1999-2004 EWS 3 BMW  v\u00f5tme programmeerimine, tera l\u00f5ikamine   BMW 3 seeria E46 2005-2007 CAS2 BMW  v\u00f5tme programmeerimine, tera l\u00f5ikamine   BMW 3 seeria E90 2005-2012 CAS3, CAS3 BMW  v\u00f5tme programmeerimine, tera v\u00e4ljal\u00f5ige   BMW 3 seeria F30 2012- BMW  v\u00f5tme programmeerimine, tera l\u00f5ikamine   BMW 5 seeria E39 1996-2004 EWS1, EWS2, EWS3 BMW  v\u00f5tme programmeerimine, tera l\u00f5ikamine   BMW 5 seeria E60, E61 2004-2010 CAS2 BMW  v\u00f5tme programmeerimine, tera v\u00e4ljal\u00f5ige   BMW 5 seeria E60, E61 2004-2010 CAS3, CAS3 BMW  v\u00f5tme programmeerimine, tera v\u00e4ljal\u00f5ige  BMW 5 seeria F10 2010 - BMW  v\u00f5tme programmeerimine, tera l\u00f5ikamine   BMW 6 seeria E63, E64 2004-2010 CAS2 BMW  V\u00f5tmete programmeerimine, terade l\u00f5ikamine   BMW 6 seeria E63, E64 2004-2010 CAS3, CAS3 BMW  v\u00f5tme programmeerimine, tera v\u00e4ljal\u00f5ige   BMW 6 seeria F06, F12 2011- BMW  v\u00f5tme programmeerimine, tera l\u00f5ikamine   BMW 7-seeria E38 1996-2001 EWS BMW  v\u00f5tme programmeerimine, tera l\u00f5ikamine   BMW 7-seeria E65, E66 2002-2008 CAS BMW  v\u00f5tme programmeerimine, tera v\u00e4ljal\u00f5ige   BMW 7-seeria F01, F02 2008-2015 BMW  v\u00f5tme programmeerimine, tera v\u00e4ljal\u00f5ige   BMW 7-seeria G10, G11 2015- BMW 1 seeria E87 2004-2011 CAS3, CAS3 BMW  v\u00f5tme programmeerimine, tera v\u00e4ljal\u00f5ige  BMW 1 seeria F20, F21 2011- BMW  v\u00f5tme programmeerimine, tera l\u00f5ikamine  X1 2009 CAS3, CAS3 BMW  v\u00f5tme programmeerimine, tera l\u00f5ikamine  X3 E83 2003-2010 CAS3, CAS3 BMW, CAS3 BMW  v\u00f5tme programmeerimine, tera l\u00f5ikamine  X3 F25 2010- BMW  v\u00f5tme programmeerimine, tera l\u00f5ikamine  X5 E53 1999-2003 EWS3 BMW  v\u00f5tme programmeerimine, tera l\u00f5ikamine   X5 E70 2006- CAS3, CAS3 BMW BMW  v\u00f5tme programmeerimine, tera v\u00e4ljal\u00f5ige   X6 E71 2008 CAS3, CAS3 BMW  v\u00f5tme programmeerimine, tera l\u00f5ikamine   MINI COOPER 2001-2004 EWS3  v\u00f5tme programmeerimine, tera l\u00f5ikamine   MINI COOPER 2005  v\u00f5tme programmeerimine, tera l\u00f5ikamine   &nbsp; &nbsp; &nbsp;\" \/>\n<meta property=\"og:url\" content=\"https:\/\/keys-for-auto.eu\/et\/product\/votme-tootmise-programmeerimine-bmw-autodele\/\" \/>\n<meta property=\"og:site_name\" content=\"Keys for auto\" \/>\n<meta property=\"article:publisher\" content=\"https:\/\/www.facebook.com\/KeysForAutoEU\" \/>\n<meta name=\"twitter:card\" content=\"summary_large_image\" \/>\n<meta name=\"twitter:label1\" content=\"Est. reading time\" \/>\n\t<meta name=\"twitter:data1\" content=\"1 minut\" \/>\n<script type=\"application\/ld+json\" class=\"yoast-schema-graph\">{\"@context\":\"https:\\\/\\\/schema.org\",\"@graph\":[{\"@type\":[\"WebPage\",\"ItemPage\"],\"@id\":\"https:\\\/\\\/keys-for-auto.eu\\\/et\\\/product\\\/votme-tootmise-programmeerimine-bmw-autodele\\\/\",\"url\":\"https:\\\/\\\/keys-for-auto.eu\\\/et\\\/product\\\/votme-tootmise-programmeerimine-bmw-autodele\\\/\",\"name\":\"BMW autode v\u00f5tmete tootmine \\\/ programmeerimine - Keys for auto%\",\"isPartOf\":{\"@id\":\"https:\\\/\\\/keys-for-auto.eu\\\/et\\\/#website\"},\"primaryImageOfPage\":{\"@id\":\"https:\\\/\\\/keys-for-auto.eu\\\/et\\\/product\\\/votme-tootmise-programmeerimine-bmw-autodele\\\/#primaryimage\"},\"image\":{\"@id\":\"https:\\\/\\\/keys-for-auto.eu\\\/et\\\/product\\\/votme-tootmise-programmeerimine-bmw-autodele\\\/#primaryimage\"},\"thumbnailUrl\":\"\",\"datePublished\":\"2017-03-11T19:56:53+00:00\",\"breadcrumb\":{\"@id\":\"https:\\\/\\\/keys-for-auto.eu\\\/et\\\/product\\\/votme-tootmise-programmeerimine-bmw-autodele\\\/#breadcrumb\"},\"inLanguage\":\"et\",\"potentialAction\":[{\"@type\":\"ReadAction\",\"target\":[\"https:\\\/\\\/keys-for-auto.eu\\\/et\\\/product\\\/votme-tootmise-programmeerimine-bmw-autodele\\\/\"]}]},{\"@type\":\"ImageObject\",\"inLanguage\":\"et\",\"@id\":\"https:\\\/\\\/keys-for-auto.eu\\\/et\\\/product\\\/votme-tootmise-programmeerimine-bmw-autodele\\\/#primaryimage\",\"url\":\"\",\"contentUrl\":\"\",\"caption\":\"BMW autode v\u00f5tmete tootmine \\\/ programmeerimine\"},{\"@type\":\"BreadcrumbList\",\"@id\":\"https:\\\/\\\/keys-for-auto.eu\\\/et\\\/product\\\/votme-tootmise-programmeerimine-bmw-autodele\\\/#breadcrumb\",\"itemListElement\":[{\"@type\":\"ListItem\",\"position\":1,\"name\":\"Kodu\",\"item\":\"https:\\\/\\\/keys-for-auto.eu\\\/et\\\/\"},{\"@type\":\"ListItem\",\"position\":2,\"name\":\"Shop\",\"item\":\"https:\\\/\\\/keys-for-auto.eu\\\/\"},{\"@type\":\"ListItem\",\"position\":3,\"name\":\"BMW autode v\u00f5tmete tootmine \\\/ programmeerimine\"}]},{\"@type\":\"WebSite\",\"@id\":\"https:\\\/\\\/keys-for-auto.eu\\\/et\\\/#website\",\"url\":\"https:\\\/\\\/keys-for-auto.eu\\\/et\\\/\",\"name\":\"Keys for auto\",\"description\":\"Car keys,  key shells, key programming\",\"publisher\":{\"@id\":\"https:\\\/\\\/keys-for-auto.eu\\\/et\\\/#organization\"},\"potentialAction\":[{\"@type\":\"SearchAction\",\"target\":{\"@type\":\"EntryPoint\",\"urlTemplate\":\"https:\\\/\\\/keys-for-auto.eu\\\/et\\\/?s={search_term_string}\"},\"query-input\":{\"@type\":\"PropertyValueSpecification\",\"valueRequired\":true,\"valueName\":\"search_term_string\"}}],\"inLanguage\":\"et\"},{\"@type\":\"Organization\",\"@id\":\"https:\\\/\\\/keys-for-auto.eu\\\/et\\\/#organization\",\"name\":\"Auto v\u00f5tmed\",\"url\":\"https:\\\/\\\/keys-for-auto.eu\\\/et\\\/\",\"logo\":{\"@type\":\"ImageObject\",\"inLanguage\":\"et\",\"@id\":\"https:\\\/\\\/keys-for-auto.eu\\\/et\\\/#\\\/schema\\\/logo\\\/image\\\/\",\"url\":\"https:\\\/\\\/keys-for-auto.eu\\\/wp-content\\\/uploads\\\/2022\\\/11\\\/cropped-png1.png\",\"contentUrl\":\"https:\\\/\\\/keys-for-auto.eu\\\/wp-content\\\/uploads\\\/2022\\\/11\\\/cropped-png1.png\",\"width\":1000,\"height\":342,\"caption\":\"Auto v\u00f5tmed\"},\"image\":{\"@id\":\"https:\\\/\\\/keys-for-auto.eu\\\/et\\\/#\\\/schema\\\/logo\\\/image\\\/\"},\"sameAs\":[\"https:\\\/\\\/www.facebook.com\\\/KeysForAutoEU\"]}]}<\/script>\n<!-- \/ Yoast SEO plugin. -->","yoast_head_json":{"title":"BMW autode v\u00f5tmete tootmine \/ programmeerimine - Keys for auto%","robots":{"index":"index","follow":"follow","max-snippet":"max-snippet:-1","max-image-preview":"max-image-preview:large","max-video-preview":"max-video-preview:-1"},"canonical":"https:\/\/keys-for-auto.eu\/et\/product\/votme-tootmise-programmeerimine-bmw-autodele\/","og_locale":"et_EE","og_type":"article","og_title":"BMW autode v\u00f5tmete tootmine \/ programmeerimine - Keys for auto%","og_description":"Autov\u00f5tmete tootmine  Uute autov\u00f5tmete valmistamine, v\u00f5tmete programmeerimine (\"sidumine\" autoga)  Varem kaotatud v\u00f5tmete kustutamine auto m\u00e4lust  S\u00fc\u00fctev\u00f5tme tootmine vastavalt lukule  Autov\u00f5tmete remont (nuppude, kestade, mehhanismide vahetus)  Autode avamine h\u00e4daolukorras  V\u00f5tmete, v\u00f5tmekastide kaubandus  DPF \/ FAP tarkvara v\u00e4ljal\u00fclitamine  Programmiline EGR eemaldamine  Kasutust\u00f5kise tarkvara deaktiveerimine (immo Off)  Mootori kontrollploki (ECU) remont, kloonimine, programmeerimine  SRS (turvapadja juhtseadme programmeerimine)  kaubad saadetakse 3 t\u00f6\u00f6p\u00e4eva jooksul.* BMW v\u00f5tme programmeerimine alates 60\u20ac Hind sisaldab BMW v\u00f5tit koos programmeerimisega, tera l\u00f5ikamist. &nbsp; BMW 3 seeria E36 1996-1999 EWS1, EWS2 BMW  v\u00f5tme programmeerimine, tera l\u00f5ikamine   BMW 3 seeria E46 1999-2004 EWS 3 BMW  v\u00f5tme programmeerimine, tera l\u00f5ikamine   BMW 3 seeria E46 2005-2007 CAS2 BMW  v\u00f5tme programmeerimine, tera l\u00f5ikamine   BMW 3 seeria E90 2005-2012 CAS3, CAS3 BMW  v\u00f5tme programmeerimine, tera v\u00e4ljal\u00f5ige   BMW 3 seeria F30 2012- BMW  v\u00f5tme programmeerimine, tera l\u00f5ikamine   BMW 5 seeria E39 1996-2004 EWS1, EWS2, EWS3 BMW  v\u00f5tme programmeerimine, tera l\u00f5ikamine   BMW 5 seeria E60, E61 2004-2010 CAS2 BMW  v\u00f5tme programmeerimine, tera v\u00e4ljal\u00f5ige   BMW 5 seeria E60, E61 2004-2010 CAS3, CAS3 BMW  v\u00f5tme programmeerimine, tera v\u00e4ljal\u00f5ige  BMW 5 seeria F10 2010 - BMW  v\u00f5tme programmeerimine, tera l\u00f5ikamine   BMW 6 seeria E63, E64 2004-2010 CAS2 BMW  V\u00f5tmete programmeerimine, terade l\u00f5ikamine   BMW 6 seeria E63, E64 2004-2010 CAS3, CAS3 BMW  v\u00f5tme programmeerimine, tera v\u00e4ljal\u00f5ige   BMW 6 seeria F06, F12 2011- BMW  v\u00f5tme programmeerimine, tera l\u00f5ikamine   BMW 7-seeria E38 1996-2001 EWS BMW  v\u00f5tme programmeerimine, tera l\u00f5ikamine   BMW 7-seeria E65, E66 2002-2008 CAS BMW  v\u00f5tme programmeerimine, tera v\u00e4ljal\u00f5ige   BMW 7-seeria F01, F02 2008-2015 BMW  v\u00f5tme programmeerimine, tera v\u00e4ljal\u00f5ige   BMW 7-seeria G10, G11 2015- BMW 1 seeria E87 2004-2011 CAS3, CAS3 BMW  v\u00f5tme programmeerimine, tera v\u00e4ljal\u00f5ige  BMW 1 seeria F20, F21 2011- BMW  v\u00f5tme programmeerimine, tera l\u00f5ikamine  X1 2009 CAS3, CAS3 BMW  v\u00f5tme programmeerimine, tera l\u00f5ikamine  X3 E83 2003-2010 CAS3, CAS3 BMW, CAS3 BMW  v\u00f5tme programmeerimine, tera l\u00f5ikamine  X3 F25 2010- BMW  v\u00f5tme programmeerimine, tera l\u00f5ikamine  X5 E53 1999-2003 EWS3 BMW  v\u00f5tme programmeerimine, tera l\u00f5ikamine   X5 E70 2006- CAS3, CAS3 BMW BMW  v\u00f5tme programmeerimine, tera v\u00e4ljal\u00f5ige   X6 E71 2008 CAS3, CAS3 BMW  v\u00f5tme programmeerimine, tera l\u00f5ikamine   MINI COOPER 2001-2004 EWS3  v\u00f5tme programmeerimine, tera l\u00f5ikamine   MINI COOPER 2005  v\u00f5tme programmeerimine, tera l\u00f5ikamine   &nbsp; &nbsp; &nbsp;","og_url":"https:\/\/keys-for-auto.eu\/et\/product\/votme-tootmise-programmeerimine-bmw-autodele\/","og_site_name":"Keys for auto","article_publisher":"https:\/\/www.facebook.com\/KeysForAutoEU","twitter_card":"summary_large_image","twitter_misc":{"Est. reading time":"1 minut"},"schema":{"@context":"https:\/\/schema.org","@graph":[{"@type":["WebPage","ItemPage"],"@id":"https:\/\/keys-for-auto.eu\/et\/product\/votme-tootmise-programmeerimine-bmw-autodele\/","url":"https:\/\/keys-for-auto.eu\/et\/product\/votme-tootmise-programmeerimine-bmw-autodele\/","name":"BMW autode v\u00f5tmete tootmine \/ programmeerimine - Keys for auto%","isPartOf":{"@id":"https:\/\/keys-for-auto.eu\/et\/#website"},"primaryImageOfPage":{"@id":"https:\/\/keys-for-auto.eu\/et\/product\/votme-tootmise-programmeerimine-bmw-autodele\/#primaryimage"},"image":{"@id":"https:\/\/keys-for-auto.eu\/et\/product\/votme-tootmise-programmeerimine-bmw-autodele\/#primaryimage"},"thumbnailUrl":"","datePublished":"2017-03-11T19:56:53+00:00","breadcrumb":{"@id":"https:\/\/keys-for-auto.eu\/et\/product\/votme-tootmise-programmeerimine-bmw-autodele\/#breadcrumb"},"inLanguage":"et","potentialAction":[{"@type":"ReadAction","target":["https:\/\/keys-for-auto.eu\/et\/product\/votme-tootmise-programmeerimine-bmw-autodele\/"]}]},{"@type":"ImageObject","inLanguage":"et","@id":"https:\/\/keys-for-auto.eu\/et\/product\/votme-tootmise-programmeerimine-bmw-autodele\/#primaryimage","url":"","contentUrl":"","caption":"BMW autode v\u00f5tmete tootmine \/ programmeerimine"},{"@type":"BreadcrumbList","@id":"https:\/\/keys-for-auto.eu\/et\/product\/votme-tootmise-programmeerimine-bmw-autodele\/#breadcrumb","itemListElement":[{"@type":"ListItem","position":1,"name":"Kodu","item":"https:\/\/keys-for-auto.eu\/et\/"},{"@type":"ListItem","position":2,"name":"Shop","item":"https:\/\/keys-for-auto.eu\/"},{"@type":"ListItem","position":3,"name":"BMW autode v\u00f5tmete tootmine \/ programmeerimine"}]},{"@type":"WebSite","@id":"https:\/\/keys-for-auto.eu\/et\/#website","url":"https:\/\/keys-for-auto.eu\/et\/","name":"Keys for auto","description":"Car keys,  key shells, key programming","publisher":{"@id":"https:\/\/keys-for-auto.eu\/et\/#organization"},"potentialAction":[{"@type":"SearchAction","target":{"@type":"EntryPoint","urlTemplate":"https:\/\/keys-for-auto.eu\/et\/?s={search_term_string}"},"query-input":{"@type":"PropertyValueSpecification","valueRequired":true,"valueName":"search_term_string"}}],"inLanguage":"et"},{"@type":"Organization","@id":"https:\/\/keys-for-auto.eu\/et\/#organization","name":"Auto v\u00f5tmed","url":"https:\/\/keys-for-auto.eu\/et\/","logo":{"@type":"ImageObject","inLanguage":"et","@id":"https:\/\/keys-for-auto.eu\/et\/#\/schema\/logo\/image\/","url":"https:\/\/keys-for-auto.eu\/wp-content\/uploads\/2022\/11\/cropped-png1.png","contentUrl":"https:\/\/keys-for-auto.eu\/wp-content\/uploads\/2022\/11\/cropped-png1.png","width":1000,"height":342,"caption":"Auto v\u00f5tmed"},"image":{"@id":"https:\/\/keys-for-auto.eu\/et\/#\/schema\/logo\/image\/"},"sameAs":["https:\/\/www.facebook.com\/KeysForAutoEU"]}]}},"_links":{"self":[{"href":"https:\/\/keys-for-auto.eu\/et\/wp-json\/wp\/v2\/product\/20264","targetHints":{"allow":["GET"]}}],"collection":[{"href":"https:\/\/keys-for-auto.eu\/et\/wp-json\/wp\/v2\/product"}],"about":[{"href":"https:\/\/keys-for-auto.eu\/et\/wp-json\/wp\/v2\/types\/product"}],"replies":[{"embeddable":true,"href":"https:\/\/keys-for-auto.eu\/et\/wp-json\/wp\/v2\/comments?post=20264"}],"wp:featuredmedia":[{"embeddable":true,"href":"https:\/\/keys-for-auto.eu\/et\/wp-json\/wp\/v2\/media\/17652"}],"wp:attachment":[{"href":"https:\/\/keys-for-auto.eu\/et\/wp-json\/wp\/v2\/media?parent=20264"}],"wp:term":[{"taxonomy":"product_brand","embeddable":true,"href":"https:\/\/keys-for-auto.eu\/et\/wp-json\/wp\/v2\/product_brand?post=20264"},{"taxonomy":"product_cat","embeddable":true,"href":"https:\/\/keys-for-auto.eu\/et\/wp-json\/wp\/v2\/product_cat?post=20264"},{"taxonomy":"product_tag","embeddable":true,"href":"https:\/\/keys-for-auto.eu\/et\/wp-json\/wp\/v2\/product_tag?post=20264"}],"curies":[{"name":"wp","href":"https:\/\/api.w.org\/{rel}","templated":true}]}}