{"id":20242,"date":"2016-04-02T20:00:21","date_gmt":"2016-04-02T20:00:21","guid":{"rendered":"https:\/\/keys-for-auto.eu\/product\/kaugjuhtimispuldi-voti-sobib-peugeot-107-206-207-kaks-nuppu\/"},"modified":"2016-04-02T20:00:21","modified_gmt":"2016-04-02T20:00:21","slug":"remote-control-key-suitable-for-peugeot-107-206-207-two-buttons","status":"publish","type":"product","link":"https:\/\/keys-for-auto.eu\/et\/product\/remote-control-key-suitable-for-peugeot-107-206-207-two-buttons\/","title":{"rendered":"Kaugjuhtimispuldi v\u00f5ti &#8211; sobib Peugeot 107 | 206 | 207, kaks nuppu"},"content":{"rendered":"<p>Kaugjuhtimispuldi v\u00f5ti &#8211; sobib Peugeot 107 | 206 | 207, kaks nuppu<\/p>\n","protected":false},"excerpt":{"rendered":"<p><em><strong>Peugeot 107 206 207 autodele, sobiv v\u00f5ti. Kaks nuppu koos kaugjuhtimispuldi mikrokiibiga, transponder (kiip) ja uus element.Tellimisel palun t\u00e4psustage tera soonega v\u00f5i ilma sooneta (vt foto).  <\/strong><\/em><\/p>\n<h3><strong>Autov\u00f5tmete tootmine<\/strong><\/h3>\n<ul>\n<li><strong>Uute autov\u00f5tmete valmistamine, v\u00f5tmete programmeerimine (&#8220;sidumine&#8221; autoga)<\/strong><\/li>\n<li><strong>Varem kaotatud v\u00f5tmete kustutamine auto m\u00e4lust<\/strong><\/li>\n<li><strong>S\u00fc\u00fctev\u00f5tme tootmine vastavalt lukule<\/strong><\/li>\n<li><strong>Autov\u00f5tmete remont (nuppude, kestade, mehhanismide vahetus)<\/strong><\/li>\n<li><strong>Autode avamine h\u00e4daolukorras<\/strong><\/li>\n<li><strong>V\u00f5tmete, v\u00f5tmekastide kaubandus<\/strong><\/li>\n<li><strong>DPF \/ FAP tarkvara v\u00e4ljal\u00fclitamine<\/strong><\/li>\n<li><strong>Programmiline EGR eemaldamine<\/strong><\/li>\n<li><strong>Kasutust\u00f5kise tarkvara deaktiveerimine (immo Off)<\/strong><\/li>\n<li><strong>Mootori kontrollploki (ECU) remont, kloonimine, programmeerimine<\/strong><\/li>\n<li><strong>SRS (turvapadja juhtseadme programmeerimine)<\/strong><\/li>\n<\/ul>\n<h4><strong>  kaubad saadetakse 3 t\u00f6\u00f6p\u00e4eva jooksul.*<\/strong><\/h4>\n<p>&nbsp;<\/p>\n<p>&nbsp;<\/p>\n<p>&nbsp;<\/p>\n","protected":false},"featured_media":19167,"comment_status":"open","ping_status":"closed","template":"","meta":[],"product_brand":[],"product_cat":[3527,3642],"product_tag":[3932,3942,3943,3920],"class_list":{"0":"post-20242","1":"product","2":"type-product","3":"status-publish","4":"has-post-thumbnail","6":"product_cat-kaugjuhtimispuldi-votmed","7":"product_cat-peugeot-et","8":"product_tag-peugeot-107-voti","9":"product_tag-peugeot-206-voti","10":"product_tag-peugeot-207-voti","11":"product_tag-peugeot-voti","13":"first","14":"instock","15":"shipping-taxable","16":"purchasable","17":"product-type-simple"},"yoast_head":"<!-- This site is optimized with the Yoast SEO plugin v27.3 - https:\/\/yoast.com\/product\/yoast-seo-wordpress\/ -->\n<title>Kaugjuhtimispuldi v\u00f5ti - sobib Peugeot 107 | 206 | 207, kaks nuppu - Keys for auto%<\/title>\n<meta name=\"robots\" content=\"index, follow, max-snippet:-1, max-image-preview:large, max-video-preview:-1\" \/>\n<link rel=\"canonical\" href=\"https:\/\/keys-for-auto.eu\/et\/product\/remote-control-key-suitable-for-peugeot-107-206-207-two-buttons\/\" \/>\n<meta property=\"og:locale\" content=\"et_EE\" \/>\n<meta property=\"og:type\" content=\"article\" \/>\n<meta property=\"og:title\" content=\"Kaugjuhtimispuldi v\u00f5ti - sobib Peugeot 107 | 206 | 207, kaks nuppu - Keys for auto%\" \/>\n<meta property=\"og:description\" content=\"Peugeot 107 206 207 autodele, sobiv v\u00f5ti. Kaks nuppu koos kaugjuhtimispuldi mikrokiibiga, transponder (kiip) ja uus element.Tellimisel palun t\u00e4psustage tera soonega v\u00f5i ilma sooneta (vt foto).  Autov\u00f5tmete tootmine  Uute autov\u00f5tmete valmistamine, v\u00f5tmete programmeerimine (&quot;sidumine&quot; autoga)  Varem kaotatud v\u00f5tmete kustutamine auto m\u00e4lust  S\u00fc\u00fctev\u00f5tme tootmine vastavalt lukule  Autov\u00f5tmete remont (nuppude, kestade, mehhanismide vahetus)  Autode avamine h\u00e4daolukorras  V\u00f5tmete, v\u00f5tmekastide kaubandus  DPF \/ FAP tarkvara v\u00e4ljal\u00fclitamine  Programmiline EGR eemaldamine  Kasutust\u00f5kise tarkvara deaktiveerimine (immo Off)  Mootori kontrollploki (ECU) remont, kloonimine, programmeerimine  SRS (turvapadja juhtseadme programmeerimine)  kaubad saadetakse 3 t\u00f6\u00f6p\u00e4eva jooksul.* &nbsp; &nbsp; &nbsp;\" \/>\n<meta property=\"og:url\" content=\"https:\/\/keys-for-auto.eu\/et\/product\/remote-control-key-suitable-for-peugeot-107-206-207-two-buttons\/\" \/>\n<meta property=\"og:site_name\" content=\"Keys for auto\" \/>\n<meta property=\"article:publisher\" content=\"https:\/\/www.facebook.com\/KeysForAutoEU\" \/>\n<meta name=\"twitter:card\" content=\"summary_large_image\" \/>\n<script type=\"application\/ld+json\" class=\"yoast-schema-graph\">{\"@context\":\"https:\\\/\\\/schema.org\",\"@graph\":[{\"@type\":[\"WebPage\",\"ItemPage\"],\"@id\":\"https:\\\/\\\/keys-for-auto.eu\\\/et\\\/product\\\/remote-control-key-suitable-for-peugeot-107-206-207-two-buttons\\\/\",\"url\":\"https:\\\/\\\/keys-for-auto.eu\\\/et\\\/product\\\/remote-control-key-suitable-for-peugeot-107-206-207-two-buttons\\\/\",\"name\":\"Kaugjuhtimispuldi v\u00f5ti - sobib Peugeot 107 | 206 | 207, kaks nuppu - Keys for auto%\",\"isPartOf\":{\"@id\":\"https:\\\/\\\/keys-for-auto.eu\\\/et\\\/#website\"},\"primaryImageOfPage\":{\"@id\":\"https:\\\/\\\/keys-for-auto.eu\\\/et\\\/product\\\/remote-control-key-suitable-for-peugeot-107-206-207-two-buttons\\\/#primaryimage\"},\"image\":{\"@id\":\"https:\\\/\\\/keys-for-auto.eu\\\/et\\\/product\\\/remote-control-key-suitable-for-peugeot-107-206-207-two-buttons\\\/#primaryimage\"},\"thumbnailUrl\":\"\",\"datePublished\":\"2016-04-02T20:00:21+00:00\",\"breadcrumb\":{\"@id\":\"https:\\\/\\\/keys-for-auto.eu\\\/et\\\/product\\\/remote-control-key-suitable-for-peugeot-107-206-207-two-buttons\\\/#breadcrumb\"},\"inLanguage\":\"et\",\"potentialAction\":[{\"@type\":\"ReadAction\",\"target\":[\"https:\\\/\\\/keys-for-auto.eu\\\/et\\\/product\\\/remote-control-key-suitable-for-peugeot-107-206-207-two-buttons\\\/\"]}]},{\"@type\":\"ImageObject\",\"inLanguage\":\"et\",\"@id\":\"https:\\\/\\\/keys-for-auto.eu\\\/et\\\/product\\\/remote-control-key-suitable-for-peugeot-107-206-207-two-buttons\\\/#primaryimage\",\"url\":\"\",\"contentUrl\":\"\",\"caption\":\"Kaugjuhtimispuldi v\u00f5ti - sobib Peugeot 107 | 206 | 207, kaks nuppu\"},{\"@type\":\"BreadcrumbList\",\"@id\":\"https:\\\/\\\/keys-for-auto.eu\\\/et\\\/product\\\/remote-control-key-suitable-for-peugeot-107-206-207-two-buttons\\\/#breadcrumb\",\"itemListElement\":[{\"@type\":\"ListItem\",\"position\":1,\"name\":\"Kodu\",\"item\":\"https:\\\/\\\/keys-for-auto.eu\\\/et\\\/\"},{\"@type\":\"ListItem\",\"position\":2,\"name\":\"Shop\",\"item\":\"https:\\\/\\\/keys-for-auto.eu\\\/\"},{\"@type\":\"ListItem\",\"position\":3,\"name\":\"Kaugjuhtimispuldi v\u00f5ti &#8211; sobib Peugeot 107 | 206 | 207, kaks nuppu\"}]},{\"@type\":\"WebSite\",\"@id\":\"https:\\\/\\\/keys-for-auto.eu\\\/et\\\/#website\",\"url\":\"https:\\\/\\\/keys-for-auto.eu\\\/et\\\/\",\"name\":\"Keys for auto\",\"description\":\"Car keys,  key shells, key programming\",\"publisher\":{\"@id\":\"https:\\\/\\\/keys-for-auto.eu\\\/et\\\/#organization\"},\"potentialAction\":[{\"@type\":\"SearchAction\",\"target\":{\"@type\":\"EntryPoint\",\"urlTemplate\":\"https:\\\/\\\/keys-for-auto.eu\\\/et\\\/?s={search_term_string}\"},\"query-input\":{\"@type\":\"PropertyValueSpecification\",\"valueRequired\":true,\"valueName\":\"search_term_string\"}}],\"inLanguage\":\"et\"},{\"@type\":\"Organization\",\"@id\":\"https:\\\/\\\/keys-for-auto.eu\\\/et\\\/#organization\",\"name\":\"Auto v\u00f5tmed\",\"url\":\"https:\\\/\\\/keys-for-auto.eu\\\/et\\\/\",\"logo\":{\"@type\":\"ImageObject\",\"inLanguage\":\"et\",\"@id\":\"https:\\\/\\\/keys-for-auto.eu\\\/et\\\/#\\\/schema\\\/logo\\\/image\\\/\",\"url\":\"https:\\\/\\\/keys-for-auto.eu\\\/wp-content\\\/uploads\\\/2022\\\/11\\\/cropped-png1.png\",\"contentUrl\":\"https:\\\/\\\/keys-for-auto.eu\\\/wp-content\\\/uploads\\\/2022\\\/11\\\/cropped-png1.png\",\"width\":1000,\"height\":342,\"caption\":\"Auto v\u00f5tmed\"},\"image\":{\"@id\":\"https:\\\/\\\/keys-for-auto.eu\\\/et\\\/#\\\/schema\\\/logo\\\/image\\\/\"},\"sameAs\":[\"https:\\\/\\\/www.facebook.com\\\/KeysForAutoEU\"]}]}<\/script>\n<!-- \/ Yoast SEO plugin. -->","yoast_head_json":{"title":"Kaugjuhtimispuldi v\u00f5ti - sobib Peugeot 107 | 206 | 207, kaks nuppu - Keys for auto%","robots":{"index":"index","follow":"follow","max-snippet":"max-snippet:-1","max-image-preview":"max-image-preview:large","max-video-preview":"max-video-preview:-1"},"canonical":"https:\/\/keys-for-auto.eu\/et\/product\/remote-control-key-suitable-for-peugeot-107-206-207-two-buttons\/","og_locale":"et_EE","og_type":"article","og_title":"Kaugjuhtimispuldi v\u00f5ti - sobib Peugeot 107 | 206 | 207, kaks nuppu - Keys for auto%","og_description":"Peugeot 107 206 207 autodele, sobiv v\u00f5ti. Kaks nuppu koos kaugjuhtimispuldi mikrokiibiga, transponder (kiip) ja uus element.Tellimisel palun t\u00e4psustage tera soonega v\u00f5i ilma sooneta (vt foto).  Autov\u00f5tmete tootmine  Uute autov\u00f5tmete valmistamine, v\u00f5tmete programmeerimine (\"sidumine\" autoga)  Varem kaotatud v\u00f5tmete kustutamine auto m\u00e4lust  S\u00fc\u00fctev\u00f5tme tootmine vastavalt lukule  Autov\u00f5tmete remont (nuppude, kestade, mehhanismide vahetus)  Autode avamine h\u00e4daolukorras  V\u00f5tmete, v\u00f5tmekastide kaubandus  DPF \/ FAP tarkvara v\u00e4ljal\u00fclitamine  Programmiline EGR eemaldamine  Kasutust\u00f5kise tarkvara deaktiveerimine (immo Off)  Mootori kontrollploki (ECU) remont, kloonimine, programmeerimine  SRS (turvapadja juhtseadme programmeerimine)  kaubad saadetakse 3 t\u00f6\u00f6p\u00e4eva jooksul.* &nbsp; &nbsp; &nbsp;","og_url":"https:\/\/keys-for-auto.eu\/et\/product\/remote-control-key-suitable-for-peugeot-107-206-207-two-buttons\/","og_site_name":"Keys for auto","article_publisher":"https:\/\/www.facebook.com\/KeysForAutoEU","twitter_card":"summary_large_image","schema":{"@context":"https:\/\/schema.org","@graph":[{"@type":["WebPage","ItemPage"],"@id":"https:\/\/keys-for-auto.eu\/et\/product\/remote-control-key-suitable-for-peugeot-107-206-207-two-buttons\/","url":"https:\/\/keys-for-auto.eu\/et\/product\/remote-control-key-suitable-for-peugeot-107-206-207-two-buttons\/","name":"Kaugjuhtimispuldi v\u00f5ti - sobib Peugeot 107 | 206 | 207, kaks nuppu - Keys for auto%","isPartOf":{"@id":"https:\/\/keys-for-auto.eu\/et\/#website"},"primaryImageOfPage":{"@id":"https:\/\/keys-for-auto.eu\/et\/product\/remote-control-key-suitable-for-peugeot-107-206-207-two-buttons\/#primaryimage"},"image":{"@id":"https:\/\/keys-for-auto.eu\/et\/product\/remote-control-key-suitable-for-peugeot-107-206-207-two-buttons\/#primaryimage"},"thumbnailUrl":"","datePublished":"2016-04-02T20:00:21+00:00","breadcrumb":{"@id":"https:\/\/keys-for-auto.eu\/et\/product\/remote-control-key-suitable-for-peugeot-107-206-207-two-buttons\/#breadcrumb"},"inLanguage":"et","potentialAction":[{"@type":"ReadAction","target":["https:\/\/keys-for-auto.eu\/et\/product\/remote-control-key-suitable-for-peugeot-107-206-207-two-buttons\/"]}]},{"@type":"ImageObject","inLanguage":"et","@id":"https:\/\/keys-for-auto.eu\/et\/product\/remote-control-key-suitable-for-peugeot-107-206-207-two-buttons\/#primaryimage","url":"","contentUrl":"","caption":"Kaugjuhtimispuldi v\u00f5ti - sobib Peugeot 107 | 206 | 207, kaks nuppu"},{"@type":"BreadcrumbList","@id":"https:\/\/keys-for-auto.eu\/et\/product\/remote-control-key-suitable-for-peugeot-107-206-207-two-buttons\/#breadcrumb","itemListElement":[{"@type":"ListItem","position":1,"name":"Kodu","item":"https:\/\/keys-for-auto.eu\/et\/"},{"@type":"ListItem","position":2,"name":"Shop","item":"https:\/\/keys-for-auto.eu\/"},{"@type":"ListItem","position":3,"name":"Kaugjuhtimispuldi v\u00f5ti &#8211; sobib Peugeot 107 | 206 | 207, kaks nuppu"}]},{"@type":"WebSite","@id":"https:\/\/keys-for-auto.eu\/et\/#website","url":"https:\/\/keys-for-auto.eu\/et\/","name":"Keys for auto","description":"Car keys,  key shells, key programming","publisher":{"@id":"https:\/\/keys-for-auto.eu\/et\/#organization"},"potentialAction":[{"@type":"SearchAction","target":{"@type":"EntryPoint","urlTemplate":"https:\/\/keys-for-auto.eu\/et\/?s={search_term_string}"},"query-input":{"@type":"PropertyValueSpecification","valueRequired":true,"valueName":"search_term_string"}}],"inLanguage":"et"},{"@type":"Organization","@id":"https:\/\/keys-for-auto.eu\/et\/#organization","name":"Auto v\u00f5tmed","url":"https:\/\/keys-for-auto.eu\/et\/","logo":{"@type":"ImageObject","inLanguage":"et","@id":"https:\/\/keys-for-auto.eu\/et\/#\/schema\/logo\/image\/","url":"https:\/\/keys-for-auto.eu\/wp-content\/uploads\/2022\/11\/cropped-png1.png","contentUrl":"https:\/\/keys-for-auto.eu\/wp-content\/uploads\/2022\/11\/cropped-png1.png","width":1000,"height":342,"caption":"Auto v\u00f5tmed"},"image":{"@id":"https:\/\/keys-for-auto.eu\/et\/#\/schema\/logo\/image\/"},"sameAs":["https:\/\/www.facebook.com\/KeysForAutoEU"]}]}},"_links":{"self":[{"href":"https:\/\/keys-for-auto.eu\/et\/wp-json\/wp\/v2\/product\/20242","targetHints":{"allow":["GET"]}}],"collection":[{"href":"https:\/\/keys-for-auto.eu\/et\/wp-json\/wp\/v2\/product"}],"about":[{"href":"https:\/\/keys-for-auto.eu\/et\/wp-json\/wp\/v2\/types\/product"}],"replies":[{"embeddable":true,"href":"https:\/\/keys-for-auto.eu\/et\/wp-json\/wp\/v2\/comments?post=20242"}],"wp:featuredmedia":[{"embeddable":true,"href":"https:\/\/keys-for-auto.eu\/et\/wp-json\/wp\/v2\/media\/19167"}],"wp:attachment":[{"href":"https:\/\/keys-for-auto.eu\/et\/wp-json\/wp\/v2\/media?parent=20242"}],"wp:term":[{"taxonomy":"product_brand","embeddable":true,"href":"https:\/\/keys-for-auto.eu\/et\/wp-json\/wp\/v2\/product_brand?post=20242"},{"taxonomy":"product_cat","embeddable":true,"href":"https:\/\/keys-for-auto.eu\/et\/wp-json\/wp\/v2\/product_cat?post=20242"},{"taxonomy":"product_tag","embeddable":true,"href":"https:\/\/keys-for-auto.eu\/et\/wp-json\/wp\/v2\/product_tag?post=20242"}],"curies":[{"name":"wp","href":"https:\/\/api.w.org\/{rel}","templated":true}]}}