{"id":20232,"date":"2016-04-02T19:16:21","date_gmt":"2016-04-02T19:16:21","guid":{"rendered":"https:\/\/keys-for-auto.eu\/product\/kaugjuhtimispult-sobib-ford-fairmont-falcon-fairlaneile\/"},"modified":"2016-04-02T19:16:21","modified_gmt":"2016-04-02T19:16:21","slug":"remote-control-suitable-for-ford-fairmont-falcon-fairlane","status":"publish","type":"product","link":"https:\/\/keys-for-auto.eu\/et\/product\/remote-control-suitable-for-ford-fairmont-falcon-fairlane\/","title":{"rendered":"Kaugjuhtimispult &#8211; sobib Ford Fairmont | Falcon | Fairlane&#8217;ile"},"content":{"rendered":"<h2><strong>Kaugjuhtimispult &#8211; sobib Ford Fairmont | Falcon | Fairlane&#8217;ile<\/strong><\/h2>\n<p>Tutvustame Fordi kaugjuhtimispulti. See on m\u00f5eldud Fairmont, Falcon, Fairlane mudelitele. Tellimisel t\u00e4psustage palun nuppude arv ja sagedus.<\/p>\n<p>M\u00fc\u00fcme autode kaugjuhtimispuldi v\u00f5tmeid ja v\u00f5tmehoidikuid. Me programmeerime ka v\u00f5tmed. V\u00f5tmete programmeerimine on soovitatav k\u00f5igile autojuhtidele, kes on mures oma auto turvalisuse p\u00e4rast. Autovargused on kasvamas. Seet\u00f5ttu on oluline, et teie s\u00f5iduk oleks varustatud rohkemaga kui ainult alarms\u00fcsteemiga. Samuti on vaja v\u00f5tmeid, mis on autoga seotud, st programmeeritud.<\/p>\n<p>Asjakohaste s\u00fcsteemide paigaldamine v\u00e4listab avatud varguse v\u00f5imaluse. Selline vargus on m\u00e4\u00e4ratletud kui katse varastada auto v\u00f5tmete v\u00f5tmise teel. Programmeerimise k\u00e4igus paigaldatud mehhanismide t\u00f5ttu saab auto lukustust avada ainult selle omanik. Kui v\u00f5tmed on \u00e4ra v\u00f5etud, ei saa v\u00f5imalik varas seda teha. Seep\u00e4rast ongi autov\u00f5tmete programmeerimine nii oluline. Samuti on hea m\u00f5te teha programmeeritud v\u00f5tme duplikaat. Vastasel juhul, kui te kaotate oma v\u00f5tmed, ei p\u00e4\u00e4se te autosse sisse. Te peate tehnikud kohale kutsuma. Duplikaadi olemasolu aitab seda v\u00e4ltida.<\/p>\n<p>Programmeerimisv\u00f5tmed . Meie ettev\u00f5ttes t\u00f6\u00f6tavad ainult kogenud tehnikud. Nad pakuvad k\u00f5iki teenuseid, mida vajate, et teie auto saaks sujuvalt k\u00e4ivituda. V\u00f5tke meiega \u00fchendust ja me aitame teid! Teie Ford v\u00e4\u00e4rib \u00f5iget l\u00e4henemist ohutusele. T\u00f5sta turvalisuse taset, tellides v\u00f5tmete programmeerimise.<\/p>\n<h2>Auto v\u00f5tme programmeerimine<\/h2>\n<p>Autov\u00f5tmete programmeerimine on vastutustundlik ja keeruline protsess. Seep\u00e4rast tasub see t\u00f6\u00f6 usaldada professionaalidele. Meie ettev\u00f5te on t\u00f6\u00f6tanud selles valdkonnas juba aastaid. Me oleme uhked oma kogemuste \u00fcle, kuid me ei l\u00f5peta t\u00e4iustamist. V\u00f5tame pidevalt kasutusele tehnoloogilisi uuendusi ja parandame oma k\u00e4sit\u00f6\u00f6liste kvalifikatsiooni.<\/p>\n<p>\u00d6eldakse, et tuhande sammu pikkune teekond algab esimesest sammust. Teie autoreis algab auto avamise ja k\u00e4ivitamisega. Veenduge, et iga reis kulgeb sujuvalt. V\u00f5tmetootmine on konkurentsiv\u00f5imeline valdkond. Kuid me tunneme end selles kindlalt, t\u00e4nu meie pidevalt kasvavale kliendibaasile. See t\u00f5estab meile, et me liigume \u00f5iges suunas. Autode v\u00f5tmed muutuvad paremaks. Ja me ei j\u00e4\u00e4 seisma. V\u00f5tke meiega n\u00fc\u00fcd \u00fchendust!<\/p>\n","protected":false},"excerpt":{"rendered":"<p><em><strong>Sobib Fordile, &#8211; kaugjuhtimispult, palun t\u00e4psustage tellimisel nuppude arv ja sagedus.  <\/strong><\/em><\/p>\n<h3><strong>Autov\u00f5tmete tootmine<\/strong><\/h3>\n<ul>\n<li><strong>Uute autov\u00f5tmete valmistamine, v\u00f5tmete programmeerimine (&#8220;sidumine&#8221; autoga)<\/strong><\/li>\n<li><strong>Varem kaotatud v\u00f5tmete kustutamine auto m\u00e4lust<\/strong><\/li>\n<li><strong>S\u00fc\u00fctev\u00f5tme tootmine vastavalt lukule<\/strong><\/li>\n<li><strong>Autov\u00f5tmete remont (nuppude, kestade, mehhanismide vahetus)<\/strong><\/li>\n<li><strong>Autode avamine h\u00e4daolukorras<\/strong><\/li>\n<li><strong>V\u00f5tmete, v\u00f5tmekastide kaubandus<\/strong><\/li>\n<li><strong>DPF \/ FAP tarkvara v\u00e4ljal\u00fclitamine<\/strong><\/li>\n<li><strong>Programmiline EGR eemaldamine<\/strong><\/li>\n<li><strong>Kasutust\u00f5kise tarkvara deaktiveerimine (immo Off)<\/strong><\/li>\n<li><strong>Mootori kontrollploki (ECU) remont, kloonimine, programmeerimine<\/strong><\/li>\n<li><strong>SRS (turvapadja juhtseadme programmeerimine)<\/strong><\/li>\n<\/ul>\n<h4><strong>  kaubad saadetakse 3 t\u00f6\u00f6p\u00e4eva jooksul.*<\/strong><\/h4>\n","protected":false},"featured_media":18361,"comment_status":"open","ping_status":"closed","template":"","meta":[],"product_brand":[],"product_cat":[3552,3527],"product_tag":[3908,3909,3910,3822,3826],"class_list":{"0":"post-20232","1":"product","2":"type-product","3":"status-publish","4":"has-post-thumbnail","6":"product_cat-ford-et","7":"product_cat-kaugjuhtimispuldi-votmed","8":"product_tag-ford-fairlane-kaugjuhtimispult","9":"product_tag-ford-fairmont-kaugjuhtimispult","10":"product_tag-ford-falconi-kaugjuhtimispult","11":"product_tag-fordi-kaugjuhtimispult","12":"product_tag-fordi-voti","14":"first","15":"instock","16":"shipping-taxable","17":"purchasable","18":"product-type-simple"},"yoast_head":"<!-- This site is optimized with the Yoast SEO plugin v27.6 - https:\/\/yoast.com\/product\/yoast-seo-wordpress\/ -->\n<title>Kaugjuhtimispult - sobib Ford Fairmont | Falcon | Fairlane&#039;ile - Keys for auto%<\/title>\n<meta name=\"robots\" content=\"index, follow, max-snippet:-1, max-image-preview:large, max-video-preview:-1\" \/>\n<link rel=\"canonical\" href=\"https:\/\/keys-for-auto.eu\/et\/product\/remote-control-suitable-for-ford-fairmont-falcon-fairlane\/\" \/>\n<meta property=\"og:locale\" content=\"et_EE\" \/>\n<meta property=\"og:type\" content=\"article\" \/>\n<meta property=\"og:title\" content=\"Kaugjuhtimispult - sobib Ford Fairmont | Falcon | Fairlane&#039;ile - Keys for auto%\" \/>\n<meta property=\"og:description\" content=\"Sobib Fordile, - kaugjuhtimispult, palun t\u00e4psustage tellimisel nuppude arv ja sagedus.  Autov\u00f5tmete tootmine  Uute autov\u00f5tmete valmistamine, v\u00f5tmete programmeerimine (&quot;sidumine&quot; autoga)  Varem kaotatud v\u00f5tmete kustutamine auto m\u00e4lust  S\u00fc\u00fctev\u00f5tme tootmine vastavalt lukule  Autov\u00f5tmete remont (nuppude, kestade, mehhanismide vahetus)  Autode avamine h\u00e4daolukorras  V\u00f5tmete, v\u00f5tmekastide kaubandus  DPF \/ FAP tarkvara v\u00e4ljal\u00fclitamine  Programmiline EGR eemaldamine  Kasutust\u00f5kise tarkvara deaktiveerimine (immo Off)  Mootori kontrollploki (ECU) remont, kloonimine, programmeerimine  SRS (turvapadja juhtseadme programmeerimine)  kaubad saadetakse 3 t\u00f6\u00f6p\u00e4eva jooksul.*\" \/>\n<meta property=\"og:url\" content=\"https:\/\/keys-for-auto.eu\/et\/product\/remote-control-suitable-for-ford-fairmont-falcon-fairlane\/\" \/>\n<meta property=\"og:site_name\" content=\"Keys for auto\" \/>\n<meta property=\"article:publisher\" content=\"https:\/\/www.facebook.com\/KeysForAutoEU\" \/>\n<meta name=\"twitter:card\" content=\"summary_large_image\" \/>\n<meta name=\"twitter:label1\" content=\"Est. reading time\" \/>\n\t<meta name=\"twitter:data1\" content=\"2 minutit\" \/>\n<script type=\"application\/ld+json\" class=\"yoast-schema-graph\">{\"@context\":\"https:\\\/\\\/schema.org\",\"@graph\":[{\"@type\":[\"WebPage\",\"ItemPage\"],\"@id\":\"https:\\\/\\\/keys-for-auto.eu\\\/et\\\/product\\\/remote-control-suitable-for-ford-fairmont-falcon-fairlane\\\/\",\"url\":\"https:\\\/\\\/keys-for-auto.eu\\\/et\\\/product\\\/remote-control-suitable-for-ford-fairmont-falcon-fairlane\\\/\",\"name\":\"Kaugjuhtimispult - sobib Ford Fairmont | Falcon | Fairlane'ile - Keys for auto%\",\"isPartOf\":{\"@id\":\"https:\\\/\\\/keys-for-auto.eu\\\/et\\\/#website\"},\"primaryImageOfPage\":{\"@id\":\"https:\\\/\\\/keys-for-auto.eu\\\/et\\\/product\\\/remote-control-suitable-for-ford-fairmont-falcon-fairlane\\\/#primaryimage\"},\"image\":{\"@id\":\"https:\\\/\\\/keys-for-auto.eu\\\/et\\\/product\\\/remote-control-suitable-for-ford-fairmont-falcon-fairlane\\\/#primaryimage\"},\"thumbnailUrl\":\"\",\"datePublished\":\"2016-04-02T19:16:21+00:00\",\"breadcrumb\":{\"@id\":\"https:\\\/\\\/keys-for-auto.eu\\\/et\\\/product\\\/remote-control-suitable-for-ford-fairmont-falcon-fairlane\\\/#breadcrumb\"},\"inLanguage\":\"et\",\"potentialAction\":[{\"@type\":\"ReadAction\",\"target\":[\"https:\\\/\\\/keys-for-auto.eu\\\/et\\\/product\\\/remote-control-suitable-for-ford-fairmont-falcon-fairlane\\\/\"]}]},{\"@type\":\"ImageObject\",\"inLanguage\":\"et\",\"@id\":\"https:\\\/\\\/keys-for-auto.eu\\\/et\\\/product\\\/remote-control-suitable-for-ford-fairmont-falcon-fairlane\\\/#primaryimage\",\"url\":\"\",\"contentUrl\":\"\",\"caption\":\"Kaugjuhtimispult - sobib Ford Fairmont | Falcon | Fairlane'ile\"},{\"@type\":\"BreadcrumbList\",\"@id\":\"https:\\\/\\\/keys-for-auto.eu\\\/et\\\/product\\\/remote-control-suitable-for-ford-fairmont-falcon-fairlane\\\/#breadcrumb\",\"itemListElement\":[{\"@type\":\"ListItem\",\"position\":1,\"name\":\"Kodu\",\"item\":\"https:\\\/\\\/keys-for-auto.eu\\\/et\\\/\"},{\"@type\":\"ListItem\",\"position\":2,\"name\":\"Shop\",\"item\":\"https:\\\/\\\/keys-for-auto.eu\\\/\"},{\"@type\":\"ListItem\",\"position\":3,\"name\":\"Kaugjuhtimispult &#8211; sobib Ford Fairmont | Falcon | Fairlane&#8217;ile\"}]},{\"@type\":\"WebSite\",\"@id\":\"https:\\\/\\\/keys-for-auto.eu\\\/et\\\/#website\",\"url\":\"https:\\\/\\\/keys-for-auto.eu\\\/et\\\/\",\"name\":\"Keys for auto\",\"description\":\"Car keys,  key shells, key programming\",\"publisher\":{\"@id\":\"https:\\\/\\\/keys-for-auto.eu\\\/et\\\/#organization\"},\"potentialAction\":[{\"@type\":\"SearchAction\",\"target\":{\"@type\":\"EntryPoint\",\"urlTemplate\":\"https:\\\/\\\/keys-for-auto.eu\\\/et\\\/?s={search_term_string}\"},\"query-input\":{\"@type\":\"PropertyValueSpecification\",\"valueRequired\":true,\"valueName\":\"search_term_string\"}}],\"inLanguage\":\"et\"},{\"@type\":\"Organization\",\"@id\":\"https:\\\/\\\/keys-for-auto.eu\\\/et\\\/#organization\",\"name\":\"Auto v\u00f5tmed\",\"url\":\"https:\\\/\\\/keys-for-auto.eu\\\/et\\\/\",\"logo\":{\"@type\":\"ImageObject\",\"inLanguage\":\"et\",\"@id\":\"https:\\\/\\\/keys-for-auto.eu\\\/et\\\/#\\\/schema\\\/logo\\\/image\\\/\",\"url\":\"https:\\\/\\\/keys-for-auto.eu\\\/wp-content\\\/uploads\\\/2022\\\/11\\\/cropped-png1.png\",\"contentUrl\":\"https:\\\/\\\/keys-for-auto.eu\\\/wp-content\\\/uploads\\\/2022\\\/11\\\/cropped-png1.png\",\"width\":1000,\"height\":342,\"caption\":\"Auto v\u00f5tmed\"},\"image\":{\"@id\":\"https:\\\/\\\/keys-for-auto.eu\\\/et\\\/#\\\/schema\\\/logo\\\/image\\\/\"},\"sameAs\":[\"https:\\\/\\\/www.facebook.com\\\/KeysForAutoEU\"]}]}<\/script>\n<!-- \/ Yoast SEO plugin. -->","yoast_head_json":{"title":"Kaugjuhtimispult - sobib Ford Fairmont | Falcon | Fairlane'ile - Keys for auto%","robots":{"index":"index","follow":"follow","max-snippet":"max-snippet:-1","max-image-preview":"max-image-preview:large","max-video-preview":"max-video-preview:-1"},"canonical":"https:\/\/keys-for-auto.eu\/et\/product\/remote-control-suitable-for-ford-fairmont-falcon-fairlane\/","og_locale":"et_EE","og_type":"article","og_title":"Kaugjuhtimispult - sobib Ford Fairmont | Falcon | Fairlane'ile - Keys for auto%","og_description":"Sobib Fordile, - kaugjuhtimispult, palun t\u00e4psustage tellimisel nuppude arv ja sagedus.  Autov\u00f5tmete tootmine  Uute autov\u00f5tmete valmistamine, v\u00f5tmete programmeerimine (\"sidumine\" autoga)  Varem kaotatud v\u00f5tmete kustutamine auto m\u00e4lust  S\u00fc\u00fctev\u00f5tme tootmine vastavalt lukule  Autov\u00f5tmete remont (nuppude, kestade, mehhanismide vahetus)  Autode avamine h\u00e4daolukorras  V\u00f5tmete, v\u00f5tmekastide kaubandus  DPF \/ FAP tarkvara v\u00e4ljal\u00fclitamine  Programmiline EGR eemaldamine  Kasutust\u00f5kise tarkvara deaktiveerimine (immo Off)  Mootori kontrollploki (ECU) remont, kloonimine, programmeerimine  SRS (turvapadja juhtseadme programmeerimine)  kaubad saadetakse 3 t\u00f6\u00f6p\u00e4eva jooksul.*","og_url":"https:\/\/keys-for-auto.eu\/et\/product\/remote-control-suitable-for-ford-fairmont-falcon-fairlane\/","og_site_name":"Keys for auto","article_publisher":"https:\/\/www.facebook.com\/KeysForAutoEU","twitter_card":"summary_large_image","twitter_misc":{"Est. reading time":"2 minutit"},"schema":{"@context":"https:\/\/schema.org","@graph":[{"@type":["WebPage","ItemPage"],"@id":"https:\/\/keys-for-auto.eu\/et\/product\/remote-control-suitable-for-ford-fairmont-falcon-fairlane\/","url":"https:\/\/keys-for-auto.eu\/et\/product\/remote-control-suitable-for-ford-fairmont-falcon-fairlane\/","name":"Kaugjuhtimispult - sobib Ford Fairmont | Falcon | Fairlane'ile - Keys for auto%","isPartOf":{"@id":"https:\/\/keys-for-auto.eu\/et\/#website"},"primaryImageOfPage":{"@id":"https:\/\/keys-for-auto.eu\/et\/product\/remote-control-suitable-for-ford-fairmont-falcon-fairlane\/#primaryimage"},"image":{"@id":"https:\/\/keys-for-auto.eu\/et\/product\/remote-control-suitable-for-ford-fairmont-falcon-fairlane\/#primaryimage"},"thumbnailUrl":"","datePublished":"2016-04-02T19:16:21+00:00","breadcrumb":{"@id":"https:\/\/keys-for-auto.eu\/et\/product\/remote-control-suitable-for-ford-fairmont-falcon-fairlane\/#breadcrumb"},"inLanguage":"et","potentialAction":[{"@type":"ReadAction","target":["https:\/\/keys-for-auto.eu\/et\/product\/remote-control-suitable-for-ford-fairmont-falcon-fairlane\/"]}]},{"@type":"ImageObject","inLanguage":"et","@id":"https:\/\/keys-for-auto.eu\/et\/product\/remote-control-suitable-for-ford-fairmont-falcon-fairlane\/#primaryimage","url":"","contentUrl":"","caption":"Kaugjuhtimispult - sobib Ford Fairmont | Falcon | Fairlane'ile"},{"@type":"BreadcrumbList","@id":"https:\/\/keys-for-auto.eu\/et\/product\/remote-control-suitable-for-ford-fairmont-falcon-fairlane\/#breadcrumb","itemListElement":[{"@type":"ListItem","position":1,"name":"Kodu","item":"https:\/\/keys-for-auto.eu\/et\/"},{"@type":"ListItem","position":2,"name":"Shop","item":"https:\/\/keys-for-auto.eu\/"},{"@type":"ListItem","position":3,"name":"Kaugjuhtimispult &#8211; sobib Ford Fairmont | Falcon | Fairlane&#8217;ile"}]},{"@type":"WebSite","@id":"https:\/\/keys-for-auto.eu\/et\/#website","url":"https:\/\/keys-for-auto.eu\/et\/","name":"Keys for auto","description":"Car keys,  key shells, key programming","publisher":{"@id":"https:\/\/keys-for-auto.eu\/et\/#organization"},"potentialAction":[{"@type":"SearchAction","target":{"@type":"EntryPoint","urlTemplate":"https:\/\/keys-for-auto.eu\/et\/?s={search_term_string}"},"query-input":{"@type":"PropertyValueSpecification","valueRequired":true,"valueName":"search_term_string"}}],"inLanguage":"et"},{"@type":"Organization","@id":"https:\/\/keys-for-auto.eu\/et\/#organization","name":"Auto v\u00f5tmed","url":"https:\/\/keys-for-auto.eu\/et\/","logo":{"@type":"ImageObject","inLanguage":"et","@id":"https:\/\/keys-for-auto.eu\/et\/#\/schema\/logo\/image\/","url":"https:\/\/keys-for-auto.eu\/wp-content\/uploads\/2022\/11\/cropped-png1.png","contentUrl":"https:\/\/keys-for-auto.eu\/wp-content\/uploads\/2022\/11\/cropped-png1.png","width":1000,"height":342,"caption":"Auto v\u00f5tmed"},"image":{"@id":"https:\/\/keys-for-auto.eu\/et\/#\/schema\/logo\/image\/"},"sameAs":["https:\/\/www.facebook.com\/KeysForAutoEU"]}]}},"_links":{"self":[{"href":"https:\/\/keys-for-auto.eu\/et\/wp-json\/wp\/v2\/product\/20232","targetHints":{"allow":["GET"]}}],"collection":[{"href":"https:\/\/keys-for-auto.eu\/et\/wp-json\/wp\/v2\/product"}],"about":[{"href":"https:\/\/keys-for-auto.eu\/et\/wp-json\/wp\/v2\/types\/product"}],"replies":[{"embeddable":true,"href":"https:\/\/keys-for-auto.eu\/et\/wp-json\/wp\/v2\/comments?post=20232"}],"wp:featuredmedia":[{"embeddable":true,"href":"https:\/\/keys-for-auto.eu\/et\/wp-json\/wp\/v2\/media\/18361"}],"wp:attachment":[{"href":"https:\/\/keys-for-auto.eu\/et\/wp-json\/wp\/v2\/media?parent=20232"}],"wp:term":[{"taxonomy":"product_brand","embeddable":true,"href":"https:\/\/keys-for-auto.eu\/et\/wp-json\/wp\/v2\/product_brand?post=20232"},{"taxonomy":"product_cat","embeddable":true,"href":"https:\/\/keys-for-auto.eu\/et\/wp-json\/wp\/v2\/product_cat?post=20232"},{"taxonomy":"product_tag","embeddable":true,"href":"https:\/\/keys-for-auto.eu\/et\/wp-json\/wp\/v2\/product_tag?post=20232"}],"curies":[{"name":"wp","href":"https:\/\/api.w.org\/{rel}","templated":true}]}}